{"id":4113,"date":"2023-02-17T11:50:53","date_gmt":"2023-02-17T09:50:53","guid":{"rendered":"https:\/\/bio4you.eu\/retseptid\/?post_type=product&#038;p=4113"},"modified":"2023-02-17T12:05:50","modified_gmt":"2023-02-17T10:05:50","slug":"kapsarullid-tofuga","status":"publish","type":"product","link":"https:\/\/bio4you.eu\/retseptid\/toode\/kapsarullid-tofuga\/","title":{"rendered":"Kapsarullid tofuga"},"content":{"rendered":"<p>Valmistamine:<\/p>\n<ol>\n<li>Eemalda kapsalehtedelt k\u00f5ige k\u00f5vem osa, p\u00fc\u00fca 8 neist tervena hoida. Auruta v\u00e4hese soolaga umbes 5 minutit, kuni lehed on pehmed, kuid mitte liiga.<\/li>\n<li>\u00a0Pane kartul keema ning keeda kuni see on pehme. Pese ja puhasta sibul, porgand ja seller, l\u00f5ika k\u00f5ik k\u00f6\u00f6giviljad peeneks, ka \u00fclej\u00e4\u00e4nud kapsalehed.<\/li>\n<li>\u00a0Prae porru pannil paari supilusikat\u00e4ie \u00f5liga, seej\u00e4rel lisa \u00fclej\u00e4\u00e4nud k\u00f6\u00f6giviljad. Lisa ka pisut soola ja k\u00fcpseta umbes 15 minutit.<\/li>\n<li>\u00a0Koori ja p\u00fcreesta kartul, lisa purustatud tofu ja keedetud k\u00f6\u00f6giviljad.<\/li>\n<li>\u00a0Rulli kapsalehed lahti, t\u00e4itke need t\u00e4idise seguga. P\u00fc\u00fca kapsalehed rulli keerata, hoides neid koos n\u00f6\u00f6ri v\u00f5i hambahorkidega.<\/li>\n<li>M\u00e4\u00e4ri vorm rasvaga, aseta kapsarullid vormi sisse ja kata need kahe kulbi kuuma vee ja kahe supilusikat\u00e4ie tamariga. K\u00fcpseta 180\u00b0 juures umbes 20 minutit ja serveeri kuumad rullid.<\/li>\n<\/ol>\n","protected":false},"excerpt":{"rendered":"<p>Vaja l\u00e4heb:<\/p>\n<ul>\n<li>12 kapsalehte<\/li>\n<li>140 g pressitud tofut<\/li>\n<li>1 kartul<\/li>\n<li>1 porrulauk<\/li>\n<li>1 porgand<\/li>\n<li>1 seller<\/li>\n<li><a href=\"https:\/\/bio4you.eu\/et\/olid-kastmed-kreemid\/2245-ekstra-vaeaerisoliivioli-500ml.html?utm_source=bioretsept&amp;utm_medium=retsept&amp;utm_campaign=kapsarullid\" target=\"_blank\" rel=\"noopener\">ekstra v\u00e4\u00e4risoliivi\u00f5li<\/a><\/li>\n<li>maitsestamiseks <a href=\"https:\/\/bio4you.eu\/et\/otsi?controller=search&amp;order=product.position.desc&amp;s=sool&amp;utm_source=bioretsept&amp;utm_medium=retsept&amp;utm_campaign=kapsarullid\" target=\"_blank\" rel=\"noopener\">soola<\/a><\/li>\n<li><a href=\"https:\/\/bio4you.eu\/et\/olid-kastmed-kreemid\/2192-tamari-sojakaste-250ml.html?utm_source=bioretsept&amp;utm_medium=retsept&amp;utm_campaign=kapsarullid\" target=\"_blank\" rel=\"noopener\">tamari kastet<\/a> maitse j\u00e4rgi<\/li>\n<\/ul>\n","protected":false},"featured_media":4114,"comment_status":"open","ping_status":"closed","template":"","meta":{"_exactmetrics_skip_tracking":false,"_exactmetrics_sitenote_active":false,"_exactmetrics_sitenote_note":"","_exactmetrics_sitenote_category":0},"product_cat":[59,60,382,63,383],"product_tag":[],"class_list":{"0":"post-4113","1":"product","2":"type-product","3":"status-publish","4":"has-post-thumbnail","6":"product_cat-featured","7":"product_cat-toiduretseptid","8":"product_cat-vegan-toiduretseptid","9":"product_cat-gluteenivabad-retseptid","10":"product_cat-taimetoit","12":"first","13":"instock","14":"shipping-taxable","15":"product-type-simple"},"yoast_head":"<!-- This site is optimized with the Yoast SEO plugin v23.3 - https:\/\/yoast.com\/wordpress\/plugins\/seo\/ -->\n<title>Kapsarullid tofuga - bio4you.eu\/retseptid<\/title>\n<meta name=\"description\" content=\"V\u00e4rsked kapsarullid kr\u00f5beda k\u00f6\u00f6givilja- ja tofusisuga, mis meeldib v\u00e4ga ka lastele! V\u00f5imalusel kasuta mahek\u00f6\u00f6givilju.\" \/>\n<meta name=\"robots\" content=\"index, follow, max-snippet:-1, max-image-preview:large, max-video-preview:-1\" \/>\n<link rel=\"canonical\" href=\"https:\/\/bio4you.eu\/retseptid\/toode\/kapsarullid-tofuga\/\" \/>\n<meta property=\"og:locale\" content=\"et_EE\" \/>\n<meta property=\"og:type\" content=\"article\" \/>\n<meta property=\"og:title\" content=\"Kapsarullid tofuga - bio4you.eu\/retseptid\" \/>\n<meta property=\"og:description\" content=\"V\u00e4rsked kapsarullid kr\u00f5beda k\u00f6\u00f6givilja- ja tofusisuga, mis meeldib v\u00e4ga ka lastele! V\u00f5imalusel kasuta mahek\u00f6\u00f6givilju.\" \/>\n<meta property=\"og:url\" content=\"https:\/\/bio4you.eu\/retseptid\/toode\/kapsarullid-tofuga\/\" \/>\n<meta property=\"og:site_name\" content=\"bio4you.eu\/retseptid\" \/>\n<meta property=\"article:modified_time\" content=\"2023-02-17T10:05:50+00:00\" \/>\n<meta property=\"og:image\" content=\"https:\/\/bio4you.eu\/retseptid\/wp-content\/uploads\/2023\/02\/ricetta_involtino_di_verza_e_tofu.jpeg\" \/>\n\t<meta property=\"og:image:width\" content=\"1200\" \/>\n\t<meta property=\"og:image:height\" content=\"630\" \/>\n\t<meta property=\"og:image:type\" content=\"image\/jpeg\" \/>\n<meta name=\"twitter:label1\" content=\"Est. reading time\" \/>\n\t<meta name=\"twitter:data1\" content=\"1 minut\" \/>\n<script type=\"application\/ld+json\" class=\"yoast-schema-graph\">{\"@context\":\"https:\/\/schema.org\",\"@graph\":[{\"@type\":\"WebPage\",\"@id\":\"https:\/\/bio4you.eu\/retseptid\/toode\/kapsarullid-tofuga\/\",\"url\":\"https:\/\/bio4you.eu\/retseptid\/toode\/kapsarullid-tofuga\/\",\"name\":\"Kapsarullid tofuga - bio4you.eu\/retseptid\",\"isPartOf\":{\"@id\":\"https:\/\/bio4you.eu\/retseptid\/#website\"},\"primaryImageOfPage\":{\"@id\":\"https:\/\/bio4you.eu\/retseptid\/toode\/kapsarullid-tofuga\/#primaryimage\"},\"image\":{\"@id\":\"https:\/\/bio4you.eu\/retseptid\/toode\/kapsarullid-tofuga\/#primaryimage\"},\"thumbnailUrl\":\"https:\/\/bio4you.eu\/retseptid\/wp-content\/uploads\/2023\/02\/ricetta_involtino_di_verza_e_tofu.jpeg\",\"datePublished\":\"2023-02-17T09:50:53+00:00\",\"dateModified\":\"2023-02-17T10:05:50+00:00\",\"description\":\"V\u00e4rsked kapsarullid kr\u00f5beda k\u00f6\u00f6givilja- ja tofusisuga, mis meeldib v\u00e4ga ka lastele! V\u00f5imalusel kasuta mahek\u00f6\u00f6givilju.\",\"breadcrumb\":{\"@id\":\"https:\/\/bio4you.eu\/retseptid\/toode\/kapsarullid-tofuga\/#breadcrumb\"},\"inLanguage\":\"et\",\"potentialAction\":[{\"@type\":\"ReadAction\",\"target\":[\"https:\/\/bio4you.eu\/retseptid\/toode\/kapsarullid-tofuga\/\"]}]},{\"@type\":\"ImageObject\",\"inLanguage\":\"et\",\"@id\":\"https:\/\/bio4you.eu\/retseptid\/toode\/kapsarullid-tofuga\/#primaryimage\",\"url\":\"https:\/\/bio4you.eu\/retseptid\/wp-content\/uploads\/2023\/02\/ricetta_involtino_di_verza_e_tofu.jpeg\",\"contentUrl\":\"https:\/\/bio4you.eu\/retseptid\/wp-content\/uploads\/2023\/02\/ricetta_involtino_di_verza_e_tofu.jpeg\",\"width\":1200,\"height\":630},{\"@type\":\"BreadcrumbList\",\"@id\":\"https:\/\/bio4you.eu\/retseptid\/toode\/kapsarullid-tofuga\/#breadcrumb\",\"itemListElement\":[{\"@type\":\"ListItem\",\"position\":1,\"name\":\"Home\",\"item\":\"https:\/\/bio4you.eu\/retseptid\/\"},{\"@type\":\"ListItem\",\"position\":2,\"name\":\"Kapsarullid tofuga\"}]},{\"@type\":\"WebSite\",\"@id\":\"https:\/\/bio4you.eu\/retseptid\/#website\",\"url\":\"https:\/\/bio4you.eu\/retseptid\/\",\"name\":\"bio4you.eu\/retseptid\",\"description\":\"\u00d6ko retseptid ise tegemiseks, looduslikest koostisainetest. Maitsev toit, iluhooldus, kodupuhastus ja aiandus.\",\"potentialAction\":[{\"@type\":\"SearchAction\",\"target\":{\"@type\":\"EntryPoint\",\"urlTemplate\":\"https:\/\/bio4you.eu\/retseptid\/?s={search_term_string}\"},\"query-input\":\"required name=search_term_string\"}],\"inLanguage\":\"et\"}]}<\/script>\n<!-- \/ Yoast SEO plugin. -->","yoast_head_json":{"title":"Kapsarullid tofuga - bio4you.eu\/retseptid","description":"V\u00e4rsked kapsarullid kr\u00f5beda k\u00f6\u00f6givilja- ja tofusisuga, mis meeldib v\u00e4ga ka lastele! V\u00f5imalusel kasuta mahek\u00f6\u00f6givilju.","robots":{"index":"index","follow":"follow","max-snippet":"max-snippet:-1","max-image-preview":"max-image-preview:large","max-video-preview":"max-video-preview:-1"},"canonical":"https:\/\/bio4you.eu\/retseptid\/toode\/kapsarullid-tofuga\/","og_locale":"et_EE","og_type":"article","og_title":"Kapsarullid tofuga - bio4you.eu\/retseptid","og_description":"V\u00e4rsked kapsarullid kr\u00f5beda k\u00f6\u00f6givilja- ja tofusisuga, mis meeldib v\u00e4ga ka lastele! V\u00f5imalusel kasuta mahek\u00f6\u00f6givilju.","og_url":"https:\/\/bio4you.eu\/retseptid\/toode\/kapsarullid-tofuga\/","og_site_name":"bio4you.eu\/retseptid","article_modified_time":"2023-02-17T10:05:50+00:00","og_image":[{"width":1200,"height":630,"url":"https:\/\/bio4you.eu\/retseptid\/wp-content\/uploads\/2023\/02\/ricetta_involtino_di_verza_e_tofu.jpeg","type":"image\/jpeg"}],"twitter_misc":{"Est. reading time":"1 minut"},"schema":{"@context":"https:\/\/schema.org","@graph":[{"@type":"WebPage","@id":"https:\/\/bio4you.eu\/retseptid\/toode\/kapsarullid-tofuga\/","url":"https:\/\/bio4you.eu\/retseptid\/toode\/kapsarullid-tofuga\/","name":"Kapsarullid tofuga - bio4you.eu\/retseptid","isPartOf":{"@id":"https:\/\/bio4you.eu\/retseptid\/#website"},"primaryImageOfPage":{"@id":"https:\/\/bio4you.eu\/retseptid\/toode\/kapsarullid-tofuga\/#primaryimage"},"image":{"@id":"https:\/\/bio4you.eu\/retseptid\/toode\/kapsarullid-tofuga\/#primaryimage"},"thumbnailUrl":"https:\/\/bio4you.eu\/retseptid\/wp-content\/uploads\/2023\/02\/ricetta_involtino_di_verza_e_tofu.jpeg","datePublished":"2023-02-17T09:50:53+00:00","dateModified":"2023-02-17T10:05:50+00:00","description":"V\u00e4rsked kapsarullid kr\u00f5beda k\u00f6\u00f6givilja- ja tofusisuga, mis meeldib v\u00e4ga ka lastele! V\u00f5imalusel kasuta mahek\u00f6\u00f6givilju.","breadcrumb":{"@id":"https:\/\/bio4you.eu\/retseptid\/toode\/kapsarullid-tofuga\/#breadcrumb"},"inLanguage":"et","potentialAction":[{"@type":"ReadAction","target":["https:\/\/bio4you.eu\/retseptid\/toode\/kapsarullid-tofuga\/"]}]},{"@type":"ImageObject","inLanguage":"et","@id":"https:\/\/bio4you.eu\/retseptid\/toode\/kapsarullid-tofuga\/#primaryimage","url":"https:\/\/bio4you.eu\/retseptid\/wp-content\/uploads\/2023\/02\/ricetta_involtino_di_verza_e_tofu.jpeg","contentUrl":"https:\/\/bio4you.eu\/retseptid\/wp-content\/uploads\/2023\/02\/ricetta_involtino_di_verza_e_tofu.jpeg","width":1200,"height":630},{"@type":"BreadcrumbList","@id":"https:\/\/bio4you.eu\/retseptid\/toode\/kapsarullid-tofuga\/#breadcrumb","itemListElement":[{"@type":"ListItem","position":1,"name":"Home","item":"https:\/\/bio4you.eu\/retseptid\/"},{"@type":"ListItem","position":2,"name":"Kapsarullid tofuga"}]},{"@type":"WebSite","@id":"https:\/\/bio4you.eu\/retseptid\/#website","url":"https:\/\/bio4you.eu\/retseptid\/","name":"bio4you.eu\/retseptid","description":"\u00d6ko retseptid ise tegemiseks, looduslikest koostisainetest. Maitsev toit, iluhooldus, kodupuhastus ja aiandus.","potentialAction":[{"@type":"SearchAction","target":{"@type":"EntryPoint","urlTemplate":"https:\/\/bio4you.eu\/retseptid\/?s={search_term_string}"},"query-input":"required name=search_term_string"}],"inLanguage":"et"}]}},"_links":{"self":[{"href":"https:\/\/bio4you.eu\/retseptid\/wp-json\/wp\/v2\/product\/4113"}],"collection":[{"href":"https:\/\/bio4you.eu\/retseptid\/wp-json\/wp\/v2\/product"}],"about":[{"href":"https:\/\/bio4you.eu\/retseptid\/wp-json\/wp\/v2\/types\/product"}],"replies":[{"embeddable":true,"href":"https:\/\/bio4you.eu\/retseptid\/wp-json\/wp\/v2\/comments?post=4113"}],"wp:featuredmedia":[{"embeddable":true,"href":"https:\/\/bio4you.eu\/retseptid\/wp-json\/wp\/v2\/media\/4114"}],"wp:attachment":[{"href":"https:\/\/bio4you.eu\/retseptid\/wp-json\/wp\/v2\/media?parent=4113"}],"wp:term":[{"taxonomy":"product_cat","embeddable":true,"href":"https:\/\/bio4you.eu\/retseptid\/wp-json\/wp\/v2\/product_cat?post=4113"},{"taxonomy":"product_tag","embeddable":true,"href":"https:\/\/bio4you.eu\/retseptid\/wp-json\/wp\/v2\/product_tag?post=4113"}],"curies":[{"name":"wp","href":"https:\/\/api.w.org\/{rel}","templated":true}]}}