{"id":4117,"date":"2023-03-02T15:33:23","date_gmt":"2023-03-02T13:33:23","guid":{"rendered":"https:\/\/bio4you.eu\/retseptid\/?post_type=product&#038;p=4117"},"modified":"2023-03-02T15:33:23","modified_gmt":"2023-03-02T13:33:23","slug":"ounapuru-karamelli-tartletid","status":"publish","type":"product","link":"https:\/\/bio4you.eu\/retseptid\/toode\/ounapuru-karamelli-tartletid\/","title":{"rendered":"\u00d5unapuru-karamelli tartletid"},"content":{"rendered":"<p>Valmistamine:<\/p>\n<div class=\"recipe-preparation__item d-flex\">\n<div class=\"recipe-preparation__item-value\"><\/div>\n<\/div>\n<div class=\"recipe-preparation__item d-flex\">\n<div class=\"recipe-preparation__item-value\">\n<div class=\"recipe-preparation__item d-flex\">\n<div class=\"recipe-preparation__item-value\">\n<ol>\n<li><span>Karamelli jaoks pane esmalt pannile suhkur ja vesi ning kuumuta keemiseni. Sega puulusikaga, kuni segu on karamellpruun. Lisa koor, j\u00e4tkates segamist. Lisa segu hulka ka v\u00f5i, kuni segu on \u00fchtlane. Vala karamell puhtasse klaasi ja lase jahtuda.<\/span><\/li>\n<li>Kuumuta ahi 180\u00b0C \u00fclemise\/alumise kuumusega. Valmista muffinite tainas vastavalt pakendi juhistele. Vala 2\/3 taignast tartlettide vormidesse ja suru tugevalt alla ning moodusta ka servad.<\/li>\n<li>Koori \u00f5unad ja eemalda s\u00fcdamik. Seej\u00e4rel l\u00f5ika \u00f5hukesteks viiludeks. Jaota viilud \u00fchtlaselt tartlettidele.<\/li>\n<li>Murenda \u00fclej\u00e4\u00e4nud tainas ja vala \u00f5untele. K\u00fcpseta 20-25 minutit.<\/li>\n<li>Lase koogikestel veidi jahtuda ning seej\u00e4rel vala peale karamell.<\/li>\n<\/ol>\n<\/div>\n<\/div>\n<\/div>\n<\/div>\n","protected":false},"excerpt":{"rendered":"<p>Vaja l\u00e4heb:<\/p>\n<ul>\n<li>1 pakk <a href=\"https:\/\/bio4you.eu\/et\/kuivained\/5715-gluteenivaba-muredate-ounamuffinite-jahusegu-400g.html\" target=\"_blank\" rel=\"noopener\">Bauckhof gv muredate \u00f5unamuffinite jahusegu<\/a><\/li>\n<li>1 muna<\/li>\n<li>175 g pehmet v\u00f5id<\/li>\n<li>50 g<a href=\"https:\/\/bio4you.eu\/et\/155-suhkruasendaja\" target=\"_blank\" rel=\"noopener\"> suhkrut<\/a><\/li>\n<li>15 ml vett<\/li>\n<li>50 ml toidukoort<\/li>\n<li>20 g v\u00f5id<\/li>\n<\/ul>\n","protected":false},"featured_media":4118,"comment_status":"open","ping_status":"closed","template":"","meta":{"_exactmetrics_skip_tracking":false,"_exactmetrics_sitenote_active":false,"_exactmetrics_sitenote_note":"","_exactmetrics_sitenote_category":0},"product_cat":[59,60,63,280,365],"product_tag":[],"class_list":{"0":"post-4117","1":"product","2":"type-product","3":"status-publish","4":"has-post-thumbnail","6":"product_cat-featured","7":"product_cat-toiduretseptid","8":"product_cat-gluteenivabad-retseptid","9":"product_cat-koogid-ja-kupsised","10":"product_cat-laste-lemmikud","12":"first","13":"instock","14":"shipping-taxable","15":"product-type-simple"},"yoast_head":"<!-- This site is optimized with the Yoast SEO plugin v23.3 - https:\/\/yoast.com\/wordpress\/plugins\/seo\/ -->\n<title>\u00d5unapuru-karamelli tartletid - bio4you.eu\/retseptid<\/title>\n<meta name=\"description\" content=\"\u00d5hukeste \u00f5unteviilude ja kodus valmistatud karamelliga tartletid, mis v\u00f5ivad saada just sinu pere lemmikmagustoiduks!\" \/>\n<meta name=\"robots\" content=\"index, follow, max-snippet:-1, max-image-preview:large, max-video-preview:-1\" \/>\n<link rel=\"canonical\" href=\"https:\/\/bio4you.eu\/retseptid\/toode\/ounapuru-karamelli-tartletid\/\" \/>\n<meta property=\"og:locale\" content=\"et_EE\" \/>\n<meta property=\"og:type\" content=\"article\" \/>\n<meta property=\"og:title\" content=\"\u00d5unapuru-karamelli tartletid - bio4you.eu\/retseptid\" \/>\n<meta property=\"og:description\" content=\"\u00d5hukeste \u00f5unteviilude ja kodus valmistatud karamelliga tartletid, mis v\u00f5ivad saada just sinu pere lemmikmagustoiduks!\" \/>\n<meta property=\"og:url\" content=\"https:\/\/bio4you.eu\/retseptid\/toode\/ounapuru-karamelli-tartletid\/\" \/>\n<meta property=\"og:site_name\" content=\"bio4you.eu\/retseptid\" \/>\n<meta property=\"og:image\" content=\"https:\/\/bio4you.eu\/retseptid\/wp-content\/uploads\/2023\/03\/Ounakoogikesed.jpg\" \/>\n\t<meta property=\"og:image:width\" content=\"650\" \/>\n\t<meta property=\"og:image:height\" content=\"450\" \/>\n\t<meta property=\"og:image:type\" content=\"image\/jpeg\" \/>\n<meta name=\"twitter:label1\" content=\"Est. reading time\" \/>\n\t<meta name=\"twitter:data1\" content=\"1 minut\" \/>\n<script type=\"application\/ld+json\" class=\"yoast-schema-graph\">{\"@context\":\"https:\/\/schema.org\",\"@graph\":[{\"@type\":\"WebPage\",\"@id\":\"https:\/\/bio4you.eu\/retseptid\/toode\/ounapuru-karamelli-tartletid\/\",\"url\":\"https:\/\/bio4you.eu\/retseptid\/toode\/ounapuru-karamelli-tartletid\/\",\"name\":\"\u00d5unapuru-karamelli tartletid - bio4you.eu\/retseptid\",\"isPartOf\":{\"@id\":\"https:\/\/bio4you.eu\/retseptid\/#website\"},\"primaryImageOfPage\":{\"@id\":\"https:\/\/bio4you.eu\/retseptid\/toode\/ounapuru-karamelli-tartletid\/#primaryimage\"},\"image\":{\"@id\":\"https:\/\/bio4you.eu\/retseptid\/toode\/ounapuru-karamelli-tartletid\/#primaryimage\"},\"thumbnailUrl\":\"https:\/\/bio4you.eu\/retseptid\/wp-content\/uploads\/2023\/03\/Ounakoogikesed.jpg\",\"datePublished\":\"2023-03-02T13:33:23+00:00\",\"dateModified\":\"2023-03-02T13:33:23+00:00\",\"description\":\"\u00d5hukeste \u00f5unteviilude ja kodus valmistatud karamelliga tartletid, mis v\u00f5ivad saada just sinu pere lemmikmagustoiduks!\",\"breadcrumb\":{\"@id\":\"https:\/\/bio4you.eu\/retseptid\/toode\/ounapuru-karamelli-tartletid\/#breadcrumb\"},\"inLanguage\":\"et\",\"potentialAction\":[{\"@type\":\"ReadAction\",\"target\":[\"https:\/\/bio4you.eu\/retseptid\/toode\/ounapuru-karamelli-tartletid\/\"]}]},{\"@type\":\"ImageObject\",\"inLanguage\":\"et\",\"@id\":\"https:\/\/bio4you.eu\/retseptid\/toode\/ounapuru-karamelli-tartletid\/#primaryimage\",\"url\":\"https:\/\/bio4you.eu\/retseptid\/wp-content\/uploads\/2023\/03\/Ounakoogikesed.jpg\",\"contentUrl\":\"https:\/\/bio4you.eu\/retseptid\/wp-content\/uploads\/2023\/03\/Ounakoogikesed.jpg\",\"width\":650,\"height\":450,\"caption\":\"\u00d5unatartletid t\u00fckeldatud \u00f5unte ja pooliku apelsiniga\"},{\"@type\":\"BreadcrumbList\",\"@id\":\"https:\/\/bio4you.eu\/retseptid\/toode\/ounapuru-karamelli-tartletid\/#breadcrumb\",\"itemListElement\":[{\"@type\":\"ListItem\",\"position\":1,\"name\":\"Home\",\"item\":\"https:\/\/bio4you.eu\/retseptid\/\"},{\"@type\":\"ListItem\",\"position\":2,\"name\":\"\u00d5unapuru-karamelli tartletid\"}]},{\"@type\":\"WebSite\",\"@id\":\"https:\/\/bio4you.eu\/retseptid\/#website\",\"url\":\"https:\/\/bio4you.eu\/retseptid\/\",\"name\":\"bio4you.eu\/retseptid\",\"description\":\"\u00d6ko retseptid ise tegemiseks, looduslikest koostisainetest. Maitsev toit, iluhooldus, kodupuhastus ja aiandus.\",\"potentialAction\":[{\"@type\":\"SearchAction\",\"target\":{\"@type\":\"EntryPoint\",\"urlTemplate\":\"https:\/\/bio4you.eu\/retseptid\/?s={search_term_string}\"},\"query-input\":\"required name=search_term_string\"}],\"inLanguage\":\"et\"}]}<\/script>\n<!-- \/ Yoast SEO plugin. -->","yoast_head_json":{"title":"\u00d5unapuru-karamelli tartletid - bio4you.eu\/retseptid","description":"\u00d5hukeste \u00f5unteviilude ja kodus valmistatud karamelliga tartletid, mis v\u00f5ivad saada just sinu pere lemmikmagustoiduks!","robots":{"index":"index","follow":"follow","max-snippet":"max-snippet:-1","max-image-preview":"max-image-preview:large","max-video-preview":"max-video-preview:-1"},"canonical":"https:\/\/bio4you.eu\/retseptid\/toode\/ounapuru-karamelli-tartletid\/","og_locale":"et_EE","og_type":"article","og_title":"\u00d5unapuru-karamelli tartletid - bio4you.eu\/retseptid","og_description":"\u00d5hukeste \u00f5unteviilude ja kodus valmistatud karamelliga tartletid, mis v\u00f5ivad saada just sinu pere lemmikmagustoiduks!","og_url":"https:\/\/bio4you.eu\/retseptid\/toode\/ounapuru-karamelli-tartletid\/","og_site_name":"bio4you.eu\/retseptid","og_image":[{"width":650,"height":450,"url":"https:\/\/bio4you.eu\/retseptid\/wp-content\/uploads\/2023\/03\/Ounakoogikesed.jpg","type":"image\/jpeg"}],"twitter_misc":{"Est. reading time":"1 minut"},"schema":{"@context":"https:\/\/schema.org","@graph":[{"@type":"WebPage","@id":"https:\/\/bio4you.eu\/retseptid\/toode\/ounapuru-karamelli-tartletid\/","url":"https:\/\/bio4you.eu\/retseptid\/toode\/ounapuru-karamelli-tartletid\/","name":"\u00d5unapuru-karamelli tartletid - bio4you.eu\/retseptid","isPartOf":{"@id":"https:\/\/bio4you.eu\/retseptid\/#website"},"primaryImageOfPage":{"@id":"https:\/\/bio4you.eu\/retseptid\/toode\/ounapuru-karamelli-tartletid\/#primaryimage"},"image":{"@id":"https:\/\/bio4you.eu\/retseptid\/toode\/ounapuru-karamelli-tartletid\/#primaryimage"},"thumbnailUrl":"https:\/\/bio4you.eu\/retseptid\/wp-content\/uploads\/2023\/03\/Ounakoogikesed.jpg","datePublished":"2023-03-02T13:33:23+00:00","dateModified":"2023-03-02T13:33:23+00:00","description":"\u00d5hukeste \u00f5unteviilude ja kodus valmistatud karamelliga tartletid, mis v\u00f5ivad saada just sinu pere lemmikmagustoiduks!","breadcrumb":{"@id":"https:\/\/bio4you.eu\/retseptid\/toode\/ounapuru-karamelli-tartletid\/#breadcrumb"},"inLanguage":"et","potentialAction":[{"@type":"ReadAction","target":["https:\/\/bio4you.eu\/retseptid\/toode\/ounapuru-karamelli-tartletid\/"]}]},{"@type":"ImageObject","inLanguage":"et","@id":"https:\/\/bio4you.eu\/retseptid\/toode\/ounapuru-karamelli-tartletid\/#primaryimage","url":"https:\/\/bio4you.eu\/retseptid\/wp-content\/uploads\/2023\/03\/Ounakoogikesed.jpg","contentUrl":"https:\/\/bio4you.eu\/retseptid\/wp-content\/uploads\/2023\/03\/Ounakoogikesed.jpg","width":650,"height":450,"caption":"\u00d5unatartletid t\u00fckeldatud \u00f5unte ja pooliku apelsiniga"},{"@type":"BreadcrumbList","@id":"https:\/\/bio4you.eu\/retseptid\/toode\/ounapuru-karamelli-tartletid\/#breadcrumb","itemListElement":[{"@type":"ListItem","position":1,"name":"Home","item":"https:\/\/bio4you.eu\/retseptid\/"},{"@type":"ListItem","position":2,"name":"\u00d5unapuru-karamelli tartletid"}]},{"@type":"WebSite","@id":"https:\/\/bio4you.eu\/retseptid\/#website","url":"https:\/\/bio4you.eu\/retseptid\/","name":"bio4you.eu\/retseptid","description":"\u00d6ko retseptid ise tegemiseks, looduslikest koostisainetest. Maitsev toit, iluhooldus, kodupuhastus ja aiandus.","potentialAction":[{"@type":"SearchAction","target":{"@type":"EntryPoint","urlTemplate":"https:\/\/bio4you.eu\/retseptid\/?s={search_term_string}"},"query-input":"required name=search_term_string"}],"inLanguage":"et"}]}},"_links":{"self":[{"href":"https:\/\/bio4you.eu\/retseptid\/wp-json\/wp\/v2\/product\/4117"}],"collection":[{"href":"https:\/\/bio4you.eu\/retseptid\/wp-json\/wp\/v2\/product"}],"about":[{"href":"https:\/\/bio4you.eu\/retseptid\/wp-json\/wp\/v2\/types\/product"}],"replies":[{"embeddable":true,"href":"https:\/\/bio4you.eu\/retseptid\/wp-json\/wp\/v2\/comments?post=4117"}],"wp:featuredmedia":[{"embeddable":true,"href":"https:\/\/bio4you.eu\/retseptid\/wp-json\/wp\/v2\/media\/4118"}],"wp:attachment":[{"href":"https:\/\/bio4you.eu\/retseptid\/wp-json\/wp\/v2\/media?parent=4117"}],"wp:term":[{"taxonomy":"product_cat","embeddable":true,"href":"https:\/\/bio4you.eu\/retseptid\/wp-json\/wp\/v2\/product_cat?post=4117"},{"taxonomy":"product_tag","embeddable":true,"href":"https:\/\/bio4you.eu\/retseptid\/wp-json\/wp\/v2\/product_tag?post=4117"}],"curies":[{"name":"wp","href":"https:\/\/api.w.org\/{rel}","templated":true}]}}