{"id":4135,"date":"2023-05-12T13:42:11","date_gmt":"2023-05-12T10:42:11","guid":{"rendered":"https:\/\/bio4you.eu\/retseptid\/?post_type=product&#038;p=4135"},"modified":"2023-05-12T13:42:11","modified_gmt":"2023-05-12T10:42:11","slug":"peedihummus","status":"publish","type":"product","link":"https:\/\/bio4you.eu\/retseptid\/toode\/peedihummus\/","title":{"rendered":"Peedihummus"},"content":{"rendered":"<p>Valmistamine:<\/p>\n<ol>\n<li>Koori ja t\u00fckelda keedetud peedid.<\/li>\n<li>Koori k\u00fc\u00fcslauguk\u00fc\u00fcned ja haki need peeneks.<\/li>\n<li>Aseta keedetud peedid, kikerherned, k\u00fc\u00fcslauk, sidrunimahl, tahini, oliivi\u00f5li, k\u00f6\u00f6mned, sool ja pipar k\u00f6\u00f6gikombaini v\u00f5i blenderisse.<\/li>\n<li>P\u00fcreesta k\u00f5ik koostisosad \u00fchtlaseks kreemjaks massiks. Vajadusel lisa veidi vett v\u00f5i oliivi\u00f5li, et saavutada soovitud konsistents.<\/li>\n<li>Maitsesta hummus soola ja pipraga ning sega veelkord l\u00e4bi.<\/li>\n<li>Serveeri peedihummus n\u00e4iteks pita leiva, k\u00f6\u00f6giviljade v\u00f5i kr\u00f5bedate leivaviiludega.<\/li>\n<\/ol>\n","protected":false},"excerpt":{"rendered":"<p>Vaja l\u00e4heb:<\/p>\n<ul>\n<li>300 g keedetud peeti<\/li>\n<li>400 g<a href=\"https:\/\/bio4you.eu\/et\/otsi?controller=search&amp;order=product.position.desc&amp;s=kikerherned\" target=\"_blank\" rel=\"noopener\"> keedetud kikerherneid<\/a> (konservitud v\u00f5i leotatud ja keedetud)<\/li>\n<li>2 k\u00fc\u00fcslauguk\u00fc\u00fcnt<\/li>\n<li>3 spl <a href=\"https:\/\/bio4you.eu\/et\/kuelmad-joogid\/1219-sidrunimahl-250ml.html\" target=\"_blank\" rel=\"noopener\">sidrunimahla<\/a><\/li>\n<li>3 spl <a href=\"https:\/\/bio4you.eu\/et\/paehklikreemid-ja-voided\/2077-tahini-seesamipasta-350g.html\" target=\"_blank\" rel=\"noopener\">tahinit<\/a> (seesamipasta)<\/li>\n<li>2 spl <a href=\"https:\/\/bio4you.eu\/et\/olid-kastmed-kreemid\/2245-ekstra-vaeaerisoliivioli-500ml.html\" target=\"_blank\" rel=\"noopener\">oliivi\u00f5li<\/a><\/li>\n<li>1 tl jahvatatud <a href=\"https:\/\/bio4you.eu\/et\/maitseained-ja-magustajad\/5705-koeoemned-20g.html\" target=\"_blank\" rel=\"noopener\">k\u00f6\u00f6mneid<\/a><\/li>\n<li>Soola ja pipart maitse j\u00e4rgi<\/li>\n<\/ul>\n","protected":false},"featured_media":4136,"comment_status":"open","ping_status":"closed","template":"","meta":{"_exactmetrics_skip_tracking":false,"_exactmetrics_sitenote_active":false,"_exactmetrics_sitenote_note":"","_exactmetrics_sitenote_category":0},"product_cat":[59,60,382,63,383,74],"product_tag":[],"class_list":{"0":"post-4135","1":"product","2":"type-product","3":"status-publish","4":"has-post-thumbnail","6":"product_cat-featured","7":"product_cat-toiduretseptid","8":"product_cat-vegan-toiduretseptid","9":"product_cat-gluteenivabad-retseptid","10":"product_cat-taimetoit","11":"product_cat-kastmed-maarded-voided","13":"first","14":"instock","15":"shipping-taxable","16":"product-type-simple"},"yoast_head":"<!-- This site is optimized with the Yoast SEO plugin v23.3 - https:\/\/yoast.com\/wordpress\/plugins\/seo\/ -->\n<title>Peedihummus - bio4you.eu\/retseptid<\/title>\n<meta name=\"description\" content=\"\u00dchendame idamaise hummuse ja kodumaise keedetud peedi, tulemuseks on imemaitsev dipp v\u00f5i m\u00e4\u00e4re leivakeste peale.\" \/>\n<meta name=\"robots\" content=\"index, follow, max-snippet:-1, max-image-preview:large, max-video-preview:-1\" \/>\n<link rel=\"canonical\" href=\"https:\/\/bio4you.eu\/retseptid\/toode\/peedihummus\/\" \/>\n<meta property=\"og:locale\" content=\"et_EE\" \/>\n<meta property=\"og:type\" content=\"article\" \/>\n<meta property=\"og:title\" content=\"Peedihummus - bio4you.eu\/retseptid\" \/>\n<meta property=\"og:description\" content=\"\u00dchendame idamaise hummuse ja kodumaise keedetud peedi, tulemuseks on imemaitsev dipp v\u00f5i m\u00e4\u00e4re leivakeste peale.\" \/>\n<meta property=\"og:url\" content=\"https:\/\/bio4you.eu\/retseptid\/toode\/peedihummus\/\" \/>\n<meta property=\"og:site_name\" content=\"bio4you.eu\/retseptid\" \/>\n<meta property=\"og:image\" content=\"https:\/\/bio4you.eu\/retseptid\/wp-content\/uploads\/2023\/05\/tasty-hummus-chickpeas-high-angle-scaled.jpg\" \/>\n\t<meta property=\"og:image:width\" content=\"1709\" \/>\n\t<meta property=\"og:image:height\" content=\"2560\" \/>\n\t<meta property=\"og:image:type\" content=\"image\/jpeg\" \/>\n<meta name=\"twitter:label1\" content=\"Est. reading time\" \/>\n\t<meta name=\"twitter:data1\" content=\"1 minut\" \/>\n<script type=\"application\/ld+json\" class=\"yoast-schema-graph\">{\"@context\":\"https:\/\/schema.org\",\"@graph\":[{\"@type\":\"WebPage\",\"@id\":\"https:\/\/bio4you.eu\/retseptid\/toode\/peedihummus\/\",\"url\":\"https:\/\/bio4you.eu\/retseptid\/toode\/peedihummus\/\",\"name\":\"Peedihummus - bio4you.eu\/retseptid\",\"isPartOf\":{\"@id\":\"https:\/\/bio4you.eu\/retseptid\/#website\"},\"primaryImageOfPage\":{\"@id\":\"https:\/\/bio4you.eu\/retseptid\/toode\/peedihummus\/#primaryimage\"},\"image\":{\"@id\":\"https:\/\/bio4you.eu\/retseptid\/toode\/peedihummus\/#primaryimage\"},\"thumbnailUrl\":\"https:\/\/bio4you.eu\/retseptid\/wp-content\/uploads\/2023\/05\/tasty-hummus-chickpeas-high-angle-scaled.jpg\",\"datePublished\":\"2023-05-12T10:42:11+00:00\",\"dateModified\":\"2023-05-12T10:42:11+00:00\",\"description\":\"\u00dchendame idamaise hummuse ja kodumaise keedetud peedi, tulemuseks on imemaitsev dipp v\u00f5i m\u00e4\u00e4re leivakeste peale.\",\"breadcrumb\":{\"@id\":\"https:\/\/bio4you.eu\/retseptid\/toode\/peedihummus\/#breadcrumb\"},\"inLanguage\":\"et\",\"potentialAction\":[{\"@type\":\"ReadAction\",\"target\":[\"https:\/\/bio4you.eu\/retseptid\/toode\/peedihummus\/\"]}]},{\"@type\":\"ImageObject\",\"inLanguage\":\"et\",\"@id\":\"https:\/\/bio4you.eu\/retseptid\/toode\/peedihummus\/#primaryimage\",\"url\":\"https:\/\/bio4you.eu\/retseptid\/wp-content\/uploads\/2023\/05\/tasty-hummus-chickpeas-high-angle-scaled.jpg\",\"contentUrl\":\"https:\/\/bio4you.eu\/retseptid\/wp-content\/uploads\/2023\/05\/tasty-hummus-chickpeas-high-angle-scaled.jpg\",\"width\":1709,\"height\":2560},{\"@type\":\"BreadcrumbList\",\"@id\":\"https:\/\/bio4you.eu\/retseptid\/toode\/peedihummus\/#breadcrumb\",\"itemListElement\":[{\"@type\":\"ListItem\",\"position\":1,\"name\":\"Home\",\"item\":\"https:\/\/bio4you.eu\/retseptid\/\"},{\"@type\":\"ListItem\",\"position\":2,\"name\":\"Peedihummus\"}]},{\"@type\":\"WebSite\",\"@id\":\"https:\/\/bio4you.eu\/retseptid\/#website\",\"url\":\"https:\/\/bio4you.eu\/retseptid\/\",\"name\":\"bio4you.eu\/retseptid\",\"description\":\"\u00d6ko retseptid ise tegemiseks, looduslikest koostisainetest. Maitsev toit, iluhooldus, kodupuhastus ja aiandus.\",\"potentialAction\":[{\"@type\":\"SearchAction\",\"target\":{\"@type\":\"EntryPoint\",\"urlTemplate\":\"https:\/\/bio4you.eu\/retseptid\/?s={search_term_string}\"},\"query-input\":\"required name=search_term_string\"}],\"inLanguage\":\"et\"}]}<\/script>\n<!-- \/ Yoast SEO plugin. -->","yoast_head_json":{"title":"Peedihummus - bio4you.eu\/retseptid","description":"\u00dchendame idamaise hummuse ja kodumaise keedetud peedi, tulemuseks on imemaitsev dipp v\u00f5i m\u00e4\u00e4re leivakeste peale.","robots":{"index":"index","follow":"follow","max-snippet":"max-snippet:-1","max-image-preview":"max-image-preview:large","max-video-preview":"max-video-preview:-1"},"canonical":"https:\/\/bio4you.eu\/retseptid\/toode\/peedihummus\/","og_locale":"et_EE","og_type":"article","og_title":"Peedihummus - bio4you.eu\/retseptid","og_description":"\u00dchendame idamaise hummuse ja kodumaise keedetud peedi, tulemuseks on imemaitsev dipp v\u00f5i m\u00e4\u00e4re leivakeste peale.","og_url":"https:\/\/bio4you.eu\/retseptid\/toode\/peedihummus\/","og_site_name":"bio4you.eu\/retseptid","og_image":[{"width":1709,"height":2560,"url":"https:\/\/bio4you.eu\/retseptid\/wp-content\/uploads\/2023\/05\/tasty-hummus-chickpeas-high-angle-scaled.jpg","type":"image\/jpeg"}],"twitter_misc":{"Est. reading time":"1 minut"},"schema":{"@context":"https:\/\/schema.org","@graph":[{"@type":"WebPage","@id":"https:\/\/bio4you.eu\/retseptid\/toode\/peedihummus\/","url":"https:\/\/bio4you.eu\/retseptid\/toode\/peedihummus\/","name":"Peedihummus - bio4you.eu\/retseptid","isPartOf":{"@id":"https:\/\/bio4you.eu\/retseptid\/#website"},"primaryImageOfPage":{"@id":"https:\/\/bio4you.eu\/retseptid\/toode\/peedihummus\/#primaryimage"},"image":{"@id":"https:\/\/bio4you.eu\/retseptid\/toode\/peedihummus\/#primaryimage"},"thumbnailUrl":"https:\/\/bio4you.eu\/retseptid\/wp-content\/uploads\/2023\/05\/tasty-hummus-chickpeas-high-angle-scaled.jpg","datePublished":"2023-05-12T10:42:11+00:00","dateModified":"2023-05-12T10:42:11+00:00","description":"\u00dchendame idamaise hummuse ja kodumaise keedetud peedi, tulemuseks on imemaitsev dipp v\u00f5i m\u00e4\u00e4re leivakeste peale.","breadcrumb":{"@id":"https:\/\/bio4you.eu\/retseptid\/toode\/peedihummus\/#breadcrumb"},"inLanguage":"et","potentialAction":[{"@type":"ReadAction","target":["https:\/\/bio4you.eu\/retseptid\/toode\/peedihummus\/"]}]},{"@type":"ImageObject","inLanguage":"et","@id":"https:\/\/bio4you.eu\/retseptid\/toode\/peedihummus\/#primaryimage","url":"https:\/\/bio4you.eu\/retseptid\/wp-content\/uploads\/2023\/05\/tasty-hummus-chickpeas-high-angle-scaled.jpg","contentUrl":"https:\/\/bio4you.eu\/retseptid\/wp-content\/uploads\/2023\/05\/tasty-hummus-chickpeas-high-angle-scaled.jpg","width":1709,"height":2560},{"@type":"BreadcrumbList","@id":"https:\/\/bio4you.eu\/retseptid\/toode\/peedihummus\/#breadcrumb","itemListElement":[{"@type":"ListItem","position":1,"name":"Home","item":"https:\/\/bio4you.eu\/retseptid\/"},{"@type":"ListItem","position":2,"name":"Peedihummus"}]},{"@type":"WebSite","@id":"https:\/\/bio4you.eu\/retseptid\/#website","url":"https:\/\/bio4you.eu\/retseptid\/","name":"bio4you.eu\/retseptid","description":"\u00d6ko retseptid ise tegemiseks, looduslikest koostisainetest. Maitsev toit, iluhooldus, kodupuhastus ja aiandus.","potentialAction":[{"@type":"SearchAction","target":{"@type":"EntryPoint","urlTemplate":"https:\/\/bio4you.eu\/retseptid\/?s={search_term_string}"},"query-input":"required name=search_term_string"}],"inLanguage":"et"}]}},"_links":{"self":[{"href":"https:\/\/bio4you.eu\/retseptid\/wp-json\/wp\/v2\/product\/4135"}],"collection":[{"href":"https:\/\/bio4you.eu\/retseptid\/wp-json\/wp\/v2\/product"}],"about":[{"href":"https:\/\/bio4you.eu\/retseptid\/wp-json\/wp\/v2\/types\/product"}],"replies":[{"embeddable":true,"href":"https:\/\/bio4you.eu\/retseptid\/wp-json\/wp\/v2\/comments?post=4135"}],"wp:featuredmedia":[{"embeddable":true,"href":"https:\/\/bio4you.eu\/retseptid\/wp-json\/wp\/v2\/media\/4136"}],"wp:attachment":[{"href":"https:\/\/bio4you.eu\/retseptid\/wp-json\/wp\/v2\/media?parent=4135"}],"wp:term":[{"taxonomy":"product_cat","embeddable":true,"href":"https:\/\/bio4you.eu\/retseptid\/wp-json\/wp\/v2\/product_cat?post=4135"},{"taxonomy":"product_tag","embeddable":true,"href":"https:\/\/bio4you.eu\/retseptid\/wp-json\/wp\/v2\/product_tag?post=4135"}],"curies":[{"name":"wp","href":"https:\/\/api.w.org\/{rel}","templated":true}]}}