{"id":4143,"date":"2023-05-19T20:45:13","date_gmt":"2023-05-19T17:45:13","guid":{"rendered":"https:\/\/bio4you.eu\/retseptid\/?post_type=product&#038;p=4143"},"modified":"2023-05-19T20:45:41","modified_gmt":"2023-05-19T17:45:41","slug":"gluteenivaba-vikerkaarepitsa","status":"publish","type":"product","link":"https:\/\/bio4you.eu\/retseptid\/toode\/gluteenivaba-vikerkaarepitsa\/","title":{"rendered":"Gluteenivaba vikerkaarepitsa"},"content":{"rendered":"<p>Valmistamine:<\/p>\n<ol>\n<li>Kuumuta ahi 225\u00b0C kraadini. Valmista tainas vastavalt pakendi juhistele. M\u00e4\u00e4ri k\u00fcpsetuspaber \u00f5liga kokku v\u00f5i kata k\u00fcpsetuspaberiga. Puista tainas t\u00e4rklisega \u00fcle ja rulli see k\u00fcpsetusplaadile lahti.<\/li>\n<li>M\u00e4\u00e4ri tomatipasta tainale. Maitsesta soola, pipra ja oreganoga. L\u00f5ika mozzarella \u00f5hukesteks viiludeks ja aseta tomatipastale.<\/li>\n<li>L\u00f5ika k\u00f6\u00f6giviljad suup\u00e4rasteks t\u00fckkideks v\u00f5i viiludeks. Seej\u00e4rel hakka koostisosi peale panema: \u00f5igepealt tomatid, siis paprika, mais, brokoli ja l\u00f5puks sibul. Nirista k\u00f5ige peale veidi oliivi\u00f5li.<\/li>\n<li>K\u00fcpseta pitsat 25 minutit.<\/li>\n<\/ol>\n","protected":false},"excerpt":{"rendered":"<p>Vaja l\u00e4heb:<\/p>\n<ul>\n<li>1 pakk <a href=\"https:\/\/bio4you.eu\/et\/kuivained\/649-gluteenivaba-pitsapohja-jahusegu-350g.html\" target=\"_blank\" rel=\"noopener\">Bauckhof gluteenivaba pitsap\u00f5hjapulbrit<\/a><\/li>\n<li>250 ml vett<\/li>\n<li>2 spl <a href=\"https:\/\/bio4you.eu\/et\/412-oliivioli\" target=\"_blank\" rel=\"noopener\">\u00f5li<\/a><\/li>\n<li>120 ml <a href=\"https:\/\/bio4you.eu\/et\/otsi?controller=search&amp;order=product.position.desc&amp;s=tomatipasta\" target=\"_blank\" rel=\"noopener\">tomatipastat<\/a><\/li>\n<li>1 tl kuivatatud pune<\/li>\n<li>Soola-pipart<\/li>\n<li>1 pall mozzarellat<\/li>\n<li>5-6 kirsstomatit<\/li>\n<li>3-4 spl maisi<\/li>\n<li>4 keedetud brokoli \u00f5isikut<\/li>\n<li>0,5 punast sibulat<\/li>\n<\/ul>\n","protected":false},"featured_media":4144,"comment_status":"open","ping_status":"closed","template":"","meta":{"_exactmetrics_skip_tracking":false,"_exactmetrics_sitenote_active":false,"_exactmetrics_sitenote_note":"","_exactmetrics_sitenote_category":0},"product_cat":[59,60,63,383],"product_tag":[],"class_list":{"0":"post-4143","1":"product","2":"type-product","3":"status-publish","4":"has-post-thumbnail","6":"product_cat-featured","7":"product_cat-toiduretseptid","8":"product_cat-gluteenivabad-retseptid","9":"product_cat-taimetoit","11":"first","12":"instock","13":"shipping-taxable","14":"product-type-simple"},"yoast_head":"<!-- This site is optimized with the Yoast SEO plugin v23.3 - https:\/\/yoast.com\/wordpress\/plugins\/seo\/ -->\n<title>Gluteenivaba vikerkaarepitsa - bio4you.eu\/retseptid<\/title>\n<meta name=\"description\" content=\"Tervislik ja maitsev pitsa, mille p\u00f5hi on valmistatud 100% sertifitseeritud gluteenivabast pitsap\u00f5hjasegust.\" \/>\n<meta name=\"robots\" content=\"index, follow, max-snippet:-1, max-image-preview:large, max-video-preview:-1\" \/>\n<link rel=\"canonical\" href=\"https:\/\/bio4you.eu\/retseptid\/toode\/gluteenivaba-vikerkaarepitsa\/\" \/>\n<meta property=\"og:locale\" content=\"et_EE\" \/>\n<meta property=\"og:type\" content=\"article\" \/>\n<meta property=\"og:title\" content=\"Gluteenivaba vikerkaarepitsa - bio4you.eu\/retseptid\" \/>\n<meta property=\"og:description\" content=\"Tervislik ja maitsev pitsa, mille p\u00f5hi on valmistatud 100% sertifitseeritud gluteenivabast pitsap\u00f5hjasegust.\" \/>\n<meta property=\"og:url\" content=\"https:\/\/bio4you.eu\/retseptid\/toode\/gluteenivaba-vikerkaarepitsa\/\" \/>\n<meta property=\"og:site_name\" content=\"bio4you.eu\/retseptid\" \/>\n<meta property=\"article:modified_time\" content=\"2023-05-19T17:45:41+00:00\" \/>\n<meta property=\"og:image\" content=\"https:\/\/bio4you.eu\/retseptid\/wp-content\/uploads\/2023\/05\/Regenbogen-Pizza.webp\" \/>\n\t<meta property=\"og:image:width\" content=\"650\" \/>\n\t<meta property=\"og:image:height\" content=\"450\" \/>\n\t<meta property=\"og:image:type\" content=\"image\/webp\" \/>\n<meta name=\"twitter:label1\" content=\"Est. reading time\" \/>\n\t<meta name=\"twitter:data1\" content=\"1 minut\" \/>\n<script type=\"application\/ld+json\" class=\"yoast-schema-graph\">{\"@context\":\"https:\/\/schema.org\",\"@graph\":[{\"@type\":\"WebPage\",\"@id\":\"https:\/\/bio4you.eu\/retseptid\/toode\/gluteenivaba-vikerkaarepitsa\/\",\"url\":\"https:\/\/bio4you.eu\/retseptid\/toode\/gluteenivaba-vikerkaarepitsa\/\",\"name\":\"Gluteenivaba vikerkaarepitsa - bio4you.eu\/retseptid\",\"isPartOf\":{\"@id\":\"https:\/\/bio4you.eu\/retseptid\/#website\"},\"primaryImageOfPage\":{\"@id\":\"https:\/\/bio4you.eu\/retseptid\/toode\/gluteenivaba-vikerkaarepitsa\/#primaryimage\"},\"image\":{\"@id\":\"https:\/\/bio4you.eu\/retseptid\/toode\/gluteenivaba-vikerkaarepitsa\/#primaryimage\"},\"thumbnailUrl\":\"https:\/\/bio4you.eu\/retseptid\/wp-content\/uploads\/2023\/05\/Regenbogen-Pizza.webp\",\"datePublished\":\"2023-05-19T17:45:13+00:00\",\"dateModified\":\"2023-05-19T17:45:41+00:00\",\"description\":\"Tervislik ja maitsev pitsa, mille p\u00f5hi on valmistatud 100% sertifitseeritud gluteenivabast pitsap\u00f5hjasegust.\",\"breadcrumb\":{\"@id\":\"https:\/\/bio4you.eu\/retseptid\/toode\/gluteenivaba-vikerkaarepitsa\/#breadcrumb\"},\"inLanguage\":\"et\",\"potentialAction\":[{\"@type\":\"ReadAction\",\"target\":[\"https:\/\/bio4you.eu\/retseptid\/toode\/gluteenivaba-vikerkaarepitsa\/\"]}]},{\"@type\":\"ImageObject\",\"inLanguage\":\"et\",\"@id\":\"https:\/\/bio4you.eu\/retseptid\/toode\/gluteenivaba-vikerkaarepitsa\/#primaryimage\",\"url\":\"https:\/\/bio4you.eu\/retseptid\/wp-content\/uploads\/2023\/05\/Regenbogen-Pizza.webp\",\"contentUrl\":\"https:\/\/bio4you.eu\/retseptid\/wp-content\/uploads\/2023\/05\/Regenbogen-Pizza.webp\",\"width\":650,\"height\":450},{\"@type\":\"BreadcrumbList\",\"@id\":\"https:\/\/bio4you.eu\/retseptid\/toode\/gluteenivaba-vikerkaarepitsa\/#breadcrumb\",\"itemListElement\":[{\"@type\":\"ListItem\",\"position\":1,\"name\":\"Home\",\"item\":\"https:\/\/bio4you.eu\/retseptid\/\"},{\"@type\":\"ListItem\",\"position\":2,\"name\":\"Gluteenivaba vikerkaarepitsa\"}]},{\"@type\":\"WebSite\",\"@id\":\"https:\/\/bio4you.eu\/retseptid\/#website\",\"url\":\"https:\/\/bio4you.eu\/retseptid\/\",\"name\":\"bio4you.eu\/retseptid\",\"description\":\"\u00d6ko retseptid ise tegemiseks, looduslikest koostisainetest. Maitsev toit, iluhooldus, kodupuhastus ja aiandus.\",\"potentialAction\":[{\"@type\":\"SearchAction\",\"target\":{\"@type\":\"EntryPoint\",\"urlTemplate\":\"https:\/\/bio4you.eu\/retseptid\/?s={search_term_string}\"},\"query-input\":\"required name=search_term_string\"}],\"inLanguage\":\"et\"}]}<\/script>\n<!-- \/ Yoast SEO plugin. -->","yoast_head_json":{"title":"Gluteenivaba vikerkaarepitsa - bio4you.eu\/retseptid","description":"Tervislik ja maitsev pitsa, mille p\u00f5hi on valmistatud 100% sertifitseeritud gluteenivabast pitsap\u00f5hjasegust.","robots":{"index":"index","follow":"follow","max-snippet":"max-snippet:-1","max-image-preview":"max-image-preview:large","max-video-preview":"max-video-preview:-1"},"canonical":"https:\/\/bio4you.eu\/retseptid\/toode\/gluteenivaba-vikerkaarepitsa\/","og_locale":"et_EE","og_type":"article","og_title":"Gluteenivaba vikerkaarepitsa - bio4you.eu\/retseptid","og_description":"Tervislik ja maitsev pitsa, mille p\u00f5hi on valmistatud 100% sertifitseeritud gluteenivabast pitsap\u00f5hjasegust.","og_url":"https:\/\/bio4you.eu\/retseptid\/toode\/gluteenivaba-vikerkaarepitsa\/","og_site_name":"bio4you.eu\/retseptid","article_modified_time":"2023-05-19T17:45:41+00:00","og_image":[{"width":650,"height":450,"url":"https:\/\/bio4you.eu\/retseptid\/wp-content\/uploads\/2023\/05\/Regenbogen-Pizza.webp","type":"image\/webp"}],"twitter_misc":{"Est. reading time":"1 minut"},"schema":{"@context":"https:\/\/schema.org","@graph":[{"@type":"WebPage","@id":"https:\/\/bio4you.eu\/retseptid\/toode\/gluteenivaba-vikerkaarepitsa\/","url":"https:\/\/bio4you.eu\/retseptid\/toode\/gluteenivaba-vikerkaarepitsa\/","name":"Gluteenivaba vikerkaarepitsa - bio4you.eu\/retseptid","isPartOf":{"@id":"https:\/\/bio4you.eu\/retseptid\/#website"},"primaryImageOfPage":{"@id":"https:\/\/bio4you.eu\/retseptid\/toode\/gluteenivaba-vikerkaarepitsa\/#primaryimage"},"image":{"@id":"https:\/\/bio4you.eu\/retseptid\/toode\/gluteenivaba-vikerkaarepitsa\/#primaryimage"},"thumbnailUrl":"https:\/\/bio4you.eu\/retseptid\/wp-content\/uploads\/2023\/05\/Regenbogen-Pizza.webp","datePublished":"2023-05-19T17:45:13+00:00","dateModified":"2023-05-19T17:45:41+00:00","description":"Tervislik ja maitsev pitsa, mille p\u00f5hi on valmistatud 100% sertifitseeritud gluteenivabast pitsap\u00f5hjasegust.","breadcrumb":{"@id":"https:\/\/bio4you.eu\/retseptid\/toode\/gluteenivaba-vikerkaarepitsa\/#breadcrumb"},"inLanguage":"et","potentialAction":[{"@type":"ReadAction","target":["https:\/\/bio4you.eu\/retseptid\/toode\/gluteenivaba-vikerkaarepitsa\/"]}]},{"@type":"ImageObject","inLanguage":"et","@id":"https:\/\/bio4you.eu\/retseptid\/toode\/gluteenivaba-vikerkaarepitsa\/#primaryimage","url":"https:\/\/bio4you.eu\/retseptid\/wp-content\/uploads\/2023\/05\/Regenbogen-Pizza.webp","contentUrl":"https:\/\/bio4you.eu\/retseptid\/wp-content\/uploads\/2023\/05\/Regenbogen-Pizza.webp","width":650,"height":450},{"@type":"BreadcrumbList","@id":"https:\/\/bio4you.eu\/retseptid\/toode\/gluteenivaba-vikerkaarepitsa\/#breadcrumb","itemListElement":[{"@type":"ListItem","position":1,"name":"Home","item":"https:\/\/bio4you.eu\/retseptid\/"},{"@type":"ListItem","position":2,"name":"Gluteenivaba vikerkaarepitsa"}]},{"@type":"WebSite","@id":"https:\/\/bio4you.eu\/retseptid\/#website","url":"https:\/\/bio4you.eu\/retseptid\/","name":"bio4you.eu\/retseptid","description":"\u00d6ko retseptid ise tegemiseks, looduslikest koostisainetest. Maitsev toit, iluhooldus, kodupuhastus ja aiandus.","potentialAction":[{"@type":"SearchAction","target":{"@type":"EntryPoint","urlTemplate":"https:\/\/bio4you.eu\/retseptid\/?s={search_term_string}"},"query-input":"required name=search_term_string"}],"inLanguage":"et"}]}},"_links":{"self":[{"href":"https:\/\/bio4you.eu\/retseptid\/wp-json\/wp\/v2\/product\/4143"}],"collection":[{"href":"https:\/\/bio4you.eu\/retseptid\/wp-json\/wp\/v2\/product"}],"about":[{"href":"https:\/\/bio4you.eu\/retseptid\/wp-json\/wp\/v2\/types\/product"}],"replies":[{"embeddable":true,"href":"https:\/\/bio4you.eu\/retseptid\/wp-json\/wp\/v2\/comments?post=4143"}],"wp:featuredmedia":[{"embeddable":true,"href":"https:\/\/bio4you.eu\/retseptid\/wp-json\/wp\/v2\/media\/4144"}],"wp:attachment":[{"href":"https:\/\/bio4you.eu\/retseptid\/wp-json\/wp\/v2\/media?parent=4143"}],"wp:term":[{"taxonomy":"product_cat","embeddable":true,"href":"https:\/\/bio4you.eu\/retseptid\/wp-json\/wp\/v2\/product_cat?post=4143"},{"taxonomy":"product_tag","embeddable":true,"href":"https:\/\/bio4you.eu\/retseptid\/wp-json\/wp\/v2\/product_tag?post=4143"}],"curies":[{"name":"wp","href":"https:\/\/api.w.org\/{rel}","templated":true}]}}