{"id":4145,"date":"2023-05-24T13:16:32","date_gmt":"2023-05-24T10:16:32","guid":{"rendered":"https:\/\/bio4you.eu\/retseptid\/?post_type=product&#038;p=4145"},"modified":"2023-05-24T13:16:32","modified_gmt":"2023-05-24T10:16:32","slug":"gluteenivabad-hirsipannkoogid","status":"publish","type":"product","link":"https:\/\/bio4you.eu\/retseptid\/toode\/gluteenivabad-hirsipannkoogid\/","title":{"rendered":"Gluteenivabad hirsipannkoogid"},"content":{"rendered":"<p>Valmistamine:<\/p>\n<ol>\n<li>Sega suures kausis hirsijahu, suhkur, k\u00fcpsetuspulber ja sool.<\/li>\n<li>Teises kausis sega kokku piim, munad ja sulatatud v\u00f5i v\u00f5i taime\u00f5li.<\/li>\n<li>Vala m\u00e4rg segu kuivade koostisosade peale ja sega, kuni saad \u00fchtlase taina.<\/li>\n<li>Kuumuta pann keskmisel kuumusel ja m\u00e4\u00e4ri see v\u00f5iga v\u00f5i taime\u00f5liga.<\/li>\n<li>Vala pannile veerand tassi tainast ja jaga see \u00fchtlaselt.<\/li>\n<li>K\u00fcpseta pannkooki kuni selle pealmine pool muutub mulliliseks ja servad hakkavad pruunistuma (umbes 2-3 minutit).<\/li>\n<li>Keera pannkook ettevaatlikult \u00fcmber ja k\u00fcpseta teist k\u00fclge veel 1-2 minutit.<\/li>\n<li>K\u00fcpseta teised pannkoogid samamoodi kuni tainas otsa saab.<\/li>\n<\/ol>\n<p>Serveeri meelep\u00e4raste lisanditega nagu v\u00e4rsked marjad, siirup v\u00f5i jogurt.<\/p>\n","protected":false},"excerpt":{"rendered":"<p>Vaja l\u00e4heb:<\/p>\n<ul>\n<li>1 tass <a href=\"https:\/\/bio4you.eu\/et\/jahud\/5397-taeistera-hirsijahu-500g.html\" target=\"_blank\" rel=\"noopener\">hirsijahu<\/a><\/li>\n<li>2 spl <a href=\"https:\/\/bio4you.eu\/et\/otsi?controller=search&amp;order=product.position.desc&amp;s=suhkur\" target=\"_blank\" rel=\"noopener\">suhkrut<\/a><\/li>\n<li>1 tl <a href=\"https:\/\/bio4you.eu\/et\/maitseained-ja-magustajad\/2565-gluteenivaba-kuepsetuspulber-3x18g.html\" target=\"_blank\" rel=\"noopener\">k\u00fcpsetuspulbrit<\/a><\/li>\n<li>0,5 tl <a href=\"https:\/\/bio4you.eu\/et\/maitseained-ja-magustajad\/3629-ajurveeda-himaalaja-roosa-sool-peen-500g.html\" target=\"_blank\" rel=\"noopener\">soola<\/a><\/li>\n<li>1 tass piima (v\u00f5ib kasutada ka <a href=\"https:\/\/bio4you.eu\/et\/124-taimsed-joogid-ja-kreemid\" target=\"_blank\" rel=\"noopener\">taimset piima<\/a>)<\/li>\n<li>2 suurt muna<\/li>\n<li>2 spl sulatatud v\u00f5id v\u00f5i <a href=\"https:\/\/bio4you.eu\/et\/416-praadimisolid\" target=\"_blank\" rel=\"noopener\">taime\u00f5li<\/a><\/li>\n<\/ul>\n","protected":false},"featured_media":4146,"comment_status":"open","ping_status":"closed","template":"","meta":{"_exactmetrics_skip_tracking":false,"_exactmetrics_sitenote_active":false,"_exactmetrics_sitenote_note":"","_exactmetrics_sitenote_category":0},"product_cat":[59,60,63,280],"product_tag":[],"class_list":{"0":"post-4145","1":"product","2":"type-product","3":"status-publish","4":"has-post-thumbnail","6":"product_cat-featured","7":"product_cat-toiduretseptid","8":"product_cat-gluteenivabad-retseptid","9":"product_cat-koogid-ja-kupsised","11":"first","12":"instock","13":"shipping-taxable","14":"product-type-simple"},"yoast_head":"<!-- This site is optimized with the Yoast SEO plugin v23.3 - https:\/\/yoast.com\/wordpress\/plugins\/seo\/ -->\n<title>Gluteenivabad hirsipannkoogid - bio4you.eu\/retseptid<\/title>\n<meta name=\"description\" content=\"Kui hoidud nisujahust, aga sul isutab pannkookide j\u00e4rele, siis proovi neid hirsijahust maitsvaid koogikesi!\" \/>\n<meta name=\"robots\" content=\"index, follow, max-snippet:-1, max-image-preview:large, max-video-preview:-1\" \/>\n<link rel=\"canonical\" href=\"https:\/\/bio4you.eu\/retseptid\/toode\/gluteenivabad-hirsipannkoogid\/\" \/>\n<meta property=\"og:locale\" content=\"et_EE\" \/>\n<meta property=\"og:type\" content=\"article\" \/>\n<meta property=\"og:title\" content=\"Gluteenivabad hirsipannkoogid - bio4you.eu\/retseptid\" \/>\n<meta property=\"og:description\" content=\"Kui hoidud nisujahust, aga sul isutab pannkookide j\u00e4rele, siis proovi neid hirsijahust maitsvaid koogikesi!\" \/>\n<meta property=\"og:url\" content=\"https:\/\/bio4you.eu\/retseptid\/toode\/gluteenivabad-hirsipannkoogid\/\" \/>\n<meta property=\"og:site_name\" content=\"bio4you.eu\/retseptid\" \/>\n<meta property=\"og:image\" content=\"https:\/\/bio4you.eu\/retseptid\/wp-content\/uploads\/2023\/05\/food-photographer-jennifer-pallian-FT7fjyEyqv0-unsplash-scaled.jpg\" \/>\n\t<meta property=\"og:image:width\" content=\"2048\" \/>\n\t<meta property=\"og:image:height\" content=\"2560\" \/>\n\t<meta property=\"og:image:type\" content=\"image\/jpeg\" \/>\n<meta name=\"twitter:label1\" content=\"Est. reading time\" \/>\n\t<meta name=\"twitter:data1\" content=\"1 minut\" \/>\n<script type=\"application\/ld+json\" class=\"yoast-schema-graph\">{\"@context\":\"https:\/\/schema.org\",\"@graph\":[{\"@type\":\"WebPage\",\"@id\":\"https:\/\/bio4you.eu\/retseptid\/toode\/gluteenivabad-hirsipannkoogid\/\",\"url\":\"https:\/\/bio4you.eu\/retseptid\/toode\/gluteenivabad-hirsipannkoogid\/\",\"name\":\"Gluteenivabad hirsipannkoogid - bio4you.eu\/retseptid\",\"isPartOf\":{\"@id\":\"https:\/\/bio4you.eu\/retseptid\/#website\"},\"primaryImageOfPage\":{\"@id\":\"https:\/\/bio4you.eu\/retseptid\/toode\/gluteenivabad-hirsipannkoogid\/#primaryimage\"},\"image\":{\"@id\":\"https:\/\/bio4you.eu\/retseptid\/toode\/gluteenivabad-hirsipannkoogid\/#primaryimage\"},\"thumbnailUrl\":\"https:\/\/bio4you.eu\/retseptid\/wp-content\/uploads\/2023\/05\/food-photographer-jennifer-pallian-FT7fjyEyqv0-unsplash-scaled.jpg\",\"datePublished\":\"2023-05-24T10:16:32+00:00\",\"dateModified\":\"2023-05-24T10:16:32+00:00\",\"description\":\"Kui hoidud nisujahust, aga sul isutab pannkookide j\u00e4rele, siis proovi neid hirsijahust maitsvaid koogikesi!\",\"breadcrumb\":{\"@id\":\"https:\/\/bio4you.eu\/retseptid\/toode\/gluteenivabad-hirsipannkoogid\/#breadcrumb\"},\"inLanguage\":\"et\",\"potentialAction\":[{\"@type\":\"ReadAction\",\"target\":[\"https:\/\/bio4you.eu\/retseptid\/toode\/gluteenivabad-hirsipannkoogid\/\"]}]},{\"@type\":\"ImageObject\",\"inLanguage\":\"et\",\"@id\":\"https:\/\/bio4you.eu\/retseptid\/toode\/gluteenivabad-hirsipannkoogid\/#primaryimage\",\"url\":\"https:\/\/bio4you.eu\/retseptid\/wp-content\/uploads\/2023\/05\/food-photographer-jennifer-pallian-FT7fjyEyqv0-unsplash-scaled.jpg\",\"contentUrl\":\"https:\/\/bio4you.eu\/retseptid\/wp-content\/uploads\/2023\/05\/food-photographer-jennifer-pallian-FT7fjyEyqv0-unsplash-scaled.jpg\",\"width\":2048,\"height\":2560},{\"@type\":\"BreadcrumbList\",\"@id\":\"https:\/\/bio4you.eu\/retseptid\/toode\/gluteenivabad-hirsipannkoogid\/#breadcrumb\",\"itemListElement\":[{\"@type\":\"ListItem\",\"position\":1,\"name\":\"Home\",\"item\":\"https:\/\/bio4you.eu\/retseptid\/\"},{\"@type\":\"ListItem\",\"position\":2,\"name\":\"Gluteenivabad hirsipannkoogid\"}]},{\"@type\":\"WebSite\",\"@id\":\"https:\/\/bio4you.eu\/retseptid\/#website\",\"url\":\"https:\/\/bio4you.eu\/retseptid\/\",\"name\":\"bio4you.eu\/retseptid\",\"description\":\"\u00d6ko retseptid ise tegemiseks, looduslikest koostisainetest. Maitsev toit, iluhooldus, kodupuhastus ja aiandus.\",\"potentialAction\":[{\"@type\":\"SearchAction\",\"target\":{\"@type\":\"EntryPoint\",\"urlTemplate\":\"https:\/\/bio4you.eu\/retseptid\/?s={search_term_string}\"},\"query-input\":\"required name=search_term_string\"}],\"inLanguage\":\"et\"}]}<\/script>\n<!-- \/ Yoast SEO plugin. -->","yoast_head_json":{"title":"Gluteenivabad hirsipannkoogid - bio4you.eu\/retseptid","description":"Kui hoidud nisujahust, aga sul isutab pannkookide j\u00e4rele, siis proovi neid hirsijahust maitsvaid koogikesi!","robots":{"index":"index","follow":"follow","max-snippet":"max-snippet:-1","max-image-preview":"max-image-preview:large","max-video-preview":"max-video-preview:-1"},"canonical":"https:\/\/bio4you.eu\/retseptid\/toode\/gluteenivabad-hirsipannkoogid\/","og_locale":"et_EE","og_type":"article","og_title":"Gluteenivabad hirsipannkoogid - bio4you.eu\/retseptid","og_description":"Kui hoidud nisujahust, aga sul isutab pannkookide j\u00e4rele, siis proovi neid hirsijahust maitsvaid koogikesi!","og_url":"https:\/\/bio4you.eu\/retseptid\/toode\/gluteenivabad-hirsipannkoogid\/","og_site_name":"bio4you.eu\/retseptid","og_image":[{"width":2048,"height":2560,"url":"https:\/\/bio4you.eu\/retseptid\/wp-content\/uploads\/2023\/05\/food-photographer-jennifer-pallian-FT7fjyEyqv0-unsplash-scaled.jpg","type":"image\/jpeg"}],"twitter_misc":{"Est. reading time":"1 minut"},"schema":{"@context":"https:\/\/schema.org","@graph":[{"@type":"WebPage","@id":"https:\/\/bio4you.eu\/retseptid\/toode\/gluteenivabad-hirsipannkoogid\/","url":"https:\/\/bio4you.eu\/retseptid\/toode\/gluteenivabad-hirsipannkoogid\/","name":"Gluteenivabad hirsipannkoogid - bio4you.eu\/retseptid","isPartOf":{"@id":"https:\/\/bio4you.eu\/retseptid\/#website"},"primaryImageOfPage":{"@id":"https:\/\/bio4you.eu\/retseptid\/toode\/gluteenivabad-hirsipannkoogid\/#primaryimage"},"image":{"@id":"https:\/\/bio4you.eu\/retseptid\/toode\/gluteenivabad-hirsipannkoogid\/#primaryimage"},"thumbnailUrl":"https:\/\/bio4you.eu\/retseptid\/wp-content\/uploads\/2023\/05\/food-photographer-jennifer-pallian-FT7fjyEyqv0-unsplash-scaled.jpg","datePublished":"2023-05-24T10:16:32+00:00","dateModified":"2023-05-24T10:16:32+00:00","description":"Kui hoidud nisujahust, aga sul isutab pannkookide j\u00e4rele, siis proovi neid hirsijahust maitsvaid koogikesi!","breadcrumb":{"@id":"https:\/\/bio4you.eu\/retseptid\/toode\/gluteenivabad-hirsipannkoogid\/#breadcrumb"},"inLanguage":"et","potentialAction":[{"@type":"ReadAction","target":["https:\/\/bio4you.eu\/retseptid\/toode\/gluteenivabad-hirsipannkoogid\/"]}]},{"@type":"ImageObject","inLanguage":"et","@id":"https:\/\/bio4you.eu\/retseptid\/toode\/gluteenivabad-hirsipannkoogid\/#primaryimage","url":"https:\/\/bio4you.eu\/retseptid\/wp-content\/uploads\/2023\/05\/food-photographer-jennifer-pallian-FT7fjyEyqv0-unsplash-scaled.jpg","contentUrl":"https:\/\/bio4you.eu\/retseptid\/wp-content\/uploads\/2023\/05\/food-photographer-jennifer-pallian-FT7fjyEyqv0-unsplash-scaled.jpg","width":2048,"height":2560},{"@type":"BreadcrumbList","@id":"https:\/\/bio4you.eu\/retseptid\/toode\/gluteenivabad-hirsipannkoogid\/#breadcrumb","itemListElement":[{"@type":"ListItem","position":1,"name":"Home","item":"https:\/\/bio4you.eu\/retseptid\/"},{"@type":"ListItem","position":2,"name":"Gluteenivabad hirsipannkoogid"}]},{"@type":"WebSite","@id":"https:\/\/bio4you.eu\/retseptid\/#website","url":"https:\/\/bio4you.eu\/retseptid\/","name":"bio4you.eu\/retseptid","description":"\u00d6ko retseptid ise tegemiseks, looduslikest koostisainetest. Maitsev toit, iluhooldus, kodupuhastus ja aiandus.","potentialAction":[{"@type":"SearchAction","target":{"@type":"EntryPoint","urlTemplate":"https:\/\/bio4you.eu\/retseptid\/?s={search_term_string}"},"query-input":"required name=search_term_string"}],"inLanguage":"et"}]}},"_links":{"self":[{"href":"https:\/\/bio4you.eu\/retseptid\/wp-json\/wp\/v2\/product\/4145"}],"collection":[{"href":"https:\/\/bio4you.eu\/retseptid\/wp-json\/wp\/v2\/product"}],"about":[{"href":"https:\/\/bio4you.eu\/retseptid\/wp-json\/wp\/v2\/types\/product"}],"replies":[{"embeddable":true,"href":"https:\/\/bio4you.eu\/retseptid\/wp-json\/wp\/v2\/comments?post=4145"}],"wp:featuredmedia":[{"embeddable":true,"href":"https:\/\/bio4you.eu\/retseptid\/wp-json\/wp\/v2\/media\/4146"}],"wp:attachment":[{"href":"https:\/\/bio4you.eu\/retseptid\/wp-json\/wp\/v2\/media?parent=4145"}],"wp:term":[{"taxonomy":"product_cat","embeddable":true,"href":"https:\/\/bio4you.eu\/retseptid\/wp-json\/wp\/v2\/product_cat?post=4145"},{"taxonomy":"product_tag","embeddable":true,"href":"https:\/\/bio4you.eu\/retseptid\/wp-json\/wp\/v2\/product_tag?post=4145"}],"curies":[{"name":"wp","href":"https:\/\/api.w.org\/{rel}","templated":true}]}}