{"id":4147,"date":"2023-05-26T12:13:40","date_gmt":"2023-05-26T09:13:40","guid":{"rendered":"https:\/\/bio4you.eu\/retseptid\/?post_type=product&#038;p=4147"},"modified":"2023-05-26T12:13:40","modified_gmt":"2023-05-26T09:13:40","slug":"pruuni-hirsi-salat-grillitud-koogiviljade-ja-feta-juustuga","status":"publish","type":"product","link":"https:\/\/bio4you.eu\/retseptid\/toode\/pruuni-hirsi-salat-grillitud-koogiviljade-ja-feta-juustuga\/","title":{"rendered":"Pruuni hirsi salat grillitud k\u00f6\u00f6giviljade ja feta juustuga"},"content":{"rendered":"<p>Valmistamine:<\/p>\n<ol>\n<li>Loputa hirss k\u00fclma veega. Seej\u00e4rel pane hirss ja 2 tassi vett potti ning keeda vastavalt pakendil olevatele juhistele, kuni hirss on pehme. See v\u00f5ib v\u00f5tta umbes 30-40 minutit. Kui hirss on valmis, n\u00f5ruta see ja lase jahtuda.<\/li>\n<li>L\u00f5ika punane ja kollane paprika ning suvik\u00f5rvits viiludeks. Haki punane sibul peeneks.<\/li>\n<li>Kuumuta grillpann v\u00f5i grill ning grilli k\u00f6\u00f6givilju m\u00f5ne minuti jooksul m\u00f5lemalt poolt, kuni need on kr\u00f5bedad ja ilusad grillim\u00e4rgid on tekkinud. V\u00f5id k\u00f6\u00f6givilju grillida ka ahjus v\u00f5i v\u00e4ligrillil.<\/li>\n<li>Lase grillitud k\u00f6\u00f6giviljadel veidi jahtuda, seej\u00e4rel l\u00f5ika need v\u00e4iksemateks t\u00fckkideks.<\/li>\n<li>T\u00fckelda feta juust v\u00e4ikesteks kuubikuteks.<\/li>\n<li>Sega kausis kokku jahtunud pruun hirss, grillitud k\u00f6\u00f6giviljad, feta juust ja hakitud \u00fcrdid.<\/li>\n<li>Teises v\u00e4iksemas kausis sega kokku oliivi\u00f5li, sidrunimahl, sool ja pipar. Kalla kaste salatile ning sega k\u00f5ik koostisosad \u00f5rnalt l\u00e4bi, et maitseained \u00fchtlaselt jaotuksid.<\/li>\n<li>Lase salatil enne serveerimist m\u00f5nda aega maitsestuda ja t\u00f5mbuda k\u00fclmikus.<\/li>\n<\/ol>\n","protected":false},"excerpt":{"rendered":"<p>Vaja l\u00e4heb:<\/p>\n<ul>\n<li>1 tass <a href=\"https:\/\/bio4you.eu\/et\/outlet\/3109-hirss-pruun-400g.html\" target=\"_blank\" rel=\"noopener\">pruuni hirssi<\/a><\/li>\n<li>2 tassi vett<\/li>\n<li>1 punane paprika<\/li>\n<li>1 kollane paprika<\/li>\n<li>1 suvik\u00f5rvits<\/li>\n<li>1 v\u00e4ike punane sibul<\/li>\n<li>200 g feta juustu<\/li>\n<li>V\u00e4rsked \u00fcrdid (nt petersell, basiilik), hakitud<\/li>\n<li>3 spl <a href=\"https:\/\/bio4you.eu\/et\/olid-kastmed-kreemid\/2245-ekstra-vaeaerisoliivioli-500ml.html\" target=\"_blank\" rel=\"noopener\">oliivi\u00f5li<\/a><\/li>\n<li>2 spl <a href=\"https:\/\/bio4you.eu\/et\/kuelmad-joogid\/1219-sidrunimahl-250ml.html\" target=\"_blank\" rel=\"noopener\">sidrunimahla<\/a><\/li>\n<li>Soola ja pipart maitse j\u00e4rgi<\/li>\n<\/ul>\n","protected":false},"featured_media":4148,"comment_status":"open","ping_status":"closed","template":"","meta":{"_exactmetrics_skip_tracking":false,"_exactmetrics_sitenote_active":false,"_exactmetrics_sitenote_note":"","_exactmetrics_sitenote_category":0},"product_cat":[59,60,383,71],"product_tag":[],"class_list":{"0":"post-4147","1":"product","2":"type-product","3":"status-publish","4":"has-post-thumbnail","6":"product_cat-featured","7":"product_cat-toiduretseptid","8":"product_cat-taimetoit","9":"product_cat-riisi-ja-teraviljatoidud","11":"first","12":"instock","13":"shipping-taxable","14":"product-type-simple"},"yoast_head":"<!-- This site is optimized with the Yoast SEO plugin v23.3 - https:\/\/yoast.com\/wordpress\/plugins\/seo\/ -->\n<title>Pruuni hirsi salat grillitud k\u00f6\u00f6giviljade ja feta juustuga - bio4you.eu\/retseptid<\/title>\n<meta name=\"description\" content=\"T\u00f5eliselt vahemerep\u00e4rane retsept, milles kasutame tervislikku pruuni hirssi ja meelep\u00e4raseid k\u00f6\u00f6givilju. T\u00f5eline suvine hitt.\" \/>\n<meta name=\"robots\" content=\"index, follow, max-snippet:-1, max-image-preview:large, max-video-preview:-1\" \/>\n<link rel=\"canonical\" href=\"https:\/\/bio4you.eu\/retseptid\/toode\/pruuni-hirsi-salat-grillitud-koogiviljade-ja-feta-juustuga\/\" \/>\n<meta property=\"og:locale\" content=\"et_EE\" \/>\n<meta property=\"og:type\" content=\"article\" \/>\n<meta property=\"og:title\" content=\"Pruuni hirsi salat grillitud k\u00f6\u00f6giviljade ja feta juustuga - bio4you.eu\/retseptid\" \/>\n<meta property=\"og:description\" content=\"T\u00f5eliselt vahemerep\u00e4rane retsept, milles kasutame tervislikku pruuni hirssi ja meelep\u00e4raseid k\u00f6\u00f6givilju. T\u00f5eline suvine hitt.\" \/>\n<meta property=\"og:url\" content=\"https:\/\/bio4you.eu\/retseptid\/toode\/pruuni-hirsi-salat-grillitud-koogiviljade-ja-feta-juustuga\/\" \/>\n<meta property=\"og:site_name\" content=\"bio4you.eu\/retseptid\" \/>\n<meta property=\"og:image\" content=\"https:\/\/bio4you.eu\/retseptid\/wp-content\/uploads\/2023\/05\/vegan-grilled-vegetable-skewers-recipe-idea-scaled.jpg\" \/>\n\t<meta property=\"og:image:width\" content=\"2560\" \/>\n\t<meta property=\"og:image:height\" content=\"2560\" \/>\n\t<meta property=\"og:image:type\" content=\"image\/jpeg\" \/>\n<meta name=\"twitter:label1\" content=\"Est. reading time\" \/>\n\t<meta name=\"twitter:data1\" content=\"1 minut\" \/>\n<script type=\"application\/ld+json\" class=\"yoast-schema-graph\">{\"@context\":\"https:\/\/schema.org\",\"@graph\":[{\"@type\":\"WebPage\",\"@id\":\"https:\/\/bio4you.eu\/retseptid\/toode\/pruuni-hirsi-salat-grillitud-koogiviljade-ja-feta-juustuga\/\",\"url\":\"https:\/\/bio4you.eu\/retseptid\/toode\/pruuni-hirsi-salat-grillitud-koogiviljade-ja-feta-juustuga\/\",\"name\":\"Pruuni hirsi salat grillitud k\u00f6\u00f6giviljade ja feta juustuga - bio4you.eu\/retseptid\",\"isPartOf\":{\"@id\":\"https:\/\/bio4you.eu\/retseptid\/#website\"},\"primaryImageOfPage\":{\"@id\":\"https:\/\/bio4you.eu\/retseptid\/toode\/pruuni-hirsi-salat-grillitud-koogiviljade-ja-feta-juustuga\/#primaryimage\"},\"image\":{\"@id\":\"https:\/\/bio4you.eu\/retseptid\/toode\/pruuni-hirsi-salat-grillitud-koogiviljade-ja-feta-juustuga\/#primaryimage\"},\"thumbnailUrl\":\"https:\/\/bio4you.eu\/retseptid\/wp-content\/uploads\/2023\/05\/vegan-grilled-vegetable-skewers-recipe-idea-scaled.jpg\",\"datePublished\":\"2023-05-26T09:13:40+00:00\",\"dateModified\":\"2023-05-26T09:13:40+00:00\",\"description\":\"T\u00f5eliselt vahemerep\u00e4rane retsept, milles kasutame tervislikku pruuni hirssi ja meelep\u00e4raseid k\u00f6\u00f6givilju. T\u00f5eline suvine hitt.\",\"breadcrumb\":{\"@id\":\"https:\/\/bio4you.eu\/retseptid\/toode\/pruuni-hirsi-salat-grillitud-koogiviljade-ja-feta-juustuga\/#breadcrumb\"},\"inLanguage\":\"et\",\"potentialAction\":[{\"@type\":\"ReadAction\",\"target\":[\"https:\/\/bio4you.eu\/retseptid\/toode\/pruuni-hirsi-salat-grillitud-koogiviljade-ja-feta-juustuga\/\"]}]},{\"@type\":\"ImageObject\",\"inLanguage\":\"et\",\"@id\":\"https:\/\/bio4you.eu\/retseptid\/toode\/pruuni-hirsi-salat-grillitud-koogiviljade-ja-feta-juustuga\/#primaryimage\",\"url\":\"https:\/\/bio4you.eu\/retseptid\/wp-content\/uploads\/2023\/05\/vegan-grilled-vegetable-skewers-recipe-idea-scaled.jpg\",\"contentUrl\":\"https:\/\/bio4you.eu\/retseptid\/wp-content\/uploads\/2023\/05\/vegan-grilled-vegetable-skewers-recipe-idea-scaled.jpg\",\"width\":2560,\"height\":2560,\"caption\":\"Vegan grilled vegetable skewers recipe idea\"},{\"@type\":\"BreadcrumbList\",\"@id\":\"https:\/\/bio4you.eu\/retseptid\/toode\/pruuni-hirsi-salat-grillitud-koogiviljade-ja-feta-juustuga\/#breadcrumb\",\"itemListElement\":[{\"@type\":\"ListItem\",\"position\":1,\"name\":\"Home\",\"item\":\"https:\/\/bio4you.eu\/retseptid\/\"},{\"@type\":\"ListItem\",\"position\":2,\"name\":\"Pruuni hirsi salat grillitud k\u00f6\u00f6giviljade ja feta juustuga\"}]},{\"@type\":\"WebSite\",\"@id\":\"https:\/\/bio4you.eu\/retseptid\/#website\",\"url\":\"https:\/\/bio4you.eu\/retseptid\/\",\"name\":\"bio4you.eu\/retseptid\",\"description\":\"\u00d6ko retseptid ise tegemiseks, looduslikest koostisainetest. Maitsev toit, iluhooldus, kodupuhastus ja aiandus.\",\"potentialAction\":[{\"@type\":\"SearchAction\",\"target\":{\"@type\":\"EntryPoint\",\"urlTemplate\":\"https:\/\/bio4you.eu\/retseptid\/?s={search_term_string}\"},\"query-input\":\"required name=search_term_string\"}],\"inLanguage\":\"et\"}]}<\/script>\n<!-- \/ Yoast SEO plugin. -->","yoast_head_json":{"title":"Pruuni hirsi salat grillitud k\u00f6\u00f6giviljade ja feta juustuga - bio4you.eu\/retseptid","description":"T\u00f5eliselt vahemerep\u00e4rane retsept, milles kasutame tervislikku pruuni hirssi ja meelep\u00e4raseid k\u00f6\u00f6givilju. T\u00f5eline suvine hitt.","robots":{"index":"index","follow":"follow","max-snippet":"max-snippet:-1","max-image-preview":"max-image-preview:large","max-video-preview":"max-video-preview:-1"},"canonical":"https:\/\/bio4you.eu\/retseptid\/toode\/pruuni-hirsi-salat-grillitud-koogiviljade-ja-feta-juustuga\/","og_locale":"et_EE","og_type":"article","og_title":"Pruuni hirsi salat grillitud k\u00f6\u00f6giviljade ja feta juustuga - bio4you.eu\/retseptid","og_description":"T\u00f5eliselt vahemerep\u00e4rane retsept, milles kasutame tervislikku pruuni hirssi ja meelep\u00e4raseid k\u00f6\u00f6givilju. T\u00f5eline suvine hitt.","og_url":"https:\/\/bio4you.eu\/retseptid\/toode\/pruuni-hirsi-salat-grillitud-koogiviljade-ja-feta-juustuga\/","og_site_name":"bio4you.eu\/retseptid","og_image":[{"width":2560,"height":2560,"url":"https:\/\/bio4you.eu\/retseptid\/wp-content\/uploads\/2023\/05\/vegan-grilled-vegetable-skewers-recipe-idea-scaled.jpg","type":"image\/jpeg"}],"twitter_misc":{"Est. reading time":"1 minut"},"schema":{"@context":"https:\/\/schema.org","@graph":[{"@type":"WebPage","@id":"https:\/\/bio4you.eu\/retseptid\/toode\/pruuni-hirsi-salat-grillitud-koogiviljade-ja-feta-juustuga\/","url":"https:\/\/bio4you.eu\/retseptid\/toode\/pruuni-hirsi-salat-grillitud-koogiviljade-ja-feta-juustuga\/","name":"Pruuni hirsi salat grillitud k\u00f6\u00f6giviljade ja feta juustuga - bio4you.eu\/retseptid","isPartOf":{"@id":"https:\/\/bio4you.eu\/retseptid\/#website"},"primaryImageOfPage":{"@id":"https:\/\/bio4you.eu\/retseptid\/toode\/pruuni-hirsi-salat-grillitud-koogiviljade-ja-feta-juustuga\/#primaryimage"},"image":{"@id":"https:\/\/bio4you.eu\/retseptid\/toode\/pruuni-hirsi-salat-grillitud-koogiviljade-ja-feta-juustuga\/#primaryimage"},"thumbnailUrl":"https:\/\/bio4you.eu\/retseptid\/wp-content\/uploads\/2023\/05\/vegan-grilled-vegetable-skewers-recipe-idea-scaled.jpg","datePublished":"2023-05-26T09:13:40+00:00","dateModified":"2023-05-26T09:13:40+00:00","description":"T\u00f5eliselt vahemerep\u00e4rane retsept, milles kasutame tervislikku pruuni hirssi ja meelep\u00e4raseid k\u00f6\u00f6givilju. T\u00f5eline suvine hitt.","breadcrumb":{"@id":"https:\/\/bio4you.eu\/retseptid\/toode\/pruuni-hirsi-salat-grillitud-koogiviljade-ja-feta-juustuga\/#breadcrumb"},"inLanguage":"et","potentialAction":[{"@type":"ReadAction","target":["https:\/\/bio4you.eu\/retseptid\/toode\/pruuni-hirsi-salat-grillitud-koogiviljade-ja-feta-juustuga\/"]}]},{"@type":"ImageObject","inLanguage":"et","@id":"https:\/\/bio4you.eu\/retseptid\/toode\/pruuni-hirsi-salat-grillitud-koogiviljade-ja-feta-juustuga\/#primaryimage","url":"https:\/\/bio4you.eu\/retseptid\/wp-content\/uploads\/2023\/05\/vegan-grilled-vegetable-skewers-recipe-idea-scaled.jpg","contentUrl":"https:\/\/bio4you.eu\/retseptid\/wp-content\/uploads\/2023\/05\/vegan-grilled-vegetable-skewers-recipe-idea-scaled.jpg","width":2560,"height":2560,"caption":"Vegan grilled vegetable skewers recipe idea"},{"@type":"BreadcrumbList","@id":"https:\/\/bio4you.eu\/retseptid\/toode\/pruuni-hirsi-salat-grillitud-koogiviljade-ja-feta-juustuga\/#breadcrumb","itemListElement":[{"@type":"ListItem","position":1,"name":"Home","item":"https:\/\/bio4you.eu\/retseptid\/"},{"@type":"ListItem","position":2,"name":"Pruuni hirsi salat grillitud k\u00f6\u00f6giviljade ja feta juustuga"}]},{"@type":"WebSite","@id":"https:\/\/bio4you.eu\/retseptid\/#website","url":"https:\/\/bio4you.eu\/retseptid\/","name":"bio4you.eu\/retseptid","description":"\u00d6ko retseptid ise tegemiseks, looduslikest koostisainetest. Maitsev toit, iluhooldus, kodupuhastus ja aiandus.","potentialAction":[{"@type":"SearchAction","target":{"@type":"EntryPoint","urlTemplate":"https:\/\/bio4you.eu\/retseptid\/?s={search_term_string}"},"query-input":"required name=search_term_string"}],"inLanguage":"et"}]}},"_links":{"self":[{"href":"https:\/\/bio4you.eu\/retseptid\/wp-json\/wp\/v2\/product\/4147"}],"collection":[{"href":"https:\/\/bio4you.eu\/retseptid\/wp-json\/wp\/v2\/product"}],"about":[{"href":"https:\/\/bio4you.eu\/retseptid\/wp-json\/wp\/v2\/types\/product"}],"replies":[{"embeddable":true,"href":"https:\/\/bio4you.eu\/retseptid\/wp-json\/wp\/v2\/comments?post=4147"}],"wp:featuredmedia":[{"embeddable":true,"href":"https:\/\/bio4you.eu\/retseptid\/wp-json\/wp\/v2\/media\/4148"}],"wp:attachment":[{"href":"https:\/\/bio4you.eu\/retseptid\/wp-json\/wp\/v2\/media?parent=4147"}],"wp:term":[{"taxonomy":"product_cat","embeddable":true,"href":"https:\/\/bio4you.eu\/retseptid\/wp-json\/wp\/v2\/product_cat?post=4147"},{"taxonomy":"product_tag","embeddable":true,"href":"https:\/\/bio4you.eu\/retseptid\/wp-json\/wp\/v2\/product_tag?post=4147"}],"curies":[{"name":"wp","href":"https:\/\/api.w.org\/{rel}","templated":true}]}}