{"id":4153,"date":"2023-06-14T16:50:46","date_gmt":"2023-06-14T13:50:46","guid":{"rendered":"https:\/\/bio4you.eu\/retseptid\/?post_type=product&#038;p=4153"},"modified":"2023-06-16T11:16:52","modified_gmt":"2023-06-16T08:16:52","slug":"salatikauss","status":"publish","type":"product","link":"https:\/\/bio4you.eu\/retseptid\/toode\/salatikauss\/","title":{"rendered":"Salatikauss"},"content":{"rendered":"<p>Valmistamine:<\/p>\n<ol>\n<li>Keeda riis ning sega kokku rohelise lehtsalatiga, piserda peale oliivi\u00f5li ning lisa n\u00e4puotsaga soola. Sega l\u00e4bi. Aseta taldrikule salatip\u00f5hjaks.<\/li>\n<li>Haki k\u00f5ik \u00fclej\u00e4\u00e4nud komponendid meelep\u00e4rasteks suurusteks ning aseta salatile ja riisile peale. K\u00f5ige peale piserda natuke t\u0161illikastet, lisa m\u00f5nda meelep\u00e4rast maitseainet (h\u00e4sti sobib ka maitseroheline) ja p\u00e4hkleid.<\/li>\n<\/ol>\n","protected":false},"excerpt":{"rendered":"<p>Vaja l\u00e4heb:<\/p>\n<ul>\n<li>50 g <a href=\"https:\/\/bio4you.eu\/et\/kuivained\/2023-valge-basmati-riis-500g.html\" target=\"_blank\" rel=\"noopener\">riisi<\/a> (kuivainena)<\/li>\n<li>peot\u00e4is rohelist salatit<\/li>\n<li>8 kirsstomatit<\/li>\n<li>3 spl <a href=\"https:\/\/bio4you.eu\/et\/olid-kastmed-kreemid\/5509-mustad-oad-vees-400g.html\" target=\"_blank\" rel=\"noopener\">musti konservube<\/a><\/li>\n<li>1 marineeritud kurk<\/li>\n<li>1\/2 l\u00fchikest v\u00e4rsket kurki<\/li>\n<li>1 keeduporgand<\/li>\n<li>2 maasikat<\/li>\n<li>1 keedumuna<\/li>\n<li>1\/2 tuunikalakonservi<\/li>\n<li>1 spl soolap\u00e4hkleid<\/li>\n<li>2 spl hummust<\/li>\n<li>kastmeks <a href=\"https:\/\/bio4you.eu\/et\/olid-kastmed-kreemid\/2245-ekstra-vaeaerisoliivioli-500ml.html\" target=\"_blank\" rel=\"noopener\">oliivi\u00f5li<\/a>, magusat t\u0161illikastet (v\u00e4hendatud suhkruga)<\/li>\n<\/ul>\n<p>Retsepti autor: Toitumisn\u00f5ustaja Mari-Anne Olenko (www.toitumisnoustajad.ee\/team\/mari-anne-olenko)<\/p>\n","protected":false},"featured_media":4155,"comment_status":"open","ping_status":"closed","template":"","meta":{"_exactmetrics_skip_tracking":false,"_exactmetrics_sitenote_active":false,"_exactmetrics_sitenote_note":"","_exactmetrics_sitenote_category":0},"product_cat":[59,63],"product_tag":[],"class_list":{"0":"post-4153","1":"product","2":"type-product","3":"status-publish","4":"has-post-thumbnail","6":"product_cat-featured","7":"product_cat-gluteenivabad-retseptid","9":"first","10":"instock","11":"shipping-taxable","12":"product-type-simple"},"yoast_head":"<!-- This site is optimized with the Yoast SEO plugin v23.3 - https:\/\/yoast.com\/wordpress\/plugins\/seo\/ -->\n<title>Salatikauss - bio4you.eu\/retseptid<\/title>\n<meta name=\"description\" content=\"Tervislik ja suvine salatikausi retsept, mille autoriks on Eesti Toitumisn\u00f5ustajate \u00dchenduse liige Mari-Anne Olenko.\" \/>\n<meta name=\"robots\" content=\"index, follow, max-snippet:-1, max-image-preview:large, max-video-preview:-1\" \/>\n<link rel=\"canonical\" href=\"https:\/\/bio4you.eu\/retseptid\/toode\/salatikauss\/\" \/>\n<meta property=\"og:locale\" content=\"et_EE\" \/>\n<meta property=\"og:type\" content=\"article\" \/>\n<meta property=\"og:title\" content=\"Salatikauss - bio4you.eu\/retseptid\" \/>\n<meta property=\"og:description\" content=\"Tervislik ja suvine salatikausi retsept, mille autoriks on Eesti Toitumisn\u00f5ustajate \u00dchenduse liige Mari-Anne Olenko.\" \/>\n<meta property=\"og:url\" content=\"https:\/\/bio4you.eu\/retseptid\/toode\/salatikauss\/\" \/>\n<meta property=\"og:site_name\" content=\"bio4you.eu\/retseptid\" \/>\n<meta property=\"article:modified_time\" content=\"2023-06-16T08:16:52+00:00\" \/>\n<meta property=\"og:image\" content=\"https:\/\/bio4you.eu\/retseptid\/wp-content\/uploads\/2023\/06\/image_67520769-1-scaled.jpg\" \/>\n\t<meta property=\"og:image:width\" content=\"2560\" \/>\n\t<meta property=\"og:image:height\" content=\"2560\" \/>\n\t<meta property=\"og:image:type\" content=\"image\/jpeg\" \/>\n<meta name=\"twitter:label1\" content=\"Est. reading time\" \/>\n\t<meta name=\"twitter:data1\" content=\"1 minut\" \/>\n<script type=\"application\/ld+json\" class=\"yoast-schema-graph\">{\"@context\":\"https:\/\/schema.org\",\"@graph\":[{\"@type\":\"WebPage\",\"@id\":\"https:\/\/bio4you.eu\/retseptid\/toode\/salatikauss\/\",\"url\":\"https:\/\/bio4you.eu\/retseptid\/toode\/salatikauss\/\",\"name\":\"Salatikauss - bio4you.eu\/retseptid\",\"isPartOf\":{\"@id\":\"https:\/\/bio4you.eu\/retseptid\/#website\"},\"primaryImageOfPage\":{\"@id\":\"https:\/\/bio4you.eu\/retseptid\/toode\/salatikauss\/#primaryimage\"},\"image\":{\"@id\":\"https:\/\/bio4you.eu\/retseptid\/toode\/salatikauss\/#primaryimage\"},\"thumbnailUrl\":\"https:\/\/bio4you.eu\/retseptid\/wp-content\/uploads\/2023\/06\/image_67520769-1-scaled.jpg\",\"datePublished\":\"2023-06-14T13:50:46+00:00\",\"dateModified\":\"2023-06-16T08:16:52+00:00\",\"description\":\"Tervislik ja suvine salatikausi retsept, mille autoriks on Eesti Toitumisn\u00f5ustajate \u00dchenduse liige Mari-Anne Olenko.\",\"breadcrumb\":{\"@id\":\"https:\/\/bio4you.eu\/retseptid\/toode\/salatikauss\/#breadcrumb\"},\"inLanguage\":\"et\",\"potentialAction\":[{\"@type\":\"ReadAction\",\"target\":[\"https:\/\/bio4you.eu\/retseptid\/toode\/salatikauss\/\"]}]},{\"@type\":\"ImageObject\",\"inLanguage\":\"et\",\"@id\":\"https:\/\/bio4you.eu\/retseptid\/toode\/salatikauss\/#primaryimage\",\"url\":\"https:\/\/bio4you.eu\/retseptid\/wp-content\/uploads\/2023\/06\/image_67520769-1-scaled.jpg\",\"contentUrl\":\"https:\/\/bio4you.eu\/retseptid\/wp-content\/uploads\/2023\/06\/image_67520769-1-scaled.jpg\",\"width\":2560,\"height\":2560},{\"@type\":\"BreadcrumbList\",\"@id\":\"https:\/\/bio4you.eu\/retseptid\/toode\/salatikauss\/#breadcrumb\",\"itemListElement\":[{\"@type\":\"ListItem\",\"position\":1,\"name\":\"Home\",\"item\":\"https:\/\/bio4you.eu\/retseptid\/\"},{\"@type\":\"ListItem\",\"position\":2,\"name\":\"Salatikauss\"}]},{\"@type\":\"WebSite\",\"@id\":\"https:\/\/bio4you.eu\/retseptid\/#website\",\"url\":\"https:\/\/bio4you.eu\/retseptid\/\",\"name\":\"bio4you.eu\/retseptid\",\"description\":\"\u00d6ko retseptid ise tegemiseks, looduslikest koostisainetest. Maitsev toit, iluhooldus, kodupuhastus ja aiandus.\",\"potentialAction\":[{\"@type\":\"SearchAction\",\"target\":{\"@type\":\"EntryPoint\",\"urlTemplate\":\"https:\/\/bio4you.eu\/retseptid\/?s={search_term_string}\"},\"query-input\":\"required name=search_term_string\"}],\"inLanguage\":\"et\"}]}<\/script>\n<!-- \/ Yoast SEO plugin. -->","yoast_head_json":{"title":"Salatikauss - bio4you.eu\/retseptid","description":"Tervislik ja suvine salatikausi retsept, mille autoriks on Eesti Toitumisn\u00f5ustajate \u00dchenduse liige Mari-Anne Olenko.","robots":{"index":"index","follow":"follow","max-snippet":"max-snippet:-1","max-image-preview":"max-image-preview:large","max-video-preview":"max-video-preview:-1"},"canonical":"https:\/\/bio4you.eu\/retseptid\/toode\/salatikauss\/","og_locale":"et_EE","og_type":"article","og_title":"Salatikauss - bio4you.eu\/retseptid","og_description":"Tervislik ja suvine salatikausi retsept, mille autoriks on Eesti Toitumisn\u00f5ustajate \u00dchenduse liige Mari-Anne Olenko.","og_url":"https:\/\/bio4you.eu\/retseptid\/toode\/salatikauss\/","og_site_name":"bio4you.eu\/retseptid","article_modified_time":"2023-06-16T08:16:52+00:00","og_image":[{"width":2560,"height":2560,"url":"https:\/\/bio4you.eu\/retseptid\/wp-content\/uploads\/2023\/06\/image_67520769-1-scaled.jpg","type":"image\/jpeg"}],"twitter_misc":{"Est. reading time":"1 minut"},"schema":{"@context":"https:\/\/schema.org","@graph":[{"@type":"WebPage","@id":"https:\/\/bio4you.eu\/retseptid\/toode\/salatikauss\/","url":"https:\/\/bio4you.eu\/retseptid\/toode\/salatikauss\/","name":"Salatikauss - bio4you.eu\/retseptid","isPartOf":{"@id":"https:\/\/bio4you.eu\/retseptid\/#website"},"primaryImageOfPage":{"@id":"https:\/\/bio4you.eu\/retseptid\/toode\/salatikauss\/#primaryimage"},"image":{"@id":"https:\/\/bio4you.eu\/retseptid\/toode\/salatikauss\/#primaryimage"},"thumbnailUrl":"https:\/\/bio4you.eu\/retseptid\/wp-content\/uploads\/2023\/06\/image_67520769-1-scaled.jpg","datePublished":"2023-06-14T13:50:46+00:00","dateModified":"2023-06-16T08:16:52+00:00","description":"Tervislik ja suvine salatikausi retsept, mille autoriks on Eesti Toitumisn\u00f5ustajate \u00dchenduse liige Mari-Anne Olenko.","breadcrumb":{"@id":"https:\/\/bio4you.eu\/retseptid\/toode\/salatikauss\/#breadcrumb"},"inLanguage":"et","potentialAction":[{"@type":"ReadAction","target":["https:\/\/bio4you.eu\/retseptid\/toode\/salatikauss\/"]}]},{"@type":"ImageObject","inLanguage":"et","@id":"https:\/\/bio4you.eu\/retseptid\/toode\/salatikauss\/#primaryimage","url":"https:\/\/bio4you.eu\/retseptid\/wp-content\/uploads\/2023\/06\/image_67520769-1-scaled.jpg","contentUrl":"https:\/\/bio4you.eu\/retseptid\/wp-content\/uploads\/2023\/06\/image_67520769-1-scaled.jpg","width":2560,"height":2560},{"@type":"BreadcrumbList","@id":"https:\/\/bio4you.eu\/retseptid\/toode\/salatikauss\/#breadcrumb","itemListElement":[{"@type":"ListItem","position":1,"name":"Home","item":"https:\/\/bio4you.eu\/retseptid\/"},{"@type":"ListItem","position":2,"name":"Salatikauss"}]},{"@type":"WebSite","@id":"https:\/\/bio4you.eu\/retseptid\/#website","url":"https:\/\/bio4you.eu\/retseptid\/","name":"bio4you.eu\/retseptid","description":"\u00d6ko retseptid ise tegemiseks, looduslikest koostisainetest. Maitsev toit, iluhooldus, kodupuhastus ja aiandus.","potentialAction":[{"@type":"SearchAction","target":{"@type":"EntryPoint","urlTemplate":"https:\/\/bio4you.eu\/retseptid\/?s={search_term_string}"},"query-input":"required name=search_term_string"}],"inLanguage":"et"}]}},"_links":{"self":[{"href":"https:\/\/bio4you.eu\/retseptid\/wp-json\/wp\/v2\/product\/4153"}],"collection":[{"href":"https:\/\/bio4you.eu\/retseptid\/wp-json\/wp\/v2\/product"}],"about":[{"href":"https:\/\/bio4you.eu\/retseptid\/wp-json\/wp\/v2\/types\/product"}],"replies":[{"embeddable":true,"href":"https:\/\/bio4you.eu\/retseptid\/wp-json\/wp\/v2\/comments?post=4153"}],"wp:featuredmedia":[{"embeddable":true,"href":"https:\/\/bio4you.eu\/retseptid\/wp-json\/wp\/v2\/media\/4155"}],"wp:attachment":[{"href":"https:\/\/bio4you.eu\/retseptid\/wp-json\/wp\/v2\/media?parent=4153"}],"wp:term":[{"taxonomy":"product_cat","embeddable":true,"href":"https:\/\/bio4you.eu\/retseptid\/wp-json\/wp\/v2\/product_cat?post=4153"},{"taxonomy":"product_tag","embeddable":true,"href":"https:\/\/bio4you.eu\/retseptid\/wp-json\/wp\/v2\/product_tag?post=4153"}],"curies":[{"name":"wp","href":"https:\/\/api.w.org\/{rel}","templated":true}]}}