{"id":4163,"date":"2023-07-07T12:47:30","date_gmt":"2023-07-07T09:47:30","guid":{"rendered":"https:\/\/bio4you.eu\/retseptid\/?post_type=product&#038;p=4163"},"modified":"2023-07-07T13:03:28","modified_gmt":"2023-07-07T10:03:28","slug":"gluteenivabad-sidruni-kaerakupsised","status":"publish","type":"product","link":"https:\/\/bio4you.eu\/retseptid\/toode\/gluteenivabad-sidruni-kaerakupsised\/","title":{"rendered":"Gluteenivabad sidruni-kaerak\u00fcpsised"},"content":{"rendered":"<p>Valmistamine:<\/p>\n<ol>\n<li>Kuumuta ahi 180 kraadini \u00fclemise\/alumise re\u017eiimiga. Sega kausis kokku kaerahelbed, riisijahu, kookoshelbed, vanillisuhkur, suhkur, k\u00fcpsetuspulber ja sool ning sega l\u00e4bi.<\/li>\n<li>Klopi teises kausis kokku sulatatud v\u00f5i, muna, mesi, \u00fche sidruni koor ja 100 ml v\u00e4rskelt pressitud sidrunimahla.<\/li>\n<li>N\u00fc\u00fcd lisa vedelad koostisosad kuivainetele ja sega korralikult l\u00e4bi.<\/li>\n<li>Seej\u00e4rel t\u00f5sta v\u00e4ikeste kuhjakeste kaupa segu k\u00fcpsetuspaberiga kaetud ahjuplaadile, aja need ringikujuliselt laiali ja k\u00fcpseta ahjus umbes 12 minutit, kuni k\u00fcpsiste servad muutuvad kuldpruunikaks. PS! Sellest kogusest valmib umbes 20 k\u00fcpsist.<\/li>\n<li>V\u00f5ta k\u00fcpsised ahjust v\u00e4lja ning lase neil restil t\u00e4ielikult jahtuda.<\/li>\n<li>Haki valge \u0161okolaad, sulata see kausis vesivanni kohal, seej\u00e4rel lisa kookos\u00f5li, sulata ja sega \u00fchtlaseks seguks kokku. Aja teelusikaga \u0161okolaad \u00fchtlaselt k\u00fcpsiste peale laiali ning lase t\u00e4ielikult jahtuda.<\/li>\n<\/ol>\n","protected":false},"excerpt":{"rendered":"<p>Vaja l\u00e4heb:<\/p>\n<ul>\n<li>125 g <a href=\"https:\/\/bio4you.eu\/et\/kuivained\/5135-gluteenivabad-kaerahelbed-peened-425g.html?utm_source=bioretsept&amp;utm_medium=retsept&amp;utm_campaign=sidrunikaerakupsised\" target=\"_blank\" rel=\"noopener\">Bauckhof gluteenivabu kaerahelbed<\/a><\/li>\n<li>100 g <a href=\"https:\/\/bio4you.eu\/et\/jahud\/641-gluteenivaba-taeistera-riisijahu-500g.html?utm_source=bioretsept&amp;utm_medium=retsept&amp;utm_campaign=sidrunikaerakupsised\" target=\"_blank\" rel=\"noopener\">Bauckhof t\u00e4istera riisijahu<\/a><\/li>\n<li>25 g <a href=\"https:\/\/bio4you.eu\/et\/kookostooted\/3097-kookoshelbed-200g-cosmoveda.html?utm_source=bioretsept&amp;utm_medium=retsept&amp;utm_campaign=sidrunikaerakupsised\" target=\"_blank\" rel=\"noopener\">kookoshelbeid<\/a><\/li>\n<li>vanillisuhkrut<\/li>\n<li>80 g <a href=\"https:\/\/bio4you.eu\/et\/suhkur\/3630-ajurveeda-jaggery-suhkur-400g.html?utm_source=bioretsept&amp;utm_medium=retsept&amp;utm_campaign=sidrunikaerakupsised\" target=\"_blank\" rel=\"noopener\">suhkrut<\/a><\/li>\n<li>\u00bd tl <a href=\"https:\/\/bio4you.eu\/et\/maitseained-ja-magustajad\/2565-gluteenivaba-kuepsetuspulber-3x18g.html?utm_source=bioretsept&amp;utm_medium=retsept&amp;utm_campaign=sidrunikaerakupsised\" target=\"_blank\" rel=\"noopener\">k\u00fcpsetuspulbrit<\/a><\/li>\n<li>n\u00e4put\u00e4is <a href=\"https:\/\/bio4you.eu\/et\/maitseained-ja-magustajad\/3629-ajurveeda-himaalaja-roosa-sool-peen-500g.html?utm_source=bioretsept&amp;utm_medium=retsept&amp;utm_campaign=sidrunikaerakupsised\" target=\"_blank\" rel=\"noopener\">soola<\/a><\/li>\n<li>75 g sulatatud v\u00f5id<\/li>\n<li>1 muna<\/li>\n<li>1 spl mett<\/li>\n<li>3 sidrunit<\/li>\n<li>70 g <a href=\"https:\/\/bio4you.eu\/et\/otsi?controller=search&amp;order=product.position.desc&amp;s=valge+%C5%A1okolaad&amp;utm_source=bioretsept&amp;utm_medium=retsept&amp;utm_campaign=sidrunikaerakupsised\" target=\"_blank\" rel=\"noopener\">valget \u0161okolaadi<\/a><\/li>\n<li>\u00bd tl <a href=\"https:\/\/bio4you.eu\/et\/perele\/3868-extra-virgin-kookosoli-1550ml.html?utm_source=bioretsept&amp;utm_medium=retsept&amp;utm_campaign=sidrunikaerakupsised\" target=\"_blank\" rel=\"noopener\">kookos\u00f5li<\/a><\/li>\n<\/ul>\n","protected":false},"featured_media":4164,"comment_status":"open","ping_status":"closed","template":"","meta":{"_exactmetrics_skip_tracking":false,"_exactmetrics_sitenote_active":false,"_exactmetrics_sitenote_note":"","_exactmetrics_sitenote_category":0},"product_cat":[59,63,383,280,365],"product_tag":[],"class_list":{"0":"post-4163","1":"product","2":"type-product","3":"status-publish","4":"has-post-thumbnail","6":"product_cat-featured","7":"product_cat-gluteenivabad-retseptid","8":"product_cat-taimetoit","9":"product_cat-koogid-ja-kupsised","10":"product_cat-laste-lemmikud","12":"first","13":"instock","14":"shipping-taxable","15":"product-type-simple"},"yoast_head":"<!-- This site is optimized with the Yoast SEO plugin v23.3 - https:\/\/yoast.com\/wordpress\/plugins\/seo\/ -->\n<title>Gluteenivabad sidruni-kaerak\u00fcpsised - bio4you.eu\/retseptid<\/title>\n<meta name=\"description\" content=\"Eriti suvised ja maitsvad gluteenivabad sidrunik\u00fcpsised, millele annab erilise n\u00fcansi valge \u0161okolaad kookos\u00f5liga.\" \/>\n<meta name=\"robots\" content=\"index, follow, max-snippet:-1, max-image-preview:large, max-video-preview:-1\" \/>\n<link rel=\"canonical\" href=\"https:\/\/bio4you.eu\/retseptid\/toode\/gluteenivabad-sidruni-kaerakupsised\/\" \/>\n<meta property=\"og:locale\" content=\"et_EE\" \/>\n<meta property=\"og:type\" content=\"article\" \/>\n<meta property=\"og:title\" content=\"Gluteenivabad sidruni-kaerak\u00fcpsised - bio4you.eu\/retseptid\" \/>\n<meta property=\"og:description\" content=\"Eriti suvised ja maitsvad gluteenivabad sidrunik\u00fcpsised, millele annab erilise n\u00fcansi valge \u0161okolaad kookos\u00f5liga.\" \/>\n<meta property=\"og:url\" content=\"https:\/\/bio4you.eu\/retseptid\/toode\/gluteenivabad-sidruni-kaerakupsised\/\" \/>\n<meta property=\"og:site_name\" content=\"bio4you.eu\/retseptid\" \/>\n<meta property=\"article:modified_time\" content=\"2023-07-07T10:03:28+00:00\" \/>\n<meta property=\"og:image\" content=\"https:\/\/bio4you.eu\/retseptid\/wp-content\/uploads\/2023\/07\/328524168_611820194088948_3395549986341362149_n.jpg\" \/>\n\t<meta property=\"og:image:width\" content=\"2048\" \/>\n\t<meta property=\"og:image:height\" content=\"2048\" \/>\n\t<meta property=\"og:image:type\" content=\"image\/jpeg\" \/>\n<meta name=\"twitter:label1\" content=\"Est. reading time\" \/>\n\t<meta name=\"twitter:data1\" content=\"1 minut\" \/>\n<script type=\"application\/ld+json\" class=\"yoast-schema-graph\">{\"@context\":\"https:\/\/schema.org\",\"@graph\":[{\"@type\":\"WebPage\",\"@id\":\"https:\/\/bio4you.eu\/retseptid\/toode\/gluteenivabad-sidruni-kaerakupsised\/\",\"url\":\"https:\/\/bio4you.eu\/retseptid\/toode\/gluteenivabad-sidruni-kaerakupsised\/\",\"name\":\"Gluteenivabad sidruni-kaerak\u00fcpsised - bio4you.eu\/retseptid\",\"isPartOf\":{\"@id\":\"https:\/\/bio4you.eu\/retseptid\/#website\"},\"primaryImageOfPage\":{\"@id\":\"https:\/\/bio4you.eu\/retseptid\/toode\/gluteenivabad-sidruni-kaerakupsised\/#primaryimage\"},\"image\":{\"@id\":\"https:\/\/bio4you.eu\/retseptid\/toode\/gluteenivabad-sidruni-kaerakupsised\/#primaryimage\"},\"thumbnailUrl\":\"https:\/\/bio4you.eu\/retseptid\/wp-content\/uploads\/2023\/07\/328524168_611820194088948_3395549986341362149_n.jpg\",\"datePublished\":\"2023-07-07T09:47:30+00:00\",\"dateModified\":\"2023-07-07T10:03:28+00:00\",\"description\":\"Eriti suvised ja maitsvad gluteenivabad sidrunik\u00fcpsised, millele annab erilise n\u00fcansi valge \u0161okolaad kookos\u00f5liga.\",\"breadcrumb\":{\"@id\":\"https:\/\/bio4you.eu\/retseptid\/toode\/gluteenivabad-sidruni-kaerakupsised\/#breadcrumb\"},\"inLanguage\":\"et\",\"potentialAction\":[{\"@type\":\"ReadAction\",\"target\":[\"https:\/\/bio4you.eu\/retseptid\/toode\/gluteenivabad-sidruni-kaerakupsised\/\"]}]},{\"@type\":\"ImageObject\",\"inLanguage\":\"et\",\"@id\":\"https:\/\/bio4you.eu\/retseptid\/toode\/gluteenivabad-sidruni-kaerakupsised\/#primaryimage\",\"url\":\"https:\/\/bio4you.eu\/retseptid\/wp-content\/uploads\/2023\/07\/328524168_611820194088948_3395549986341362149_n.jpg\",\"contentUrl\":\"https:\/\/bio4you.eu\/retseptid\/wp-content\/uploads\/2023\/07\/328524168_611820194088948_3395549986341362149_n.jpg\",\"width\":2048,\"height\":2048},{\"@type\":\"BreadcrumbList\",\"@id\":\"https:\/\/bio4you.eu\/retseptid\/toode\/gluteenivabad-sidruni-kaerakupsised\/#breadcrumb\",\"itemListElement\":[{\"@type\":\"ListItem\",\"position\":1,\"name\":\"Home\",\"item\":\"https:\/\/bio4you.eu\/retseptid\/\"},{\"@type\":\"ListItem\",\"position\":2,\"name\":\"Gluteenivabad sidruni-kaerak\u00fcpsised\"}]},{\"@type\":\"WebSite\",\"@id\":\"https:\/\/bio4you.eu\/retseptid\/#website\",\"url\":\"https:\/\/bio4you.eu\/retseptid\/\",\"name\":\"bio4you.eu\/retseptid\",\"description\":\"\u00d6ko retseptid ise tegemiseks, looduslikest koostisainetest. Maitsev toit, iluhooldus, kodupuhastus ja aiandus.\",\"potentialAction\":[{\"@type\":\"SearchAction\",\"target\":{\"@type\":\"EntryPoint\",\"urlTemplate\":\"https:\/\/bio4you.eu\/retseptid\/?s={search_term_string}\"},\"query-input\":\"required name=search_term_string\"}],\"inLanguage\":\"et\"}]}<\/script>\n<!-- \/ Yoast SEO plugin. -->","yoast_head_json":{"title":"Gluteenivabad sidruni-kaerak\u00fcpsised - bio4you.eu\/retseptid","description":"Eriti suvised ja maitsvad gluteenivabad sidrunik\u00fcpsised, millele annab erilise n\u00fcansi valge \u0161okolaad kookos\u00f5liga.","robots":{"index":"index","follow":"follow","max-snippet":"max-snippet:-1","max-image-preview":"max-image-preview:large","max-video-preview":"max-video-preview:-1"},"canonical":"https:\/\/bio4you.eu\/retseptid\/toode\/gluteenivabad-sidruni-kaerakupsised\/","og_locale":"et_EE","og_type":"article","og_title":"Gluteenivabad sidruni-kaerak\u00fcpsised - bio4you.eu\/retseptid","og_description":"Eriti suvised ja maitsvad gluteenivabad sidrunik\u00fcpsised, millele annab erilise n\u00fcansi valge \u0161okolaad kookos\u00f5liga.","og_url":"https:\/\/bio4you.eu\/retseptid\/toode\/gluteenivabad-sidruni-kaerakupsised\/","og_site_name":"bio4you.eu\/retseptid","article_modified_time":"2023-07-07T10:03:28+00:00","og_image":[{"width":2048,"height":2048,"url":"https:\/\/bio4you.eu\/retseptid\/wp-content\/uploads\/2023\/07\/328524168_611820194088948_3395549986341362149_n.jpg","type":"image\/jpeg"}],"twitter_misc":{"Est. reading time":"1 minut"},"schema":{"@context":"https:\/\/schema.org","@graph":[{"@type":"WebPage","@id":"https:\/\/bio4you.eu\/retseptid\/toode\/gluteenivabad-sidruni-kaerakupsised\/","url":"https:\/\/bio4you.eu\/retseptid\/toode\/gluteenivabad-sidruni-kaerakupsised\/","name":"Gluteenivabad sidruni-kaerak\u00fcpsised - bio4you.eu\/retseptid","isPartOf":{"@id":"https:\/\/bio4you.eu\/retseptid\/#website"},"primaryImageOfPage":{"@id":"https:\/\/bio4you.eu\/retseptid\/toode\/gluteenivabad-sidruni-kaerakupsised\/#primaryimage"},"image":{"@id":"https:\/\/bio4you.eu\/retseptid\/toode\/gluteenivabad-sidruni-kaerakupsised\/#primaryimage"},"thumbnailUrl":"https:\/\/bio4you.eu\/retseptid\/wp-content\/uploads\/2023\/07\/328524168_611820194088948_3395549986341362149_n.jpg","datePublished":"2023-07-07T09:47:30+00:00","dateModified":"2023-07-07T10:03:28+00:00","description":"Eriti suvised ja maitsvad gluteenivabad sidrunik\u00fcpsised, millele annab erilise n\u00fcansi valge \u0161okolaad kookos\u00f5liga.","breadcrumb":{"@id":"https:\/\/bio4you.eu\/retseptid\/toode\/gluteenivabad-sidruni-kaerakupsised\/#breadcrumb"},"inLanguage":"et","potentialAction":[{"@type":"ReadAction","target":["https:\/\/bio4you.eu\/retseptid\/toode\/gluteenivabad-sidruni-kaerakupsised\/"]}]},{"@type":"ImageObject","inLanguage":"et","@id":"https:\/\/bio4you.eu\/retseptid\/toode\/gluteenivabad-sidruni-kaerakupsised\/#primaryimage","url":"https:\/\/bio4you.eu\/retseptid\/wp-content\/uploads\/2023\/07\/328524168_611820194088948_3395549986341362149_n.jpg","contentUrl":"https:\/\/bio4you.eu\/retseptid\/wp-content\/uploads\/2023\/07\/328524168_611820194088948_3395549986341362149_n.jpg","width":2048,"height":2048},{"@type":"BreadcrumbList","@id":"https:\/\/bio4you.eu\/retseptid\/toode\/gluteenivabad-sidruni-kaerakupsised\/#breadcrumb","itemListElement":[{"@type":"ListItem","position":1,"name":"Home","item":"https:\/\/bio4you.eu\/retseptid\/"},{"@type":"ListItem","position":2,"name":"Gluteenivabad sidruni-kaerak\u00fcpsised"}]},{"@type":"WebSite","@id":"https:\/\/bio4you.eu\/retseptid\/#website","url":"https:\/\/bio4you.eu\/retseptid\/","name":"bio4you.eu\/retseptid","description":"\u00d6ko retseptid ise tegemiseks, looduslikest koostisainetest. Maitsev toit, iluhooldus, kodupuhastus ja aiandus.","potentialAction":[{"@type":"SearchAction","target":{"@type":"EntryPoint","urlTemplate":"https:\/\/bio4you.eu\/retseptid\/?s={search_term_string}"},"query-input":"required name=search_term_string"}],"inLanguage":"et"}]}},"_links":{"self":[{"href":"https:\/\/bio4you.eu\/retseptid\/wp-json\/wp\/v2\/product\/4163"}],"collection":[{"href":"https:\/\/bio4you.eu\/retseptid\/wp-json\/wp\/v2\/product"}],"about":[{"href":"https:\/\/bio4you.eu\/retseptid\/wp-json\/wp\/v2\/types\/product"}],"replies":[{"embeddable":true,"href":"https:\/\/bio4you.eu\/retseptid\/wp-json\/wp\/v2\/comments?post=4163"}],"wp:featuredmedia":[{"embeddable":true,"href":"https:\/\/bio4you.eu\/retseptid\/wp-json\/wp\/v2\/media\/4164"}],"wp:attachment":[{"href":"https:\/\/bio4you.eu\/retseptid\/wp-json\/wp\/v2\/media?parent=4163"}],"wp:term":[{"taxonomy":"product_cat","embeddable":true,"href":"https:\/\/bio4you.eu\/retseptid\/wp-json\/wp\/v2\/product_cat?post=4163"},{"taxonomy":"product_tag","embeddable":true,"href":"https:\/\/bio4you.eu\/retseptid\/wp-json\/wp\/v2\/product_tag?post=4163"}],"curies":[{"name":"wp","href":"https:\/\/api.w.org\/{rel}","templated":true}]}}