{"id":4166,"date":"2023-07-14T14:18:34","date_gmt":"2023-07-14T11:18:34","guid":{"rendered":"https:\/\/bio4you.eu\/retseptid\/?post_type=product&#038;p=4166"},"modified":"2023-07-14T14:42:44","modified_gmt":"2023-07-14T11:42:44","slug":"gluteenivabad-minipitsad-grillitud-koogiviljadega","status":"publish","type":"product","link":"https:\/\/bio4you.eu\/retseptid\/toode\/gluteenivabad-minipitsad-grillitud-koogiviljadega\/","title":{"rendered":"Gluteenivabad minipitsad grillitud k\u00f6\u00f6giviljadega"},"content":{"rendered":"<p>Kui armastad pitsat, siis proovi neid minipitsasid. Peale v\u00f5id panna just endale meelep\u00e4raseid grillitud k\u00f6\u00f6gi- ja juurvilju. Bauckhof pitsap\u00f5hja jahusegu on sertifitseeritud gluteenivaba toode.<\/p>\n<p>Valmistamine:<br \/>\nKaste:<\/p>\n<ol>\n<li>L\u00f5ika pool sibulat v\u00f5imalikult v\u00e4ikesteks kuubikuteks, pressi k\u00fc\u00fcslauk ja prae v\u00e4ikeses potis v\u00e4heses oliivi\u00f5lis.<\/li>\n<li>Lisa tomatit\u00fckid ja p\u00fcreesta need vastavalt oma maitsele saumikseriga veidi v\u00e4iksemaks (kui vaja).<\/li>\n<li>Maitsesta soola, pipra ja v\u00e4hese t\u0161illiga ning lase keskmisel kuumusel ilma kaaneta veidi podised. Ettevaatust: kaste v\u00f5ib pritsida!<\/li>\n<\/ol>\n<p>Pitsad:<\/p>\n<ol>\n<li>Puhasta k\u00f6\u00f6giviljad ja l\u00f5ika \u00f5hukesteks \u00fchtlasteks viiludeks. Suvik\u00f5rvitsa l\u00f5ikamiseks pikkadeks ribadeks v\u00f5id kasutada ka mandoliini.<\/li>\n<li>Pintselda veidi oliivi\u00f5liga ja marineeri kergelt soola ja enda valitud maitseainetega \u2013 paprikapulber sobib suurep\u00e4raselt.<\/li>\n<li>Grilli grillpannil kuni k\u00f6\u00f6giviljadele tekib kuldpruun grillmuster.<\/li>\n<li>L\u00f5ika kitsejuust v\u00f5rdseteks viiludeks v\u00f5i riivi.<\/li>\n<li>Kuumuta ahi \u00fclemise\/alumise kuumusega 225\u00b0 kraadini ja valmista Bauckhofi gluteenivaba pitsa tainas vastavalt pakendil olevale juhisele.<\/li>\n<li>V\u00f5ta tainas segamisn\u00f5ust v\u00e4lja ja s\u00f5tku maisit\u00e4rklise abil k\u00e4sitsi t\u00f6\u00f6pinnal l\u00e4bi ning vormi \u00fchtlaseks palliks.<\/li>\n<li>Jaga tainapall 8 v\u00f5rdseks t\u00fckiks.<\/li>\n<li>Vormi pallikestest v\u00e4ikesed \u00fcmmargused pitsap\u00f5hjad, kasutades veidi maisit\u00e4rklist. J\u00e4ta serv pisut k\u00f5rgemaks \u2013 k\u00f5ige parem on tainast keskelt k\u00e4epalliga &#8220;v\u00e4ljapoole suruda&#8221;.<\/li>\n<li>M\u00e4\u00e4ri peale ohtralt tomatikastet ja seej\u00e4rel grillitud juurviljad ning kitsejuust.<\/li>\n<li>Aseta pitsad ahju <em>ca<\/em> 15 minutiks.<\/li>\n<li>P\u00e4rast ahjust v\u00e4lja v\u00f5tmist pane pitsade peale ka beebispinat ning naudi!<\/li>\n<\/ol>\n","protected":false},"excerpt":{"rendered":"<p>Vaja l\u00e4heb:<br \/>\nTomatikastme jaoks:<\/p>\n<ul>\n<li>0,5 v\u00e4ikest sibulat<\/li>\n<li>2 k\u00fc\u00fcslauguk\u00fc\u00fcnt<\/li>\n<li>400 g kooritud konservtomateid<\/li>\n<li>1-2 spl <a href=\"https:\/\/bio4you.eu\/et\/olid-kastmed-kreemid\/2245-ekstra-vaeaerisoliivioli-500ml.html?utm_source=bioretsept&amp;utm_medium=retsept&amp;utm_campaign=minipitsad\" target=\"_blank\" rel=\"noopener\">ekstra v\u00e4\u00e4risoliivi\u00f5li<\/a><\/li>\n<li><a href=\"https:\/\/bio4you.eu\/et\/maitseained-ja-magustajad\/3629-ajurveeda-himaalaja-roosa-sool-peen-500g.html?utm_source=bioretsept&amp;utm_medium=retsept&amp;utm_campaign=minipitsad\" target=\"_blank\" rel=\"noopener\">soola<\/a><\/li>\n<li>pipart<\/li>\n<li>v\u00e4rsket t\u0161illit<\/li>\n<\/ul>\n<p>Pitsa jaoks:<\/p>\n<ul>\n<li>1 pakk <a href=\"https:\/\/bio4you.eu\/et\/kuivained\/649-gluteenivaba-pitsapohja-jahusegu-350g.html?utm_source=bioretsept&amp;utm_medium=retsept&amp;utm_campaign=minipitsad\" target=\"_blank\" rel=\"noopener\">Bauckhof gluteenivaba pitsap\u00f5hja jahusegu<\/a><\/li>\n<li>2 v\u00e4ikest suvik\u00f5rvitsat<\/li>\n<li>seeni<\/li>\n<li>kitsejuustu (v\u00f5i muud sobivat juustu)<\/li>\n<li>sibulat<\/li>\n<li>beebispinatit<\/li>\n<li>ekstra v\u00e4\u00e4risoliivi\u00f5li<\/li>\n<li>soola<\/li>\n<li>pipart<\/li>\n<li>maitseaineid<\/li>\n<li>pisut maisit\u00e4rklist<\/li>\n<\/ul>\n","protected":false},"featured_media":4167,"comment_status":"open","ping_status":"closed","template":"","meta":{"_exactmetrics_skip_tracking":false,"_exactmetrics_sitenote_active":false,"_exactmetrics_sitenote_note":"","_exactmetrics_sitenote_category":0},"product_cat":[59,63,383,68],"product_tag":[],"class_list":{"0":"post-4166","1":"product","2":"type-product","3":"status-publish","4":"has-post-thumbnail","6":"product_cat-featured","7":"product_cat-gluteenivabad-retseptid","8":"product_cat-taimetoit","9":"product_cat-suupisted","11":"first","12":"instock","13":"shipping-taxable","14":"product-type-simple"},"yoast_head":"<!-- This site is optimized with the Yoast SEO plugin v23.3 - https:\/\/yoast.com\/wordpress\/plugins\/seo\/ -->\n<title>Gluteenivabad minipitsad grillitud k\u00f6\u00f6giviljadega - bio4you.eu\/retseptid<\/title>\n<meta name=\"description\" content=\"Grillitud k\u00f6\u00f6giviljade ja h\u00f5rgu kitsejuustuga minipitsad, mis on valmistatud gluteenivaba Bauckhof pitsap\u00f5hjaseguga. T\u00f5eline suvetoit!\" \/>\n<meta name=\"robots\" content=\"index, follow, max-snippet:-1, max-image-preview:large, max-video-preview:-1\" \/>\n<link rel=\"canonical\" href=\"https:\/\/bio4you.eu\/retseptid\/toode\/gluteenivabad-minipitsad-grillitud-koogiviljadega\/\" \/>\n<meta property=\"og:locale\" content=\"et_EE\" \/>\n<meta property=\"og:type\" content=\"article\" \/>\n<meta property=\"og:title\" content=\"Gluteenivabad minipitsad grillitud k\u00f6\u00f6giviljadega - bio4you.eu\/retseptid\" \/>\n<meta property=\"og:description\" content=\"Grillitud k\u00f6\u00f6giviljade ja h\u00f5rgu kitsejuustuga minipitsad, mis on valmistatud gluteenivaba Bauckhof pitsap\u00f5hjaseguga. T\u00f5eline suvetoit!\" \/>\n<meta property=\"og:url\" content=\"https:\/\/bio4you.eu\/retseptid\/toode\/gluteenivabad-minipitsad-grillitud-koogiviljadega\/\" \/>\n<meta property=\"og:site_name\" content=\"bio4you.eu\/retseptid\" \/>\n<meta property=\"article:modified_time\" content=\"2023-07-14T11:42:44+00:00\" \/>\n<meta property=\"og:image\" content=\"https:\/\/bio4you.eu\/retseptid\/wp-content\/uploads\/2023\/07\/Mini-Pizzen_mit_Grillgemuese_glutenfrei.jpg\" \/>\n\t<meta property=\"og:image:width\" content=\"1024\" \/>\n\t<meta property=\"og:image:height\" content=\"1535\" \/>\n\t<meta property=\"og:image:type\" content=\"image\/jpeg\" \/>\n<meta name=\"twitter:label1\" content=\"Est. reading time\" \/>\n\t<meta name=\"twitter:data1\" content=\"1 minut\" \/>\n<script type=\"application\/ld+json\" class=\"yoast-schema-graph\">{\"@context\":\"https:\/\/schema.org\",\"@graph\":[{\"@type\":\"WebPage\",\"@id\":\"https:\/\/bio4you.eu\/retseptid\/toode\/gluteenivabad-minipitsad-grillitud-koogiviljadega\/\",\"url\":\"https:\/\/bio4you.eu\/retseptid\/toode\/gluteenivabad-minipitsad-grillitud-koogiviljadega\/\",\"name\":\"Gluteenivabad minipitsad grillitud k\u00f6\u00f6giviljadega - bio4you.eu\/retseptid\",\"isPartOf\":{\"@id\":\"https:\/\/bio4you.eu\/retseptid\/#website\"},\"primaryImageOfPage\":{\"@id\":\"https:\/\/bio4you.eu\/retseptid\/toode\/gluteenivabad-minipitsad-grillitud-koogiviljadega\/#primaryimage\"},\"image\":{\"@id\":\"https:\/\/bio4you.eu\/retseptid\/toode\/gluteenivabad-minipitsad-grillitud-koogiviljadega\/#primaryimage\"},\"thumbnailUrl\":\"https:\/\/bio4you.eu\/retseptid\/wp-content\/uploads\/2023\/07\/Mini-Pizzen_mit_Grillgemuese_glutenfrei.jpg\",\"datePublished\":\"2023-07-14T11:18:34+00:00\",\"dateModified\":\"2023-07-14T11:42:44+00:00\",\"description\":\"Grillitud k\u00f6\u00f6giviljade ja h\u00f5rgu kitsejuustuga minipitsad, mis on valmistatud gluteenivaba Bauckhof pitsap\u00f5hjaseguga. T\u00f5eline suvetoit!\",\"breadcrumb\":{\"@id\":\"https:\/\/bio4you.eu\/retseptid\/toode\/gluteenivabad-minipitsad-grillitud-koogiviljadega\/#breadcrumb\"},\"inLanguage\":\"et\",\"potentialAction\":[{\"@type\":\"ReadAction\",\"target\":[\"https:\/\/bio4you.eu\/retseptid\/toode\/gluteenivabad-minipitsad-grillitud-koogiviljadega\/\"]}]},{\"@type\":\"ImageObject\",\"inLanguage\":\"et\",\"@id\":\"https:\/\/bio4you.eu\/retseptid\/toode\/gluteenivabad-minipitsad-grillitud-koogiviljadega\/#primaryimage\",\"url\":\"https:\/\/bio4you.eu\/retseptid\/wp-content\/uploads\/2023\/07\/Mini-Pizzen_mit_Grillgemuese_glutenfrei.jpg\",\"contentUrl\":\"https:\/\/bio4you.eu\/retseptid\/wp-content\/uploads\/2023\/07\/Mini-Pizzen_mit_Grillgemuese_glutenfrei.jpg\",\"width\":1024,\"height\":1535},{\"@type\":\"BreadcrumbList\",\"@id\":\"https:\/\/bio4you.eu\/retseptid\/toode\/gluteenivabad-minipitsad-grillitud-koogiviljadega\/#breadcrumb\",\"itemListElement\":[{\"@type\":\"ListItem\",\"position\":1,\"name\":\"Home\",\"item\":\"https:\/\/bio4you.eu\/retseptid\/\"},{\"@type\":\"ListItem\",\"position\":2,\"name\":\"Gluteenivabad minipitsad grillitud k\u00f6\u00f6giviljadega\"}]},{\"@type\":\"WebSite\",\"@id\":\"https:\/\/bio4you.eu\/retseptid\/#website\",\"url\":\"https:\/\/bio4you.eu\/retseptid\/\",\"name\":\"bio4you.eu\/retseptid\",\"description\":\"\u00d6ko retseptid ise tegemiseks, looduslikest koostisainetest. Maitsev toit, iluhooldus, kodupuhastus ja aiandus.\",\"potentialAction\":[{\"@type\":\"SearchAction\",\"target\":{\"@type\":\"EntryPoint\",\"urlTemplate\":\"https:\/\/bio4you.eu\/retseptid\/?s={search_term_string}\"},\"query-input\":\"required name=search_term_string\"}],\"inLanguage\":\"et\"}]}<\/script>\n<!-- \/ Yoast SEO plugin. -->","yoast_head_json":{"title":"Gluteenivabad minipitsad grillitud k\u00f6\u00f6giviljadega - bio4you.eu\/retseptid","description":"Grillitud k\u00f6\u00f6giviljade ja h\u00f5rgu kitsejuustuga minipitsad, mis on valmistatud gluteenivaba Bauckhof pitsap\u00f5hjaseguga. T\u00f5eline suvetoit!","robots":{"index":"index","follow":"follow","max-snippet":"max-snippet:-1","max-image-preview":"max-image-preview:large","max-video-preview":"max-video-preview:-1"},"canonical":"https:\/\/bio4you.eu\/retseptid\/toode\/gluteenivabad-minipitsad-grillitud-koogiviljadega\/","og_locale":"et_EE","og_type":"article","og_title":"Gluteenivabad minipitsad grillitud k\u00f6\u00f6giviljadega - bio4you.eu\/retseptid","og_description":"Grillitud k\u00f6\u00f6giviljade ja h\u00f5rgu kitsejuustuga minipitsad, mis on valmistatud gluteenivaba Bauckhof pitsap\u00f5hjaseguga. T\u00f5eline suvetoit!","og_url":"https:\/\/bio4you.eu\/retseptid\/toode\/gluteenivabad-minipitsad-grillitud-koogiviljadega\/","og_site_name":"bio4you.eu\/retseptid","article_modified_time":"2023-07-14T11:42:44+00:00","og_image":[{"width":1024,"height":1535,"url":"https:\/\/bio4you.eu\/retseptid\/wp-content\/uploads\/2023\/07\/Mini-Pizzen_mit_Grillgemuese_glutenfrei.jpg","type":"image\/jpeg"}],"twitter_misc":{"Est. reading time":"1 minut"},"schema":{"@context":"https:\/\/schema.org","@graph":[{"@type":"WebPage","@id":"https:\/\/bio4you.eu\/retseptid\/toode\/gluteenivabad-minipitsad-grillitud-koogiviljadega\/","url":"https:\/\/bio4you.eu\/retseptid\/toode\/gluteenivabad-minipitsad-grillitud-koogiviljadega\/","name":"Gluteenivabad minipitsad grillitud k\u00f6\u00f6giviljadega - bio4you.eu\/retseptid","isPartOf":{"@id":"https:\/\/bio4you.eu\/retseptid\/#website"},"primaryImageOfPage":{"@id":"https:\/\/bio4you.eu\/retseptid\/toode\/gluteenivabad-minipitsad-grillitud-koogiviljadega\/#primaryimage"},"image":{"@id":"https:\/\/bio4you.eu\/retseptid\/toode\/gluteenivabad-minipitsad-grillitud-koogiviljadega\/#primaryimage"},"thumbnailUrl":"https:\/\/bio4you.eu\/retseptid\/wp-content\/uploads\/2023\/07\/Mini-Pizzen_mit_Grillgemuese_glutenfrei.jpg","datePublished":"2023-07-14T11:18:34+00:00","dateModified":"2023-07-14T11:42:44+00:00","description":"Grillitud k\u00f6\u00f6giviljade ja h\u00f5rgu kitsejuustuga minipitsad, mis on valmistatud gluteenivaba Bauckhof pitsap\u00f5hjaseguga. T\u00f5eline suvetoit!","breadcrumb":{"@id":"https:\/\/bio4you.eu\/retseptid\/toode\/gluteenivabad-minipitsad-grillitud-koogiviljadega\/#breadcrumb"},"inLanguage":"et","potentialAction":[{"@type":"ReadAction","target":["https:\/\/bio4you.eu\/retseptid\/toode\/gluteenivabad-minipitsad-grillitud-koogiviljadega\/"]}]},{"@type":"ImageObject","inLanguage":"et","@id":"https:\/\/bio4you.eu\/retseptid\/toode\/gluteenivabad-minipitsad-grillitud-koogiviljadega\/#primaryimage","url":"https:\/\/bio4you.eu\/retseptid\/wp-content\/uploads\/2023\/07\/Mini-Pizzen_mit_Grillgemuese_glutenfrei.jpg","contentUrl":"https:\/\/bio4you.eu\/retseptid\/wp-content\/uploads\/2023\/07\/Mini-Pizzen_mit_Grillgemuese_glutenfrei.jpg","width":1024,"height":1535},{"@type":"BreadcrumbList","@id":"https:\/\/bio4you.eu\/retseptid\/toode\/gluteenivabad-minipitsad-grillitud-koogiviljadega\/#breadcrumb","itemListElement":[{"@type":"ListItem","position":1,"name":"Home","item":"https:\/\/bio4you.eu\/retseptid\/"},{"@type":"ListItem","position":2,"name":"Gluteenivabad minipitsad grillitud k\u00f6\u00f6giviljadega"}]},{"@type":"WebSite","@id":"https:\/\/bio4you.eu\/retseptid\/#website","url":"https:\/\/bio4you.eu\/retseptid\/","name":"bio4you.eu\/retseptid","description":"\u00d6ko retseptid ise tegemiseks, looduslikest koostisainetest. Maitsev toit, iluhooldus, kodupuhastus ja aiandus.","potentialAction":[{"@type":"SearchAction","target":{"@type":"EntryPoint","urlTemplate":"https:\/\/bio4you.eu\/retseptid\/?s={search_term_string}"},"query-input":"required name=search_term_string"}],"inLanguage":"et"}]}},"_links":{"self":[{"href":"https:\/\/bio4you.eu\/retseptid\/wp-json\/wp\/v2\/product\/4166"}],"collection":[{"href":"https:\/\/bio4you.eu\/retseptid\/wp-json\/wp\/v2\/product"}],"about":[{"href":"https:\/\/bio4you.eu\/retseptid\/wp-json\/wp\/v2\/types\/product"}],"replies":[{"embeddable":true,"href":"https:\/\/bio4you.eu\/retseptid\/wp-json\/wp\/v2\/comments?post=4166"}],"wp:featuredmedia":[{"embeddable":true,"href":"https:\/\/bio4you.eu\/retseptid\/wp-json\/wp\/v2\/media\/4167"}],"wp:attachment":[{"href":"https:\/\/bio4you.eu\/retseptid\/wp-json\/wp\/v2\/media?parent=4166"}],"wp:term":[{"taxonomy":"product_cat","embeddable":true,"href":"https:\/\/bio4you.eu\/retseptid\/wp-json\/wp\/v2\/product_cat?post=4166"},{"taxonomy":"product_tag","embeddable":true,"href":"https:\/\/bio4you.eu\/retseptid\/wp-json\/wp\/v2\/product_tag?post=4166"}],"curies":[{"name":"wp","href":"https:\/\/api.w.org\/{rel}","templated":true}]}}