{"id":4172,"date":"2023-07-20T16:44:08","date_gmt":"2023-07-20T13:44:08","guid":{"rendered":"https:\/\/bio4you.eu\/retseptid\/?post_type=product&#038;p=4172"},"modified":"2023-07-20T17:05:59","modified_gmt":"2023-07-20T14:05:59","slug":"kreemine-tomatipasta","status":"publish","type":"product","link":"https:\/\/bio4you.eu\/retseptid\/toode\/kreemine-tomatipasta\/","title":{"rendered":"Kreemine tomatipasta"},"content":{"rendered":"<p>Kiiresti ja lihtsalt valmiv pastaroog, mis on t\u00f5eliselt maitsev ja v\u00f5tab su p\u00e4evast vaid 10 minutit! Selles retseptis kasutame kvaliteetset durum nisujahust valmistatud kolmev\u00e4rvilist penne pastat, mis sisaldab mahep\u00f5llumajandusest p\u00e4rinevat n\u00f5gest ja lehtpeeti. T\u00f5eliselt maitsev roog, mis muudab argip\u00e4eva l\u00f5una- ja \u00f5htus\u00f6\u00f6gid elamuseks!<\/p>\n<p>Valmistamine:<\/p>\n<ol>\n<li>Keeda pasta vastavalt pakil olevale juhendile.<\/li>\n<li>Kuumuta keskmisel kuumusel oliivi\u00f5li ning prae selles sibul ja k\u00fc\u00fcslauk kuni sibul muutub l\u00e4bipaistvaks.<\/li>\n<li>Lisa tomatipasta ja t\u0161illihelbed, prae 1-2 minutit, seej\u00e4rel lisa koor. Sega k\u00f5ik kokku, kuni tekib roosakas-punane kaste.<\/li>\n<li>Lisa kastmele maitse j\u00e4rgi soola ja pipart.<\/li>\n<li>Kurna pasta, aga lisa kastmele 3 spl keeduvett. Sega pasta kokku kastmega ja lisa ka juust.<\/li>\n<li>Kuumuta kogu rooga umbes minut kuni juust on sulanud.<\/li>\n<li>Serveeri, soovi korral lisa veel juustu ja maitserohelist.<\/li>\n<\/ol>\n","protected":false},"excerpt":{"rendered":"<p>Vaja l\u00e4heb:<\/p>\n<ul>\n<li>200 g <a href=\"https:\/\/bio4you.eu\/et\/outlet\/5402-durum-nisupasta-nogese-ja-peediga-500g.html?utm_source=bioretsept&amp;utm_medium=retsept&amp;utm_campaign=peedipasta\" target=\"_blank\" rel=\"noopener\">L&#8217;Origine durum nisupastat n\u00f5gese ja punapeediga<\/a><\/li>\n<li>2 spl <a href=\"https:\/\/bio4you.eu\/et\/olid-kastmed-kreemid\/2245-ekstra-vaeaerisoliivioli-500ml.html?utm_source=bioretsept&amp;utm_medium=retsept&amp;utm_campaign=peedipasta\" target=\"_blank\" rel=\"noopener\">Corvino ekstra v\u00e4\u00e4risoliivi\u00f5li<\/a><\/li>\n<li>0,5 punast v\u00f5i valget sibulat, kuubikuteks t\u00fckeldatud<\/li>\n<li>1 k\u00fc\u00fcslauguk\u00fc\u00fcs, t\u00fckeldatud<\/li>\n<li>2 spl kontsentreeritud tomatipastat (100% tomatip\u00fcree)<\/li>\n<li>0,5 tl t\u0161illihelbeid<\/li>\n<li>250 ml toidukoort<\/li>\n<li>peot\u00e4is sobivat juustu<\/li>\n<li><a href=\"https:\/\/bio4you.eu\/et\/maitseained-ja-magustajad\/3629-ajurveeda-himaalaja-roosa-sool-peen-500g.html?utm_source=bioretsept&amp;utm_medium=retsept&amp;utm_campaign=peedipasta\" target=\"_blank\" rel=\"noopener\">soola<\/a><\/li>\n<li>pipart<\/li>\n<li>3 spl pasta keeduvett<\/li>\n<li>serveerimiseks maitserohelist<\/li>\n<\/ul>\n","protected":false},"featured_media":4173,"comment_status":"open","ping_status":"closed","template":"","meta":{"_exactmetrics_skip_tracking":false,"_exactmetrics_sitenote_active":false,"_exactmetrics_sitenote_note":"","_exactmetrics_sitenote_category":0},"product_cat":[59,60,382,383,70],"product_tag":[],"class_list":{"0":"post-4172","1":"product","2":"type-product","3":"status-publish","4":"has-post-thumbnail","6":"product_cat-featured","7":"product_cat-toiduretseptid","8":"product_cat-vegan-toiduretseptid","9":"product_cat-taimetoit","10":"product_cat-pastaroad","12":"first","13":"instock","14":"shipping-taxable","15":"product-type-simple"},"yoast_head":"<!-- This site is optimized with the Yoast SEO plugin v23.3 - https:\/\/yoast.com\/wordpress\/plugins\/seo\/ -->\n<title>Kreemine tomatipasta - bio4you.eu\/retseptid<\/title>\n<meta name=\"description\" content=\"Maitsekas peedi-n\u00f5gese penne kreemises tomati-juustukastmes. Valmib 10 minutiga ning rahuldab ka k\u00f5ige n\u00f5udlikuma toidus\u00f5bra isud!\" \/>\n<meta name=\"robots\" content=\"index, follow, max-snippet:-1, max-image-preview:large, max-video-preview:-1\" \/>\n<link rel=\"canonical\" href=\"https:\/\/bio4you.eu\/retseptid\/toode\/kreemine-tomatipasta\/\" \/>\n<meta property=\"og:locale\" content=\"et_EE\" \/>\n<meta property=\"og:type\" content=\"article\" \/>\n<meta property=\"og:title\" content=\"Kreemine tomatipasta - bio4you.eu\/retseptid\" \/>\n<meta property=\"og:description\" content=\"Maitsekas peedi-n\u00f5gese penne kreemises tomati-juustukastmes. Valmib 10 minutiga ning rahuldab ka k\u00f5ige n\u00f5udlikuma toidus\u00f5bra isud!\" \/>\n<meta property=\"og:url\" content=\"https:\/\/bio4you.eu\/retseptid\/toode\/kreemine-tomatipasta\/\" \/>\n<meta property=\"og:site_name\" content=\"bio4you.eu\/retseptid\" \/>\n<meta property=\"article:modified_time\" content=\"2023-07-20T14:05:59+00:00\" \/>\n<meta property=\"og:image\" content=\"https:\/\/bio4you.eu\/retseptid\/wp-content\/uploads\/2023\/07\/DSC_9297-scaled.jpg\" \/>\n\t<meta property=\"og:image:width\" content=\"1707\" \/>\n\t<meta property=\"og:image:height\" content=\"2560\" \/>\n\t<meta property=\"og:image:type\" content=\"image\/jpeg\" \/>\n<meta name=\"twitter:label1\" content=\"Est. reading time\" \/>\n\t<meta name=\"twitter:data1\" content=\"1 minut\" \/>\n<script type=\"application\/ld+json\" class=\"yoast-schema-graph\">{\"@context\":\"https:\/\/schema.org\",\"@graph\":[{\"@type\":\"WebPage\",\"@id\":\"https:\/\/bio4you.eu\/retseptid\/toode\/kreemine-tomatipasta\/\",\"url\":\"https:\/\/bio4you.eu\/retseptid\/toode\/kreemine-tomatipasta\/\",\"name\":\"Kreemine tomatipasta - bio4you.eu\/retseptid\",\"isPartOf\":{\"@id\":\"https:\/\/bio4you.eu\/retseptid\/#website\"},\"primaryImageOfPage\":{\"@id\":\"https:\/\/bio4you.eu\/retseptid\/toode\/kreemine-tomatipasta\/#primaryimage\"},\"image\":{\"@id\":\"https:\/\/bio4you.eu\/retseptid\/toode\/kreemine-tomatipasta\/#primaryimage\"},\"thumbnailUrl\":\"https:\/\/bio4you.eu\/retseptid\/wp-content\/uploads\/2023\/07\/DSC_9297-scaled.jpg\",\"datePublished\":\"2023-07-20T13:44:08+00:00\",\"dateModified\":\"2023-07-20T14:05:59+00:00\",\"description\":\"Maitsekas peedi-n\u00f5gese penne kreemises tomati-juustukastmes. Valmib 10 minutiga ning rahuldab ka k\u00f5ige n\u00f5udlikuma toidus\u00f5bra isud!\",\"breadcrumb\":{\"@id\":\"https:\/\/bio4you.eu\/retseptid\/toode\/kreemine-tomatipasta\/#breadcrumb\"},\"inLanguage\":\"et\",\"potentialAction\":[{\"@type\":\"ReadAction\",\"target\":[\"https:\/\/bio4you.eu\/retseptid\/toode\/kreemine-tomatipasta\/\"]}]},{\"@type\":\"ImageObject\",\"inLanguage\":\"et\",\"@id\":\"https:\/\/bio4you.eu\/retseptid\/toode\/kreemine-tomatipasta\/#primaryimage\",\"url\":\"https:\/\/bio4you.eu\/retseptid\/wp-content\/uploads\/2023\/07\/DSC_9297-scaled.jpg\",\"contentUrl\":\"https:\/\/bio4you.eu\/retseptid\/wp-content\/uploads\/2023\/07\/DSC_9297-scaled.jpg\",\"width\":1707,\"height\":2560},{\"@type\":\"BreadcrumbList\",\"@id\":\"https:\/\/bio4you.eu\/retseptid\/toode\/kreemine-tomatipasta\/#breadcrumb\",\"itemListElement\":[{\"@type\":\"ListItem\",\"position\":1,\"name\":\"Home\",\"item\":\"https:\/\/bio4you.eu\/retseptid\/\"},{\"@type\":\"ListItem\",\"position\":2,\"name\":\"Kreemine tomatipasta\"}]},{\"@type\":\"WebSite\",\"@id\":\"https:\/\/bio4you.eu\/retseptid\/#website\",\"url\":\"https:\/\/bio4you.eu\/retseptid\/\",\"name\":\"bio4you.eu\/retseptid\",\"description\":\"\u00d6ko retseptid ise tegemiseks, looduslikest koostisainetest. Maitsev toit, iluhooldus, kodupuhastus ja aiandus.\",\"potentialAction\":[{\"@type\":\"SearchAction\",\"target\":{\"@type\":\"EntryPoint\",\"urlTemplate\":\"https:\/\/bio4you.eu\/retseptid\/?s={search_term_string}\"},\"query-input\":\"required name=search_term_string\"}],\"inLanguage\":\"et\"}]}<\/script>\n<!-- \/ Yoast SEO plugin. -->","yoast_head_json":{"title":"Kreemine tomatipasta - bio4you.eu\/retseptid","description":"Maitsekas peedi-n\u00f5gese penne kreemises tomati-juustukastmes. Valmib 10 minutiga ning rahuldab ka k\u00f5ige n\u00f5udlikuma toidus\u00f5bra isud!","robots":{"index":"index","follow":"follow","max-snippet":"max-snippet:-1","max-image-preview":"max-image-preview:large","max-video-preview":"max-video-preview:-1"},"canonical":"https:\/\/bio4you.eu\/retseptid\/toode\/kreemine-tomatipasta\/","og_locale":"et_EE","og_type":"article","og_title":"Kreemine tomatipasta - bio4you.eu\/retseptid","og_description":"Maitsekas peedi-n\u00f5gese penne kreemises tomati-juustukastmes. Valmib 10 minutiga ning rahuldab ka k\u00f5ige n\u00f5udlikuma toidus\u00f5bra isud!","og_url":"https:\/\/bio4you.eu\/retseptid\/toode\/kreemine-tomatipasta\/","og_site_name":"bio4you.eu\/retseptid","article_modified_time":"2023-07-20T14:05:59+00:00","og_image":[{"width":1707,"height":2560,"url":"https:\/\/bio4you.eu\/retseptid\/wp-content\/uploads\/2023\/07\/DSC_9297-scaled.jpg","type":"image\/jpeg"}],"twitter_misc":{"Est. reading time":"1 minut"},"schema":{"@context":"https:\/\/schema.org","@graph":[{"@type":"WebPage","@id":"https:\/\/bio4you.eu\/retseptid\/toode\/kreemine-tomatipasta\/","url":"https:\/\/bio4you.eu\/retseptid\/toode\/kreemine-tomatipasta\/","name":"Kreemine tomatipasta - bio4you.eu\/retseptid","isPartOf":{"@id":"https:\/\/bio4you.eu\/retseptid\/#website"},"primaryImageOfPage":{"@id":"https:\/\/bio4you.eu\/retseptid\/toode\/kreemine-tomatipasta\/#primaryimage"},"image":{"@id":"https:\/\/bio4you.eu\/retseptid\/toode\/kreemine-tomatipasta\/#primaryimage"},"thumbnailUrl":"https:\/\/bio4you.eu\/retseptid\/wp-content\/uploads\/2023\/07\/DSC_9297-scaled.jpg","datePublished":"2023-07-20T13:44:08+00:00","dateModified":"2023-07-20T14:05:59+00:00","description":"Maitsekas peedi-n\u00f5gese penne kreemises tomati-juustukastmes. Valmib 10 minutiga ning rahuldab ka k\u00f5ige n\u00f5udlikuma toidus\u00f5bra isud!","breadcrumb":{"@id":"https:\/\/bio4you.eu\/retseptid\/toode\/kreemine-tomatipasta\/#breadcrumb"},"inLanguage":"et","potentialAction":[{"@type":"ReadAction","target":["https:\/\/bio4you.eu\/retseptid\/toode\/kreemine-tomatipasta\/"]}]},{"@type":"ImageObject","inLanguage":"et","@id":"https:\/\/bio4you.eu\/retseptid\/toode\/kreemine-tomatipasta\/#primaryimage","url":"https:\/\/bio4you.eu\/retseptid\/wp-content\/uploads\/2023\/07\/DSC_9297-scaled.jpg","contentUrl":"https:\/\/bio4you.eu\/retseptid\/wp-content\/uploads\/2023\/07\/DSC_9297-scaled.jpg","width":1707,"height":2560},{"@type":"BreadcrumbList","@id":"https:\/\/bio4you.eu\/retseptid\/toode\/kreemine-tomatipasta\/#breadcrumb","itemListElement":[{"@type":"ListItem","position":1,"name":"Home","item":"https:\/\/bio4you.eu\/retseptid\/"},{"@type":"ListItem","position":2,"name":"Kreemine tomatipasta"}]},{"@type":"WebSite","@id":"https:\/\/bio4you.eu\/retseptid\/#website","url":"https:\/\/bio4you.eu\/retseptid\/","name":"bio4you.eu\/retseptid","description":"\u00d6ko retseptid ise tegemiseks, looduslikest koostisainetest. Maitsev toit, iluhooldus, kodupuhastus ja aiandus.","potentialAction":[{"@type":"SearchAction","target":{"@type":"EntryPoint","urlTemplate":"https:\/\/bio4you.eu\/retseptid\/?s={search_term_string}"},"query-input":"required name=search_term_string"}],"inLanguage":"et"}]}},"_links":{"self":[{"href":"https:\/\/bio4you.eu\/retseptid\/wp-json\/wp\/v2\/product\/4172"}],"collection":[{"href":"https:\/\/bio4you.eu\/retseptid\/wp-json\/wp\/v2\/product"}],"about":[{"href":"https:\/\/bio4you.eu\/retseptid\/wp-json\/wp\/v2\/types\/product"}],"replies":[{"embeddable":true,"href":"https:\/\/bio4you.eu\/retseptid\/wp-json\/wp\/v2\/comments?post=4172"}],"wp:featuredmedia":[{"embeddable":true,"href":"https:\/\/bio4you.eu\/retseptid\/wp-json\/wp\/v2\/media\/4173"}],"wp:attachment":[{"href":"https:\/\/bio4you.eu\/retseptid\/wp-json\/wp\/v2\/media?parent=4172"}],"wp:term":[{"taxonomy":"product_cat","embeddable":true,"href":"https:\/\/bio4you.eu\/retseptid\/wp-json\/wp\/v2\/product_cat?post=4172"},{"taxonomy":"product_tag","embeddable":true,"href":"https:\/\/bio4you.eu\/retseptid\/wp-json\/wp\/v2\/product_tag?post=4172"}],"curies":[{"name":"wp","href":"https:\/\/api.w.org\/{rel}","templated":true}]}}