{"id":4177,"date":"2023-07-26T13:30:51","date_gmt":"2023-07-26T10:30:51","guid":{"rendered":"https:\/\/bio4you.eu\/retseptid\/?post_type=product&#038;p=4177"},"modified":"2023-07-28T13:54:04","modified_gmt":"2023-07-28T10:54:04","slug":"autentne-hispaania-gazpacho","status":"publish","type":"product","link":"https:\/\/bio4you.eu\/retseptid\/toode\/autentne-hispaania-gazpacho\/","title":{"rendered":"Autentne Hispaania gazpacho"},"content":{"rendered":"<p>Gazpacho on p\u00e4rit Hispaaniast, kus see traditsiooniline k\u00fclm supp on olnud populaarne juba mitmeid sajandeid. P\u00e4ritolu ulatub tagasi Andaluusia piirkonda, mis asub L\u00f5una-Hispaanias. Algselt oli gazpacho lihtne supp, mis koosnes leivast, veest, \u00e4\u00e4dikast ja oliivi\u00f5list ning oli m\u00f5eldud t\u00f6\u00f6listele, et neid kuumadel suvep\u00e4evadel jahutada ja energiat anda. Ajapikku lisati rohkem koostisosi nagu k\u00fcpsed tomatid, kurk, paprika, sibul, k\u00fc\u00fcslauk ja maitsetaimed, muutes gazpacho\u00a0 v\u00e4rvikaks ja maitsvaks roaks, mida me t\u00e4nap\u00e4eval tunneme.<\/p>\n<p>Gazpacho on tervisele hea mitmel viisil. See maitsev supp on t\u00f5eline vitamiinipomm, mis pakub organismile mitmeid kasulikke toitaineid. Esiteks on gazpacho rikkalik C-vitamiini allikas t\u00e4nu tomatitele ja paprikatele, mis tugevdab immuuns\u00fcsteemi ja aitab v\u00f5idelda haigustega. Teiseks sisaldab see A-vitamiini, mida leidub tomatites, ning see toetab ka n\u00e4gemist ja nahka, samuti immuuns\u00fcsteemi. Kolmandaks on gazpacho suurep\u00e4rane kaaliumi ja magneesiumi allikas t\u00e4nu kurkidele ja tomatitele, mis aitab reguleerida verer\u00f5hku ja s\u00fcdame t\u00f6\u00f6d.<\/p>\n<p>Valmistamine:<\/p>\n<ol>\n<li>Pese ja kuivata k\u00f5ik k\u00f6\u00f6giviljad. Kui soovid, siis v\u00f5id koorida tomatid, aga \u00fcldiselt pole see vajalik.<\/li>\n<li>L\u00f5ika tomatid umbes neljaks (s\u00fcdamik v\u00f5ta v\u00e4lja) ja pane blenderisse.<\/li>\n<li>T\u00fckelda paprika, v\u00f5ta s\u00fcdamik ja seemned v\u00e4lja. Lisa t\u00fckid blenderisse.<\/li>\n<li>Koori k\u00fc\u00fcslauk ja l\u00f5ika see pooleks. Lisa blenderisse.<\/li>\n<li>Koori ja t\u00fckelda sibul. Lisa blenderisse.<\/li>\n<li>Koori kurk ja l\u00f5ika see pooleks. Soovi korral j\u00e4ta pisut kurgist alles, t\u00fckelda see pisikesteks kuubikuteks ning v\u00f5id seda hiljem supi peal s\u00fc\u00fca.<\/li>\n<li>N\u00fc\u00fcd sega k\u00f5ik k\u00f6\u00f6giviljad blenderis omavahel, kuni saad kreemja supi.<\/li>\n<li>Lisa sool, \u00e4\u00e4dikas ja blenderda madalamal kiirusel. Lisa v\u00e4hehaaval oliivi\u00f5li.<\/li>\n<li>Maitse ning soovi korral v\u00f5id veel juurde lisada soola, \u00e4\u00e4dikat v\u00f5i \u00f5li. Kui supp on liiga paks, lisa k\u00fclma vett.<\/li>\n<li>Pane supp paariks tunniks k\u00fclmkappi ning hiljem serveeri k\u00fclmalt sobivate lisanditega.<\/li>\n<\/ol>\n<p>&nbsp;<\/p>\n","protected":false},"excerpt":{"rendered":"<p>Vaja l\u00e4heb:<\/p>\n<ul>\n<li>6-7 keskmist tomatit. Kasuta v\u00f5imalikult k\u00fcpseid ja magusaid tomateid<\/li>\n<li>1 roheline magus Itaalia pipar (itaaliap\u00e4raselt <em>peperone friggitello <\/em>v\u00f5i hispaaniap\u00e4raselt<em> pimiento verde italiano<\/em>). Tegemist on mittev\u00fcrtsika magusa rohelise paprikaga, mis on m\u00f5eldud praadimiseks\/k\u00fcpsetamiseks \u00f5lis<\/li>\n<li>1 v\u00e4rske kurk<\/li>\n<li>0,5 valget magusat sibulat<\/li>\n<li>1 k\u00fc\u00fcslauguk\u00fc\u00fcs<\/li>\n<li>60 ml <a href=\"https:\/\/bio4you.eu\/et\/olid-kastmed-kreemid\/2245-ekstra-vaeaerisoliivioli-500ml.html?utm_source=bioretsept&amp;utm_medium=retsept&amp;utm_campaign=gazpacho\" target=\"_blank\" rel=\"noopener\">Corvino ekstra v\u00e4\u00e4risoliivi\u00f5li<\/a><\/li>\n<li>Pisut \u0161erri\u00e4\u00e4dikat (autentne \u0161erri\u00e4\u00e4dikas ehk<em> vinagre de Jerez<\/em> tuleb vaid \u00fchest piirkonnast Hispaanias: C\u00e1diz). V\u00f5id asendada ka punase- v\u00f5i valge veini \u00e4\u00e4dikaga<\/li>\n<li>Maitse j\u00e4rgi <a href=\"https:\/\/bio4you.eu\/et\/maitseained-ja-magustajad\/3629-ajurveeda-himaalaja-roosa-sool-peen-500g.html?utm_source=bioretsept&amp;utm_medium=retsept&amp;utm_campaign=gazpacho\" target=\"_blank\" rel=\"noopener\">soola<\/a><\/li>\n<li>Peale v\u00f5id panna ka erinevaid lisandeid. M\u00f5ned soovitused: t\u00fckeldatud punane sibul, nektariin, maasikad, kurk, krutoonid, keedetud muna, avokaado v\u00f5i tomatit\u00fckid.<\/li>\n<\/ul>\n","protected":false},"featured_media":4179,"comment_status":"open","ping_status":"closed","template":"","meta":{"_exactmetrics_skip_tracking":false,"_exactmetrics_sitenote_active":false,"_exactmetrics_sitenote_note":"","_exactmetrics_sitenote_category":0},"product_cat":[59,60,382,63,383,379,77],"product_tag":[],"class_list":{"0":"post-4177","1":"product","2":"type-product","3":"status-publish","4":"has-post-thumbnail","6":"product_cat-featured","7":"product_cat-toiduretseptid","8":"product_cat-vegan-toiduretseptid","9":"product_cat-gluteenivabad-retseptid","10":"product_cat-taimetoit","11":"product_cat-supid","12":"product_cat-toortoit","14":"first","15":"instock","16":"shipping-taxable","17":"product-type-simple"},"yoast_head":"<!-- This site is optimized with the Yoast SEO plugin v23.3 - https:\/\/yoast.com\/wordpress\/plugins\/seo\/ -->\n<title>Autentne Hispaania gazpacho - bio4you.eu\/retseptid<\/title>\n<meta name=\"description\" content=\"K\u00fclm hispaaniap\u00e4rane supp, mis sisaldab ohtralt vitamiine ja maitset, aga v\u00e4he kaloreid. Sobib s\u00f6\u00f6miseks eriti kuumadel suvep\u00e4evadel.\" \/>\n<meta name=\"robots\" content=\"index, follow, max-snippet:-1, max-image-preview:large, max-video-preview:-1\" \/>\n<link rel=\"canonical\" href=\"https:\/\/bio4you.eu\/retseptid\/toode\/autentne-hispaania-gazpacho\/\" \/>\n<meta property=\"og:locale\" content=\"et_EE\" \/>\n<meta property=\"og:type\" content=\"article\" \/>\n<meta property=\"og:title\" content=\"Autentne Hispaania gazpacho - bio4you.eu\/retseptid\" \/>\n<meta property=\"og:description\" content=\"K\u00fclm hispaaniap\u00e4rane supp, mis sisaldab ohtralt vitamiine ja maitset, aga v\u00e4he kaloreid. Sobib s\u00f6\u00f6miseks eriti kuumadel suvep\u00e4evadel.\" \/>\n<meta property=\"og:url\" content=\"https:\/\/bio4you.eu\/retseptid\/toode\/autentne-hispaania-gazpacho\/\" \/>\n<meta property=\"og:site_name\" content=\"bio4you.eu\/retseptid\" \/>\n<meta property=\"article:modified_time\" content=\"2023-07-28T10:54:04+00:00\" \/>\n<meta property=\"og:image\" content=\"https:\/\/bio4you.eu\/retseptid\/wp-content\/uploads\/2023\/07\/gazpacho-andaluz.jpg\" \/>\n\t<meta property=\"og:image:width\" content=\"1200\" \/>\n\t<meta property=\"og:image:height\" content=\"800\" \/>\n\t<meta property=\"og:image:type\" content=\"image\/jpeg\" \/>\n<meta name=\"twitter:label1\" content=\"Est. reading time\" \/>\n\t<meta name=\"twitter:data1\" content=\"2 minutit\" \/>\n<script type=\"application\/ld+json\" class=\"yoast-schema-graph\">{\"@context\":\"https:\/\/schema.org\",\"@graph\":[{\"@type\":\"WebPage\",\"@id\":\"https:\/\/bio4you.eu\/retseptid\/toode\/autentne-hispaania-gazpacho\/\",\"url\":\"https:\/\/bio4you.eu\/retseptid\/toode\/autentne-hispaania-gazpacho\/\",\"name\":\"Autentne Hispaania gazpacho - bio4you.eu\/retseptid\",\"isPartOf\":{\"@id\":\"https:\/\/bio4you.eu\/retseptid\/#website\"},\"primaryImageOfPage\":{\"@id\":\"https:\/\/bio4you.eu\/retseptid\/toode\/autentne-hispaania-gazpacho\/#primaryimage\"},\"image\":{\"@id\":\"https:\/\/bio4you.eu\/retseptid\/toode\/autentne-hispaania-gazpacho\/#primaryimage\"},\"thumbnailUrl\":\"https:\/\/bio4you.eu\/retseptid\/wp-content\/uploads\/2023\/07\/gazpacho-andaluz.jpg\",\"datePublished\":\"2023-07-26T10:30:51+00:00\",\"dateModified\":\"2023-07-28T10:54:04+00:00\",\"description\":\"K\u00fclm hispaaniap\u00e4rane supp, mis sisaldab ohtralt vitamiine ja maitset, aga v\u00e4he kaloreid. Sobib s\u00f6\u00f6miseks eriti kuumadel suvep\u00e4evadel.\",\"breadcrumb\":{\"@id\":\"https:\/\/bio4you.eu\/retseptid\/toode\/autentne-hispaania-gazpacho\/#breadcrumb\"},\"inLanguage\":\"et\",\"potentialAction\":[{\"@type\":\"ReadAction\",\"target\":[\"https:\/\/bio4you.eu\/retseptid\/toode\/autentne-hispaania-gazpacho\/\"]}]},{\"@type\":\"ImageObject\",\"inLanguage\":\"et\",\"@id\":\"https:\/\/bio4you.eu\/retseptid\/toode\/autentne-hispaania-gazpacho\/#primaryimage\",\"url\":\"https:\/\/bio4you.eu\/retseptid\/wp-content\/uploads\/2023\/07\/gazpacho-andaluz.jpg\",\"contentUrl\":\"https:\/\/bio4you.eu\/retseptid\/wp-content\/uploads\/2023\/07\/gazpacho-andaluz.jpg\",\"width\":1200,\"height\":800},{\"@type\":\"BreadcrumbList\",\"@id\":\"https:\/\/bio4you.eu\/retseptid\/toode\/autentne-hispaania-gazpacho\/#breadcrumb\",\"itemListElement\":[{\"@type\":\"ListItem\",\"position\":1,\"name\":\"Home\",\"item\":\"https:\/\/bio4you.eu\/retseptid\/\"},{\"@type\":\"ListItem\",\"position\":2,\"name\":\"Autentne Hispaania gazpacho\"}]},{\"@type\":\"WebSite\",\"@id\":\"https:\/\/bio4you.eu\/retseptid\/#website\",\"url\":\"https:\/\/bio4you.eu\/retseptid\/\",\"name\":\"bio4you.eu\/retseptid\",\"description\":\"\u00d6ko retseptid ise tegemiseks, looduslikest koostisainetest. Maitsev toit, iluhooldus, kodupuhastus ja aiandus.\",\"potentialAction\":[{\"@type\":\"SearchAction\",\"target\":{\"@type\":\"EntryPoint\",\"urlTemplate\":\"https:\/\/bio4you.eu\/retseptid\/?s={search_term_string}\"},\"query-input\":\"required name=search_term_string\"}],\"inLanguage\":\"et\"}]}<\/script>\n<!-- \/ Yoast SEO plugin. -->","yoast_head_json":{"title":"Autentne Hispaania gazpacho - bio4you.eu\/retseptid","description":"K\u00fclm hispaaniap\u00e4rane supp, mis sisaldab ohtralt vitamiine ja maitset, aga v\u00e4he kaloreid. Sobib s\u00f6\u00f6miseks eriti kuumadel suvep\u00e4evadel.","robots":{"index":"index","follow":"follow","max-snippet":"max-snippet:-1","max-image-preview":"max-image-preview:large","max-video-preview":"max-video-preview:-1"},"canonical":"https:\/\/bio4you.eu\/retseptid\/toode\/autentne-hispaania-gazpacho\/","og_locale":"et_EE","og_type":"article","og_title":"Autentne Hispaania gazpacho - bio4you.eu\/retseptid","og_description":"K\u00fclm hispaaniap\u00e4rane supp, mis sisaldab ohtralt vitamiine ja maitset, aga v\u00e4he kaloreid. Sobib s\u00f6\u00f6miseks eriti kuumadel suvep\u00e4evadel.","og_url":"https:\/\/bio4you.eu\/retseptid\/toode\/autentne-hispaania-gazpacho\/","og_site_name":"bio4you.eu\/retseptid","article_modified_time":"2023-07-28T10:54:04+00:00","og_image":[{"width":1200,"height":800,"url":"https:\/\/bio4you.eu\/retseptid\/wp-content\/uploads\/2023\/07\/gazpacho-andaluz.jpg","type":"image\/jpeg"}],"twitter_misc":{"Est. reading time":"2 minutit"},"schema":{"@context":"https:\/\/schema.org","@graph":[{"@type":"WebPage","@id":"https:\/\/bio4you.eu\/retseptid\/toode\/autentne-hispaania-gazpacho\/","url":"https:\/\/bio4you.eu\/retseptid\/toode\/autentne-hispaania-gazpacho\/","name":"Autentne Hispaania gazpacho - bio4you.eu\/retseptid","isPartOf":{"@id":"https:\/\/bio4you.eu\/retseptid\/#website"},"primaryImageOfPage":{"@id":"https:\/\/bio4you.eu\/retseptid\/toode\/autentne-hispaania-gazpacho\/#primaryimage"},"image":{"@id":"https:\/\/bio4you.eu\/retseptid\/toode\/autentne-hispaania-gazpacho\/#primaryimage"},"thumbnailUrl":"https:\/\/bio4you.eu\/retseptid\/wp-content\/uploads\/2023\/07\/gazpacho-andaluz.jpg","datePublished":"2023-07-26T10:30:51+00:00","dateModified":"2023-07-28T10:54:04+00:00","description":"K\u00fclm hispaaniap\u00e4rane supp, mis sisaldab ohtralt vitamiine ja maitset, aga v\u00e4he kaloreid. Sobib s\u00f6\u00f6miseks eriti kuumadel suvep\u00e4evadel.","breadcrumb":{"@id":"https:\/\/bio4you.eu\/retseptid\/toode\/autentne-hispaania-gazpacho\/#breadcrumb"},"inLanguage":"et","potentialAction":[{"@type":"ReadAction","target":["https:\/\/bio4you.eu\/retseptid\/toode\/autentne-hispaania-gazpacho\/"]}]},{"@type":"ImageObject","inLanguage":"et","@id":"https:\/\/bio4you.eu\/retseptid\/toode\/autentne-hispaania-gazpacho\/#primaryimage","url":"https:\/\/bio4you.eu\/retseptid\/wp-content\/uploads\/2023\/07\/gazpacho-andaluz.jpg","contentUrl":"https:\/\/bio4you.eu\/retseptid\/wp-content\/uploads\/2023\/07\/gazpacho-andaluz.jpg","width":1200,"height":800},{"@type":"BreadcrumbList","@id":"https:\/\/bio4you.eu\/retseptid\/toode\/autentne-hispaania-gazpacho\/#breadcrumb","itemListElement":[{"@type":"ListItem","position":1,"name":"Home","item":"https:\/\/bio4you.eu\/retseptid\/"},{"@type":"ListItem","position":2,"name":"Autentne Hispaania gazpacho"}]},{"@type":"WebSite","@id":"https:\/\/bio4you.eu\/retseptid\/#website","url":"https:\/\/bio4you.eu\/retseptid\/","name":"bio4you.eu\/retseptid","description":"\u00d6ko retseptid ise tegemiseks, looduslikest koostisainetest. Maitsev toit, iluhooldus, kodupuhastus ja aiandus.","potentialAction":[{"@type":"SearchAction","target":{"@type":"EntryPoint","urlTemplate":"https:\/\/bio4you.eu\/retseptid\/?s={search_term_string}"},"query-input":"required name=search_term_string"}],"inLanguage":"et"}]}},"_links":{"self":[{"href":"https:\/\/bio4you.eu\/retseptid\/wp-json\/wp\/v2\/product\/4177"}],"collection":[{"href":"https:\/\/bio4you.eu\/retseptid\/wp-json\/wp\/v2\/product"}],"about":[{"href":"https:\/\/bio4you.eu\/retseptid\/wp-json\/wp\/v2\/types\/product"}],"replies":[{"embeddable":true,"href":"https:\/\/bio4you.eu\/retseptid\/wp-json\/wp\/v2\/comments?post=4177"}],"wp:featuredmedia":[{"embeddable":true,"href":"https:\/\/bio4you.eu\/retseptid\/wp-json\/wp\/v2\/media\/4179"}],"wp:attachment":[{"href":"https:\/\/bio4you.eu\/retseptid\/wp-json\/wp\/v2\/media?parent=4177"}],"wp:term":[{"taxonomy":"product_cat","embeddable":true,"href":"https:\/\/bio4you.eu\/retseptid\/wp-json\/wp\/v2\/product_cat?post=4177"},{"taxonomy":"product_tag","embeddable":true,"href":"https:\/\/bio4you.eu\/retseptid\/wp-json\/wp\/v2\/product_tag?post=4177"}],"curies":[{"name":"wp","href":"https:\/\/api.w.org\/{rel}","templated":true}]}}