{"id":4184,"date":"2023-08-09T10:59:41","date_gmt":"2023-08-09T07:59:41","guid":{"rendered":"https:\/\/bio4you.eu\/retseptid\/?post_type=product&#038;p=4184"},"modified":"2023-08-09T11:01:39","modified_gmt":"2023-08-09T08:01:39","slug":"vaarika-toorjuustu-brownied","status":"publish","type":"product","link":"https:\/\/bio4you.eu\/retseptid\/toode\/vaarika-toorjuustu-brownied\/","title":{"rendered":"Vaarika-toorjuustu brownied"},"content":{"rendered":"<p>Valmistamine:<\/p>\n<ol>\n<li>Valmista <em>brownie<\/em> tainas vastavalt pakendi juhistele, kuid 50 ml piimaga. Vala 2\/3 tainast 20&#215;20 cm ahjuvormi.<\/li>\n<li>Sega toorjuust 1 sl piimaga ning seej\u00e4rel lisa 60 g suhkrut ja 2 sl maisit\u00e4rklist. T\u00f5sta toorjuust lusikaga tainale, \u00fcks supilusikat\u00e4is korraga.<\/li>\n<li>Pane vaarikad segu peale ja m\u00e4\u00e4ri sellele v\u00e4ikeste t\u00e4ppidena \u00fclej\u00e4\u00e4nud brownie tainas.<\/li>\n<li>Kuumuta ahi 175\u00b0C kraadini \u00fclemisel\/alumisel kuumusel ja k\u00fcpseta <em>brownie<\/em>sid umbes 30 minutit.<\/li>\n<\/ol>\n<p>N\u00f5uanne: <em>Brownie<\/em>sid v\u00f5ib valmistada ka k\u00fclmutatud marjadega. K\u00fcpsetusaeg pikeneb umbes 5 minutit.<\/p>\n<p>Soovi korral serveeri vaniljej\u00e4\u00e4tisega.<\/p>\n","protected":false},"excerpt":{"rendered":"<p>Vaja l\u00e4heb:<\/p>\n<ul>\n<li>1 pakk <a href=\"https:\/\/bio4you.eu\/et\/kuivained\/1424-gluteenivaba-brownie-jahusegu-400g.html?utm_source=bioretsept&amp;utm_medium=retsept&amp;utm_campaign=vaarikabrownied\" target=\"_blank\" rel=\"noopener\">gluteenivaba Bauckhof browniesegu<\/a><\/li>\n<li>200 g toasooja v\u00f5id<\/li>\n<li>2 muna<\/li>\n<li>50 ml + 1 spl piima<\/li>\n<li>200 g toorjuustu, maitsestamata<\/li>\n<li>60 g <a href=\"https:\/\/bio4you.eu\/et\/suhkur\/3630-ajurveeda-jaggery-suhkur-400g.html?utm_source=bioretsept&amp;utm_medium=retsept&amp;utm_campaign=vaarikabrownied\" target=\"_blank\" rel=\"noopener\">suhkrut<\/a><\/li>\n<li>1 peot\u00e4is v\u00e4rskeid vaarikaid<\/li>\n<\/ul>\n","protected":false},"featured_media":4185,"comment_status":"open","ping_status":"closed","template":"","meta":{"_exactmetrics_skip_tracking":false,"_exactmetrics_sitenote_active":false,"_exactmetrics_sitenote_note":"","_exactmetrics_sitenote_category":0},"product_cat":[59,60,63,383,280,365],"product_tag":[],"class_list":{"0":"post-4184","1":"product","2":"type-product","3":"status-publish","4":"has-post-thumbnail","6":"product_cat-featured","7":"product_cat-toiduretseptid","8":"product_cat-gluteenivabad-retseptid","9":"product_cat-taimetoit","10":"product_cat-koogid-ja-kupsised","11":"product_cat-laste-lemmikud","13":"first","14":"instock","15":"shipping-taxable","16":"product-type-simple"},"yoast_head":"<!-- This site is optimized with the Yoast SEO plugin v23.3 - https:\/\/yoast.com\/wordpress\/plugins\/seo\/ -->\n<title>Vaarika-toorjuustu brownied - bio4you.eu\/retseptid<\/title>\n<meta name=\"description\" content=\"Mmm.. \u0161okolaadised brownied v\u00e4rskete vaarikate ja kreemise toorjuustuga. T\u00f5eline suvemagustoit! Soovi korral serveeri j\u00e4\u00e4tisega.\" \/>\n<meta name=\"robots\" content=\"index, follow, max-snippet:-1, max-image-preview:large, max-video-preview:-1\" \/>\n<link rel=\"canonical\" href=\"https:\/\/bio4you.eu\/retseptid\/toode\/vaarika-toorjuustu-brownied\/\" \/>\n<meta property=\"og:locale\" content=\"et_EE\" \/>\n<meta property=\"og:type\" content=\"article\" \/>\n<meta property=\"og:title\" content=\"Vaarika-toorjuustu brownied - bio4you.eu\/retseptid\" \/>\n<meta property=\"og:description\" content=\"Mmm.. \u0161okolaadised brownied v\u00e4rskete vaarikate ja kreemise toorjuustuga. T\u00f5eline suvemagustoit! Soovi korral serveeri j\u00e4\u00e4tisega.\" \/>\n<meta property=\"og:url\" content=\"https:\/\/bio4you.eu\/retseptid\/toode\/vaarika-toorjuustu-brownied\/\" \/>\n<meta property=\"og:site_name\" content=\"bio4you.eu\/retseptid\" \/>\n<meta property=\"article:modified_time\" content=\"2023-08-09T08:01:39+00:00\" \/>\n<meta property=\"og:image\" content=\"https:\/\/bio4you.eu\/retseptid\/wp-content\/uploads\/2023\/08\/ezgif.com-webp-to-jpg-4.jpg\" \/>\n\t<meta property=\"og:image:width\" content=\"1289\" \/>\n\t<meta property=\"og:image:height\" content=\"999\" \/>\n\t<meta property=\"og:image:type\" content=\"image\/jpeg\" \/>\n<meta name=\"twitter:label1\" content=\"Est. reading time\" \/>\n\t<meta name=\"twitter:data1\" content=\"1 minut\" \/>\n<script type=\"application\/ld+json\" class=\"yoast-schema-graph\">{\"@context\":\"https:\/\/schema.org\",\"@graph\":[{\"@type\":\"WebPage\",\"@id\":\"https:\/\/bio4you.eu\/retseptid\/toode\/vaarika-toorjuustu-brownied\/\",\"url\":\"https:\/\/bio4you.eu\/retseptid\/toode\/vaarika-toorjuustu-brownied\/\",\"name\":\"Vaarika-toorjuustu brownied - bio4you.eu\/retseptid\",\"isPartOf\":{\"@id\":\"https:\/\/bio4you.eu\/retseptid\/#website\"},\"primaryImageOfPage\":{\"@id\":\"https:\/\/bio4you.eu\/retseptid\/toode\/vaarika-toorjuustu-brownied\/#primaryimage\"},\"image\":{\"@id\":\"https:\/\/bio4you.eu\/retseptid\/toode\/vaarika-toorjuustu-brownied\/#primaryimage\"},\"thumbnailUrl\":\"https:\/\/bio4you.eu\/retseptid\/wp-content\/uploads\/2023\/08\/ezgif.com-webp-to-jpg-4.jpg\",\"datePublished\":\"2023-08-09T07:59:41+00:00\",\"dateModified\":\"2023-08-09T08:01:39+00:00\",\"description\":\"Mmm.. \u0161okolaadised brownied v\u00e4rskete vaarikate ja kreemise toorjuustuga. T\u00f5eline suvemagustoit! Soovi korral serveeri j\u00e4\u00e4tisega.\",\"breadcrumb\":{\"@id\":\"https:\/\/bio4you.eu\/retseptid\/toode\/vaarika-toorjuustu-brownied\/#breadcrumb\"},\"inLanguage\":\"et\",\"potentialAction\":[{\"@type\":\"ReadAction\",\"target\":[\"https:\/\/bio4you.eu\/retseptid\/toode\/vaarika-toorjuustu-brownied\/\"]}]},{\"@type\":\"ImageObject\",\"inLanguage\":\"et\",\"@id\":\"https:\/\/bio4you.eu\/retseptid\/toode\/vaarika-toorjuustu-brownied\/#primaryimage\",\"url\":\"https:\/\/bio4you.eu\/retseptid\/wp-content\/uploads\/2023\/08\/ezgif.com-webp-to-jpg-4.jpg\",\"contentUrl\":\"https:\/\/bio4you.eu\/retseptid\/wp-content\/uploads\/2023\/08\/ezgif.com-webp-to-jpg-4.jpg\",\"width\":1289,\"height\":999},{\"@type\":\"BreadcrumbList\",\"@id\":\"https:\/\/bio4you.eu\/retseptid\/toode\/vaarika-toorjuustu-brownied\/#breadcrumb\",\"itemListElement\":[{\"@type\":\"ListItem\",\"position\":1,\"name\":\"Home\",\"item\":\"https:\/\/bio4you.eu\/retseptid\/\"},{\"@type\":\"ListItem\",\"position\":2,\"name\":\"Vaarika-toorjuustu brownied\"}]},{\"@type\":\"WebSite\",\"@id\":\"https:\/\/bio4you.eu\/retseptid\/#website\",\"url\":\"https:\/\/bio4you.eu\/retseptid\/\",\"name\":\"bio4you.eu\/retseptid\",\"description\":\"\u00d6ko retseptid ise tegemiseks, looduslikest koostisainetest. Maitsev toit, iluhooldus, kodupuhastus ja aiandus.\",\"potentialAction\":[{\"@type\":\"SearchAction\",\"target\":{\"@type\":\"EntryPoint\",\"urlTemplate\":\"https:\/\/bio4you.eu\/retseptid\/?s={search_term_string}\"},\"query-input\":\"required name=search_term_string\"}],\"inLanguage\":\"et\"}]}<\/script>\n<!-- \/ Yoast SEO plugin. -->","yoast_head_json":{"title":"Vaarika-toorjuustu brownied - bio4you.eu\/retseptid","description":"Mmm.. \u0161okolaadised brownied v\u00e4rskete vaarikate ja kreemise toorjuustuga. T\u00f5eline suvemagustoit! Soovi korral serveeri j\u00e4\u00e4tisega.","robots":{"index":"index","follow":"follow","max-snippet":"max-snippet:-1","max-image-preview":"max-image-preview:large","max-video-preview":"max-video-preview:-1"},"canonical":"https:\/\/bio4you.eu\/retseptid\/toode\/vaarika-toorjuustu-brownied\/","og_locale":"et_EE","og_type":"article","og_title":"Vaarika-toorjuustu brownied - bio4you.eu\/retseptid","og_description":"Mmm.. \u0161okolaadised brownied v\u00e4rskete vaarikate ja kreemise toorjuustuga. T\u00f5eline suvemagustoit! Soovi korral serveeri j\u00e4\u00e4tisega.","og_url":"https:\/\/bio4you.eu\/retseptid\/toode\/vaarika-toorjuustu-brownied\/","og_site_name":"bio4you.eu\/retseptid","article_modified_time":"2023-08-09T08:01:39+00:00","og_image":[{"width":1289,"height":999,"url":"https:\/\/bio4you.eu\/retseptid\/wp-content\/uploads\/2023\/08\/ezgif.com-webp-to-jpg-4.jpg","type":"image\/jpeg"}],"twitter_misc":{"Est. reading time":"1 minut"},"schema":{"@context":"https:\/\/schema.org","@graph":[{"@type":"WebPage","@id":"https:\/\/bio4you.eu\/retseptid\/toode\/vaarika-toorjuustu-brownied\/","url":"https:\/\/bio4you.eu\/retseptid\/toode\/vaarika-toorjuustu-brownied\/","name":"Vaarika-toorjuustu brownied - bio4you.eu\/retseptid","isPartOf":{"@id":"https:\/\/bio4you.eu\/retseptid\/#website"},"primaryImageOfPage":{"@id":"https:\/\/bio4you.eu\/retseptid\/toode\/vaarika-toorjuustu-brownied\/#primaryimage"},"image":{"@id":"https:\/\/bio4you.eu\/retseptid\/toode\/vaarika-toorjuustu-brownied\/#primaryimage"},"thumbnailUrl":"https:\/\/bio4you.eu\/retseptid\/wp-content\/uploads\/2023\/08\/ezgif.com-webp-to-jpg-4.jpg","datePublished":"2023-08-09T07:59:41+00:00","dateModified":"2023-08-09T08:01:39+00:00","description":"Mmm.. \u0161okolaadised brownied v\u00e4rskete vaarikate ja kreemise toorjuustuga. T\u00f5eline suvemagustoit! Soovi korral serveeri j\u00e4\u00e4tisega.","breadcrumb":{"@id":"https:\/\/bio4you.eu\/retseptid\/toode\/vaarika-toorjuustu-brownied\/#breadcrumb"},"inLanguage":"et","potentialAction":[{"@type":"ReadAction","target":["https:\/\/bio4you.eu\/retseptid\/toode\/vaarika-toorjuustu-brownied\/"]}]},{"@type":"ImageObject","inLanguage":"et","@id":"https:\/\/bio4you.eu\/retseptid\/toode\/vaarika-toorjuustu-brownied\/#primaryimage","url":"https:\/\/bio4you.eu\/retseptid\/wp-content\/uploads\/2023\/08\/ezgif.com-webp-to-jpg-4.jpg","contentUrl":"https:\/\/bio4you.eu\/retseptid\/wp-content\/uploads\/2023\/08\/ezgif.com-webp-to-jpg-4.jpg","width":1289,"height":999},{"@type":"BreadcrumbList","@id":"https:\/\/bio4you.eu\/retseptid\/toode\/vaarika-toorjuustu-brownied\/#breadcrumb","itemListElement":[{"@type":"ListItem","position":1,"name":"Home","item":"https:\/\/bio4you.eu\/retseptid\/"},{"@type":"ListItem","position":2,"name":"Vaarika-toorjuustu brownied"}]},{"@type":"WebSite","@id":"https:\/\/bio4you.eu\/retseptid\/#website","url":"https:\/\/bio4you.eu\/retseptid\/","name":"bio4you.eu\/retseptid","description":"\u00d6ko retseptid ise tegemiseks, looduslikest koostisainetest. Maitsev toit, iluhooldus, kodupuhastus ja aiandus.","potentialAction":[{"@type":"SearchAction","target":{"@type":"EntryPoint","urlTemplate":"https:\/\/bio4you.eu\/retseptid\/?s={search_term_string}"},"query-input":"required name=search_term_string"}],"inLanguage":"et"}]}},"_links":{"self":[{"href":"https:\/\/bio4you.eu\/retseptid\/wp-json\/wp\/v2\/product\/4184"}],"collection":[{"href":"https:\/\/bio4you.eu\/retseptid\/wp-json\/wp\/v2\/product"}],"about":[{"href":"https:\/\/bio4you.eu\/retseptid\/wp-json\/wp\/v2\/types\/product"}],"replies":[{"embeddable":true,"href":"https:\/\/bio4you.eu\/retseptid\/wp-json\/wp\/v2\/comments?post=4184"}],"wp:featuredmedia":[{"embeddable":true,"href":"https:\/\/bio4you.eu\/retseptid\/wp-json\/wp\/v2\/media\/4185"}],"wp:attachment":[{"href":"https:\/\/bio4you.eu\/retseptid\/wp-json\/wp\/v2\/media?parent=4184"}],"wp:term":[{"taxonomy":"product_cat","embeddable":true,"href":"https:\/\/bio4you.eu\/retseptid\/wp-json\/wp\/v2\/product_cat?post=4184"},{"taxonomy":"product_tag","embeddable":true,"href":"https:\/\/bio4you.eu\/retseptid\/wp-json\/wp\/v2\/product_tag?post=4184"}],"curies":[{"name":"wp","href":"https:\/\/api.w.org\/{rel}","templated":true}]}}