{"id":4186,"date":"2023-08-10T14:59:34","date_gmt":"2023-08-10T11:59:34","guid":{"rendered":"https:\/\/bio4you.eu\/retseptid\/?post_type=product&#038;p=4186"},"modified":"2023-08-10T15:05:02","modified_gmt":"2023-08-10T12:05:02","slug":"hasselback-kartulid-kuuslaugu-ja-rosmariiniga","status":"publish","type":"product","link":"https:\/\/bio4you.eu\/retseptid\/toode\/hasselback-kartulid-kuuslaugu-ja-rosmariiniga\/","title":{"rendered":"Hasselback kartulid k\u00fc\u00fcslaugu ja rosmariiniga"},"content":{"rendered":"<p>Kartul on mitmek\u00fclgne ja tervislik toiduaine mitmel erineval viisil. Kartulid sisaldavad olulisi toitaineid nagu C-vitamiin, B6-vitamiin ja folaadid, mis on vajalikud rakkude kasvuks, ainevahetuseks ja n\u00e4rvis\u00fcsteemi normaalseks toimimiseks. Samuti sisaldavad kartulid m\u00e4rkimisv\u00e4\u00e4rses koguses kiudaineid, mis aitavad seedimist reguleerida ja hoida veresuhkru taset stabiilsena. Kartulid ise sisaldavad v\u00e4he rasva, seega v\u00f5ivad olla osaks tervislikust dieedist, eriti kui neid valmistatakse \u00f5ige viisil, n\u00e4iteks aurutades v\u00f5i keetes. Lisaks on kartulid sobilikud valguallikaks, kuna \u00fches uuringus on leitud, et kartulite valgud v\u00f5ivad soodustada lihaste valkude s\u00fcnteesi ja suurendada lihasmassi. Kartulid omavad ka m\u00f5\u00f5dukat kalorisisaldust, mis v\u00f5imaldab neid lisada tasakaalustatud toitumisse.<\/p>\n<p>Kartulid saab valmistada erinevateks roogadeks ning neid saab kombineerida teiste tervislike koostisosadega. N\u00e4iteks v\u00f5ib kartuleid serveerida koos k\u00f6\u00f6giviljadega v\u00f5i lisada neid salatitesse. Oluline on siiski valida sobivad valmistusviisid, et s\u00e4ilitada nende tervislikud omadused. \u00dcks v\u00f5imalus on kasutada kohandatud numbri formaati, et n\u00e4idata teksti enne v\u00f5i p\u00e4rast numbrit lahtris. See v\u00f5imaldab kartulitega seotud teavet esitada selgelt ja korrektselt.<\/p>\n<p>Kokkuv\u00f5ttes v\u00f5ib \u00f6elda, et kartul on tervislik ja toitainerikas valik, mis pakub mitmeid kasulikke omadusi. Sellel on madal rasva- ja kalorisisaldus, k\u00f5rge kiudainesisaldus ning see sisaldab mitmeid olulisi vitamiine. Kartulite tarbimine osana tasakaalustatud toitumisest v\u00f5ib aidata s\u00e4ilitada head tervist ja toetada keha erinevaid funktsioone.<\/p>\n<p>Valmistamine:<\/p>\n<ol>\n<li>Kuumuta ahi 220 kraadini.<\/li>\n<li>Pese ja kuivata kartulid, kuid \u00e4ra koori. L\u00f5ika kartulisse \u00f5hukesed pilud, aga \u00e4ra kartulit t\u00e4iesti l\u00e4bi l\u00f5ika. L\u00f5pptulemus peaks olema \u00fches t\u00fckis kartul, millel on otsast otsani pilud l\u00f5igatud (vt pildilt).<\/li>\n<li>Viiluta k\u00fc\u00fcslauk pikuti v\u00e4ga \u00f5hukeseks. Pane k\u00fc\u00fcslaugut\u00fckk igasse teise kartulipilusse. Torka \u00fcks v\u00f5i kaks rosmariinilehte teistesse piludesse, kus k\u00fc\u00fcslauku pole. Rosmariini ja k\u00fc\u00fcslaugu asetamine viilude vahele eraldab need ja l\u00fchendab k\u00fcpsetusaega<\/li>\n<li>Pintselda ahjuvormi p\u00f5hi oliivi\u00f5liga ning puista vormi p\u00f5hja soola ja pipart.<\/li>\n<li>Pintselda kartulid pealt ja k\u00fclgedelt 1-3 sl oliivi\u00f5liga (j\u00e4ttes 1 spl pintseldamiseks poole k\u00fcpsetamise ajal).<\/li>\n<li>Laota kartulid ahjuvormi ja raputa \u00fcle ohtra soola ja pipraga.<\/li>\n<li>K\u00fcpseta kartuleid 35-40 minutit, vahepeal peaksid hakkama kihid kenasti eralduma. Pintselda kartuleid uuesti v\u00e4hese \u00f5liga, j\u00e4lgides, et osa sellest tilguks viilude vahele.<\/li>\n<li>K\u00fcpseta veel 25\u201335 minutit, kuni kartulid on servadest kr\u00f5bedad ja kahvliga katsudes pehmed. Suuremate kartulite puhul v\u00f5ib kuluda kauem aega. Kui kartulid hakkavad liiga pruuniks minema, kata need kergelt fooliumiga ja v\u00e4henda kuumust 200 kraadini, kuni need on pehmed. Keskmise suurusega kartulite k\u00fcpsetusaeg on kokku 60\u201370 minutit.<\/li>\n<li>Kaunista v\u00e4rskete rosmariinilehtedega ja serveeri sobiva kastme ning lisanditega.<\/li>\n<\/ol>\n","protected":false},"excerpt":{"rendered":"<p>Vaja l\u00e4heb:<\/p>\n<ul>\n<li>5 keskmist pestud ja kuivatatud kartulit<\/li>\n<li>4 tl <a href=\"https:\/\/bio4you.eu\/et\/olid-kastmed-kreemid\/2245-ekstra-vaeaerisoliivioli-500ml.html?utm_source=bioretsept&amp;utm_medium=retsept&amp;utm_campaign=hasselbackkartul\" target=\"_blank\" rel=\"noopener\">Corvino ekstra v\u00e4\u00e4risoliivi\u00f5li<\/a><\/li>\n<li>8 \u00f5hukeselt viilutatud k\u00fc\u00fcslauguk\u00fc\u00fcnt<\/li>\n<li>6 rosmariinioksakest<\/li>\n<li><a href=\"https:\/\/bio4you.eu\/et\/maitseained-ja-magustajad\/3629-ajurveeda-himaalaja-roosa-sool-peen-500g.html?utm_source=bioretsept&amp;utm_medium=retsept&amp;utm_campaign=hasselbackkartul\" target=\"_blank\" rel=\"noopener\">Ajurveeda Himaalaja roosat soola<\/a><\/li>\n<li>Pipart<\/li>\n<\/ul>\n","protected":false},"featured_media":4187,"comment_status":"open","ping_status":"closed","template":"","meta":{"_exactmetrics_skip_tracking":false,"_exactmetrics_sitenote_active":false,"_exactmetrics_sitenote_note":"","_exactmetrics_sitenote_category":0},"product_cat":[59,60,382,63],"product_tag":[],"class_list":{"0":"post-4186","1":"product","2":"type-product","3":"status-publish","4":"has-post-thumbnail","6":"product_cat-featured","7":"product_cat-toiduretseptid","8":"product_cat-vegan-toiduretseptid","9":"product_cat-gluteenivabad-retseptid","11":"first","12":"instock","13":"shipping-taxable","14":"product-type-simple"},"yoast_head":"<!-- This site is optimized with the Yoast SEO plugin v23.3 - https:\/\/yoast.com\/wordpress\/plugins\/seo\/ -->\n<title>Hasselback kartulid k\u00fc\u00fcslaugu ja rosmariiniga - bio4you.eu\/retseptid<\/title>\n<meta name=\"description\" content=\"Krrrrr\u00f5be kartul, millele oleme andnud maitse kvaliteetse oliivi\u00f5li, k\u00fc\u00fcslaugu ja rosmariinioksakestega. Sobib ka pidulauale!\" \/>\n<meta name=\"robots\" content=\"index, follow, max-snippet:-1, max-image-preview:large, max-video-preview:-1\" \/>\n<link rel=\"canonical\" href=\"https:\/\/bio4you.eu\/retseptid\/toode\/hasselback-kartulid-kuuslaugu-ja-rosmariiniga\/\" \/>\n<meta property=\"og:locale\" content=\"et_EE\" \/>\n<meta property=\"og:type\" content=\"article\" \/>\n<meta property=\"og:title\" content=\"Hasselback kartulid k\u00fc\u00fcslaugu ja rosmariiniga - bio4you.eu\/retseptid\" \/>\n<meta property=\"og:description\" content=\"Krrrrr\u00f5be kartul, millele oleme andnud maitse kvaliteetse oliivi\u00f5li, k\u00fc\u00fcslaugu ja rosmariinioksakestega. Sobib ka pidulauale!\" \/>\n<meta property=\"og:url\" content=\"https:\/\/bio4you.eu\/retseptid\/toode\/hasselback-kartulid-kuuslaugu-ja-rosmariiniga\/\" \/>\n<meta property=\"og:site_name\" content=\"bio4you.eu\/retseptid\" \/>\n<meta property=\"article:modified_time\" content=\"2023-08-10T12:05:02+00:00\" \/>\n<meta property=\"og:image\" content=\"https:\/\/bio4you.eu\/retseptid\/wp-content\/uploads\/2023\/08\/monika-grabkowska-N-xhCO5gY7s-unsplash-scaled.jpg\" \/>\n\t<meta property=\"og:image:width\" content=\"1707\" \/>\n\t<meta property=\"og:image:height\" content=\"2560\" \/>\n\t<meta property=\"og:image:type\" content=\"image\/jpeg\" \/>\n<meta name=\"twitter:label1\" content=\"Est. reading time\" \/>\n\t<meta name=\"twitter:data1\" content=\"2 minutit\" \/>\n<script type=\"application\/ld+json\" class=\"yoast-schema-graph\">{\"@context\":\"https:\/\/schema.org\",\"@graph\":[{\"@type\":\"WebPage\",\"@id\":\"https:\/\/bio4you.eu\/retseptid\/toode\/hasselback-kartulid-kuuslaugu-ja-rosmariiniga\/\",\"url\":\"https:\/\/bio4you.eu\/retseptid\/toode\/hasselback-kartulid-kuuslaugu-ja-rosmariiniga\/\",\"name\":\"Hasselback kartulid k\u00fc\u00fcslaugu ja rosmariiniga - bio4you.eu\/retseptid\",\"isPartOf\":{\"@id\":\"https:\/\/bio4you.eu\/retseptid\/#website\"},\"primaryImageOfPage\":{\"@id\":\"https:\/\/bio4you.eu\/retseptid\/toode\/hasselback-kartulid-kuuslaugu-ja-rosmariiniga\/#primaryimage\"},\"image\":{\"@id\":\"https:\/\/bio4you.eu\/retseptid\/toode\/hasselback-kartulid-kuuslaugu-ja-rosmariiniga\/#primaryimage\"},\"thumbnailUrl\":\"https:\/\/bio4you.eu\/retseptid\/wp-content\/uploads\/2023\/08\/monika-grabkowska-N-xhCO5gY7s-unsplash-scaled.jpg\",\"datePublished\":\"2023-08-10T11:59:34+00:00\",\"dateModified\":\"2023-08-10T12:05:02+00:00\",\"description\":\"Krrrrr\u00f5be kartul, millele oleme andnud maitse kvaliteetse oliivi\u00f5li, k\u00fc\u00fcslaugu ja rosmariinioksakestega. Sobib ka pidulauale!\",\"breadcrumb\":{\"@id\":\"https:\/\/bio4you.eu\/retseptid\/toode\/hasselback-kartulid-kuuslaugu-ja-rosmariiniga\/#breadcrumb\"},\"inLanguage\":\"et\",\"potentialAction\":[{\"@type\":\"ReadAction\",\"target\":[\"https:\/\/bio4you.eu\/retseptid\/toode\/hasselback-kartulid-kuuslaugu-ja-rosmariiniga\/\"]}]},{\"@type\":\"ImageObject\",\"inLanguage\":\"et\",\"@id\":\"https:\/\/bio4you.eu\/retseptid\/toode\/hasselback-kartulid-kuuslaugu-ja-rosmariiniga\/#primaryimage\",\"url\":\"https:\/\/bio4you.eu\/retseptid\/wp-content\/uploads\/2023\/08\/monika-grabkowska-N-xhCO5gY7s-unsplash-scaled.jpg\",\"contentUrl\":\"https:\/\/bio4you.eu\/retseptid\/wp-content\/uploads\/2023\/08\/monika-grabkowska-N-xhCO5gY7s-unsplash-scaled.jpg\",\"width\":1707,\"height\":2560},{\"@type\":\"BreadcrumbList\",\"@id\":\"https:\/\/bio4you.eu\/retseptid\/toode\/hasselback-kartulid-kuuslaugu-ja-rosmariiniga\/#breadcrumb\",\"itemListElement\":[{\"@type\":\"ListItem\",\"position\":1,\"name\":\"Home\",\"item\":\"https:\/\/bio4you.eu\/retseptid\/\"},{\"@type\":\"ListItem\",\"position\":2,\"name\":\"Hasselback kartulid k\u00fc\u00fcslaugu ja rosmariiniga\"}]},{\"@type\":\"WebSite\",\"@id\":\"https:\/\/bio4you.eu\/retseptid\/#website\",\"url\":\"https:\/\/bio4you.eu\/retseptid\/\",\"name\":\"bio4you.eu\/retseptid\",\"description\":\"\u00d6ko retseptid ise tegemiseks, looduslikest koostisainetest. Maitsev toit, iluhooldus, kodupuhastus ja aiandus.\",\"potentialAction\":[{\"@type\":\"SearchAction\",\"target\":{\"@type\":\"EntryPoint\",\"urlTemplate\":\"https:\/\/bio4you.eu\/retseptid\/?s={search_term_string}\"},\"query-input\":\"required name=search_term_string\"}],\"inLanguage\":\"et\"}]}<\/script>\n<!-- \/ Yoast SEO plugin. -->","yoast_head_json":{"title":"Hasselback kartulid k\u00fc\u00fcslaugu ja rosmariiniga - bio4you.eu\/retseptid","description":"Krrrrr\u00f5be kartul, millele oleme andnud maitse kvaliteetse oliivi\u00f5li, k\u00fc\u00fcslaugu ja rosmariinioksakestega. Sobib ka pidulauale!","robots":{"index":"index","follow":"follow","max-snippet":"max-snippet:-1","max-image-preview":"max-image-preview:large","max-video-preview":"max-video-preview:-1"},"canonical":"https:\/\/bio4you.eu\/retseptid\/toode\/hasselback-kartulid-kuuslaugu-ja-rosmariiniga\/","og_locale":"et_EE","og_type":"article","og_title":"Hasselback kartulid k\u00fc\u00fcslaugu ja rosmariiniga - bio4you.eu\/retseptid","og_description":"Krrrrr\u00f5be kartul, millele oleme andnud maitse kvaliteetse oliivi\u00f5li, k\u00fc\u00fcslaugu ja rosmariinioksakestega. Sobib ka pidulauale!","og_url":"https:\/\/bio4you.eu\/retseptid\/toode\/hasselback-kartulid-kuuslaugu-ja-rosmariiniga\/","og_site_name":"bio4you.eu\/retseptid","article_modified_time":"2023-08-10T12:05:02+00:00","og_image":[{"width":1707,"height":2560,"url":"https:\/\/bio4you.eu\/retseptid\/wp-content\/uploads\/2023\/08\/monika-grabkowska-N-xhCO5gY7s-unsplash-scaled.jpg","type":"image\/jpeg"}],"twitter_misc":{"Est. reading time":"2 minutit"},"schema":{"@context":"https:\/\/schema.org","@graph":[{"@type":"WebPage","@id":"https:\/\/bio4you.eu\/retseptid\/toode\/hasselback-kartulid-kuuslaugu-ja-rosmariiniga\/","url":"https:\/\/bio4you.eu\/retseptid\/toode\/hasselback-kartulid-kuuslaugu-ja-rosmariiniga\/","name":"Hasselback kartulid k\u00fc\u00fcslaugu ja rosmariiniga - bio4you.eu\/retseptid","isPartOf":{"@id":"https:\/\/bio4you.eu\/retseptid\/#website"},"primaryImageOfPage":{"@id":"https:\/\/bio4you.eu\/retseptid\/toode\/hasselback-kartulid-kuuslaugu-ja-rosmariiniga\/#primaryimage"},"image":{"@id":"https:\/\/bio4you.eu\/retseptid\/toode\/hasselback-kartulid-kuuslaugu-ja-rosmariiniga\/#primaryimage"},"thumbnailUrl":"https:\/\/bio4you.eu\/retseptid\/wp-content\/uploads\/2023\/08\/monika-grabkowska-N-xhCO5gY7s-unsplash-scaled.jpg","datePublished":"2023-08-10T11:59:34+00:00","dateModified":"2023-08-10T12:05:02+00:00","description":"Krrrrr\u00f5be kartul, millele oleme andnud maitse kvaliteetse oliivi\u00f5li, k\u00fc\u00fcslaugu ja rosmariinioksakestega. Sobib ka pidulauale!","breadcrumb":{"@id":"https:\/\/bio4you.eu\/retseptid\/toode\/hasselback-kartulid-kuuslaugu-ja-rosmariiniga\/#breadcrumb"},"inLanguage":"et","potentialAction":[{"@type":"ReadAction","target":["https:\/\/bio4you.eu\/retseptid\/toode\/hasselback-kartulid-kuuslaugu-ja-rosmariiniga\/"]}]},{"@type":"ImageObject","inLanguage":"et","@id":"https:\/\/bio4you.eu\/retseptid\/toode\/hasselback-kartulid-kuuslaugu-ja-rosmariiniga\/#primaryimage","url":"https:\/\/bio4you.eu\/retseptid\/wp-content\/uploads\/2023\/08\/monika-grabkowska-N-xhCO5gY7s-unsplash-scaled.jpg","contentUrl":"https:\/\/bio4you.eu\/retseptid\/wp-content\/uploads\/2023\/08\/monika-grabkowska-N-xhCO5gY7s-unsplash-scaled.jpg","width":1707,"height":2560},{"@type":"BreadcrumbList","@id":"https:\/\/bio4you.eu\/retseptid\/toode\/hasselback-kartulid-kuuslaugu-ja-rosmariiniga\/#breadcrumb","itemListElement":[{"@type":"ListItem","position":1,"name":"Home","item":"https:\/\/bio4you.eu\/retseptid\/"},{"@type":"ListItem","position":2,"name":"Hasselback kartulid k\u00fc\u00fcslaugu ja rosmariiniga"}]},{"@type":"WebSite","@id":"https:\/\/bio4you.eu\/retseptid\/#website","url":"https:\/\/bio4you.eu\/retseptid\/","name":"bio4you.eu\/retseptid","description":"\u00d6ko retseptid ise tegemiseks, looduslikest koostisainetest. Maitsev toit, iluhooldus, kodupuhastus ja aiandus.","potentialAction":[{"@type":"SearchAction","target":{"@type":"EntryPoint","urlTemplate":"https:\/\/bio4you.eu\/retseptid\/?s={search_term_string}"},"query-input":"required name=search_term_string"}],"inLanguage":"et"}]}},"_links":{"self":[{"href":"https:\/\/bio4you.eu\/retseptid\/wp-json\/wp\/v2\/product\/4186"}],"collection":[{"href":"https:\/\/bio4you.eu\/retseptid\/wp-json\/wp\/v2\/product"}],"about":[{"href":"https:\/\/bio4you.eu\/retseptid\/wp-json\/wp\/v2\/types\/product"}],"replies":[{"embeddable":true,"href":"https:\/\/bio4you.eu\/retseptid\/wp-json\/wp\/v2\/comments?post=4186"}],"wp:featuredmedia":[{"embeddable":true,"href":"https:\/\/bio4you.eu\/retseptid\/wp-json\/wp\/v2\/media\/4187"}],"wp:attachment":[{"href":"https:\/\/bio4you.eu\/retseptid\/wp-json\/wp\/v2\/media?parent=4186"}],"wp:term":[{"taxonomy":"product_cat","embeddable":true,"href":"https:\/\/bio4you.eu\/retseptid\/wp-json\/wp\/v2\/product_cat?post=4186"},{"taxonomy":"product_tag","embeddable":true,"href":"https:\/\/bio4you.eu\/retseptid\/wp-json\/wp\/v2\/product_tag?post=4186"}],"curies":[{"name":"wp","href":"https:\/\/api.w.org\/{rel}","templated":true}]}}