{"id":4191,"date":"2023-08-25T19:06:03","date_gmt":"2023-08-25T16:06:03","guid":{"rendered":"https:\/\/bio4you.eu\/retseptid\/?post_type=product&#038;p=4191"},"modified":"2023-08-25T19:06:03","modified_gmt":"2023-08-25T16:06:03","slug":"gluteenivabad-sarvesaiad","status":"publish","type":"product","link":"https:\/\/bio4you.eu\/retseptid\/toode\/gluteenivabad-sarvesaiad\/","title":{"rendered":"Gluteenivabad sarvesaiad"},"content":{"rendered":"<p>Valmistamine:<\/p>\n<ol>\n<li>Pane pirukap\u00f5hjasegu paki sisu kaussi. Lisa k\u00fclm vesi, \u00f5una\u00e4\u00e4dikas ja \u00f5li ning sega saumikseriga \u00fchtlaseks tainaks.<\/li>\n<li>Vormi tainast jahusel t\u00f6\u00f6pinnal pall ja rulli taignarulliga lahti.<\/li>\n<li>T\u00fckelda roheline sibul. Vajadusel maitsesta toorjuust soola ja pipraga ning m\u00e4\u00e4ri tainap\u00f5hjale. Puista peale sibul, vegan peekonikuubikud ja riivjuust ning seej\u00e4rel l\u00f5ika pitsal\u00f5ikuriga 8 kolmurgaks (t\u00fckelda nagu pitsat).<\/li>\n<li>Rulli kolmnurgad laiast k\u00fcljest croissantideks ja aseta k\u00fcpsetuspaberiga kaetud ahjuplaadile.<\/li>\n<li>Vahusta munakollane piimaga ja pintselda sellega sarvesaiad \u00f5hukeselt. Soovi korral puista peale seesamit v\u00f5i veidi riivjuustu ja k\u00fcpseta ahjus 180 kraadi juures \u00fclemise\/alumise kuumusega umbes 20 minutit, kuni saiakesed on kuldsed<\/li>\n<\/ol>\n","protected":false},"excerpt":{"rendered":"<p>Vaja l\u00e4heb:<\/p>\n<ul>\n<li>1 pakk <a href=\"https:\/\/bio4you.eu\/et\/kuivained\/5517-gluteenivaba-ohukese-pirukapohja-segu-tarte-flambee-2x200g.html?utm_source=bioretsept&amp;utm_medium=retsept&amp;utm_campaign=sarvesaiad\" target=\"_blank\" rel=\"noopener\">Bauckhof Tarte Flamb\u00e9e pirukap\u00f5hjasegu<\/a><\/li>\n<li>140 ml k\u00fclma vett<\/li>\n<li>1 spl <a href=\"https:\/\/bio4you.eu\/et\/olid-kastmed-kreemid\/1937-ounaaadikas-750ml-baule-volante.html?utm_source=bioretsept&amp;utm_medium=retsept&amp;utm_campaign=sarvesaiad\" target=\"_blank\" rel=\"noopener\">\u00f5una\u00e4\u00e4dikat<\/a><\/li>\n<li>2 spl <a href=\"https:\/\/bio4you.eu\/et\/olid-kastmed-kreemid\/2319-praadimisoli-750ml.html\" target=\"_blank\" rel=\"noopener\">\u00f5li praadimiseks<\/a><\/li>\n<li>Rohelist sibulat<\/li>\n<li>120 g \u00fcrtidega toorjuustu<\/li>\n<li>Pisut soola ja pipart<\/li>\n<li>60 g vegan peekonikuubikuid v\u00f5i suitsutofut<\/li>\n<li>60 g riivjuustu<\/li>\n<li>1 munakollast<\/li>\n<li>1 spl piima<\/li>\n<li>1 tl <a href=\"https:\/\/bio4you.eu\/et\/supertoidud\/2935-seesamiseemned-250g.html?utm_source=bioretsept&amp;utm_medium=retsept&amp;utm_campaign=sarvesaiad\" target=\"_blank\" rel=\"noopener\">seesamiseemneid<\/a><\/li>\n<\/ul>\n","protected":false},"featured_media":4192,"comment_status":"open","ping_status":"closed","template":"","meta":{"_exactmetrics_skip_tracking":false,"_exactmetrics_sitenote_active":false,"_exactmetrics_sitenote_note":"","_exactmetrics_sitenote_category":0},"product_cat":[59,60,63,383],"product_tag":[],"class_list":{"0":"post-4191","1":"product","2":"type-product","3":"status-publish","4":"has-post-thumbnail","6":"product_cat-featured","7":"product_cat-toiduretseptid","8":"product_cat-gluteenivabad-retseptid","9":"product_cat-taimetoit","11":"first","12":"instock","13":"shipping-taxable","14":"product-type-simple"},"yoast_head":"<!-- This site is optimized with the Yoast SEO plugin v23.3 - https:\/\/yoast.com\/wordpress\/plugins\/seo\/ -->\n<title>Gluteenivabad sarvesaiad - bio4you.eu\/retseptid<\/title>\n<meta name=\"description\" content=\"Valmista kr\u00f5bedad sarvesaiakesed ei millestki muust kui gluteenivabast pirukap\u00f5hjasegust! Lihtne valmistada ja maitseb jumalikult.\" \/>\n<meta name=\"robots\" content=\"index, follow, max-snippet:-1, max-image-preview:large, max-video-preview:-1\" \/>\n<link rel=\"canonical\" href=\"https:\/\/bio4you.eu\/retseptid\/toode\/gluteenivabad-sarvesaiad\/\" \/>\n<meta property=\"og:locale\" content=\"et_EE\" \/>\n<meta property=\"og:type\" content=\"article\" \/>\n<meta property=\"og:title\" content=\"Gluteenivabad sarvesaiad - bio4you.eu\/retseptid\" \/>\n<meta property=\"og:description\" content=\"Valmista kr\u00f5bedad sarvesaiakesed ei millestki muust kui gluteenivabast pirukap\u00f5hjasegust! Lihtne valmistada ja maitseb jumalikult.\" \/>\n<meta property=\"og:url\" content=\"https:\/\/bio4you.eu\/retseptid\/toode\/gluteenivabad-sarvesaiad\/\" \/>\n<meta property=\"og:site_name\" content=\"bio4you.eu\/retseptid\" \/>\n<meta property=\"og:image\" content=\"https:\/\/bio4you.eu\/retseptid\/wp-content\/uploads\/2023\/08\/csm_Bauckhof_Vegetarische_Flammkuchen-Hornchen_c22d4aca57.webp\" \/>\n\t<meta property=\"og:image:width\" content=\"650\" \/>\n\t<meta property=\"og:image:height\" content=\"450\" \/>\n\t<meta property=\"og:image:type\" content=\"image\/webp\" \/>\n<meta name=\"twitter:label1\" content=\"Est. reading time\" \/>\n\t<meta name=\"twitter:data1\" content=\"1 minut\" \/>\n<script type=\"application\/ld+json\" class=\"yoast-schema-graph\">{\"@context\":\"https:\/\/schema.org\",\"@graph\":[{\"@type\":\"WebPage\",\"@id\":\"https:\/\/bio4you.eu\/retseptid\/toode\/gluteenivabad-sarvesaiad\/\",\"url\":\"https:\/\/bio4you.eu\/retseptid\/toode\/gluteenivabad-sarvesaiad\/\",\"name\":\"Gluteenivabad sarvesaiad - bio4you.eu\/retseptid\",\"isPartOf\":{\"@id\":\"https:\/\/bio4you.eu\/retseptid\/#website\"},\"primaryImageOfPage\":{\"@id\":\"https:\/\/bio4you.eu\/retseptid\/toode\/gluteenivabad-sarvesaiad\/#primaryimage\"},\"image\":{\"@id\":\"https:\/\/bio4you.eu\/retseptid\/toode\/gluteenivabad-sarvesaiad\/#primaryimage\"},\"thumbnailUrl\":\"https:\/\/bio4you.eu\/retseptid\/wp-content\/uploads\/2023\/08\/csm_Bauckhof_Vegetarische_Flammkuchen-Hornchen_c22d4aca57.webp\",\"datePublished\":\"2023-08-25T16:06:03+00:00\",\"dateModified\":\"2023-08-25T16:06:03+00:00\",\"description\":\"Valmista kr\u00f5bedad sarvesaiakesed ei millestki muust kui gluteenivabast pirukap\u00f5hjasegust! Lihtne valmistada ja maitseb jumalikult.\",\"breadcrumb\":{\"@id\":\"https:\/\/bio4you.eu\/retseptid\/toode\/gluteenivabad-sarvesaiad\/#breadcrumb\"},\"inLanguage\":\"et\",\"potentialAction\":[{\"@type\":\"ReadAction\",\"target\":[\"https:\/\/bio4you.eu\/retseptid\/toode\/gluteenivabad-sarvesaiad\/\"]}]},{\"@type\":\"ImageObject\",\"inLanguage\":\"et\",\"@id\":\"https:\/\/bio4you.eu\/retseptid\/toode\/gluteenivabad-sarvesaiad\/#primaryimage\",\"url\":\"https:\/\/bio4you.eu\/retseptid\/wp-content\/uploads\/2023\/08\/csm_Bauckhof_Vegetarische_Flammkuchen-Hornchen_c22d4aca57.webp\",\"contentUrl\":\"https:\/\/bio4you.eu\/retseptid\/wp-content\/uploads\/2023\/08\/csm_Bauckhof_Vegetarische_Flammkuchen-Hornchen_c22d4aca57.webp\",\"width\":650,\"height\":450},{\"@type\":\"BreadcrumbList\",\"@id\":\"https:\/\/bio4you.eu\/retseptid\/toode\/gluteenivabad-sarvesaiad\/#breadcrumb\",\"itemListElement\":[{\"@type\":\"ListItem\",\"position\":1,\"name\":\"Home\",\"item\":\"https:\/\/bio4you.eu\/retseptid\/\"},{\"@type\":\"ListItem\",\"position\":2,\"name\":\"Gluteenivabad sarvesaiad\"}]},{\"@type\":\"WebSite\",\"@id\":\"https:\/\/bio4you.eu\/retseptid\/#website\",\"url\":\"https:\/\/bio4you.eu\/retseptid\/\",\"name\":\"bio4you.eu\/retseptid\",\"description\":\"\u00d6ko retseptid ise tegemiseks, looduslikest koostisainetest. Maitsev toit, iluhooldus, kodupuhastus ja aiandus.\",\"potentialAction\":[{\"@type\":\"SearchAction\",\"target\":{\"@type\":\"EntryPoint\",\"urlTemplate\":\"https:\/\/bio4you.eu\/retseptid\/?s={search_term_string}\"},\"query-input\":\"required name=search_term_string\"}],\"inLanguage\":\"et\"}]}<\/script>\n<!-- \/ Yoast SEO plugin. -->","yoast_head_json":{"title":"Gluteenivabad sarvesaiad - bio4you.eu\/retseptid","description":"Valmista kr\u00f5bedad sarvesaiakesed ei millestki muust kui gluteenivabast pirukap\u00f5hjasegust! Lihtne valmistada ja maitseb jumalikult.","robots":{"index":"index","follow":"follow","max-snippet":"max-snippet:-1","max-image-preview":"max-image-preview:large","max-video-preview":"max-video-preview:-1"},"canonical":"https:\/\/bio4you.eu\/retseptid\/toode\/gluteenivabad-sarvesaiad\/","og_locale":"et_EE","og_type":"article","og_title":"Gluteenivabad sarvesaiad - bio4you.eu\/retseptid","og_description":"Valmista kr\u00f5bedad sarvesaiakesed ei millestki muust kui gluteenivabast pirukap\u00f5hjasegust! Lihtne valmistada ja maitseb jumalikult.","og_url":"https:\/\/bio4you.eu\/retseptid\/toode\/gluteenivabad-sarvesaiad\/","og_site_name":"bio4you.eu\/retseptid","og_image":[{"width":650,"height":450,"url":"https:\/\/bio4you.eu\/retseptid\/wp-content\/uploads\/2023\/08\/csm_Bauckhof_Vegetarische_Flammkuchen-Hornchen_c22d4aca57.webp","type":"image\/webp"}],"twitter_misc":{"Est. reading time":"1 minut"},"schema":{"@context":"https:\/\/schema.org","@graph":[{"@type":"WebPage","@id":"https:\/\/bio4you.eu\/retseptid\/toode\/gluteenivabad-sarvesaiad\/","url":"https:\/\/bio4you.eu\/retseptid\/toode\/gluteenivabad-sarvesaiad\/","name":"Gluteenivabad sarvesaiad - bio4you.eu\/retseptid","isPartOf":{"@id":"https:\/\/bio4you.eu\/retseptid\/#website"},"primaryImageOfPage":{"@id":"https:\/\/bio4you.eu\/retseptid\/toode\/gluteenivabad-sarvesaiad\/#primaryimage"},"image":{"@id":"https:\/\/bio4you.eu\/retseptid\/toode\/gluteenivabad-sarvesaiad\/#primaryimage"},"thumbnailUrl":"https:\/\/bio4you.eu\/retseptid\/wp-content\/uploads\/2023\/08\/csm_Bauckhof_Vegetarische_Flammkuchen-Hornchen_c22d4aca57.webp","datePublished":"2023-08-25T16:06:03+00:00","dateModified":"2023-08-25T16:06:03+00:00","description":"Valmista kr\u00f5bedad sarvesaiakesed ei millestki muust kui gluteenivabast pirukap\u00f5hjasegust! Lihtne valmistada ja maitseb jumalikult.","breadcrumb":{"@id":"https:\/\/bio4you.eu\/retseptid\/toode\/gluteenivabad-sarvesaiad\/#breadcrumb"},"inLanguage":"et","potentialAction":[{"@type":"ReadAction","target":["https:\/\/bio4you.eu\/retseptid\/toode\/gluteenivabad-sarvesaiad\/"]}]},{"@type":"ImageObject","inLanguage":"et","@id":"https:\/\/bio4you.eu\/retseptid\/toode\/gluteenivabad-sarvesaiad\/#primaryimage","url":"https:\/\/bio4you.eu\/retseptid\/wp-content\/uploads\/2023\/08\/csm_Bauckhof_Vegetarische_Flammkuchen-Hornchen_c22d4aca57.webp","contentUrl":"https:\/\/bio4you.eu\/retseptid\/wp-content\/uploads\/2023\/08\/csm_Bauckhof_Vegetarische_Flammkuchen-Hornchen_c22d4aca57.webp","width":650,"height":450},{"@type":"BreadcrumbList","@id":"https:\/\/bio4you.eu\/retseptid\/toode\/gluteenivabad-sarvesaiad\/#breadcrumb","itemListElement":[{"@type":"ListItem","position":1,"name":"Home","item":"https:\/\/bio4you.eu\/retseptid\/"},{"@type":"ListItem","position":2,"name":"Gluteenivabad sarvesaiad"}]},{"@type":"WebSite","@id":"https:\/\/bio4you.eu\/retseptid\/#website","url":"https:\/\/bio4you.eu\/retseptid\/","name":"bio4you.eu\/retseptid","description":"\u00d6ko retseptid ise tegemiseks, looduslikest koostisainetest. Maitsev toit, iluhooldus, kodupuhastus ja aiandus.","potentialAction":[{"@type":"SearchAction","target":{"@type":"EntryPoint","urlTemplate":"https:\/\/bio4you.eu\/retseptid\/?s={search_term_string}"},"query-input":"required name=search_term_string"}],"inLanguage":"et"}]}},"_links":{"self":[{"href":"https:\/\/bio4you.eu\/retseptid\/wp-json\/wp\/v2\/product\/4191"}],"collection":[{"href":"https:\/\/bio4you.eu\/retseptid\/wp-json\/wp\/v2\/product"}],"about":[{"href":"https:\/\/bio4you.eu\/retseptid\/wp-json\/wp\/v2\/types\/product"}],"replies":[{"embeddable":true,"href":"https:\/\/bio4you.eu\/retseptid\/wp-json\/wp\/v2\/comments?post=4191"}],"wp:featuredmedia":[{"embeddable":true,"href":"https:\/\/bio4you.eu\/retseptid\/wp-json\/wp\/v2\/media\/4192"}],"wp:attachment":[{"href":"https:\/\/bio4you.eu\/retseptid\/wp-json\/wp\/v2\/media?parent=4191"}],"wp:term":[{"taxonomy":"product_cat","embeddable":true,"href":"https:\/\/bio4you.eu\/retseptid\/wp-json\/wp\/v2\/product_cat?post=4191"},{"taxonomy":"product_tag","embeddable":true,"href":"https:\/\/bio4you.eu\/retseptid\/wp-json\/wp\/v2\/product_tag?post=4191"}],"curies":[{"name":"wp","href":"https:\/\/api.w.org\/{rel}","templated":true}]}}