{"id":4197,"date":"2023-09-22T08:17:47","date_gmt":"2023-09-22T05:17:47","guid":{"rendered":"https:\/\/bio4you.eu\/retseptid\/?post_type=product&#038;p=4197"},"modified":"2023-09-22T08:20:04","modified_gmt":"2023-09-22T05:20:04","slug":"ounarongad-sokolaadiga","status":"publish","type":"product","link":"https:\/\/bio4you.eu\/retseptid\/toode\/ounarongad-sokolaadiga\/","title":{"rendered":"\u00d5unar\u00f5ngad \u0161okolaadiga"},"content":{"rendered":"<p>Valmistamine:<\/p>\n<ol>\n<li>L\u00f5ika sulanud lehttainast ribad. V\u00f5id enne tainast pisut ka rullida.<\/li>\n<li>Pese \u00f5unad ja l\u00f5ika neist suured kettad. S\u00fcdamed v\u00f5ta v\u00e4lja kas metallist piparkoogivormiga v\u00f5i millegi muu sobilikuga. Alles peaks j\u00e4\u00e4ma O-kujulised kettad.<\/li>\n<li>Hakka \u00f5unte \u00fcmber keerama l\u00f5igatud tainaribasid kuni k\u00f5ik \u00f5unad on tainaga kaetud.<\/li>\n<li>Sega kokku kaneeli-suhkrusegu (2:1 vahekorras) ja puista see \u00f5untele peale.<\/li>\n<li>Pane r\u00f5ngad 180 kraadi juurde ahju, kuni need on pealt kuldpruunid ja suhkur on sulanud. See v\u00f5tab umbes 30 minutit.<\/li>\n<\/ol>\n","protected":false},"excerpt":{"rendered":"<p>Vaja l\u00e4heb:<\/p>\n<ul>\n<li>Pakk lehttainast<\/li>\n<li>V\u00e4rskeid \u00f5unu (plusspunktid, kui on oma aia \u00f5unad)<\/li>\n<li><a href=\"https:\/\/bio4you.eu\/et\/163-sokolaadid?utm_source=bioretsept&amp;utm_medium=retsept_ounarongad&amp;utm_campaign=ounarongad\" target=\"_blank\" rel=\"noopener\">Mahe\u0161okolaadi<\/a>*<\/li>\n<li><a href=\"https:\/\/bio4you.eu\/et\/maitseained-ja-magustajad\/2268-tseiloni-kaneel-250g.html?utm_source=bioretsept&amp;utm_medium=retsept_ounarongad&amp;utm_campaign=ounarongad\" target=\"_blank\" rel=\"noopener\">Tseiloni kaneeli<\/a><\/li>\n<li><a href=\"https:\/\/bio4you.eu\/et\/suhkur\/3630-ajurveeda-jaggery-suhkur-400g.html?utm_source=bioretsept&amp;utm_medium=retsept_ounarongad&amp;utm_campaign=ounarongad\" target=\"_blank\" rel=\"noopener\">Suhkrut<\/a><\/li>\n<\/ul>\n<p>*Meie tegime r\u00f5ngaid nii valge kui ka tumeda \u0161okolaadiga ning m\u00f5lemad maitsevad suurep\u00e4raselt!<\/p>\n<p>V\u00f5id kasutada ka kardemoni.<\/p>\n","protected":false},"featured_media":4198,"comment_status":"open","ping_status":"closed","template":"","meta":{"_exactmetrics_skip_tracking":false,"_exactmetrics_sitenote_active":false,"_exactmetrics_sitenote_note":"","_exactmetrics_sitenote_category":0},"product_cat":[59,382,383,280,365],"product_tag":[],"class_list":{"0":"post-4197","1":"product","2":"type-product","3":"status-publish","4":"has-post-thumbnail","6":"product_cat-featured","7":"product_cat-vegan-toiduretseptid","8":"product_cat-taimetoit","9":"product_cat-koogid-ja-kupsised","10":"product_cat-laste-lemmikud","12":"first","13":"instock","14":"shipping-taxable","15":"product-type-simple"},"yoast_head":"<!-- This site is optimized with the Yoast SEO plugin v23.3 - https:\/\/yoast.com\/wordpress\/plugins\/seo\/ -->\n<title>\u00d5unar\u00f5ngad \u0161okolaadiga - bio4you.eu\/retseptid<\/title>\n<meta name=\"description\" content=\"Selle s\u00fcgise t\u00f5eline hitt-magustoit, mis on valmistatud eriti k\u00e4ep\u00e4rastest koostisosadest. Kindel kogu pere lemmik!\" \/>\n<meta name=\"robots\" content=\"index, follow, max-snippet:-1, max-image-preview:large, max-video-preview:-1\" \/>\n<link rel=\"canonical\" href=\"https:\/\/bio4you.eu\/retseptid\/toode\/ounarongad-sokolaadiga\/\" \/>\n<meta property=\"og:locale\" content=\"et_EE\" \/>\n<meta property=\"og:type\" content=\"article\" \/>\n<meta property=\"og:title\" content=\"\u00d5unar\u00f5ngad \u0161okolaadiga - bio4you.eu\/retseptid\" \/>\n<meta property=\"og:description\" content=\"Selle s\u00fcgise t\u00f5eline hitt-magustoit, mis on valmistatud eriti k\u00e4ep\u00e4rastest koostisosadest. Kindel kogu pere lemmik!\" \/>\n<meta property=\"og:url\" content=\"https:\/\/bio4you.eu\/retseptid\/toode\/ounarongad-sokolaadiga\/\" \/>\n<meta property=\"og:site_name\" content=\"bio4you.eu\/retseptid\" \/>\n<meta property=\"article:modified_time\" content=\"2023-09-22T05:20:04+00:00\" \/>\n<meta property=\"og:image\" content=\"https:\/\/bio4you.eu\/retseptid\/wp-content\/uploads\/2023\/09\/Sotsiaameedia-ruut-81.png\" \/>\n\t<meta property=\"og:image:width\" content=\"1080\" \/>\n\t<meta property=\"og:image:height\" content=\"1080\" \/>\n\t<meta property=\"og:image:type\" content=\"image\/png\" \/>\n<meta name=\"twitter:label1\" content=\"Est. reading time\" \/>\n\t<meta name=\"twitter:data1\" content=\"1 minut\" \/>\n<script type=\"application\/ld+json\" class=\"yoast-schema-graph\">{\"@context\":\"https:\/\/schema.org\",\"@graph\":[{\"@type\":\"WebPage\",\"@id\":\"https:\/\/bio4you.eu\/retseptid\/toode\/ounarongad-sokolaadiga\/\",\"url\":\"https:\/\/bio4you.eu\/retseptid\/toode\/ounarongad-sokolaadiga\/\",\"name\":\"\u00d5unar\u00f5ngad \u0161okolaadiga - bio4you.eu\/retseptid\",\"isPartOf\":{\"@id\":\"https:\/\/bio4you.eu\/retseptid\/#website\"},\"primaryImageOfPage\":{\"@id\":\"https:\/\/bio4you.eu\/retseptid\/toode\/ounarongad-sokolaadiga\/#primaryimage\"},\"image\":{\"@id\":\"https:\/\/bio4you.eu\/retseptid\/toode\/ounarongad-sokolaadiga\/#primaryimage\"},\"thumbnailUrl\":\"https:\/\/bio4you.eu\/retseptid\/wp-content\/uploads\/2023\/09\/Sotsiaameedia-ruut-81.png\",\"datePublished\":\"2023-09-22T05:17:47+00:00\",\"dateModified\":\"2023-09-22T05:20:04+00:00\",\"description\":\"Selle s\u00fcgise t\u00f5eline hitt-magustoit, mis on valmistatud eriti k\u00e4ep\u00e4rastest koostisosadest. Kindel kogu pere lemmik!\",\"breadcrumb\":{\"@id\":\"https:\/\/bio4you.eu\/retseptid\/toode\/ounarongad-sokolaadiga\/#breadcrumb\"},\"inLanguage\":\"et\",\"potentialAction\":[{\"@type\":\"ReadAction\",\"target\":[\"https:\/\/bio4you.eu\/retseptid\/toode\/ounarongad-sokolaadiga\/\"]}]},{\"@type\":\"ImageObject\",\"inLanguage\":\"et\",\"@id\":\"https:\/\/bio4you.eu\/retseptid\/toode\/ounarongad-sokolaadiga\/#primaryimage\",\"url\":\"https:\/\/bio4you.eu\/retseptid\/wp-content\/uploads\/2023\/09\/Sotsiaameedia-ruut-81.png\",\"contentUrl\":\"https:\/\/bio4you.eu\/retseptid\/wp-content\/uploads\/2023\/09\/Sotsiaameedia-ruut-81.png\",\"width\":1080,\"height\":1080},{\"@type\":\"BreadcrumbList\",\"@id\":\"https:\/\/bio4you.eu\/retseptid\/toode\/ounarongad-sokolaadiga\/#breadcrumb\",\"itemListElement\":[{\"@type\":\"ListItem\",\"position\":1,\"name\":\"Home\",\"item\":\"https:\/\/bio4you.eu\/retseptid\/\"},{\"@type\":\"ListItem\",\"position\":2,\"name\":\"\u00d5unar\u00f5ngad \u0161okolaadiga\"}]},{\"@type\":\"WebSite\",\"@id\":\"https:\/\/bio4you.eu\/retseptid\/#website\",\"url\":\"https:\/\/bio4you.eu\/retseptid\/\",\"name\":\"bio4you.eu\/retseptid\",\"description\":\"\u00d6ko retseptid ise tegemiseks, looduslikest koostisainetest. Maitsev toit, iluhooldus, kodupuhastus ja aiandus.\",\"potentialAction\":[{\"@type\":\"SearchAction\",\"target\":{\"@type\":\"EntryPoint\",\"urlTemplate\":\"https:\/\/bio4you.eu\/retseptid\/?s={search_term_string}\"},\"query-input\":\"required name=search_term_string\"}],\"inLanguage\":\"et\"}]}<\/script>\n<!-- \/ Yoast SEO plugin. -->","yoast_head_json":{"title":"\u00d5unar\u00f5ngad \u0161okolaadiga - bio4you.eu\/retseptid","description":"Selle s\u00fcgise t\u00f5eline hitt-magustoit, mis on valmistatud eriti k\u00e4ep\u00e4rastest koostisosadest. Kindel kogu pere lemmik!","robots":{"index":"index","follow":"follow","max-snippet":"max-snippet:-1","max-image-preview":"max-image-preview:large","max-video-preview":"max-video-preview:-1"},"canonical":"https:\/\/bio4you.eu\/retseptid\/toode\/ounarongad-sokolaadiga\/","og_locale":"et_EE","og_type":"article","og_title":"\u00d5unar\u00f5ngad \u0161okolaadiga - bio4you.eu\/retseptid","og_description":"Selle s\u00fcgise t\u00f5eline hitt-magustoit, mis on valmistatud eriti k\u00e4ep\u00e4rastest koostisosadest. Kindel kogu pere lemmik!","og_url":"https:\/\/bio4you.eu\/retseptid\/toode\/ounarongad-sokolaadiga\/","og_site_name":"bio4you.eu\/retseptid","article_modified_time":"2023-09-22T05:20:04+00:00","og_image":[{"width":1080,"height":1080,"url":"https:\/\/bio4you.eu\/retseptid\/wp-content\/uploads\/2023\/09\/Sotsiaameedia-ruut-81.png","type":"image\/png"}],"twitter_misc":{"Est. reading time":"1 minut"},"schema":{"@context":"https:\/\/schema.org","@graph":[{"@type":"WebPage","@id":"https:\/\/bio4you.eu\/retseptid\/toode\/ounarongad-sokolaadiga\/","url":"https:\/\/bio4you.eu\/retseptid\/toode\/ounarongad-sokolaadiga\/","name":"\u00d5unar\u00f5ngad \u0161okolaadiga - bio4you.eu\/retseptid","isPartOf":{"@id":"https:\/\/bio4you.eu\/retseptid\/#website"},"primaryImageOfPage":{"@id":"https:\/\/bio4you.eu\/retseptid\/toode\/ounarongad-sokolaadiga\/#primaryimage"},"image":{"@id":"https:\/\/bio4you.eu\/retseptid\/toode\/ounarongad-sokolaadiga\/#primaryimage"},"thumbnailUrl":"https:\/\/bio4you.eu\/retseptid\/wp-content\/uploads\/2023\/09\/Sotsiaameedia-ruut-81.png","datePublished":"2023-09-22T05:17:47+00:00","dateModified":"2023-09-22T05:20:04+00:00","description":"Selle s\u00fcgise t\u00f5eline hitt-magustoit, mis on valmistatud eriti k\u00e4ep\u00e4rastest koostisosadest. Kindel kogu pere lemmik!","breadcrumb":{"@id":"https:\/\/bio4you.eu\/retseptid\/toode\/ounarongad-sokolaadiga\/#breadcrumb"},"inLanguage":"et","potentialAction":[{"@type":"ReadAction","target":["https:\/\/bio4you.eu\/retseptid\/toode\/ounarongad-sokolaadiga\/"]}]},{"@type":"ImageObject","inLanguage":"et","@id":"https:\/\/bio4you.eu\/retseptid\/toode\/ounarongad-sokolaadiga\/#primaryimage","url":"https:\/\/bio4you.eu\/retseptid\/wp-content\/uploads\/2023\/09\/Sotsiaameedia-ruut-81.png","contentUrl":"https:\/\/bio4you.eu\/retseptid\/wp-content\/uploads\/2023\/09\/Sotsiaameedia-ruut-81.png","width":1080,"height":1080},{"@type":"BreadcrumbList","@id":"https:\/\/bio4you.eu\/retseptid\/toode\/ounarongad-sokolaadiga\/#breadcrumb","itemListElement":[{"@type":"ListItem","position":1,"name":"Home","item":"https:\/\/bio4you.eu\/retseptid\/"},{"@type":"ListItem","position":2,"name":"\u00d5unar\u00f5ngad \u0161okolaadiga"}]},{"@type":"WebSite","@id":"https:\/\/bio4you.eu\/retseptid\/#website","url":"https:\/\/bio4you.eu\/retseptid\/","name":"bio4you.eu\/retseptid","description":"\u00d6ko retseptid ise tegemiseks, looduslikest koostisainetest. Maitsev toit, iluhooldus, kodupuhastus ja aiandus.","potentialAction":[{"@type":"SearchAction","target":{"@type":"EntryPoint","urlTemplate":"https:\/\/bio4you.eu\/retseptid\/?s={search_term_string}"},"query-input":"required name=search_term_string"}],"inLanguage":"et"}]}},"_links":{"self":[{"href":"https:\/\/bio4you.eu\/retseptid\/wp-json\/wp\/v2\/product\/4197"}],"collection":[{"href":"https:\/\/bio4you.eu\/retseptid\/wp-json\/wp\/v2\/product"}],"about":[{"href":"https:\/\/bio4you.eu\/retseptid\/wp-json\/wp\/v2\/types\/product"}],"replies":[{"embeddable":true,"href":"https:\/\/bio4you.eu\/retseptid\/wp-json\/wp\/v2\/comments?post=4197"}],"wp:featuredmedia":[{"embeddable":true,"href":"https:\/\/bio4you.eu\/retseptid\/wp-json\/wp\/v2\/media\/4198"}],"wp:attachment":[{"href":"https:\/\/bio4you.eu\/retseptid\/wp-json\/wp\/v2\/media?parent=4197"}],"wp:term":[{"taxonomy":"product_cat","embeddable":true,"href":"https:\/\/bio4you.eu\/retseptid\/wp-json\/wp\/v2\/product_cat?post=4197"},{"taxonomy":"product_tag","embeddable":true,"href":"https:\/\/bio4you.eu\/retseptid\/wp-json\/wp\/v2\/product_tag?post=4197"}],"curies":[{"name":"wp","href":"https:\/\/api.w.org\/{rel}","templated":true}]}}