{"id":4201,"date":"2023-10-07T11:25:12","date_gmt":"2023-10-07T08:25:12","guid":{"rendered":"https:\/\/bio4you.eu\/retseptid\/?post_type=product&#038;p=4201"},"modified":"2023-10-07T11:25:12","modified_gmt":"2023-10-07T08:25:12","slug":"viigimarja-tiramisu","status":"publish","type":"product","link":"https:\/\/bio4you.eu\/retseptid\/toode\/viigimarja-tiramisu\/","title":{"rendered":"Viigimarja tiramisu"},"content":{"rendered":"<p>Valmistamine:<\/p>\n<ol>\n<li>Valmista kreem: eralda munavalged kollastest ja l\u00f6\u00f6 vahtu. Pane hetkeks k\u00f5rvale. Vahusta ka munakollased suhkruga, kuni segi muutub pisut heledamaks ja kreemjaks. Lisa t\u00fckkhaaval <em>mascarpone<\/em> ja sega \u00fchtlaseks. Seej\u00e4rel lisa \u00f5rnalt alt \u00fcles segades ka munavalged.<\/li>\n<li>Lahusta vees mesi, selle sees immutame k\u00fcpsiseid.<\/li>\n<li>Vali sobiv n\u00f5u tiramisu jaoks ja pane n\u00f5u p\u00f5hjale pisut kreemi, selle peale rida meesegus immutatud k\u00fcpsised. K\u00fcpsiste peale lisa paksem kiht kreemi ning ka viilutatud viigimarjad (umbes 6 tk).<\/li>\n<li>Seej\u00e4rel lisa uus rida immutatud k\u00fcpsised ja k\u00f5ik \u00fclej\u00e4\u00e4nud kreem.<\/li>\n<li>Kaunista viigimarjade viilude ja p\u00e4hklipuruga.<\/li>\n<li>Enne s\u00f6\u00f6mist hoia <em>ca<\/em> 2-3 tundi k\u00fclmikus. K\u00f5ige paremini maitseb tiramisu teisel p\u00e4eval.<\/li>\n<\/ol>\n","protected":false},"excerpt":{"rendered":"<p>Vaja l\u00e4heb:<\/p>\n<ul>\n<li>200 g Savoiardi k\u00fcpsiseid<\/li>\n<li>12 viigimarja, v\u00e4rsked ja k\u00fcpsed<\/li>\n<li>100 ml vett<\/li>\n<li>30 g <a href=\"https:\/\/bio4you.eu\/et\/maitseained-ja-magustajad\/4252-mesi-700g.html?utm_source=bioretsept&amp;utm_medium=retsept_tiramisu&amp;utm_campaign=retsept_tiramisu\" target=\"_blank\" rel=\"noopener\">mett<\/a><\/li>\n<\/ul>\n<p>Kreem:<\/p>\n<ul>\n<li>500 g <em>mascarpone<\/em> kreemi<\/li>\n<li>4 muna*<\/li>\n<li>90 g <a href=\"https:\/\/bio4you.eu\/et\/maitseained-ja-magustajad\/5712-roosuhkur-muscovado-tume-500g.html?utm_source=bioretsept&amp;utm_medium=retsept_tiramisu&amp;utm_campaign=retsept_tiramisu\" target=\"_blank\" rel=\"noopener\">tumedat &#8220;Muscovado&#8221; suhkrut<\/a><\/li>\n<\/ul>\n<p>Kaunistamiseks:<\/p>\n<ul>\n<li><a href=\"https:\/\/bio4you.eu\/et\/supertoidud\/5433-kreeka-paehklid-1kg.html?utm_source=bioretsept&amp;utm_medium=retsept_tiramisu&amp;utm_campaign=retsept_tiramisu\" target=\"_blank\" rel=\"noopener\">Kreeka p\u00e4hkli<\/a> v\u00f5i pistaatsia p\u00e4hkli puru<\/li>\n<\/ul>\n<p>&nbsp;<\/p>\n<p>*Munad ostetakse tiramisu jaoks samal v\u00f5i eelmisel p\u00e4eval poest, peavad olema poe omad ja v\u00e4rsked (mitte kodumunad, mis ei l\u00e4bi vajalikke kontrolle).<\/p>\n","protected":false},"featured_media":4202,"comment_status":"open","ping_status":"closed","template":"","meta":{"_exactmetrics_skip_tracking":false,"_exactmetrics_sitenote_active":false,"_exactmetrics_sitenote_note":"","_exactmetrics_sitenote_category":0},"product_cat":[59,60,383,280],"product_tag":[],"class_list":{"0":"post-4201","1":"product","2":"type-product","3":"status-publish","4":"has-post-thumbnail","6":"product_cat-featured","7":"product_cat-toiduretseptid","8":"product_cat-taimetoit","9":"product_cat-koogid-ja-kupsised","11":"first","12":"instock","13":"shipping-taxable","14":"product-type-simple"},"yoast_head":"<!-- This site is optimized with the Yoast SEO plugin v23.3 - https:\/\/yoast.com\/wordpress\/plugins\/seo\/ -->\n<title>Viigimarja tiramisu - bio4you.eu\/retseptid<\/title>\n<meta name=\"description\" content=\"T\u00f5siselt s\u00fcgisene ja luksuslik magustoit, mida valmistada mesimagusatest k\u00fcpsetest viigimarjadest! Uus kogu pere lemmik.\" \/>\n<meta name=\"robots\" content=\"index, follow, max-snippet:-1, max-image-preview:large, max-video-preview:-1\" \/>\n<link rel=\"canonical\" href=\"https:\/\/bio4you.eu\/retseptid\/toode\/viigimarja-tiramisu\/\" \/>\n<meta property=\"og:locale\" content=\"et_EE\" \/>\n<meta property=\"og:type\" content=\"article\" \/>\n<meta property=\"og:title\" content=\"Viigimarja tiramisu - bio4you.eu\/retseptid\" \/>\n<meta property=\"og:description\" content=\"T\u00f5siselt s\u00fcgisene ja luksuslik magustoit, mida valmistada mesimagusatest k\u00fcpsetest viigimarjadest! Uus kogu pere lemmik.\" \/>\n<meta property=\"og:url\" content=\"https:\/\/bio4you.eu\/retseptid\/toode\/viigimarja-tiramisu\/\" \/>\n<meta property=\"og:site_name\" content=\"bio4you.eu\/retseptid\" \/>\n<meta property=\"og:image\" content=\"https:\/\/bio4you.eu\/retseptid\/wp-content\/uploads\/2023\/10\/380049195_3559190814331660_3385953411043305059_n.jpg\" \/>\n\t<meta property=\"og:image:width\" content=\"1536\" \/>\n\t<meta property=\"og:image:height\" content=\"2048\" \/>\n\t<meta property=\"og:image:type\" content=\"image\/jpeg\" \/>\n<meta name=\"twitter:label1\" content=\"Est. reading time\" \/>\n\t<meta name=\"twitter:data1\" content=\"1 minut\" \/>\n<script type=\"application\/ld+json\" class=\"yoast-schema-graph\">{\"@context\":\"https:\/\/schema.org\",\"@graph\":[{\"@type\":\"WebPage\",\"@id\":\"https:\/\/bio4you.eu\/retseptid\/toode\/viigimarja-tiramisu\/\",\"url\":\"https:\/\/bio4you.eu\/retseptid\/toode\/viigimarja-tiramisu\/\",\"name\":\"Viigimarja tiramisu - bio4you.eu\/retseptid\",\"isPartOf\":{\"@id\":\"https:\/\/bio4you.eu\/retseptid\/#website\"},\"primaryImageOfPage\":{\"@id\":\"https:\/\/bio4you.eu\/retseptid\/toode\/viigimarja-tiramisu\/#primaryimage\"},\"image\":{\"@id\":\"https:\/\/bio4you.eu\/retseptid\/toode\/viigimarja-tiramisu\/#primaryimage\"},\"thumbnailUrl\":\"https:\/\/bio4you.eu\/retseptid\/wp-content\/uploads\/2023\/10\/380049195_3559190814331660_3385953411043305059_n.jpg\",\"datePublished\":\"2023-10-07T08:25:12+00:00\",\"dateModified\":\"2023-10-07T08:25:12+00:00\",\"description\":\"T\u00f5siselt s\u00fcgisene ja luksuslik magustoit, mida valmistada mesimagusatest k\u00fcpsetest viigimarjadest! Uus kogu pere lemmik.\",\"breadcrumb\":{\"@id\":\"https:\/\/bio4you.eu\/retseptid\/toode\/viigimarja-tiramisu\/#breadcrumb\"},\"inLanguage\":\"et\",\"potentialAction\":[{\"@type\":\"ReadAction\",\"target\":[\"https:\/\/bio4you.eu\/retseptid\/toode\/viigimarja-tiramisu\/\"]}]},{\"@type\":\"ImageObject\",\"inLanguage\":\"et\",\"@id\":\"https:\/\/bio4you.eu\/retseptid\/toode\/viigimarja-tiramisu\/#primaryimage\",\"url\":\"https:\/\/bio4you.eu\/retseptid\/wp-content\/uploads\/2023\/10\/380049195_3559190814331660_3385953411043305059_n.jpg\",\"contentUrl\":\"https:\/\/bio4you.eu\/retseptid\/wp-content\/uploads\/2023\/10\/380049195_3559190814331660_3385953411043305059_n.jpg\",\"width\":1536,\"height\":2048},{\"@type\":\"BreadcrumbList\",\"@id\":\"https:\/\/bio4you.eu\/retseptid\/toode\/viigimarja-tiramisu\/#breadcrumb\",\"itemListElement\":[{\"@type\":\"ListItem\",\"position\":1,\"name\":\"Home\",\"item\":\"https:\/\/bio4you.eu\/retseptid\/\"},{\"@type\":\"ListItem\",\"position\":2,\"name\":\"Viigimarja tiramisu\"}]},{\"@type\":\"WebSite\",\"@id\":\"https:\/\/bio4you.eu\/retseptid\/#website\",\"url\":\"https:\/\/bio4you.eu\/retseptid\/\",\"name\":\"bio4you.eu\/retseptid\",\"description\":\"\u00d6ko retseptid ise tegemiseks, looduslikest koostisainetest. Maitsev toit, iluhooldus, kodupuhastus ja aiandus.\",\"potentialAction\":[{\"@type\":\"SearchAction\",\"target\":{\"@type\":\"EntryPoint\",\"urlTemplate\":\"https:\/\/bio4you.eu\/retseptid\/?s={search_term_string}\"},\"query-input\":\"required name=search_term_string\"}],\"inLanguage\":\"et\"}]}<\/script>\n<!-- \/ Yoast SEO plugin. -->","yoast_head_json":{"title":"Viigimarja tiramisu - bio4you.eu\/retseptid","description":"T\u00f5siselt s\u00fcgisene ja luksuslik magustoit, mida valmistada mesimagusatest k\u00fcpsetest viigimarjadest! Uus kogu pere lemmik.","robots":{"index":"index","follow":"follow","max-snippet":"max-snippet:-1","max-image-preview":"max-image-preview:large","max-video-preview":"max-video-preview:-1"},"canonical":"https:\/\/bio4you.eu\/retseptid\/toode\/viigimarja-tiramisu\/","og_locale":"et_EE","og_type":"article","og_title":"Viigimarja tiramisu - bio4you.eu\/retseptid","og_description":"T\u00f5siselt s\u00fcgisene ja luksuslik magustoit, mida valmistada mesimagusatest k\u00fcpsetest viigimarjadest! Uus kogu pere lemmik.","og_url":"https:\/\/bio4you.eu\/retseptid\/toode\/viigimarja-tiramisu\/","og_site_name":"bio4you.eu\/retseptid","og_image":[{"width":1536,"height":2048,"url":"https:\/\/bio4you.eu\/retseptid\/wp-content\/uploads\/2023\/10\/380049195_3559190814331660_3385953411043305059_n.jpg","type":"image\/jpeg"}],"twitter_misc":{"Est. reading time":"1 minut"},"schema":{"@context":"https:\/\/schema.org","@graph":[{"@type":"WebPage","@id":"https:\/\/bio4you.eu\/retseptid\/toode\/viigimarja-tiramisu\/","url":"https:\/\/bio4you.eu\/retseptid\/toode\/viigimarja-tiramisu\/","name":"Viigimarja tiramisu - bio4you.eu\/retseptid","isPartOf":{"@id":"https:\/\/bio4you.eu\/retseptid\/#website"},"primaryImageOfPage":{"@id":"https:\/\/bio4you.eu\/retseptid\/toode\/viigimarja-tiramisu\/#primaryimage"},"image":{"@id":"https:\/\/bio4you.eu\/retseptid\/toode\/viigimarja-tiramisu\/#primaryimage"},"thumbnailUrl":"https:\/\/bio4you.eu\/retseptid\/wp-content\/uploads\/2023\/10\/380049195_3559190814331660_3385953411043305059_n.jpg","datePublished":"2023-10-07T08:25:12+00:00","dateModified":"2023-10-07T08:25:12+00:00","description":"T\u00f5siselt s\u00fcgisene ja luksuslik magustoit, mida valmistada mesimagusatest k\u00fcpsetest viigimarjadest! Uus kogu pere lemmik.","breadcrumb":{"@id":"https:\/\/bio4you.eu\/retseptid\/toode\/viigimarja-tiramisu\/#breadcrumb"},"inLanguage":"et","potentialAction":[{"@type":"ReadAction","target":["https:\/\/bio4you.eu\/retseptid\/toode\/viigimarja-tiramisu\/"]}]},{"@type":"ImageObject","inLanguage":"et","@id":"https:\/\/bio4you.eu\/retseptid\/toode\/viigimarja-tiramisu\/#primaryimage","url":"https:\/\/bio4you.eu\/retseptid\/wp-content\/uploads\/2023\/10\/380049195_3559190814331660_3385953411043305059_n.jpg","contentUrl":"https:\/\/bio4you.eu\/retseptid\/wp-content\/uploads\/2023\/10\/380049195_3559190814331660_3385953411043305059_n.jpg","width":1536,"height":2048},{"@type":"BreadcrumbList","@id":"https:\/\/bio4you.eu\/retseptid\/toode\/viigimarja-tiramisu\/#breadcrumb","itemListElement":[{"@type":"ListItem","position":1,"name":"Home","item":"https:\/\/bio4you.eu\/retseptid\/"},{"@type":"ListItem","position":2,"name":"Viigimarja tiramisu"}]},{"@type":"WebSite","@id":"https:\/\/bio4you.eu\/retseptid\/#website","url":"https:\/\/bio4you.eu\/retseptid\/","name":"bio4you.eu\/retseptid","description":"\u00d6ko retseptid ise tegemiseks, looduslikest koostisainetest. Maitsev toit, iluhooldus, kodupuhastus ja aiandus.","potentialAction":[{"@type":"SearchAction","target":{"@type":"EntryPoint","urlTemplate":"https:\/\/bio4you.eu\/retseptid\/?s={search_term_string}"},"query-input":"required name=search_term_string"}],"inLanguage":"et"}]}},"_links":{"self":[{"href":"https:\/\/bio4you.eu\/retseptid\/wp-json\/wp\/v2\/product\/4201"}],"collection":[{"href":"https:\/\/bio4you.eu\/retseptid\/wp-json\/wp\/v2\/product"}],"about":[{"href":"https:\/\/bio4you.eu\/retseptid\/wp-json\/wp\/v2\/types\/product"}],"replies":[{"embeddable":true,"href":"https:\/\/bio4you.eu\/retseptid\/wp-json\/wp\/v2\/comments?post=4201"}],"wp:featuredmedia":[{"embeddable":true,"href":"https:\/\/bio4you.eu\/retseptid\/wp-json\/wp\/v2\/media\/4202"}],"wp:attachment":[{"href":"https:\/\/bio4you.eu\/retseptid\/wp-json\/wp\/v2\/media?parent=4201"}],"wp:term":[{"taxonomy":"product_cat","embeddable":true,"href":"https:\/\/bio4you.eu\/retseptid\/wp-json\/wp\/v2\/product_cat?post=4201"},{"taxonomy":"product_tag","embeddable":true,"href":"https:\/\/bio4you.eu\/retseptid\/wp-json\/wp\/v2\/product_tag?post=4201"}],"curies":[{"name":"wp","href":"https:\/\/api.w.org\/{rel}","templated":true}]}}