{"id":4226,"date":"2023-10-27T18:12:38","date_gmt":"2023-10-27T15:12:38","guid":{"rendered":"https:\/\/bio4you.eu\/retseptid\/?post_type=product&#038;p=4226"},"modified":"2025-03-18T19:04:41","modified_gmt":"2025-03-18T17:04:41","slug":"ameerika-stiilis-halloweeni-soorikud","status":"publish","type":"product","link":"https:\/\/bio4you.eu\/retseptid\/toode\/ameerika-stiilis-halloweeni-soorikud\/","title":{"rendered":"Ameerika stiilis Halloweeni s\u00f5\u00f5rikud"},"content":{"rendered":"<p>Valmistamine:<\/p>\n<ol>\n<li>Soojenda ahi 180 kraadini ja kata s\u00f5\u00f5rikuvormid kookos\u00f5liga.<\/li>\n<li>Sega jahu, kakaopulber, sool ja k\u00fcpsetuspulber omavahel.<\/li>\n<li>Teises kausis sega agaavisiirup, p\u00fcree, vesi ja vaniljeekstrakt.<\/li>\n<li>Sega kokku kuivainete segu ja m\u00e4rg segu, kuni tekib m\u00f5nus tainas.<\/li>\n<li>T\u00e4ida kolmveerand s\u00f5\u00f5rikuvormidest, et j\u00e4\u00e4ks ka pisut kerkimisruumi.<\/li>\n<li>K\u00fcpseta umbes 15 minutit, aga kontrolli ka hambatikuga, kas s\u00f5\u00f5rikud on seest k\u00fcpsenud.<\/li>\n<li>V\u00f5ta ahjust ning j\u00e4ta veel vormidesse 15-20 minutiks seisma ja jahtuma. Seej\u00e4rel eemalda need ettevaatlikult vormidest, tilguta peale sulatatud tumedat \u0161okolaadi ja puista peale kaunistused.<\/li>\n<li>Lase t\u00e4ielikult jahtuda ning naudi.<\/li>\n<\/ol>\n","protected":false},"excerpt":{"rendered":"<p>Vaja l\u00e4heb:<\/p>\n<ul>\n<li>Pisut <a href=\"https:\/\/bio4you.eu\/et\/olid-kastmed-kreemid\/3867-extra-virgin-kookosoli-500ml.html?utm_source=bioretsept&amp;utm_medium=retsept_soorikud&amp;utm_campaign=retsept_soorikud\" target=\"_blank\" rel=\"noopener\">kookos\u00f5li<\/a><\/li>\n<li>100 g <a href=\"https:\/\/bio4you.eu\/et\/jahud\/3006-gluteenivaba-taeistera-kaerajahu-350g.html?utm_source=bioretsept&amp;utm_medium=retsept_soorikud&amp;utm_campaign=retsept_soorikud\" target=\"_blank\" rel=\"noopener\">kaerajahu<\/a> (v\u00f5id ka blenderis kaerahelbed purustada)<\/li>\n<li>40 g <a href=\"https:\/\/bio4you.eu\/et\/jahud\/5396-mandlijahu-150g.html?utm_source=bioretsept&amp;utm_medium=retsept_soorikud&amp;utm_campaign=retsept_soorikud\" target=\"_blank\" rel=\"noopener\">mandlijahu<\/a><\/li>\n<li>25 g <a href=\"https:\/\/bio4you.eu\/et\/kuivained\/5501-tapioki-jahu-250g.html?utm_source=bioretsept&amp;utm_medium=retsept_soorikud&amp;utm_campaign=retsept_soorikud\" target=\"_blank\" rel=\"noopener\">tapiokijahu<\/a><\/li>\n<li>30 g <a href=\"https:\/\/bio4you.eu\/et\/supertoidud\/1725-toorkakaopulber-250g.html?utm_source=bioretsept&amp;utm_medium=retsept_soorikud&amp;utm_campaign=retsept_soorikud\" target=\"_blank\" rel=\"noopener\">toorkakaopulbrit\u00a0<\/a><\/li>\n<li>Pisut <a href=\"https:\/\/bio4you.eu\/et\/maitseained-ja-magustajad\/3629-ajurveeda-himaalaja-roosa-sool-peen-500g.html?utm_source=bioretsept&amp;utm_medium=retsept_soorikud&amp;utm_campaign=retsept_soorikud\" target=\"_blank\" rel=\"noopener\">Himaalaja soola<\/a><\/li>\n<li>1 spl <a href=\"https:\/\/bio4you.eu\/et\/maitseained-ja-magustajad\/2565-gluteenivaba-kuepsetuspulber-3x18g.html?utm_source=bioretsept&amp;utm_medium=retsept_soorikud&amp;utm_campaign=retsept_soorikud\" target=\"_blank\" rel=\"noopener\">k\u00fcpsetuspulbrit<\/a><\/li>\n<li>120 ml <a href=\"https:\/\/bio4you.eu\/et\/maitseained-ja-magustajad\/4866-agaavisiirup-light-350g.html?utm_source=bioretsept&amp;utm_medium=retsept_soorikud&amp;utm_campaign=retsept_soorikud\" target=\"_blank\" rel=\"noopener\">agaavisiirupit\u00a0<\/a><\/li>\n<li>90 g puuviljap\u00fcreed*<\/li>\n<li>80 ml vett<\/li>\n<li>1 tl vaniljeekstrakti<\/li>\n<\/ul>\n<p>Kaunistamiseks:<\/p>\n<ul>\n<li><a href=\"https:\/\/bio4you.eu\/et\/otsi?controller=search&amp;order=product.position.desc&amp;s=tume+%C5%A1okolaad&amp;utm_source=bioretsept&amp;utm_medium=retsept_soorikud&amp;utm_campaign=retsept_soorikud\" target=\"_blank\" rel=\"noopener\">Tumedat \u0161okolaadi<\/a><\/li>\n<li>Halloweeni helbeid puistamiseks<\/li>\n<\/ul>\n<p>*V\u00f5id kasutada meelep\u00e4rast p\u00fcreed, kuid eriti maitsvad tulevad s\u00f5\u00f5rikud \u00f5una- v\u00f5i <a href=\"https:\/\/bio4you.eu\/et\/outlet\/5337-maasikamoos-300g.html?utm_source=bioretsept&amp;utm_medium=retsept_soorikud&amp;utm_campaign=retsept_soorikud\" target=\"_blank\" rel=\"noopener\">maasikap\u00fcreega<\/a>.<\/p>\n","protected":false},"featured_media":4227,"comment_status":"open","ping_status":"closed","template":"","meta":{"_exactmetrics_skip_tracking":false,"_exactmetrics_sitenote_active":false,"_exactmetrics_sitenote_note":"","_exactmetrics_sitenote_category":0},"product_cat":[59,60,382,280,365],"product_tag":[],"class_list":{"0":"post-4226","1":"product","2":"type-product","3":"status-publish","4":"has-post-thumbnail","6":"product_cat-featured","7":"product_cat-toiduretseptid","8":"product_cat-vegan-toiduretseptid","9":"product_cat-koogid-ja-kupsised","10":"product_cat-laste-lemmikud","12":"first","13":"instock","14":"shipping-taxable","15":"product-type-simple"},"yoast_head":"<!-- This site is optimized with the Yoast SEO plugin v23.3 - https:\/\/yoast.com\/wordpress\/plugins\/seo\/ -->\n<title>Ameerika stiilis Halloweeni s\u00f5\u00f5rikud - bio4you.eu\/retseptid<\/title>\n<meta name=\"description\" content=\"Gluteenivabast kaerajahust valmistatud pehmed s\u00f5\u00f5rikud, mis on kaetud \u0161okolaadiga ning maitsevad kogu perele!\" \/>\n<meta name=\"robots\" content=\"index, follow, max-snippet:-1, max-image-preview:large, max-video-preview:-1\" \/>\n<link rel=\"canonical\" href=\"https:\/\/bio4you.eu\/retseptid\/toode\/ameerika-stiilis-halloweeni-soorikud\/\" \/>\n<meta property=\"og:locale\" content=\"et_EE\" \/>\n<meta property=\"og:type\" content=\"article\" \/>\n<meta property=\"og:title\" content=\"Ameerika stiilis Halloweeni s\u00f5\u00f5rikud - bio4you.eu\/retseptid\" \/>\n<meta property=\"og:description\" content=\"Gluteenivabast kaerajahust valmistatud pehmed s\u00f5\u00f5rikud, mis on kaetud \u0161okolaadiga ning maitsevad kogu perele!\" \/>\n<meta property=\"og:url\" content=\"https:\/\/bio4you.eu\/retseptid\/toode\/ameerika-stiilis-halloweeni-soorikud\/\" \/>\n<meta property=\"og:site_name\" content=\"bio4you.eu\/retseptid\" \/>\n<meta property=\"article:modified_time\" content=\"2025-03-18T17:04:41+00:00\" \/>\n<meta property=\"og:image\" content=\"https:\/\/bio4you.eu\/retseptid\/wp-content\/uploads\/2023\/10\/donati-4-440x440.jpg.webp\" \/>\n\t<meta property=\"og:image:width\" content=\"440\" \/>\n\t<meta property=\"og:image:height\" content=\"440\" \/>\n\t<meta property=\"og:image:type\" content=\"image\/webp\" \/>\n<meta name=\"twitter:label1\" content=\"Est. reading time\" \/>\n\t<meta name=\"twitter:data1\" content=\"1 minut\" \/>\n<script type=\"application\/ld+json\" class=\"yoast-schema-graph\">{\"@context\":\"https:\/\/schema.org\",\"@graph\":[{\"@type\":\"WebPage\",\"@id\":\"https:\/\/bio4you.eu\/retseptid\/toode\/ameerika-stiilis-halloweeni-soorikud\/\",\"url\":\"https:\/\/bio4you.eu\/retseptid\/toode\/ameerika-stiilis-halloweeni-soorikud\/\",\"name\":\"Ameerika stiilis Halloweeni s\u00f5\u00f5rikud - bio4you.eu\/retseptid\",\"isPartOf\":{\"@id\":\"https:\/\/bio4you.eu\/retseptid\/#website\"},\"primaryImageOfPage\":{\"@id\":\"https:\/\/bio4you.eu\/retseptid\/toode\/ameerika-stiilis-halloweeni-soorikud\/#primaryimage\"},\"image\":{\"@id\":\"https:\/\/bio4you.eu\/retseptid\/toode\/ameerika-stiilis-halloweeni-soorikud\/#primaryimage\"},\"thumbnailUrl\":\"https:\/\/bio4you.eu\/retseptid\/wp-content\/uploads\/2023\/10\/donati-4-440x440.jpg.webp\",\"datePublished\":\"2023-10-27T15:12:38+00:00\",\"dateModified\":\"2025-03-18T17:04:41+00:00\",\"description\":\"Gluteenivabast kaerajahust valmistatud pehmed s\u00f5\u00f5rikud, mis on kaetud \u0161okolaadiga ning maitsevad kogu perele!\",\"breadcrumb\":{\"@id\":\"https:\/\/bio4you.eu\/retseptid\/toode\/ameerika-stiilis-halloweeni-soorikud\/#breadcrumb\"},\"inLanguage\":\"et\",\"potentialAction\":[{\"@type\":\"ReadAction\",\"target\":[\"https:\/\/bio4you.eu\/retseptid\/toode\/ameerika-stiilis-halloweeni-soorikud\/\"]}]},{\"@type\":\"ImageObject\",\"inLanguage\":\"et\",\"@id\":\"https:\/\/bio4you.eu\/retseptid\/toode\/ameerika-stiilis-halloweeni-soorikud\/#primaryimage\",\"url\":\"https:\/\/bio4you.eu\/retseptid\/wp-content\/uploads\/2023\/10\/donati-4-440x440.jpg.webp\",\"contentUrl\":\"https:\/\/bio4you.eu\/retseptid\/wp-content\/uploads\/2023\/10\/donati-4-440x440.jpg.webp\",\"width\":440,\"height\":440},{\"@type\":\"BreadcrumbList\",\"@id\":\"https:\/\/bio4you.eu\/retseptid\/toode\/ameerika-stiilis-halloweeni-soorikud\/#breadcrumb\",\"itemListElement\":[{\"@type\":\"ListItem\",\"position\":1,\"name\":\"Home\",\"item\":\"https:\/\/bio4you.eu\/retseptid\/\"},{\"@type\":\"ListItem\",\"position\":2,\"name\":\"Ameerika stiilis Halloweeni s\u00f5\u00f5rikud\"}]},{\"@type\":\"WebSite\",\"@id\":\"https:\/\/bio4you.eu\/retseptid\/#website\",\"url\":\"https:\/\/bio4you.eu\/retseptid\/\",\"name\":\"bio4you.eu\/retseptid\",\"description\":\"\u00d6ko retseptid ise tegemiseks, looduslikest koostisainetest. Maitsev toit, iluhooldus, kodupuhastus ja aiandus.\",\"potentialAction\":[{\"@type\":\"SearchAction\",\"target\":{\"@type\":\"EntryPoint\",\"urlTemplate\":\"https:\/\/bio4you.eu\/retseptid\/?s={search_term_string}\"},\"query-input\":\"required name=search_term_string\"}],\"inLanguage\":\"et\"}]}<\/script>\n<!-- \/ Yoast SEO plugin. -->","yoast_head_json":{"title":"Ameerika stiilis Halloweeni s\u00f5\u00f5rikud - bio4you.eu\/retseptid","description":"Gluteenivabast kaerajahust valmistatud pehmed s\u00f5\u00f5rikud, mis on kaetud \u0161okolaadiga ning maitsevad kogu perele!","robots":{"index":"index","follow":"follow","max-snippet":"max-snippet:-1","max-image-preview":"max-image-preview:large","max-video-preview":"max-video-preview:-1"},"canonical":"https:\/\/bio4you.eu\/retseptid\/toode\/ameerika-stiilis-halloweeni-soorikud\/","og_locale":"et_EE","og_type":"article","og_title":"Ameerika stiilis Halloweeni s\u00f5\u00f5rikud - bio4you.eu\/retseptid","og_description":"Gluteenivabast kaerajahust valmistatud pehmed s\u00f5\u00f5rikud, mis on kaetud \u0161okolaadiga ning maitsevad kogu perele!","og_url":"https:\/\/bio4you.eu\/retseptid\/toode\/ameerika-stiilis-halloweeni-soorikud\/","og_site_name":"bio4you.eu\/retseptid","article_modified_time":"2025-03-18T17:04:41+00:00","og_image":[{"width":440,"height":440,"url":"https:\/\/bio4you.eu\/retseptid\/wp-content\/uploads\/2023\/10\/donati-4-440x440.jpg.webp","type":"image\/webp"}],"twitter_misc":{"Est. reading time":"1 minut"},"schema":{"@context":"https:\/\/schema.org","@graph":[{"@type":"WebPage","@id":"https:\/\/bio4you.eu\/retseptid\/toode\/ameerika-stiilis-halloweeni-soorikud\/","url":"https:\/\/bio4you.eu\/retseptid\/toode\/ameerika-stiilis-halloweeni-soorikud\/","name":"Ameerika stiilis Halloweeni s\u00f5\u00f5rikud - bio4you.eu\/retseptid","isPartOf":{"@id":"https:\/\/bio4you.eu\/retseptid\/#website"},"primaryImageOfPage":{"@id":"https:\/\/bio4you.eu\/retseptid\/toode\/ameerika-stiilis-halloweeni-soorikud\/#primaryimage"},"image":{"@id":"https:\/\/bio4you.eu\/retseptid\/toode\/ameerika-stiilis-halloweeni-soorikud\/#primaryimage"},"thumbnailUrl":"https:\/\/bio4you.eu\/retseptid\/wp-content\/uploads\/2023\/10\/donati-4-440x440.jpg.webp","datePublished":"2023-10-27T15:12:38+00:00","dateModified":"2025-03-18T17:04:41+00:00","description":"Gluteenivabast kaerajahust valmistatud pehmed s\u00f5\u00f5rikud, mis on kaetud \u0161okolaadiga ning maitsevad kogu perele!","breadcrumb":{"@id":"https:\/\/bio4you.eu\/retseptid\/toode\/ameerika-stiilis-halloweeni-soorikud\/#breadcrumb"},"inLanguage":"et","potentialAction":[{"@type":"ReadAction","target":["https:\/\/bio4you.eu\/retseptid\/toode\/ameerika-stiilis-halloweeni-soorikud\/"]}]},{"@type":"ImageObject","inLanguage":"et","@id":"https:\/\/bio4you.eu\/retseptid\/toode\/ameerika-stiilis-halloweeni-soorikud\/#primaryimage","url":"https:\/\/bio4you.eu\/retseptid\/wp-content\/uploads\/2023\/10\/donati-4-440x440.jpg.webp","contentUrl":"https:\/\/bio4you.eu\/retseptid\/wp-content\/uploads\/2023\/10\/donati-4-440x440.jpg.webp","width":440,"height":440},{"@type":"BreadcrumbList","@id":"https:\/\/bio4you.eu\/retseptid\/toode\/ameerika-stiilis-halloweeni-soorikud\/#breadcrumb","itemListElement":[{"@type":"ListItem","position":1,"name":"Home","item":"https:\/\/bio4you.eu\/retseptid\/"},{"@type":"ListItem","position":2,"name":"Ameerika stiilis Halloweeni s\u00f5\u00f5rikud"}]},{"@type":"WebSite","@id":"https:\/\/bio4you.eu\/retseptid\/#website","url":"https:\/\/bio4you.eu\/retseptid\/","name":"bio4you.eu\/retseptid","description":"\u00d6ko retseptid ise tegemiseks, looduslikest koostisainetest. Maitsev toit, iluhooldus, kodupuhastus ja aiandus.","potentialAction":[{"@type":"SearchAction","target":{"@type":"EntryPoint","urlTemplate":"https:\/\/bio4you.eu\/retseptid\/?s={search_term_string}"},"query-input":"required name=search_term_string"}],"inLanguage":"et"}]}},"_links":{"self":[{"href":"https:\/\/bio4you.eu\/retseptid\/wp-json\/wp\/v2\/product\/4226"}],"collection":[{"href":"https:\/\/bio4you.eu\/retseptid\/wp-json\/wp\/v2\/product"}],"about":[{"href":"https:\/\/bio4you.eu\/retseptid\/wp-json\/wp\/v2\/types\/product"}],"replies":[{"embeddable":true,"href":"https:\/\/bio4you.eu\/retseptid\/wp-json\/wp\/v2\/comments?post=4226"}],"wp:featuredmedia":[{"embeddable":true,"href":"https:\/\/bio4you.eu\/retseptid\/wp-json\/wp\/v2\/media\/4227"}],"wp:attachment":[{"href":"https:\/\/bio4you.eu\/retseptid\/wp-json\/wp\/v2\/media?parent=4226"}],"wp:term":[{"taxonomy":"product_cat","embeddable":true,"href":"https:\/\/bio4you.eu\/retseptid\/wp-json\/wp\/v2\/product_cat?post=4226"},{"taxonomy":"product_tag","embeddable":true,"href":"https:\/\/bio4you.eu\/retseptid\/wp-json\/wp\/v2\/product_tag?post=4226"}],"curies":[{"name":"wp","href":"https:\/\/api.w.org\/{rel}","templated":true}]}}