{"id":4230,"date":"2023-11-17T16:59:06","date_gmt":"2023-11-17T14:59:06","guid":{"rendered":"https:\/\/bio4you.eu\/retseptid\/?post_type=product&#038;p=4230"},"modified":"2025-03-18T19:04:47","modified_gmt":"2025-03-18T17:04:47","slug":"kuskussi-salat","status":"publish","type":"product","link":"https:\/\/bio4you.eu\/retseptid\/toode\/kuskussi-salat\/","title":{"rendered":"Kuskussi salat"},"content":{"rendered":"<p>Kuskussi salat on \u00fcks neist suurep\u00e4rastest <em>meal prep<\/em> l\u00f5unatest, mille v\u00f5ib valmis teha eelmisel \u00f5htul ning kontoris l\u00f5unaks s\u00fc\u00fca. Kuna see soojendamist ei vaja, siis on see variant eriti mugav.<\/p>\n<p>Salatisse sobib suurep\u00e4raselt ka paprika, mustad oliivid, kikerherned ja redis.<\/p>\n<p>&nbsp;<\/p>\n<p>Valmistamine:<\/p>\n<ol>\n<li>Valmista kuskuss vastavalt pakilolevale \u00f5petusele (soolaga). Lase jahtuda.<\/li>\n<li>Sega omavahel kuskuss, tomatid, kurk, marineeritud kurk, mais ja oliivid. T\u00fckelda ka petersell ja roheline sibul ning pane t\u00e4pselt nii palju, kui soovid.<\/li>\n<li>Valmista kaste: sega kokku sidrunikoor, sidrunimahl, veini\u00e4\u00e4dikas, sool, pipar ja oliivi\u00f5li.<\/li>\n<li>Sega k\u00f5ik omavahel kokku ning lase umbes 10 minutit seista, nii j\u00f5uavad k\u00f5ik maitsed meeldivalt seguneda.<\/li>\n<\/ol>\n","protected":false},"excerpt":{"rendered":"<p>Vaja l\u00e4heb:<\/p>\n<ul>\n<li>240 ml vett<\/li>\n<li>170 g kuskussi<\/li>\n<li>3 g <a href=\"https:\/\/bio4you.eu\/et\/otsi?controller=search&amp;order=product.position.desc&amp;s=himaalaja&amp;utm_source=bioretsept&amp;utm_medium=bioretsept&amp;utm_campaign=kuskussisalat\" target=\"_blank\" rel=\"noopener\">Himaalaja roosat soola<\/a><\/li>\n<li>80 g kirsstomateid, t\u00fckeldatud<\/li>\n<li>70 g kurki, t\u00fckeldatud<\/li>\n<li>50 g marineeritud kurki, t\u00fckeldatud<\/li>\n<li>50 g magusat maisi<\/li>\n<li>40 g rohelisi oliive, t\u00fckeldatud<\/li>\n<li>v\u00e4rsket peterselli<\/li>\n<li>kuivatatud oreganot<\/li>\n<li>rohelist sibulat<\/li>\n<\/ul>\n<p>Salatikaste:<\/p>\n<ul>\n<li>1 sl riivitud sidrunikoort<\/li>\n<li>30 ml <a href=\"https:\/\/bio4you.eu\/et\/kuelmad-joogid\/1219-sidrunimahl-250ml.html?utm_source=bioretsept&amp;utm_medium=bioretsept&amp;utm_campaign=kuskussisalat\" target=\"_blank\" rel=\"noopener\">sidrunimahla<\/a><\/li>\n<li>15 ml veini\u00e4\u00e4dikat<\/li>\n<li>0,25 tl <a href=\"https:\/\/bio4you.eu\/et\/otsi?controller=search&amp;order=product.position.desc&amp;s=himaalaja&amp;utm_source=bioretsept&amp;utm_medium=bioretsept&amp;utm_campaign=kuskussisalat\" target=\"_blank\" rel=\"noopener\">Himaalaja roosat soola<\/a><\/li>\n<li>0,25 musta pipart<\/li>\n<li>45 ml <a href=\"https:\/\/bio4you.eu\/et\/51_corvino?utm_source=bioretsept&amp;utm_medium=bioretsept&amp;utm_campaign=kuskussisalat\" target=\"_blank\" rel=\"noopener\">Corvino ekstra v\u00e4\u00e4risoliivi\u00f5li<\/a><\/li>\n<\/ul>\n","protected":false},"featured_media":4231,"comment_status":"open","ping_status":"closed","template":"","meta":{"_exactmetrics_skip_tracking":false,"_exactmetrics_sitenote_active":false,"_exactmetrics_sitenote_note":"","_exactmetrics_sitenote_category":0},"product_cat":[59,60,382,383],"product_tag":[],"class_list":{"0":"post-4230","1":"product","2":"type-product","3":"status-publish","4":"has-post-thumbnail","6":"product_cat-featured","7":"product_cat-toiduretseptid","8":"product_cat-vegan-toiduretseptid","9":"product_cat-taimetoit","11":"first","12":"instock","13":"shipping-taxable","14":"product-type-simple"},"yoast_head":"<!-- This site is optimized with the Yoast SEO plugin v23.3 - https:\/\/yoast.com\/wordpress\/plugins\/seo\/ -->\n<title>Kuskussi salat - bio4you.eu\/retseptid<\/title>\n<meta name=\"description\" content=\"Kiiresti valmiv tervislik salat, mis sobib ideaalselt t\u00f6\u00f6le l\u00f5unaks? Valmista kuskussi salat ja l\u00f5peta l\u00f5una p\u00e4rast stressamine!\" \/>\n<meta name=\"robots\" content=\"index, follow, max-snippet:-1, max-image-preview:large, max-video-preview:-1\" \/>\n<link rel=\"canonical\" href=\"https:\/\/bio4you.eu\/retseptid\/toode\/kuskussi-salat\/\" \/>\n<meta property=\"og:locale\" content=\"et_EE\" \/>\n<meta property=\"og:type\" content=\"article\" \/>\n<meta property=\"og:title\" content=\"Kuskussi salat - bio4you.eu\/retseptid\" \/>\n<meta property=\"og:description\" content=\"Kiiresti valmiv tervislik salat, mis sobib ideaalselt t\u00f6\u00f6le l\u00f5unaks? Valmista kuskussi salat ja l\u00f5peta l\u00f5una p\u00e4rast stressamine!\" \/>\n<meta property=\"og:url\" content=\"https:\/\/bio4you.eu\/retseptid\/toode\/kuskussi-salat\/\" \/>\n<meta property=\"og:site_name\" content=\"bio4you.eu\/retseptid\" \/>\n<meta property=\"article:modified_time\" content=\"2025-03-18T17:04:47+00:00\" \/>\n<meta property=\"og:image\" content=\"https:\/\/bio4you.eu\/retseptid\/wp-content\/uploads\/2023\/11\/DSC_6954.jpg\" \/>\n\t<meta property=\"og:image:width\" content=\"1113\" \/>\n\t<meta property=\"og:image:height\" content=\"1670\" \/>\n\t<meta property=\"og:image:type\" content=\"image\/jpeg\" \/>\n<meta name=\"twitter:label1\" content=\"Est. reading time\" \/>\n\t<meta name=\"twitter:data1\" content=\"1 minut\" \/>\n<script type=\"application\/ld+json\" class=\"yoast-schema-graph\">{\"@context\":\"https:\/\/schema.org\",\"@graph\":[{\"@type\":\"WebPage\",\"@id\":\"https:\/\/bio4you.eu\/retseptid\/toode\/kuskussi-salat\/\",\"url\":\"https:\/\/bio4you.eu\/retseptid\/toode\/kuskussi-salat\/\",\"name\":\"Kuskussi salat - bio4you.eu\/retseptid\",\"isPartOf\":{\"@id\":\"https:\/\/bio4you.eu\/retseptid\/#website\"},\"primaryImageOfPage\":{\"@id\":\"https:\/\/bio4you.eu\/retseptid\/toode\/kuskussi-salat\/#primaryimage\"},\"image\":{\"@id\":\"https:\/\/bio4you.eu\/retseptid\/toode\/kuskussi-salat\/#primaryimage\"},\"thumbnailUrl\":\"https:\/\/bio4you.eu\/retseptid\/wp-content\/uploads\/2023\/11\/DSC_6954.jpg\",\"datePublished\":\"2023-11-17T14:59:06+00:00\",\"dateModified\":\"2025-03-18T17:04:47+00:00\",\"description\":\"Kiiresti valmiv tervislik salat, mis sobib ideaalselt t\u00f6\u00f6le l\u00f5unaks? Valmista kuskussi salat ja l\u00f5peta l\u00f5una p\u00e4rast stressamine!\",\"breadcrumb\":{\"@id\":\"https:\/\/bio4you.eu\/retseptid\/toode\/kuskussi-salat\/#breadcrumb\"},\"inLanguage\":\"et\",\"potentialAction\":[{\"@type\":\"ReadAction\",\"target\":[\"https:\/\/bio4you.eu\/retseptid\/toode\/kuskussi-salat\/\"]}]},{\"@type\":\"ImageObject\",\"inLanguage\":\"et\",\"@id\":\"https:\/\/bio4you.eu\/retseptid\/toode\/kuskussi-salat\/#primaryimage\",\"url\":\"https:\/\/bio4you.eu\/retseptid\/wp-content\/uploads\/2023\/11\/DSC_6954.jpg\",\"contentUrl\":\"https:\/\/bio4you.eu\/retseptid\/wp-content\/uploads\/2023\/11\/DSC_6954.jpg\",\"width\":1113,\"height\":1670},{\"@type\":\"BreadcrumbList\",\"@id\":\"https:\/\/bio4you.eu\/retseptid\/toode\/kuskussi-salat\/#breadcrumb\",\"itemListElement\":[{\"@type\":\"ListItem\",\"position\":1,\"name\":\"Home\",\"item\":\"https:\/\/bio4you.eu\/retseptid\/\"},{\"@type\":\"ListItem\",\"position\":2,\"name\":\"Kuskussi salat\"}]},{\"@type\":\"WebSite\",\"@id\":\"https:\/\/bio4you.eu\/retseptid\/#website\",\"url\":\"https:\/\/bio4you.eu\/retseptid\/\",\"name\":\"bio4you.eu\/retseptid\",\"description\":\"\u00d6ko retseptid ise tegemiseks, looduslikest koostisainetest. Maitsev toit, iluhooldus, kodupuhastus ja aiandus.\",\"potentialAction\":[{\"@type\":\"SearchAction\",\"target\":{\"@type\":\"EntryPoint\",\"urlTemplate\":\"https:\/\/bio4you.eu\/retseptid\/?s={search_term_string}\"},\"query-input\":\"required name=search_term_string\"}],\"inLanguage\":\"et\"}]}<\/script>\n<!-- \/ Yoast SEO plugin. -->","yoast_head_json":{"title":"Kuskussi salat - bio4you.eu\/retseptid","description":"Kiiresti valmiv tervislik salat, mis sobib ideaalselt t\u00f6\u00f6le l\u00f5unaks? Valmista kuskussi salat ja l\u00f5peta l\u00f5una p\u00e4rast stressamine!","robots":{"index":"index","follow":"follow","max-snippet":"max-snippet:-1","max-image-preview":"max-image-preview:large","max-video-preview":"max-video-preview:-1"},"canonical":"https:\/\/bio4you.eu\/retseptid\/toode\/kuskussi-salat\/","og_locale":"et_EE","og_type":"article","og_title":"Kuskussi salat - bio4you.eu\/retseptid","og_description":"Kiiresti valmiv tervislik salat, mis sobib ideaalselt t\u00f6\u00f6le l\u00f5unaks? Valmista kuskussi salat ja l\u00f5peta l\u00f5una p\u00e4rast stressamine!","og_url":"https:\/\/bio4you.eu\/retseptid\/toode\/kuskussi-salat\/","og_site_name":"bio4you.eu\/retseptid","article_modified_time":"2025-03-18T17:04:47+00:00","og_image":[{"width":1113,"height":1670,"url":"https:\/\/bio4you.eu\/retseptid\/wp-content\/uploads\/2023\/11\/DSC_6954.jpg","type":"image\/jpeg"}],"twitter_misc":{"Est. reading time":"1 minut"},"schema":{"@context":"https:\/\/schema.org","@graph":[{"@type":"WebPage","@id":"https:\/\/bio4you.eu\/retseptid\/toode\/kuskussi-salat\/","url":"https:\/\/bio4you.eu\/retseptid\/toode\/kuskussi-salat\/","name":"Kuskussi salat - bio4you.eu\/retseptid","isPartOf":{"@id":"https:\/\/bio4you.eu\/retseptid\/#website"},"primaryImageOfPage":{"@id":"https:\/\/bio4you.eu\/retseptid\/toode\/kuskussi-salat\/#primaryimage"},"image":{"@id":"https:\/\/bio4you.eu\/retseptid\/toode\/kuskussi-salat\/#primaryimage"},"thumbnailUrl":"https:\/\/bio4you.eu\/retseptid\/wp-content\/uploads\/2023\/11\/DSC_6954.jpg","datePublished":"2023-11-17T14:59:06+00:00","dateModified":"2025-03-18T17:04:47+00:00","description":"Kiiresti valmiv tervislik salat, mis sobib ideaalselt t\u00f6\u00f6le l\u00f5unaks? Valmista kuskussi salat ja l\u00f5peta l\u00f5una p\u00e4rast stressamine!","breadcrumb":{"@id":"https:\/\/bio4you.eu\/retseptid\/toode\/kuskussi-salat\/#breadcrumb"},"inLanguage":"et","potentialAction":[{"@type":"ReadAction","target":["https:\/\/bio4you.eu\/retseptid\/toode\/kuskussi-salat\/"]}]},{"@type":"ImageObject","inLanguage":"et","@id":"https:\/\/bio4you.eu\/retseptid\/toode\/kuskussi-salat\/#primaryimage","url":"https:\/\/bio4you.eu\/retseptid\/wp-content\/uploads\/2023\/11\/DSC_6954.jpg","contentUrl":"https:\/\/bio4you.eu\/retseptid\/wp-content\/uploads\/2023\/11\/DSC_6954.jpg","width":1113,"height":1670},{"@type":"BreadcrumbList","@id":"https:\/\/bio4you.eu\/retseptid\/toode\/kuskussi-salat\/#breadcrumb","itemListElement":[{"@type":"ListItem","position":1,"name":"Home","item":"https:\/\/bio4you.eu\/retseptid\/"},{"@type":"ListItem","position":2,"name":"Kuskussi salat"}]},{"@type":"WebSite","@id":"https:\/\/bio4you.eu\/retseptid\/#website","url":"https:\/\/bio4you.eu\/retseptid\/","name":"bio4you.eu\/retseptid","description":"\u00d6ko retseptid ise tegemiseks, looduslikest koostisainetest. Maitsev toit, iluhooldus, kodupuhastus ja aiandus.","potentialAction":[{"@type":"SearchAction","target":{"@type":"EntryPoint","urlTemplate":"https:\/\/bio4you.eu\/retseptid\/?s={search_term_string}"},"query-input":"required name=search_term_string"}],"inLanguage":"et"}]}},"_links":{"self":[{"href":"https:\/\/bio4you.eu\/retseptid\/wp-json\/wp\/v2\/product\/4230"}],"collection":[{"href":"https:\/\/bio4you.eu\/retseptid\/wp-json\/wp\/v2\/product"}],"about":[{"href":"https:\/\/bio4you.eu\/retseptid\/wp-json\/wp\/v2\/types\/product"}],"replies":[{"embeddable":true,"href":"https:\/\/bio4you.eu\/retseptid\/wp-json\/wp\/v2\/comments?post=4230"}],"wp:featuredmedia":[{"embeddable":true,"href":"https:\/\/bio4you.eu\/retseptid\/wp-json\/wp\/v2\/media\/4231"}],"wp:attachment":[{"href":"https:\/\/bio4you.eu\/retseptid\/wp-json\/wp\/v2\/media?parent=4230"}],"wp:term":[{"taxonomy":"product_cat","embeddable":true,"href":"https:\/\/bio4you.eu\/retseptid\/wp-json\/wp\/v2\/product_cat?post=4230"},{"taxonomy":"product_tag","embeddable":true,"href":"https:\/\/bio4you.eu\/retseptid\/wp-json\/wp\/v2\/product_tag?post=4230"}],"curies":[{"name":"wp","href":"https:\/\/api.w.org\/{rel}","templated":true}]}}