{"id":4240,"date":"2023-12-21T13:31:51","date_gmt":"2023-12-21T11:31:51","guid":{"rendered":"https:\/\/bio4you.eu\/retseptid\/?post_type=product&#038;p=4240"},"modified":"2023-12-21T13:31:52","modified_gmt":"2023-12-21T11:31:52","slug":"joulused-matchakupsised","status":"publish","type":"product","link":"https:\/\/bio4you.eu\/retseptid\/toode\/joulused-matchakupsised\/","title":{"rendered":"J\u00f5ulused matchak\u00fcpsised"},"content":{"rendered":"<p>Valmistamine:<\/p>\n<ol>\n<li>Eelsoojenda ahi 165-kraadini ja pane valmis ahjuplaat k\u00fcpsetuspaberiga.<\/li>\n<li>Pane kaerahelbed blenderisse ja purusta, kuni saad v\u00f5imalikult peene jahulaadse segu.<\/li>\n<li>Sega suures kausis kokku maap\u00e4hkliv\u00f5ie, agaavisiirup ja vaniljeekstrakt. Teises kausis sega purustatud kaerahelbed, k\u00fcpsetuspulber ja matcha.<\/li>\n<li>N\u00fc\u00fcd sega m\u00f5lemad segud omavahel, kuni moodustub m\u00f5nus k\u00fcpsisetainas.<\/li>\n<li>Kata t\u00f6\u00f6tasapind jahuga ja rulli tainas lapikuks, umbes 4-6 mm paksuseks. Kasuta kuusekujulisi piparkoogivorme ja tee rullitud tainast v\u00f5imalikult palju kuuskesid.<\/li>\n<li>Pane k\u00fcpsised ahjuplaadile ja k\u00fcpseta 5-6 minutit 165-kraadises ahjus. P\u00e4rast ahjust v\u00e4lja v\u00f5tmist oota kindlasti, et k\u00fcpsised t\u00e4ielikult jahtuksid, enne kui need sealt \u00e4ra t\u00f5stad.<\/li>\n<li>Jahtunud k\u00fcpsised kata sulatatud \u0161okolaadi ja p\u00e4hklipuruga.<\/li>\n<\/ol>\n","protected":false},"excerpt":{"rendered":"<p>Vaja l\u00e4heb:<\/p>\n<ul>\n<li>300 g <a href=\"https:\/\/bio4you.eu\/et\/kuivained\/5135-gluteenivabad-kaerahelbed-peened-425g.html\" target=\"_blank\" rel=\"noopener\">gluteenivabu Bauckhof kaerahelbeid<\/a><\/li>\n<li>240 ml su lemmikut <a href=\"https:\/\/bio4you.eu\/et\/otsi?controller=search&amp;order=product.position.desc&amp;s=maap%C3%A4hkliv%C3%B5ie\" target=\"_blank\" rel=\"noopener\">Nature&#8217;s Finest maap\u00e4hkliv\u00f5iet<\/a><\/li>\n<li>160 ml <a href=\"https:\/\/bio4you.eu\/et\/otsi?controller=search&amp;order=product.position.desc&amp;s=agaavisiirup\" target=\"_blank\" rel=\"noopener\">Maya Gold agaavisiirupit<\/a><\/li>\n<li>1 tl vaniljeekstrakti<\/li>\n<li>1 pakk <a href=\"https:\/\/bio4you.eu\/et\/maitseained-ja-magustajad\/2565-gluteenivaba-kuepsetuspulber-3x18g.html\" target=\"_blank\" rel=\"noopener\">k\u00fcpsetuspulbrit<\/a><\/li>\n<li>15 g <a href=\"https:\/\/bio4you.eu\/et\/kuelmetus\/2906-matcha-pulber-70g-nutrisslim.html\" target=\"_blank\" rel=\"noopener\">Nature&#8217;s Finest \u00f6ko matcha pulbrit<\/a><\/li>\n<li>+ natukene <a href=\"https:\/\/bio4you.eu\/et\/toiduvalmistamine\/2000-gluteenivaba-universaalne-jahusegu-800g.html\" target=\"_blank\" rel=\"noopener\">gluteenivaba jahu<\/a><\/li>\n<\/ul>\n","protected":false},"featured_media":4241,"comment_status":"open","ping_status":"closed","template":"","meta":{"_exactmetrics_skip_tracking":false,"_exactmetrics_sitenote_active":false,"_exactmetrics_sitenote_note":"","_exactmetrics_sitenote_category":0},"product_cat":[59,60,382,63,280,365],"product_tag":[],"class_list":{"0":"post-4240","1":"product","2":"type-product","3":"status-publish","4":"has-post-thumbnail","6":"product_cat-featured","7":"product_cat-toiduretseptid","8":"product_cat-vegan-toiduretseptid","9":"product_cat-gluteenivabad-retseptid","10":"product_cat-koogid-ja-kupsised","11":"product_cat-laste-lemmikud","13":"first","14":"instock","15":"shipping-taxable","16":"product-type-simple"},"yoast_head":"<!-- This site is optimized with the Yoast SEO plugin v23.3 - https:\/\/yoast.com\/wordpress\/plugins\/seo\/ -->\n<title>J\u00f5ulused matchak\u00fcpsised - bio4you.eu\/retseptid<\/title>\n<meta name=\"description\" content=\"C-vitamiinist ja antioks\u00fcdantidest pungil kuusekujulised vegan ja gluteenivabad k\u00fcpsised ootavad sind! Superlihtne valmistada!\" \/>\n<meta name=\"robots\" content=\"index, follow, max-snippet:-1, max-image-preview:large, max-video-preview:-1\" \/>\n<link rel=\"canonical\" href=\"https:\/\/bio4you.eu\/retseptid\/toode\/joulused-matchakupsised\/\" \/>\n<meta property=\"og:locale\" content=\"et_EE\" \/>\n<meta property=\"og:type\" content=\"article\" \/>\n<meta property=\"og:title\" content=\"J\u00f5ulused matchak\u00fcpsised - bio4you.eu\/retseptid\" \/>\n<meta property=\"og:description\" content=\"C-vitamiinist ja antioks\u00fcdantidest pungil kuusekujulised vegan ja gluteenivabad k\u00fcpsised ootavad sind! Superlihtne valmistada!\" \/>\n<meta property=\"og:url\" content=\"https:\/\/bio4you.eu\/retseptid\/toode\/joulused-matchakupsised\/\" \/>\n<meta property=\"og:site_name\" content=\"bio4you.eu\/retseptid\" \/>\n<meta property=\"article:modified_time\" content=\"2023-12-21T11:31:52+00:00\" \/>\n<meta property=\"og:image\" content=\"https:\/\/bio4you.eu\/retseptid\/wp-content\/uploads\/2023\/12\/412722752_782006383969145_2544193798630610600_n.jpg\" \/>\n\t<meta property=\"og:image:width\" content=\"1440\" \/>\n\t<meta property=\"og:image:height\" content=\"1800\" \/>\n\t<meta property=\"og:image:type\" content=\"image\/jpeg\" \/>\n<meta name=\"twitter:label1\" content=\"Est. reading time\" \/>\n\t<meta name=\"twitter:data1\" content=\"1 minut\" \/>\n<script type=\"application\/ld+json\" class=\"yoast-schema-graph\">{\"@context\":\"https:\/\/schema.org\",\"@graph\":[{\"@type\":\"WebPage\",\"@id\":\"https:\/\/bio4you.eu\/retseptid\/toode\/joulused-matchakupsised\/\",\"url\":\"https:\/\/bio4you.eu\/retseptid\/toode\/joulused-matchakupsised\/\",\"name\":\"J\u00f5ulused matchak\u00fcpsised - bio4you.eu\/retseptid\",\"isPartOf\":{\"@id\":\"https:\/\/bio4you.eu\/retseptid\/#website\"},\"primaryImageOfPage\":{\"@id\":\"https:\/\/bio4you.eu\/retseptid\/toode\/joulused-matchakupsised\/#primaryimage\"},\"image\":{\"@id\":\"https:\/\/bio4you.eu\/retseptid\/toode\/joulused-matchakupsised\/#primaryimage\"},\"thumbnailUrl\":\"https:\/\/bio4you.eu\/retseptid\/wp-content\/uploads\/2023\/12\/412722752_782006383969145_2544193798630610600_n.jpg\",\"datePublished\":\"2023-12-21T11:31:51+00:00\",\"dateModified\":\"2023-12-21T11:31:52+00:00\",\"description\":\"C-vitamiinist ja antioks\u00fcdantidest pungil kuusekujulised vegan ja gluteenivabad k\u00fcpsised ootavad sind! Superlihtne valmistada!\",\"breadcrumb\":{\"@id\":\"https:\/\/bio4you.eu\/retseptid\/toode\/joulused-matchakupsised\/#breadcrumb\"},\"inLanguage\":\"et\",\"potentialAction\":[{\"@type\":\"ReadAction\",\"target\":[\"https:\/\/bio4you.eu\/retseptid\/toode\/joulused-matchakupsised\/\"]}]},{\"@type\":\"ImageObject\",\"inLanguage\":\"et\",\"@id\":\"https:\/\/bio4you.eu\/retseptid\/toode\/joulused-matchakupsised\/#primaryimage\",\"url\":\"https:\/\/bio4you.eu\/retseptid\/wp-content\/uploads\/2023\/12\/412722752_782006383969145_2544193798630610600_n.jpg\",\"contentUrl\":\"https:\/\/bio4you.eu\/retseptid\/wp-content\/uploads\/2023\/12\/412722752_782006383969145_2544193798630610600_n.jpg\",\"width\":1440,\"height\":1800},{\"@type\":\"BreadcrumbList\",\"@id\":\"https:\/\/bio4you.eu\/retseptid\/toode\/joulused-matchakupsised\/#breadcrumb\",\"itemListElement\":[{\"@type\":\"ListItem\",\"position\":1,\"name\":\"Home\",\"item\":\"https:\/\/bio4you.eu\/retseptid\/\"},{\"@type\":\"ListItem\",\"position\":2,\"name\":\"J\u00f5ulused matchak\u00fcpsised\"}]},{\"@type\":\"WebSite\",\"@id\":\"https:\/\/bio4you.eu\/retseptid\/#website\",\"url\":\"https:\/\/bio4you.eu\/retseptid\/\",\"name\":\"bio4you.eu\/retseptid\",\"description\":\"\u00d6ko retseptid ise tegemiseks, looduslikest koostisainetest. Maitsev toit, iluhooldus, kodupuhastus ja aiandus.\",\"potentialAction\":[{\"@type\":\"SearchAction\",\"target\":{\"@type\":\"EntryPoint\",\"urlTemplate\":\"https:\/\/bio4you.eu\/retseptid\/?s={search_term_string}\"},\"query-input\":\"required name=search_term_string\"}],\"inLanguage\":\"et\"}]}<\/script>\n<!-- \/ Yoast SEO plugin. -->","yoast_head_json":{"title":"J\u00f5ulused matchak\u00fcpsised - bio4you.eu\/retseptid","description":"C-vitamiinist ja antioks\u00fcdantidest pungil kuusekujulised vegan ja gluteenivabad k\u00fcpsised ootavad sind! Superlihtne valmistada!","robots":{"index":"index","follow":"follow","max-snippet":"max-snippet:-1","max-image-preview":"max-image-preview:large","max-video-preview":"max-video-preview:-1"},"canonical":"https:\/\/bio4you.eu\/retseptid\/toode\/joulused-matchakupsised\/","og_locale":"et_EE","og_type":"article","og_title":"J\u00f5ulused matchak\u00fcpsised - bio4you.eu\/retseptid","og_description":"C-vitamiinist ja antioks\u00fcdantidest pungil kuusekujulised vegan ja gluteenivabad k\u00fcpsised ootavad sind! Superlihtne valmistada!","og_url":"https:\/\/bio4you.eu\/retseptid\/toode\/joulused-matchakupsised\/","og_site_name":"bio4you.eu\/retseptid","article_modified_time":"2023-12-21T11:31:52+00:00","og_image":[{"width":1440,"height":1800,"url":"https:\/\/bio4you.eu\/retseptid\/wp-content\/uploads\/2023\/12\/412722752_782006383969145_2544193798630610600_n.jpg","type":"image\/jpeg"}],"twitter_misc":{"Est. reading time":"1 minut"},"schema":{"@context":"https:\/\/schema.org","@graph":[{"@type":"WebPage","@id":"https:\/\/bio4you.eu\/retseptid\/toode\/joulused-matchakupsised\/","url":"https:\/\/bio4you.eu\/retseptid\/toode\/joulused-matchakupsised\/","name":"J\u00f5ulused matchak\u00fcpsised - bio4you.eu\/retseptid","isPartOf":{"@id":"https:\/\/bio4you.eu\/retseptid\/#website"},"primaryImageOfPage":{"@id":"https:\/\/bio4you.eu\/retseptid\/toode\/joulused-matchakupsised\/#primaryimage"},"image":{"@id":"https:\/\/bio4you.eu\/retseptid\/toode\/joulused-matchakupsised\/#primaryimage"},"thumbnailUrl":"https:\/\/bio4you.eu\/retseptid\/wp-content\/uploads\/2023\/12\/412722752_782006383969145_2544193798630610600_n.jpg","datePublished":"2023-12-21T11:31:51+00:00","dateModified":"2023-12-21T11:31:52+00:00","description":"C-vitamiinist ja antioks\u00fcdantidest pungil kuusekujulised vegan ja gluteenivabad k\u00fcpsised ootavad sind! Superlihtne valmistada!","breadcrumb":{"@id":"https:\/\/bio4you.eu\/retseptid\/toode\/joulused-matchakupsised\/#breadcrumb"},"inLanguage":"et","potentialAction":[{"@type":"ReadAction","target":["https:\/\/bio4you.eu\/retseptid\/toode\/joulused-matchakupsised\/"]}]},{"@type":"ImageObject","inLanguage":"et","@id":"https:\/\/bio4you.eu\/retseptid\/toode\/joulused-matchakupsised\/#primaryimage","url":"https:\/\/bio4you.eu\/retseptid\/wp-content\/uploads\/2023\/12\/412722752_782006383969145_2544193798630610600_n.jpg","contentUrl":"https:\/\/bio4you.eu\/retseptid\/wp-content\/uploads\/2023\/12\/412722752_782006383969145_2544193798630610600_n.jpg","width":1440,"height":1800},{"@type":"BreadcrumbList","@id":"https:\/\/bio4you.eu\/retseptid\/toode\/joulused-matchakupsised\/#breadcrumb","itemListElement":[{"@type":"ListItem","position":1,"name":"Home","item":"https:\/\/bio4you.eu\/retseptid\/"},{"@type":"ListItem","position":2,"name":"J\u00f5ulused matchak\u00fcpsised"}]},{"@type":"WebSite","@id":"https:\/\/bio4you.eu\/retseptid\/#website","url":"https:\/\/bio4you.eu\/retseptid\/","name":"bio4you.eu\/retseptid","description":"\u00d6ko retseptid ise tegemiseks, looduslikest koostisainetest. Maitsev toit, iluhooldus, kodupuhastus ja aiandus.","potentialAction":[{"@type":"SearchAction","target":{"@type":"EntryPoint","urlTemplate":"https:\/\/bio4you.eu\/retseptid\/?s={search_term_string}"},"query-input":"required name=search_term_string"}],"inLanguage":"et"}]}},"_links":{"self":[{"href":"https:\/\/bio4you.eu\/retseptid\/wp-json\/wp\/v2\/product\/4240"}],"collection":[{"href":"https:\/\/bio4you.eu\/retseptid\/wp-json\/wp\/v2\/product"}],"about":[{"href":"https:\/\/bio4you.eu\/retseptid\/wp-json\/wp\/v2\/types\/product"}],"replies":[{"embeddable":true,"href":"https:\/\/bio4you.eu\/retseptid\/wp-json\/wp\/v2\/comments?post=4240"}],"wp:featuredmedia":[{"embeddable":true,"href":"https:\/\/bio4you.eu\/retseptid\/wp-json\/wp\/v2\/media\/4241"}],"wp:attachment":[{"href":"https:\/\/bio4you.eu\/retseptid\/wp-json\/wp\/v2\/media?parent=4240"}],"wp:term":[{"taxonomy":"product_cat","embeddable":true,"href":"https:\/\/bio4you.eu\/retseptid\/wp-json\/wp\/v2\/product_cat?post=4240"},{"taxonomy":"product_tag","embeddable":true,"href":"https:\/\/bio4you.eu\/retseptid\/wp-json\/wp\/v2\/product_tag?post=4240"}],"curies":[{"name":"wp","href":"https:\/\/api.w.org\/{rel}","templated":true}]}}