{"id":4255,"date":"2024-02-25T11:26:32","date_gmt":"2024-02-25T09:26:32","guid":{"rendered":"https:\/\/bio4you.eu\/retseptid\/?post_type=product&#038;p=4255"},"modified":"2024-02-25T11:26:32","modified_gmt":"2024-02-25T09:26:32","slug":"metsaseenesalat-india-pahkli-koorega","status":"publish","type":"product","link":"https:\/\/bio4you.eu\/retseptid\/toode\/metsaseenesalat-india-pahkli-koorega\/","title":{"rendered":"Metsaseenesalat India p\u00e4hkli koorega"},"content":{"rendered":"<p>Valmistamine:<\/p>\n<ol>\n<li>Valmista India p\u00e4hkli koor: keeda india p\u00e4hkleid rohkes vees 15 minutit. Loputa ja aseta blenderisse koos vee, soola ja sidrunimahlaga. Vett v\u00f5ib lisada v\u00e4hem v\u00f5i rohkem, olenevalt sellest kui paksu kastet soovid. Blenderda kuni saad \u00fchtlaselt kreemise kastme. Pane k\u00fclmkappi.<\/li>\n<li>Haki seened, sibul ja till. Sega need koorega kokku ja vajadusel pane kogu salatile veel soola juurde.<\/li>\n<li>Pane salat k\u00fclmikusse v\u00e4hemalt \u00fcheks tunniks seisma, et maitsed seguneksid.<\/li>\n<li>Serveeri mustal leival.<\/li>\n<\/ol>\n","protected":false},"excerpt":{"rendered":"<p>Vaja l\u00e4heb:<\/p>\n<p>Koore jaoks:<\/p>\n<ul>\n<li>110 g <a href=\"https:\/\/bio4you.eu\/et\/otsi?controller=search&amp;order=product.position.desc&amp;s=india+p%C3%A4hklid\" target=\"_blank\" rel=\"noopener\">India p\u00e4hkleid<\/a><\/li>\n<li>90 ml k\u00fclma vett<\/li>\n<li>1\/4 tl <a href=\"https:\/\/bio4you.eu\/et\/otsi?controller=search&amp;order=product.position.desc&amp;s=himaalaja+sool\" target=\"_blank\" rel=\"noopener\">soola<\/a><\/li>\n<li>1 tl <a href=\"https:\/\/bio4you.eu\/et\/kuelmad-joogid\/1219-sidrunimahl-250ml.html\" target=\"_blank\" rel=\"noopener\">mahedat sidrunimahla<\/a><\/li>\n<\/ul>\n<p>Salati jaoks:<\/p>\n<ul>\n<li>250 g soolaseeni*<\/li>\n<li>pool v\u00e4iksemat valget sibulat<\/li>\n<li>pisut v\u00e4rsket tilli<\/li>\n<\/ul>\n<p>*kui ostad poest soolaseeni, siis loputa need enne k\u00fclma veega l\u00e4bi, muidu v\u00f5ib salat j\u00e4\u00e4da \u00fcleliia soolane.<\/p>\n<p>Salatisse sobib h\u00e4sti ka murulauk.<\/p>\n","protected":false},"featured_media":4256,"comment_status":"open","ping_status":"closed","template":"","meta":{"_exactmetrics_skip_tracking":false,"_exactmetrics_sitenote_active":false,"_exactmetrics_sitenote_note":"","_exactmetrics_sitenote_category":0},"product_cat":[59,382,63,383,68],"product_tag":[],"class_list":{"0":"post-4255","1":"product","2":"type-product","3":"status-publish","4":"has-post-thumbnail","6":"product_cat-featured","7":"product_cat-vegan-toiduretseptid","8":"product_cat-gluteenivabad-retseptid","9":"product_cat-taimetoit","10":"product_cat-suupisted","12":"first","13":"instock","14":"shipping-taxable","15":"product-type-simple"},"yoast_head":"<!-- This site is optimized with the Yoast SEO plugin v23.3 - https:\/\/yoast.com\/wordpress\/plugins\/seo\/ -->\n<title>Metsaseenesalat India p\u00e4hkli koorega - bio4you.eu\/retseptid<\/title>\n<meta name=\"description\" content=\"Maitsev ja kiiresti valmiv metsaseenesalat, mis on koostiselt 100% vegan, kuna sisaldab India p\u00e4hki toidukoort.\" \/>\n<meta name=\"robots\" content=\"index, follow, max-snippet:-1, max-image-preview:large, max-video-preview:-1\" \/>\n<link rel=\"canonical\" href=\"https:\/\/bio4you.eu\/retseptid\/toode\/metsaseenesalat-india-pahkli-koorega\/\" \/>\n<meta property=\"og:locale\" content=\"et_EE\" \/>\n<meta property=\"og:type\" content=\"article\" \/>\n<meta property=\"og:title\" content=\"Metsaseenesalat India p\u00e4hkli koorega - bio4you.eu\/retseptid\" \/>\n<meta property=\"og:description\" content=\"Maitsev ja kiiresti valmiv metsaseenesalat, mis on koostiselt 100% vegan, kuna sisaldab India p\u00e4hki toidukoort.\" \/>\n<meta property=\"og:url\" content=\"https:\/\/bio4you.eu\/retseptid\/toode\/metsaseenesalat-india-pahkli-koorega\/\" \/>\n<meta property=\"og:site_name\" content=\"bio4you.eu\/retseptid\" \/>\n<meta property=\"og:image\" content=\"https:\/\/bio4you.eu\/retseptid\/wp-content\/uploads\/2024\/02\/DSC_0462-scaled.jpg\" \/>\n\t<meta property=\"og:image:width\" content=\"1707\" \/>\n\t<meta property=\"og:image:height\" content=\"2560\" \/>\n\t<meta property=\"og:image:type\" content=\"image\/jpeg\" \/>\n<meta name=\"twitter:label1\" content=\"Est. reading time\" \/>\n\t<meta name=\"twitter:data1\" content=\"1 minut\" \/>\n<script type=\"application\/ld+json\" class=\"yoast-schema-graph\">{\"@context\":\"https:\/\/schema.org\",\"@graph\":[{\"@type\":\"WebPage\",\"@id\":\"https:\/\/bio4you.eu\/retseptid\/toode\/metsaseenesalat-india-pahkli-koorega\/\",\"url\":\"https:\/\/bio4you.eu\/retseptid\/toode\/metsaseenesalat-india-pahkli-koorega\/\",\"name\":\"Metsaseenesalat India p\u00e4hkli koorega - bio4you.eu\/retseptid\",\"isPartOf\":{\"@id\":\"https:\/\/bio4you.eu\/retseptid\/#website\"},\"primaryImageOfPage\":{\"@id\":\"https:\/\/bio4you.eu\/retseptid\/toode\/metsaseenesalat-india-pahkli-koorega\/#primaryimage\"},\"image\":{\"@id\":\"https:\/\/bio4you.eu\/retseptid\/toode\/metsaseenesalat-india-pahkli-koorega\/#primaryimage\"},\"thumbnailUrl\":\"https:\/\/bio4you.eu\/retseptid\/wp-content\/uploads\/2024\/02\/DSC_0462-scaled.jpg\",\"datePublished\":\"2024-02-25T09:26:32+00:00\",\"dateModified\":\"2024-02-25T09:26:32+00:00\",\"description\":\"Maitsev ja kiiresti valmiv metsaseenesalat, mis on koostiselt 100% vegan, kuna sisaldab India p\u00e4hki toidukoort.\",\"breadcrumb\":{\"@id\":\"https:\/\/bio4you.eu\/retseptid\/toode\/metsaseenesalat-india-pahkli-koorega\/#breadcrumb\"},\"inLanguage\":\"et\",\"potentialAction\":[{\"@type\":\"ReadAction\",\"target\":[\"https:\/\/bio4you.eu\/retseptid\/toode\/metsaseenesalat-india-pahkli-koorega\/\"]}]},{\"@type\":\"ImageObject\",\"inLanguage\":\"et\",\"@id\":\"https:\/\/bio4you.eu\/retseptid\/toode\/metsaseenesalat-india-pahkli-koorega\/#primaryimage\",\"url\":\"https:\/\/bio4you.eu\/retseptid\/wp-content\/uploads\/2024\/02\/DSC_0462-scaled.jpg\",\"contentUrl\":\"https:\/\/bio4you.eu\/retseptid\/wp-content\/uploads\/2024\/02\/DSC_0462-scaled.jpg\",\"width\":1707,\"height\":2560},{\"@type\":\"BreadcrumbList\",\"@id\":\"https:\/\/bio4you.eu\/retseptid\/toode\/metsaseenesalat-india-pahkli-koorega\/#breadcrumb\",\"itemListElement\":[{\"@type\":\"ListItem\",\"position\":1,\"name\":\"Home\",\"item\":\"https:\/\/bio4you.eu\/retseptid\/\"},{\"@type\":\"ListItem\",\"position\":2,\"name\":\"Metsaseenesalat India p\u00e4hkli koorega\"}]},{\"@type\":\"WebSite\",\"@id\":\"https:\/\/bio4you.eu\/retseptid\/#website\",\"url\":\"https:\/\/bio4you.eu\/retseptid\/\",\"name\":\"bio4you.eu\/retseptid\",\"description\":\"\u00d6ko retseptid ise tegemiseks, looduslikest koostisainetest. Maitsev toit, iluhooldus, kodupuhastus ja aiandus.\",\"potentialAction\":[{\"@type\":\"SearchAction\",\"target\":{\"@type\":\"EntryPoint\",\"urlTemplate\":\"https:\/\/bio4you.eu\/retseptid\/?s={search_term_string}\"},\"query-input\":\"required name=search_term_string\"}],\"inLanguage\":\"et\"}]}<\/script>\n<!-- \/ Yoast SEO plugin. -->","yoast_head_json":{"title":"Metsaseenesalat India p\u00e4hkli koorega - bio4you.eu\/retseptid","description":"Maitsev ja kiiresti valmiv metsaseenesalat, mis on koostiselt 100% vegan, kuna sisaldab India p\u00e4hki toidukoort.","robots":{"index":"index","follow":"follow","max-snippet":"max-snippet:-1","max-image-preview":"max-image-preview:large","max-video-preview":"max-video-preview:-1"},"canonical":"https:\/\/bio4you.eu\/retseptid\/toode\/metsaseenesalat-india-pahkli-koorega\/","og_locale":"et_EE","og_type":"article","og_title":"Metsaseenesalat India p\u00e4hkli koorega - bio4you.eu\/retseptid","og_description":"Maitsev ja kiiresti valmiv metsaseenesalat, mis on koostiselt 100% vegan, kuna sisaldab India p\u00e4hki toidukoort.","og_url":"https:\/\/bio4you.eu\/retseptid\/toode\/metsaseenesalat-india-pahkli-koorega\/","og_site_name":"bio4you.eu\/retseptid","og_image":[{"width":1707,"height":2560,"url":"https:\/\/bio4you.eu\/retseptid\/wp-content\/uploads\/2024\/02\/DSC_0462-scaled.jpg","type":"image\/jpeg"}],"twitter_misc":{"Est. reading time":"1 minut"},"schema":{"@context":"https:\/\/schema.org","@graph":[{"@type":"WebPage","@id":"https:\/\/bio4you.eu\/retseptid\/toode\/metsaseenesalat-india-pahkli-koorega\/","url":"https:\/\/bio4you.eu\/retseptid\/toode\/metsaseenesalat-india-pahkli-koorega\/","name":"Metsaseenesalat India p\u00e4hkli koorega - bio4you.eu\/retseptid","isPartOf":{"@id":"https:\/\/bio4you.eu\/retseptid\/#website"},"primaryImageOfPage":{"@id":"https:\/\/bio4you.eu\/retseptid\/toode\/metsaseenesalat-india-pahkli-koorega\/#primaryimage"},"image":{"@id":"https:\/\/bio4you.eu\/retseptid\/toode\/metsaseenesalat-india-pahkli-koorega\/#primaryimage"},"thumbnailUrl":"https:\/\/bio4you.eu\/retseptid\/wp-content\/uploads\/2024\/02\/DSC_0462-scaled.jpg","datePublished":"2024-02-25T09:26:32+00:00","dateModified":"2024-02-25T09:26:32+00:00","description":"Maitsev ja kiiresti valmiv metsaseenesalat, mis on koostiselt 100% vegan, kuna sisaldab India p\u00e4hki toidukoort.","breadcrumb":{"@id":"https:\/\/bio4you.eu\/retseptid\/toode\/metsaseenesalat-india-pahkli-koorega\/#breadcrumb"},"inLanguage":"et","potentialAction":[{"@type":"ReadAction","target":["https:\/\/bio4you.eu\/retseptid\/toode\/metsaseenesalat-india-pahkli-koorega\/"]}]},{"@type":"ImageObject","inLanguage":"et","@id":"https:\/\/bio4you.eu\/retseptid\/toode\/metsaseenesalat-india-pahkli-koorega\/#primaryimage","url":"https:\/\/bio4you.eu\/retseptid\/wp-content\/uploads\/2024\/02\/DSC_0462-scaled.jpg","contentUrl":"https:\/\/bio4you.eu\/retseptid\/wp-content\/uploads\/2024\/02\/DSC_0462-scaled.jpg","width":1707,"height":2560},{"@type":"BreadcrumbList","@id":"https:\/\/bio4you.eu\/retseptid\/toode\/metsaseenesalat-india-pahkli-koorega\/#breadcrumb","itemListElement":[{"@type":"ListItem","position":1,"name":"Home","item":"https:\/\/bio4you.eu\/retseptid\/"},{"@type":"ListItem","position":2,"name":"Metsaseenesalat India p\u00e4hkli koorega"}]},{"@type":"WebSite","@id":"https:\/\/bio4you.eu\/retseptid\/#website","url":"https:\/\/bio4you.eu\/retseptid\/","name":"bio4you.eu\/retseptid","description":"\u00d6ko retseptid ise tegemiseks, looduslikest koostisainetest. Maitsev toit, iluhooldus, kodupuhastus ja aiandus.","potentialAction":[{"@type":"SearchAction","target":{"@type":"EntryPoint","urlTemplate":"https:\/\/bio4you.eu\/retseptid\/?s={search_term_string}"},"query-input":"required name=search_term_string"}],"inLanguage":"et"}]}},"_links":{"self":[{"href":"https:\/\/bio4you.eu\/retseptid\/wp-json\/wp\/v2\/product\/4255"}],"collection":[{"href":"https:\/\/bio4you.eu\/retseptid\/wp-json\/wp\/v2\/product"}],"about":[{"href":"https:\/\/bio4you.eu\/retseptid\/wp-json\/wp\/v2\/types\/product"}],"replies":[{"embeddable":true,"href":"https:\/\/bio4you.eu\/retseptid\/wp-json\/wp\/v2\/comments?post=4255"}],"wp:featuredmedia":[{"embeddable":true,"href":"https:\/\/bio4you.eu\/retseptid\/wp-json\/wp\/v2\/media\/4256"}],"wp:attachment":[{"href":"https:\/\/bio4you.eu\/retseptid\/wp-json\/wp\/v2\/media?parent=4255"}],"wp:term":[{"taxonomy":"product_cat","embeddable":true,"href":"https:\/\/bio4you.eu\/retseptid\/wp-json\/wp\/v2\/product_cat?post=4255"},{"taxonomy":"product_tag","embeddable":true,"href":"https:\/\/bio4you.eu\/retseptid\/wp-json\/wp\/v2\/product_tag?post=4255"}],"curies":[{"name":"wp","href":"https:\/\/api.w.org\/{rel}","templated":true}]}}