{"id":4264,"date":"2025-01-16T09:00:13","date_gmt":"2025-01-16T07:00:13","guid":{"rendered":"https:\/\/bio4you.eu\/retseptid\/?post_type=product&#038;p=4264"},"modified":"2025-01-08T17:30:13","modified_gmt":"2025-01-08T15:30:13","slug":"gluteenivabad-kitsejuustuvoileivad-bataadi-falafelitega","status":"publish","type":"product","link":"https:\/\/bio4you.eu\/retseptid\/toode\/gluteenivabad-kitsejuustuvoileivad-bataadi-falafelitega\/","title":{"rendered":"Gluteenivabad kitsejuustuv\u00f5ileivad bataadi-falafelitega"},"content":{"rendered":"<p><span style=\"font-weight: 400;\">Valmistamisjuhend:<\/span><\/p>\n<ol>\n<li><span style=\"font-weight: 400;\"><span style=\"font-weight: 400;\">Falafeli segu ettevalmistamine: Kalla bataadi falafeli segu kaussi, lisa keev vesi ning sega korralikult. Lase segul umbes 15 minutit paisuda, et saavutada \u00f5ige tekstuur.<\/span><\/span><\/li>\n<li><span style=\"font-weight: 400;\"><span style=\"font-weight: 400;\">Leivaviilude praadimine: Kuumuta pannil veidi \u00f5li ja prae leivaviilud m\u00f5lemalt poolt kuldpruuniks ning kr\u00f5bedaks. Lase leibadel hetk jahtuda ning m\u00e4\u00e4ri neile heldelt kitse toorjuustu.<\/span><\/span><\/li>\n<li><span style=\"font-weight: 400;\"><span style=\"font-weight: 400;\">Ploomide maitsestamine: Eemalda ploomidelt kivid ja viiluta need. T\u00f5sta viilud kaussi, lisa mesi, palsami\u00e4\u00e4dikas, t\u00fc\u00fcmian, sool ja pipar. Sega \u00f5rnalt l\u00e4bi ning lase maitsetel m\u00f5ni minut seguneda.<\/span><\/span><\/li>\n<li><span style=\"font-weight: 400;\"><span style=\"font-weight: 400;\">Falafelite vormimine ja praadimine: Vormi paisunud falafeli segust niiskete k\u00e4tega \u00fchtlased taldriku- v\u00f5i pallikujulised falafelid. Kuumuta pannil \u00f5li ning prae falafelid kuldpruuniks ja kr\u00f5bedaks, keerates neid k\u00fcpsemise ajal \u00fchtlaselt.<\/span><\/span><\/li>\n<li>Serveerimine: Aseta kr\u00f5bedad bataadi-falafelid ja marineeritud ploomid kitsejuustuga kaetud leivaviiludele. Kaunista soovi korral t\u00fc\u00fcmianiokstega. Serveeri kohe ja naudi maitsete harmooniat!<\/li>\n<\/ol>\n","protected":false},"excerpt":{"rendered":"<p>Vaja l\u00e4heb (4 portsjonit):<\/p>\n<ul>\n<li><span style=\"font-weight: 400;\">1 pakk <a href=\"https:\/\/bio4you.eu\/et\/soolased-kuepsetussegud\/6147-gluteenivaba-falafelisegu-bataadiga-160g.html\">Bauchof Gluteenivaba falafelisegu bataadiga, 160g<\/a><\/span><\/li>\n<li><span style=\"font-weight: 400;\">250 ml keevat vett<\/span><\/li>\n<li><span style=\"font-weight: 400;\">3 sl praadimis\u00f5li<\/span><\/li>\n<li><span style=\"font-weight: 400;\">4 suurt viilu leiba (gluteenivaba)<\/span><\/li>\n<li><span style=\"font-weight: 400;\">120 g kitsepiimast toorjuustu<\/span><\/li>\n<li><span style=\"font-weight: 400;\">4 ploomi (v\u00f5i virsikut)<\/span><\/li>\n<li><span style=\"font-weight: 400;\">2 sl mett<\/span><\/li>\n<li><span style=\"font-weight: 400;\">1 sl palsami\u00e4\u00e4dikat<\/span><\/li>\n<li><span style=\"font-weight: 400;\">4 t\u00fc\u00fcmianioksa<\/span><\/li>\n<li><span style=\"font-weight: 400;\">N\u00e4puotsat\u00e4is soola ja pipart<\/span><\/li>\n<\/ul>\n","protected":false},"featured_media":4265,"comment_status":"open","ping_status":"closed","template":"","meta":{"_exactmetrics_skip_tracking":false,"_exactmetrics_sitenote_active":false,"_exactmetrics_sitenote_note":"","_exactmetrics_sitenote_category":0},"product_cat":[59,63,383],"product_tag":[405,403,404,150,400,401,402],"class_list":{"0":"post-4264","1":"product","2":"type-product","3":"status-publish","4":"has-post-thumbnail","6":"product_cat-featured","7":"product_cat-gluteenivabad-retseptid","8":"product_cat-taimetoit","9":"product_tag-bataadifalafel","10":"product_tag-bataat","11":"product_tag-falafel","12":"product_tag-gluteenivaba-2","13":"product_tag-kitsejuustu","14":"product_tag-voileib","15":"product_tag-voileivad","17":"first","18":"instock","19":"shipping-taxable","20":"product-type-simple"},"yoast_head":"<!-- This site is optimized with the Yoast SEO plugin v23.3 - https:\/\/yoast.com\/wordpress\/plugins\/seo\/ -->\n<title>Gluteenivabad kitsejuustuv\u00f5ileivad bataadi-falafelitega - bio4you.eu\/retseptid<\/title>\n<meta name=\"description\" content=\"Avasta maitsev ja tervislik retsept, mis \u00fchendab bataadi-falafelid, kr\u00f5bedad kitse toorjuustuga kaetud leivaviilud ja maitsestatud ploomid. Ideaalne kergeks eineks v\u00f5i suupisteks, pakkudes maitseelamust ja toetades seedimist. Naudi looduslikke koostisosi ja rikkalikke tekstuure!\" \/>\n<meta name=\"robots\" content=\"index, follow, max-snippet:-1, max-image-preview:large, max-video-preview:-1\" \/>\n<link rel=\"canonical\" href=\"https:\/\/bio4you.eu\/retseptid\/toode\/gluteenivabad-kitsejuustuvoileivad-bataadi-falafelitega\/\" \/>\n<meta property=\"og:locale\" content=\"et_EE\" \/>\n<meta property=\"og:type\" content=\"article\" \/>\n<meta property=\"og:title\" content=\"Maitsev ja gluteenivaba bataadi-falafeli v\u00f5ileivaretsept kitsejuustu ja maitsestatud ploomidega\" \/>\n<meta property=\"og:description\" content=\"Proovi tervislikku ja lihtsat retsepti, kus kuldpruunid bataadi-falafelid, kr\u00f5bedad leivaviilud kitse toorjuustuga ja maitsestatud ploomid loovad t\u00e4iusliku maitsete harmoonia. Ideaalne kergeks eineks v\u00f5i eriliseks suupisteks!\" \/>\n<meta property=\"og:url\" content=\"https:\/\/bio4you.eu\/retseptid\/toode\/gluteenivabad-kitsejuustuvoileivad-bataadi-falafelitega\/\" \/>\n<meta property=\"og:site_name\" content=\"bio4you.eu\/retseptid\" \/>\n<meta property=\"article:modified_time\" content=\"2025-01-08T15:30:13+00:00\" \/>\n<meta property=\"og:image\" content=\"https:\/\/bio4you.eu\/retseptid\/wp-content\/uploads\/2025\/01\/Gluteenivabad-kitsejuustuvoileivad-bataadi-falafelitega.webp\" \/>\n\t<meta property=\"og:image:width\" content=\"650\" \/>\n\t<meta property=\"og:image:height\" content=\"433\" \/>\n\t<meta property=\"og:image:type\" content=\"image\/webp\" \/>\n<meta name=\"twitter:label1\" content=\"Est. reading time\" \/>\n\t<meta name=\"twitter:data1\" content=\"1 minut\" \/>\n<script type=\"application\/ld+json\" class=\"yoast-schema-graph\">{\"@context\":\"https:\/\/schema.org\",\"@graph\":[{\"@type\":\"WebPage\",\"@id\":\"https:\/\/bio4you.eu\/retseptid\/toode\/gluteenivabad-kitsejuustuvoileivad-bataadi-falafelitega\/\",\"url\":\"https:\/\/bio4you.eu\/retseptid\/toode\/gluteenivabad-kitsejuustuvoileivad-bataadi-falafelitega\/\",\"name\":\"Gluteenivabad kitsejuustuv\u00f5ileivad bataadi-falafelitega - bio4you.eu\/retseptid\",\"isPartOf\":{\"@id\":\"https:\/\/bio4you.eu\/retseptid\/#website\"},\"primaryImageOfPage\":{\"@id\":\"https:\/\/bio4you.eu\/retseptid\/toode\/gluteenivabad-kitsejuustuvoileivad-bataadi-falafelitega\/#primaryimage\"},\"image\":{\"@id\":\"https:\/\/bio4you.eu\/retseptid\/toode\/gluteenivabad-kitsejuustuvoileivad-bataadi-falafelitega\/#primaryimage\"},\"thumbnailUrl\":\"https:\/\/bio4you.eu\/retseptid\/wp-content\/uploads\/2025\/01\/Gluteenivabad-kitsejuustuvoileivad-bataadi-falafelitega.webp\",\"datePublished\":\"2025-01-16T07:00:13+00:00\",\"dateModified\":\"2025-01-08T15:30:13+00:00\",\"description\":\"Avasta maitsev ja tervislik retsept, mis \u00fchendab bataadi-falafelid, kr\u00f5bedad kitse toorjuustuga kaetud leivaviilud ja maitsestatud ploomid. Ideaalne kergeks eineks v\u00f5i suupisteks, pakkudes maitseelamust ja toetades seedimist. Naudi looduslikke koostisosi ja rikkalikke tekstuure!\",\"breadcrumb\":{\"@id\":\"https:\/\/bio4you.eu\/retseptid\/toode\/gluteenivabad-kitsejuustuvoileivad-bataadi-falafelitega\/#breadcrumb\"},\"inLanguage\":\"et\",\"potentialAction\":[{\"@type\":\"ReadAction\",\"target\":[\"https:\/\/bio4you.eu\/retseptid\/toode\/gluteenivabad-kitsejuustuvoileivad-bataadi-falafelitega\/\"]}]},{\"@type\":\"ImageObject\",\"inLanguage\":\"et\",\"@id\":\"https:\/\/bio4you.eu\/retseptid\/toode\/gluteenivabad-kitsejuustuvoileivad-bataadi-falafelitega\/#primaryimage\",\"url\":\"https:\/\/bio4you.eu\/retseptid\/wp-content\/uploads\/2025\/01\/Gluteenivabad-kitsejuustuvoileivad-bataadi-falafelitega.webp\",\"contentUrl\":\"https:\/\/bio4you.eu\/retseptid\/wp-content\/uploads\/2025\/01\/Gluteenivabad-kitsejuustuvoileivad-bataadi-falafelitega.webp\",\"width\":650,\"height\":433,\"caption\":\"Gluteenivavad v\u00f5ileivad bataadi, kitsejuustu ja falafelitega\"},{\"@type\":\"BreadcrumbList\",\"@id\":\"https:\/\/bio4you.eu\/retseptid\/toode\/gluteenivabad-kitsejuustuvoileivad-bataadi-falafelitega\/#breadcrumb\",\"itemListElement\":[{\"@type\":\"ListItem\",\"position\":1,\"name\":\"Home\",\"item\":\"https:\/\/bio4you.eu\/retseptid\/\"},{\"@type\":\"ListItem\",\"position\":2,\"name\":\"Gluteenivabad kitsejuustuv\u00f5ileivad bataadi-falafelitega\"}]},{\"@type\":\"WebSite\",\"@id\":\"https:\/\/bio4you.eu\/retseptid\/#website\",\"url\":\"https:\/\/bio4you.eu\/retseptid\/\",\"name\":\"bio4you.eu\/retseptid\",\"description\":\"\u00d6ko retseptid ise tegemiseks, looduslikest koostisainetest. Maitsev toit, iluhooldus, kodupuhastus ja aiandus.\",\"potentialAction\":[{\"@type\":\"SearchAction\",\"target\":{\"@type\":\"EntryPoint\",\"urlTemplate\":\"https:\/\/bio4you.eu\/retseptid\/?s={search_term_string}\"},\"query-input\":\"required name=search_term_string\"}],\"inLanguage\":\"et\"}]}<\/script>\n<!-- \/ Yoast SEO plugin. -->","yoast_head_json":{"title":"Gluteenivabad kitsejuustuv\u00f5ileivad bataadi-falafelitega - bio4you.eu\/retseptid","description":"Avasta maitsev ja tervislik retsept, mis \u00fchendab bataadi-falafelid, kr\u00f5bedad kitse toorjuustuga kaetud leivaviilud ja maitsestatud ploomid. Ideaalne kergeks eineks v\u00f5i suupisteks, pakkudes maitseelamust ja toetades seedimist. Naudi looduslikke koostisosi ja rikkalikke tekstuure!","robots":{"index":"index","follow":"follow","max-snippet":"max-snippet:-1","max-image-preview":"max-image-preview:large","max-video-preview":"max-video-preview:-1"},"canonical":"https:\/\/bio4you.eu\/retseptid\/toode\/gluteenivabad-kitsejuustuvoileivad-bataadi-falafelitega\/","og_locale":"et_EE","og_type":"article","og_title":"Maitsev ja gluteenivaba bataadi-falafeli v\u00f5ileivaretsept kitsejuustu ja maitsestatud ploomidega","og_description":"Proovi tervislikku ja lihtsat retsepti, kus kuldpruunid bataadi-falafelid, kr\u00f5bedad leivaviilud kitse toorjuustuga ja maitsestatud ploomid loovad t\u00e4iusliku maitsete harmoonia. Ideaalne kergeks eineks v\u00f5i eriliseks suupisteks!","og_url":"https:\/\/bio4you.eu\/retseptid\/toode\/gluteenivabad-kitsejuustuvoileivad-bataadi-falafelitega\/","og_site_name":"bio4you.eu\/retseptid","article_modified_time":"2025-01-08T15:30:13+00:00","og_image":[{"width":650,"height":433,"url":"https:\/\/bio4you.eu\/retseptid\/wp-content\/uploads\/2025\/01\/Gluteenivabad-kitsejuustuvoileivad-bataadi-falafelitega.webp","type":"image\/webp"}],"twitter_misc":{"Est. reading time":"1 minut"},"schema":{"@context":"https:\/\/schema.org","@graph":[{"@type":"WebPage","@id":"https:\/\/bio4you.eu\/retseptid\/toode\/gluteenivabad-kitsejuustuvoileivad-bataadi-falafelitega\/","url":"https:\/\/bio4you.eu\/retseptid\/toode\/gluteenivabad-kitsejuustuvoileivad-bataadi-falafelitega\/","name":"Gluteenivabad kitsejuustuv\u00f5ileivad bataadi-falafelitega - bio4you.eu\/retseptid","isPartOf":{"@id":"https:\/\/bio4you.eu\/retseptid\/#website"},"primaryImageOfPage":{"@id":"https:\/\/bio4you.eu\/retseptid\/toode\/gluteenivabad-kitsejuustuvoileivad-bataadi-falafelitega\/#primaryimage"},"image":{"@id":"https:\/\/bio4you.eu\/retseptid\/toode\/gluteenivabad-kitsejuustuvoileivad-bataadi-falafelitega\/#primaryimage"},"thumbnailUrl":"https:\/\/bio4you.eu\/retseptid\/wp-content\/uploads\/2025\/01\/Gluteenivabad-kitsejuustuvoileivad-bataadi-falafelitega.webp","datePublished":"2025-01-16T07:00:13+00:00","dateModified":"2025-01-08T15:30:13+00:00","description":"Avasta maitsev ja tervislik retsept, mis \u00fchendab bataadi-falafelid, kr\u00f5bedad kitse toorjuustuga kaetud leivaviilud ja maitsestatud ploomid. Ideaalne kergeks eineks v\u00f5i suupisteks, pakkudes maitseelamust ja toetades seedimist. Naudi looduslikke koostisosi ja rikkalikke tekstuure!","breadcrumb":{"@id":"https:\/\/bio4you.eu\/retseptid\/toode\/gluteenivabad-kitsejuustuvoileivad-bataadi-falafelitega\/#breadcrumb"},"inLanguage":"et","potentialAction":[{"@type":"ReadAction","target":["https:\/\/bio4you.eu\/retseptid\/toode\/gluteenivabad-kitsejuustuvoileivad-bataadi-falafelitega\/"]}]},{"@type":"ImageObject","inLanguage":"et","@id":"https:\/\/bio4you.eu\/retseptid\/toode\/gluteenivabad-kitsejuustuvoileivad-bataadi-falafelitega\/#primaryimage","url":"https:\/\/bio4you.eu\/retseptid\/wp-content\/uploads\/2025\/01\/Gluteenivabad-kitsejuustuvoileivad-bataadi-falafelitega.webp","contentUrl":"https:\/\/bio4you.eu\/retseptid\/wp-content\/uploads\/2025\/01\/Gluteenivabad-kitsejuustuvoileivad-bataadi-falafelitega.webp","width":650,"height":433,"caption":"Gluteenivavad v\u00f5ileivad bataadi, kitsejuustu ja falafelitega"},{"@type":"BreadcrumbList","@id":"https:\/\/bio4you.eu\/retseptid\/toode\/gluteenivabad-kitsejuustuvoileivad-bataadi-falafelitega\/#breadcrumb","itemListElement":[{"@type":"ListItem","position":1,"name":"Home","item":"https:\/\/bio4you.eu\/retseptid\/"},{"@type":"ListItem","position":2,"name":"Gluteenivabad kitsejuustuv\u00f5ileivad bataadi-falafelitega"}]},{"@type":"WebSite","@id":"https:\/\/bio4you.eu\/retseptid\/#website","url":"https:\/\/bio4you.eu\/retseptid\/","name":"bio4you.eu\/retseptid","description":"\u00d6ko retseptid ise tegemiseks, looduslikest koostisainetest. Maitsev toit, iluhooldus, kodupuhastus ja aiandus.","potentialAction":[{"@type":"SearchAction","target":{"@type":"EntryPoint","urlTemplate":"https:\/\/bio4you.eu\/retseptid\/?s={search_term_string}"},"query-input":"required name=search_term_string"}],"inLanguage":"et"}]}},"_links":{"self":[{"href":"https:\/\/bio4you.eu\/retseptid\/wp-json\/wp\/v2\/product\/4264"}],"collection":[{"href":"https:\/\/bio4you.eu\/retseptid\/wp-json\/wp\/v2\/product"}],"about":[{"href":"https:\/\/bio4you.eu\/retseptid\/wp-json\/wp\/v2\/types\/product"}],"replies":[{"embeddable":true,"href":"https:\/\/bio4you.eu\/retseptid\/wp-json\/wp\/v2\/comments?post=4264"}],"wp:featuredmedia":[{"embeddable":true,"href":"https:\/\/bio4you.eu\/retseptid\/wp-json\/wp\/v2\/media\/4265"}],"wp:attachment":[{"href":"https:\/\/bio4you.eu\/retseptid\/wp-json\/wp\/v2\/media?parent=4264"}],"wp:term":[{"taxonomy":"product_cat","embeddable":true,"href":"https:\/\/bio4you.eu\/retseptid\/wp-json\/wp\/v2\/product_cat?post=4264"},{"taxonomy":"product_tag","embeddable":true,"href":"https:\/\/bio4you.eu\/retseptid\/wp-json\/wp\/v2\/product_tag?post=4264"}],"curies":[{"name":"wp","href":"https:\/\/api.w.org\/{rel}","templated":true}]}}