{"id":4275,"date":"2025-01-30T09:00:12","date_gmt":"2025-01-30T07:00:12","guid":{"rendered":"https:\/\/bio4you.eu\/retseptid\/?post_type=product&#038;p=4275"},"modified":"2025-01-08T19:23:45","modified_gmt":"2025-01-08T17:23:45","slug":"vegan-snickers","status":"publish","type":"product","link":"https:\/\/bio4you.eu\/retseptid\/toode\/vegan-snickers\/","title":{"rendered":"Vegan Snickers"},"content":{"rendered":"<p><span style=\"font-weight: 400;\">Valmistamisjuhend:<\/span><\/p>\n<ol>\n<li><span style=\"font-weight: 400;\">P\u00f5hi:<\/span><\/li>\n<\/ol>\n<ul>\n<li><span style=\"font-weight: 400;\">Pane k\u00f5ik koostisosad blenderisse ja t\u00f6\u00f6tle \u00fchtlaseks massiks.<\/span><\/li>\n<li><span style=\"font-weight: 400;\">Suru segu k\u00fcpsetuspaberiga kaetud vormi p\u00f5hja ja pane k\u00fclmkappi tahenema.<\/span><\/li>\n<\/ul>\n<ol start=\"2\">\n<li><span style=\"font-weight: 400;\">Kreem:<\/span><\/li>\n<\/ol>\n<ul>\n<li><span style=\"font-weight: 400;\">Blenderda k\u00f5ik kreemi koostisosad, kuni saad siidise ja \u00fchtlase kreemi.<\/span><\/li>\n<li><span style=\"font-weight: 400;\">Kalla kreem jahtunud p\u00f5hjale ja pane s\u00fcgavk\u00fclma tahenema.<\/span><\/li>\n<\/ul>\n<ol start=\"3\">\n<li><span style=\"font-weight: 400;\">Maap\u00e4hkli-toffee:<\/span><\/li>\n<\/ol>\n<ul>\n<li><span style=\"font-weight: 400;\">Sulata suhkur koos veega, kuni see muutub kuldseks. Eemalda kuumuselt ja lase 5 minutit jahtuda.<\/span><\/li>\n<li><span style=\"font-weight: 400;\">Lisa v\u00e4hehaaval The Bridge gluteenivaba kaerakreem toiduvalmistamiseks, maap\u00e4hkliv\u00f5i, sool ja r\u00f6stitud maap\u00e4hklid.<\/span><\/li>\n<li><span style=\"font-weight: 400;\">Kalla toffee tahenenud kreemi peale ja pane tagasi s\u00fcgavk\u00fclma.<\/span><\/li>\n<\/ul>\n<ol start=\"4\">\n<li><span style=\"font-weight: 400;\">Kate:<\/span><\/li>\n<\/ol>\n<ul>\n<li><span style=\"font-weight: 400;\">Sulata k\u00f5ik katte koostisosad ja sega, kuni saad l\u00e4ikiva \u0161okolaadikihi.<\/span><\/li>\n<li><span style=\"font-weight: 400;\">Kalla kate k\u00fclmunud toffee-kihi peale.<\/span><\/li>\n<li><span style=\"font-weight: 400;\">Hoia batoone s\u00fcgavk\u00fclmas 3\u20134 tundi.<\/span><\/li>\n<\/ul>\n<ol start=\"5\">\n<li><span style=\"font-weight: 400;\">L\u00f5plik viimistlus:<\/span><\/li>\n<\/ol>\n<ul>\n<li><span style=\"font-weight: 400;\">Eemalda batoonid vormist ja l\u00f5ika v\u00e4ikesteks t\u00fckkideks.<\/span><\/li>\n<li><span style=\"font-weight: 400;\">Serveeri h\u00e4sti jahutatult.<\/span><\/li>\n<\/ul>\n<p class=\"p1\">Valmista see imeline maius kodus ja avasta puhaste mahetoodete j\u00f5ud \u2013 leia koostisosad ning palju muud tervislikku ja maitsvat <a href=\"https:\/\/bio4you.eu\/et\/\">Bio4You<\/a> \u00f6kopoest!<\/p>\n","protected":false},"excerpt":{"rendered":"<p><span style=\"font-weight: 400;\">Vaja l\u00e4heb (4 portsjonit):<\/span><\/p>\n<ul>\n<li><span style=\"font-weight: 400;\">10 datlit (n\u00e4iteks, <a href=\"https:\/\/bio4you.eu\/et\/looduslikud-supertoidud\/4356-datlid-1kg.html\">Rhumveld Datlid, 1kg<\/a>)<\/span><\/li>\n<li><span style=\"font-weight: 400;\">20g kakaod (n\u00e4iteks <a href=\"https:\/\/bio4you.eu\/et\/kakao\/5837-kakaopulber-75g.html\">Altromercato Kakaopulber, 75g<\/a>)<\/span><\/li>\n<li><span style=\"font-weight: 400;\">50g tumedat \u0161okolaadi (n\u00e4iteks, <a href=\"https:\/\/bio4you.eu\/et\/sokolaadid\/4998-tume-sokolaad-60-100g.html\">Gepa Tume \u0161okolaad 60%, 100g<\/a>)<\/span><\/li>\n<li><span style=\"font-weight: 400;\">150g mandli granolat\u00a0<\/span><\/li>\n<li><span style=\"font-weight: 400;\">30g kookos\u00f5li (n\u00e4iteks, <a href=\"https:\/\/bio4you.eu\/et\/toiduolid-kastmed-ja-kreemid\/3867-extra-virgin-kookosoli-500ml.html\">Maya Gold Extra virgin kookos\u00f5li, 500ml<\/a>)<\/span><\/li>\n<li><span style=\"font-weight: 400;\">20g agaavisiirupit (n\u00e4iteks, <a href=\"https:\/\/bio4you.eu\/et\/maitseained-ja-magustajad\/4866-agaavisiirup-light-350g.html\">Maya Gold Agaavisiirup &#8220;Light&#8221;, 350g<\/a>)<\/span><\/li>\n<\/ul>\n<p><span style=\"font-weight: 400;\">Kreem:<\/span><\/p>\n<ul>\n<li><span style=\"font-weight: 400;\">1 pakk <a href=\"https:\/\/bio4you.eu\/et\/toiduolid-kastmed-ja-kreemid\/3283-gluteenivaba-kookoskreem-toiduvalmistamiseks-200ml.html\">The Bridge gluteenivaba kookoskreemi toiduvalmistamiseks<\/a><\/span><\/li>\n<li><span style=\"font-weight: 400;\">150g \u00fcle\u00f6\u00f6 vees leotatud india p\u00e4hkleid (n\u00e4iteks, <a href=\"https:\/\/bio4you.eu\/et\/looduslikud-supertoidud\/4579-india-paehklid-1kg.html\">Rhumveld India p\u00e4hklid, 1kg<\/a>)<\/span><\/li>\n<li><span style=\"font-weight: 400;\">70g agaavisiirupit v\u00f5i vahtrasiirupit<\/span><\/li>\n<li><span style=\"font-weight: 400;\">100g maap\u00e4hkliv\u00f5id (n\u00e4iteks, <a href=\"https:\/\/bio4you.eu\/et\/paehklikreemid-ja-voided\/6065-maapaehklivoie-250g.html\">Bett&#8217;r Maap\u00e4hkliv\u00f5ie, 250g<\/a>)<\/span><\/li>\n<li><span style=\"font-weight: 400;\">60g kookos\u00f5li<\/span><\/li>\n<li><span style=\"font-weight: 400;\">70g r\u00f6stitud ja soolatud maap\u00e4hkleid\u00a0<\/span><\/li>\n<\/ul>\n<p><span style=\"font-weight: 400;\">Maap\u00e4hkli-toffee:<\/span><\/p>\n<ul>\n<li><span style=\"font-weight: 400;\">150g suhkrut<\/span><\/li>\n<li><span style=\"font-weight: 400;\">2 teelusikat vett<\/span><\/li>\n<li><span style=\"font-weight: 400;\">80g <a href=\"https:\/\/bio4you.eu\/et\/toiduolid-kastmed-ja-kreemid\/1459-kaerakreem-toiduvalmistamiseks-200ml.html\">The Bridge gluteenivaba kaerakreemi toiduvalmistamiseks<\/a><\/span><\/li>\n<li><span style=\"font-weight: 400;\">1 supilusikat\u00e4is maap\u00e4hkliv\u00f5id<\/span><\/li>\n<li><span style=\"font-weight: 400;\">N\u00e4puotsat\u00e4is soola<\/span><\/li>\n<li><span style=\"font-weight: 400;\">50g r\u00f6stitud maap\u00e4hkleid<\/span><\/li>\n<\/ul>\n<p><span style=\"font-weight: 400;\">Kate:<\/span><\/p>\n<ul>\n<li><span style=\"font-weight: 400;\">100g tumedat \u0161okolaadi<\/span><\/li>\n<li><span style=\"font-weight: 400;\">90g The Bridge gluteenivaba kaerajooki kakaoga (v\u00f5ib asendada ka <a href=\"https:\/\/bio4you.eu\/et\/mueslid-snaekid-ja-desserdid\/5477-kaera-kakao-dessert-2x130g.html\">The Bridge kaeradessert kakaoga<\/a> v\u00f5i <a href=\"https:\/\/bio4you.eu\/et\/taimsed-joogid-ja-kreemid\/3290-gluteenivaba-kaerajook-1l.html\">The Bridge kaerajoogiga<\/a>)<\/span><\/li>\n<li><span style=\"font-weight: 400;\">1 supilusikat\u00e4is agaavisiirupit<\/span><\/li>\n<\/ul>\n","protected":false},"featured_media":4276,"comment_status":"open","ping_status":"closed","template":"","meta":{"_exactmetrics_skip_tracking":false,"_exactmetrics_sitenote_active":false,"_exactmetrics_sitenote_note":"","_exactmetrics_sitenote_category":0},"product_cat":[59,382,63,383,280,365],"product_tag":[425,423,422,424,412],"class_list":{"0":"post-4275","1":"product","2":"type-product","3":"status-publish","4":"has-post-thumbnail","6":"product_cat-featured","7":"product_cat-vegan-toiduretseptid","8":"product_cat-gluteenivabad-retseptid","9":"product_cat-taimetoit","10":"product_cat-koogid-ja-kupsised","11":"product_cat-laste-lemmikud","12":"product_tag-maapahkli","13":"product_tag-magustoit","14":"product_tag-snickers","15":"product_tag-vahepala","16":"product_tag-vegan","18":"first","19":"instock","20":"shipping-taxable","21":"product-type-simple"},"yoast_head":"<!-- This site is optimized with the Yoast SEO plugin v23.3 - https:\/\/yoast.com\/wordpress\/plugins\/seo\/ -->\n<title>Vegan Snickers - bio4you.eu\/retseptid<\/title>\n<meta name=\"description\" content=\"Valmista imeline maap\u00e4hkli-toffee batoon, mis \u00fchendab rikkalikud maitsed ja tervislikud koostisosad. Kasuta kvaliteetseid mahetooteid Bio4You poest ning naudi seda lihtsat ja maitsvat retsepti, mis sobib suurep\u00e4raselt magusaks vahepalaks!\" \/>\n<meta name=\"robots\" content=\"index, follow, max-snippet:-1, max-image-preview:large, max-video-preview:-1\" \/>\n<link rel=\"canonical\" href=\"https:\/\/bio4you.eu\/retseptid\/toode\/vegan-snickers\/\" \/>\n<meta property=\"og:locale\" content=\"et_EE\" \/>\n<meta property=\"og:type\" content=\"article\" \/>\n<meta property=\"og:title\" content=\"Valmista oma vegan Snickers \u2013 lihtne ja maitsev retsept!\" \/>\n<meta property=\"og:description\" content=\"Proovi kodust vegan Snickersi retsepti, mis \u00fchendab rikkalikud maitsed nagu \u0161okolaad, maap\u00e4hkliv\u00f5i ja toffee. T\u00e4isv\u00e4\u00e4rtuslik maius, mis on valmistatud mahetoodetest \u2013 leia k\u00f5ik vajaminev Bio4You poest!\" \/>\n<meta property=\"og:url\" content=\"https:\/\/bio4you.eu\/retseptid\/toode\/vegan-snickers\/\" \/>\n<meta property=\"og:site_name\" content=\"bio4you.eu\/retseptid\" \/>\n<meta property=\"article:modified_time\" content=\"2025-01-08T17:23:45+00:00\" \/>\n<meta property=\"og:image\" content=\"https:\/\/bio4you.eu\/retseptid\/wp-content\/uploads\/2025\/01\/Vegan-Snickers.png\" \/>\n\t<meta property=\"og:image:width\" content=\"976\" \/>\n\t<meta property=\"og:image:height\" content=\"646\" \/>\n\t<meta property=\"og:image:type\" content=\"image\/png\" \/>\n<meta name=\"twitter:label1\" content=\"Est. reading time\" \/>\n\t<meta name=\"twitter:data1\" content=\"1 minut\" \/>\n<script type=\"application\/ld+json\" class=\"yoast-schema-graph\">{\"@context\":\"https:\/\/schema.org\",\"@graph\":[{\"@type\":\"WebPage\",\"@id\":\"https:\/\/bio4you.eu\/retseptid\/toode\/vegan-snickers\/\",\"url\":\"https:\/\/bio4you.eu\/retseptid\/toode\/vegan-snickers\/\",\"name\":\"Vegan Snickers - bio4you.eu\/retseptid\",\"isPartOf\":{\"@id\":\"https:\/\/bio4you.eu\/retseptid\/#website\"},\"primaryImageOfPage\":{\"@id\":\"https:\/\/bio4you.eu\/retseptid\/toode\/vegan-snickers\/#primaryimage\"},\"image\":{\"@id\":\"https:\/\/bio4you.eu\/retseptid\/toode\/vegan-snickers\/#primaryimage\"},\"thumbnailUrl\":\"https:\/\/bio4you.eu\/retseptid\/wp-content\/uploads\/2025\/01\/Vegan-Snickers.png\",\"datePublished\":\"2025-01-30T07:00:12+00:00\",\"dateModified\":\"2025-01-08T17:23:45+00:00\",\"description\":\"Valmista imeline maap\u00e4hkli-toffee batoon, mis \u00fchendab rikkalikud maitsed ja tervislikud koostisosad. Kasuta kvaliteetseid mahetooteid Bio4You poest ning naudi seda lihtsat ja maitsvat retsepti, mis sobib suurep\u00e4raselt magusaks vahepalaks!\",\"breadcrumb\":{\"@id\":\"https:\/\/bio4you.eu\/retseptid\/toode\/vegan-snickers\/#breadcrumb\"},\"inLanguage\":\"et\",\"potentialAction\":[{\"@type\":\"ReadAction\",\"target\":[\"https:\/\/bio4you.eu\/retseptid\/toode\/vegan-snickers\/\"]}]},{\"@type\":\"ImageObject\",\"inLanguage\":\"et\",\"@id\":\"https:\/\/bio4you.eu\/retseptid\/toode\/vegan-snickers\/#primaryimage\",\"url\":\"https:\/\/bio4you.eu\/retseptid\/wp-content\/uploads\/2025\/01\/Vegan-Snickers.png\",\"contentUrl\":\"https:\/\/bio4you.eu\/retseptid\/wp-content\/uploads\/2025\/01\/Vegan-Snickers.png\",\"width\":976,\"height\":646,\"caption\":\"Vegan Snickers \u2013 t\u00e4iuslik gluteenivaba magustoit, mis \u00fchendab maap\u00e4hkliv\u00f5i, toffee ja rikkaliku \u0161okolaadi. Lihtne valmistada ja ideaalne maius igaks hetkeks!\"},{\"@type\":\"BreadcrumbList\",\"@id\":\"https:\/\/bio4you.eu\/retseptid\/toode\/vegan-snickers\/#breadcrumb\",\"itemListElement\":[{\"@type\":\"ListItem\",\"position\":1,\"name\":\"Home\",\"item\":\"https:\/\/bio4you.eu\/retseptid\/\"},{\"@type\":\"ListItem\",\"position\":2,\"name\":\"Vegan Snickers\"}]},{\"@type\":\"WebSite\",\"@id\":\"https:\/\/bio4you.eu\/retseptid\/#website\",\"url\":\"https:\/\/bio4you.eu\/retseptid\/\",\"name\":\"bio4you.eu\/retseptid\",\"description\":\"\u00d6ko retseptid ise tegemiseks, looduslikest koostisainetest. Maitsev toit, iluhooldus, kodupuhastus ja aiandus.\",\"potentialAction\":[{\"@type\":\"SearchAction\",\"target\":{\"@type\":\"EntryPoint\",\"urlTemplate\":\"https:\/\/bio4you.eu\/retseptid\/?s={search_term_string}\"},\"query-input\":\"required name=search_term_string\"}],\"inLanguage\":\"et\"}]}<\/script>\n<!-- \/ Yoast SEO plugin. -->","yoast_head_json":{"title":"Vegan Snickers - bio4you.eu\/retseptid","description":"Valmista imeline maap\u00e4hkli-toffee batoon, mis \u00fchendab rikkalikud maitsed ja tervislikud koostisosad. Kasuta kvaliteetseid mahetooteid Bio4You poest ning naudi seda lihtsat ja maitsvat retsepti, mis sobib suurep\u00e4raselt magusaks vahepalaks!","robots":{"index":"index","follow":"follow","max-snippet":"max-snippet:-1","max-image-preview":"max-image-preview:large","max-video-preview":"max-video-preview:-1"},"canonical":"https:\/\/bio4you.eu\/retseptid\/toode\/vegan-snickers\/","og_locale":"et_EE","og_type":"article","og_title":"Valmista oma vegan Snickers \u2013 lihtne ja maitsev retsept!","og_description":"Proovi kodust vegan Snickersi retsepti, mis \u00fchendab rikkalikud maitsed nagu \u0161okolaad, maap\u00e4hkliv\u00f5i ja toffee. T\u00e4isv\u00e4\u00e4rtuslik maius, mis on valmistatud mahetoodetest \u2013 leia k\u00f5ik vajaminev Bio4You poest!","og_url":"https:\/\/bio4you.eu\/retseptid\/toode\/vegan-snickers\/","og_site_name":"bio4you.eu\/retseptid","article_modified_time":"2025-01-08T17:23:45+00:00","og_image":[{"width":976,"height":646,"url":"https:\/\/bio4you.eu\/retseptid\/wp-content\/uploads\/2025\/01\/Vegan-Snickers.png","type":"image\/png"}],"twitter_misc":{"Est. reading time":"1 minut"},"schema":{"@context":"https:\/\/schema.org","@graph":[{"@type":"WebPage","@id":"https:\/\/bio4you.eu\/retseptid\/toode\/vegan-snickers\/","url":"https:\/\/bio4you.eu\/retseptid\/toode\/vegan-snickers\/","name":"Vegan Snickers - bio4you.eu\/retseptid","isPartOf":{"@id":"https:\/\/bio4you.eu\/retseptid\/#website"},"primaryImageOfPage":{"@id":"https:\/\/bio4you.eu\/retseptid\/toode\/vegan-snickers\/#primaryimage"},"image":{"@id":"https:\/\/bio4you.eu\/retseptid\/toode\/vegan-snickers\/#primaryimage"},"thumbnailUrl":"https:\/\/bio4you.eu\/retseptid\/wp-content\/uploads\/2025\/01\/Vegan-Snickers.png","datePublished":"2025-01-30T07:00:12+00:00","dateModified":"2025-01-08T17:23:45+00:00","description":"Valmista imeline maap\u00e4hkli-toffee batoon, mis \u00fchendab rikkalikud maitsed ja tervislikud koostisosad. Kasuta kvaliteetseid mahetooteid Bio4You poest ning naudi seda lihtsat ja maitsvat retsepti, mis sobib suurep\u00e4raselt magusaks vahepalaks!","breadcrumb":{"@id":"https:\/\/bio4you.eu\/retseptid\/toode\/vegan-snickers\/#breadcrumb"},"inLanguage":"et","potentialAction":[{"@type":"ReadAction","target":["https:\/\/bio4you.eu\/retseptid\/toode\/vegan-snickers\/"]}]},{"@type":"ImageObject","inLanguage":"et","@id":"https:\/\/bio4you.eu\/retseptid\/toode\/vegan-snickers\/#primaryimage","url":"https:\/\/bio4you.eu\/retseptid\/wp-content\/uploads\/2025\/01\/Vegan-Snickers.png","contentUrl":"https:\/\/bio4you.eu\/retseptid\/wp-content\/uploads\/2025\/01\/Vegan-Snickers.png","width":976,"height":646,"caption":"Vegan Snickers \u2013 t\u00e4iuslik gluteenivaba magustoit, mis \u00fchendab maap\u00e4hkliv\u00f5i, toffee ja rikkaliku \u0161okolaadi. Lihtne valmistada ja ideaalne maius igaks hetkeks!"},{"@type":"BreadcrumbList","@id":"https:\/\/bio4you.eu\/retseptid\/toode\/vegan-snickers\/#breadcrumb","itemListElement":[{"@type":"ListItem","position":1,"name":"Home","item":"https:\/\/bio4you.eu\/retseptid\/"},{"@type":"ListItem","position":2,"name":"Vegan Snickers"}]},{"@type":"WebSite","@id":"https:\/\/bio4you.eu\/retseptid\/#website","url":"https:\/\/bio4you.eu\/retseptid\/","name":"bio4you.eu\/retseptid","description":"\u00d6ko retseptid ise tegemiseks, looduslikest koostisainetest. Maitsev toit, iluhooldus, kodupuhastus ja aiandus.","potentialAction":[{"@type":"SearchAction","target":{"@type":"EntryPoint","urlTemplate":"https:\/\/bio4you.eu\/retseptid\/?s={search_term_string}"},"query-input":"required name=search_term_string"}],"inLanguage":"et"}]}},"_links":{"self":[{"href":"https:\/\/bio4you.eu\/retseptid\/wp-json\/wp\/v2\/product\/4275"}],"collection":[{"href":"https:\/\/bio4you.eu\/retseptid\/wp-json\/wp\/v2\/product"}],"about":[{"href":"https:\/\/bio4you.eu\/retseptid\/wp-json\/wp\/v2\/types\/product"}],"replies":[{"embeddable":true,"href":"https:\/\/bio4you.eu\/retseptid\/wp-json\/wp\/v2\/comments?post=4275"}],"wp:featuredmedia":[{"embeddable":true,"href":"https:\/\/bio4you.eu\/retseptid\/wp-json\/wp\/v2\/media\/4276"}],"wp:attachment":[{"href":"https:\/\/bio4you.eu\/retseptid\/wp-json\/wp\/v2\/media?parent=4275"}],"wp:term":[{"taxonomy":"product_cat","embeddable":true,"href":"https:\/\/bio4you.eu\/retseptid\/wp-json\/wp\/v2\/product_cat?post=4275"},{"taxonomy":"product_tag","embeddable":true,"href":"https:\/\/bio4you.eu\/retseptid\/wp-json\/wp\/v2\/product_tag?post=4275"}],"curies":[{"name":"wp","href":"https:\/\/api.w.org\/{rel}","templated":true}]}}