{"id":4279,"date":"2025-02-01T09:49:45","date_gmt":"2025-02-01T07:49:45","guid":{"rendered":"https:\/\/bio4you.eu\/retseptid\/?post_type=product&#038;p=4279"},"modified":"2025-01-19T12:12:22","modified_gmt":"2025-01-19T10:12:22","slug":"gluteenivabad-sidruniruudud","status":"publish","type":"product","link":"https:\/\/bio4you.eu\/retseptid\/toode\/gluteenivabad-sidruniruudud\/","title":{"rendered":"Gluteenivabad sidruniruudud"},"content":{"rendered":"<p><span style=\"font-weight: 400;\">Valmistamisjuhend:<\/span><\/p>\n<ol>\n<li><span style=\"font-weight: 400;\">Kuumuta ahi 175 kraadini (\u00fclemine\/alumine kuumus). Sega kausis maisit\u00e4rklis, riisijahu, k\u00fcpsetuspulber ja sool.<\/span><\/li>\n<li><span style=\"font-weight: 400;\">Lisa teises kausis suhkur ja pehme v\u00f5i. Vahusta segu mikseriga, kuni see muutub heledaks ja kohevaks. Seej\u00e4rel lisa \u00fckshaaval munad ja vahusta hoolikalt.<\/span><\/li>\n<li><span style=\"font-weight: 400;\">Lisa kuivained, piim, riivitud sidruni koor ja 2,5 sl v\u00e4rskelt pressitud sidrunimahla suhkrusegule. Sega taigen \u00fchtlaseks.<\/span><\/li>\n<li><span style=\"font-weight: 400;\">Vala taigen kandilisse k\u00fcpsetusvormi ja silu pind \u00fchtlaseks. K\u00fcpseta ahjus 20\u201325 minutit, kuni kook on pealt kuldne ja taigen l\u00e4bik\u00fcpsenud.<\/span><\/li>\n<li><span style=\"font-weight: 400;\"><span style=\"font-weight: 400;\">Lase koogil jahtuda, seej\u00e4rel puista peale tuhksuhkrut. Kaunista sidruniviilude ja v\u00e4rskete m\u00fcndilehtedega ning serveeri. \u00a0 \u00a0<\/span><\/span><\/li>\n<\/ol>\n","protected":false},"excerpt":{"rendered":"<p><span style=\"font-weight: 400;\">Vaja l\u00e4heb (12 portsjonit):<\/span><\/p>\n<ul>\n<li><span style=\"font-weight: 400;\">130 g <a href=\"https:\/\/bio4you.eu\/et\/maitseained-ja-magustajad\/1426-gluteenivaba-maisitaerklis-250g.html\">Bauck M\u00fchle Gluteenivaba Maisit\u00e4rklist<\/a><\/span><\/li>\n<li><span style=\"font-weight: 400;\">130 g <a href=\"https:\/\/bio4you.eu\/et\/jahud\/641-gluteenivaba-taeistera-riisijahu-500g.html\">Bauck M\u00fchle Gluteenivaba Riisijahu, T\u00e4istera<\/a><\/span><\/li>\n<li><span style=\"font-weight: 400;\">2 tl k\u00fcpsetuspulbrit<\/span><\/li>\n<li><span style=\"font-weight: 400;\">N\u00e4put\u00e4is soola<\/span><\/li>\n<li><span style=\"font-weight: 400;\">110 g suhkrut<\/span><\/li>\n<li><span style=\"font-weight: 400;\">170 g pehmet v\u00f5id<\/span><\/li>\n<li><span style=\"font-weight: 400;\">3 muna<\/span><\/li>\n<li><span style=\"font-weight: 400;\">2 sl piima<\/span><\/li>\n<li><span style=\"font-weight: 400;\">1 sidrun<\/span><\/li>\n<li><span style=\"font-weight: 400;\">1 sl tuhksuhkrut<\/span><\/li>\n<li>Paar v\u00e4rsket m\u00fcndilehte<\/li>\n<\/ul>\n","protected":false},"featured_media":4285,"comment_status":"open","ping_status":"closed","template":"","meta":{"_exactmetrics_skip_tracking":false,"_exactmetrics_sitenote_active":false,"_exactmetrics_sitenote_note":"","_exactmetrics_sitenote_category":0},"product_cat":[60,63,280],"product_tag":[427,150,426,428,429,430,358],"class_list":{"0":"post-4279","1":"product","2":"type-product","3":"status-publish","4":"has-post-thumbnail","6":"product_cat-toiduretseptid","7":"product_cat-gluteenivabad-retseptid","8":"product_cat-koogid-ja-kupsised","9":"product_tag-bauck-muhle","10":"product_tag-gluteenivaba-2","11":"product_tag-gluteenivaba-kook","12":"product_tag-kupsetamine","13":"product_tag-nisuvaba","14":"product_tag-parmivaba","15":"product_tag-sidrun","17":"first","18":"instock","19":"shipping-taxable","20":"product-type-simple"},"yoast_head":"<!-- This site is optimized with the Yoast SEO plugin v23.3 - https:\/\/yoast.com\/wordpress\/plugins\/seo\/ -->\n<title>Gluteenivabad sidruniruudud - bio4you.eu\/retseptid<\/title>\n<meta name=\"robots\" content=\"index, follow, max-snippet:-1, max-image-preview:large, max-video-preview:-1\" \/>\n<link rel=\"canonical\" href=\"https:\/\/bio4you.eu\/retseptid\/toode\/gluteenivabad-sidruniruudud\/\" \/>\n<meta property=\"og:locale\" content=\"et_EE\" \/>\n<meta property=\"og:type\" content=\"article\" \/>\n<meta property=\"og:title\" content=\"Gluteenivabad sidruniruudud - bio4you.eu\/retseptid\" \/>\n<meta property=\"og:description\" content=\"Vaja l\u00e4heb (12 portsjonit):   130 g Bauck M\u00fchle Gluteenivaba Maisit\u00e4rklist  130 g Bauck M\u00fchle Gluteenivaba Riisijahu, T\u00e4istera  2 tl k\u00fcpsetuspulbrit  N\u00e4put\u00e4is soola  110 g suhkrut  170 g pehmet v\u00f5id  3 muna  2 sl piima  1 sidrun  1 sl tuhksuhkrut  Paar v\u00e4rsket m\u00fcndilehte\" \/>\n<meta property=\"og:url\" content=\"https:\/\/bio4you.eu\/retseptid\/toode\/gluteenivabad-sidruniruudud\/\" \/>\n<meta property=\"og:site_name\" content=\"bio4you.eu\/retseptid\" \/>\n<meta property=\"article:modified_time\" content=\"2025-01-19T10:12:22+00:00\" \/>\n<meta property=\"og:image\" content=\"https:\/\/bio4you.eu\/retseptid\/wp-content\/uploads\/2025\/01\/Zitronenschnitten_gf__1__650.webp\" \/>\n\t<meta property=\"og:image:width\" content=\"650\" \/>\n\t<meta property=\"og:image:height\" content=\"433\" \/>\n\t<meta property=\"og:image:type\" content=\"image\/webp\" \/>\n<meta name=\"twitter:label1\" content=\"Est. reading time\" \/>\n\t<meta name=\"twitter:data1\" content=\"1 minut\" \/>\n<script type=\"application\/ld+json\" class=\"yoast-schema-graph\">{\"@context\":\"https:\/\/schema.org\",\"@graph\":[{\"@type\":\"WebPage\",\"@id\":\"https:\/\/bio4you.eu\/retseptid\/toode\/gluteenivabad-sidruniruudud\/\",\"url\":\"https:\/\/bio4you.eu\/retseptid\/toode\/gluteenivabad-sidruniruudud\/\",\"name\":\"Gluteenivabad sidruniruudud - bio4you.eu\/retseptid\",\"isPartOf\":{\"@id\":\"https:\/\/bio4you.eu\/retseptid\/#website\"},\"primaryImageOfPage\":{\"@id\":\"https:\/\/bio4you.eu\/retseptid\/toode\/gluteenivabad-sidruniruudud\/#primaryimage\"},\"image\":{\"@id\":\"https:\/\/bio4you.eu\/retseptid\/toode\/gluteenivabad-sidruniruudud\/#primaryimage\"},\"thumbnailUrl\":\"https:\/\/bio4you.eu\/retseptid\/wp-content\/uploads\/2025\/01\/Zitronenschnitten_gf__1__650.webp\",\"datePublished\":\"2025-02-01T07:49:45+00:00\",\"dateModified\":\"2025-01-19T10:12:22+00:00\",\"breadcrumb\":{\"@id\":\"https:\/\/bio4you.eu\/retseptid\/toode\/gluteenivabad-sidruniruudud\/#breadcrumb\"},\"inLanguage\":\"et\",\"potentialAction\":[{\"@type\":\"ReadAction\",\"target\":[\"https:\/\/bio4you.eu\/retseptid\/toode\/gluteenivabad-sidruniruudud\/\"]}]},{\"@type\":\"ImageObject\",\"inLanguage\":\"et\",\"@id\":\"https:\/\/bio4you.eu\/retseptid\/toode\/gluteenivabad-sidruniruudud\/#primaryimage\",\"url\":\"https:\/\/bio4you.eu\/retseptid\/wp-content\/uploads\/2025\/01\/Zitronenschnitten_gf__1__650.webp\",\"contentUrl\":\"https:\/\/bio4you.eu\/retseptid\/wp-content\/uploads\/2025\/01\/Zitronenschnitten_gf__1__650.webp\",\"width\":650,\"height\":433,\"caption\":\"Gluteenivabad sidruniruudud \u2013 kerge ja v\u00e4rskendav maius, mida saab lihtsalt valmistada Bauck M\u00fchle kvaliteetsete toodetega. Proovi n\u00fc\u00fcd!\"},{\"@type\":\"BreadcrumbList\",\"@id\":\"https:\/\/bio4you.eu\/retseptid\/toode\/gluteenivabad-sidruniruudud\/#breadcrumb\",\"itemListElement\":[{\"@type\":\"ListItem\",\"position\":1,\"name\":\"Home\",\"item\":\"https:\/\/bio4you.eu\/retseptid\/\"},{\"@type\":\"ListItem\",\"position\":2,\"name\":\"Gluteenivabad sidruniruudud\"}]},{\"@type\":\"WebSite\",\"@id\":\"https:\/\/bio4you.eu\/retseptid\/#website\",\"url\":\"https:\/\/bio4you.eu\/retseptid\/\",\"name\":\"bio4you.eu\/retseptid\",\"description\":\"\u00d6ko retseptid ise tegemiseks, looduslikest koostisainetest. Maitsev toit, iluhooldus, kodupuhastus ja aiandus.\",\"potentialAction\":[{\"@type\":\"SearchAction\",\"target\":{\"@type\":\"EntryPoint\",\"urlTemplate\":\"https:\/\/bio4you.eu\/retseptid\/?s={search_term_string}\"},\"query-input\":\"required name=search_term_string\"}],\"inLanguage\":\"et\"}]}<\/script>\n<!-- \/ Yoast SEO plugin. -->","yoast_head_json":{"title":"Gluteenivabad sidruniruudud - bio4you.eu\/retseptid","robots":{"index":"index","follow":"follow","max-snippet":"max-snippet:-1","max-image-preview":"max-image-preview:large","max-video-preview":"max-video-preview:-1"},"canonical":"https:\/\/bio4you.eu\/retseptid\/toode\/gluteenivabad-sidruniruudud\/","og_locale":"et_EE","og_type":"article","og_title":"Gluteenivabad sidruniruudud - bio4you.eu\/retseptid","og_description":"Vaja l\u00e4heb (12 portsjonit):   130 g Bauck M\u00fchle Gluteenivaba Maisit\u00e4rklist  130 g Bauck M\u00fchle Gluteenivaba Riisijahu, T\u00e4istera  2 tl k\u00fcpsetuspulbrit  N\u00e4put\u00e4is soola  110 g suhkrut  170 g pehmet v\u00f5id  3 muna  2 sl piima  1 sidrun  1 sl tuhksuhkrut  Paar v\u00e4rsket m\u00fcndilehte","og_url":"https:\/\/bio4you.eu\/retseptid\/toode\/gluteenivabad-sidruniruudud\/","og_site_name":"bio4you.eu\/retseptid","article_modified_time":"2025-01-19T10:12:22+00:00","og_image":[{"width":650,"height":433,"url":"https:\/\/bio4you.eu\/retseptid\/wp-content\/uploads\/2025\/01\/Zitronenschnitten_gf__1__650.webp","type":"image\/webp"}],"twitter_misc":{"Est. reading time":"1 minut"},"schema":{"@context":"https:\/\/schema.org","@graph":[{"@type":"WebPage","@id":"https:\/\/bio4you.eu\/retseptid\/toode\/gluteenivabad-sidruniruudud\/","url":"https:\/\/bio4you.eu\/retseptid\/toode\/gluteenivabad-sidruniruudud\/","name":"Gluteenivabad sidruniruudud - bio4you.eu\/retseptid","isPartOf":{"@id":"https:\/\/bio4you.eu\/retseptid\/#website"},"primaryImageOfPage":{"@id":"https:\/\/bio4you.eu\/retseptid\/toode\/gluteenivabad-sidruniruudud\/#primaryimage"},"image":{"@id":"https:\/\/bio4you.eu\/retseptid\/toode\/gluteenivabad-sidruniruudud\/#primaryimage"},"thumbnailUrl":"https:\/\/bio4you.eu\/retseptid\/wp-content\/uploads\/2025\/01\/Zitronenschnitten_gf__1__650.webp","datePublished":"2025-02-01T07:49:45+00:00","dateModified":"2025-01-19T10:12:22+00:00","breadcrumb":{"@id":"https:\/\/bio4you.eu\/retseptid\/toode\/gluteenivabad-sidruniruudud\/#breadcrumb"},"inLanguage":"et","potentialAction":[{"@type":"ReadAction","target":["https:\/\/bio4you.eu\/retseptid\/toode\/gluteenivabad-sidruniruudud\/"]}]},{"@type":"ImageObject","inLanguage":"et","@id":"https:\/\/bio4you.eu\/retseptid\/toode\/gluteenivabad-sidruniruudud\/#primaryimage","url":"https:\/\/bio4you.eu\/retseptid\/wp-content\/uploads\/2025\/01\/Zitronenschnitten_gf__1__650.webp","contentUrl":"https:\/\/bio4you.eu\/retseptid\/wp-content\/uploads\/2025\/01\/Zitronenschnitten_gf__1__650.webp","width":650,"height":433,"caption":"Gluteenivabad sidruniruudud \u2013 kerge ja v\u00e4rskendav maius, mida saab lihtsalt valmistada Bauck M\u00fchle kvaliteetsete toodetega. Proovi n\u00fc\u00fcd!"},{"@type":"BreadcrumbList","@id":"https:\/\/bio4you.eu\/retseptid\/toode\/gluteenivabad-sidruniruudud\/#breadcrumb","itemListElement":[{"@type":"ListItem","position":1,"name":"Home","item":"https:\/\/bio4you.eu\/retseptid\/"},{"@type":"ListItem","position":2,"name":"Gluteenivabad sidruniruudud"}]},{"@type":"WebSite","@id":"https:\/\/bio4you.eu\/retseptid\/#website","url":"https:\/\/bio4you.eu\/retseptid\/","name":"bio4you.eu\/retseptid","description":"\u00d6ko retseptid ise tegemiseks, looduslikest koostisainetest. Maitsev toit, iluhooldus, kodupuhastus ja aiandus.","potentialAction":[{"@type":"SearchAction","target":{"@type":"EntryPoint","urlTemplate":"https:\/\/bio4you.eu\/retseptid\/?s={search_term_string}"},"query-input":"required name=search_term_string"}],"inLanguage":"et"}]}},"_links":{"self":[{"href":"https:\/\/bio4you.eu\/retseptid\/wp-json\/wp\/v2\/product\/4279"}],"collection":[{"href":"https:\/\/bio4you.eu\/retseptid\/wp-json\/wp\/v2\/product"}],"about":[{"href":"https:\/\/bio4you.eu\/retseptid\/wp-json\/wp\/v2\/types\/product"}],"replies":[{"embeddable":true,"href":"https:\/\/bio4you.eu\/retseptid\/wp-json\/wp\/v2\/comments?post=4279"}],"wp:featuredmedia":[{"embeddable":true,"href":"https:\/\/bio4you.eu\/retseptid\/wp-json\/wp\/v2\/media\/4285"}],"wp:attachment":[{"href":"https:\/\/bio4you.eu\/retseptid\/wp-json\/wp\/v2\/media?parent=4279"}],"wp:term":[{"taxonomy":"product_cat","embeddable":true,"href":"https:\/\/bio4you.eu\/retseptid\/wp-json\/wp\/v2\/product_cat?post=4279"},{"taxonomy":"product_tag","embeddable":true,"href":"https:\/\/bio4you.eu\/retseptid\/wp-json\/wp\/v2\/product_tag?post=4279"}],"curies":[{"name":"wp","href":"https:\/\/api.w.org\/{rel}","templated":true}]}}