{"id":4286,"date":"2025-02-05T09:01:02","date_gmt":"2025-02-05T07:01:02","guid":{"rendered":"https:\/\/bio4you.eu\/retseptid\/?post_type=product&#038;p=4286"},"modified":"2025-03-18T19:10:38","modified_gmt":"2025-03-18T17:10:38","slug":"paneeritud-juurviljad-gluteenivaba-paneerimisjahuga","status":"publish","type":"product","link":"https:\/\/bio4you.eu\/retseptid\/toode\/paneeritud-juurviljad-gluteenivaba-paneerimisjahuga\/","title":{"rendered":"Paneeritud juurviljad gluteenivaba paneerimisjahuga"},"content":{"rendered":"<p>Valmistamisjuhend:<\/p>\n<ol>\n<li>Keeda kartuleid soolaga maitsestatud vees s\u00f5ltuvalt suurusest umbes 20 minutit.<\/li>\n<li>Valmista k\u00f6\u00f6giviljad ette: koori porgandid ja bataadid ning t\u00fckelda j\u00e4medalt. L\u00f5ika lillkapsas v\u00e4iksemateks \u00f5isikuteks.<\/li>\n<li>Auruta v\u00f5i keeda k\u00f6\u00f6givilju kergelt soolaga maitsestatud vees umbes 10 minutit, kuni need on pehmed. Seej\u00e4rel n\u00f5ruta ja aseta k\u00fcpsetuspaberiga kaetud ahjuplaadile. Lisa juurde eelnevalt keedetud kartulid.<\/li>\n<li>Aseta k\u00f6\u00f6giviljad ja kartulid ahjuplaadile ning pintselda neid heldelt oliivi\u00f5li seguga, mis on maitsestatud paprikapulbri, soola ja pipraga. Puista peale gluteenivaba paneerimisjahu.<\/li>\n<li>K\u00fcpseta ahjus 180 kraadi juures (\u00fclemine\/alumine kuumus) 35\u201340 minutit, kuni k\u00f6\u00f6giviljadele tekib kaunis kr\u00f5be koorik.<\/li>\n<li>Valmista kaste: sega kohupiim mineraalvee ja peeneks hakitud \u00fcrtidega. Maitsesta soola ja pipraga.<\/li>\n<li>Serveeri \u00fcrdikohupiim koos mahlaste ja kr\u00f5bedate paneeritud k\u00f6\u00f6giviljadega.<\/li>\n<\/ol>\n","protected":false},"excerpt":{"rendered":"<p><span style=\"font-weight: 400;\">Vaja l\u00e4heb (4 portsjonit):<\/span><\/p>\n<ul>\n<li><span style=\"font-weight: 400;\">4\u20136sl Bauck <a href=\"https:\/\/bio4you.eu\/et\/jahud\/1427-gluteenivaba-paneerimisjahu-maisist-200g.html\">M\u00fchle Ggluteenivaba Paneerimisjahu Maisist<\/a><\/span><\/li>\n<li><span style=\"font-weight: 400;\">1kg meelep\u00e4rast k\u00f6\u00f6givilja (nt porgand, lillkapsas, bataat)<\/span><\/li>\n<li><span style=\"font-weight: 400;\">500g kartuleid<\/span><\/li>\n<li><span style=\"font-weight: 400;\">6sl oliivi\u00f5li (nt, <a href=\"https:\/\/bio4you.eu\/et\/toiduolid-kastmed-ja-kreemid\/2245-ekstra-vaeaerisoliivioli-500ml.html\">Corvino Ekstra v\u00e4\u00e4risoliivi\u00f5li, 500ml<\/a>)<\/span><\/li>\n<li><span style=\"font-weight: 400;\">Maitse j\u00e4rgu magusat paprikapulbrit<\/span><\/li>\n<li><span style=\"font-weight: 400;\">N\u00e4put\u00e4is soola (nt, <a href=\"https:\/\/bio4you.eu\/et\/sool\/6144-keldi-sool-jaeme-400g.html\">Mattisson Healthstyle Keldi sool, j\u00e4me, 400g<\/a>)<\/span><\/li>\n<li><span style=\"font-weight: 400;\">N\u00e4put\u00e4is pipart<\/span><\/li>\n<li><span style=\"font-weight: 400;\">400g kohupiima<\/span><\/li>\n<li><span style=\"font-weight: 400;\">2sl mineraalvett<\/span><\/li>\n<li><span style=\"font-weight: 400;\">Pool kimpu meelep\u00e4raseid \u00fcrte (nt petersell, murulauk)<\/span><\/li>\n<\/ul>\n","protected":false},"featured_media":4280,"comment_status":"open","ping_status":"closed","template":"","meta":{"_exactmetrics_skip_tracking":false,"_exactmetrics_sitenote_active":false,"_exactmetrics_sitenote_note":"","_exactmetrics_sitenote_category":0},"product_cat":[59,63,383],"product_tag":[427,150,432,433,431,429,434,430,411,435],"class_list":{"0":"post-4286","1":"product","2":"type-product","3":"status-publish","4":"has-post-thumbnail","6":"product_cat-featured","7":"product_cat-gluteenivabad-retseptid","8":"product_cat-taimetoit","9":"product_tag-bauck-muhle","10":"product_tag-gluteenivaba-2","11":"product_tag-gluteenivaba-retsept","12":"product_tag-koogiviljad","13":"product_tag-munavaba","14":"product_tag-nisuvaba","15":"product_tag-paneerimisjahu","16":"product_tag-parmivaba","17":"product_tag-taimetoit","18":"product_tag-urdikohupiim","20":"first","21":"instock","22":"shipping-taxable","23":"product-type-simple"},"yoast_head":"<!-- This site is optimized with the Yoast SEO plugin v23.3 - https:\/\/yoast.com\/wordpress\/plugins\/seo\/ -->\n<title>Paneeritud juurviljad gluteenivaba paneerimisjahuga - bio4you.eu\/retseptid<\/title>\n<meta name=\"description\" content=\"Mahlased ja kr\u00f5bedad gluteenivabad paneeritud k\u00f6\u00f6giviljad Bauck M\u00fchle maisijahuga. Tervislik roog, mida t\u00e4iustab kreemjas \u00fcrdikohupiim. Proovi retsepti kohe!\" \/>\n<meta name=\"robots\" content=\"index, follow, max-snippet:-1, max-image-preview:large, max-video-preview:-1\" \/>\n<link rel=\"canonical\" href=\"https:\/\/bio4you.eu\/retseptid\/toode\/paneeritud-juurviljad-gluteenivaba-paneerimisjahuga\/\" \/>\n<meta property=\"og:locale\" content=\"et_EE\" \/>\n<meta property=\"og:type\" content=\"article\" \/>\n<meta property=\"og:title\" content=\"Paneeritud juurviljad gluteenivaba paneerimisjahuga - bio4you.eu\/retseptid\" \/>\n<meta property=\"og:description\" content=\"Mahlased ja kr\u00f5bedad gluteenivabad paneeritud k\u00f6\u00f6giviljad Bauck M\u00fchle maisijahuga. Tervislik roog, mida t\u00e4iustab kreemjas \u00fcrdikohupiim. Proovi retsepti kohe!\" \/>\n<meta property=\"og:url\" content=\"https:\/\/bio4you.eu\/retseptid\/toode\/paneeritud-juurviljad-gluteenivaba-paneerimisjahuga\/\" \/>\n<meta property=\"og:site_name\" content=\"bio4you.eu\/retseptid\" \/>\n<meta property=\"article:modified_time\" content=\"2025-03-18T17:10:38+00:00\" \/>\n<meta property=\"og:image\" content=\"https:\/\/bio4you.eu\/retseptid\/wp-content\/uploads\/2025\/01\/650x450_Smashed_Veggies_mit_Paniermehl__5_.webp\" \/>\n\t<meta property=\"og:image:width\" content=\"650\" \/>\n\t<meta property=\"og:image:height\" content=\"450\" \/>\n\t<meta property=\"og:image:type\" content=\"image\/webp\" \/>\n<meta name=\"twitter:label1\" content=\"Est. reading time\" \/>\n\t<meta name=\"twitter:data1\" content=\"1 minut\" \/>\n<script type=\"application\/ld+json\" class=\"yoast-schema-graph\">{\"@context\":\"https:\/\/schema.org\",\"@graph\":[{\"@type\":\"WebPage\",\"@id\":\"https:\/\/bio4you.eu\/retseptid\/toode\/paneeritud-juurviljad-gluteenivaba-paneerimisjahuga\/\",\"url\":\"https:\/\/bio4you.eu\/retseptid\/toode\/paneeritud-juurviljad-gluteenivaba-paneerimisjahuga\/\",\"name\":\"Paneeritud juurviljad gluteenivaba paneerimisjahuga - bio4you.eu\/retseptid\",\"isPartOf\":{\"@id\":\"https:\/\/bio4you.eu\/retseptid\/#website\"},\"primaryImageOfPage\":{\"@id\":\"https:\/\/bio4you.eu\/retseptid\/toode\/paneeritud-juurviljad-gluteenivaba-paneerimisjahuga\/#primaryimage\"},\"image\":{\"@id\":\"https:\/\/bio4you.eu\/retseptid\/toode\/paneeritud-juurviljad-gluteenivaba-paneerimisjahuga\/#primaryimage\"},\"thumbnailUrl\":\"https:\/\/bio4you.eu\/retseptid\/wp-content\/uploads\/2025\/01\/650x450_Smashed_Veggies_mit_Paniermehl__5_.webp\",\"datePublished\":\"2025-02-05T07:01:02+00:00\",\"dateModified\":\"2025-03-18T17:10:38+00:00\",\"description\":\"Mahlased ja kr\u00f5bedad gluteenivabad paneeritud k\u00f6\u00f6giviljad Bauck M\u00fchle maisijahuga. Tervislik roog, mida t\u00e4iustab kreemjas \u00fcrdikohupiim. Proovi retsepti kohe!\",\"breadcrumb\":{\"@id\":\"https:\/\/bio4you.eu\/retseptid\/toode\/paneeritud-juurviljad-gluteenivaba-paneerimisjahuga\/#breadcrumb\"},\"inLanguage\":\"et\",\"potentialAction\":[{\"@type\":\"ReadAction\",\"target\":[\"https:\/\/bio4you.eu\/retseptid\/toode\/paneeritud-juurviljad-gluteenivaba-paneerimisjahuga\/\"]}]},{\"@type\":\"ImageObject\",\"inLanguage\":\"et\",\"@id\":\"https:\/\/bio4you.eu\/retseptid\/toode\/paneeritud-juurviljad-gluteenivaba-paneerimisjahuga\/#primaryimage\",\"url\":\"https:\/\/bio4you.eu\/retseptid\/wp-content\/uploads\/2025\/01\/650x450_Smashed_Veggies_mit_Paniermehl__5_.webp\",\"contentUrl\":\"https:\/\/bio4you.eu\/retseptid\/wp-content\/uploads\/2025\/01\/650x450_Smashed_Veggies_mit_Paniermehl__5_.webp\",\"width\":650,\"height\":450,\"caption\":\"Mahlased paneeritud k\u00f6\u00f6giviljad gluteenivaba Bauck M\u00fchle paneerimisjahuga\"},{\"@type\":\"BreadcrumbList\",\"@id\":\"https:\/\/bio4you.eu\/retseptid\/toode\/paneeritud-juurviljad-gluteenivaba-paneerimisjahuga\/#breadcrumb\",\"itemListElement\":[{\"@type\":\"ListItem\",\"position\":1,\"name\":\"Home\",\"item\":\"https:\/\/bio4you.eu\/retseptid\/\"},{\"@type\":\"ListItem\",\"position\":2,\"name\":\"Paneeritud juurviljad gluteenivaba paneerimisjahuga\"}]},{\"@type\":\"WebSite\",\"@id\":\"https:\/\/bio4you.eu\/retseptid\/#website\",\"url\":\"https:\/\/bio4you.eu\/retseptid\/\",\"name\":\"bio4you.eu\/retseptid\",\"description\":\"\u00d6ko retseptid ise tegemiseks, looduslikest koostisainetest. Maitsev toit, iluhooldus, kodupuhastus ja aiandus.\",\"potentialAction\":[{\"@type\":\"SearchAction\",\"target\":{\"@type\":\"EntryPoint\",\"urlTemplate\":\"https:\/\/bio4you.eu\/retseptid\/?s={search_term_string}\"},\"query-input\":\"required name=search_term_string\"}],\"inLanguage\":\"et\"}]}<\/script>\n<!-- \/ Yoast SEO plugin. -->","yoast_head_json":{"title":"Paneeritud juurviljad gluteenivaba paneerimisjahuga - bio4you.eu\/retseptid","description":"Mahlased ja kr\u00f5bedad gluteenivabad paneeritud k\u00f6\u00f6giviljad Bauck M\u00fchle maisijahuga. Tervislik roog, mida t\u00e4iustab kreemjas \u00fcrdikohupiim. Proovi retsepti kohe!","robots":{"index":"index","follow":"follow","max-snippet":"max-snippet:-1","max-image-preview":"max-image-preview:large","max-video-preview":"max-video-preview:-1"},"canonical":"https:\/\/bio4you.eu\/retseptid\/toode\/paneeritud-juurviljad-gluteenivaba-paneerimisjahuga\/","og_locale":"et_EE","og_type":"article","og_title":"Paneeritud juurviljad gluteenivaba paneerimisjahuga - bio4you.eu\/retseptid","og_description":"Mahlased ja kr\u00f5bedad gluteenivabad paneeritud k\u00f6\u00f6giviljad Bauck M\u00fchle maisijahuga. Tervislik roog, mida t\u00e4iustab kreemjas \u00fcrdikohupiim. Proovi retsepti kohe!","og_url":"https:\/\/bio4you.eu\/retseptid\/toode\/paneeritud-juurviljad-gluteenivaba-paneerimisjahuga\/","og_site_name":"bio4you.eu\/retseptid","article_modified_time":"2025-03-18T17:10:38+00:00","og_image":[{"width":650,"height":450,"url":"https:\/\/bio4you.eu\/retseptid\/wp-content\/uploads\/2025\/01\/650x450_Smashed_Veggies_mit_Paniermehl__5_.webp","type":"image\/webp"}],"twitter_misc":{"Est. reading time":"1 minut"},"schema":{"@context":"https:\/\/schema.org","@graph":[{"@type":"WebPage","@id":"https:\/\/bio4you.eu\/retseptid\/toode\/paneeritud-juurviljad-gluteenivaba-paneerimisjahuga\/","url":"https:\/\/bio4you.eu\/retseptid\/toode\/paneeritud-juurviljad-gluteenivaba-paneerimisjahuga\/","name":"Paneeritud juurviljad gluteenivaba paneerimisjahuga - bio4you.eu\/retseptid","isPartOf":{"@id":"https:\/\/bio4you.eu\/retseptid\/#website"},"primaryImageOfPage":{"@id":"https:\/\/bio4you.eu\/retseptid\/toode\/paneeritud-juurviljad-gluteenivaba-paneerimisjahuga\/#primaryimage"},"image":{"@id":"https:\/\/bio4you.eu\/retseptid\/toode\/paneeritud-juurviljad-gluteenivaba-paneerimisjahuga\/#primaryimage"},"thumbnailUrl":"https:\/\/bio4you.eu\/retseptid\/wp-content\/uploads\/2025\/01\/650x450_Smashed_Veggies_mit_Paniermehl__5_.webp","datePublished":"2025-02-05T07:01:02+00:00","dateModified":"2025-03-18T17:10:38+00:00","description":"Mahlased ja kr\u00f5bedad gluteenivabad paneeritud k\u00f6\u00f6giviljad Bauck M\u00fchle maisijahuga. Tervislik roog, mida t\u00e4iustab kreemjas \u00fcrdikohupiim. Proovi retsepti kohe!","breadcrumb":{"@id":"https:\/\/bio4you.eu\/retseptid\/toode\/paneeritud-juurviljad-gluteenivaba-paneerimisjahuga\/#breadcrumb"},"inLanguage":"et","potentialAction":[{"@type":"ReadAction","target":["https:\/\/bio4you.eu\/retseptid\/toode\/paneeritud-juurviljad-gluteenivaba-paneerimisjahuga\/"]}]},{"@type":"ImageObject","inLanguage":"et","@id":"https:\/\/bio4you.eu\/retseptid\/toode\/paneeritud-juurviljad-gluteenivaba-paneerimisjahuga\/#primaryimage","url":"https:\/\/bio4you.eu\/retseptid\/wp-content\/uploads\/2025\/01\/650x450_Smashed_Veggies_mit_Paniermehl__5_.webp","contentUrl":"https:\/\/bio4you.eu\/retseptid\/wp-content\/uploads\/2025\/01\/650x450_Smashed_Veggies_mit_Paniermehl__5_.webp","width":650,"height":450,"caption":"Mahlased paneeritud k\u00f6\u00f6giviljad gluteenivaba Bauck M\u00fchle paneerimisjahuga"},{"@type":"BreadcrumbList","@id":"https:\/\/bio4you.eu\/retseptid\/toode\/paneeritud-juurviljad-gluteenivaba-paneerimisjahuga\/#breadcrumb","itemListElement":[{"@type":"ListItem","position":1,"name":"Home","item":"https:\/\/bio4you.eu\/retseptid\/"},{"@type":"ListItem","position":2,"name":"Paneeritud juurviljad gluteenivaba paneerimisjahuga"}]},{"@type":"WebSite","@id":"https:\/\/bio4you.eu\/retseptid\/#website","url":"https:\/\/bio4you.eu\/retseptid\/","name":"bio4you.eu\/retseptid","description":"\u00d6ko retseptid ise tegemiseks, looduslikest koostisainetest. Maitsev toit, iluhooldus, kodupuhastus ja aiandus.","potentialAction":[{"@type":"SearchAction","target":{"@type":"EntryPoint","urlTemplate":"https:\/\/bio4you.eu\/retseptid\/?s={search_term_string}"},"query-input":"required name=search_term_string"}],"inLanguage":"et"}]}},"_links":{"self":[{"href":"https:\/\/bio4you.eu\/retseptid\/wp-json\/wp\/v2\/product\/4286"}],"collection":[{"href":"https:\/\/bio4you.eu\/retseptid\/wp-json\/wp\/v2\/product"}],"about":[{"href":"https:\/\/bio4you.eu\/retseptid\/wp-json\/wp\/v2\/types\/product"}],"replies":[{"embeddable":true,"href":"https:\/\/bio4you.eu\/retseptid\/wp-json\/wp\/v2\/comments?post=4286"}],"wp:featuredmedia":[{"embeddable":true,"href":"https:\/\/bio4you.eu\/retseptid\/wp-json\/wp\/v2\/media\/4280"}],"wp:attachment":[{"href":"https:\/\/bio4you.eu\/retseptid\/wp-json\/wp\/v2\/media?parent=4286"}],"wp:term":[{"taxonomy":"product_cat","embeddable":true,"href":"https:\/\/bio4you.eu\/retseptid\/wp-json\/wp\/v2\/product_cat?post=4286"},{"taxonomy":"product_tag","embeddable":true,"href":"https:\/\/bio4you.eu\/retseptid\/wp-json\/wp\/v2\/product_tag?post=4286"}],"curies":[{"name":"wp","href":"https:\/\/api.w.org\/{rel}","templated":true}]}}