{"id":4287,"date":"2025-02-12T09:12:31","date_gmt":"2025-02-12T07:12:31","guid":{"rendered":"https:\/\/bio4you.eu\/retseptid\/?post_type=product&#038;p=4287"},"modified":"2025-03-18T19:10:49","modified_gmt":"2025-03-18T17:10:49","slug":"kreemised-fusillid-paprikakreemi-valge-kala-ja-taggiasco-oliividega","status":"publish","type":"product","link":"https:\/\/bio4you.eu\/retseptid\/toode\/kreemised-fusillid-paprikakreemi-valge-kala-ja-taggiasco-oliividega\/","title":{"rendered":"Kreemised fusillid paprikakreemi, valge kala ja Taggiasco oliividega"},"content":{"rendered":"<p><span style=\"font-weight: 400;\">Valmistamisjuhend:<\/span><\/p>\n<ol>\n<li>\n<div class=\"mceTemp\"><\/div>\n<p><span style=\"font-weight: 400;\">K\u00fcpseta terve punane paprika kas \u00f5hufrit\u00fc\u00fcris (190 \u00b0C juures 15 minutit) v\u00f5i ahjus (200 \u00b0C juures 20 minutit). Lase paprikal m\u00f5ni minut hermeetiliselt suletud kotis jahtuda, et nahka oleks lihtsam eemaldada.<\/span><\/li>\n<li><span style=\"font-weight: 400;\">Koori paprika ja p\u00fcreesta selle viljaliha koos kreeka p\u00e4hklite, m\u00fcndi, soola ja oliivi\u00f5liga \u00fchtlaseks kreemiks.<\/span><\/li>\n<li><span style=\"font-weight: 400;\">Keeda pasta soolaga maitsestatud vees vastavalt pakendi juhistele. Samal ajal prae valge kala kuubikud pannil k\u00fc\u00fcslaugu ja oliivi\u00f5liga, maitsesta soolaga ning lisa Taggiasco oliivid v\u00f5i tavalised mustad oliivid.<\/span><\/li>\n<li><span style=\"font-weight: 400;\">N\u00f5ruta pasta ja sega see otse pannil kokku valge kala ning paprikakreemiga. Kui vajalik, lisa veidi pastakeeduvett, et kaste oleks \u00fchtlane.<\/span><\/li>\n<li><span style=\"font-weight: 400;\">Serveeri pastaroog tilli v\u00f5i aed-aniisiga kaunistatult.<\/span><\/li>\n<\/ol>\n<p>&nbsp;<\/p>\n","protected":false},"excerpt":{"rendered":"<p><span style=\"font-weight: 400;\">Vaja l\u00e4heb (2 portsjonit):<\/span><\/p>\n<ul>\n<li><span style=\"font-weight: 400;\">1 punane paprika (\u00f6koloogiline)<\/span><\/li>\n<li><span style=\"font-weight: 400;\">250g valget kala (nt tursk, haug v\u00f5i koha)<\/span><\/li>\n<li><span style=\"font-weight: 400;\">5 <a href=\"https:\/\/bio4you.eu\/et\/paehklid-ja-seemned\/5932-kreeka-paehklid-100g.html\">Fior Di Loto Kreeka P\u00e4hklit<\/a><\/span><\/li>\n<li><span style=\"font-weight: 400;\">Maitse j\u00e4rgi Taggiasco oliive (v\u00f5i tavalisi musti oliive)<\/span><\/li>\n<li><span style=\"font-weight: 400;\">2 v\u00e4rsket m\u00fcndilehte (\u00f6koloogiline)<\/span><\/li>\n<li><span style=\"font-weight: 400;\">1 k\u00fc\u00fcslauguk\u00fc\u00fcs<\/span><\/li>\n<li><span style=\"font-weight: 400;\">N\u00e4put\u00e4is Atlandi peensoola<\/span><\/li>\n<li><span style=\"font-weight: 400;\">Vajadusel k\u00fclmpressitud oliivi\u00f5li (nt, <a href=\"https:\/\/bio4you.eu\/et\/toiduolid-kastmed-ja-kreemid\/2245-ekstra-vaeaerisoliivioli-500ml.html\">Corvino Ekstra v\u00e4\u00e4risoliivi\u00f5li, 500ml<\/a>)<\/span><\/li>\n<li><span style=\"font-weight: 400;\">M\u00f5ni oks tilli v\u00f5i aed-aniisi (\u00f6koloogiline)<\/span><\/li>\n<li><span style=\"font-weight: 400;\">180g <a href=\"https:\/\/bio4you.eu\/et\/kuivained-ja-idandamine\/924-gluteenivaba-tatra-fusilli-250g.html\">Fior Di Loto Gluteenivaba tatra fusilli-t<\/a><\/span><\/li>\n<\/ul>\n","protected":false},"featured_media":4283,"comment_status":"open","ping_status":"closed","template":"","meta":{"_exactmetrics_skip_tracking":false,"_exactmetrics_sitenote_active":false,"_exactmetrics_sitenote_note":"","_exactmetrics_sitenote_category":0},"product_cat":[59,63,70,71],"product_tag":[150,438,437,440,436,442,439,441],"class_list":{"0":"post-4287","1":"product","2":"type-product","3":"status-publish","4":"has-post-thumbnail","6":"product_cat-featured","7":"product_cat-gluteenivabad-retseptid","8":"product_cat-pastaroad","9":"product_cat-riisi-ja-teraviljatoidud","10":"product_tag-gluteenivaba-2","11":"product_tag-gluteenivaba-pasta","12":"product_tag-kala-ja-mereannid","13":"product_tag-paprikakreem","14":"product_tag-pastatoidud","15":"product_tag-taggiasco-oliivid","16":"product_tag-tatrafusilli","17":"product_tag-valge-kala","19":"first","20":"instock","21":"shipping-taxable","22":"product-type-simple"},"yoast_head":"<!-- This site is optimized with the Yoast SEO plugin v23.3 - https:\/\/yoast.com\/wordpress\/plugins\/seo\/ -->\n<title>Kreemised fusillid paprikakreemi, valge kala ja Taggiasco oliividega - bio4you.eu\/retseptid<\/title>\n<meta name=\"description\" content=\"Gluteenivabad tatrafusillid paprikakreemi ja valge kalaga (nt tursk v\u00f5i koha). Maitsek\u00fcllane ja tervislik pastaroog, mis sobib igaks s\u00f6\u00f6gikorraks. Proovi kohe!\" \/>\n<meta name=\"robots\" content=\"index, follow, max-snippet:-1, max-image-preview:large, max-video-preview:-1\" \/>\n<link rel=\"canonical\" href=\"https:\/\/bio4you.eu\/retseptid\/toode\/kreemised-fusillid-paprikakreemi-valge-kala-ja-taggiasco-oliividega\/\" \/>\n<meta property=\"og:locale\" content=\"et_EE\" \/>\n<meta property=\"og:type\" content=\"article\" \/>\n<meta property=\"og:title\" content=\"Kreemised fusillid paprikakreemi, valge kala ja Taggiasco oliividega - bio4you.eu\/retseptid\" \/>\n<meta property=\"og:description\" content=\"Gluteenivabad tatrafusillid paprikakreemi ja valge kalaga (nt tursk v\u00f5i koha). Maitsek\u00fcllane ja tervislik pastaroog, mis sobib igaks s\u00f6\u00f6gikorraks. Proovi kohe!\" \/>\n<meta property=\"og:url\" content=\"https:\/\/bio4you.eu\/retseptid\/toode\/kreemised-fusillid-paprikakreemi-valge-kala-ja-taggiasco-oliividega\/\" \/>\n<meta property=\"og:site_name\" content=\"bio4you.eu\/retseptid\" \/>\n<meta property=\"article:modified_time\" content=\"2025-03-18T17:10:49+00:00\" \/>\n<meta property=\"og:image\" content=\"https:\/\/bio4you.eu\/retseptid\/wp-content\/uploads\/2025\/01\/WhatsApp_Image_2024-05-24_at_14.28.20_1.jpeg\" \/>\n\t<meta property=\"og:image:width\" content=\"1600\" \/>\n\t<meta property=\"og:image:height\" content=\"900\" \/>\n\t<meta property=\"og:image:type\" content=\"image\/jpeg\" \/>\n<meta name=\"twitter:label1\" content=\"Est. reading time\" \/>\n\t<meta name=\"twitter:data1\" content=\"1 minut\" \/>\n<script type=\"application\/ld+json\" class=\"yoast-schema-graph\">{\"@context\":\"https:\/\/schema.org\",\"@graph\":[{\"@type\":\"WebPage\",\"@id\":\"https:\/\/bio4you.eu\/retseptid\/toode\/kreemised-fusillid-paprikakreemi-valge-kala-ja-taggiasco-oliividega\/\",\"url\":\"https:\/\/bio4you.eu\/retseptid\/toode\/kreemised-fusillid-paprikakreemi-valge-kala-ja-taggiasco-oliividega\/\",\"name\":\"Kreemised fusillid paprikakreemi, valge kala ja Taggiasco oliividega - bio4you.eu\/retseptid\",\"isPartOf\":{\"@id\":\"https:\/\/bio4you.eu\/retseptid\/#website\"},\"primaryImageOfPage\":{\"@id\":\"https:\/\/bio4you.eu\/retseptid\/toode\/kreemised-fusillid-paprikakreemi-valge-kala-ja-taggiasco-oliividega\/#primaryimage\"},\"image\":{\"@id\":\"https:\/\/bio4you.eu\/retseptid\/toode\/kreemised-fusillid-paprikakreemi-valge-kala-ja-taggiasco-oliividega\/#primaryimage\"},\"thumbnailUrl\":\"https:\/\/bio4you.eu\/retseptid\/wp-content\/uploads\/2025\/01\/WhatsApp_Image_2024-05-24_at_14.28.20_1.jpeg\",\"datePublished\":\"2025-02-12T07:12:31+00:00\",\"dateModified\":\"2025-03-18T17:10:49+00:00\",\"description\":\"Gluteenivabad tatrafusillid paprikakreemi ja valge kalaga (nt tursk v\u00f5i koha). Maitsek\u00fcllane ja tervislik pastaroog, mis sobib igaks s\u00f6\u00f6gikorraks. Proovi kohe!\",\"breadcrumb\":{\"@id\":\"https:\/\/bio4you.eu\/retseptid\/toode\/kreemised-fusillid-paprikakreemi-valge-kala-ja-taggiasco-oliividega\/#breadcrumb\"},\"inLanguage\":\"et\",\"potentialAction\":[{\"@type\":\"ReadAction\",\"target\":[\"https:\/\/bio4you.eu\/retseptid\/toode\/kreemised-fusillid-paprikakreemi-valge-kala-ja-taggiasco-oliividega\/\"]}]},{\"@type\":\"ImageObject\",\"inLanguage\":\"et\",\"@id\":\"https:\/\/bio4you.eu\/retseptid\/toode\/kreemised-fusillid-paprikakreemi-valge-kala-ja-taggiasco-oliividega\/#primaryimage\",\"url\":\"https:\/\/bio4you.eu\/retseptid\/wp-content\/uploads\/2025\/01\/WhatsApp_Image_2024-05-24_at_14.28.20_1.jpeg\",\"contentUrl\":\"https:\/\/bio4you.eu\/retseptid\/wp-content\/uploads\/2025\/01\/WhatsApp_Image_2024-05-24_at_14.28.20_1.jpeg\",\"width\":1600,\"height\":900,\"caption\":\"Gluteenivabad tatrafusillid, paprikakreem ja valge kala \u2013 lihtne ja tervislik pastaroog, mis sobib suurep\u00e4raselt igaks s\u00f6\u00f6gikorraks. Proovi juba t\u00e4na!\"},{\"@type\":\"BreadcrumbList\",\"@id\":\"https:\/\/bio4you.eu\/retseptid\/toode\/kreemised-fusillid-paprikakreemi-valge-kala-ja-taggiasco-oliividega\/#breadcrumb\",\"itemListElement\":[{\"@type\":\"ListItem\",\"position\":1,\"name\":\"Home\",\"item\":\"https:\/\/bio4you.eu\/retseptid\/\"},{\"@type\":\"ListItem\",\"position\":2,\"name\":\"Kreemised fusillid paprikakreemi, valge kala ja Taggiasco oliividega\"}]},{\"@type\":\"WebSite\",\"@id\":\"https:\/\/bio4you.eu\/retseptid\/#website\",\"url\":\"https:\/\/bio4you.eu\/retseptid\/\",\"name\":\"bio4you.eu\/retseptid\",\"description\":\"\u00d6ko retseptid ise tegemiseks, looduslikest koostisainetest. Maitsev toit, iluhooldus, kodupuhastus ja aiandus.\",\"potentialAction\":[{\"@type\":\"SearchAction\",\"target\":{\"@type\":\"EntryPoint\",\"urlTemplate\":\"https:\/\/bio4you.eu\/retseptid\/?s={search_term_string}\"},\"query-input\":\"required name=search_term_string\"}],\"inLanguage\":\"et\"}]}<\/script>\n<!-- \/ Yoast SEO plugin. -->","yoast_head_json":{"title":"Kreemised fusillid paprikakreemi, valge kala ja Taggiasco oliividega - bio4you.eu\/retseptid","description":"Gluteenivabad tatrafusillid paprikakreemi ja valge kalaga (nt tursk v\u00f5i koha). Maitsek\u00fcllane ja tervislik pastaroog, mis sobib igaks s\u00f6\u00f6gikorraks. Proovi kohe!","robots":{"index":"index","follow":"follow","max-snippet":"max-snippet:-1","max-image-preview":"max-image-preview:large","max-video-preview":"max-video-preview:-1"},"canonical":"https:\/\/bio4you.eu\/retseptid\/toode\/kreemised-fusillid-paprikakreemi-valge-kala-ja-taggiasco-oliividega\/","og_locale":"et_EE","og_type":"article","og_title":"Kreemised fusillid paprikakreemi, valge kala ja Taggiasco oliividega - bio4you.eu\/retseptid","og_description":"Gluteenivabad tatrafusillid paprikakreemi ja valge kalaga (nt tursk v\u00f5i koha). Maitsek\u00fcllane ja tervislik pastaroog, mis sobib igaks s\u00f6\u00f6gikorraks. Proovi kohe!","og_url":"https:\/\/bio4you.eu\/retseptid\/toode\/kreemised-fusillid-paprikakreemi-valge-kala-ja-taggiasco-oliividega\/","og_site_name":"bio4you.eu\/retseptid","article_modified_time":"2025-03-18T17:10:49+00:00","og_image":[{"width":1600,"height":900,"url":"https:\/\/bio4you.eu\/retseptid\/wp-content\/uploads\/2025\/01\/WhatsApp_Image_2024-05-24_at_14.28.20_1.jpeg","type":"image\/jpeg"}],"twitter_misc":{"Est. reading time":"1 minut"},"schema":{"@context":"https:\/\/schema.org","@graph":[{"@type":"WebPage","@id":"https:\/\/bio4you.eu\/retseptid\/toode\/kreemised-fusillid-paprikakreemi-valge-kala-ja-taggiasco-oliividega\/","url":"https:\/\/bio4you.eu\/retseptid\/toode\/kreemised-fusillid-paprikakreemi-valge-kala-ja-taggiasco-oliividega\/","name":"Kreemised fusillid paprikakreemi, valge kala ja Taggiasco oliividega - bio4you.eu\/retseptid","isPartOf":{"@id":"https:\/\/bio4you.eu\/retseptid\/#website"},"primaryImageOfPage":{"@id":"https:\/\/bio4you.eu\/retseptid\/toode\/kreemised-fusillid-paprikakreemi-valge-kala-ja-taggiasco-oliividega\/#primaryimage"},"image":{"@id":"https:\/\/bio4you.eu\/retseptid\/toode\/kreemised-fusillid-paprikakreemi-valge-kala-ja-taggiasco-oliividega\/#primaryimage"},"thumbnailUrl":"https:\/\/bio4you.eu\/retseptid\/wp-content\/uploads\/2025\/01\/WhatsApp_Image_2024-05-24_at_14.28.20_1.jpeg","datePublished":"2025-02-12T07:12:31+00:00","dateModified":"2025-03-18T17:10:49+00:00","description":"Gluteenivabad tatrafusillid paprikakreemi ja valge kalaga (nt tursk v\u00f5i koha). Maitsek\u00fcllane ja tervislik pastaroog, mis sobib igaks s\u00f6\u00f6gikorraks. Proovi kohe!","breadcrumb":{"@id":"https:\/\/bio4you.eu\/retseptid\/toode\/kreemised-fusillid-paprikakreemi-valge-kala-ja-taggiasco-oliividega\/#breadcrumb"},"inLanguage":"et","potentialAction":[{"@type":"ReadAction","target":["https:\/\/bio4you.eu\/retseptid\/toode\/kreemised-fusillid-paprikakreemi-valge-kala-ja-taggiasco-oliividega\/"]}]},{"@type":"ImageObject","inLanguage":"et","@id":"https:\/\/bio4you.eu\/retseptid\/toode\/kreemised-fusillid-paprikakreemi-valge-kala-ja-taggiasco-oliividega\/#primaryimage","url":"https:\/\/bio4you.eu\/retseptid\/wp-content\/uploads\/2025\/01\/WhatsApp_Image_2024-05-24_at_14.28.20_1.jpeg","contentUrl":"https:\/\/bio4you.eu\/retseptid\/wp-content\/uploads\/2025\/01\/WhatsApp_Image_2024-05-24_at_14.28.20_1.jpeg","width":1600,"height":900,"caption":"Gluteenivabad tatrafusillid, paprikakreem ja valge kala \u2013 lihtne ja tervislik pastaroog, mis sobib suurep\u00e4raselt igaks s\u00f6\u00f6gikorraks. Proovi juba t\u00e4na!"},{"@type":"BreadcrumbList","@id":"https:\/\/bio4you.eu\/retseptid\/toode\/kreemised-fusillid-paprikakreemi-valge-kala-ja-taggiasco-oliividega\/#breadcrumb","itemListElement":[{"@type":"ListItem","position":1,"name":"Home","item":"https:\/\/bio4you.eu\/retseptid\/"},{"@type":"ListItem","position":2,"name":"Kreemised fusillid paprikakreemi, valge kala ja Taggiasco oliividega"}]},{"@type":"WebSite","@id":"https:\/\/bio4you.eu\/retseptid\/#website","url":"https:\/\/bio4you.eu\/retseptid\/","name":"bio4you.eu\/retseptid","description":"\u00d6ko retseptid ise tegemiseks, looduslikest koostisainetest. Maitsev toit, iluhooldus, kodupuhastus ja aiandus.","potentialAction":[{"@type":"SearchAction","target":{"@type":"EntryPoint","urlTemplate":"https:\/\/bio4you.eu\/retseptid\/?s={search_term_string}"},"query-input":"required name=search_term_string"}],"inLanguage":"et"}]}},"_links":{"self":[{"href":"https:\/\/bio4you.eu\/retseptid\/wp-json\/wp\/v2\/product\/4287"}],"collection":[{"href":"https:\/\/bio4you.eu\/retseptid\/wp-json\/wp\/v2\/product"}],"about":[{"href":"https:\/\/bio4you.eu\/retseptid\/wp-json\/wp\/v2\/types\/product"}],"replies":[{"embeddable":true,"href":"https:\/\/bio4you.eu\/retseptid\/wp-json\/wp\/v2\/comments?post=4287"}],"wp:featuredmedia":[{"embeddable":true,"href":"https:\/\/bio4you.eu\/retseptid\/wp-json\/wp\/v2\/media\/4283"}],"wp:attachment":[{"href":"https:\/\/bio4you.eu\/retseptid\/wp-json\/wp\/v2\/media?parent=4287"}],"wp:term":[{"taxonomy":"product_cat","embeddable":true,"href":"https:\/\/bio4you.eu\/retseptid\/wp-json\/wp\/v2\/product_cat?post=4287"},{"taxonomy":"product_tag","embeddable":true,"href":"https:\/\/bio4you.eu\/retseptid\/wp-json\/wp\/v2\/product_tag?post=4287"}],"curies":[{"name":"wp","href":"https:\/\/api.w.org\/{rel}","templated":true}]}}