{"id":4288,"date":"2025-02-15T09:24:29","date_gmt":"2025-02-15T07:24:29","guid":{"rendered":"https:\/\/bio4you.eu\/retseptid\/?post_type=product&#038;p=4288"},"modified":"2025-03-18T19:11:01","modified_gmt":"2025-03-18T17:11:01","slug":"gluteenivaba-vegan-shakshuka-falafelitega","status":"publish","type":"product","link":"https:\/\/bio4you.eu\/retseptid\/toode\/gluteenivaba-vegan-shakshuka-falafelitega\/","title":{"rendered":"Gluteenivaba vegan shakshuka falafelitega"},"content":{"rendered":"<p><span style=\"font-weight: 400;\">Valmistamisjuhend:<\/span><\/p>\n<ol>\n<li><span style=\"font-weight: 400;\">Valmista falafelid vastavalt pakendil olevale juhendile, prae need rohkes \u00f5lis kuldpruuniks ja aseta k\u00f5rvale.<\/span><\/li>\n<li><span style=\"font-weight: 400;\">Haki paprika ja sibul peeneks ning hauta neid paar minutit pannil, kuni need muutuvad klaasjaks. Haki k\u00fc\u00fcslauk peeneks ja lisa pannile koos v\u00fcrtsk\u00f6\u00f6mnete, paprikapulbri ja harissapastaga. Prae segu kiirelt l\u00e4bi, et maitsed ja aroomid avaneksid.<\/span><\/li>\n<li><span style=\"font-weight: 400;\">Lisa pannile purustatud tomatid ja vesi. Kata pann kaanega ja lase segul madalal kuumusel 20 minutit podiseda. Maitsesta soola ja pipraga.<\/span><\/li>\n<li><span style=\"font-weight: 400;\">T\u00f5sta falafelid pannile tomatikastmesse ja soojenda need kergelt l\u00e4bi. Puista peale hakitud v\u00e4rske koriander ning serveeri kohe.<\/span><\/li>\n<\/ol>\n","protected":false},"excerpt":{"rendered":"<p><span style=\"font-weight: 400;\">Vaja l\u00e4heb (1 pannit\u00e4is):<\/span><\/p>\n<ul>\n<li><span style=\"font-weight: 400;\">1 pakk <a href=\"https:\/\/bio4you.eu\/et\/kuivained-ja-idandamine\/650-gluteenivaba-falafeli-jahu-160g.html\">Bauck M\u00fchle Gluteenivaba falafeli jahu, 160g<\/a><\/span><\/li>\n<li><span style=\"font-weight: 400;\">1 punane paprika<\/span><\/li>\n<li><span style=\"font-weight: 400;\">1 sibul<\/span><\/li>\n<li><span style=\"font-weight: 400;\">2 k\u00fc\u00fcslauguk\u00fc\u00fcnt<\/span><\/li>\n<li><span style=\"font-weight: 400;\">400g purustatud tomateid (konservis)<\/span><\/li>\n<li><span style=\"font-weight: 400;\">200 ml vett<\/span><\/li>\n<li><span style=\"font-weight: 400;\">1 tl harissapastat<\/span><\/li>\n<li><span style=\"font-weight: 400;\">1 tl jahvatatud v\u00fcrtsk\u00f6\u00f6mneid (nt, <a href=\"https:\/\/bio4you.eu\/et\/outlet\/3958-vuertskoeoemen-100g.html\">Herbes Del Moli V\u00fcrtsk\u00f6\u00f6men, 100g<\/a>)<\/span><\/li>\n<li><span style=\"font-weight: 400;\">1 tl magusat paprikapulbrit<\/span><\/li>\n<li><span style=\"font-weight: 400;\">Veidi t\u0161illit (vastavalt maitsele)<\/span><\/li>\n<li><span style=\"font-weight: 400;\">Peot\u00e4is v\u00e4rsket koriandrit<\/span><\/li>\n<li><span style=\"font-weight: 400;\">Soola ja pipart<\/span><\/li>\n<li>K\u00fclluslikult neutraalse maitsega \u00f5li (nt, <a href=\"https:\/\/bio4you.eu\/et\/paehkli-ja-seemneolid\/5882-viinamarjaseemneoli-500ml.html\">Fior Di Loto Viinamarjaseemne\u00f5li, 500ml<\/a>)<\/li>\n<\/ul>\n","protected":false},"featured_media":4281,"comment_status":"open","ping_status":"closed","template":"","meta":{"_exactmetrics_skip_tracking":false,"_exactmetrics_sitenote_active":false,"_exactmetrics_sitenote_note":"","_exactmetrics_sitenote_category":0},"product_cat":[59,382,63,383,72],"product_tag":[427,446,150,444,443,447,429,412,445],"class_list":{"0":"post-4288","1":"product","2":"type-product","3":"status-publish","4":"has-post-thumbnail","6":"product_cat-featured","7":"product_cat-vegan-toiduretseptid","8":"product_cat-gluteenivabad-retseptid","9":"product_cat-taimetoit","10":"product_cat-oa-laatse-ja-hernetoidud","11":"product_tag-bauck-muhle","12":"product_tag-falafelid-tomatikastmes","13":"product_tag-gluteenivaba-2","14":"product_tag-gluteenivaba-falafeli-jahu","15":"product_tag-laktoosivaba","16":"product_tag-maitsev-vegan-shakshuka-falafelitega","17":"product_tag-nisuvaba","18":"product_tag-vegan","19":"product_tag-vegan-shakshuka","21":"first","22":"instock","23":"shipping-taxable","24":"product-type-simple"},"yoast_head":"<!-- This site is optimized with the Yoast SEO plugin v23.3 - https:\/\/yoast.com\/wordpress\/plugins\/seo\/ -->\n<title>Gluteenivaba vegan shakshuka falafelitega - bio4you.eu\/retseptid<\/title>\n<meta name=\"robots\" content=\"index, follow, max-snippet:-1, max-image-preview:large, max-video-preview:-1\" \/>\n<link rel=\"canonical\" href=\"https:\/\/bio4you.eu\/retseptid\/toode\/gluteenivaba-vegan-shakshuka-falafelitega\/\" \/>\n<meta property=\"og:locale\" content=\"et_EE\" \/>\n<meta property=\"og:type\" content=\"article\" \/>\n<meta property=\"og:title\" content=\"Gluteenivaba vegan shakshuka falafelitega - bio4you.eu\/retseptid\" \/>\n<meta property=\"og:description\" content=\"Vaja l\u00e4heb (1 pannit\u00e4is):   1 pakk Bauck M\u00fchle Gluteenivaba falafeli jahu, 160g  1 punane paprika  1 sibul  2 k\u00fc\u00fcslauguk\u00fc\u00fcnt  400g purustatud tomateid (konservis)  200 ml vett  1 tl harissapastat  1 tl jahvatatud v\u00fcrtsk\u00f6\u00f6mneid (nt, Herbes Del Moli V\u00fcrtsk\u00f6\u00f6men, 100g)  1 tl magusat paprikapulbrit  Veidi t\u0161illit (vastavalt maitsele)  Peot\u00e4is v\u00e4rsket koriandrit  Soola ja pipart  K\u00fclluslikult neutraalse maitsega \u00f5li (nt, Fior Di Loto Viinamarjaseemne\u00f5li, 500ml)\" \/>\n<meta property=\"og:url\" content=\"https:\/\/bio4you.eu\/retseptid\/toode\/gluteenivaba-vegan-shakshuka-falafelitega\/\" \/>\n<meta property=\"og:site_name\" content=\"bio4you.eu\/retseptid\" \/>\n<meta property=\"article:modified_time\" content=\"2025-03-18T17:11:01+00:00\" \/>\n<meta property=\"og:image\" content=\"https:\/\/bio4you.eu\/retseptid\/wp-content\/uploads\/2025\/01\/Bauck_Shakshuka.webp\" \/>\n\t<meta property=\"og:image:width\" content=\"994\" \/>\n\t<meta property=\"og:image:height\" content=\"663\" \/>\n\t<meta property=\"og:image:type\" content=\"image\/webp\" \/>\n<meta name=\"twitter:label1\" content=\"Est. reading time\" \/>\n\t<meta name=\"twitter:data1\" content=\"1 minut\" \/>\n<script type=\"application\/ld+json\" class=\"yoast-schema-graph\">{\"@context\":\"https:\/\/schema.org\",\"@graph\":[{\"@type\":\"WebPage\",\"@id\":\"https:\/\/bio4you.eu\/retseptid\/toode\/gluteenivaba-vegan-shakshuka-falafelitega\/\",\"url\":\"https:\/\/bio4you.eu\/retseptid\/toode\/gluteenivaba-vegan-shakshuka-falafelitega\/\",\"name\":\"Gluteenivaba vegan shakshuka falafelitega - bio4you.eu\/retseptid\",\"isPartOf\":{\"@id\":\"https:\/\/bio4you.eu\/retseptid\/#website\"},\"primaryImageOfPage\":{\"@id\":\"https:\/\/bio4you.eu\/retseptid\/toode\/gluteenivaba-vegan-shakshuka-falafelitega\/#primaryimage\"},\"image\":{\"@id\":\"https:\/\/bio4you.eu\/retseptid\/toode\/gluteenivaba-vegan-shakshuka-falafelitega\/#primaryimage\"},\"thumbnailUrl\":\"https:\/\/bio4you.eu\/retseptid\/wp-content\/uploads\/2025\/01\/Bauck_Shakshuka.webp\",\"datePublished\":\"2025-02-15T07:24:29+00:00\",\"dateModified\":\"2025-03-18T17:11:01+00:00\",\"breadcrumb\":{\"@id\":\"https:\/\/bio4you.eu\/retseptid\/toode\/gluteenivaba-vegan-shakshuka-falafelitega\/#breadcrumb\"},\"inLanguage\":\"et\",\"potentialAction\":[{\"@type\":\"ReadAction\",\"target\":[\"https:\/\/bio4you.eu\/retseptid\/toode\/gluteenivaba-vegan-shakshuka-falafelitega\/\"]}]},{\"@type\":\"ImageObject\",\"inLanguage\":\"et\",\"@id\":\"https:\/\/bio4you.eu\/retseptid\/toode\/gluteenivaba-vegan-shakshuka-falafelitega\/#primaryimage\",\"url\":\"https:\/\/bio4you.eu\/retseptid\/wp-content\/uploads\/2025\/01\/Bauck_Shakshuka.webp\",\"contentUrl\":\"https:\/\/bio4you.eu\/retseptid\/wp-content\/uploads\/2025\/01\/Bauck_Shakshuka.webp\",\"width\":994,\"height\":663,\"caption\":\"Vegan shakshuka gluteenivabade falafelitega, serveeritud rikkaliku v\u00fcrtsika tomatikastme ja v\u00e4rske koriandriga \u2013 ideaalne taimne roog.\"},{\"@type\":\"BreadcrumbList\",\"@id\":\"https:\/\/bio4you.eu\/retseptid\/toode\/gluteenivaba-vegan-shakshuka-falafelitega\/#breadcrumb\",\"itemListElement\":[{\"@type\":\"ListItem\",\"position\":1,\"name\":\"Home\",\"item\":\"https:\/\/bio4you.eu\/retseptid\/\"},{\"@type\":\"ListItem\",\"position\":2,\"name\":\"Gluteenivaba vegan shakshuka falafelitega\"}]},{\"@type\":\"WebSite\",\"@id\":\"https:\/\/bio4you.eu\/retseptid\/#website\",\"url\":\"https:\/\/bio4you.eu\/retseptid\/\",\"name\":\"bio4you.eu\/retseptid\",\"description\":\"\u00d6ko retseptid ise tegemiseks, looduslikest koostisainetest. Maitsev toit, iluhooldus, kodupuhastus ja aiandus.\",\"potentialAction\":[{\"@type\":\"SearchAction\",\"target\":{\"@type\":\"EntryPoint\",\"urlTemplate\":\"https:\/\/bio4you.eu\/retseptid\/?s={search_term_string}\"},\"query-input\":\"required name=search_term_string\"}],\"inLanguage\":\"et\"}]}<\/script>\n<!-- \/ Yoast SEO plugin. -->","yoast_head_json":{"title":"Gluteenivaba vegan shakshuka falafelitega - bio4you.eu\/retseptid","robots":{"index":"index","follow":"follow","max-snippet":"max-snippet:-1","max-image-preview":"max-image-preview:large","max-video-preview":"max-video-preview:-1"},"canonical":"https:\/\/bio4you.eu\/retseptid\/toode\/gluteenivaba-vegan-shakshuka-falafelitega\/","og_locale":"et_EE","og_type":"article","og_title":"Gluteenivaba vegan shakshuka falafelitega - bio4you.eu\/retseptid","og_description":"Vaja l\u00e4heb (1 pannit\u00e4is):   1 pakk Bauck M\u00fchle Gluteenivaba falafeli jahu, 160g  1 punane paprika  1 sibul  2 k\u00fc\u00fcslauguk\u00fc\u00fcnt  400g purustatud tomateid (konservis)  200 ml vett  1 tl harissapastat  1 tl jahvatatud v\u00fcrtsk\u00f6\u00f6mneid (nt, Herbes Del Moli V\u00fcrtsk\u00f6\u00f6men, 100g)  1 tl magusat paprikapulbrit  Veidi t\u0161illit (vastavalt maitsele)  Peot\u00e4is v\u00e4rsket koriandrit  Soola ja pipart  K\u00fclluslikult neutraalse maitsega \u00f5li (nt, Fior Di Loto Viinamarjaseemne\u00f5li, 500ml)","og_url":"https:\/\/bio4you.eu\/retseptid\/toode\/gluteenivaba-vegan-shakshuka-falafelitega\/","og_site_name":"bio4you.eu\/retseptid","article_modified_time":"2025-03-18T17:11:01+00:00","og_image":[{"width":994,"height":663,"url":"https:\/\/bio4you.eu\/retseptid\/wp-content\/uploads\/2025\/01\/Bauck_Shakshuka.webp","type":"image\/webp"}],"twitter_misc":{"Est. reading time":"1 minut"},"schema":{"@context":"https:\/\/schema.org","@graph":[{"@type":"WebPage","@id":"https:\/\/bio4you.eu\/retseptid\/toode\/gluteenivaba-vegan-shakshuka-falafelitega\/","url":"https:\/\/bio4you.eu\/retseptid\/toode\/gluteenivaba-vegan-shakshuka-falafelitega\/","name":"Gluteenivaba vegan shakshuka falafelitega - bio4you.eu\/retseptid","isPartOf":{"@id":"https:\/\/bio4you.eu\/retseptid\/#website"},"primaryImageOfPage":{"@id":"https:\/\/bio4you.eu\/retseptid\/toode\/gluteenivaba-vegan-shakshuka-falafelitega\/#primaryimage"},"image":{"@id":"https:\/\/bio4you.eu\/retseptid\/toode\/gluteenivaba-vegan-shakshuka-falafelitega\/#primaryimage"},"thumbnailUrl":"https:\/\/bio4you.eu\/retseptid\/wp-content\/uploads\/2025\/01\/Bauck_Shakshuka.webp","datePublished":"2025-02-15T07:24:29+00:00","dateModified":"2025-03-18T17:11:01+00:00","breadcrumb":{"@id":"https:\/\/bio4you.eu\/retseptid\/toode\/gluteenivaba-vegan-shakshuka-falafelitega\/#breadcrumb"},"inLanguage":"et","potentialAction":[{"@type":"ReadAction","target":["https:\/\/bio4you.eu\/retseptid\/toode\/gluteenivaba-vegan-shakshuka-falafelitega\/"]}]},{"@type":"ImageObject","inLanguage":"et","@id":"https:\/\/bio4you.eu\/retseptid\/toode\/gluteenivaba-vegan-shakshuka-falafelitega\/#primaryimage","url":"https:\/\/bio4you.eu\/retseptid\/wp-content\/uploads\/2025\/01\/Bauck_Shakshuka.webp","contentUrl":"https:\/\/bio4you.eu\/retseptid\/wp-content\/uploads\/2025\/01\/Bauck_Shakshuka.webp","width":994,"height":663,"caption":"Vegan shakshuka gluteenivabade falafelitega, serveeritud rikkaliku v\u00fcrtsika tomatikastme ja v\u00e4rske koriandriga \u2013 ideaalne taimne roog."},{"@type":"BreadcrumbList","@id":"https:\/\/bio4you.eu\/retseptid\/toode\/gluteenivaba-vegan-shakshuka-falafelitega\/#breadcrumb","itemListElement":[{"@type":"ListItem","position":1,"name":"Home","item":"https:\/\/bio4you.eu\/retseptid\/"},{"@type":"ListItem","position":2,"name":"Gluteenivaba vegan shakshuka falafelitega"}]},{"@type":"WebSite","@id":"https:\/\/bio4you.eu\/retseptid\/#website","url":"https:\/\/bio4you.eu\/retseptid\/","name":"bio4you.eu\/retseptid","description":"\u00d6ko retseptid ise tegemiseks, looduslikest koostisainetest. Maitsev toit, iluhooldus, kodupuhastus ja aiandus.","potentialAction":[{"@type":"SearchAction","target":{"@type":"EntryPoint","urlTemplate":"https:\/\/bio4you.eu\/retseptid\/?s={search_term_string}"},"query-input":"required name=search_term_string"}],"inLanguage":"et"}]}},"_links":{"self":[{"href":"https:\/\/bio4you.eu\/retseptid\/wp-json\/wp\/v2\/product\/4288"}],"collection":[{"href":"https:\/\/bio4you.eu\/retseptid\/wp-json\/wp\/v2\/product"}],"about":[{"href":"https:\/\/bio4you.eu\/retseptid\/wp-json\/wp\/v2\/types\/product"}],"replies":[{"embeddable":true,"href":"https:\/\/bio4you.eu\/retseptid\/wp-json\/wp\/v2\/comments?post=4288"}],"wp:featuredmedia":[{"embeddable":true,"href":"https:\/\/bio4you.eu\/retseptid\/wp-json\/wp\/v2\/media\/4281"}],"wp:attachment":[{"href":"https:\/\/bio4you.eu\/retseptid\/wp-json\/wp\/v2\/media?parent=4288"}],"wp:term":[{"taxonomy":"product_cat","embeddable":true,"href":"https:\/\/bio4you.eu\/retseptid\/wp-json\/wp\/v2\/product_cat?post=4288"},{"taxonomy":"product_tag","embeddable":true,"href":"https:\/\/bio4you.eu\/retseptid\/wp-json\/wp\/v2\/product_tag?post=4288"}],"curies":[{"name":"wp","href":"https:\/\/api.w.org\/{rel}","templated":true}]}}