{"id":4289,"date":"2025-02-20T09:36:13","date_gmt":"2025-02-20T07:36:13","guid":{"rendered":"https:\/\/bio4you.eu\/retseptid\/?post_type=product&#038;p=4289"},"modified":"2025-03-18T19:11:11","modified_gmt":"2025-03-18T17:11:11","slug":"laatsepasta-korvitsakreemi-lehtpeedi-ja-kreeka-pahklitega","status":"publish","type":"product","link":"https:\/\/bio4you.eu\/retseptid\/toode\/laatsepasta-korvitsakreemi-lehtpeedi-ja-kreeka-pahklitega\/","title":{"rendered":"L\u00e4\u00e4tsepasta k\u00f5rvitsakreemi, lehtpeedi ja kreeka p\u00e4hklitega"},"content":{"rendered":"<p><span style=\"font-weight: 400;\">Valmistamisjuhend:<\/span><\/p>\n<ol>\n<li><span style=\"font-weight: 400;\">Koori ja t\u00fckelda k\u00f5rvits v\u00e4ikesteks kuubikuteks. Kuumuta pannil oliivi\u00f5li, lisa k\u00f5rvitsat\u00fckid ja hauta neid 10\u201315 minutit, kuni need on pehmed.<\/span><\/li>\n<li><span style=\"font-weight: 400;\">Kui k\u00f5rvits on pehme, p\u00fcreesta see saumikseriga \u00fchtlaseks kreemiks. Lisa maitse j\u00e4rgi soola ja v\u00e4rskelt jahvatatud musta pipart ning t\u00f5sta k\u00f5rvale.<\/span><\/li>\n<li><span style=\"font-weight: 400;\">Kasuta sama panni: lisa veidi oliivi\u00f5li ja peeneks hakitud \u0161alottsibul. Kuumuta, kuni sibul muutub klaasjaks. Lisa eelnevalt pestud ja hakitud lehtpeet, spinat v\u00f5i lehtkapsas (kale) ning hauta seda 5\u20137 minutit, kuni see pehmeneb. Maitsesta soola ja pipraga.<\/span><\/li>\n<li><span style=\"font-weight: 400;\">Keeda punastest l\u00e4\u00e4tsedest pasta soolaga maitsestatud vees vastavalt pakendil toodud juhistele. N\u00f5ruta pasta, kuid j\u00e4ta veidi keeduvett alles.<\/span><\/li>\n<li><span style=\"font-weight: 400;\">Sega keedetud l\u00e4\u00e4tsepasta k\u00f5rvitsakreemi ja hautatud lehtpeediga. Kui segu on liiga paks, lisa sekka veidi pastakeeduvett, et saavutada kreemjas tekstuur.<\/span><\/li>\n<li><span style=\"font-weight: 400;\">Serveerimisel puista peale purustatud kreeka p\u00e4hklid ning naudi sooja ja maitsek\u00fcllast rooga.<\/span><\/li>\n<\/ol>\n<p>&nbsp;<\/p>\n","protected":false},"excerpt":{"rendered":"<p><span style=\"font-weight: 400;\">Vaja l\u00e4heb (3 portsjonit):<\/span><\/p>\n<ul>\n<li><span style=\"font-weight: 400;\">250g <a href=\"https:\/\/bio4you.eu\/et\/kuivained-ja-idandamine\/2016-punastest-laeaetsedest-fusilli-250g.html\">Fior Di Loto Punastest l\u00e4\u00e4tsedest fusilli<\/a> (fusilli, penne v\u00f5i muu meelep\u00e4rane kuju)<\/span><\/li>\n<li><span style=\"font-weight: 400;\">300g k\u00f5rvitsat (\u00f6koloogiline)<\/span><\/li>\n<li><span style=\"font-weight: 400;\">200g lehtpeeti (\u00f6koloogiline, sobib asendada spinati v\u00f5i kale kapsaga)<\/span><\/li>\n<li><span style=\"font-weight: 400;\">20g <a href=\"http:\/\/Kreeka p\u00e4hklid, 100g\">Fior Di Loto Kreeka p\u00e4hkleid<\/a><\/span><\/li>\n<li><span style=\"font-weight: 400;\">1 \u0161alottsibul (\u00f6koloogiline)<\/span><\/li>\n<li><span style=\"font-weight: 400;\">Vajadusel k\u00fclmpressitud oliivi\u00f5li (nt, <a href=\"https:\/\/bio4you.eu\/et\/toiduolid-kastmed-ja-kreemid\/2245-ekstra-vaeaerisoliivioli-500ml.html\">Corvino Ekstra v\u00e4\u00e4risoliivi\u00f5li, 500ml<\/a>)<\/span><\/li>\n<li><span style=\"font-weight: 400;\">N\u00e4put\u00e4is Atlandi peensoola<\/span><\/li>\n<li><span style=\"font-weight: 400;\">Musta pipart maitse j\u00e4rgi<\/span><\/li>\n<\/ul>\n","protected":false},"featured_media":4282,"comment_status":"open","ping_status":"closed","template":"","meta":{"_exactmetrics_skip_tracking":false,"_exactmetrics_sitenote_active":false,"_exactmetrics_sitenote_note":"","_exactmetrics_sitenote_category":0},"product_cat":[59,382,63,383,70,72],"product_tag":[150,448,453,450,454,443,451,436,449,452,455,412],"class_list":{"0":"post-4289","1":"product","2":"type-product","3":"status-publish","4":"has-post-thumbnail","6":"product_cat-featured","7":"product_cat-vegan-toiduretseptid","8":"product_cat-gluteenivabad-retseptid","9":"product_cat-taimetoit","10":"product_cat-pastaroad","11":"product_cat-oa-laatse-ja-hernetoidud","12":"product_tag-gluteenivaba-2","13":"product_tag-gluteenivaba-laatsepasta","14":"product_tag-kale-kapsas","15":"product_tag-korvitsakreem","16":"product_tag-kreeka-pahklid","17":"product_tag-laktoosivaba","18":"product_tag-lehtpeet","19":"product_tag-pastatoidud","20":"product_tag-punaste-laatsede-pasta","21":"product_tag-spinat","22":"product_tag-tervislik-pastaroog","23":"product_tag-vegan","25":"first","26":"instock","27":"shipping-taxable","28":"product-type-simple"},"yoast_head":"<!-- This site is optimized with the Yoast SEO plugin v23.3 - https:\/\/yoast.com\/wordpress\/plugins\/seo\/ -->\n<title>L\u00e4\u00e4tsepasta k\u00f5rvitsakreemi, lehtpeedi ja kreeka p\u00e4hklitega - bio4you.eu\/retseptid<\/title>\n<meta name=\"robots\" content=\"index, follow, max-snippet:-1, max-image-preview:large, max-video-preview:-1\" \/>\n<link rel=\"canonical\" href=\"https:\/\/bio4you.eu\/retseptid\/toode\/laatsepasta-korvitsakreemi-lehtpeedi-ja-kreeka-pahklitega\/\" \/>\n<meta property=\"og:locale\" content=\"et_EE\" \/>\n<meta property=\"og:type\" content=\"article\" \/>\n<meta property=\"og:title\" content=\"L\u00e4\u00e4tsepasta k\u00f5rvitsakreemi, lehtpeedi ja kreeka p\u00e4hklitega - bio4you.eu\/retseptid\" \/>\n<meta property=\"og:description\" content=\"Vaja l\u00e4heb (3 portsjonit):   250g Fior Di Loto Punastest l\u00e4\u00e4tsedest fusilli (fusilli, penne v\u00f5i muu meelep\u00e4rane kuju)  300g k\u00f5rvitsat (\u00f6koloogiline)  200g lehtpeeti (\u00f6koloogiline, sobib asendada spinati v\u00f5i kale kapsaga)  20g Fior Di Loto Kreeka p\u00e4hkleid  1 \u0161alottsibul (\u00f6koloogiline)  Vajadusel k\u00fclmpressitud oliivi\u00f5li (nt, Corvino Ekstra v\u00e4\u00e4risoliivi\u00f5li, 500ml)  N\u00e4put\u00e4is Atlandi peensoola  Musta pipart maitse j\u00e4rgi\" \/>\n<meta property=\"og:url\" content=\"https:\/\/bio4you.eu\/retseptid\/toode\/laatsepasta-korvitsakreemi-lehtpeedi-ja-kreeka-pahklitega\/\" \/>\n<meta property=\"og:site_name\" content=\"bio4you.eu\/retseptid\" \/>\n<meta property=\"article:modified_time\" content=\"2025-03-18T17:11:11+00:00\" \/>\n<meta property=\"og:image\" content=\"https:\/\/bio4you.eu\/retseptid\/wp-content\/uploads\/2025\/01\/conchiglie_con_crema_di_zucca_bietoline_e_noci.jpg\" \/>\n\t<meta property=\"og:image:width\" content=\"1000\" \/>\n\t<meta property=\"og:image:height\" content=\"667\" \/>\n\t<meta property=\"og:image:type\" content=\"image\/jpeg\" \/>\n<meta name=\"twitter:label1\" content=\"Est. reading time\" \/>\n\t<meta name=\"twitter:data1\" content=\"1 minut\" \/>\n<script type=\"application\/ld+json\" class=\"yoast-schema-graph\">{\"@context\":\"https:\/\/schema.org\",\"@graph\":[{\"@type\":\"WebPage\",\"@id\":\"https:\/\/bio4you.eu\/retseptid\/toode\/laatsepasta-korvitsakreemi-lehtpeedi-ja-kreeka-pahklitega\/\",\"url\":\"https:\/\/bio4you.eu\/retseptid\/toode\/laatsepasta-korvitsakreemi-lehtpeedi-ja-kreeka-pahklitega\/\",\"name\":\"L\u00e4\u00e4tsepasta k\u00f5rvitsakreemi, lehtpeedi ja kreeka p\u00e4hklitega - bio4you.eu\/retseptid\",\"isPartOf\":{\"@id\":\"https:\/\/bio4you.eu\/retseptid\/#website\"},\"primaryImageOfPage\":{\"@id\":\"https:\/\/bio4you.eu\/retseptid\/toode\/laatsepasta-korvitsakreemi-lehtpeedi-ja-kreeka-pahklitega\/#primaryimage\"},\"image\":{\"@id\":\"https:\/\/bio4you.eu\/retseptid\/toode\/laatsepasta-korvitsakreemi-lehtpeedi-ja-kreeka-pahklitega\/#primaryimage\"},\"thumbnailUrl\":\"https:\/\/bio4you.eu\/retseptid\/wp-content\/uploads\/2025\/01\/conchiglie_con_crema_di_zucca_bietoline_e_noci.jpg\",\"datePublished\":\"2025-02-20T07:36:13+00:00\",\"dateModified\":\"2025-03-18T17:11:11+00:00\",\"breadcrumb\":{\"@id\":\"https:\/\/bio4you.eu\/retseptid\/toode\/laatsepasta-korvitsakreemi-lehtpeedi-ja-kreeka-pahklitega\/#breadcrumb\"},\"inLanguage\":\"et\",\"potentialAction\":[{\"@type\":\"ReadAction\",\"target\":[\"https:\/\/bio4you.eu\/retseptid\/toode\/laatsepasta-korvitsakreemi-lehtpeedi-ja-kreeka-pahklitega\/\"]}]},{\"@type\":\"ImageObject\",\"inLanguage\":\"et\",\"@id\":\"https:\/\/bio4you.eu\/retseptid\/toode\/laatsepasta-korvitsakreemi-lehtpeedi-ja-kreeka-pahklitega\/#primaryimage\",\"url\":\"https:\/\/bio4you.eu\/retseptid\/wp-content\/uploads\/2025\/01\/conchiglie_con_crema_di_zucca_bietoline_e_noci.jpg\",\"contentUrl\":\"https:\/\/bio4you.eu\/retseptid\/wp-content\/uploads\/2025\/01\/conchiglie_con_crema_di_zucca_bietoline_e_noci.jpg\",\"width\":1000,\"height\":667,\"caption\":\"L\u00e4\u00e4tsepasta k\u00f5rvitsakreemi, lehtpeedi ja purustatud kreeka p\u00e4hklitega, serveeritud kaunilt taldrikul \u2013 tervislik ja maitsek\u00fcllane gluteenivaba roog.\"},{\"@type\":\"BreadcrumbList\",\"@id\":\"https:\/\/bio4you.eu\/retseptid\/toode\/laatsepasta-korvitsakreemi-lehtpeedi-ja-kreeka-pahklitega\/#breadcrumb\",\"itemListElement\":[{\"@type\":\"ListItem\",\"position\":1,\"name\":\"Home\",\"item\":\"https:\/\/bio4you.eu\/retseptid\/\"},{\"@type\":\"ListItem\",\"position\":2,\"name\":\"L\u00e4\u00e4tsepasta k\u00f5rvitsakreemi, lehtpeedi ja kreeka p\u00e4hklitega\"}]},{\"@type\":\"WebSite\",\"@id\":\"https:\/\/bio4you.eu\/retseptid\/#website\",\"url\":\"https:\/\/bio4you.eu\/retseptid\/\",\"name\":\"bio4you.eu\/retseptid\",\"description\":\"\u00d6ko retseptid ise tegemiseks, looduslikest koostisainetest. Maitsev toit, iluhooldus, kodupuhastus ja aiandus.\",\"potentialAction\":[{\"@type\":\"SearchAction\",\"target\":{\"@type\":\"EntryPoint\",\"urlTemplate\":\"https:\/\/bio4you.eu\/retseptid\/?s={search_term_string}\"},\"query-input\":\"required name=search_term_string\"}],\"inLanguage\":\"et\"}]}<\/script>\n<!-- \/ Yoast SEO plugin. -->","yoast_head_json":{"title":"L\u00e4\u00e4tsepasta k\u00f5rvitsakreemi, lehtpeedi ja kreeka p\u00e4hklitega - bio4you.eu\/retseptid","robots":{"index":"index","follow":"follow","max-snippet":"max-snippet:-1","max-image-preview":"max-image-preview:large","max-video-preview":"max-video-preview:-1"},"canonical":"https:\/\/bio4you.eu\/retseptid\/toode\/laatsepasta-korvitsakreemi-lehtpeedi-ja-kreeka-pahklitega\/","og_locale":"et_EE","og_type":"article","og_title":"L\u00e4\u00e4tsepasta k\u00f5rvitsakreemi, lehtpeedi ja kreeka p\u00e4hklitega - bio4you.eu\/retseptid","og_description":"Vaja l\u00e4heb (3 portsjonit):   250g Fior Di Loto Punastest l\u00e4\u00e4tsedest fusilli (fusilli, penne v\u00f5i muu meelep\u00e4rane kuju)  300g k\u00f5rvitsat (\u00f6koloogiline)  200g lehtpeeti (\u00f6koloogiline, sobib asendada spinati v\u00f5i kale kapsaga)  20g Fior Di Loto Kreeka p\u00e4hkleid  1 \u0161alottsibul (\u00f6koloogiline)  Vajadusel k\u00fclmpressitud oliivi\u00f5li (nt, Corvino Ekstra v\u00e4\u00e4risoliivi\u00f5li, 500ml)  N\u00e4put\u00e4is Atlandi peensoola  Musta pipart maitse j\u00e4rgi","og_url":"https:\/\/bio4you.eu\/retseptid\/toode\/laatsepasta-korvitsakreemi-lehtpeedi-ja-kreeka-pahklitega\/","og_site_name":"bio4you.eu\/retseptid","article_modified_time":"2025-03-18T17:11:11+00:00","og_image":[{"width":1000,"height":667,"url":"https:\/\/bio4you.eu\/retseptid\/wp-content\/uploads\/2025\/01\/conchiglie_con_crema_di_zucca_bietoline_e_noci.jpg","type":"image\/jpeg"}],"twitter_misc":{"Est. reading time":"1 minut"},"schema":{"@context":"https:\/\/schema.org","@graph":[{"@type":"WebPage","@id":"https:\/\/bio4you.eu\/retseptid\/toode\/laatsepasta-korvitsakreemi-lehtpeedi-ja-kreeka-pahklitega\/","url":"https:\/\/bio4you.eu\/retseptid\/toode\/laatsepasta-korvitsakreemi-lehtpeedi-ja-kreeka-pahklitega\/","name":"L\u00e4\u00e4tsepasta k\u00f5rvitsakreemi, lehtpeedi ja kreeka p\u00e4hklitega - bio4you.eu\/retseptid","isPartOf":{"@id":"https:\/\/bio4you.eu\/retseptid\/#website"},"primaryImageOfPage":{"@id":"https:\/\/bio4you.eu\/retseptid\/toode\/laatsepasta-korvitsakreemi-lehtpeedi-ja-kreeka-pahklitega\/#primaryimage"},"image":{"@id":"https:\/\/bio4you.eu\/retseptid\/toode\/laatsepasta-korvitsakreemi-lehtpeedi-ja-kreeka-pahklitega\/#primaryimage"},"thumbnailUrl":"https:\/\/bio4you.eu\/retseptid\/wp-content\/uploads\/2025\/01\/conchiglie_con_crema_di_zucca_bietoline_e_noci.jpg","datePublished":"2025-02-20T07:36:13+00:00","dateModified":"2025-03-18T17:11:11+00:00","breadcrumb":{"@id":"https:\/\/bio4you.eu\/retseptid\/toode\/laatsepasta-korvitsakreemi-lehtpeedi-ja-kreeka-pahklitega\/#breadcrumb"},"inLanguage":"et","potentialAction":[{"@type":"ReadAction","target":["https:\/\/bio4you.eu\/retseptid\/toode\/laatsepasta-korvitsakreemi-lehtpeedi-ja-kreeka-pahklitega\/"]}]},{"@type":"ImageObject","inLanguage":"et","@id":"https:\/\/bio4you.eu\/retseptid\/toode\/laatsepasta-korvitsakreemi-lehtpeedi-ja-kreeka-pahklitega\/#primaryimage","url":"https:\/\/bio4you.eu\/retseptid\/wp-content\/uploads\/2025\/01\/conchiglie_con_crema_di_zucca_bietoline_e_noci.jpg","contentUrl":"https:\/\/bio4you.eu\/retseptid\/wp-content\/uploads\/2025\/01\/conchiglie_con_crema_di_zucca_bietoline_e_noci.jpg","width":1000,"height":667,"caption":"L\u00e4\u00e4tsepasta k\u00f5rvitsakreemi, lehtpeedi ja purustatud kreeka p\u00e4hklitega, serveeritud kaunilt taldrikul \u2013 tervislik ja maitsek\u00fcllane gluteenivaba roog."},{"@type":"BreadcrumbList","@id":"https:\/\/bio4you.eu\/retseptid\/toode\/laatsepasta-korvitsakreemi-lehtpeedi-ja-kreeka-pahklitega\/#breadcrumb","itemListElement":[{"@type":"ListItem","position":1,"name":"Home","item":"https:\/\/bio4you.eu\/retseptid\/"},{"@type":"ListItem","position":2,"name":"L\u00e4\u00e4tsepasta k\u00f5rvitsakreemi, lehtpeedi ja kreeka p\u00e4hklitega"}]},{"@type":"WebSite","@id":"https:\/\/bio4you.eu\/retseptid\/#website","url":"https:\/\/bio4you.eu\/retseptid\/","name":"bio4you.eu\/retseptid","description":"\u00d6ko retseptid ise tegemiseks, looduslikest koostisainetest. Maitsev toit, iluhooldus, kodupuhastus ja aiandus.","potentialAction":[{"@type":"SearchAction","target":{"@type":"EntryPoint","urlTemplate":"https:\/\/bio4you.eu\/retseptid\/?s={search_term_string}"},"query-input":"required name=search_term_string"}],"inLanguage":"et"}]}},"_links":{"self":[{"href":"https:\/\/bio4you.eu\/retseptid\/wp-json\/wp\/v2\/product\/4289"}],"collection":[{"href":"https:\/\/bio4you.eu\/retseptid\/wp-json\/wp\/v2\/product"}],"about":[{"href":"https:\/\/bio4you.eu\/retseptid\/wp-json\/wp\/v2\/types\/product"}],"replies":[{"embeddable":true,"href":"https:\/\/bio4you.eu\/retseptid\/wp-json\/wp\/v2\/comments?post=4289"}],"wp:featuredmedia":[{"embeddable":true,"href":"https:\/\/bio4you.eu\/retseptid\/wp-json\/wp\/v2\/media\/4282"}],"wp:attachment":[{"href":"https:\/\/bio4you.eu\/retseptid\/wp-json\/wp\/v2\/media?parent=4289"}],"wp:term":[{"taxonomy":"product_cat","embeddable":true,"href":"https:\/\/bio4you.eu\/retseptid\/wp-json\/wp\/v2\/product_cat?post=4289"},{"taxonomy":"product_tag","embeddable":true,"href":"https:\/\/bio4you.eu\/retseptid\/wp-json\/wp\/v2\/product_tag?post=4289"}],"curies":[{"name":"wp","href":"https:\/\/api.w.org\/{rel}","templated":true}]}}