{"id":4296,"date":"2025-03-04T14:51:43","date_gmt":"2025-03-04T12:51:43","guid":{"rendered":"https:\/\/bio4you.eu\/retseptid\/?post_type=product&#038;p=4296"},"modified":"2025-03-26T13:26:25","modified_gmt":"2025-03-26T11:26:25","slug":"vegan-mandlijuust","status":"publish","type":"product","link":"https:\/\/bio4you.eu\/retseptid\/toode\/vegan-mandlijuust\/","title":{"rendered":"Vegan mandlijuust"},"content":{"rendered":"<p><span style=\"font-weight: 400;\">Valmistamine:<\/span><\/p>\n<ol>\n<li><span style=\"font-weight: 400;\">Kui kasutad terveid mandleid, peenesta need blenderis v\u00f5i k\u00f6\u00f6gikombainis kuni saad veidi t\u00fckilise pasta. Kui kasutad mandlipiimast j\u00e4rele j\u00e4\u00e4nud mandlimassi, j\u00e4ta see samm vahele.<\/span><\/li>\n<li><span style=\"font-weight: 400;\">L\u00f5ika leotatud kuivatatud tomatid ribadeks.<\/span><\/li>\n<li><span style=\"font-weight: 400;\">Sega k\u00f5ik koostisosad kausis \u00fchtlaseks massiks.<\/span><\/li>\n<li><span style=\"font-weight: 400;\">Aseta segu k\u00fcpsetuspaberile ning keera see tihedalt rulli.<\/span><\/li>\n<li><span style=\"font-weight: 400;\">L\u00f5ika paberi \u00e4\u00e4red l\u00fchemaks ja suru need juustu vastu, kasutades lusikat.<\/span><\/li>\n<li><span style=\"font-weight: 400;\">Pane juust k\u00fclmikusse ning lase sel v\u00e4hemalt 1 p\u00e4ev seista, et maitsed saaksid seguneda ja tekstuur muutuks tihkemaks.<\/span><\/li>\n<li><span style=\"font-weight: 400;\">P\u00e4rast seismist eemalda k\u00fcpsetuspaber ja sinu vegan mandlijuust on valmis!<\/span><\/li>\n<li><span style=\"font-weight: 400;\">Soovitus: Naudi mandlijuustu r\u00f6stsaial, kasuta seda salatites v\u00f5i kombineeri seda maheda moosiga!<\/span><\/li>\n<\/ol>\n","protected":false},"excerpt":{"rendered":"<p><span style=\"font-weight: 400;\">Vaja l\u00e4heb:<\/span><\/p>\n<ul>\n<li><span style=\"font-weight: 400;\">1,5 tassi terveid mandleid, kooritud ja 8 tundi leotatud <a href=\"https:\/\/bio4you.eu\/et\/bio-tervis\/immuunsuesteemi-toetamiseks\/aluselised-tilgad-puriphy-60ml-toidulisand\">&#8220;Puriphy&#8221; tilkadega<\/a> rikastatud aluselises vees<\/span><\/li>\n<li><span style=\"font-weight: 400;\">1 t\u00f6rts sidrunimahla<\/span><\/li>\n<li><span style=\"font-weight: 400;\">1,5spl k\u00fc\u00fcslaugupulbrit<\/span><\/li>\n<li><span style=\"font-weight: 400;\">1spl toitep\u00e4rm<\/span><\/li>\n<li><span style=\"font-weight: 400;\">3 kuivatatud tomatit, reh\u00fcdreeritud<\/span><\/li>\n<li><span style=\"font-weight: 400;\">1spl Provance\u2019i \u00fcrdisegu<\/span><\/li>\n<li><span style=\"font-weight: 400;\">N\u00e4puotsat\u00e4is Himaalaja soola<\/span><\/li>\n<\/ul>\n","protected":false},"featured_media":4336,"comment_status":"open","ping_status":"closed","template":"","meta":{"_exactmetrics_skip_tracking":false,"_exactmetrics_sitenote_active":false,"_exactmetrics_sitenote_note":"","_exactmetrics_sitenote_category":0},"product_cat":[60,382,383,74],"product_tag":[464,411,465,463],"class_list":{"0":"post-4296","1":"product","2":"type-product","3":"status-publish","4":"has-post-thumbnail","6":"product_cat-toiduretseptid","7":"product_cat-vegan-toiduretseptid","8":"product_cat-taimetoit","9":"product_cat-kastmed-maarded-voided","10":"product_tag-mandlijuust","11":"product_tag-taimetoit","12":"product_tag-taimne-juust","13":"product_tag-vegan-juust","15":"first","16":"instock","17":"shipping-taxable","18":"product-type-simple"},"yoast_head":"<!-- This site is optimized with the Yoast SEO plugin v23.3 - https:\/\/yoast.com\/wordpress\/plugins\/seo\/ -->\n<title>Vegan mandlijuust - bio4you.eu\/retseptid<\/title>\n<meta name=\"description\" content=\"Valmista ise maitsev ja kreemjas vegan mandlijuust! See taimep\u00f5hine juust on ideaalne alternatiiv, t\u00e4is p\u00e4hklist maitset ja siidist tekstuuri. Sobib m\u00e4\u00e4rimiseks, viilutamiseks ja sulatamiseks. Proovi retsepti ja naudi puhtaid maitseid!\" \/>\n<meta name=\"robots\" content=\"index, follow, max-snippet:-1, max-image-preview:large, max-video-preview:-1\" \/>\n<link rel=\"canonical\" href=\"https:\/\/bio4you.eu\/retseptid\/toode\/vegan-mandlijuust\/\" \/>\n<meta property=\"og:locale\" content=\"et_EE\" \/>\n<meta property=\"og:type\" content=\"article\" \/>\n<meta property=\"og:title\" content=\"Tee ise maitsev vegan mandlijuust \u2013 lihtne ja tervislik retsept\" \/>\n<meta property=\"og:description\" content=\"Kas oled proovinud kodus valmistatud vegan mandlijuustu? See siidine, kreemjas ja p\u00e4hkline juust on suurep\u00e4rane alternatiiv traditsioonilisele juustule \u2013 t\u00e4istaimne, maitsev ja mitmek\u00fclgne! Proovi retsepti ja naudi!\" \/>\n<meta property=\"og:url\" content=\"https:\/\/bio4you.eu\/retseptid\/toode\/vegan-mandlijuust\/\" \/>\n<meta property=\"og:site_name\" content=\"bio4you.eu\/retseptid\" \/>\n<meta property=\"article:modified_time\" content=\"2025-03-26T11:26:25+00:00\" \/>\n<meta property=\"og:image\" content=\"https:\/\/bio4you.eu\/retseptid\/wp-content\/uploads\/2025\/03\/Vegan-mandlijuust-scaled.jpg\" \/>\n\t<meta property=\"og:image:width\" content=\"2560\" \/>\n\t<meta property=\"og:image:height\" content=\"1280\" \/>\n\t<meta property=\"og:image:type\" content=\"image\/jpeg\" \/>\n<meta name=\"twitter:label1\" content=\"Est. reading time\" \/>\n\t<meta name=\"twitter:data1\" content=\"1 minut\" \/>\n<script type=\"application\/ld+json\" class=\"yoast-schema-graph\">{\"@context\":\"https:\/\/schema.org\",\"@graph\":[{\"@type\":\"WebPage\",\"@id\":\"https:\/\/bio4you.eu\/retseptid\/toode\/vegan-mandlijuust\/\",\"url\":\"https:\/\/bio4you.eu\/retseptid\/toode\/vegan-mandlijuust\/\",\"name\":\"Vegan mandlijuust - bio4you.eu\/retseptid\",\"isPartOf\":{\"@id\":\"https:\/\/bio4you.eu\/retseptid\/#website\"},\"primaryImageOfPage\":{\"@id\":\"https:\/\/bio4you.eu\/retseptid\/toode\/vegan-mandlijuust\/#primaryimage\"},\"image\":{\"@id\":\"https:\/\/bio4you.eu\/retseptid\/toode\/vegan-mandlijuust\/#primaryimage\"},\"thumbnailUrl\":\"https:\/\/bio4you.eu\/retseptid\/wp-content\/uploads\/2025\/03\/Vegan-mandlijuust-scaled.jpg\",\"datePublished\":\"2025-03-04T12:51:43+00:00\",\"dateModified\":\"2025-03-26T11:26:25+00:00\",\"description\":\"Valmista ise maitsev ja kreemjas vegan mandlijuust! See taimep\u00f5hine juust on ideaalne alternatiiv, t\u00e4is p\u00e4hklist maitset ja siidist tekstuuri. Sobib m\u00e4\u00e4rimiseks, viilutamiseks ja sulatamiseks. Proovi retsepti ja naudi puhtaid maitseid!\",\"breadcrumb\":{\"@id\":\"https:\/\/bio4you.eu\/retseptid\/toode\/vegan-mandlijuust\/#breadcrumb\"},\"inLanguage\":\"et\",\"potentialAction\":[{\"@type\":\"ReadAction\",\"target\":[\"https:\/\/bio4you.eu\/retseptid\/toode\/vegan-mandlijuust\/\"]}]},{\"@type\":\"ImageObject\",\"inLanguage\":\"et\",\"@id\":\"https:\/\/bio4you.eu\/retseptid\/toode\/vegan-mandlijuust\/#primaryimage\",\"url\":\"https:\/\/bio4you.eu\/retseptid\/wp-content\/uploads\/2025\/03\/Vegan-mandlijuust-scaled.jpg\",\"contentUrl\":\"https:\/\/bio4you.eu\/retseptid\/wp-content\/uploads\/2025\/03\/Vegan-mandlijuust-scaled.jpg\",\"width\":2560,\"height\":1280,\"caption\":\"Vegan mandlijuust \u2013 siidine, p\u00e4hkline ja t\u00e4iesti taimep\u00f5hine!\"},{\"@type\":\"BreadcrumbList\",\"@id\":\"https:\/\/bio4you.eu\/retseptid\/toode\/vegan-mandlijuust\/#breadcrumb\",\"itemListElement\":[{\"@type\":\"ListItem\",\"position\":1,\"name\":\"Home\",\"item\":\"https:\/\/bio4you.eu\/retseptid\/\"},{\"@type\":\"ListItem\",\"position\":2,\"name\":\"Vegan mandlijuust\"}]},{\"@type\":\"WebSite\",\"@id\":\"https:\/\/bio4you.eu\/retseptid\/#website\",\"url\":\"https:\/\/bio4you.eu\/retseptid\/\",\"name\":\"bio4you.eu\/retseptid\",\"description\":\"\u00d6ko retseptid ise tegemiseks, looduslikest koostisainetest. Maitsev toit, iluhooldus, kodupuhastus ja aiandus.\",\"potentialAction\":[{\"@type\":\"SearchAction\",\"target\":{\"@type\":\"EntryPoint\",\"urlTemplate\":\"https:\/\/bio4you.eu\/retseptid\/?s={search_term_string}\"},\"query-input\":\"required name=search_term_string\"}],\"inLanguage\":\"et\"}]}<\/script>\n<!-- \/ Yoast SEO plugin. -->","yoast_head_json":{"title":"Vegan mandlijuust - bio4you.eu\/retseptid","description":"Valmista ise maitsev ja kreemjas vegan mandlijuust! See taimep\u00f5hine juust on ideaalne alternatiiv, t\u00e4is p\u00e4hklist maitset ja siidist tekstuuri. Sobib m\u00e4\u00e4rimiseks, viilutamiseks ja sulatamiseks. Proovi retsepti ja naudi puhtaid maitseid!","robots":{"index":"index","follow":"follow","max-snippet":"max-snippet:-1","max-image-preview":"max-image-preview:large","max-video-preview":"max-video-preview:-1"},"canonical":"https:\/\/bio4you.eu\/retseptid\/toode\/vegan-mandlijuust\/","og_locale":"et_EE","og_type":"article","og_title":"Tee ise maitsev vegan mandlijuust \u2013 lihtne ja tervislik retsept","og_description":"Kas oled proovinud kodus valmistatud vegan mandlijuustu? See siidine, kreemjas ja p\u00e4hkline juust on suurep\u00e4rane alternatiiv traditsioonilisele juustule \u2013 t\u00e4istaimne, maitsev ja mitmek\u00fclgne! Proovi retsepti ja naudi!","og_url":"https:\/\/bio4you.eu\/retseptid\/toode\/vegan-mandlijuust\/","og_site_name":"bio4you.eu\/retseptid","article_modified_time":"2025-03-26T11:26:25+00:00","og_image":[{"width":2560,"height":1280,"url":"https:\/\/bio4you.eu\/retseptid\/wp-content\/uploads\/2025\/03\/Vegan-mandlijuust-scaled.jpg","type":"image\/jpeg"}],"twitter_misc":{"Est. reading time":"1 minut"},"schema":{"@context":"https:\/\/schema.org","@graph":[{"@type":"WebPage","@id":"https:\/\/bio4you.eu\/retseptid\/toode\/vegan-mandlijuust\/","url":"https:\/\/bio4you.eu\/retseptid\/toode\/vegan-mandlijuust\/","name":"Vegan mandlijuust - bio4you.eu\/retseptid","isPartOf":{"@id":"https:\/\/bio4you.eu\/retseptid\/#website"},"primaryImageOfPage":{"@id":"https:\/\/bio4you.eu\/retseptid\/toode\/vegan-mandlijuust\/#primaryimage"},"image":{"@id":"https:\/\/bio4you.eu\/retseptid\/toode\/vegan-mandlijuust\/#primaryimage"},"thumbnailUrl":"https:\/\/bio4you.eu\/retseptid\/wp-content\/uploads\/2025\/03\/Vegan-mandlijuust-scaled.jpg","datePublished":"2025-03-04T12:51:43+00:00","dateModified":"2025-03-26T11:26:25+00:00","description":"Valmista ise maitsev ja kreemjas vegan mandlijuust! See taimep\u00f5hine juust on ideaalne alternatiiv, t\u00e4is p\u00e4hklist maitset ja siidist tekstuuri. Sobib m\u00e4\u00e4rimiseks, viilutamiseks ja sulatamiseks. Proovi retsepti ja naudi puhtaid maitseid!","breadcrumb":{"@id":"https:\/\/bio4you.eu\/retseptid\/toode\/vegan-mandlijuust\/#breadcrumb"},"inLanguage":"et","potentialAction":[{"@type":"ReadAction","target":["https:\/\/bio4you.eu\/retseptid\/toode\/vegan-mandlijuust\/"]}]},{"@type":"ImageObject","inLanguage":"et","@id":"https:\/\/bio4you.eu\/retseptid\/toode\/vegan-mandlijuust\/#primaryimage","url":"https:\/\/bio4you.eu\/retseptid\/wp-content\/uploads\/2025\/03\/Vegan-mandlijuust-scaled.jpg","contentUrl":"https:\/\/bio4you.eu\/retseptid\/wp-content\/uploads\/2025\/03\/Vegan-mandlijuust-scaled.jpg","width":2560,"height":1280,"caption":"Vegan mandlijuust \u2013 siidine, p\u00e4hkline ja t\u00e4iesti taimep\u00f5hine!"},{"@type":"BreadcrumbList","@id":"https:\/\/bio4you.eu\/retseptid\/toode\/vegan-mandlijuust\/#breadcrumb","itemListElement":[{"@type":"ListItem","position":1,"name":"Home","item":"https:\/\/bio4you.eu\/retseptid\/"},{"@type":"ListItem","position":2,"name":"Vegan mandlijuust"}]},{"@type":"WebSite","@id":"https:\/\/bio4you.eu\/retseptid\/#website","url":"https:\/\/bio4you.eu\/retseptid\/","name":"bio4you.eu\/retseptid","description":"\u00d6ko retseptid ise tegemiseks, looduslikest koostisainetest. Maitsev toit, iluhooldus, kodupuhastus ja aiandus.","potentialAction":[{"@type":"SearchAction","target":{"@type":"EntryPoint","urlTemplate":"https:\/\/bio4you.eu\/retseptid\/?s={search_term_string}"},"query-input":"required name=search_term_string"}],"inLanguage":"et"}]}},"_links":{"self":[{"href":"https:\/\/bio4you.eu\/retseptid\/wp-json\/wp\/v2\/product\/4296"}],"collection":[{"href":"https:\/\/bio4you.eu\/retseptid\/wp-json\/wp\/v2\/product"}],"about":[{"href":"https:\/\/bio4you.eu\/retseptid\/wp-json\/wp\/v2\/types\/product"}],"replies":[{"embeddable":true,"href":"https:\/\/bio4you.eu\/retseptid\/wp-json\/wp\/v2\/comments?post=4296"}],"wp:featuredmedia":[{"embeddable":true,"href":"https:\/\/bio4you.eu\/retseptid\/wp-json\/wp\/v2\/media\/4336"}],"wp:attachment":[{"href":"https:\/\/bio4you.eu\/retseptid\/wp-json\/wp\/v2\/media?parent=4296"}],"wp:term":[{"taxonomy":"product_cat","embeddable":true,"href":"https:\/\/bio4you.eu\/retseptid\/wp-json\/wp\/v2\/product_cat?post=4296"},{"taxonomy":"product_tag","embeddable":true,"href":"https:\/\/bio4you.eu\/retseptid\/wp-json\/wp\/v2\/product_tag?post=4296"}],"curies":[{"name":"wp","href":"https:\/\/api.w.org\/{rel}","templated":true}]}}