{"id":4297,"date":"2025-03-12T15:17:40","date_gmt":"2025-03-12T13:17:40","guid":{"rendered":"https:\/\/bio4you.eu\/retseptid\/?post_type=product&#038;p=4297"},"modified":"2025-03-26T13:27:34","modified_gmt":"2025-03-26T11:27:34","slug":"taimne-carbonara","status":"publish","type":"product","link":"https:\/\/bio4you.eu\/retseptid\/toode\/taimne-carbonara\/","title":{"rendered":"Taimne Carbonara"},"content":{"rendered":"<p><span style=\"font-weight: 400;\">KIRJELDUS<\/span><\/p>\n<p><span style=\"font-weight: 400;\">Valmistamine:<\/span><\/p>\n<ol>\n<li><span style=\"font-weight: 400;\">Vala taimne muna (Veg Egg) suurele pannile, lisa sool, pipar ja muskaatp\u00e4hkel ning kuumuta madalal kuumusel paar minutit.<\/span><\/li>\n<li><span style=\"font-weight: 400;\">Keeda samal ajal spagetid (soovitavalt al dente) rohkes soolaga maitsestatud vees vastavalt pakendi juhistele. Kurna spagetid, j\u00e4ttes osa keeduveest alles.<\/span><\/li>\n<li><span style=\"font-weight: 400;\">Sega spagetid taimse muna kreemiga, lisades keeduvett, kuni saad kreemja tekstuuri.<\/span><\/li>\n<li><span style=\"font-weight: 400;\">Prae taimne peekonialternatiiv eraldi k\u00f5rgel kuumusel, kuni see muutub kr\u00f5bedaks.<\/span><\/li>\n<li><span style=\"font-weight: 400;\">Serveeri pasta, lisa peale praetud peekon, puista \u00fcle musta pipraga ning raputa peale taimset pecorino-alternatiivi.<\/span><\/li>\n<li><span style=\"font-weight: 400;\">Naudi klassikalist carbonarat taimse ja maitserikka twistiga!<\/span><\/li>\n<\/ol>\n","protected":false},"excerpt":{"rendered":"<p><span style=\"font-weight: 400;\">Vaja l\u00e4heb (4 portsjoni jaoks):<\/span><\/p>\n<ul>\n<li><span style=\"font-weight: 400;\">1 pakk <a href=\"https:\/\/bio4you.eu\/et\/bio-toit\/biotoit-maitseained-ja-magustajad\/kergitus-ja-abiained-sooda\/munaasendaja-veg-egg-500g\">taimset munaasendajat &#8220;Veg Egg&#8221;<\/a><\/span><\/li>\n<li><span style=\"font-weight: 400;\">400g spagette<\/span><\/li>\n<li><span style=\"font-weight: 400;\">200g taimset peekonialternatiivi (v\u00f5i muud taimset meelep\u00e4rast lihaalternatiivi)<\/span><\/li>\n<li><span style=\"font-weight: 400;\">100g taimset pecorino juustu alternatiivi\u00a0<\/span><\/li>\n<li><span style=\"font-weight: 400;\">\u00bd tl muskaatp\u00e4hklit<\/span><\/li>\n<li><span style=\"font-weight: 400;\">1 riiv musta pipart<\/span><\/li>\n<li><span style=\"font-weight: 400;\">N\u00e4puotsat\u00e4is soola<\/span><\/li>\n<\/ul>\n","protected":false},"featured_media":4337,"comment_status":"open","ping_status":"closed","template":"","meta":{"_exactmetrics_skip_tracking":false,"_exactmetrics_sitenote_active":false,"_exactmetrics_sitenote_note":"","_exactmetrics_sitenote_category":0},"product_cat":[59,60,382,383,70],"product_tag":[471,475,420,472,474,473],"class_list":{"0":"post-4297","1":"product","2":"type-product","3":"status-publish","4":"has-post-thumbnail","6":"product_cat-featured","7":"product_cat-toiduretseptid","8":"product_cat-vegan-toiduretseptid","9":"product_cat-taimetoit","10":"product_cat-pastaroad","11":"product_tag-carbonara","12":"product_tag-munaasendaja","13":"product_tag-ohtusook","14":"product_tag-pasta","15":"product_tag-vegan-carbonara","16":"product_tag-vegan-pasta","18":"first","19":"instock","20":"featured","21":"shipping-taxable","22":"product-type-simple"},"yoast_head":"<!-- This site is optimized with the Yoast SEO plugin v23.3 - https:\/\/yoast.com\/wordpress\/plugins\/seo\/ -->\n<title>Taimne Carbonara - bio4you.eu\/retseptid<\/title>\n<meta name=\"description\" content=\"Proovi taimset carbonarat, mis on sama kreemjas ja maitsek\u00fcllane kui klassikaline variant! 100% taimep\u00f5hine retsept, mis toob lauale rikkalikud maitsed ilma piimatoodete ja lihata. Naudi Itaalia k\u00f6\u00f6ki uuel moel!\" \/>\n<meta name=\"robots\" content=\"index, follow, max-snippet:-1, max-image-preview:large, max-video-preview:-1\" \/>\n<link rel=\"canonical\" href=\"https:\/\/bio4you.eu\/retseptid\/toode\/taimne-carbonara\/\" \/>\n<meta property=\"og:locale\" content=\"et_EE\" \/>\n<meta property=\"og:type\" content=\"article\" \/>\n<meta property=\"og:title\" content=\"Kreemjas ja maitsek\u00fcllane taimne carbonara \u2013 proovi seda lihtsat retsepti!\" \/>\n<meta property=\"og:description\" content=\"Kreemjas ja maitsek\u00fcllane taimne carbonara, mis on sama nauditav kui klassikaline versioon. See retsept toob lauale s\u00fcgavad maitsed ilma piimatoodete ja lihata. Valmista ja avasta uus lemmikroog!\" \/>\n<meta property=\"og:url\" content=\"https:\/\/bio4you.eu\/retseptid\/toode\/taimne-carbonara\/\" \/>\n<meta property=\"og:site_name\" content=\"bio4you.eu\/retseptid\" \/>\n<meta property=\"article:modified_time\" content=\"2025-03-26T11:27:34+00:00\" \/>\n<meta property=\"og:image\" content=\"https:\/\/bio4you.eu\/retseptid\/wp-content\/uploads\/2025\/03\/carbonara-pasta-scaled.jpg\" \/>\n\t<meta property=\"og:image:width\" content=\"2560\" \/>\n\t<meta property=\"og:image:height\" content=\"1280\" \/>\n\t<meta property=\"og:image:type\" content=\"image\/jpeg\" \/>\n<meta name=\"twitter:label1\" content=\"Est. reading time\" \/>\n\t<meta name=\"twitter:data1\" content=\"1 minut\" \/>\n<script type=\"application\/ld+json\" class=\"yoast-schema-graph\">{\"@context\":\"https:\/\/schema.org\",\"@graph\":[{\"@type\":\"WebPage\",\"@id\":\"https:\/\/bio4you.eu\/retseptid\/toode\/taimne-carbonara\/\",\"url\":\"https:\/\/bio4you.eu\/retseptid\/toode\/taimne-carbonara\/\",\"name\":\"Taimne Carbonara - bio4you.eu\/retseptid\",\"isPartOf\":{\"@id\":\"https:\/\/bio4you.eu\/retseptid\/#website\"},\"primaryImageOfPage\":{\"@id\":\"https:\/\/bio4you.eu\/retseptid\/toode\/taimne-carbonara\/#primaryimage\"},\"image\":{\"@id\":\"https:\/\/bio4you.eu\/retseptid\/toode\/taimne-carbonara\/#primaryimage\"},\"thumbnailUrl\":\"https:\/\/bio4you.eu\/retseptid\/wp-content\/uploads\/2025\/03\/carbonara-pasta-scaled.jpg\",\"datePublished\":\"2025-03-12T13:17:40+00:00\",\"dateModified\":\"2025-03-26T11:27:34+00:00\",\"description\":\"Proovi taimset carbonarat, mis on sama kreemjas ja maitsek\u00fcllane kui klassikaline variant! 100% taimep\u00f5hine retsept, mis toob lauale rikkalikud maitsed ilma piimatoodete ja lihata. Naudi Itaalia k\u00f6\u00f6ki uuel moel!\",\"breadcrumb\":{\"@id\":\"https:\/\/bio4you.eu\/retseptid\/toode\/taimne-carbonara\/#breadcrumb\"},\"inLanguage\":\"et\",\"potentialAction\":[{\"@type\":\"ReadAction\",\"target\":[\"https:\/\/bio4you.eu\/retseptid\/toode\/taimne-carbonara\/\"]}]},{\"@type\":\"ImageObject\",\"inLanguage\":\"et\",\"@id\":\"https:\/\/bio4you.eu\/retseptid\/toode\/taimne-carbonara\/#primaryimage\",\"url\":\"https:\/\/bio4you.eu\/retseptid\/wp-content\/uploads\/2025\/03\/carbonara-pasta-scaled.jpg\",\"contentUrl\":\"https:\/\/bio4you.eu\/retseptid\/wp-content\/uploads\/2025\/03\/carbonara-pasta-scaled.jpg\",\"width\":2560,\"height\":1280,\"caption\":\"Taimne carbonara \u2013 kogu klassikaline maitse, 100% taimselt!\"},{\"@type\":\"BreadcrumbList\",\"@id\":\"https:\/\/bio4you.eu\/retseptid\/toode\/taimne-carbonara\/#breadcrumb\",\"itemListElement\":[{\"@type\":\"ListItem\",\"position\":1,\"name\":\"Home\",\"item\":\"https:\/\/bio4you.eu\/retseptid\/\"},{\"@type\":\"ListItem\",\"position\":2,\"name\":\"Taimne Carbonara\"}]},{\"@type\":\"WebSite\",\"@id\":\"https:\/\/bio4you.eu\/retseptid\/#website\",\"url\":\"https:\/\/bio4you.eu\/retseptid\/\",\"name\":\"bio4you.eu\/retseptid\",\"description\":\"\u00d6ko retseptid ise tegemiseks, looduslikest koostisainetest. Maitsev toit, iluhooldus, kodupuhastus ja aiandus.\",\"potentialAction\":[{\"@type\":\"SearchAction\",\"target\":{\"@type\":\"EntryPoint\",\"urlTemplate\":\"https:\/\/bio4you.eu\/retseptid\/?s={search_term_string}\"},\"query-input\":\"required name=search_term_string\"}],\"inLanguage\":\"et\"}]}<\/script>\n<!-- \/ Yoast SEO plugin. -->","yoast_head_json":{"title":"Taimne Carbonara - bio4you.eu\/retseptid","description":"Proovi taimset carbonarat, mis on sama kreemjas ja maitsek\u00fcllane kui klassikaline variant! 100% taimep\u00f5hine retsept, mis toob lauale rikkalikud maitsed ilma piimatoodete ja lihata. Naudi Itaalia k\u00f6\u00f6ki uuel moel!","robots":{"index":"index","follow":"follow","max-snippet":"max-snippet:-1","max-image-preview":"max-image-preview:large","max-video-preview":"max-video-preview:-1"},"canonical":"https:\/\/bio4you.eu\/retseptid\/toode\/taimne-carbonara\/","og_locale":"et_EE","og_type":"article","og_title":"Kreemjas ja maitsek\u00fcllane taimne carbonara \u2013 proovi seda lihtsat retsepti!","og_description":"Kreemjas ja maitsek\u00fcllane taimne carbonara, mis on sama nauditav kui klassikaline versioon. See retsept toob lauale s\u00fcgavad maitsed ilma piimatoodete ja lihata. Valmista ja avasta uus lemmikroog!","og_url":"https:\/\/bio4you.eu\/retseptid\/toode\/taimne-carbonara\/","og_site_name":"bio4you.eu\/retseptid","article_modified_time":"2025-03-26T11:27:34+00:00","og_image":[{"width":2560,"height":1280,"url":"https:\/\/bio4you.eu\/retseptid\/wp-content\/uploads\/2025\/03\/carbonara-pasta-scaled.jpg","type":"image\/jpeg"}],"twitter_misc":{"Est. reading time":"1 minut"},"schema":{"@context":"https:\/\/schema.org","@graph":[{"@type":"WebPage","@id":"https:\/\/bio4you.eu\/retseptid\/toode\/taimne-carbonara\/","url":"https:\/\/bio4you.eu\/retseptid\/toode\/taimne-carbonara\/","name":"Taimne Carbonara - bio4you.eu\/retseptid","isPartOf":{"@id":"https:\/\/bio4you.eu\/retseptid\/#website"},"primaryImageOfPage":{"@id":"https:\/\/bio4you.eu\/retseptid\/toode\/taimne-carbonara\/#primaryimage"},"image":{"@id":"https:\/\/bio4you.eu\/retseptid\/toode\/taimne-carbonara\/#primaryimage"},"thumbnailUrl":"https:\/\/bio4you.eu\/retseptid\/wp-content\/uploads\/2025\/03\/carbonara-pasta-scaled.jpg","datePublished":"2025-03-12T13:17:40+00:00","dateModified":"2025-03-26T11:27:34+00:00","description":"Proovi taimset carbonarat, mis on sama kreemjas ja maitsek\u00fcllane kui klassikaline variant! 100% taimep\u00f5hine retsept, mis toob lauale rikkalikud maitsed ilma piimatoodete ja lihata. Naudi Itaalia k\u00f6\u00f6ki uuel moel!","breadcrumb":{"@id":"https:\/\/bio4you.eu\/retseptid\/toode\/taimne-carbonara\/#breadcrumb"},"inLanguage":"et","potentialAction":[{"@type":"ReadAction","target":["https:\/\/bio4you.eu\/retseptid\/toode\/taimne-carbonara\/"]}]},{"@type":"ImageObject","inLanguage":"et","@id":"https:\/\/bio4you.eu\/retseptid\/toode\/taimne-carbonara\/#primaryimage","url":"https:\/\/bio4you.eu\/retseptid\/wp-content\/uploads\/2025\/03\/carbonara-pasta-scaled.jpg","contentUrl":"https:\/\/bio4you.eu\/retseptid\/wp-content\/uploads\/2025\/03\/carbonara-pasta-scaled.jpg","width":2560,"height":1280,"caption":"Taimne carbonara \u2013 kogu klassikaline maitse, 100% taimselt!"},{"@type":"BreadcrumbList","@id":"https:\/\/bio4you.eu\/retseptid\/toode\/taimne-carbonara\/#breadcrumb","itemListElement":[{"@type":"ListItem","position":1,"name":"Home","item":"https:\/\/bio4you.eu\/retseptid\/"},{"@type":"ListItem","position":2,"name":"Taimne Carbonara"}]},{"@type":"WebSite","@id":"https:\/\/bio4you.eu\/retseptid\/#website","url":"https:\/\/bio4you.eu\/retseptid\/","name":"bio4you.eu\/retseptid","description":"\u00d6ko retseptid ise tegemiseks, looduslikest koostisainetest. Maitsev toit, iluhooldus, kodupuhastus ja aiandus.","potentialAction":[{"@type":"SearchAction","target":{"@type":"EntryPoint","urlTemplate":"https:\/\/bio4you.eu\/retseptid\/?s={search_term_string}"},"query-input":"required name=search_term_string"}],"inLanguage":"et"}]}},"_links":{"self":[{"href":"https:\/\/bio4you.eu\/retseptid\/wp-json\/wp\/v2\/product\/4297"}],"collection":[{"href":"https:\/\/bio4you.eu\/retseptid\/wp-json\/wp\/v2\/product"}],"about":[{"href":"https:\/\/bio4you.eu\/retseptid\/wp-json\/wp\/v2\/types\/product"}],"replies":[{"embeddable":true,"href":"https:\/\/bio4you.eu\/retseptid\/wp-json\/wp\/v2\/comments?post=4297"}],"wp:featuredmedia":[{"embeddable":true,"href":"https:\/\/bio4you.eu\/retseptid\/wp-json\/wp\/v2\/media\/4337"}],"wp:attachment":[{"href":"https:\/\/bio4you.eu\/retseptid\/wp-json\/wp\/v2\/media?parent=4297"}],"wp:term":[{"taxonomy":"product_cat","embeddable":true,"href":"https:\/\/bio4you.eu\/retseptid\/wp-json\/wp\/v2\/product_cat?post=4297"},{"taxonomy":"product_tag","embeddable":true,"href":"https:\/\/bio4you.eu\/retseptid\/wp-json\/wp\/v2\/product_tag?post=4297"}],"curies":[{"name":"wp","href":"https:\/\/api.w.org\/{rel}","templated":true}]}}