{"id":4298,"date":"2025-03-19T15:51:14","date_gmt":"2025-03-19T13:51:14","guid":{"rendered":"https:\/\/bio4you.eu\/retseptid\/?post_type=product&#038;p=4298"},"modified":"2025-03-26T13:30:10","modified_gmt":"2025-03-26T11:30:10","slug":"vegan-kaneelirullid","status":"publish","type":"product","link":"https:\/\/bio4you.eu\/retseptid\/toode\/vegan-kaneelirullid\/","title":{"rendered":"Vegan kaneelirullid"},"content":{"rendered":"<p><span style=\"font-weight: 400;\">KIRJELDUS<\/span><\/p>\n<p><span style=\"font-weight: 400;\">Valmistamine:<\/span><\/p>\n<ol>\n<li><span style=\"font-weight: 400;\">Taigna valmistamine: Vala kaerajook kaussi, lahusta selles p\u00e4rm ja suhkur ning sega hoolikalt.<\/span><\/li>\n<li><span style=\"font-weight: 400;\">Sega eraldi kausis kokku m\u00f5lemad jahud ja sool. Lisa eelnevas sammus kokku segatud taimse joogi ja p\u00e4rmi vedelik ning alusta k\u00e4tega s\u00f5tkumist.<\/span><\/li>\n<li><span style=\"font-weight: 400;\">Lisa kookos\u00f5li ning j\u00e4tka s\u00f5tkumist, kuni saad \u00fchtlase ja elastse taigna. Lase taignal kerkida, kuniks see on kahekordistunud.<\/span><\/li>\n<li><span style=\"font-weight: 400;\">Kui taigen on kerkinud, rulli see jahusel pinnal u 1 cm paksuseks ristk\u00fclikuks.<\/span><\/li>\n<li><span style=\"font-weight: 400;\">T\u00e4idise lisamine: M\u00e4\u00e4ri kogu taignle kaera desserti kakaoga, j\u00e4ttes \u00e4\u00e4rtesse umbes 0,5 cm t\u00fchja ruumi.<\/span><\/li>\n<li><span style=\"font-weight: 400;\">Raputa peale kaneel, hakitud p\u00e4hklid ja purustatud k\u00fcpsised.<\/span><\/li>\n<li><span style=\"font-weight: 400;\">Rulli taigen tihedalt pika rullina kokku ning l\u00f5ika sellest 5\u20136 cm paksused viilud.<\/span><\/li>\n<li><span style=\"font-weight: 400;\">K\u00fcpsetamine: Aseta rullid k\u00fcpsetuspaberiga kaetud ahjuplaadile, j\u00e4ttes vahele piisavalt ruumi, et saiakesed saaksid kerkida.<\/span><\/li>\n<li><span style=\"font-weight: 400;\">Lase rullidel ahjuplaadil veel kerkida, kuni need on kahekordistunud.<\/span><\/li>\n<li><span style=\"font-weight: 400;\">Pintselda kaneelirullid kaerajoogiga ning k\u00fcpseta eelkuumutatud ahjus 170\u00b0C juures 18\u201320 minutit.<\/span><\/li>\n<li><span style=\"font-weight: 400;\">T\u00f5sta ahjust v\u00e4lja ja lase enne serveerimist veidi jahtuda.<\/span><\/li>\n<li><span style=\"font-weight: 400;\">Naudi sooje ja pehmeid taimseid kaneelirulle!<\/span><\/li>\n<\/ol>\n","protected":false},"excerpt":{"rendered":"<p><span style=\"font-weight: 400;\">Vaja l\u00e4heb (8\u20139 kaneelirulli):<\/span><\/p>\n<p><span style=\"font-weight: 400;\">Tainas:<\/span><\/p>\n<ul>\n<li><span style=\"font-weight: 400;\">125g T\u00e4isteranisujahu (T110 v\u00f5i T1050)<\/span><\/li>\n<li><span style=\"font-weight: 400;\">125g Tavalist nisujahu (T550)<\/span><\/li>\n<li><span style=\"font-weight: 400;\">180g <a href=\"https:\/\/bio4you.eu\/et\/bio-toit\/joogid-ja-joogipulbrid\/taimsed-joogid-ja-kreemid\/barista-kaerajook-1l\">Bio Barista kaerajooki<\/a><\/span><\/li>\n<li><span style=\"font-weight: 400;\">30g pruuni suhkrut<\/span><\/li>\n<li><span style=\"font-weight: 400;\">25g kookos\u00f5li (nt, <a href=\"https:\/\/bio4you.eu\/et\/bio-toit\/toiduolid-kastmed-ja-kreemid\/kookosoli-ja-rasv\/kookosoli-lohnatu-500ml\">Maya Gold kookos\u00f5li, l\u00f5hnatu, 500ml)<\/a><\/span><\/li>\n<li><span style=\"font-weight: 400;\">4g soola<\/span><\/li>\n<li><span style=\"font-weight: 400;\"><span style=\"font-weight: 400;\">4g v\u00e4rsket p\u00e4rmi<\/span><\/span><span style=\"font-weight: 400;\">T\u00e4idis:<\/span><\/li>\n<li><span style=\"font-weight: 400;\">2 pakki <a href=\"https:\/\/bio4you.eu\/et\/bio-toit\/mueslid-snaekid-ja-desserdid\/kaera-kakao-dessert-2x130g\">Bio Kaera Desserti Kakaoga<\/a><\/span><\/li>\n<li><span style=\"font-weight: 400;\">100g hakitud kreeka p\u00e4hkleid (nt, <a href=\"https:\/\/bio4you.eu\/et\/bio-toit\/looduslikud-supertoidud\/paehklid-ja-seemned\/kreeka-paehklid-100g\">Fior di Loto Kreeka p\u00e4hklid, 100g<\/a>)<\/span><\/li>\n<li><span style=\"font-weight: 400;\">2tl kaneeli<\/span><\/li>\n<li><span style=\"font-weight: 400;\">5\u20136 purustatud tavalist k\u00fcpsist<\/span><\/li>\n<li><span style=\"font-weight: 400;\">N\u00e4puotsat\u00e4is soola<\/span><\/li>\n<li><span style=\"font-weight: 400;\">Bio Barista kaerajooki vastavalt vajadusele<\/span><\/li>\n<\/ul>\n","protected":false},"featured_media":4338,"comment_status":"open","ping_status":"closed","template":"","meta":{"_exactmetrics_skip_tracking":false,"_exactmetrics_sitenote_active":false,"_exactmetrics_sitenote_note":"","_exactmetrics_sitenote_category":0},"product_cat":[59,382,383,280],"product_tag":[480,476,477,479,481,478],"class_list":{"0":"post-4298","1":"product","2":"type-product","3":"status-publish","4":"has-post-thumbnail","6":"product_cat-featured","7":"product_cat-vegan-toiduretseptid","8":"product_cat-taimetoit","9":"product_cat-koogid-ja-kupsised","10":"product_tag-kaneelirull-pahkliga","11":"product_tag-kaneelirullid","12":"product_tag-kupsetised","13":"product_tag-maitsvad-kaneelirullid","14":"product_tag-taimsed-kaneelirullid","15":"product_tag-vegan-kaneelirullid","17":"first","18":"instock","19":"shipping-taxable","20":"product-type-simple"},"yoast_head":"<!-- This site is optimized with the Yoast SEO plugin v23.3 - https:\/\/yoast.com\/wordpress\/plugins\/seo\/ -->\n<title>Vegan kaneelirullid - bio4you.eu\/retseptid<\/title>\n<meta name=\"description\" content=\"Valmista pehmed ja aromaatsed vegan kaneelirullid, mis on sama maitsvad kui klassikalised. Lihtne ja taimep\u00f5hine retsept, mis sobib igale magusas\u00f5brale.\" \/>\n<meta name=\"robots\" content=\"index, follow, max-snippet:-1, max-image-preview:large, max-video-preview:-1\" \/>\n<link rel=\"canonical\" href=\"https:\/\/bio4you.eu\/retseptid\/toode\/vegan-kaneelirullid\/\" \/>\n<meta property=\"og:locale\" content=\"et_EE\" \/>\n<meta property=\"og:type\" content=\"article\" \/>\n<meta property=\"og:title\" content=\"Vegan kaneelirullid \u2013 pehmed, magusad ja t\u00e4iuslikud!\" \/>\n<meta property=\"og:description\" content=\"Kas oled proovinud vegan kaneelirulle? See lihtne retsept annab tulemuseks pehmed, karamellise sisuga ja t\u00e4iuslikult kaneelised rullid \u2013 t\u00e4iesti taimselt ja ilma piimatoodeteta. T\u00e4iuslik maius igaks p\u00e4evaks!\" \/>\n<meta property=\"og:url\" content=\"https:\/\/bio4you.eu\/retseptid\/toode\/vegan-kaneelirullid\/\" \/>\n<meta property=\"og:site_name\" content=\"bio4you.eu\/retseptid\" \/>\n<meta property=\"article:modified_time\" content=\"2025-03-26T11:30:10+00:00\" \/>\n<meta property=\"og:image\" content=\"https:\/\/bio4you.eu\/retseptid\/wp-content\/uploads\/2025\/03\/485732081_1113620273897956_5801510619135887179_n.jpg\" \/>\n\t<meta property=\"og:image:width\" content=\"1114\" \/>\n\t<meta property=\"og:image:height\" content=\"946\" \/>\n\t<meta property=\"og:image:type\" content=\"image\/jpeg\" \/>\n<meta name=\"twitter:label1\" content=\"Est. reading time\" \/>\n\t<meta name=\"twitter:data1\" content=\"2 minutit\" \/>\n<script type=\"application\/ld+json\" class=\"yoast-schema-graph\">{\"@context\":\"https:\/\/schema.org\",\"@graph\":[{\"@type\":\"WebPage\",\"@id\":\"https:\/\/bio4you.eu\/retseptid\/toode\/vegan-kaneelirullid\/\",\"url\":\"https:\/\/bio4you.eu\/retseptid\/toode\/vegan-kaneelirullid\/\",\"name\":\"Vegan kaneelirullid - bio4you.eu\/retseptid\",\"isPartOf\":{\"@id\":\"https:\/\/bio4you.eu\/retseptid\/#website\"},\"primaryImageOfPage\":{\"@id\":\"https:\/\/bio4you.eu\/retseptid\/toode\/vegan-kaneelirullid\/#primaryimage\"},\"image\":{\"@id\":\"https:\/\/bio4you.eu\/retseptid\/toode\/vegan-kaneelirullid\/#primaryimage\"},\"thumbnailUrl\":\"https:\/\/bio4you.eu\/retseptid\/wp-content\/uploads\/2025\/03\/485732081_1113620273897956_5801510619135887179_n.jpg\",\"datePublished\":\"2025-03-19T13:51:14+00:00\",\"dateModified\":\"2025-03-26T11:30:10+00:00\",\"description\":\"Valmista pehmed ja aromaatsed vegan kaneelirullid, mis on sama maitsvad kui klassikalised. Lihtne ja taimep\u00f5hine retsept, mis sobib igale magusas\u00f5brale.\",\"breadcrumb\":{\"@id\":\"https:\/\/bio4you.eu\/retseptid\/toode\/vegan-kaneelirullid\/#breadcrumb\"},\"inLanguage\":\"et\",\"potentialAction\":[{\"@type\":\"ReadAction\",\"target\":[\"https:\/\/bio4you.eu\/retseptid\/toode\/vegan-kaneelirullid\/\"]}]},{\"@type\":\"ImageObject\",\"inLanguage\":\"et\",\"@id\":\"https:\/\/bio4you.eu\/retseptid\/toode\/vegan-kaneelirullid\/#primaryimage\",\"url\":\"https:\/\/bio4you.eu\/retseptid\/wp-content\/uploads\/2025\/03\/485732081_1113620273897956_5801510619135887179_n.jpg\",\"contentUrl\":\"https:\/\/bio4you.eu\/retseptid\/wp-content\/uploads\/2025\/03\/485732081_1113620273897956_5801510619135887179_n.jpg\",\"width\":1114,\"height\":946,\"caption\":\"Vegan kaneelirullid \u2013 pehmed, magusad ja t\u00e4iuslikult v\u00fcrtsikad.\"},{\"@type\":\"BreadcrumbList\",\"@id\":\"https:\/\/bio4you.eu\/retseptid\/toode\/vegan-kaneelirullid\/#breadcrumb\",\"itemListElement\":[{\"@type\":\"ListItem\",\"position\":1,\"name\":\"Home\",\"item\":\"https:\/\/bio4you.eu\/retseptid\/\"},{\"@type\":\"ListItem\",\"position\":2,\"name\":\"Vegan kaneelirullid\"}]},{\"@type\":\"WebSite\",\"@id\":\"https:\/\/bio4you.eu\/retseptid\/#website\",\"url\":\"https:\/\/bio4you.eu\/retseptid\/\",\"name\":\"bio4you.eu\/retseptid\",\"description\":\"\u00d6ko retseptid ise tegemiseks, looduslikest koostisainetest. Maitsev toit, iluhooldus, kodupuhastus ja aiandus.\",\"potentialAction\":[{\"@type\":\"SearchAction\",\"target\":{\"@type\":\"EntryPoint\",\"urlTemplate\":\"https:\/\/bio4you.eu\/retseptid\/?s={search_term_string}\"},\"query-input\":\"required name=search_term_string\"}],\"inLanguage\":\"et\"}]}<\/script>\n<!-- \/ Yoast SEO plugin. -->","yoast_head_json":{"title":"Vegan kaneelirullid - bio4you.eu\/retseptid","description":"Valmista pehmed ja aromaatsed vegan kaneelirullid, mis on sama maitsvad kui klassikalised. Lihtne ja taimep\u00f5hine retsept, mis sobib igale magusas\u00f5brale.","robots":{"index":"index","follow":"follow","max-snippet":"max-snippet:-1","max-image-preview":"max-image-preview:large","max-video-preview":"max-video-preview:-1"},"canonical":"https:\/\/bio4you.eu\/retseptid\/toode\/vegan-kaneelirullid\/","og_locale":"et_EE","og_type":"article","og_title":"Vegan kaneelirullid \u2013 pehmed, magusad ja t\u00e4iuslikud!","og_description":"Kas oled proovinud vegan kaneelirulle? See lihtne retsept annab tulemuseks pehmed, karamellise sisuga ja t\u00e4iuslikult kaneelised rullid \u2013 t\u00e4iesti taimselt ja ilma piimatoodeteta. T\u00e4iuslik maius igaks p\u00e4evaks!","og_url":"https:\/\/bio4you.eu\/retseptid\/toode\/vegan-kaneelirullid\/","og_site_name":"bio4you.eu\/retseptid","article_modified_time":"2025-03-26T11:30:10+00:00","og_image":[{"width":1114,"height":946,"url":"https:\/\/bio4you.eu\/retseptid\/wp-content\/uploads\/2025\/03\/485732081_1113620273897956_5801510619135887179_n.jpg","type":"image\/jpeg"}],"twitter_misc":{"Est. reading time":"2 minutit"},"schema":{"@context":"https:\/\/schema.org","@graph":[{"@type":"WebPage","@id":"https:\/\/bio4you.eu\/retseptid\/toode\/vegan-kaneelirullid\/","url":"https:\/\/bio4you.eu\/retseptid\/toode\/vegan-kaneelirullid\/","name":"Vegan kaneelirullid - bio4you.eu\/retseptid","isPartOf":{"@id":"https:\/\/bio4you.eu\/retseptid\/#website"},"primaryImageOfPage":{"@id":"https:\/\/bio4you.eu\/retseptid\/toode\/vegan-kaneelirullid\/#primaryimage"},"image":{"@id":"https:\/\/bio4you.eu\/retseptid\/toode\/vegan-kaneelirullid\/#primaryimage"},"thumbnailUrl":"https:\/\/bio4you.eu\/retseptid\/wp-content\/uploads\/2025\/03\/485732081_1113620273897956_5801510619135887179_n.jpg","datePublished":"2025-03-19T13:51:14+00:00","dateModified":"2025-03-26T11:30:10+00:00","description":"Valmista pehmed ja aromaatsed vegan kaneelirullid, mis on sama maitsvad kui klassikalised. Lihtne ja taimep\u00f5hine retsept, mis sobib igale magusas\u00f5brale.","breadcrumb":{"@id":"https:\/\/bio4you.eu\/retseptid\/toode\/vegan-kaneelirullid\/#breadcrumb"},"inLanguage":"et","potentialAction":[{"@type":"ReadAction","target":["https:\/\/bio4you.eu\/retseptid\/toode\/vegan-kaneelirullid\/"]}]},{"@type":"ImageObject","inLanguage":"et","@id":"https:\/\/bio4you.eu\/retseptid\/toode\/vegan-kaneelirullid\/#primaryimage","url":"https:\/\/bio4you.eu\/retseptid\/wp-content\/uploads\/2025\/03\/485732081_1113620273897956_5801510619135887179_n.jpg","contentUrl":"https:\/\/bio4you.eu\/retseptid\/wp-content\/uploads\/2025\/03\/485732081_1113620273897956_5801510619135887179_n.jpg","width":1114,"height":946,"caption":"Vegan kaneelirullid \u2013 pehmed, magusad ja t\u00e4iuslikult v\u00fcrtsikad."},{"@type":"BreadcrumbList","@id":"https:\/\/bio4you.eu\/retseptid\/toode\/vegan-kaneelirullid\/#breadcrumb","itemListElement":[{"@type":"ListItem","position":1,"name":"Home","item":"https:\/\/bio4you.eu\/retseptid\/"},{"@type":"ListItem","position":2,"name":"Vegan kaneelirullid"}]},{"@type":"WebSite","@id":"https:\/\/bio4you.eu\/retseptid\/#website","url":"https:\/\/bio4you.eu\/retseptid\/","name":"bio4you.eu\/retseptid","description":"\u00d6ko retseptid ise tegemiseks, looduslikest koostisainetest. Maitsev toit, iluhooldus, kodupuhastus ja aiandus.","potentialAction":[{"@type":"SearchAction","target":{"@type":"EntryPoint","urlTemplate":"https:\/\/bio4you.eu\/retseptid\/?s={search_term_string}"},"query-input":"required name=search_term_string"}],"inLanguage":"et"}]}},"_links":{"self":[{"href":"https:\/\/bio4you.eu\/retseptid\/wp-json\/wp\/v2\/product\/4298"}],"collection":[{"href":"https:\/\/bio4you.eu\/retseptid\/wp-json\/wp\/v2\/product"}],"about":[{"href":"https:\/\/bio4you.eu\/retseptid\/wp-json\/wp\/v2\/types\/product"}],"replies":[{"embeddable":true,"href":"https:\/\/bio4you.eu\/retseptid\/wp-json\/wp\/v2\/comments?post=4298"}],"wp:featuredmedia":[{"embeddable":true,"href":"https:\/\/bio4you.eu\/retseptid\/wp-json\/wp\/v2\/media\/4338"}],"wp:attachment":[{"href":"https:\/\/bio4you.eu\/retseptid\/wp-json\/wp\/v2\/media?parent=4298"}],"wp:term":[{"taxonomy":"product_cat","embeddable":true,"href":"https:\/\/bio4you.eu\/retseptid\/wp-json\/wp\/v2\/product_cat?post=4298"},{"taxonomy":"product_tag","embeddable":true,"href":"https:\/\/bio4you.eu\/retseptid\/wp-json\/wp\/v2\/product_tag?post=4298"}],"curies":[{"name":"wp","href":"https:\/\/api.w.org\/{rel}","templated":true}]}}