{"id":4299,"date":"2025-03-23T16:20:36","date_gmt":"2025-03-23T14:20:36","guid":{"rendered":"https:\/\/bio4you.eu\/retseptid\/?post_type=product&#038;p=4299"},"modified":"2025-03-26T13:31:30","modified_gmt":"2025-03-26T11:31:30","slug":"vegan-sokolaadi-avokaadopuding","status":"publish","type":"product","link":"https:\/\/bio4you.eu\/retseptid\/toode\/vegan-sokolaadi-avokaadopuding\/","title":{"rendered":"Vegan \u0161okolaadi-avokaadopuding"},"content":{"rendered":"<div class=\"mceTemp\"><\/div>\n<p><span style=\"font-weight: 400;\">KIRJELDUS<\/span><\/p>\n<p><span style=\"font-weight: 400;\">Valmistamine:<\/span><\/p>\n<ol>\n<li><span style=\"font-weight: 400;\">Pane k\u00f5ik koostisosad v\u00f5imsasse blenderisse ja blenderda, kuni segu on siidine, paks ja l\u00e4ikiv.<\/span><\/li>\n<li><span style=\"font-weight: 400;\">Pane kreem tordipritsi kotti ja lase k\u00fclmkapis seista v\u00e4hemalt 2 tundi, et maitsed seguneksid ja tekstuur muutuks kreemjamaks.<\/span><\/li>\n<li><span style=\"font-weight: 400;\">Serveerimiseks jaota puding v\u00e4ikestesse kaussidesse v\u00f5i tassidesse ja kaunista vastavalt soovile (n\u00e4iteks marjadega).<\/span><\/li>\n<li><span style=\"font-weight: 400;\">Naudi rikkalikku ja sametist taimset \u0161okolaadipudingut!<\/span><\/li>\n<\/ol>\n","protected":false},"excerpt":{"rendered":"<p><span style=\"font-weight: 400;\">Vaja l\u00e4heb (6 portsjoni jaoks):<\/span><\/p>\n<ul>\n<li><span style=\"font-weight: 400;\">3 topsi <a href=\"https:\/\/bio4you.eu\/et\/bio-toit\/mueslid-snaekid-ja-desserdid\/kaera-kakao-dessert-2x130g\">Bio Kaera desserti kakaoga<\/a><\/span><\/li>\n<li><span style=\"font-weight: 400;\">2 h\u00e4sti valmis avokaadot<\/span><\/li>\n<li><span style=\"font-weight: 400;\">8\u201310 datlit, kivid eemaldatud (nt, <a href=\"https:\/\/bio4you.eu\/et\/bio-toit\/looduslikud-supertoidud\/datlid-1kg\">Rhumveld Baltic Datlid, 1kg<\/a>)<\/span><\/li>\n<li><span style=\"font-weight: 400;\">100g tumedat \u0161okolaadi (nt, <a href=\"http:\/\/bio4you.eu\/et\/bio-toit\/sokolaadid-ja-maiustused\/sokolaadid\/tume-sokolaad-85-100g\">Gepa Tume \u0161okolaad 85%, 100g<\/a>)<\/span><\/li>\n<li><span style=\"font-weight: 400;\">1spl mahedat kakaopulbrit (nt, <a href=\"https:\/\/bio4you.eu\/et\/bio-toit\/looduslikud-supertoidud\/toorkakaopulber-250g\">Nature&#8217;s Finest Toorkakaopulber, 250g<\/a>)<\/span><\/li>\n<\/ul>\n","protected":false},"featured_media":4339,"comment_status":"open","ping_status":"closed","template":"","meta":{"_exactmetrics_skip_tracking":false,"_exactmetrics_sitenote_active":false,"_exactmetrics_sitenote_note":"","_exactmetrics_sitenote_category":0},"product_cat":[59,60,382,383],"product_tag":[377,485,482,412,483,484],"class_list":{"0":"post-4299","1":"product","2":"type-product","3":"status-publish","4":"has-post-thumbnail","6":"product_cat-featured","7":"product_cat-toiduretseptid","8":"product_cat-vegan-toiduretseptid","9":"product_cat-taimetoit","10":"product_tag-avokaado-2","11":"product_tag-avokaadokreem","12":"product_tag-sokolaadikreem","13":"product_tag-vegan","14":"product_tag-vegan-magustoit","15":"product_tag-vegan-sokolaadikreem","17":"first","18":"instock","19":"shipping-taxable","20":"product-type-simple"},"yoast_head":"<!-- This site is optimized with the Yoast SEO plugin v23.3 - https:\/\/yoast.com\/wordpress\/plugins\/seo\/ -->\n<title>Vegan \u0161okolaadi-avokaadopuding - bio4you.eu\/retseptid<\/title>\n<meta name=\"description\" content=\"Tervislik ja kreemjas vegan \u0161okolaadi-avokaadopuding, mis on valmistatud looduslikest koostisosadest. Lihtne ja kiire retsept, mis rahuldab magusaisu s\u00fc\u00fcmepiinadeta.\" \/>\n<meta name=\"robots\" content=\"index, follow, max-snippet:-1, max-image-preview:large, max-video-preview:-1\" \/>\n<link rel=\"canonical\" href=\"https:\/\/bio4you.eu\/retseptid\/toode\/vegan-sokolaadi-avokaadopuding\/\" \/>\n<meta property=\"og:locale\" content=\"et_EE\" \/>\n<meta property=\"og:type\" content=\"article\" \/>\n<meta property=\"og:title\" content=\"Vegan \u0161okolaadi-avokaadopuding \u2013 kreemjas, taimne ja vastupandamatult hea!\" \/>\n<meta property=\"og:description\" content=\"Kas oled proovinud vegan \u0161okolaadi-avokaadopudingit? See kreemjas ja t\u00e4idlane magustoit \u00fchendab avokaado kasulikkuse ning toorkakao rikkaliku maitse. Lihtne ja maitsev alternatiiv tavap\u00e4rastele magustoitudele!\" \/>\n<meta property=\"og:url\" content=\"https:\/\/bio4you.eu\/retseptid\/toode\/vegan-sokolaadi-avokaadopuding\/\" \/>\n<meta property=\"og:site_name\" content=\"bio4you.eu\/retseptid\" \/>\n<meta property=\"article:modified_time\" content=\"2025-03-26T11:31:30+00:00\" \/>\n<meta property=\"og:image\" content=\"https:\/\/bio4you.eu\/retseptid\/wp-content\/uploads\/2025\/03\/485300952_1116797903580193_5678555989482674829_n.jpg\" \/>\n\t<meta property=\"og:image:width\" content=\"1008\" \/>\n\t<meta property=\"og:image:height\" content=\"950\" \/>\n\t<meta property=\"og:image:type\" content=\"image\/jpeg\" \/>\n<meta name=\"twitter:label1\" content=\"Est. reading time\" \/>\n\t<meta name=\"twitter:data1\" content=\"1 minut\" \/>\n<script type=\"application\/ld+json\" class=\"yoast-schema-graph\">{\"@context\":\"https:\/\/schema.org\",\"@graph\":[{\"@type\":\"WebPage\",\"@id\":\"https:\/\/bio4you.eu\/retseptid\/toode\/vegan-sokolaadi-avokaadopuding\/\",\"url\":\"https:\/\/bio4you.eu\/retseptid\/toode\/vegan-sokolaadi-avokaadopuding\/\",\"name\":\"Vegan \u0161okolaadi-avokaadopuding - bio4you.eu\/retseptid\",\"isPartOf\":{\"@id\":\"https:\/\/bio4you.eu\/retseptid\/#website\"},\"primaryImageOfPage\":{\"@id\":\"https:\/\/bio4you.eu\/retseptid\/toode\/vegan-sokolaadi-avokaadopuding\/#primaryimage\"},\"image\":{\"@id\":\"https:\/\/bio4you.eu\/retseptid\/toode\/vegan-sokolaadi-avokaadopuding\/#primaryimage\"},\"thumbnailUrl\":\"https:\/\/bio4you.eu\/retseptid\/wp-content\/uploads\/2025\/03\/485300952_1116797903580193_5678555989482674829_n.jpg\",\"datePublished\":\"2025-03-23T14:20:36+00:00\",\"dateModified\":\"2025-03-26T11:31:30+00:00\",\"description\":\"Tervislik ja kreemjas vegan \u0161okolaadi-avokaadopuding, mis on valmistatud looduslikest koostisosadest. Lihtne ja kiire retsept, mis rahuldab magusaisu s\u00fc\u00fcmepiinadeta.\",\"breadcrumb\":{\"@id\":\"https:\/\/bio4you.eu\/retseptid\/toode\/vegan-sokolaadi-avokaadopuding\/#breadcrumb\"},\"inLanguage\":\"et\",\"potentialAction\":[{\"@type\":\"ReadAction\",\"target\":[\"https:\/\/bio4you.eu\/retseptid\/toode\/vegan-sokolaadi-avokaadopuding\/\"]}]},{\"@type\":\"ImageObject\",\"inLanguage\":\"et\",\"@id\":\"https:\/\/bio4you.eu\/retseptid\/toode\/vegan-sokolaadi-avokaadopuding\/#primaryimage\",\"url\":\"https:\/\/bio4you.eu\/retseptid\/wp-content\/uploads\/2025\/03\/485300952_1116797903580193_5678555989482674829_n.jpg\",\"contentUrl\":\"https:\/\/bio4you.eu\/retseptid\/wp-content\/uploads\/2025\/03\/485300952_1116797903580193_5678555989482674829_n.jpg\",\"width\":1008,\"height\":950,\"caption\":\"Vegan \u0161okolaadi-avokaadopuding \u2013 tervislik, kreemjas ja vastupandamatult \u0161okolaadine.\"},{\"@type\":\"BreadcrumbList\",\"@id\":\"https:\/\/bio4you.eu\/retseptid\/toode\/vegan-sokolaadi-avokaadopuding\/#breadcrumb\",\"itemListElement\":[{\"@type\":\"ListItem\",\"position\":1,\"name\":\"Home\",\"item\":\"https:\/\/bio4you.eu\/retseptid\/\"},{\"@type\":\"ListItem\",\"position\":2,\"name\":\"Vegan \u0161okolaadi-avokaadopuding\"}]},{\"@type\":\"WebSite\",\"@id\":\"https:\/\/bio4you.eu\/retseptid\/#website\",\"url\":\"https:\/\/bio4you.eu\/retseptid\/\",\"name\":\"bio4you.eu\/retseptid\",\"description\":\"\u00d6ko retseptid ise tegemiseks, looduslikest koostisainetest. Maitsev toit, iluhooldus, kodupuhastus ja aiandus.\",\"potentialAction\":[{\"@type\":\"SearchAction\",\"target\":{\"@type\":\"EntryPoint\",\"urlTemplate\":\"https:\/\/bio4you.eu\/retseptid\/?s={search_term_string}\"},\"query-input\":\"required name=search_term_string\"}],\"inLanguage\":\"et\"}]}<\/script>\n<!-- \/ Yoast SEO plugin. -->","yoast_head_json":{"title":"Vegan \u0161okolaadi-avokaadopuding - bio4you.eu\/retseptid","description":"Tervislik ja kreemjas vegan \u0161okolaadi-avokaadopuding, mis on valmistatud looduslikest koostisosadest. Lihtne ja kiire retsept, mis rahuldab magusaisu s\u00fc\u00fcmepiinadeta.","robots":{"index":"index","follow":"follow","max-snippet":"max-snippet:-1","max-image-preview":"max-image-preview:large","max-video-preview":"max-video-preview:-1"},"canonical":"https:\/\/bio4you.eu\/retseptid\/toode\/vegan-sokolaadi-avokaadopuding\/","og_locale":"et_EE","og_type":"article","og_title":"Vegan \u0161okolaadi-avokaadopuding \u2013 kreemjas, taimne ja vastupandamatult hea!","og_description":"Kas oled proovinud vegan \u0161okolaadi-avokaadopudingit? See kreemjas ja t\u00e4idlane magustoit \u00fchendab avokaado kasulikkuse ning toorkakao rikkaliku maitse. Lihtne ja maitsev alternatiiv tavap\u00e4rastele magustoitudele!","og_url":"https:\/\/bio4you.eu\/retseptid\/toode\/vegan-sokolaadi-avokaadopuding\/","og_site_name":"bio4you.eu\/retseptid","article_modified_time":"2025-03-26T11:31:30+00:00","og_image":[{"width":1008,"height":950,"url":"https:\/\/bio4you.eu\/retseptid\/wp-content\/uploads\/2025\/03\/485300952_1116797903580193_5678555989482674829_n.jpg","type":"image\/jpeg"}],"twitter_misc":{"Est. reading time":"1 minut"},"schema":{"@context":"https:\/\/schema.org","@graph":[{"@type":"WebPage","@id":"https:\/\/bio4you.eu\/retseptid\/toode\/vegan-sokolaadi-avokaadopuding\/","url":"https:\/\/bio4you.eu\/retseptid\/toode\/vegan-sokolaadi-avokaadopuding\/","name":"Vegan \u0161okolaadi-avokaadopuding - bio4you.eu\/retseptid","isPartOf":{"@id":"https:\/\/bio4you.eu\/retseptid\/#website"},"primaryImageOfPage":{"@id":"https:\/\/bio4you.eu\/retseptid\/toode\/vegan-sokolaadi-avokaadopuding\/#primaryimage"},"image":{"@id":"https:\/\/bio4you.eu\/retseptid\/toode\/vegan-sokolaadi-avokaadopuding\/#primaryimage"},"thumbnailUrl":"https:\/\/bio4you.eu\/retseptid\/wp-content\/uploads\/2025\/03\/485300952_1116797903580193_5678555989482674829_n.jpg","datePublished":"2025-03-23T14:20:36+00:00","dateModified":"2025-03-26T11:31:30+00:00","description":"Tervislik ja kreemjas vegan \u0161okolaadi-avokaadopuding, mis on valmistatud looduslikest koostisosadest. Lihtne ja kiire retsept, mis rahuldab magusaisu s\u00fc\u00fcmepiinadeta.","breadcrumb":{"@id":"https:\/\/bio4you.eu\/retseptid\/toode\/vegan-sokolaadi-avokaadopuding\/#breadcrumb"},"inLanguage":"et","potentialAction":[{"@type":"ReadAction","target":["https:\/\/bio4you.eu\/retseptid\/toode\/vegan-sokolaadi-avokaadopuding\/"]}]},{"@type":"ImageObject","inLanguage":"et","@id":"https:\/\/bio4you.eu\/retseptid\/toode\/vegan-sokolaadi-avokaadopuding\/#primaryimage","url":"https:\/\/bio4you.eu\/retseptid\/wp-content\/uploads\/2025\/03\/485300952_1116797903580193_5678555989482674829_n.jpg","contentUrl":"https:\/\/bio4you.eu\/retseptid\/wp-content\/uploads\/2025\/03\/485300952_1116797903580193_5678555989482674829_n.jpg","width":1008,"height":950,"caption":"Vegan \u0161okolaadi-avokaadopuding \u2013 tervislik, kreemjas ja vastupandamatult \u0161okolaadine."},{"@type":"BreadcrumbList","@id":"https:\/\/bio4you.eu\/retseptid\/toode\/vegan-sokolaadi-avokaadopuding\/#breadcrumb","itemListElement":[{"@type":"ListItem","position":1,"name":"Home","item":"https:\/\/bio4you.eu\/retseptid\/"},{"@type":"ListItem","position":2,"name":"Vegan \u0161okolaadi-avokaadopuding"}]},{"@type":"WebSite","@id":"https:\/\/bio4you.eu\/retseptid\/#website","url":"https:\/\/bio4you.eu\/retseptid\/","name":"bio4you.eu\/retseptid","description":"\u00d6ko retseptid ise tegemiseks, looduslikest koostisainetest. Maitsev toit, iluhooldus, kodupuhastus ja aiandus.","potentialAction":[{"@type":"SearchAction","target":{"@type":"EntryPoint","urlTemplate":"https:\/\/bio4you.eu\/retseptid\/?s={search_term_string}"},"query-input":"required name=search_term_string"}],"inLanguage":"et"}]}},"_links":{"self":[{"href":"https:\/\/bio4you.eu\/retseptid\/wp-json\/wp\/v2\/product\/4299"}],"collection":[{"href":"https:\/\/bio4you.eu\/retseptid\/wp-json\/wp\/v2\/product"}],"about":[{"href":"https:\/\/bio4you.eu\/retseptid\/wp-json\/wp\/v2\/types\/product"}],"replies":[{"embeddable":true,"href":"https:\/\/bio4you.eu\/retseptid\/wp-json\/wp\/v2\/comments?post=4299"}],"wp:featuredmedia":[{"embeddable":true,"href":"https:\/\/bio4you.eu\/retseptid\/wp-json\/wp\/v2\/media\/4339"}],"wp:attachment":[{"href":"https:\/\/bio4you.eu\/retseptid\/wp-json\/wp\/v2\/media?parent=4299"}],"wp:term":[{"taxonomy":"product_cat","embeddable":true,"href":"https:\/\/bio4you.eu\/retseptid\/wp-json\/wp\/v2\/product_cat?post=4299"},{"taxonomy":"product_tag","embeddable":true,"href":"https:\/\/bio4you.eu\/retseptid\/wp-json\/wp\/v2\/product_tag?post=4299"}],"curies":[{"name":"wp","href":"https:\/\/api.w.org\/{rel}","templated":true}]}}