{"id":4302,"date":"2025-03-30T17:35:50","date_gmt":"2025-03-30T14:35:50","guid":{"rendered":"https:\/\/bio4you.eu\/retseptid\/?post_type=product&#038;p=4302"},"modified":"2025-03-26T13:33:54","modified_gmt":"2025-03-26T11:33:54","slug":"hommikune-hormoonide-tasakaalustamise-tee","status":"publish","type":"product","link":"https:\/\/bio4you.eu\/retseptid\/toode\/hommikune-hormoonide-tasakaalustamise-tee\/","title":{"rendered":"Hommikune hormoonide tasakaalustamise tee"},"content":{"rendered":"<p><span style=\"font-weight: 400;\">Miks see tee on kasulik?<\/span><\/p>\n<p><span style=\"font-weight: 400;\">See lihtne hommikune tee toetab hormoonide tasakaalu loomulikul viisil, aidates v\u00e4hendada p\u00f5letikku, toetada neerupealiste t\u00f6\u00f6d ja hoida veresuhkru tasakaalus.<\/span><\/p>\n<ul>\n<li><span style=\"font-weight: 400;\">Keldi sool \u2013 rikas mineraalide poolest, mis toetavad neerupealiste funktsiooni ja vedeliku tasakaalu.<\/span><\/li>\n<li><span style=\"font-weight: 400;\">Ingver \u2013 v\u00e4hendab stressist p\u00f5hjustatud kortisooli taset ja parandab insuliinitundlikkust.<\/span><\/li>\n<li><span style=\"font-weight: 400;\">Sidrun \u2013 toetab maksa t\u00f6\u00f6d ja hormoonide ainevahetust, varustab keha C-vitamiiniga.<\/span><span style=\"font-weight: 400;\"><br \/>\n<\/span><\/li>\n<\/ul>\n<p><span style=\"font-weight: 400;\">Valmistamine:<\/span><\/p>\n<ol>\n<li><span style=\"font-weight: 400;\">Kuumuta vesi, kuid \u00e4ra lase keema \u2013 liiga kuum vesi v\u00f5ib h\u00e4vitada sidruni ja soola kasulikud \u00fchendid.<\/span><\/li>\n<li><span style=\"font-weight: 400;\">Lisa vette riivitud ingver ja lase sellel m\u00f5ni minut t\u00f5mmata.<\/span><\/li>\n<li><span style=\"font-weight: 400;\">Pigista sisse sidrunimahl ja lisa Keldi sool.<\/span><\/li>\n<li><span style=\"font-weight: 400;\">Sega korralikult, kuni sool on t\u00e4ielikult lahustunud.<\/span><\/li>\n<li><span style=\"font-weight: 400;\">Joo aeglaselt ja nautides, eelistatult hommikul enne s\u00f6\u00f6ki ja kohvi.<\/span><span style=\"font-weight: 400;\"><br \/>\n<\/span><span style=\"font-weight: 400;\"><br \/>\nSoovitus: Kui eelistad mahedamat maitset, v\u00f5id lisada teelusikat\u00e4ie mett.<\/span><\/li>\n<\/ol>\n","protected":false},"excerpt":{"rendered":"<p><span style=\"font-weight: 400;\">Vaja l\u00e4heb:<\/span><\/p>\n<ul>\n<li><span style=\"font-weight: 400;\">1 tass sooja vett (umbes 60\u00b0C, mitte keev)<\/span><\/li>\n<li><span style=\"font-weight: 400;\">1\/2tl <a href=\"https:\/\/bio4you.eu\/et\/bio-toit\/toiduvalmistamine\/maitseained-ja-magustajad\/sool\/keldi-sool-jaeme-1kg\">Keldi soola<\/a><\/span><\/li>\n<li><span style=\"font-weight: 400;\">1tl v\u00e4rsket riivitud ingverit<\/span><\/li>\n<li><span style=\"font-weight: 400;\">1\/2 sidruni mahl<\/span><\/li>\n<\/ul>\n","protected":false},"featured_media":4343,"comment_status":"open","ping_status":"closed","template":"","meta":{"_exactmetrics_skip_tracking":false,"_exactmetrics_sitenote_active":false,"_exactmetrics_sitenote_note":"","_exactmetrics_sitenote_category":0},"product_cat":[324,59,60,382,63,383],"product_tag":[491,492,494,493,495],"class_list":{"0":"post-4302","1":"product","2":"type-product","3":"status-publish","4":"has-post-thumbnail","6":"product_cat-tervise-retseptid","7":"product_cat-featured","8":"product_cat-toiduretseptid","9":"product_cat-vegan-toiduretseptid","10":"product_cat-gluteenivabad-retseptid","11":"product_cat-taimetoit","12":"product_tag-hormoonid","13":"product_tag-hormoonide-tasakaalustamine","14":"product_tag-sidruni-ja-ingveri-tee","15":"product_tag-tasakaalustav-tee","16":"product_tag-tee","18":"first","19":"instock","20":"shipping-taxable","21":"product-type-simple"},"yoast_head":"<!-- This site is optimized with the Yoast SEO plugin v23.3 - https:\/\/yoast.com\/wordpress\/plugins\/seo\/ -->\n<title>Hommikune hormoonide tasakaalustamise tee - bio4you.eu\/retseptid<\/title>\n<meta name=\"description\" content=\"Looduslik hommikune hormoonide tasakaalustamise tee, mis toetab keha ja heaolu. Taimne segu, mis aitab hoida hormoonid tasakaalus ja p\u00e4eva energiataseme stabiilsena.\" \/>\n<meta name=\"robots\" content=\"index, follow, max-snippet:-1, max-image-preview:large, max-video-preview:-1\" \/>\n<link rel=\"canonical\" href=\"https:\/\/bio4you.eu\/retseptid\/toode\/hommikune-hormoonide-tasakaalustamise-tee\/\" \/>\n<meta property=\"og:locale\" content=\"et_EE\" \/>\n<meta property=\"og:type\" content=\"article\" \/>\n<meta property=\"og:title\" content=\"Hommikune tee hormoonide tasakaalustamiseks \u2013 looduslik ja toetav taimne tee heaolu ja tasakaalu jaoks.\" \/>\n<meta property=\"og:description\" content=\"Kas oled proovinud hommikust hormoonide tasakaalustamise teed? See looduslik taimne segu toetab keha, aitab hoida hormoonid tasakaalus ja loob heaolu kogu p\u00e4evaks. Tervislik hommikurituaal, mis toob harmoonia!\" \/>\n<meta property=\"og:url\" content=\"https:\/\/bio4you.eu\/retseptid\/toode\/hommikune-hormoonide-tasakaalustamise-tee\/\" \/>\n<meta property=\"og:site_name\" content=\"bio4you.eu\/retseptid\" \/>\n<meta property=\"article:modified_time\" content=\"2025-03-26T11:33:54+00:00\" \/>\n<meta property=\"og:image\" content=\"https:\/\/bio4you.eu\/retseptid\/wp-content\/uploads\/2025\/03\/Screenshot-2025-03-01-at-00.21.24.png\" \/>\n\t<meta property=\"og:image:width\" content=\"1016\" \/>\n\t<meta property=\"og:image:height\" content=\"948\" \/>\n\t<meta property=\"og:image:type\" content=\"image\/png\" \/>\n<meta name=\"twitter:label1\" content=\"Est. reading time\" \/>\n\t<meta name=\"twitter:data1\" content=\"1 minut\" \/>\n<script type=\"application\/ld+json\" class=\"yoast-schema-graph\">{\"@context\":\"https:\/\/schema.org\",\"@graph\":[{\"@type\":\"WebPage\",\"@id\":\"https:\/\/bio4you.eu\/retseptid\/toode\/hommikune-hormoonide-tasakaalustamise-tee\/\",\"url\":\"https:\/\/bio4you.eu\/retseptid\/toode\/hommikune-hormoonide-tasakaalustamise-tee\/\",\"name\":\"Hommikune hormoonide tasakaalustamise tee - bio4you.eu\/retseptid\",\"isPartOf\":{\"@id\":\"https:\/\/bio4you.eu\/retseptid\/#website\"},\"primaryImageOfPage\":{\"@id\":\"https:\/\/bio4you.eu\/retseptid\/toode\/hommikune-hormoonide-tasakaalustamise-tee\/#primaryimage\"},\"image\":{\"@id\":\"https:\/\/bio4you.eu\/retseptid\/toode\/hommikune-hormoonide-tasakaalustamise-tee\/#primaryimage\"},\"thumbnailUrl\":\"https:\/\/bio4you.eu\/retseptid\/wp-content\/uploads\/2025\/03\/Screenshot-2025-03-01-at-00.21.24.png\",\"datePublished\":\"2025-03-30T14:35:50+00:00\",\"dateModified\":\"2025-03-26T11:33:54+00:00\",\"description\":\"Looduslik hommikune hormoonide tasakaalustamise tee, mis toetab keha ja heaolu. Taimne segu, mis aitab hoida hormoonid tasakaalus ja p\u00e4eva energiataseme stabiilsena.\",\"breadcrumb\":{\"@id\":\"https:\/\/bio4you.eu\/retseptid\/toode\/hommikune-hormoonide-tasakaalustamise-tee\/#breadcrumb\"},\"inLanguage\":\"et\",\"potentialAction\":[{\"@type\":\"ReadAction\",\"target\":[\"https:\/\/bio4you.eu\/retseptid\/toode\/hommikune-hormoonide-tasakaalustamise-tee\/\"]}]},{\"@type\":\"ImageObject\",\"inLanguage\":\"et\",\"@id\":\"https:\/\/bio4you.eu\/retseptid\/toode\/hommikune-hormoonide-tasakaalustamise-tee\/#primaryimage\",\"url\":\"https:\/\/bio4you.eu\/retseptid\/wp-content\/uploads\/2025\/03\/Screenshot-2025-03-01-at-00.21.24.png\",\"contentUrl\":\"https:\/\/bio4you.eu\/retseptid\/wp-content\/uploads\/2025\/03\/Screenshot-2025-03-01-at-00.21.24.png\",\"width\":1016,\"height\":948,\"caption\":\"Hommikune hormoonide tasakaalustamise tee \u2013 looduslik tugi hea enesetunde jaoks.\"},{\"@type\":\"BreadcrumbList\",\"@id\":\"https:\/\/bio4you.eu\/retseptid\/toode\/hommikune-hormoonide-tasakaalustamise-tee\/#breadcrumb\",\"itemListElement\":[{\"@type\":\"ListItem\",\"position\":1,\"name\":\"Home\",\"item\":\"https:\/\/bio4you.eu\/retseptid\/\"},{\"@type\":\"ListItem\",\"position\":2,\"name\":\"Hommikune hormoonide tasakaalustamise tee\"}]},{\"@type\":\"WebSite\",\"@id\":\"https:\/\/bio4you.eu\/retseptid\/#website\",\"url\":\"https:\/\/bio4you.eu\/retseptid\/\",\"name\":\"bio4you.eu\/retseptid\",\"description\":\"\u00d6ko retseptid ise tegemiseks, looduslikest koostisainetest. Maitsev toit, iluhooldus, kodupuhastus ja aiandus.\",\"potentialAction\":[{\"@type\":\"SearchAction\",\"target\":{\"@type\":\"EntryPoint\",\"urlTemplate\":\"https:\/\/bio4you.eu\/retseptid\/?s={search_term_string}\"},\"query-input\":\"required name=search_term_string\"}],\"inLanguage\":\"et\"}]}<\/script>\n<!-- \/ Yoast SEO plugin. -->","yoast_head_json":{"title":"Hommikune hormoonide tasakaalustamise tee - bio4you.eu\/retseptid","description":"Looduslik hommikune hormoonide tasakaalustamise tee, mis toetab keha ja heaolu. Taimne segu, mis aitab hoida hormoonid tasakaalus ja p\u00e4eva energiataseme stabiilsena.","robots":{"index":"index","follow":"follow","max-snippet":"max-snippet:-1","max-image-preview":"max-image-preview:large","max-video-preview":"max-video-preview:-1"},"canonical":"https:\/\/bio4you.eu\/retseptid\/toode\/hommikune-hormoonide-tasakaalustamise-tee\/","og_locale":"et_EE","og_type":"article","og_title":"Hommikune tee hormoonide tasakaalustamiseks \u2013 looduslik ja toetav taimne tee heaolu ja tasakaalu jaoks.","og_description":"Kas oled proovinud hommikust hormoonide tasakaalustamise teed? See looduslik taimne segu toetab keha, aitab hoida hormoonid tasakaalus ja loob heaolu kogu p\u00e4evaks. Tervislik hommikurituaal, mis toob harmoonia!","og_url":"https:\/\/bio4you.eu\/retseptid\/toode\/hommikune-hormoonide-tasakaalustamise-tee\/","og_site_name":"bio4you.eu\/retseptid","article_modified_time":"2025-03-26T11:33:54+00:00","og_image":[{"width":1016,"height":948,"url":"https:\/\/bio4you.eu\/retseptid\/wp-content\/uploads\/2025\/03\/Screenshot-2025-03-01-at-00.21.24.png","type":"image\/png"}],"twitter_misc":{"Est. reading time":"1 minut"},"schema":{"@context":"https:\/\/schema.org","@graph":[{"@type":"WebPage","@id":"https:\/\/bio4you.eu\/retseptid\/toode\/hommikune-hormoonide-tasakaalustamise-tee\/","url":"https:\/\/bio4you.eu\/retseptid\/toode\/hommikune-hormoonide-tasakaalustamise-tee\/","name":"Hommikune hormoonide tasakaalustamise tee - bio4you.eu\/retseptid","isPartOf":{"@id":"https:\/\/bio4you.eu\/retseptid\/#website"},"primaryImageOfPage":{"@id":"https:\/\/bio4you.eu\/retseptid\/toode\/hommikune-hormoonide-tasakaalustamise-tee\/#primaryimage"},"image":{"@id":"https:\/\/bio4you.eu\/retseptid\/toode\/hommikune-hormoonide-tasakaalustamise-tee\/#primaryimage"},"thumbnailUrl":"https:\/\/bio4you.eu\/retseptid\/wp-content\/uploads\/2025\/03\/Screenshot-2025-03-01-at-00.21.24.png","datePublished":"2025-03-30T14:35:50+00:00","dateModified":"2025-03-26T11:33:54+00:00","description":"Looduslik hommikune hormoonide tasakaalustamise tee, mis toetab keha ja heaolu. Taimne segu, mis aitab hoida hormoonid tasakaalus ja p\u00e4eva energiataseme stabiilsena.","breadcrumb":{"@id":"https:\/\/bio4you.eu\/retseptid\/toode\/hommikune-hormoonide-tasakaalustamise-tee\/#breadcrumb"},"inLanguage":"et","potentialAction":[{"@type":"ReadAction","target":["https:\/\/bio4you.eu\/retseptid\/toode\/hommikune-hormoonide-tasakaalustamise-tee\/"]}]},{"@type":"ImageObject","inLanguage":"et","@id":"https:\/\/bio4you.eu\/retseptid\/toode\/hommikune-hormoonide-tasakaalustamise-tee\/#primaryimage","url":"https:\/\/bio4you.eu\/retseptid\/wp-content\/uploads\/2025\/03\/Screenshot-2025-03-01-at-00.21.24.png","contentUrl":"https:\/\/bio4you.eu\/retseptid\/wp-content\/uploads\/2025\/03\/Screenshot-2025-03-01-at-00.21.24.png","width":1016,"height":948,"caption":"Hommikune hormoonide tasakaalustamise tee \u2013 looduslik tugi hea enesetunde jaoks."},{"@type":"BreadcrumbList","@id":"https:\/\/bio4you.eu\/retseptid\/toode\/hommikune-hormoonide-tasakaalustamise-tee\/#breadcrumb","itemListElement":[{"@type":"ListItem","position":1,"name":"Home","item":"https:\/\/bio4you.eu\/retseptid\/"},{"@type":"ListItem","position":2,"name":"Hommikune hormoonide tasakaalustamise tee"}]},{"@type":"WebSite","@id":"https:\/\/bio4you.eu\/retseptid\/#website","url":"https:\/\/bio4you.eu\/retseptid\/","name":"bio4you.eu\/retseptid","description":"\u00d6ko retseptid ise tegemiseks, looduslikest koostisainetest. Maitsev toit, iluhooldus, kodupuhastus ja aiandus.","potentialAction":[{"@type":"SearchAction","target":{"@type":"EntryPoint","urlTemplate":"https:\/\/bio4you.eu\/retseptid\/?s={search_term_string}"},"query-input":"required name=search_term_string"}],"inLanguage":"et"}]}},"_links":{"self":[{"href":"https:\/\/bio4you.eu\/retseptid\/wp-json\/wp\/v2\/product\/4302"}],"collection":[{"href":"https:\/\/bio4you.eu\/retseptid\/wp-json\/wp\/v2\/product"}],"about":[{"href":"https:\/\/bio4you.eu\/retseptid\/wp-json\/wp\/v2\/types\/product"}],"replies":[{"embeddable":true,"href":"https:\/\/bio4you.eu\/retseptid\/wp-json\/wp\/v2\/comments?post=4302"}],"wp:featuredmedia":[{"embeddable":true,"href":"https:\/\/bio4you.eu\/retseptid\/wp-json\/wp\/v2\/media\/4343"}],"wp:attachment":[{"href":"https:\/\/bio4you.eu\/retseptid\/wp-json\/wp\/v2\/media?parent=4302"}],"wp:term":[{"taxonomy":"product_cat","embeddable":true,"href":"https:\/\/bio4you.eu\/retseptid\/wp-json\/wp\/v2\/product_cat?post=4302"},{"taxonomy":"product_tag","embeddable":true,"href":"https:\/\/bio4you.eu\/retseptid\/wp-json\/wp\/v2\/product_tag?post=4302"}],"curies":[{"name":"wp","href":"https:\/\/api.w.org\/{rel}","templated":true}]}}