{"id":4311,"date":"2025-04-03T15:06:25","date_gmt":"2025-04-03T12:06:25","guid":{"rendered":"https:\/\/bio4you.eu\/retseptid\/?post_type=product&#038;p=4311"},"modified":"2025-03-26T13:35:49","modified_gmt":"2025-03-26T11:35:49","slug":"soolane-koogiviljapirukas-veg-eggiga","status":"publish","type":"product","link":"https:\/\/bio4you.eu\/retseptid\/toode\/soolane-koogiviljapirukas-veg-eggiga\/","title":{"rendered":"Soolane k\u00f6\u00f6giviljapirukas Veg-Eggiga"},"content":{"rendered":"<p><b style=\"color: #141412; font-size: 16px;\">Valmistamine:<\/b><\/p>\n<ol>\n<li style=\"font-weight: 400;\" aria-level=\"1\"><span style=\"font-weight: 400;\">Viiluta \u0161alottsibulad ja prae neid madalal kuumusel 1 spl oliivi\u00f5liga, kuni need muutuvad kuldseks.<\/span><\/li>\n<li style=\"font-weight: 400;\" aria-level=\"1\"><span style=\"font-weight: 400;\">Lisa viilutatud suvik\u00f5rvitsad, maitsesta soola ja pipraga ning hauta m\u00f5\u00f5dukal kuumusel 10 minutit, kuni enamik vedelikust on aurustunud.<\/span><\/li>\n<li style=\"font-weight: 400;\" aria-level=\"1\"><span style=\"font-weight: 400;\">Vooderda k\u00fcpsetusvorm k\u00fcpsetuspaberiga ja aseta sellele lahti rullitud lehttainas.<\/span><\/li>\n<li style=\"font-weight: 400;\" aria-level=\"1\"><span style=\"font-weight: 400;\">Keera \u00e4\u00e4red veidi sissepoole ning torka p\u00f5hja kahvliga augud.<\/span><\/li>\n<li style=\"font-weight: 400;\" aria-level=\"1\"><span style=\"font-weight: 400;\">Kalla pirukap\u00f5hjale eelnevalt valmistatud suvik\u00f5rvitsa ja sibula segu.<\/span><\/li>\n<li style=\"font-weight: 400;\" aria-level=\"1\"><span style=\"font-weight: 400;\">Sega omavahel Veg Egg, sojakoor, t\u00fckeldatud veganjuust ning n\u00e4puotsat\u00e4is soola ja pipart.<\/span><\/li>\n<li style=\"font-weight: 400;\" aria-level=\"1\"><span style=\"font-weight: 400;\">Vala segu t\u00e4idise peale \u00fchtlaselt laiali.<\/span><\/li>\n<li style=\"font-weight: 400;\" aria-level=\"1\"><span style=\"font-weight: 400;\">K\u00fcpseta 180\u00b0C juures 30\u201335 minutit, kuni piruka pealispind muutub kuldpruuniks.<\/span><\/li>\n<li style=\"font-weight: 400;\" aria-level=\"1\"><span style=\"font-weight: 400;\">V\u00f5ta ahjust v\u00e4lja ja lase enne serveerimist veidi jahtuda.<\/span><\/li>\n<\/ol>\n<p><b>N\u00e4pun\u00e4ited:<\/b><\/p>\n<ul>\n<li style=\"font-weight: 400;\" aria-level=\"1\"><span style=\"font-weight: 400;\">K\u00fcpsemise ajal v\u00f5ib t\u00e4idis kerkida \u2013 see on t\u00e4iesti normaalne! Kui pirukas on ahjust v\u00e4lja v\u00f5etud, vajub t\u00e4idis uuesti tasaseks.<\/span><\/li>\n<li style=\"font-weight: 400;\" aria-level=\"1\"><span style=\"font-weight: 400;\">Veganjuustu osas vali pehme ja h\u00e4sti sulav variant, mis lisab pirukale m\u00f5nusa kreemja tekstuuri.<\/span><\/li>\n<\/ul>\n","protected":false},"excerpt":{"rendered":"<p><b>Vaja l\u00e4heb <\/b><b>(12 portsjonit):<\/b><\/p>\n<ul>\n<li style=\"font-weight: 400;\" aria-level=\"1\"><span style=\"font-weight: 400;\">1 rull lehttainast (250 g)<\/span><\/li>\n<li style=\"font-weight: 400;\" aria-level=\"1\"><span style=\"font-weight: 400;\">400 g suvik\u00f5rvitsat<\/span><\/li>\n<li style=\"font-weight: 400;\" aria-level=\"1\"><span style=\"font-weight: 400;\">100 g \u0161alottsibulat<\/span><\/li>\n<li style=\"font-weight: 400;\" aria-level=\"1\"><span style=\"font-weight: 400;\">100 g taimset sulavat juustu<\/span><\/li>\n<li style=\"font-weight: 400;\" aria-level=\"1\"><span style=\"font-weight: 400;\">200 g sojakoor (nt. <a href=\"https:\/\/bio4you.eu\/et\/bio-toit\/toiduolid-kastmed-ja-kreemid\/gluteenivaba-sojakreem-toiduvalmistamiseks-200ml\">The Bridge Gluteenivaba sojakreem toiduvalmistamiseks, 200ml<\/a>)<br \/>\n<\/span><\/li>\n<li style=\"font-weight: 400;\" aria-level=\"1\"><span style=\"font-weight: 400;\">80 g <a href=\"https:\/\/bio4you.eu\/et\/bio-toit\/biotoit-maitseained-ja-magustajad\/kergitus-ja-abiained-sooda\/munaasendaja-veg-egg-500g\">Veg Egg munaasendajat<\/a><\/span><\/li>\n<li style=\"font-weight: 400;\" aria-level=\"1\"><span style=\"font-weight: 400;\">Oliivi\u00f5li maitse j\u00e4rgi (nt, <a href=\"https:\/\/bio4you.eu\/et\/bio-toit\/toiduolid-kastmed-ja-kreemid\/ekstra-vaeaerisoliivioli-250ml\">Olio Corvino Ekstra v\u00e4\u00e4risoliivi\u00f5li, 250ml<\/a>)<br \/>\n<\/span><\/li>\n<li style=\"font-weight: 400;\" aria-level=\"1\"><span style=\"font-weight: 400;\">Soola ja pipart maitse j\u00e4rgi<\/span><\/li>\n<li style=\"font-weight: 400;\" aria-level=\"1\"><span style=\"font-weight: 400;\">24 cm l\u00e4bim\u00f5\u00f5duga k\u00fcpsetusvorm<\/span><\/li>\n<li style=\"font-weight: 400;\" aria-level=\"1\"><span style=\"font-weight: 400;\">K\u00fcpsetuspaber<\/span><\/li>\n<\/ul>\n","protected":false},"featured_media":4344,"comment_status":"open","ping_status":"closed","template":"","meta":{"_exactmetrics_skip_tracking":false,"_exactmetrics_sitenote_active":false,"_exactmetrics_sitenote_note":"","_exactmetrics_sitenote_category":0},"product_cat":[59,60,382,383,280],"product_tag":[496,475,498,500,411,497,501,499],"class_list":{"0":"post-4311","1":"product","2":"type-product","3":"status-publish","4":"has-post-thumbnail","6":"product_cat-featured","7":"product_cat-toiduretseptid","8":"product_cat-vegan-toiduretseptid","9":"product_cat-taimetoit","10":"product_cat-koogid-ja-kupsised","11":"product_tag-koogiviljapirukas","12":"product_tag-munaasendaja","13":"product_tag-soolane-pirukas","14":"product_tag-soolane-vegan-pirukas","15":"product_tag-taimetoit","16":"product_tag-veg-egg","17":"product_tag-vegan-kupsetised","18":"product_tag-vegan-pirukas","20":"first","21":"instock","22":"shipping-taxable","23":"product-type-simple"},"yoast_head":"<!-- This site is optimized with the Yoast SEO plugin v23.3 - https:\/\/yoast.com\/wordpress\/plugins\/seo\/ -->\n<title>Soolane k\u00f6\u00f6giviljapirukas Veg-Eggiga - bio4you.eu\/retseptid<\/title>\n<meta name=\"description\" content=\"Proovi seda maitsvat vegan k\u00f6\u00f6giviljapirukat, mis on t\u00e4idetud suvik\u00f5rvitsa, \u0161alottsibula ja kreemja Veg-Egg seguga! Kr\u00f5be lehttainap\u00f5hi, rikkalik maitse ja lihtne valmistamine!\" \/>\n<meta name=\"robots\" content=\"index, follow, max-snippet:-1, max-image-preview:large, max-video-preview:-1\" \/>\n<link rel=\"canonical\" href=\"https:\/\/bio4you.eu\/retseptid\/toode\/soolane-koogiviljapirukas-veg-eggiga\/\" \/>\n<meta property=\"og:locale\" content=\"et_EE\" \/>\n<meta property=\"og:type\" content=\"article\" \/>\n<meta property=\"og:title\" content=\"Maitsev ja lihtne soolane k\u00f6\u00f6giviljapirukas \u2013 100% taimne!\" \/>\n<meta property=\"og:description\" content=\"Kr\u00f5be lehttainap\u00f5hi, mahlane suvik\u00f5rvits ja kreemjas taimne t\u00e4idis \u2013 see soolane k\u00f6\u00f6giviljapirukas Veg-Eggiga on lihtne valmistada ja t\u00e4iuslik igaks toidukorraks! Proovi j\u00e4rele ja naudi maitseelamust!\" \/>\n<meta property=\"og:url\" content=\"https:\/\/bio4you.eu\/retseptid\/toode\/soolane-koogiviljapirukas-veg-eggiga\/\" \/>\n<meta property=\"og:site_name\" content=\"bio4you.eu\/retseptid\" \/>\n<meta property=\"article:modified_time\" content=\"2025-03-26T11:35:49+00:00\" \/>\n<meta property=\"og:image\" content=\"https:\/\/bio4you.eu\/retseptid\/wp-content\/uploads\/2025\/04\/Screenshot-2025-03-26-at-13.34.41.png\" \/>\n\t<meta property=\"og:image:width\" content=\"1384\" \/>\n\t<meta property=\"og:image:height\" content=\"654\" \/>\n\t<meta property=\"og:image:type\" content=\"image\/png\" \/>\n<meta name=\"twitter:label1\" content=\"Est. reading time\" \/>\n\t<meta name=\"twitter:data1\" content=\"1 minut\" \/>\n<script type=\"application\/ld+json\" class=\"yoast-schema-graph\">{\"@context\":\"https:\/\/schema.org\",\"@graph\":[{\"@type\":\"WebPage\",\"@id\":\"https:\/\/bio4you.eu\/retseptid\/toode\/soolane-koogiviljapirukas-veg-eggiga\/\",\"url\":\"https:\/\/bio4you.eu\/retseptid\/toode\/soolane-koogiviljapirukas-veg-eggiga\/\",\"name\":\"Soolane k\u00f6\u00f6giviljapirukas Veg-Eggiga - bio4you.eu\/retseptid\",\"isPartOf\":{\"@id\":\"https:\/\/bio4you.eu\/retseptid\/#website\"},\"primaryImageOfPage\":{\"@id\":\"https:\/\/bio4you.eu\/retseptid\/toode\/soolane-koogiviljapirukas-veg-eggiga\/#primaryimage\"},\"image\":{\"@id\":\"https:\/\/bio4you.eu\/retseptid\/toode\/soolane-koogiviljapirukas-veg-eggiga\/#primaryimage\"},\"thumbnailUrl\":\"https:\/\/bio4you.eu\/retseptid\/wp-content\/uploads\/2025\/04\/Screenshot-2025-03-26-at-13.34.41-e1746272638893.png\",\"datePublished\":\"2025-04-03T12:06:25+00:00\",\"dateModified\":\"2025-03-26T11:35:49+00:00\",\"description\":\"Proovi seda maitsvat vegan k\u00f6\u00f6giviljapirukat, mis on t\u00e4idetud suvik\u00f5rvitsa, \u0161alottsibula ja kreemja Veg-Egg seguga! Kr\u00f5be lehttainap\u00f5hi, rikkalik maitse ja lihtne valmistamine!\",\"breadcrumb\":{\"@id\":\"https:\/\/bio4you.eu\/retseptid\/toode\/soolane-koogiviljapirukas-veg-eggiga\/#breadcrumb\"},\"inLanguage\":\"et\",\"potentialAction\":[{\"@type\":\"ReadAction\",\"target\":[\"https:\/\/bio4you.eu\/retseptid\/toode\/soolane-koogiviljapirukas-veg-eggiga\/\"]}]},{\"@type\":\"ImageObject\",\"inLanguage\":\"et\",\"@id\":\"https:\/\/bio4you.eu\/retseptid\/toode\/soolane-koogiviljapirukas-veg-eggiga\/#primaryimage\",\"url\":\"https:\/\/bio4you.eu\/retseptid\/wp-content\/uploads\/2025\/04\/Screenshot-2025-03-26-at-13.34.41-e1746272638893.png\",\"contentUrl\":\"https:\/\/bio4you.eu\/retseptid\/wp-content\/uploads\/2025\/04\/Screenshot-2025-03-26-at-13.34.41-e1746272638893.png\",\"width\":1000,\"height\":640,\"caption\":\"Kr\u00f5be lehttainap\u00f5hi, mahlane suvik\u00f5rvits ning kreemjas taimne t\u00e4idis \u2013 see k\u00f6\u00f6giviljapirukas on ideaalne valik igaks toidukorraks!\"},{\"@type\":\"BreadcrumbList\",\"@id\":\"https:\/\/bio4you.eu\/retseptid\/toode\/soolane-koogiviljapirukas-veg-eggiga\/#breadcrumb\",\"itemListElement\":[{\"@type\":\"ListItem\",\"position\":1,\"name\":\"Home\",\"item\":\"https:\/\/bio4you.eu\/retseptid\/\"},{\"@type\":\"ListItem\",\"position\":2,\"name\":\"Soolane k\u00f6\u00f6giviljapirukas Veg-Eggiga\"}]},{\"@type\":\"WebSite\",\"@id\":\"https:\/\/bio4you.eu\/retseptid\/#website\",\"url\":\"https:\/\/bio4you.eu\/retseptid\/\",\"name\":\"bio4you.eu\/retseptid\",\"description\":\"\u00d6ko retseptid ise tegemiseks, looduslikest koostisainetest. Maitsev toit, iluhooldus, kodupuhastus ja aiandus.\",\"potentialAction\":[{\"@type\":\"SearchAction\",\"target\":{\"@type\":\"EntryPoint\",\"urlTemplate\":\"https:\/\/bio4you.eu\/retseptid\/?s={search_term_string}\"},\"query-input\":\"required name=search_term_string\"}],\"inLanguage\":\"et\"}]}<\/script>\n<!-- \/ Yoast SEO plugin. -->","yoast_head_json":{"title":"Soolane k\u00f6\u00f6giviljapirukas Veg-Eggiga - bio4you.eu\/retseptid","description":"Proovi seda maitsvat vegan k\u00f6\u00f6giviljapirukat, mis on t\u00e4idetud suvik\u00f5rvitsa, \u0161alottsibula ja kreemja Veg-Egg seguga! Kr\u00f5be lehttainap\u00f5hi, rikkalik maitse ja lihtne valmistamine!","robots":{"index":"index","follow":"follow","max-snippet":"max-snippet:-1","max-image-preview":"max-image-preview:large","max-video-preview":"max-video-preview:-1"},"canonical":"https:\/\/bio4you.eu\/retseptid\/toode\/soolane-koogiviljapirukas-veg-eggiga\/","og_locale":"et_EE","og_type":"article","og_title":"Maitsev ja lihtne soolane k\u00f6\u00f6giviljapirukas \u2013 100% taimne!","og_description":"Kr\u00f5be lehttainap\u00f5hi, mahlane suvik\u00f5rvits ja kreemjas taimne t\u00e4idis \u2013 see soolane k\u00f6\u00f6giviljapirukas Veg-Eggiga on lihtne valmistada ja t\u00e4iuslik igaks toidukorraks! Proovi j\u00e4rele ja naudi maitseelamust!","og_url":"https:\/\/bio4you.eu\/retseptid\/toode\/soolane-koogiviljapirukas-veg-eggiga\/","og_site_name":"bio4you.eu\/retseptid","article_modified_time":"2025-03-26T11:35:49+00:00","og_image":[{"width":1384,"height":654,"url":"https:\/\/bio4you.eu\/retseptid\/wp-content\/uploads\/2025\/04\/Screenshot-2025-03-26-at-13.34.41.png","type":"image\/png"}],"twitter_misc":{"Est. reading time":"1 minut"},"schema":{"@context":"https:\/\/schema.org","@graph":[{"@type":"WebPage","@id":"https:\/\/bio4you.eu\/retseptid\/toode\/soolane-koogiviljapirukas-veg-eggiga\/","url":"https:\/\/bio4you.eu\/retseptid\/toode\/soolane-koogiviljapirukas-veg-eggiga\/","name":"Soolane k\u00f6\u00f6giviljapirukas Veg-Eggiga - bio4you.eu\/retseptid","isPartOf":{"@id":"https:\/\/bio4you.eu\/retseptid\/#website"},"primaryImageOfPage":{"@id":"https:\/\/bio4you.eu\/retseptid\/toode\/soolane-koogiviljapirukas-veg-eggiga\/#primaryimage"},"image":{"@id":"https:\/\/bio4you.eu\/retseptid\/toode\/soolane-koogiviljapirukas-veg-eggiga\/#primaryimage"},"thumbnailUrl":"https:\/\/bio4you.eu\/retseptid\/wp-content\/uploads\/2025\/04\/Screenshot-2025-03-26-at-13.34.41-e1746272638893.png","datePublished":"2025-04-03T12:06:25+00:00","dateModified":"2025-03-26T11:35:49+00:00","description":"Proovi seda maitsvat vegan k\u00f6\u00f6giviljapirukat, mis on t\u00e4idetud suvik\u00f5rvitsa, \u0161alottsibula ja kreemja Veg-Egg seguga! Kr\u00f5be lehttainap\u00f5hi, rikkalik maitse ja lihtne valmistamine!","breadcrumb":{"@id":"https:\/\/bio4you.eu\/retseptid\/toode\/soolane-koogiviljapirukas-veg-eggiga\/#breadcrumb"},"inLanguage":"et","potentialAction":[{"@type":"ReadAction","target":["https:\/\/bio4you.eu\/retseptid\/toode\/soolane-koogiviljapirukas-veg-eggiga\/"]}]},{"@type":"ImageObject","inLanguage":"et","@id":"https:\/\/bio4you.eu\/retseptid\/toode\/soolane-koogiviljapirukas-veg-eggiga\/#primaryimage","url":"https:\/\/bio4you.eu\/retseptid\/wp-content\/uploads\/2025\/04\/Screenshot-2025-03-26-at-13.34.41-e1746272638893.png","contentUrl":"https:\/\/bio4you.eu\/retseptid\/wp-content\/uploads\/2025\/04\/Screenshot-2025-03-26-at-13.34.41-e1746272638893.png","width":1000,"height":640,"caption":"Kr\u00f5be lehttainap\u00f5hi, mahlane suvik\u00f5rvits ning kreemjas taimne t\u00e4idis \u2013 see k\u00f6\u00f6giviljapirukas on ideaalne valik igaks toidukorraks!"},{"@type":"BreadcrumbList","@id":"https:\/\/bio4you.eu\/retseptid\/toode\/soolane-koogiviljapirukas-veg-eggiga\/#breadcrumb","itemListElement":[{"@type":"ListItem","position":1,"name":"Home","item":"https:\/\/bio4you.eu\/retseptid\/"},{"@type":"ListItem","position":2,"name":"Soolane k\u00f6\u00f6giviljapirukas Veg-Eggiga"}]},{"@type":"WebSite","@id":"https:\/\/bio4you.eu\/retseptid\/#website","url":"https:\/\/bio4you.eu\/retseptid\/","name":"bio4you.eu\/retseptid","description":"\u00d6ko retseptid ise tegemiseks, looduslikest koostisainetest. Maitsev toit, iluhooldus, kodupuhastus ja aiandus.","potentialAction":[{"@type":"SearchAction","target":{"@type":"EntryPoint","urlTemplate":"https:\/\/bio4you.eu\/retseptid\/?s={search_term_string}"},"query-input":"required name=search_term_string"}],"inLanguage":"et"}]}},"_links":{"self":[{"href":"https:\/\/bio4you.eu\/retseptid\/wp-json\/wp\/v2\/product\/4311"}],"collection":[{"href":"https:\/\/bio4you.eu\/retseptid\/wp-json\/wp\/v2\/product"}],"about":[{"href":"https:\/\/bio4you.eu\/retseptid\/wp-json\/wp\/v2\/types\/product"}],"replies":[{"embeddable":true,"href":"https:\/\/bio4you.eu\/retseptid\/wp-json\/wp\/v2\/comments?post=4311"}],"wp:featuredmedia":[{"embeddable":true,"href":"https:\/\/bio4you.eu\/retseptid\/wp-json\/wp\/v2\/media\/4344"}],"wp:attachment":[{"href":"https:\/\/bio4you.eu\/retseptid\/wp-json\/wp\/v2\/media?parent=4311"}],"wp:term":[{"taxonomy":"product_cat","embeddable":true,"href":"https:\/\/bio4you.eu\/retseptid\/wp-json\/wp\/v2\/product_cat?post=4311"},{"taxonomy":"product_tag","embeddable":true,"href":"https:\/\/bio4you.eu\/retseptid\/wp-json\/wp\/v2\/product_tag?post=4311"}],"curies":[{"name":"wp","href":"https:\/\/api.w.org\/{rel}","templated":true}]}}