{"id":4316,"date":"2025-04-07T15:33:07","date_gmt":"2025-04-07T12:33:07","guid":{"rendered":"https:\/\/bio4you.eu\/retseptid\/?post_type=product&#038;p=4316"},"modified":"2025-03-26T13:36:39","modified_gmt":"2025-03-26T11:36:39","slug":"kevadine-porgandikook-kreemja-toorjuustukattega","status":"publish","type":"product","link":"https:\/\/bio4you.eu\/retseptid\/toode\/kevadine-porgandikook-kreemja-toorjuustukattega\/","title":{"rendered":"Kevadine porgandikook kreemja toorjuustukattega"},"content":{"rendered":"<p><b>Valmistamine:<\/b><\/p>\n<ol>\n<li style=\"font-weight: 400;\" aria-level=\"1\"><span style=\"font-weight: 400;\">Kuumuta ahi 200\u00b0C-ni. M\u00e4\u00e4ri 20&#215;24 cm ahjuvorm kergelt rasvainega.<\/span><\/li>\n<li style=\"font-weight: 400;\" aria-level=\"1\"><span style=\"font-weight: 400;\">Vala brownie jahusegu kaussi, lisa piim ja \u00f5li ning sega \u00fchtlaseks tainaks.<\/span><\/li>\n<li style=\"font-weight: 400;\" aria-level=\"1\"><span style=\"font-weight: 400;\">Lisa riivitud porgand ja hakitud p\u00e4hklid ning sega \u00f5rnalt l\u00e4bi.<\/span><\/li>\n<li style=\"font-weight: 400;\" aria-level=\"1\"><span style=\"font-weight: 400;\">Vala tainas ettevalmistatud vormi ja k\u00fcpseta 190-200\u00b0C juures 5 minutit. Seej\u00e4rel alanda kuumus 160-170\u00b0C-ni ja k\u00fcpseta veel 30-40 minutit.<\/span><\/li>\n<li style=\"font-weight: 400;\" aria-level=\"1\"><span style=\"font-weight: 400;\">Lase koogil enne lahtil\u00f5ikamist v\u00e4hemalt 15 minutit jahtuda.<\/span><\/li>\n<li style=\"font-weight: 400;\" aria-level=\"1\"><span style=\"font-weight: 400;\">Samal ajal valmista kreemjuustukate \u2013 vahusta toorjuust ja v\u00f5i kreemjaks massiks. Lisa vahtrasiirup, vaniljeekstrakt ja sool ning vahusta veel paar minutit, kuni segu on siidine ja \u00fchtlane.<\/span><\/li>\n<li style=\"font-weight: 400;\" aria-level=\"1\"><span style=\"font-weight: 400;\">M\u00e4\u00e4ri kreem jahtunud koogile \u00fchtlaselt peale. Soovi korral kaunista hakitud p\u00e4hklite v\u00f5i riivitud porgandiga.<\/span><\/li>\n<li style=\"font-weight: 400;\" aria-level=\"1\"><span style=\"font-weight: 400;\">L\u00f5ika viiludeks ja naudi!<\/span><\/li>\n<\/ol>\n<p><span style=\"font-weight: 400;\">Soovitus: Hoia kooki enne serveerimist v\u00e4hemalt tund aega k\u00fclmkapis \u2013 nii muutub see veelgi mahlasemaks!<\/span><\/p>\n<p><b>See kook \u00fchendab endas soojad v\u00fcrtsid, kevadise v\u00e4rskuse ja kreemja katte \u2013 t\u00e4iuslik maius igaks puhuks!<\/b><\/p>\n","protected":false},"excerpt":{"rendered":"<p><span style=\"font-weight: 400;\">Kas teadsid, et <a href=\"https:\/\/bio4you.eu\/et\/bio-toit\/kuivained-ja-idandamine\/magusad-kuepsetussegud\/gluteenivaba-brownie-jahusegu-piparkoogimaitseline-400g\"><strong>Bett&#8217;r gluteenivaba <\/strong><\/a><\/span><a href=\"https:\/\/bio4you.eu\/et\/bio-toit\/kuivained-ja-idandamine\/magusad-kuepsetussegud\/gluteenivaba-brownie-jahusegu-piparkoogimaitseline-400g\"><strong>piparkoogimaitseline brownie-jahusegu<\/strong><\/a><span style=\"font-weight: 400;\"> sobib suurep\u00e4raselt ka porgandikoogi valmistamiseks? Kui lisada v\u00fcrtsikale segule riivitud porgandit ja p\u00e4hkleid ning katta rikkaliku kreemjuustukihiga, saab tulemuseks mahlane ja maitsek\u00fcllane kevadine kook, mis sobib nii argi\u00f5htuks kui ka pidulauale!<br \/>\n<\/span><\/p>\n<p><strong>Vaja l\u00e4heb:<\/strong><\/p>\n<p><span style=\"font-weight: 400;\">P\u00f5hi:<\/span><\/p>\n<ul>\n<li style=\"font-weight: 400;\" aria-level=\"1\"><span style=\"font-weight: 400;\">1 pakk <a href=\"https:\/\/bio4you.eu\/et\/bio-toit\/kuivained-ja-idandamine\/magusad-kuepsetussegud\/gluteenivaba-brownie-jahusegu-piparkoogimaitseline-400g\">gluteenivaba piparkoogimaitselist brownie jahusegu (400 g)<\/a><\/span><\/li>\n<li style=\"font-weight: 400;\" aria-level=\"1\"><span style=\"font-weight: 400;\">200 ml piima v\u00f5i taimset jooki (nt, <a href=\"https:\/\/bio4you.eu\/et\/bio-toit\/joogid-ja-joogipulbrid\/taimsed-joogid-ja-kreemid\/gluteenivaba-kaerajook-omega-3-1l\">The Bridge Gluteenivaba kaerajook Omega 3, 1l<\/a>)<\/span><\/li>\n<li style=\"font-weight: 400;\" aria-level=\"1\"><span style=\"font-weight: 400;\">120 ml \u00f5li v\u00f5i sulatatud v\u00f5id<\/span><\/li>\n<li style=\"font-weight: 400;\" aria-level=\"1\"><span style=\"font-weight: 400;\">2 suurt porgandit, riivituna<\/span><\/li>\n<li style=\"font-weight: 400;\" aria-level=\"1\"><span style=\"font-weight: 400;\">Peot\u00e4is hakitud kreeka p\u00e4hkleid v\u00f5i pekaanip\u00e4hkleid (nt, <a href=\"https:\/\/bio4you.eu\/et\/bio-toit\/looduslikud-supertoidud\/paehklid-ja-seemned\/kreeka-paehklid-100g\">Fior di lotoKreeka p\u00e4hklid, 100g<\/a>)<\/span><\/li>\n<\/ul>\n<p><span style=\"font-weight: 400;\">Kreemjuustukate:<\/span><\/p>\n<ul>\n<li style=\"font-weight: 400;\" aria-level=\"1\"><span style=\"font-weight: 400;\">250 g toorjuustu (v\u00f5ib kasutada ka taimset alternatiivi)<\/span><\/li>\n<li style=\"font-weight: 400;\" aria-level=\"1\"><span style=\"font-weight: 400;\">50 g toasooja v\u00f5id<\/span><\/li>\n<li style=\"font-weight: 400;\" aria-level=\"1\"><span style=\"font-weight: 400;\">3 spl vahtrasiirupit v\u00f5i tuhksuhkrut (nt, <a href=\"https:\/\/bio4you.eu\/et\/bio-toit\/biotoit-maitseained-ja-magustajad\/mesi-ja-siirupid\/vahtrasiirup-250ml\">Smart Organic Vahtrasiirup, 250ml<\/a>)<br \/>\n<\/span><\/li>\n<li style=\"font-weight: 400;\" aria-level=\"1\"><span style=\"font-weight: 400;\">1 tl vaniljeekstrakti<\/span><\/li>\n<li style=\"font-weight: 400;\" aria-level=\"1\"><span style=\"font-weight: 400;\">N\u00e4puotsat\u00e4is soola<\/span><\/li>\n<\/ul>\n<p>&nbsp;<\/p>\n","protected":false},"featured_media":4346,"comment_status":"open","ping_status":"closed","template":"","meta":{"_exactmetrics_skip_tracking":false,"_exactmetrics_sitenote_active":false,"_exactmetrics_sitenote_note":"","_exactmetrics_sitenote_category":0},"product_cat":[59,60,63,280],"product_tag":[505,502,467,503,504],"class_list":{"0":"post-4316","1":"product","2":"type-product","3":"status-publish","4":"has-post-thumbnail","6":"product_cat-featured","7":"product_cat-toiduretseptid","8":"product_cat-gluteenivabad-retseptid","9":"product_cat-koogid-ja-kupsised","10":"product_tag-gluteenivaba-kupsetis","11":"product_tag-gluteenivaba-porgandikook","12":"product_tag-kupsetis","13":"product_tag-porgandikook","14":"product_tag-shokolaadine-porgandikook","16":"first","17":"instock","18":"shipping-taxable","19":"product-type-simple"},"yoast_head":"<!-- This site is optimized with the Yoast SEO plugin v23.3 - https:\/\/yoast.com\/wordpress\/plugins\/seo\/ -->\n<title>Kevadine porgandikook kreemja toorjuustukattega - bio4you.eu\/retseptid<\/title>\n<meta name=\"description\" content=\"Mahlane ja v\u00fcrtsikas porgandikook, valmistatud gluteenivabast brownie jahusegust, riivitud porgandist ja p\u00e4hklitest. Katteks kreemjas toorjuustukiht. T\u00e4iuslik kevadine maius.\" \/>\n<meta name=\"robots\" content=\"index, follow, max-snippet:-1, max-image-preview:large, max-video-preview:-1\" \/>\n<link rel=\"canonical\" href=\"https:\/\/bio4you.eu\/retseptid\/toode\/kevadine-porgandikook-kreemja-toorjuustukattega\/\" \/>\n<meta property=\"og:locale\" content=\"et_EE\" \/>\n<meta property=\"og:type\" content=\"article\" \/>\n<meta property=\"og:title\" content=\"Mahlane porgandikook v\u00fcrtsika p\u00f5hjaga\" \/>\n<meta property=\"og:description\" content=\"Kas teadsid, et piparkoogimaitseline brownie jahusegu sobib ideaalselt ka porgandikoogi valmistamiseks? Lisa riivitud porgand ja p\u00e4hklid ning kata kreemja toorjuustukihiga \u2013 tulemuseks on t\u00e4iuslikult mahlane ja maitsek\u00fcllane kevadine kook.\" \/>\n<meta property=\"og:url\" content=\"https:\/\/bio4you.eu\/retseptid\/toode\/kevadine-porgandikook-kreemja-toorjuustukattega\/\" \/>\n<meta property=\"og:site_name\" content=\"bio4you.eu\/retseptid\" \/>\n<meta property=\"article:modified_time\" content=\"2025-03-26T11:36:39+00:00\" \/>\n<meta property=\"og:image\" content=\"https:\/\/bio4you.eu\/retseptid\/wp-content\/uploads\/2025\/04\/porgandikook.png\" \/>\n\t<meta property=\"og:image:width\" content=\"1920\" \/>\n\t<meta property=\"og:image:height\" content=\"900\" \/>\n\t<meta property=\"og:image:type\" content=\"image\/png\" \/>\n<meta name=\"twitter:label1\" content=\"Est. reading time\" \/>\n\t<meta name=\"twitter:data1\" content=\"1 minut\" \/>\n<script type=\"application\/ld+json\" class=\"yoast-schema-graph\">{\"@context\":\"https:\/\/schema.org\",\"@graph\":[{\"@type\":\"WebPage\",\"@id\":\"https:\/\/bio4you.eu\/retseptid\/toode\/kevadine-porgandikook-kreemja-toorjuustukattega\/\",\"url\":\"https:\/\/bio4you.eu\/retseptid\/toode\/kevadine-porgandikook-kreemja-toorjuustukattega\/\",\"name\":\"Kevadine porgandikook kreemja toorjuustukattega - bio4you.eu\/retseptid\",\"isPartOf\":{\"@id\":\"https:\/\/bio4you.eu\/retseptid\/#website\"},\"primaryImageOfPage\":{\"@id\":\"https:\/\/bio4you.eu\/retseptid\/toode\/kevadine-porgandikook-kreemja-toorjuustukattega\/#primaryimage\"},\"image\":{\"@id\":\"https:\/\/bio4you.eu\/retseptid\/toode\/kevadine-porgandikook-kreemja-toorjuustukattega\/#primaryimage\"},\"thumbnailUrl\":\"https:\/\/bio4you.eu\/retseptid\/wp-content\/uploads\/2025\/04\/porgandikook-e1746272409365.png\",\"datePublished\":\"2025-04-07T12:33:07+00:00\",\"dateModified\":\"2025-03-26T11:36:39+00:00\",\"description\":\"Mahlane ja v\u00fcrtsikas porgandikook, valmistatud gluteenivabast brownie jahusegust, riivitud porgandist ja p\u00e4hklitest. Katteks kreemjas toorjuustukiht. T\u00e4iuslik kevadine maius.\",\"breadcrumb\":{\"@id\":\"https:\/\/bio4you.eu\/retseptid\/toode\/kevadine-porgandikook-kreemja-toorjuustukattega\/#breadcrumb\"},\"inLanguage\":\"et\",\"potentialAction\":[{\"@type\":\"ReadAction\",\"target\":[\"https:\/\/bio4you.eu\/retseptid\/toode\/kevadine-porgandikook-kreemja-toorjuustukattega\/\"]}]},{\"@type\":\"ImageObject\",\"inLanguage\":\"et\",\"@id\":\"https:\/\/bio4you.eu\/retseptid\/toode\/kevadine-porgandikook-kreemja-toorjuustukattega\/#primaryimage\",\"url\":\"https:\/\/bio4you.eu\/retseptid\/wp-content\/uploads\/2025\/04\/porgandikook-e1746272409365.png\",\"contentUrl\":\"https:\/\/bio4you.eu\/retseptid\/wp-content\/uploads\/2025\/04\/porgandikook-e1746272409365.png\",\"width\":1370,\"height\":899,\"caption\":\"Mahlane ja v\u00fcrtsikas porgandikook, mis on valmistatud gluteenivabast brownie jahusegust ning kaetud kreemja toorjuustukattega.\"},{\"@type\":\"BreadcrumbList\",\"@id\":\"https:\/\/bio4you.eu\/retseptid\/toode\/kevadine-porgandikook-kreemja-toorjuustukattega\/#breadcrumb\",\"itemListElement\":[{\"@type\":\"ListItem\",\"position\":1,\"name\":\"Home\",\"item\":\"https:\/\/bio4you.eu\/retseptid\/\"},{\"@type\":\"ListItem\",\"position\":2,\"name\":\"Kevadine porgandikook kreemja toorjuustukattega\"}]},{\"@type\":\"WebSite\",\"@id\":\"https:\/\/bio4you.eu\/retseptid\/#website\",\"url\":\"https:\/\/bio4you.eu\/retseptid\/\",\"name\":\"bio4you.eu\/retseptid\",\"description\":\"\u00d6ko retseptid ise tegemiseks, looduslikest koostisainetest. Maitsev toit, iluhooldus, kodupuhastus ja aiandus.\",\"potentialAction\":[{\"@type\":\"SearchAction\",\"target\":{\"@type\":\"EntryPoint\",\"urlTemplate\":\"https:\/\/bio4you.eu\/retseptid\/?s={search_term_string}\"},\"query-input\":\"required name=search_term_string\"}],\"inLanguage\":\"et\"}]}<\/script>\n<!-- \/ Yoast SEO plugin. -->","yoast_head_json":{"title":"Kevadine porgandikook kreemja toorjuustukattega - bio4you.eu\/retseptid","description":"Mahlane ja v\u00fcrtsikas porgandikook, valmistatud gluteenivabast brownie jahusegust, riivitud porgandist ja p\u00e4hklitest. Katteks kreemjas toorjuustukiht. T\u00e4iuslik kevadine maius.","robots":{"index":"index","follow":"follow","max-snippet":"max-snippet:-1","max-image-preview":"max-image-preview:large","max-video-preview":"max-video-preview:-1"},"canonical":"https:\/\/bio4you.eu\/retseptid\/toode\/kevadine-porgandikook-kreemja-toorjuustukattega\/","og_locale":"et_EE","og_type":"article","og_title":"Mahlane porgandikook v\u00fcrtsika p\u00f5hjaga","og_description":"Kas teadsid, et piparkoogimaitseline brownie jahusegu sobib ideaalselt ka porgandikoogi valmistamiseks? Lisa riivitud porgand ja p\u00e4hklid ning kata kreemja toorjuustukihiga \u2013 tulemuseks on t\u00e4iuslikult mahlane ja maitsek\u00fcllane kevadine kook.","og_url":"https:\/\/bio4you.eu\/retseptid\/toode\/kevadine-porgandikook-kreemja-toorjuustukattega\/","og_site_name":"bio4you.eu\/retseptid","article_modified_time":"2025-03-26T11:36:39+00:00","og_image":[{"width":1920,"height":900,"url":"https:\/\/bio4you.eu\/retseptid\/wp-content\/uploads\/2025\/04\/porgandikook.png","type":"image\/png"}],"twitter_misc":{"Est. reading time":"1 minut"},"schema":{"@context":"https:\/\/schema.org","@graph":[{"@type":"WebPage","@id":"https:\/\/bio4you.eu\/retseptid\/toode\/kevadine-porgandikook-kreemja-toorjuustukattega\/","url":"https:\/\/bio4you.eu\/retseptid\/toode\/kevadine-porgandikook-kreemja-toorjuustukattega\/","name":"Kevadine porgandikook kreemja toorjuustukattega - bio4you.eu\/retseptid","isPartOf":{"@id":"https:\/\/bio4you.eu\/retseptid\/#website"},"primaryImageOfPage":{"@id":"https:\/\/bio4you.eu\/retseptid\/toode\/kevadine-porgandikook-kreemja-toorjuustukattega\/#primaryimage"},"image":{"@id":"https:\/\/bio4you.eu\/retseptid\/toode\/kevadine-porgandikook-kreemja-toorjuustukattega\/#primaryimage"},"thumbnailUrl":"https:\/\/bio4you.eu\/retseptid\/wp-content\/uploads\/2025\/04\/porgandikook-e1746272409365.png","datePublished":"2025-04-07T12:33:07+00:00","dateModified":"2025-03-26T11:36:39+00:00","description":"Mahlane ja v\u00fcrtsikas porgandikook, valmistatud gluteenivabast brownie jahusegust, riivitud porgandist ja p\u00e4hklitest. Katteks kreemjas toorjuustukiht. T\u00e4iuslik kevadine maius.","breadcrumb":{"@id":"https:\/\/bio4you.eu\/retseptid\/toode\/kevadine-porgandikook-kreemja-toorjuustukattega\/#breadcrumb"},"inLanguage":"et","potentialAction":[{"@type":"ReadAction","target":["https:\/\/bio4you.eu\/retseptid\/toode\/kevadine-porgandikook-kreemja-toorjuustukattega\/"]}]},{"@type":"ImageObject","inLanguage":"et","@id":"https:\/\/bio4you.eu\/retseptid\/toode\/kevadine-porgandikook-kreemja-toorjuustukattega\/#primaryimage","url":"https:\/\/bio4you.eu\/retseptid\/wp-content\/uploads\/2025\/04\/porgandikook-e1746272409365.png","contentUrl":"https:\/\/bio4you.eu\/retseptid\/wp-content\/uploads\/2025\/04\/porgandikook-e1746272409365.png","width":1370,"height":899,"caption":"Mahlane ja v\u00fcrtsikas porgandikook, mis on valmistatud gluteenivabast brownie jahusegust ning kaetud kreemja toorjuustukattega."},{"@type":"BreadcrumbList","@id":"https:\/\/bio4you.eu\/retseptid\/toode\/kevadine-porgandikook-kreemja-toorjuustukattega\/#breadcrumb","itemListElement":[{"@type":"ListItem","position":1,"name":"Home","item":"https:\/\/bio4you.eu\/retseptid\/"},{"@type":"ListItem","position":2,"name":"Kevadine porgandikook kreemja toorjuustukattega"}]},{"@type":"WebSite","@id":"https:\/\/bio4you.eu\/retseptid\/#website","url":"https:\/\/bio4you.eu\/retseptid\/","name":"bio4you.eu\/retseptid","description":"\u00d6ko retseptid ise tegemiseks, looduslikest koostisainetest. Maitsev toit, iluhooldus, kodupuhastus ja aiandus.","potentialAction":[{"@type":"SearchAction","target":{"@type":"EntryPoint","urlTemplate":"https:\/\/bio4you.eu\/retseptid\/?s={search_term_string}"},"query-input":"required name=search_term_string"}],"inLanguage":"et"}]}},"_links":{"self":[{"href":"https:\/\/bio4you.eu\/retseptid\/wp-json\/wp\/v2\/product\/4316"}],"collection":[{"href":"https:\/\/bio4you.eu\/retseptid\/wp-json\/wp\/v2\/product"}],"about":[{"href":"https:\/\/bio4you.eu\/retseptid\/wp-json\/wp\/v2\/types\/product"}],"replies":[{"embeddable":true,"href":"https:\/\/bio4you.eu\/retseptid\/wp-json\/wp\/v2\/comments?post=4316"}],"wp:featuredmedia":[{"embeddable":true,"href":"https:\/\/bio4you.eu\/retseptid\/wp-json\/wp\/v2\/media\/4346"}],"wp:attachment":[{"href":"https:\/\/bio4you.eu\/retseptid\/wp-json\/wp\/v2\/media?parent=4316"}],"wp:term":[{"taxonomy":"product_cat","embeddable":true,"href":"https:\/\/bio4you.eu\/retseptid\/wp-json\/wp\/v2\/product_cat?post=4316"},{"taxonomy":"product_tag","embeddable":true,"href":"https:\/\/bio4you.eu\/retseptid\/wp-json\/wp\/v2\/product_tag?post=4316"}],"curies":[{"name":"wp","href":"https:\/\/api.w.org\/{rel}","templated":true}]}}