{"id":4317,"date":"2025-04-09T15:41:15","date_gmt":"2025-04-09T12:41:15","guid":{"rendered":"https:\/\/bio4you.eu\/retseptid\/?post_type=product&#038;p=4317"},"modified":"2025-11-12T15:12:47","modified_gmt":"2025-11-12T13:12:47","slug":"sara-andev-ja-poletikke-leevendav-kodune-kurkumi-naomask","status":"publish","type":"product","link":"https:\/\/bio4you.eu\/retseptid\/toode\/sara-andev-ja-poletikke-leevendav-kodune-kurkumi-naomask\/","title":{"rendered":"S\u00e4ra andev ja p\u00f5letikke leevendav kodune kurkumi n\u00e4omask"},"content":{"rendered":"<p>Valmistamine<\/p>\n<ol>\n<li>Sega v\u00e4ikeses kausis aaloegeel ja kookos\u00f5li, kuni need on \u00fchtlased.<\/li>\n<li>Lisa MSM-pulber ja sega, kuni see lahustub.<\/li>\n<li>Lisa l\u00f5puks kurkumipulber ning sega, kuni saad \u00fchtlase kreemja pasta.<\/li>\n<\/ol>\n<p> Kasutamine<\/p>\n<ul>\n<li>Puhasta n\u00e4onahk enne kasutamist.<\/li>\n<li>Kanna mask \u00f5hukese kihina n\u00e4ole (v\u00e4ldi silmade ja huulte \u00fcmbrust).<\/li>\n<li>Lase m\u00f5juda 5\u201310 minutit.<\/li>\n<li>Loputa leige veega ja kuivata \u00f5rnalt.<\/li>\n<li>Soovi korral kanna peale kerge niisutav kreem v\u00f5i aaloegeel.<\/li>\n<\/ul>\n<p><b>Soovitus:<\/b><span style=\"font-weight: 400;\"> Kurkum v\u00f5ib ajutiselt j\u00e4tta nahale kerge kollaka tooni \u2013 soovitame kasutada seda maski \u00f5htuti ning eemaldada see \u00f5rnalt sooja vee ja niiske r\u00e4tikuga.<\/span><\/p>\n","protected":false},"excerpt":{"rendered":"<p><b>Vaja l\u00e4heb:<\/b><\/p>\n<ul>\n<li style=\"font-weight: 400;\" aria-level=\"1\"><span style=\"font-weight: 400;\">\u00bd tl <a href=\"https:\/\/bio4you.eu\/et\/bio-tervis\/kuelmetuse-vastu\/kurkumipulber-150g\">\u00f6koloogilist kurkumipulbrit<\/a><\/span><\/li>\n<li style=\"font-weight: 400;\" aria-level=\"1\"><span style=\"font-weight: 400;\">\u00bd tl <a href=\"https:\/\/bio4you.eu\/et\/bio-tervis\/fueuesiliseks-heaoluks\/msm-pulber-100g-nutrisslim\">MSM pulbrit<\/a><\/span><\/li>\n<li style=\"font-weight: 400;\" aria-level=\"1\"><span style=\"font-weight: 400;\">1 spl <a href=\"https:\/\/bio4you.eu\/et\/bio-ilu\/suve-ja-paeikesetooted\/aaloegeel-983-200ml\">aaloegeeli<\/a><\/span><\/li>\n<li style=\"font-weight: 400;\" aria-level=\"1\"><span style=\"font-weight: 400;\">\u00bd tl <a href=\"https:\/\/bio4you.eu\/et\/bio-ilu\/kehahooldus\/kookosoli-kulmpress-100ml-laboratorio-naturale\">k\u00fclmpressitud kookos\u00f5li<\/a><\/span><\/li>\n<\/ul>\n","protected":false},"featured_media":4347,"comment_status":"open","ping_status":"closed","template":"","meta":{"_exactmetrics_skip_tracking":false,"_exactmetrics_sitenote_active":false,"_exactmetrics_sitenote_note":"","_exactmetrics_sitenote_category":0},"product_cat":[59,61,79,82],"product_tag":[508,506,131,507,509],"class_list":{"0":"post-4317","1":"product","2":"type-product","3":"status-publish","4":"has-post-thumbnail","6":"product_cat-featured","7":"product_cat-ilu-retseptid","8":"product_cat-naohooldus","9":"product_cat-naomaskid","10":"product_tag-kodune-naomask","11":"product_tag-kurkumi-naomask","12":"product_tag-naomask","13":"product_tag-poletikke-vahendav-naomask","14":"product_tag-tee-ise-naomask","16":"first","17":"instock","18":"shipping-taxable","19":"product-type-simple"},"yoast_head":"<!-- This site is optimized with the Yoast SEO plugin v23.3 - https:\/\/yoast.com\/wordpress\/plugins\/seo\/ -->\n<title>S\u00e4ra andev ja p\u00f5letikke leevendav kodune kurkumi n\u00e4omask - bio4you.eu\/retseptid<\/title>\n<meta name=\"description\" content=\"Proovi kodust kurkumi n\u00e4omaski, mis leevendab p\u00f5letikke, \u00fchtlustab jumet ja annab nahale terve s\u00e4ra. Lihtne retsept looduslike koostisosadega.\" \/>\n<meta name=\"robots\" content=\"index, follow, max-snippet:-1, max-image-preview:large, max-video-preview:-1\" \/>\n<link rel=\"canonical\" href=\"https:\/\/bio4you.eu\/retseptid\/toode\/sara-andev-ja-poletikke-leevendav-kodune-kurkumi-naomask\/\" \/>\n<meta property=\"og:locale\" content=\"et_EE\" \/>\n<meta property=\"og:type\" content=\"article\" \/>\n<meta property=\"og:title\" content=\"Kodune kurkumi n\u00e4omask tervema ja s\u00e4ravama naha heaks\" \/>\n<meta property=\"og:description\" content=\"Looduslikult s\u00e4ra andev ja p\u00f5letikku leevendav kurkumi n\u00e4omask, mis \u00fchendab MSM pulbri, jogurti ja kookos\u00f5li nahka hooldavate omadustega. Proovi ise ja naudi tervemat jumet.\" \/>\n<meta property=\"og:url\" content=\"https:\/\/bio4you.eu\/retseptid\/toode\/sara-andev-ja-poletikke-leevendav-kodune-kurkumi-naomask\/\" \/>\n<meta property=\"og:site_name\" content=\"bio4you.eu\/retseptid\" \/>\n<meta property=\"article:modified_time\" content=\"2025-11-12T13:12:47+00:00\" \/>\n<meta property=\"og:image\" content=\"https:\/\/bio4you.eu\/retseptid\/wp-content\/uploads\/2025\/04\/truhvel2-1.png\" \/>\n\t<meta property=\"og:image:width\" content=\"1440\" \/>\n\t<meta property=\"og:image:height\" content=\"675\" \/>\n\t<meta property=\"og:image:type\" content=\"image\/png\" \/>\n<meta name=\"twitter:label1\" content=\"Est. reading time\" \/>\n\t<meta name=\"twitter:data1\" content=\"1 minut\" \/>\n<script type=\"application\/ld+json\" class=\"yoast-schema-graph\">{\"@context\":\"https:\/\/schema.org\",\"@graph\":[{\"@type\":\"WebPage\",\"@id\":\"https:\/\/bio4you.eu\/retseptid\/toode\/sara-andev-ja-poletikke-leevendav-kodune-kurkumi-naomask\/\",\"url\":\"https:\/\/bio4you.eu\/retseptid\/toode\/sara-andev-ja-poletikke-leevendav-kodune-kurkumi-naomask\/\",\"name\":\"S\u00e4ra andev ja p\u00f5letikke leevendav kodune kurkumi n\u00e4omask - bio4you.eu\/retseptid\",\"isPartOf\":{\"@id\":\"https:\/\/bio4you.eu\/retseptid\/#website\"},\"primaryImageOfPage\":{\"@id\":\"https:\/\/bio4you.eu\/retseptid\/toode\/sara-andev-ja-poletikke-leevendav-kodune-kurkumi-naomask\/#primaryimage\"},\"image\":{\"@id\":\"https:\/\/bio4you.eu\/retseptid\/toode\/sara-andev-ja-poletikke-leevendav-kodune-kurkumi-naomask\/#primaryimage\"},\"thumbnailUrl\":\"https:\/\/bio4you.eu\/retseptid\/wp-content\/uploads\/2025\/04\/truhvel2-1.png\",\"datePublished\":\"2025-04-09T12:41:15+00:00\",\"dateModified\":\"2025-11-12T13:12:47+00:00\",\"description\":\"Proovi kodust kurkumi n\u00e4omaski, mis leevendab p\u00f5letikke, \u00fchtlustab jumet ja annab nahale terve s\u00e4ra. Lihtne retsept looduslike koostisosadega.\",\"breadcrumb\":{\"@id\":\"https:\/\/bio4you.eu\/retseptid\/toode\/sara-andev-ja-poletikke-leevendav-kodune-kurkumi-naomask\/#breadcrumb\"},\"inLanguage\":\"et\",\"potentialAction\":[{\"@type\":\"ReadAction\",\"target\":[\"https:\/\/bio4you.eu\/retseptid\/toode\/sara-andev-ja-poletikke-leevendav-kodune-kurkumi-naomask\/\"]}]},{\"@type\":\"ImageObject\",\"inLanguage\":\"et\",\"@id\":\"https:\/\/bio4you.eu\/retseptid\/toode\/sara-andev-ja-poletikke-leevendav-kodune-kurkumi-naomask\/#primaryimage\",\"url\":\"https:\/\/bio4you.eu\/retseptid\/wp-content\/uploads\/2025\/04\/truhvel2-1.png\",\"contentUrl\":\"https:\/\/bio4you.eu\/retseptid\/wp-content\/uploads\/2025\/04\/truhvel2-1.png\",\"width\":1440,\"height\":675,\"caption\":\"Looduslik kurkumi n\u00e4omask, mis aitab rahustada nahka, v\u00e4hendada p\u00f5letikku ja anda tervisliku s\u00e4ra.\"},{\"@type\":\"BreadcrumbList\",\"@id\":\"https:\/\/bio4you.eu\/retseptid\/toode\/sara-andev-ja-poletikke-leevendav-kodune-kurkumi-naomask\/#breadcrumb\",\"itemListElement\":[{\"@type\":\"ListItem\",\"position\":1,\"name\":\"Home\",\"item\":\"https:\/\/bio4you.eu\/retseptid\/\"},{\"@type\":\"ListItem\",\"position\":2,\"name\":\"S\u00e4ra andev ja p\u00f5letikke leevendav kodune kurkumi n\u00e4omask\"}]},{\"@type\":\"WebSite\",\"@id\":\"https:\/\/bio4you.eu\/retseptid\/#website\",\"url\":\"https:\/\/bio4you.eu\/retseptid\/\",\"name\":\"bio4you.eu\/retseptid\",\"description\":\"\u00d6ko retseptid ise tegemiseks, looduslikest koostisainetest. Maitsev toit, iluhooldus, kodupuhastus ja aiandus.\",\"potentialAction\":[{\"@type\":\"SearchAction\",\"target\":{\"@type\":\"EntryPoint\",\"urlTemplate\":\"https:\/\/bio4you.eu\/retseptid\/?s={search_term_string}\"},\"query-input\":\"required name=search_term_string\"}],\"inLanguage\":\"et\"}]}<\/script>\n<!-- \/ Yoast SEO plugin. -->","yoast_head_json":{"title":"S\u00e4ra andev ja p\u00f5letikke leevendav kodune kurkumi n\u00e4omask - bio4you.eu\/retseptid","description":"Proovi kodust kurkumi n\u00e4omaski, mis leevendab p\u00f5letikke, \u00fchtlustab jumet ja annab nahale terve s\u00e4ra. Lihtne retsept looduslike koostisosadega.","robots":{"index":"index","follow":"follow","max-snippet":"max-snippet:-1","max-image-preview":"max-image-preview:large","max-video-preview":"max-video-preview:-1"},"canonical":"https:\/\/bio4you.eu\/retseptid\/toode\/sara-andev-ja-poletikke-leevendav-kodune-kurkumi-naomask\/","og_locale":"et_EE","og_type":"article","og_title":"Kodune kurkumi n\u00e4omask tervema ja s\u00e4ravama naha heaks","og_description":"Looduslikult s\u00e4ra andev ja p\u00f5letikku leevendav kurkumi n\u00e4omask, mis \u00fchendab MSM pulbri, jogurti ja kookos\u00f5li nahka hooldavate omadustega. Proovi ise ja naudi tervemat jumet.","og_url":"https:\/\/bio4you.eu\/retseptid\/toode\/sara-andev-ja-poletikke-leevendav-kodune-kurkumi-naomask\/","og_site_name":"bio4you.eu\/retseptid","article_modified_time":"2025-11-12T13:12:47+00:00","og_image":[{"width":1440,"height":675,"url":"https:\/\/bio4you.eu\/retseptid\/wp-content\/uploads\/2025\/04\/truhvel2-1.png","type":"image\/png"}],"twitter_misc":{"Est. reading time":"1 minut"},"schema":{"@context":"https:\/\/schema.org","@graph":[{"@type":"WebPage","@id":"https:\/\/bio4you.eu\/retseptid\/toode\/sara-andev-ja-poletikke-leevendav-kodune-kurkumi-naomask\/","url":"https:\/\/bio4you.eu\/retseptid\/toode\/sara-andev-ja-poletikke-leevendav-kodune-kurkumi-naomask\/","name":"S\u00e4ra andev ja p\u00f5letikke leevendav kodune kurkumi n\u00e4omask - bio4you.eu\/retseptid","isPartOf":{"@id":"https:\/\/bio4you.eu\/retseptid\/#website"},"primaryImageOfPage":{"@id":"https:\/\/bio4you.eu\/retseptid\/toode\/sara-andev-ja-poletikke-leevendav-kodune-kurkumi-naomask\/#primaryimage"},"image":{"@id":"https:\/\/bio4you.eu\/retseptid\/toode\/sara-andev-ja-poletikke-leevendav-kodune-kurkumi-naomask\/#primaryimage"},"thumbnailUrl":"https:\/\/bio4you.eu\/retseptid\/wp-content\/uploads\/2025\/04\/truhvel2-1.png","datePublished":"2025-04-09T12:41:15+00:00","dateModified":"2025-11-12T13:12:47+00:00","description":"Proovi kodust kurkumi n\u00e4omaski, mis leevendab p\u00f5letikke, \u00fchtlustab jumet ja annab nahale terve s\u00e4ra. Lihtne retsept looduslike koostisosadega.","breadcrumb":{"@id":"https:\/\/bio4you.eu\/retseptid\/toode\/sara-andev-ja-poletikke-leevendav-kodune-kurkumi-naomask\/#breadcrumb"},"inLanguage":"et","potentialAction":[{"@type":"ReadAction","target":["https:\/\/bio4you.eu\/retseptid\/toode\/sara-andev-ja-poletikke-leevendav-kodune-kurkumi-naomask\/"]}]},{"@type":"ImageObject","inLanguage":"et","@id":"https:\/\/bio4you.eu\/retseptid\/toode\/sara-andev-ja-poletikke-leevendav-kodune-kurkumi-naomask\/#primaryimage","url":"https:\/\/bio4you.eu\/retseptid\/wp-content\/uploads\/2025\/04\/truhvel2-1.png","contentUrl":"https:\/\/bio4you.eu\/retseptid\/wp-content\/uploads\/2025\/04\/truhvel2-1.png","width":1440,"height":675,"caption":"Looduslik kurkumi n\u00e4omask, mis aitab rahustada nahka, v\u00e4hendada p\u00f5letikku ja anda tervisliku s\u00e4ra."},{"@type":"BreadcrumbList","@id":"https:\/\/bio4you.eu\/retseptid\/toode\/sara-andev-ja-poletikke-leevendav-kodune-kurkumi-naomask\/#breadcrumb","itemListElement":[{"@type":"ListItem","position":1,"name":"Home","item":"https:\/\/bio4you.eu\/retseptid\/"},{"@type":"ListItem","position":2,"name":"S\u00e4ra andev ja p\u00f5letikke leevendav kodune kurkumi n\u00e4omask"}]},{"@type":"WebSite","@id":"https:\/\/bio4you.eu\/retseptid\/#website","url":"https:\/\/bio4you.eu\/retseptid\/","name":"bio4you.eu\/retseptid","description":"\u00d6ko retseptid ise tegemiseks, looduslikest koostisainetest. Maitsev toit, iluhooldus, kodupuhastus ja aiandus.","potentialAction":[{"@type":"SearchAction","target":{"@type":"EntryPoint","urlTemplate":"https:\/\/bio4you.eu\/retseptid\/?s={search_term_string}"},"query-input":"required name=search_term_string"}],"inLanguage":"et"}]}},"_links":{"self":[{"href":"https:\/\/bio4you.eu\/retseptid\/wp-json\/wp\/v2\/product\/4317"}],"collection":[{"href":"https:\/\/bio4you.eu\/retseptid\/wp-json\/wp\/v2\/product"}],"about":[{"href":"https:\/\/bio4you.eu\/retseptid\/wp-json\/wp\/v2\/types\/product"}],"replies":[{"embeddable":true,"href":"https:\/\/bio4you.eu\/retseptid\/wp-json\/wp\/v2\/comments?post=4317"}],"wp:featuredmedia":[{"embeddable":true,"href":"https:\/\/bio4you.eu\/retseptid\/wp-json\/wp\/v2\/media\/4347"}],"wp:attachment":[{"href":"https:\/\/bio4you.eu\/retseptid\/wp-json\/wp\/v2\/media?parent=4317"}],"wp:term":[{"taxonomy":"product_cat","embeddable":true,"href":"https:\/\/bio4you.eu\/retseptid\/wp-json\/wp\/v2\/product_cat?post=4317"},{"taxonomy":"product_tag","embeddable":true,"href":"https:\/\/bio4you.eu\/retseptid\/wp-json\/wp\/v2\/product_tag?post=4317"}],"curies":[{"name":"wp","href":"https:\/\/api.w.org\/{rel}","templated":true}]}}