{"id":4319,"date":"2025-04-15T15:46:34","date_gmt":"2025-04-15T12:46:34","guid":{"rendered":"https:\/\/bio4you.eu\/retseptid\/?post_type=product&#038;p=4319"},"modified":"2025-03-26T13:43:24","modified_gmt":"2025-03-26T11:43:24","slug":"mahlane-kakao-banaanileib","status":"publish","type":"product","link":"https:\/\/bio4you.eu\/retseptid\/toode\/mahlane-kakao-banaanileib\/","title":{"rendered":"Mahlane kakao-banaanileib"},"content":{"rendered":"<p><b>Valmistamine:<\/b><\/p>\n<ol>\n<li style=\"font-weight: 400;\" aria-level=\"1\"><span style=\"font-weight: 400;\">Purusta banaanid kahvliga \u00fchtlaseks massiks.<\/span><\/li>\n<li style=\"font-weight: 400;\" aria-level=\"1\"><span style=\"font-weight: 400;\">Sulata kakaov\u00f5i madalal kuumusel (40\u00b0C).<\/span><\/li>\n<li style=\"font-weight: 400;\" aria-level=\"1\"><span style=\"font-weight: 400;\">Klopi muna lahti ja sega juurde kookosuhkur. Vahusta kergelt.<\/span><\/li>\n<li style=\"font-weight: 400;\" aria-level=\"1\"><span style=\"font-weight: 400;\">S\u00f5elu jahu ja kakaopulber eraldi kaussi.<\/span><\/li>\n<li style=\"font-weight: 400;\" aria-level=\"1\"><span style=\"font-weight: 400;\">Sega k\u00f5ik koostisosad kokku ning lisa l\u00f5puks kuivatatud puuviljad.<\/span><\/li>\n<li style=\"font-weight: 400;\" aria-level=\"1\"><span style=\"font-weight: 400;\">K\u00fcpseta 180\u00b0C juures 50 minutit.<\/span><\/li>\n<\/ol>\n<p><b>Soovitus:<\/b><span style=\"font-weight: 400;\"> Lisa taignale p\u00e4hkleid, granolat v\u00f5i \u0161okolaadit\u00fckke, et muuta banaanileib veelgi maitsvamaks. Asendades retseptis muna, saad selle muuta vegan retseptiks!<\/span><\/p>\n","protected":false},"excerpt":{"rendered":"<p><b>Vaja l\u00e4heb:<\/b><\/p>\n<ul>\n<li style=\"font-weight: 400;\" aria-level=\"1\"><span style=\"font-weight: 400;\">4 k\u00fcpset banaani<\/span><\/li>\n<li style=\"font-weight: 400;\" aria-level=\"1\"><span style=\"font-weight: 400;\">100 g kakaov\u00f5id (nt, <a href=\"https:\/\/bio4you.eu\/et\/bio-toit\/looduslikud-supertoidud\/kakaotooted\/kakaovoi-100ml\">Dragon Superfoods Kakaov\u00f5i, 100ml<\/a>)<\/span><\/li>\n<li style=\"font-weight: 400;\" aria-level=\"1\"><span style=\"font-weight: 400;\">1 muna (valikuline)<\/span><\/li>\n<li style=\"font-weight: 400;\" aria-level=\"1\"><span style=\"font-weight: 400;\">50 g kookosuhkrut (nt, <a href=\"https:\/\/bio4you.eu\/et\/bio-toit\/toiduvalmistamine\/kookosoie-suhkur-350g\">Maya Gold Kookos\u00f5ie suhkur, 350g<\/a>)<\/span><\/li>\n<li style=\"font-weight: 400;\" aria-level=\"1\"><span style=\"font-weight: 400;\">180 g jahu<\/span><\/li>\n<li style=\"font-weight: 400;\" aria-level=\"1\"><span style=\"font-weight: 400;\">20 g kakaopulbrit (nt, <a href=\"https:\/\/bio4you.eu\/et\/bio-toit\/looduslikud-supertoidud\/toorkakaopulber-250g\">Nature&#8217;s Finest Toorkakaopulber, 250g<\/a>)<\/span><\/li>\n<li style=\"font-weight: 400;\" aria-level=\"1\"><span style=\"font-weight: 400;\">N\u00e4puotsat\u00e4is soola<\/span><\/li>\n<li style=\"font-weight: 400;\" aria-level=\"1\"><span style=\"font-weight: 400;\">10 g k\u00fcpsetuspulbrit<\/span><\/li>\n<li style=\"font-weight: 400;\" aria-level=\"1\"><span style=\"font-weight: 400;\">1 tl kaneeli<\/span><\/li>\n<li style=\"font-weight: 400;\" aria-level=\"1\"><span style=\"font-weight: 400;\">J\u00f5hvikad<\/span><\/li>\n<li style=\"font-weight: 400;\" aria-level=\"1\"><span style=\"font-weight: 400;\">Kuivatatud mango (leotatud vees + vanilliaroom)\u00a0<\/span><\/li>\n<li style=\"font-weight: 400;\" aria-level=\"1\"><span style=\"font-weight: 400;\">Kookoshelbed (nt, <a href=\"https:\/\/bio4you.eu\/et\/bio-toit\/toiduvalmistamine\/kookostooted\/kookoshelbed-200g\">Cosmoveda Kookoshelbed, 200g<\/a>)<\/span><\/li>\n<\/ul>\n","protected":false},"featured_media":4348,"comment_status":"open","ping_status":"closed","template":"","meta":{"_exactmetrics_skip_tracking":false,"_exactmetrics_sitenote_active":false,"_exactmetrics_sitenote_note":"","_exactmetrics_sitenote_category":0},"product_cat":[59,60,383],"product_tag":[510,511,467,411],"class_list":{"0":"post-4319","1":"product","2":"type-product","3":"status-publish","4":"has-post-thumbnail","6":"product_cat-featured","7":"product_cat-toiduretseptid","8":"product_cat-taimetoit","9":"product_tag-banaanileib","10":"product_tag-kakaone-banaanileib","11":"product_tag-kupsetis","12":"product_tag-taimetoit","14":"first","15":"instock","16":"shipping-taxable","17":"product-type-simple"},"yoast_head":"<!-- This site is optimized with the Yoast SEO plugin v23.3 - https:\/\/yoast.com\/wordpress\/plugins\/seo\/ -->\n<title>Mahlane kakao-banaanileib - bio4you.eu\/retseptid<\/title>\n<meta name=\"description\" content=\"Proovi seda tervislikku ja mahlast kakao-banaanileiba, mis on valmistatud banaanide, kookosuhkru ja kuivatatud puuviljadega. Ideaalne hommikuks v\u00f5i vahepalaks.\" \/>\n<meta name=\"robots\" content=\"index, follow, max-snippet:-1, max-image-preview:large, max-video-preview:-1\" \/>\n<link rel=\"canonical\" href=\"https:\/\/bio4you.eu\/retseptid\/toode\/mahlane-kakao-banaanileib\/\" \/>\n<meta property=\"og:locale\" content=\"et_EE\" \/>\n<meta property=\"og:type\" content=\"article\" \/>\n<meta property=\"og:title\" content=\"Tervislik ja maitsek\u00fcllane kakao-banaanileib\" \/>\n<meta property=\"og:description\" content=\"Mahlane banaanileib, milles kohtuvad k\u00fcpsed banaanid, rikkalik kakao ja kuivatatud puuviljad. Ilma rafineeritud suhkruta, lihtne valmistada ja ideaalne tervislik maius igaks p\u00e4evaks.\" \/>\n<meta property=\"og:url\" content=\"https:\/\/bio4you.eu\/retseptid\/toode\/mahlane-kakao-banaanileib\/\" \/>\n<meta property=\"og:site_name\" content=\"bio4you.eu\/retseptid\" \/>\n<meta property=\"article:modified_time\" content=\"2025-03-26T11:43:24+00:00\" \/>\n<meta property=\"og:image\" content=\"https:\/\/bio4you.eu\/retseptid\/wp-content\/uploads\/2025\/04\/2.png\" \/>\n\t<meta property=\"og:image:width\" content=\"1200\" \/>\n\t<meta property=\"og:image:height\" content=\"563\" \/>\n\t<meta property=\"og:image:type\" content=\"image\/png\" \/>\n<meta name=\"twitter:label1\" content=\"Est. reading time\" \/>\n\t<meta name=\"twitter:data1\" content=\"1 minut\" \/>\n<script type=\"application\/ld+json\" class=\"yoast-schema-graph\">{\"@context\":\"https:\/\/schema.org\",\"@graph\":[{\"@type\":\"WebPage\",\"@id\":\"https:\/\/bio4you.eu\/retseptid\/toode\/mahlane-kakao-banaanileib\/\",\"url\":\"https:\/\/bio4you.eu\/retseptid\/toode\/mahlane-kakao-banaanileib\/\",\"name\":\"Mahlane kakao-banaanileib - bio4you.eu\/retseptid\",\"isPartOf\":{\"@id\":\"https:\/\/bio4you.eu\/retseptid\/#website\"},\"primaryImageOfPage\":{\"@id\":\"https:\/\/bio4you.eu\/retseptid\/toode\/mahlane-kakao-banaanileib\/#primaryimage\"},\"image\":{\"@id\":\"https:\/\/bio4you.eu\/retseptid\/toode\/mahlane-kakao-banaanileib\/#primaryimage\"},\"thumbnailUrl\":\"https:\/\/bio4you.eu\/retseptid\/wp-content\/uploads\/2025\/04\/2.png\",\"datePublished\":\"2025-04-15T12:46:34+00:00\",\"dateModified\":\"2025-03-26T11:43:24+00:00\",\"description\":\"Proovi seda tervislikku ja mahlast kakao-banaanileiba, mis on valmistatud banaanide, kookosuhkru ja kuivatatud puuviljadega. Ideaalne hommikuks v\u00f5i vahepalaks.\",\"breadcrumb\":{\"@id\":\"https:\/\/bio4you.eu\/retseptid\/toode\/mahlane-kakao-banaanileib\/#breadcrumb\"},\"inLanguage\":\"et\",\"potentialAction\":[{\"@type\":\"ReadAction\",\"target\":[\"https:\/\/bio4you.eu\/retseptid\/toode\/mahlane-kakao-banaanileib\/\"]}]},{\"@type\":\"ImageObject\",\"inLanguage\":\"et\",\"@id\":\"https:\/\/bio4you.eu\/retseptid\/toode\/mahlane-kakao-banaanileib\/#primaryimage\",\"url\":\"https:\/\/bio4you.eu\/retseptid\/wp-content\/uploads\/2025\/04\/2.png\",\"contentUrl\":\"https:\/\/bio4you.eu\/retseptid\/wp-content\/uploads\/2025\/04\/2.png\",\"width\":1200,\"height\":563,\"caption\":\"Banaani ja kakao t\u00e4iuslik kooslus \u2013 see mahlane banaanileib on ideaalne tervislik maius igaks p\u00e4evaks.\"},{\"@type\":\"BreadcrumbList\",\"@id\":\"https:\/\/bio4you.eu\/retseptid\/toode\/mahlane-kakao-banaanileib\/#breadcrumb\",\"itemListElement\":[{\"@type\":\"ListItem\",\"position\":1,\"name\":\"Home\",\"item\":\"https:\/\/bio4you.eu\/retseptid\/\"},{\"@type\":\"ListItem\",\"position\":2,\"name\":\"Mahlane kakao-banaanileib\"}]},{\"@type\":\"WebSite\",\"@id\":\"https:\/\/bio4you.eu\/retseptid\/#website\",\"url\":\"https:\/\/bio4you.eu\/retseptid\/\",\"name\":\"bio4you.eu\/retseptid\",\"description\":\"\u00d6ko retseptid ise tegemiseks, looduslikest koostisainetest. Maitsev toit, iluhooldus, kodupuhastus ja aiandus.\",\"potentialAction\":[{\"@type\":\"SearchAction\",\"target\":{\"@type\":\"EntryPoint\",\"urlTemplate\":\"https:\/\/bio4you.eu\/retseptid\/?s={search_term_string}\"},\"query-input\":\"required name=search_term_string\"}],\"inLanguage\":\"et\"}]}<\/script>\n<!-- \/ Yoast SEO plugin. -->","yoast_head_json":{"title":"Mahlane kakao-banaanileib - bio4you.eu\/retseptid","description":"Proovi seda tervislikku ja mahlast kakao-banaanileiba, mis on valmistatud banaanide, kookosuhkru ja kuivatatud puuviljadega. Ideaalne hommikuks v\u00f5i vahepalaks.","robots":{"index":"index","follow":"follow","max-snippet":"max-snippet:-1","max-image-preview":"max-image-preview:large","max-video-preview":"max-video-preview:-1"},"canonical":"https:\/\/bio4you.eu\/retseptid\/toode\/mahlane-kakao-banaanileib\/","og_locale":"et_EE","og_type":"article","og_title":"Tervislik ja maitsek\u00fcllane kakao-banaanileib","og_description":"Mahlane banaanileib, milles kohtuvad k\u00fcpsed banaanid, rikkalik kakao ja kuivatatud puuviljad. Ilma rafineeritud suhkruta, lihtne valmistada ja ideaalne tervislik maius igaks p\u00e4evaks.","og_url":"https:\/\/bio4you.eu\/retseptid\/toode\/mahlane-kakao-banaanileib\/","og_site_name":"bio4you.eu\/retseptid","article_modified_time":"2025-03-26T11:43:24+00:00","og_image":[{"width":1200,"height":563,"url":"https:\/\/bio4you.eu\/retseptid\/wp-content\/uploads\/2025\/04\/2.png","type":"image\/png"}],"twitter_misc":{"Est. reading time":"1 minut"},"schema":{"@context":"https:\/\/schema.org","@graph":[{"@type":"WebPage","@id":"https:\/\/bio4you.eu\/retseptid\/toode\/mahlane-kakao-banaanileib\/","url":"https:\/\/bio4you.eu\/retseptid\/toode\/mahlane-kakao-banaanileib\/","name":"Mahlane kakao-banaanileib - bio4you.eu\/retseptid","isPartOf":{"@id":"https:\/\/bio4you.eu\/retseptid\/#website"},"primaryImageOfPage":{"@id":"https:\/\/bio4you.eu\/retseptid\/toode\/mahlane-kakao-banaanileib\/#primaryimage"},"image":{"@id":"https:\/\/bio4you.eu\/retseptid\/toode\/mahlane-kakao-banaanileib\/#primaryimage"},"thumbnailUrl":"https:\/\/bio4you.eu\/retseptid\/wp-content\/uploads\/2025\/04\/2.png","datePublished":"2025-04-15T12:46:34+00:00","dateModified":"2025-03-26T11:43:24+00:00","description":"Proovi seda tervislikku ja mahlast kakao-banaanileiba, mis on valmistatud banaanide, kookosuhkru ja kuivatatud puuviljadega. Ideaalne hommikuks v\u00f5i vahepalaks.","breadcrumb":{"@id":"https:\/\/bio4you.eu\/retseptid\/toode\/mahlane-kakao-banaanileib\/#breadcrumb"},"inLanguage":"et","potentialAction":[{"@type":"ReadAction","target":["https:\/\/bio4you.eu\/retseptid\/toode\/mahlane-kakao-banaanileib\/"]}]},{"@type":"ImageObject","inLanguage":"et","@id":"https:\/\/bio4you.eu\/retseptid\/toode\/mahlane-kakao-banaanileib\/#primaryimage","url":"https:\/\/bio4you.eu\/retseptid\/wp-content\/uploads\/2025\/04\/2.png","contentUrl":"https:\/\/bio4you.eu\/retseptid\/wp-content\/uploads\/2025\/04\/2.png","width":1200,"height":563,"caption":"Banaani ja kakao t\u00e4iuslik kooslus \u2013 see mahlane banaanileib on ideaalne tervislik maius igaks p\u00e4evaks."},{"@type":"BreadcrumbList","@id":"https:\/\/bio4you.eu\/retseptid\/toode\/mahlane-kakao-banaanileib\/#breadcrumb","itemListElement":[{"@type":"ListItem","position":1,"name":"Home","item":"https:\/\/bio4you.eu\/retseptid\/"},{"@type":"ListItem","position":2,"name":"Mahlane kakao-banaanileib"}]},{"@type":"WebSite","@id":"https:\/\/bio4you.eu\/retseptid\/#website","url":"https:\/\/bio4you.eu\/retseptid\/","name":"bio4you.eu\/retseptid","description":"\u00d6ko retseptid ise tegemiseks, looduslikest koostisainetest. Maitsev toit, iluhooldus, kodupuhastus ja aiandus.","potentialAction":[{"@type":"SearchAction","target":{"@type":"EntryPoint","urlTemplate":"https:\/\/bio4you.eu\/retseptid\/?s={search_term_string}"},"query-input":"required name=search_term_string"}],"inLanguage":"et"}]}},"_links":{"self":[{"href":"https:\/\/bio4you.eu\/retseptid\/wp-json\/wp\/v2\/product\/4319"}],"collection":[{"href":"https:\/\/bio4you.eu\/retseptid\/wp-json\/wp\/v2\/product"}],"about":[{"href":"https:\/\/bio4you.eu\/retseptid\/wp-json\/wp\/v2\/types\/product"}],"replies":[{"embeddable":true,"href":"https:\/\/bio4you.eu\/retseptid\/wp-json\/wp\/v2\/comments?post=4319"}],"wp:featuredmedia":[{"embeddable":true,"href":"https:\/\/bio4you.eu\/retseptid\/wp-json\/wp\/v2\/media\/4348"}],"wp:attachment":[{"href":"https:\/\/bio4you.eu\/retseptid\/wp-json\/wp\/v2\/media?parent=4319"}],"wp:term":[{"taxonomy":"product_cat","embeddable":true,"href":"https:\/\/bio4you.eu\/retseptid\/wp-json\/wp\/v2\/product_cat?post=4319"},{"taxonomy":"product_tag","embeddable":true,"href":"https:\/\/bio4you.eu\/retseptid\/wp-json\/wp\/v2\/product_tag?post=4319"}],"curies":[{"name":"wp","href":"https:\/\/api.w.org\/{rel}","templated":true}]}}