{"id":4321,"date":"2025-04-15T15:55:05","date_gmt":"2025-04-15T12:55:05","guid":{"rendered":"https:\/\/bio4you.eu\/retseptid\/?post_type=product&#038;p=4321"},"modified":"2025-03-26T13:44:13","modified_gmt":"2025-03-26T11:44:13","slug":"vegan-majonees-lihtne-ja-kreemjas-retsept","status":"publish","type":"product","link":"https:\/\/bio4you.eu\/retseptid\/toode\/vegan-majonees-lihtne-ja-kreemjas-retsept\/","title":{"rendered":"Vegan majonees"},"content":{"rendered":"<p><b>Valmistamine:<\/b><\/p>\n<ol>\n<li style=\"font-weight: 400;\" aria-level=\"1\"><span style=\"font-weight: 400;\">Vala k\u00f5rgesse klaasi VEG EGG, \u00f5una\u00e4\u00e4dikas, sidrunimahl ja n\u00e4puotsat\u00e4is soola. P\u00fcreesta saumikseriga, kuni segu on \u00fchtlane.<\/span><\/li>\n<li style=\"font-weight: 400;\" aria-level=\"1\"><span style=\"font-weight: 400;\">Lisa peene joana \u00f5li, samal ajal segades, kuni saavutad soovitud kreemja konsistentsi (umbes 80g \u00f5li).<\/span><\/li>\n<li style=\"font-weight: 400;\" aria-level=\"1\"><span style=\"font-weight: 400;\">Kasuta kohe v\u00f5ileibade, salatite ja muude roogade lisandina v\u00f5i sega teiste koostisosadega, et luua erinevaid kastmeid.<\/span><\/li>\n<\/ol>\n<p><span style=\"font-weight: 400;\">T\u00e4iuslik vegan-alternatiiv klassikalisele majoneesile!<\/span><\/p>\n","protected":false},"excerpt":{"rendered":"<p><b>Vaja l\u00e4heb (250g majoneesi jaoks):<br \/>\n<\/b><b><\/b><span style=\"font-weight: 400;\"> \u2022 150g <a href=\"https:\/\/bio4you.eu\/et\/bio-toit\/biotoit-maitseained-ja-magustajad\/kergitus-ja-abiained-sooda\/munaasendaja-veg-egg-500g\">VEG EGG<\/a><\/span><span style=\"font-weight: 400;\"><br \/>\n<\/span><span style=\"font-weight: 400;\"> \u2022 80g p\u00e4evalille\u00f5li<\/span><span style=\"font-weight: 400;\"><br \/>\n<\/span><span style=\"font-weight: 400;\"> \u2022 \u00bd sidruni mahl<\/span><span style=\"font-weight: 400;\"><br \/>\n<\/span><span style=\"font-weight: 400;\"> \u2022 5g \u00f5una\u00e4\u00e4dikat (nt, <a href=\"https:\/\/bio4you.eu\/et\/bio-toit\/toiduolid-kastmed-ja-kreemid\/filtreerimata-ounaaeaedikas-500ml\">Baule Volante \u00d5una\u00e4\u00e4dikas, filtreerimata, 500ml<\/a>)<br \/>\n<\/span><span style=\"font-weight: 400;\">\u2022 Soola maitse j\u00e4rgi<\/span><\/p>\n<p><b>Vaja l\u00e4heb ka:<\/b><b><br \/>\n<\/b><span style=\"font-weight: 400;\"> \u2022 K\u00f5rget klaasi (umbes 20 cm)<\/span><span style=\"font-weight: 400;\"><br \/>\n<\/span><span style=\"font-weight: 400;\"> \u2022 Saumikserit<\/span><\/p>\n","protected":false},"featured_media":4349,"comment_status":"open","ping_status":"closed","template":"","meta":{"_exactmetrics_skip_tracking":false,"_exactmetrics_sitenote_active":false,"_exactmetrics_sitenote_note":"","_exactmetrics_sitenote_category":0},"product_cat":[59,60,382,63,383,74],"product_tag":[513,514,515,512],"class_list":{"0":"post-4321","1":"product","2":"type-product","3":"status-publish","4":"has-post-thumbnail","6":"product_cat-featured","7":"product_cat-toiduretseptid","8":"product_cat-vegan-toiduretseptid","9":"product_cat-gluteenivabad-retseptid","10":"product_cat-taimetoit","11":"product_cat-kastmed-maarded-voided","12":"product_tag-gluteenivaba-majonees","13":"product_tag-taimne-majonees","14":"product_tag-vegan-kaste","15":"product_tag-vegan-majonees","17":"first","18":"instock","19":"shipping-taxable","20":"product-type-simple"},"yoast_head":"<!-- This site is optimized with the Yoast SEO plugin v23.3 - https:\/\/yoast.com\/wordpress\/plugins\/seo\/ -->\n<title>Vegan majonees - bio4you.eu\/retseptid<\/title>\n<meta name=\"description\" content=\"Valmista vaid m\u00f5ne minutiga kreemjas vegan majonees, mis sobib suurep\u00e4raselt v\u00f5ileibade, salatite ja kastmete lisandiks. Lihtne ja maitsek\u00fcllane retsept.\" \/>\n<meta name=\"robots\" content=\"index, follow, max-snippet:-1, max-image-preview:large, max-video-preview:-1\" \/>\n<link rel=\"canonical\" href=\"https:\/\/bio4you.eu\/retseptid\/toode\/vegan-majonees-lihtne-ja-kreemjas-retsept\/\" \/>\n<meta property=\"og:locale\" content=\"et_EE\" \/>\n<meta property=\"og:type\" content=\"article\" \/>\n<meta property=\"og:title\" content=\"Lihtne ja kreemjas vegan majonees\" \/>\n<meta property=\"og:description\" content=\"T\u00e4iuslik alternatiiv klassikalisele majoneesile \u2013 see vegan majonees on valmistatud Veg-Eggist, sidrunimahlast ja p\u00e4evalille\u00f5list. Kreemjas, maitsek\u00fcllane ja lihtne valmistada.\" \/>\n<meta property=\"og:url\" content=\"https:\/\/bio4you.eu\/retseptid\/toode\/vegan-majonees-lihtne-ja-kreemjas-retsept\/\" \/>\n<meta property=\"og:site_name\" content=\"bio4you.eu\/retseptid\" \/>\n<meta property=\"article:modified_time\" content=\"2025-03-26T11:44:13+00:00\" \/>\n<meta property=\"og:image\" content=\"https:\/\/bio4you.eu\/retseptid\/wp-content\/uploads\/2025\/04\/vegan-majonees.png\" \/>\n\t<meta property=\"og:image:width\" content=\"1920\" \/>\n\t<meta property=\"og:image:height\" content=\"900\" \/>\n\t<meta property=\"og:image:type\" content=\"image\/png\" \/>\n<meta name=\"twitter:label1\" content=\"Est. reading time\" \/>\n\t<meta name=\"twitter:data1\" content=\"1 minut\" \/>\n<script type=\"application\/ld+json\" class=\"yoast-schema-graph\">{\"@context\":\"https:\/\/schema.org\",\"@graph\":[{\"@type\":\"WebPage\",\"@id\":\"https:\/\/bio4you.eu\/retseptid\/toode\/vegan-majonees-lihtne-ja-kreemjas-retsept\/\",\"url\":\"https:\/\/bio4you.eu\/retseptid\/toode\/vegan-majonees-lihtne-ja-kreemjas-retsept\/\",\"name\":\"Vegan majonees - bio4you.eu\/retseptid\",\"isPartOf\":{\"@id\":\"https:\/\/bio4you.eu\/retseptid\/#website\"},\"primaryImageOfPage\":{\"@id\":\"https:\/\/bio4you.eu\/retseptid\/toode\/vegan-majonees-lihtne-ja-kreemjas-retsept\/#primaryimage\"},\"image\":{\"@id\":\"https:\/\/bio4you.eu\/retseptid\/toode\/vegan-majonees-lihtne-ja-kreemjas-retsept\/#primaryimage\"},\"thumbnailUrl\":\"https:\/\/bio4you.eu\/retseptid\/wp-content\/uploads\/2025\/04\/vegan-majonees.png\",\"datePublished\":\"2025-04-15T12:55:05+00:00\",\"dateModified\":\"2025-03-26T11:44:13+00:00\",\"description\":\"Valmista vaid m\u00f5ne minutiga kreemjas vegan majonees, mis sobib suurep\u00e4raselt v\u00f5ileibade, salatite ja kastmete lisandiks. Lihtne ja maitsek\u00fcllane retsept.\",\"breadcrumb\":{\"@id\":\"https:\/\/bio4you.eu\/retseptid\/toode\/vegan-majonees-lihtne-ja-kreemjas-retsept\/#breadcrumb\"},\"inLanguage\":\"et\",\"potentialAction\":[{\"@type\":\"ReadAction\",\"target\":[\"https:\/\/bio4you.eu\/retseptid\/toode\/vegan-majonees-lihtne-ja-kreemjas-retsept\/\"]}]},{\"@type\":\"ImageObject\",\"inLanguage\":\"et\",\"@id\":\"https:\/\/bio4you.eu\/retseptid\/toode\/vegan-majonees-lihtne-ja-kreemjas-retsept\/#primaryimage\",\"url\":\"https:\/\/bio4you.eu\/retseptid\/wp-content\/uploads\/2025\/04\/vegan-majonees.png\",\"contentUrl\":\"https:\/\/bio4you.eu\/retseptid\/wp-content\/uploads\/2025\/04\/vegan-majonees.png\",\"width\":1920,\"height\":900,\"caption\":\"T\u00e4iuslikult kreemjas ja maitsek\u00fcllane vegan majonees, mis valmib vaid m\u00f5ne minutiga.\"},{\"@type\":\"BreadcrumbList\",\"@id\":\"https:\/\/bio4you.eu\/retseptid\/toode\/vegan-majonees-lihtne-ja-kreemjas-retsept\/#breadcrumb\",\"itemListElement\":[{\"@type\":\"ListItem\",\"position\":1,\"name\":\"Home\",\"item\":\"https:\/\/bio4you.eu\/retseptid\/\"},{\"@type\":\"ListItem\",\"position\":2,\"name\":\"Vegan majonees\"}]},{\"@type\":\"WebSite\",\"@id\":\"https:\/\/bio4you.eu\/retseptid\/#website\",\"url\":\"https:\/\/bio4you.eu\/retseptid\/\",\"name\":\"bio4you.eu\/retseptid\",\"description\":\"\u00d6ko retseptid ise tegemiseks, looduslikest koostisainetest. Maitsev toit, iluhooldus, kodupuhastus ja aiandus.\",\"potentialAction\":[{\"@type\":\"SearchAction\",\"target\":{\"@type\":\"EntryPoint\",\"urlTemplate\":\"https:\/\/bio4you.eu\/retseptid\/?s={search_term_string}\"},\"query-input\":\"required name=search_term_string\"}],\"inLanguage\":\"et\"}]}<\/script>\n<!-- \/ Yoast SEO plugin. -->","yoast_head_json":{"title":"Vegan majonees - bio4you.eu\/retseptid","description":"Valmista vaid m\u00f5ne minutiga kreemjas vegan majonees, mis sobib suurep\u00e4raselt v\u00f5ileibade, salatite ja kastmete lisandiks. Lihtne ja maitsek\u00fcllane retsept.","robots":{"index":"index","follow":"follow","max-snippet":"max-snippet:-1","max-image-preview":"max-image-preview:large","max-video-preview":"max-video-preview:-1"},"canonical":"https:\/\/bio4you.eu\/retseptid\/toode\/vegan-majonees-lihtne-ja-kreemjas-retsept\/","og_locale":"et_EE","og_type":"article","og_title":"Lihtne ja kreemjas vegan majonees","og_description":"T\u00e4iuslik alternatiiv klassikalisele majoneesile \u2013 see vegan majonees on valmistatud Veg-Eggist, sidrunimahlast ja p\u00e4evalille\u00f5list. Kreemjas, maitsek\u00fcllane ja lihtne valmistada.","og_url":"https:\/\/bio4you.eu\/retseptid\/toode\/vegan-majonees-lihtne-ja-kreemjas-retsept\/","og_site_name":"bio4you.eu\/retseptid","article_modified_time":"2025-03-26T11:44:13+00:00","og_image":[{"width":1920,"height":900,"url":"https:\/\/bio4you.eu\/retseptid\/wp-content\/uploads\/2025\/04\/vegan-majonees.png","type":"image\/png"}],"twitter_misc":{"Est. reading time":"1 minut"},"schema":{"@context":"https:\/\/schema.org","@graph":[{"@type":"WebPage","@id":"https:\/\/bio4you.eu\/retseptid\/toode\/vegan-majonees-lihtne-ja-kreemjas-retsept\/","url":"https:\/\/bio4you.eu\/retseptid\/toode\/vegan-majonees-lihtne-ja-kreemjas-retsept\/","name":"Vegan majonees - bio4you.eu\/retseptid","isPartOf":{"@id":"https:\/\/bio4you.eu\/retseptid\/#website"},"primaryImageOfPage":{"@id":"https:\/\/bio4you.eu\/retseptid\/toode\/vegan-majonees-lihtne-ja-kreemjas-retsept\/#primaryimage"},"image":{"@id":"https:\/\/bio4you.eu\/retseptid\/toode\/vegan-majonees-lihtne-ja-kreemjas-retsept\/#primaryimage"},"thumbnailUrl":"https:\/\/bio4you.eu\/retseptid\/wp-content\/uploads\/2025\/04\/vegan-majonees.png","datePublished":"2025-04-15T12:55:05+00:00","dateModified":"2025-03-26T11:44:13+00:00","description":"Valmista vaid m\u00f5ne minutiga kreemjas vegan majonees, mis sobib suurep\u00e4raselt v\u00f5ileibade, salatite ja kastmete lisandiks. Lihtne ja maitsek\u00fcllane retsept.","breadcrumb":{"@id":"https:\/\/bio4you.eu\/retseptid\/toode\/vegan-majonees-lihtne-ja-kreemjas-retsept\/#breadcrumb"},"inLanguage":"et","potentialAction":[{"@type":"ReadAction","target":["https:\/\/bio4you.eu\/retseptid\/toode\/vegan-majonees-lihtne-ja-kreemjas-retsept\/"]}]},{"@type":"ImageObject","inLanguage":"et","@id":"https:\/\/bio4you.eu\/retseptid\/toode\/vegan-majonees-lihtne-ja-kreemjas-retsept\/#primaryimage","url":"https:\/\/bio4you.eu\/retseptid\/wp-content\/uploads\/2025\/04\/vegan-majonees.png","contentUrl":"https:\/\/bio4you.eu\/retseptid\/wp-content\/uploads\/2025\/04\/vegan-majonees.png","width":1920,"height":900,"caption":"T\u00e4iuslikult kreemjas ja maitsek\u00fcllane vegan majonees, mis valmib vaid m\u00f5ne minutiga."},{"@type":"BreadcrumbList","@id":"https:\/\/bio4you.eu\/retseptid\/toode\/vegan-majonees-lihtne-ja-kreemjas-retsept\/#breadcrumb","itemListElement":[{"@type":"ListItem","position":1,"name":"Home","item":"https:\/\/bio4you.eu\/retseptid\/"},{"@type":"ListItem","position":2,"name":"Vegan majonees"}]},{"@type":"WebSite","@id":"https:\/\/bio4you.eu\/retseptid\/#website","url":"https:\/\/bio4you.eu\/retseptid\/","name":"bio4you.eu\/retseptid","description":"\u00d6ko retseptid ise tegemiseks, looduslikest koostisainetest. Maitsev toit, iluhooldus, kodupuhastus ja aiandus.","potentialAction":[{"@type":"SearchAction","target":{"@type":"EntryPoint","urlTemplate":"https:\/\/bio4you.eu\/retseptid\/?s={search_term_string}"},"query-input":"required name=search_term_string"}],"inLanguage":"et"}]}},"_links":{"self":[{"href":"https:\/\/bio4you.eu\/retseptid\/wp-json\/wp\/v2\/product\/4321"}],"collection":[{"href":"https:\/\/bio4you.eu\/retseptid\/wp-json\/wp\/v2\/product"}],"about":[{"href":"https:\/\/bio4you.eu\/retseptid\/wp-json\/wp\/v2\/types\/product"}],"replies":[{"embeddable":true,"href":"https:\/\/bio4you.eu\/retseptid\/wp-json\/wp\/v2\/comments?post=4321"}],"wp:featuredmedia":[{"embeddable":true,"href":"https:\/\/bio4you.eu\/retseptid\/wp-json\/wp\/v2\/media\/4349"}],"wp:attachment":[{"href":"https:\/\/bio4you.eu\/retseptid\/wp-json\/wp\/v2\/media?parent=4321"}],"wp:term":[{"taxonomy":"product_cat","embeddable":true,"href":"https:\/\/bio4you.eu\/retseptid\/wp-json\/wp\/v2\/product_cat?post=4321"},{"taxonomy":"product_tag","embeddable":true,"href":"https:\/\/bio4you.eu\/retseptid\/wp-json\/wp\/v2\/product_tag?post=4321"}],"curies":[{"name":"wp","href":"https:\/\/api.w.org\/{rel}","templated":true}]}}