{"id":4323,"date":"2025-04-23T16:07:08","date_gmt":"2025-04-23T13:07:08","guid":{"rendered":"https:\/\/bio4you.eu\/retseptid\/?post_type=product&#038;p=4323"},"modified":"2025-03-26T13:47:02","modified_gmt":"2025-03-26T11:47:02","slug":"vegan-kaarobi-truhvlid-tervislik-ja-lihtne-maius","status":"publish","type":"product","link":"https:\/\/bio4you.eu\/retseptid\/toode\/vegan-kaarobi-truhvlid-tervislik-ja-lihtne-maius\/","title":{"rendered":"Vegan Kaarobi-tr\u00fchvlid"},"content":{"rendered":"<p><span style=\"font-weight: 400;\">Valmistamine:<\/span><\/p>\n<ol>\n<li style=\"font-weight: 400;\" aria-level=\"1\"><span style=\"font-weight: 400;\">Jahvata datlid pastaks (kui need on kuivad, leota neid 30 minutit kuumas vees).<\/span><\/li>\n<li style=\"font-weight: 400;\" aria-level=\"1\"><span style=\"font-weight: 400;\">Sulata kookosv\u00f5i.<\/span><\/li>\n<li style=\"font-weight: 400;\" aria-level=\"1\"><span style=\"font-weight: 400;\">Pressi v\u00e4lja apelsini mahl.<\/span><\/li>\n<li style=\"font-weight: 400;\" aria-level=\"1\"><span style=\"font-weight: 400;\">Sega kausis jahvatatud datlid, kaarobi pulber, kookosv\u00f5i, tahini, sool ja kaneel \u00fchtlaseks massiks.<\/span><\/li>\n<li style=\"font-weight: 400;\" aria-level=\"1\"><span style=\"font-weight: 400;\">Lisa v\u00e4hehaaval apelsinimahla, segades segu samal ajal. Kui segu on liiga pehme, pane see umbes 30 minutiks k\u00fclmkappi, kuni see muutub tahkemaks.<\/span><\/li>\n<li style=\"font-weight: 400;\" aria-level=\"1\"><span style=\"font-weight: 400;\">Vormi \u00fchesuurused tr\u00fchvlid ja veereta neid kaarobi pulbris.<\/span><\/li>\n<\/ol>\n","protected":false},"excerpt":{"rendered":"<p><span style=\"font-weight: 400;\">Kas oled proovinud tr\u00fchvleid, mis on t\u00e4is looduslikku magusust ja tervislikke koostisosi? Need vegan ja gluteenivabad kaarobi-tr\u00fchvlid on ideaalne maius, mis valmib vaid m\u00f5ne koostisosaga!<\/span><\/p>\n<p><span style=\"font-weight: 400;\">Vaja l\u00e4heb:<\/span><\/p>\n<ul>\n<li style=\"font-weight: 400;\" aria-level=\"1\"><span style=\"font-weight: 400;\">100 g kivideta datleid (nt, <\/span><a href=\"https:\/\/bio4you.eu\/et\/bio-toit\/looduslikud-supertoidud\/datlid-1kg\"><span style=\"font-weight: 400;\">Rhumveld Baltic, Datlid, 1kg<\/span><\/a><span style=\"font-weight: 400;\">)<\/span><\/li>\n<li style=\"font-weight: 400;\" aria-level=\"1\"><span style=\"font-weight: 400;\">100 g <\/span><a href=\"https:\/\/bio4you.eu\/et\/bio-toit\/mahe-kohv-kakao-ja-tee\/kakao\/kaarobipulber-200g\"><span style=\"font-weight: 400;\">Kaarobi pulbrit<\/span><\/a><\/li>\n<li style=\"font-weight: 400;\" aria-level=\"1\"><span style=\"font-weight: 400;\">50 g kookosv\u00f5id (nt, <a href=\"https:\/\/bio4you.eu\/et\/bio-toit\/toiduolid-kastmed-ja-kreemid\/extra-virgin-kookosoli-500ml\">Maya Gold Extra Virgin kookos\u00f5li, 500ml<\/a>)\u00a0<\/span><\/li>\n<li style=\"font-weight: 400;\" aria-level=\"1\"><span style=\"font-weight: 400;\">25 g seesami tahinit (nt, <a href=\"https:\/\/bio4you.eu\/et\/bio-toit\/toiduolid-kastmed-ja-kreemid\/paehklikreemid-ja-voided\/seesamipasta-tahini-250g\">Bett\u2019r Seesamipasta \u201cTahini\u201d, 250g<\/a>)\u00a0<\/span><\/li>\n<li style=\"font-weight: 400;\" aria-level=\"1\"><span style=\"font-weight: 400;\">1 apelsini mahl<\/span><\/li>\n<li style=\"font-weight: 400;\" aria-level=\"1\"><span style=\"font-weight: 400;\">N\u00e4puotsat\u00e4is soola<\/span><\/li>\n<li style=\"font-weight: 400;\" aria-level=\"1\"><span style=\"font-weight: 400;\">N\u00e4puotsat\u00e4is kaneelipulbrit<\/span><\/li>\n<\/ul>\n","protected":false},"featured_media":4351,"comment_status":"open","ping_status":"closed","template":"","meta":{"_exactmetrics_skip_tracking":false,"_exactmetrics_sitenote_active":false,"_exactmetrics_sitenote_note":"","_exactmetrics_sitenote_category":0},"product_cat":[59,60,382,63,383],"product_tag":[522,524,523,521,520],"class_list":{"0":"post-4323","1":"product","2":"type-product","3":"status-publish","4":"has-post-thumbnail","6":"product_cat-featured","7":"product_cat-toiduretseptid","8":"product_cat-vegan-toiduretseptid","9":"product_cat-gluteenivabad-retseptid","10":"product_cat-taimetoit","11":"product_tag-gluteenivabad-truhvlid","12":"product_tag-kaarobi-pulbri-magustoit","13":"product_tag-kaarobi-truhvlid","14":"product_tag-truhvlid","15":"product_tag-vegan-truhvlid","17":"first","18":"instock","19":"shipping-taxable","20":"product-type-simple"},"yoast_head":"<!-- This site is optimized with the Yoast SEO plugin v23.3 - https:\/\/yoast.com\/wordpress\/plugins\/seo\/ -->\n<title>Vegan Kaarobi-tr\u00fchvlid - bio4you.eu\/retseptid<\/title>\n<meta name=\"description\" content=\"Proovi looduslikult magusaid ja gluteenivabu vegan kaarobi-tr\u00fchvleid, mis valmivad vaid m\u00f5ne koostisosaga. Lihtne retsept ja t\u00e4iuslik tervislik maius.\" \/>\n<meta name=\"robots\" content=\"index, follow, max-snippet:-1, max-image-preview:large, max-video-preview:-1\" \/>\n<link rel=\"canonical\" href=\"https:\/\/bio4you.eu\/retseptid\/toode\/vegan-kaarobi-truhvlid-tervislik-ja-lihtne-maius\/\" \/>\n<meta property=\"og:locale\" content=\"et_EE\" \/>\n<meta property=\"og:type\" content=\"article\" \/>\n<meta property=\"og:title\" content=\"Tervislikud ja looduslikult magusad kaarobi-tr\u00fchvlid\" \/>\n<meta property=\"og:description\" content=\"Kas oled proovinud tr\u00fchvleid, mis on t\u00e4is looduslikku magusust ja tervislikke koostisosi? Need vegan kaarobi-tr\u00fchvlid on ideaalne gluteenivaba maius, mis valmib vaid m\u00f5ne minutiga.\" \/>\n<meta property=\"og:url\" content=\"https:\/\/bio4you.eu\/retseptid\/toode\/vegan-kaarobi-truhvlid-tervislik-ja-lihtne-maius\/\" \/>\n<meta property=\"og:site_name\" content=\"bio4you.eu\/retseptid\" \/>\n<meta property=\"article:modified_time\" content=\"2025-03-26T11:47:02+00:00\" \/>\n<meta property=\"og:image\" content=\"https:\/\/bio4you.eu\/retseptid\/wp-content\/uploads\/2025\/04\/3.png\" \/>\n\t<meta property=\"og:image:width\" content=\"1200\" \/>\n\t<meta property=\"og:image:height\" content=\"563\" \/>\n\t<meta property=\"og:image:type\" content=\"image\/png\" \/>\n<meta name=\"twitter:label1\" content=\"Est. reading time\" \/>\n\t<meta name=\"twitter:data1\" content=\"1 minut\" \/>\n<script type=\"application\/ld+json\" class=\"yoast-schema-graph\">{\"@context\":\"https:\/\/schema.org\",\"@graph\":[{\"@type\":\"WebPage\",\"@id\":\"https:\/\/bio4you.eu\/retseptid\/toode\/vegan-kaarobi-truhvlid-tervislik-ja-lihtne-maius\/\",\"url\":\"https:\/\/bio4you.eu\/retseptid\/toode\/vegan-kaarobi-truhvlid-tervislik-ja-lihtne-maius\/\",\"name\":\"Vegan Kaarobi-tr\u00fchvlid - bio4you.eu\/retseptid\",\"isPartOf\":{\"@id\":\"https:\/\/bio4you.eu\/retseptid\/#website\"},\"primaryImageOfPage\":{\"@id\":\"https:\/\/bio4you.eu\/retseptid\/toode\/vegan-kaarobi-truhvlid-tervislik-ja-lihtne-maius\/#primaryimage\"},\"image\":{\"@id\":\"https:\/\/bio4you.eu\/retseptid\/toode\/vegan-kaarobi-truhvlid-tervislik-ja-lihtne-maius\/#primaryimage\"},\"thumbnailUrl\":\"https:\/\/bio4you.eu\/retseptid\/wp-content\/uploads\/2025\/04\/3.png\",\"datePublished\":\"2025-04-23T13:07:08+00:00\",\"dateModified\":\"2025-03-26T11:47:02+00:00\",\"description\":\"Proovi looduslikult magusaid ja gluteenivabu vegan kaarobi-tr\u00fchvleid, mis valmivad vaid m\u00f5ne koostisosaga. Lihtne retsept ja t\u00e4iuslik tervislik maius.\",\"breadcrumb\":{\"@id\":\"https:\/\/bio4you.eu\/retseptid\/toode\/vegan-kaarobi-truhvlid-tervislik-ja-lihtne-maius\/#breadcrumb\"},\"inLanguage\":\"et\",\"potentialAction\":[{\"@type\":\"ReadAction\",\"target\":[\"https:\/\/bio4you.eu\/retseptid\/toode\/vegan-kaarobi-truhvlid-tervislik-ja-lihtne-maius\/\"]}]},{\"@type\":\"ImageObject\",\"inLanguage\":\"et\",\"@id\":\"https:\/\/bio4you.eu\/retseptid\/toode\/vegan-kaarobi-truhvlid-tervislik-ja-lihtne-maius\/#primaryimage\",\"url\":\"https:\/\/bio4you.eu\/retseptid\/wp-content\/uploads\/2025\/04\/3.png\",\"contentUrl\":\"https:\/\/bio4you.eu\/retseptid\/wp-content\/uploads\/2025\/04\/3.png\",\"width\":1200,\"height\":563,\"caption\":\"Kreemjad ja maitsvad kaarobi-tr\u00fchvlid, mis on valmistatud looduslikest koostisosadest \u2013 ideaalne suhkruvaba maius.\"},{\"@type\":\"BreadcrumbList\",\"@id\":\"https:\/\/bio4you.eu\/retseptid\/toode\/vegan-kaarobi-truhvlid-tervislik-ja-lihtne-maius\/#breadcrumb\",\"itemListElement\":[{\"@type\":\"ListItem\",\"position\":1,\"name\":\"Home\",\"item\":\"https:\/\/bio4you.eu\/retseptid\/\"},{\"@type\":\"ListItem\",\"position\":2,\"name\":\"Vegan Kaarobi-tr\u00fchvlid\"}]},{\"@type\":\"WebSite\",\"@id\":\"https:\/\/bio4you.eu\/retseptid\/#website\",\"url\":\"https:\/\/bio4you.eu\/retseptid\/\",\"name\":\"bio4you.eu\/retseptid\",\"description\":\"\u00d6ko retseptid ise tegemiseks, looduslikest koostisainetest. Maitsev toit, iluhooldus, kodupuhastus ja aiandus.\",\"potentialAction\":[{\"@type\":\"SearchAction\",\"target\":{\"@type\":\"EntryPoint\",\"urlTemplate\":\"https:\/\/bio4you.eu\/retseptid\/?s={search_term_string}\"},\"query-input\":\"required name=search_term_string\"}],\"inLanguage\":\"et\"}]}<\/script>\n<!-- \/ Yoast SEO plugin. -->","yoast_head_json":{"title":"Vegan Kaarobi-tr\u00fchvlid - bio4you.eu\/retseptid","description":"Proovi looduslikult magusaid ja gluteenivabu vegan kaarobi-tr\u00fchvleid, mis valmivad vaid m\u00f5ne koostisosaga. Lihtne retsept ja t\u00e4iuslik tervislik maius.","robots":{"index":"index","follow":"follow","max-snippet":"max-snippet:-1","max-image-preview":"max-image-preview:large","max-video-preview":"max-video-preview:-1"},"canonical":"https:\/\/bio4you.eu\/retseptid\/toode\/vegan-kaarobi-truhvlid-tervislik-ja-lihtne-maius\/","og_locale":"et_EE","og_type":"article","og_title":"Tervislikud ja looduslikult magusad kaarobi-tr\u00fchvlid","og_description":"Kas oled proovinud tr\u00fchvleid, mis on t\u00e4is looduslikku magusust ja tervislikke koostisosi? Need vegan kaarobi-tr\u00fchvlid on ideaalne gluteenivaba maius, mis valmib vaid m\u00f5ne minutiga.","og_url":"https:\/\/bio4you.eu\/retseptid\/toode\/vegan-kaarobi-truhvlid-tervislik-ja-lihtne-maius\/","og_site_name":"bio4you.eu\/retseptid","article_modified_time":"2025-03-26T11:47:02+00:00","og_image":[{"width":1200,"height":563,"url":"https:\/\/bio4you.eu\/retseptid\/wp-content\/uploads\/2025\/04\/3.png","type":"image\/png"}],"twitter_misc":{"Est. reading time":"1 minut"},"schema":{"@context":"https:\/\/schema.org","@graph":[{"@type":"WebPage","@id":"https:\/\/bio4you.eu\/retseptid\/toode\/vegan-kaarobi-truhvlid-tervislik-ja-lihtne-maius\/","url":"https:\/\/bio4you.eu\/retseptid\/toode\/vegan-kaarobi-truhvlid-tervislik-ja-lihtne-maius\/","name":"Vegan Kaarobi-tr\u00fchvlid - bio4you.eu\/retseptid","isPartOf":{"@id":"https:\/\/bio4you.eu\/retseptid\/#website"},"primaryImageOfPage":{"@id":"https:\/\/bio4you.eu\/retseptid\/toode\/vegan-kaarobi-truhvlid-tervislik-ja-lihtne-maius\/#primaryimage"},"image":{"@id":"https:\/\/bio4you.eu\/retseptid\/toode\/vegan-kaarobi-truhvlid-tervislik-ja-lihtne-maius\/#primaryimage"},"thumbnailUrl":"https:\/\/bio4you.eu\/retseptid\/wp-content\/uploads\/2025\/04\/3.png","datePublished":"2025-04-23T13:07:08+00:00","dateModified":"2025-03-26T11:47:02+00:00","description":"Proovi looduslikult magusaid ja gluteenivabu vegan kaarobi-tr\u00fchvleid, mis valmivad vaid m\u00f5ne koostisosaga. Lihtne retsept ja t\u00e4iuslik tervislik maius.","breadcrumb":{"@id":"https:\/\/bio4you.eu\/retseptid\/toode\/vegan-kaarobi-truhvlid-tervislik-ja-lihtne-maius\/#breadcrumb"},"inLanguage":"et","potentialAction":[{"@type":"ReadAction","target":["https:\/\/bio4you.eu\/retseptid\/toode\/vegan-kaarobi-truhvlid-tervislik-ja-lihtne-maius\/"]}]},{"@type":"ImageObject","inLanguage":"et","@id":"https:\/\/bio4you.eu\/retseptid\/toode\/vegan-kaarobi-truhvlid-tervislik-ja-lihtne-maius\/#primaryimage","url":"https:\/\/bio4you.eu\/retseptid\/wp-content\/uploads\/2025\/04\/3.png","contentUrl":"https:\/\/bio4you.eu\/retseptid\/wp-content\/uploads\/2025\/04\/3.png","width":1200,"height":563,"caption":"Kreemjad ja maitsvad kaarobi-tr\u00fchvlid, mis on valmistatud looduslikest koostisosadest \u2013 ideaalne suhkruvaba maius."},{"@type":"BreadcrumbList","@id":"https:\/\/bio4you.eu\/retseptid\/toode\/vegan-kaarobi-truhvlid-tervislik-ja-lihtne-maius\/#breadcrumb","itemListElement":[{"@type":"ListItem","position":1,"name":"Home","item":"https:\/\/bio4you.eu\/retseptid\/"},{"@type":"ListItem","position":2,"name":"Vegan Kaarobi-tr\u00fchvlid"}]},{"@type":"WebSite","@id":"https:\/\/bio4you.eu\/retseptid\/#website","url":"https:\/\/bio4you.eu\/retseptid\/","name":"bio4you.eu\/retseptid","description":"\u00d6ko retseptid ise tegemiseks, looduslikest koostisainetest. Maitsev toit, iluhooldus, kodupuhastus ja aiandus.","potentialAction":[{"@type":"SearchAction","target":{"@type":"EntryPoint","urlTemplate":"https:\/\/bio4you.eu\/retseptid\/?s={search_term_string}"},"query-input":"required name=search_term_string"}],"inLanguage":"et"}]}},"_links":{"self":[{"href":"https:\/\/bio4you.eu\/retseptid\/wp-json\/wp\/v2\/product\/4323"}],"collection":[{"href":"https:\/\/bio4you.eu\/retseptid\/wp-json\/wp\/v2\/product"}],"about":[{"href":"https:\/\/bio4you.eu\/retseptid\/wp-json\/wp\/v2\/types\/product"}],"replies":[{"embeddable":true,"href":"https:\/\/bio4you.eu\/retseptid\/wp-json\/wp\/v2\/comments?post=4323"}],"wp:featuredmedia":[{"embeddable":true,"href":"https:\/\/bio4you.eu\/retseptid\/wp-json\/wp\/v2\/media\/4351"}],"wp:attachment":[{"href":"https:\/\/bio4you.eu\/retseptid\/wp-json\/wp\/v2\/media?parent=4323"}],"wp:term":[{"taxonomy":"product_cat","embeddable":true,"href":"https:\/\/bio4you.eu\/retseptid\/wp-json\/wp\/v2\/product_cat?post=4323"},{"taxonomy":"product_tag","embeddable":true,"href":"https:\/\/bio4you.eu\/retseptid\/wp-json\/wp\/v2\/product_tag?post=4323"}],"curies":[{"name":"wp","href":"https:\/\/api.w.org\/{rel}","templated":true}]}}