{"id":4354,"date":"2025-05-01T13:41:42","date_gmt":"2025-05-01T10:41:42","guid":{"rendered":"https:\/\/bio4you.eu\/retseptid\/?post_type=product&#038;p=4354"},"modified":"2025-04-14T14:02:41","modified_gmt":"2025-04-14T11:02:41","slug":"kreemjas-korvitsakook-gluteenivaba","status":"publish","type":"product","link":"https:\/\/bio4you.eu\/retseptid\/toode\/kreemjas-korvitsakook-gluteenivaba\/","title":{"rendered":"Kreemjas k\u00f5rvitsakook (gluteenivaba)"},"content":{"rendered":"<p>Valmistamine:<\/p>\n<ol>\n<li>Kuumuta ahi 180 kraadini.<\/li>\n<li>Suures kausis sega kokku k\u00f5rvitsap\u00fcree, riisijook ja p\u00e4evalille\u00f5li.<\/li>\n<li>Lisa suhkur ja sega, kuni segu on \u00fchtlane.<\/li>\n<li>Eraldi kausis sega kuivained: riisijahu, mandlijahu, k\u00fcpsetuspulber, kaneel, muskaatp\u00e4hkel ja sool.<\/li>\n<li>Lisa kuivained m\u00e4rgadele koostisosadele ja sega hoolikalt \u00fchtlaseks tainaks.<\/li>\n<li>Vala tainas k\u00fcpsetuspaberiga vooderdatud 20 cm koogivormi.<\/li>\n<li>K\u00fcpseta 35\u201340 minutit, kuni kook on pealt kuldpruun ja keskelt k\u00fcps.<\/li>\n<li>Lase jahtuda ning serveeri.<\/li>\n<\/ol>\n<p>Sobib h\u00e4sti nii hommikukohvi k\u00f5rvale kui ka tervislikuks magustoiduks. Serveerimisel v\u00f5ib peale puistata veidi tuhksuhkrut v\u00f5i lisada lusikat\u00e4ie taimset vahukoort.<\/p>\n","protected":false},"excerpt":{"rendered":"<p>Vaja l\u00e4heb:<\/p>\n<ul>\n<li>300 g keedetud v\u00f5i k\u00fcpsetatud k\u00f5rvitsap\u00fcreed<\/li>\n<li>100 g riisijahu (nt, <a href=\"https:\/\/bio4you.eu\/et\/bio-toit\/kuivained-ja-idandamine\/jahud\/gluteenivaba-taeistera-riisijahu-500g\">Bauck M\u00fchle Gluteenivaba riisijahu, t\u00e4istera, 500g<\/a>)<\/li>\n<li>100 g mandlijahu (nt, <a href=\"https:\/\/bio4you.eu\/et\/bio-toit\/kuivained-ja-idandamine\/jahud\/mandlijahu-500g\">Rhumveld Baltic Mandlijahu, 500g<\/a>)<\/li>\n<li>100 g roosuhkrut (nt, <a href=\"https:\/\/bio4you.eu\/et\/bio-toit\/toiduvalmistamine\/maitseained-ja-magustajad\/suhkur\/orgaaniline-roosuhkur-1kg\">Fior di Loto Roosuhkur, 1kg<\/a>)<\/li>\n<li>100 ml <a href=\"https:\/\/bio4you.eu\/et\/bio-toit\/joogid-ja-joogipulbrid\/taimsed-joogid-ja-kreemid\/riisijook-1l\">The Bridge Bio Riisijooki (Gluteenivaba)<\/a><\/li>\n<li>50 ml p\u00e4evalille\u00f5li<\/li>\n<li>1 tl k\u00fcpsetuspulbrit<\/li>\n<li>1 tl kaneeli<\/li>\n<li>\u00bd tl muskaatp\u00e4hklit<\/li>\n<li>N\u00e4puotsat\u00e4is soola<\/li>\n<\/ul>\n","protected":false},"featured_media":4355,"comment_status":"open","ping_status":"closed","template":"","meta":{"_exactmetrics_skip_tracking":false,"_exactmetrics_sitenote_active":false,"_exactmetrics_sitenote_note":"","_exactmetrics_sitenote_category":0},"product_cat":[59,382,63,383,280],"product_tag":[150,426,525,527,477,411,528,526],"class_list":{"0":"post-4354","1":"product","2":"type-product","3":"status-publish","4":"has-post-thumbnail","6":"product_cat-featured","7":"product_cat-vegan-toiduretseptid","8":"product_cat-gluteenivabad-retseptid","9":"product_cat-taimetoit","10":"product_cat-koogid-ja-kupsised","11":"product_tag-gluteenivaba-2","12":"product_tag-gluteenivaba-kook","13":"product_tag-korvitsakook","14":"product_tag-kreemjas-kook","15":"product_tag-kupsetised","16":"product_tag-taimetoit","17":"product_tag-taimne-kook","18":"product_tag-vegan-kook","20":"first","21":"instock","22":"shipping-taxable","23":"product-type-simple"},"yoast_head":"<!-- This site is optimized with the Yoast SEO plugin v23.3 - https:\/\/yoast.com\/wordpress\/plugins\/seo\/ -->\n<title>Kreemjas k\u00f5rvitsakook (gluteenivaba) - bio4you.eu\/retseptid<\/title>\n<meta name=\"robots\" content=\"index, follow, max-snippet:-1, max-image-preview:large, max-video-preview:-1\" \/>\n<link rel=\"canonical\" href=\"https:\/\/bio4you.eu\/retseptid\/toode\/kreemjas-korvitsakook-gluteenivaba\/\" \/>\n<meta property=\"og:locale\" content=\"et_EE\" \/>\n<meta property=\"og:type\" content=\"article\" \/>\n<meta property=\"og:title\" content=\"Kreemjas gluteenivaba k\u00f5rvitsakook\" \/>\n<meta property=\"og:description\" content=\"Tervislik ja maitsev kreemjas k\u00f5rvitsakook, mis on gluteenivaba ja taimne. Valmistatud The Bridge riisijoogiga \u2013 lihtne retsept, mis sobib nii hommikuks kui magustoiduks.\" \/>\n<meta property=\"og:url\" content=\"https:\/\/bio4you.eu\/retseptid\/toode\/kreemjas-korvitsakook-gluteenivaba\/\" \/>\n<meta property=\"og:site_name\" content=\"bio4you.eu\/retseptid\" \/>\n<meta property=\"article:modified_time\" content=\"2025-04-14T11:02:41+00:00\" \/>\n<meta property=\"og:image\" content=\"https:\/\/bio4you.eu\/retseptid\/wp-content\/uploads\/2025\/04\/Screenshot-2025-04-14-at-13.20.40.png\" \/>\n\t<meta property=\"og:image:width\" content=\"854\" \/>\n\t<meta property=\"og:image:height\" content=\"562\" \/>\n\t<meta property=\"og:image:type\" content=\"image\/png\" \/>\n<meta name=\"twitter:label1\" content=\"Est. reading time\" \/>\n\t<meta name=\"twitter:data1\" content=\"1 minut\" \/>\n<script type=\"application\/ld+json\" class=\"yoast-schema-graph\">{\"@context\":\"https:\/\/schema.org\",\"@graph\":[{\"@type\":\"WebPage\",\"@id\":\"https:\/\/bio4you.eu\/retseptid\/toode\/kreemjas-korvitsakook-gluteenivaba\/\",\"url\":\"https:\/\/bio4you.eu\/retseptid\/toode\/kreemjas-korvitsakook-gluteenivaba\/\",\"name\":\"Kreemjas k\u00f5rvitsakook (gluteenivaba) - bio4you.eu\/retseptid\",\"isPartOf\":{\"@id\":\"https:\/\/bio4you.eu\/retseptid\/#website\"},\"primaryImageOfPage\":{\"@id\":\"https:\/\/bio4you.eu\/retseptid\/toode\/kreemjas-korvitsakook-gluteenivaba\/#primaryimage\"},\"image\":{\"@id\":\"https:\/\/bio4you.eu\/retseptid\/toode\/kreemjas-korvitsakook-gluteenivaba\/#primaryimage\"},\"thumbnailUrl\":\"https:\/\/bio4you.eu\/retseptid\/wp-content\/uploads\/2025\/04\/Screenshot-2025-04-14-at-13.20.40.png\",\"datePublished\":\"2025-05-01T10:41:42+00:00\",\"dateModified\":\"2025-04-14T11:02:41+00:00\",\"breadcrumb\":{\"@id\":\"https:\/\/bio4you.eu\/retseptid\/toode\/kreemjas-korvitsakook-gluteenivaba\/#breadcrumb\"},\"inLanguage\":\"et\",\"potentialAction\":[{\"@type\":\"ReadAction\",\"target\":[\"https:\/\/bio4you.eu\/retseptid\/toode\/kreemjas-korvitsakook-gluteenivaba\/\"]}]},{\"@type\":\"ImageObject\",\"inLanguage\":\"et\",\"@id\":\"https:\/\/bio4you.eu\/retseptid\/toode\/kreemjas-korvitsakook-gluteenivaba\/#primaryimage\",\"url\":\"https:\/\/bio4you.eu\/retseptid\/wp-content\/uploads\/2025\/04\/Screenshot-2025-04-14-at-13.20.40.png\",\"contentUrl\":\"https:\/\/bio4you.eu\/retseptid\/wp-content\/uploads\/2025\/04\/Screenshot-2025-04-14-at-13.20.40.png\",\"width\":854,\"height\":562,\"caption\":\"Pehme ja maitsek\u00fcllane gluteenivaba k\u00f5rvitsakook\"},{\"@type\":\"BreadcrumbList\",\"@id\":\"https:\/\/bio4you.eu\/retseptid\/toode\/kreemjas-korvitsakook-gluteenivaba\/#breadcrumb\",\"itemListElement\":[{\"@type\":\"ListItem\",\"position\":1,\"name\":\"Home\",\"item\":\"https:\/\/bio4you.eu\/retseptid\/\"},{\"@type\":\"ListItem\",\"position\":2,\"name\":\"Kreemjas k\u00f5rvitsakook (gluteenivaba)\"}]},{\"@type\":\"WebSite\",\"@id\":\"https:\/\/bio4you.eu\/retseptid\/#website\",\"url\":\"https:\/\/bio4you.eu\/retseptid\/\",\"name\":\"bio4you.eu\/retseptid\",\"description\":\"\u00d6ko retseptid ise tegemiseks, looduslikest koostisainetest. Maitsev toit, iluhooldus, kodupuhastus ja aiandus.\",\"potentialAction\":[{\"@type\":\"SearchAction\",\"target\":{\"@type\":\"EntryPoint\",\"urlTemplate\":\"https:\/\/bio4you.eu\/retseptid\/?s={search_term_string}\"},\"query-input\":\"required name=search_term_string\"}],\"inLanguage\":\"et\"}]}<\/script>\n<!-- \/ Yoast SEO plugin. -->","yoast_head_json":{"title":"Kreemjas k\u00f5rvitsakook (gluteenivaba) - bio4you.eu\/retseptid","robots":{"index":"index","follow":"follow","max-snippet":"max-snippet:-1","max-image-preview":"max-image-preview:large","max-video-preview":"max-video-preview:-1"},"canonical":"https:\/\/bio4you.eu\/retseptid\/toode\/kreemjas-korvitsakook-gluteenivaba\/","og_locale":"et_EE","og_type":"article","og_title":"Kreemjas gluteenivaba k\u00f5rvitsakook","og_description":"Tervislik ja maitsev kreemjas k\u00f5rvitsakook, mis on gluteenivaba ja taimne. Valmistatud The Bridge riisijoogiga \u2013 lihtne retsept, mis sobib nii hommikuks kui magustoiduks.","og_url":"https:\/\/bio4you.eu\/retseptid\/toode\/kreemjas-korvitsakook-gluteenivaba\/","og_site_name":"bio4you.eu\/retseptid","article_modified_time":"2025-04-14T11:02:41+00:00","og_image":[{"width":854,"height":562,"url":"https:\/\/bio4you.eu\/retseptid\/wp-content\/uploads\/2025\/04\/Screenshot-2025-04-14-at-13.20.40.png","type":"image\/png"}],"twitter_misc":{"Est. reading time":"1 minut"},"schema":{"@context":"https:\/\/schema.org","@graph":[{"@type":"WebPage","@id":"https:\/\/bio4you.eu\/retseptid\/toode\/kreemjas-korvitsakook-gluteenivaba\/","url":"https:\/\/bio4you.eu\/retseptid\/toode\/kreemjas-korvitsakook-gluteenivaba\/","name":"Kreemjas k\u00f5rvitsakook (gluteenivaba) - bio4you.eu\/retseptid","isPartOf":{"@id":"https:\/\/bio4you.eu\/retseptid\/#website"},"primaryImageOfPage":{"@id":"https:\/\/bio4you.eu\/retseptid\/toode\/kreemjas-korvitsakook-gluteenivaba\/#primaryimage"},"image":{"@id":"https:\/\/bio4you.eu\/retseptid\/toode\/kreemjas-korvitsakook-gluteenivaba\/#primaryimage"},"thumbnailUrl":"https:\/\/bio4you.eu\/retseptid\/wp-content\/uploads\/2025\/04\/Screenshot-2025-04-14-at-13.20.40.png","datePublished":"2025-05-01T10:41:42+00:00","dateModified":"2025-04-14T11:02:41+00:00","breadcrumb":{"@id":"https:\/\/bio4you.eu\/retseptid\/toode\/kreemjas-korvitsakook-gluteenivaba\/#breadcrumb"},"inLanguage":"et","potentialAction":[{"@type":"ReadAction","target":["https:\/\/bio4you.eu\/retseptid\/toode\/kreemjas-korvitsakook-gluteenivaba\/"]}]},{"@type":"ImageObject","inLanguage":"et","@id":"https:\/\/bio4you.eu\/retseptid\/toode\/kreemjas-korvitsakook-gluteenivaba\/#primaryimage","url":"https:\/\/bio4you.eu\/retseptid\/wp-content\/uploads\/2025\/04\/Screenshot-2025-04-14-at-13.20.40.png","contentUrl":"https:\/\/bio4you.eu\/retseptid\/wp-content\/uploads\/2025\/04\/Screenshot-2025-04-14-at-13.20.40.png","width":854,"height":562,"caption":"Pehme ja maitsek\u00fcllane gluteenivaba k\u00f5rvitsakook"},{"@type":"BreadcrumbList","@id":"https:\/\/bio4you.eu\/retseptid\/toode\/kreemjas-korvitsakook-gluteenivaba\/#breadcrumb","itemListElement":[{"@type":"ListItem","position":1,"name":"Home","item":"https:\/\/bio4you.eu\/retseptid\/"},{"@type":"ListItem","position":2,"name":"Kreemjas k\u00f5rvitsakook (gluteenivaba)"}]},{"@type":"WebSite","@id":"https:\/\/bio4you.eu\/retseptid\/#website","url":"https:\/\/bio4you.eu\/retseptid\/","name":"bio4you.eu\/retseptid","description":"\u00d6ko retseptid ise tegemiseks, looduslikest koostisainetest. Maitsev toit, iluhooldus, kodupuhastus ja aiandus.","potentialAction":[{"@type":"SearchAction","target":{"@type":"EntryPoint","urlTemplate":"https:\/\/bio4you.eu\/retseptid\/?s={search_term_string}"},"query-input":"required name=search_term_string"}],"inLanguage":"et"}]}},"_links":{"self":[{"href":"https:\/\/bio4you.eu\/retseptid\/wp-json\/wp\/v2\/product\/4354"}],"collection":[{"href":"https:\/\/bio4you.eu\/retseptid\/wp-json\/wp\/v2\/product"}],"about":[{"href":"https:\/\/bio4you.eu\/retseptid\/wp-json\/wp\/v2\/types\/product"}],"replies":[{"embeddable":true,"href":"https:\/\/bio4you.eu\/retseptid\/wp-json\/wp\/v2\/comments?post=4354"}],"wp:featuredmedia":[{"embeddable":true,"href":"https:\/\/bio4you.eu\/retseptid\/wp-json\/wp\/v2\/media\/4355"}],"wp:attachment":[{"href":"https:\/\/bio4you.eu\/retseptid\/wp-json\/wp\/v2\/media?parent=4354"}],"wp:term":[{"taxonomy":"product_cat","embeddable":true,"href":"https:\/\/bio4you.eu\/retseptid\/wp-json\/wp\/v2\/product_cat?post=4354"},{"taxonomy":"product_tag","embeddable":true,"href":"https:\/\/bio4you.eu\/retseptid\/wp-json\/wp\/v2\/product_tag?post=4354"}],"curies":[{"name":"wp","href":"https:\/\/api.w.org\/{rel}","templated":true}]}}