{"id":4361,"date":"2025-05-22T19:13:35","date_gmt":"2025-05-22T16:13:35","guid":{"rendered":"https:\/\/bio4you.eu\/retseptid\/?post_type=product&#038;p=4361"},"modified":"2025-04-14T19:32:17","modified_gmt":"2025-04-14T16:32:17","slug":"vegan-tort-valge-sokolaadi-ja-marjadega","status":"publish","type":"product","link":"https:\/\/bio4you.eu\/retseptid\/toode\/vegan-tort-valge-sokolaadi-ja-marjadega\/","title":{"rendered":"Vegan tort valge \u0161okolaadi ja marjadega"},"content":{"rendered":"<p>Valmistamine:<\/p>\n<ol>\n<li>P\u00f5hi: Sega mandlijahu, t\u00e4rklis, suhkur ja sool. Lisa kookos\u00f5li ja taimne piim. Sega taignaks. Suru taigen 20 cm l\u00e4bim\u00f5\u00f5duga vormi p\u00f5hja ja \u00e4\u00e4rtele. Torka p\u00f5hjale kahvliga augud ja k\u00fcpseta 180 \u00b0C juures umbes 10 minutit.<\/li>\n<li>T\u00e4idis: Sulata valge \u0161okolaad vesivannil. Blenderda india p\u00e4hklid, taimne piim, suhkur ja t\u00e4rklis \u00fchtlaseks massiks. Lisa sulatatud \u0161okolaad ja sega hoolikalt.<\/li>\n<li>Vala t\u00e4idis eelk\u00fcpsetatud p\u00f5hjale ja k\u00fcpseta veel 15 minutit. Lase t\u00e4ielikult jahtuda ja seej\u00e4rel hoia v\u00e4hemalt 2 tundi k\u00fclmkapis.<\/li>\n<li>Kaunista marjadega ja serveeri k\u00fclmalt.<\/li>\n<\/ol>\n<p>Soovitused:<br \/>\nHoia k\u00fclmkapis kuni 3 p\u00e4eva. Serveerimisel v\u00f5id lisada ka piparm\u00fcndilehti v\u00f5i marjap\u00fcreed, et lisada v\u00e4rskust ja hapukust.<\/p>\n","protected":false},"excerpt":{"rendered":"<p>Vaja l\u00e4heb:<\/p>\n<p>P\u00f5hi:<\/p>\n<ul>\n<li>150g mandlijahu (nt, <a href=\"https:\/\/bio4you.eu\/et\/bio-toit\/kuivained-ja-idandamine\/jahud\/mandlijahu-500g\">Rhumveld Baltic Mandlijahu, 500g<\/a>)<\/li>\n<li>30g maisit\u00e4rklist<\/li>\n<li>2sl roosuhkrut<\/li>\n<li>50ml taimset piima (nt, <a href=\"https:\/\/bio4you.eu\/et\/bio-toit\/joogid-ja-joogipulbrid\/taimsed-joogid-ja-kreemid\/barista-mandlijook-1l\">The Bridge Barista Mandlijook, 1l<\/a>)<\/li>\n<li>50ml kookos\u00f5li (nt, <a href=\"https:\/\/bio4you.eu\/et\/bio-toit\/toiduolid-kastmed-ja-kreemid\/extra-virgin-kookosoli-500ml\">Maya Gold Extra virgin kookos\u00f5li, 500ml<\/a>)<\/li>\n<li>N\u00e4puotsat\u00e4is soola<\/li>\n<\/ul>\n<p>T\u00e4idis:<\/p>\n<ul>\n<li>100g India p\u00e4hkleid, leotatud v\u00e4hemalt 4 tundi (nt, <a href=\"https:\/\/bio4you.eu\/et\/bio-toit\/looduslikud-supertoidud\/india-paehklid-1kg\">Rhumveld Baltic India P\u00e4hklid 1kg<\/a>)<\/li>\n<li>100g <a href=\"https:\/\/bio4you.eu\/et\/bio-toit\/sokolaadid-ja-maiustused\/sokolaadid\/vegan-valge-sokolaad-vanilje-ja-mandlitega-100g\">GEPA Valge \u0161okolaad vanilje ja mandlitega (vegan)<\/a><\/li>\n<li>100ml taimset piima (nt, <a href=\"https:\/\/bio4you.eu\/et\/bio-toit\/joogid-ja-joogipulbrid\/taimsed-joogid-ja-kreemid\/barista-mandlijook-1l\">The Bridge Barista Mandlijook, 1l<\/a>)<\/li>\n<li>2sl Muscovado suhkrut<\/li>\n<li>1sl maisit\u00e4rklist<\/li>\n<\/ul>\n<p>Kaunistuseks: V\u00e4rsked v\u00f5i k\u00fclmutatud marjad (nt vaarikad, mustikad)<\/p>\n","protected":false},"featured_media":4362,"comment_status":"open","ping_status":"closed","template":"","meta":{"_exactmetrics_skip_tracking":false,"_exactmetrics_sitenote_active":false,"_exactmetrics_sitenote_note":"","_exactmetrics_sitenote_category":0},"product_cat":[59,382,383,280],"product_tag":[542,411,545,541,544,483,543],"class_list":{"0":"post-4361","1":"product","2":"type-product","3":"status-publish","4":"has-post-thumbnail","6":"product_cat-featured","7":"product_cat-vegan-toiduretseptid","8":"product_cat-taimetoit","9":"product_cat-koogid-ja-kupsised","10":"product_tag-marjatort","11":"product_tag-taimetoit","12":"product_tag-taimne-tort","13":"product_tag-tort","14":"product_tag-valge-sokolaadi-tort","15":"product_tag-vegan-magustoit","16":"product_tag-vegan-tort","18":"first","19":"instock","20":"shipping-taxable","21":"product-type-simple"},"yoast_head":"<!-- This site is optimized with the Yoast SEO plugin v23.3 - https:\/\/yoast.com\/wordpress\/plugins\/seo\/ -->\n<title>Vegan tort valge \u0161okolaadi ja marjadega - bio4you.eu\/retseptid<\/title>\n<meta name=\"description\" content=\"Taimne magustoit valge vegan \u0161okolaadi ja v\u00e4rskete marjadega. Kreemjas, pehme ja t\u00e4iuslik suvine tort, mis sobib nii pidulauale kui igap\u00e4evaseks maiustamiseks.\" \/>\n<meta name=\"robots\" content=\"index, follow, max-snippet:-1, max-image-preview:large, max-video-preview:-1\" \/>\n<link rel=\"canonical\" href=\"https:\/\/bio4you.eu\/retseptid\/toode\/vegan-tort-valge-sokolaadi-ja-marjadega\/\" \/>\n<meta property=\"og:locale\" content=\"et_EE\" \/>\n<meta property=\"og:type\" content=\"article\" \/>\n<meta property=\"og:title\" content=\"Vegan tort valge \u0161okolaadi ja marjadega \u2013 suvine maius!\" \/>\n<meta property=\"og:description\" content=\"See siidine vegan \u0161okolaaditort on valmistatud mandlip\u00f5hjaga ja t\u00e4idetud valge \u0161okolaadikreemiga. Peal s\u00e4ravad v\u00e4rsked marjad. Lihtne, kaunis ja t\u00f5eliselt maitsev!\" \/>\n<meta property=\"og:url\" content=\"https:\/\/bio4you.eu\/retseptid\/toode\/vegan-tort-valge-sokolaadi-ja-marjadega\/\" \/>\n<meta property=\"og:site_name\" content=\"bio4you.eu\/retseptid\" \/>\n<meta property=\"article:modified_time\" content=\"2025-04-14T16:32:17+00:00\" \/>\n<meta property=\"og:image\" content=\"https:\/\/bio4you.eu\/retseptid\/wp-content\/uploads\/2025\/04\/Screenshot-2025-04-14-at-19.24.02.png\" \/>\n\t<meta property=\"og:image:width\" content=\"1090\" \/>\n\t<meta property=\"og:image:height\" content=\"514\" \/>\n\t<meta property=\"og:image:type\" content=\"image\/png\" \/>\n<meta name=\"twitter:label1\" content=\"Est. reading time\" \/>\n\t<meta name=\"twitter:data1\" content=\"1 minut\" \/>\n<script type=\"application\/ld+json\" class=\"yoast-schema-graph\">{\"@context\":\"https:\/\/schema.org\",\"@graph\":[{\"@type\":\"WebPage\",\"@id\":\"https:\/\/bio4you.eu\/retseptid\/toode\/vegan-tort-valge-sokolaadi-ja-marjadega\/\",\"url\":\"https:\/\/bio4you.eu\/retseptid\/toode\/vegan-tort-valge-sokolaadi-ja-marjadega\/\",\"name\":\"Vegan tort valge \u0161okolaadi ja marjadega - bio4you.eu\/retseptid\",\"isPartOf\":{\"@id\":\"https:\/\/bio4you.eu\/retseptid\/#website\"},\"primaryImageOfPage\":{\"@id\":\"https:\/\/bio4you.eu\/retseptid\/toode\/vegan-tort-valge-sokolaadi-ja-marjadega\/#primaryimage\"},\"image\":{\"@id\":\"https:\/\/bio4you.eu\/retseptid\/toode\/vegan-tort-valge-sokolaadi-ja-marjadega\/#primaryimage\"},\"thumbnailUrl\":\"https:\/\/bio4you.eu\/retseptid\/wp-content\/uploads\/2025\/04\/Screenshot-2025-04-14-at-19.24.02.png\",\"datePublished\":\"2025-05-22T16:13:35+00:00\",\"dateModified\":\"2025-04-14T16:32:17+00:00\",\"description\":\"Taimne magustoit valge vegan \u0161okolaadi ja v\u00e4rskete marjadega. Kreemjas, pehme ja t\u00e4iuslik suvine tort, mis sobib nii pidulauale kui igap\u00e4evaseks maiustamiseks.\",\"breadcrumb\":{\"@id\":\"https:\/\/bio4you.eu\/retseptid\/toode\/vegan-tort-valge-sokolaadi-ja-marjadega\/#breadcrumb\"},\"inLanguage\":\"et\",\"potentialAction\":[{\"@type\":\"ReadAction\",\"target\":[\"https:\/\/bio4you.eu\/retseptid\/toode\/vegan-tort-valge-sokolaadi-ja-marjadega\/\"]}]},{\"@type\":\"ImageObject\",\"inLanguage\":\"et\",\"@id\":\"https:\/\/bio4you.eu\/retseptid\/toode\/vegan-tort-valge-sokolaadi-ja-marjadega\/#primaryimage\",\"url\":\"https:\/\/bio4you.eu\/retseptid\/wp-content\/uploads\/2025\/04\/Screenshot-2025-04-14-at-19.24.02.png\",\"contentUrl\":\"https:\/\/bio4you.eu\/retseptid\/wp-content\/uploads\/2025\/04\/Screenshot-2025-04-14-at-19.24.02.png\",\"width\":1090,\"height\":514,\"caption\":\"Kreemjas ja siidine vegan tort valge \u0161okolaadi ning suviste marjadega\"},{\"@type\":\"BreadcrumbList\",\"@id\":\"https:\/\/bio4you.eu\/retseptid\/toode\/vegan-tort-valge-sokolaadi-ja-marjadega\/#breadcrumb\",\"itemListElement\":[{\"@type\":\"ListItem\",\"position\":1,\"name\":\"Home\",\"item\":\"https:\/\/bio4you.eu\/retseptid\/\"},{\"@type\":\"ListItem\",\"position\":2,\"name\":\"Vegan tort valge \u0161okolaadi ja marjadega\"}]},{\"@type\":\"WebSite\",\"@id\":\"https:\/\/bio4you.eu\/retseptid\/#website\",\"url\":\"https:\/\/bio4you.eu\/retseptid\/\",\"name\":\"bio4you.eu\/retseptid\",\"description\":\"\u00d6ko retseptid ise tegemiseks, looduslikest koostisainetest. Maitsev toit, iluhooldus, kodupuhastus ja aiandus.\",\"potentialAction\":[{\"@type\":\"SearchAction\",\"target\":{\"@type\":\"EntryPoint\",\"urlTemplate\":\"https:\/\/bio4you.eu\/retseptid\/?s={search_term_string}\"},\"query-input\":\"required name=search_term_string\"}],\"inLanguage\":\"et\"}]}<\/script>\n<!-- \/ Yoast SEO plugin. -->","yoast_head_json":{"title":"Vegan tort valge \u0161okolaadi ja marjadega - bio4you.eu\/retseptid","description":"Taimne magustoit valge vegan \u0161okolaadi ja v\u00e4rskete marjadega. Kreemjas, pehme ja t\u00e4iuslik suvine tort, mis sobib nii pidulauale kui igap\u00e4evaseks maiustamiseks.","robots":{"index":"index","follow":"follow","max-snippet":"max-snippet:-1","max-image-preview":"max-image-preview:large","max-video-preview":"max-video-preview:-1"},"canonical":"https:\/\/bio4you.eu\/retseptid\/toode\/vegan-tort-valge-sokolaadi-ja-marjadega\/","og_locale":"et_EE","og_type":"article","og_title":"Vegan tort valge \u0161okolaadi ja marjadega \u2013 suvine maius!","og_description":"See siidine vegan \u0161okolaaditort on valmistatud mandlip\u00f5hjaga ja t\u00e4idetud valge \u0161okolaadikreemiga. Peal s\u00e4ravad v\u00e4rsked marjad. Lihtne, kaunis ja t\u00f5eliselt maitsev!","og_url":"https:\/\/bio4you.eu\/retseptid\/toode\/vegan-tort-valge-sokolaadi-ja-marjadega\/","og_site_name":"bio4you.eu\/retseptid","article_modified_time":"2025-04-14T16:32:17+00:00","og_image":[{"width":1090,"height":514,"url":"https:\/\/bio4you.eu\/retseptid\/wp-content\/uploads\/2025\/04\/Screenshot-2025-04-14-at-19.24.02.png","type":"image\/png"}],"twitter_misc":{"Est. reading time":"1 minut"},"schema":{"@context":"https:\/\/schema.org","@graph":[{"@type":"WebPage","@id":"https:\/\/bio4you.eu\/retseptid\/toode\/vegan-tort-valge-sokolaadi-ja-marjadega\/","url":"https:\/\/bio4you.eu\/retseptid\/toode\/vegan-tort-valge-sokolaadi-ja-marjadega\/","name":"Vegan tort valge \u0161okolaadi ja marjadega - bio4you.eu\/retseptid","isPartOf":{"@id":"https:\/\/bio4you.eu\/retseptid\/#website"},"primaryImageOfPage":{"@id":"https:\/\/bio4you.eu\/retseptid\/toode\/vegan-tort-valge-sokolaadi-ja-marjadega\/#primaryimage"},"image":{"@id":"https:\/\/bio4you.eu\/retseptid\/toode\/vegan-tort-valge-sokolaadi-ja-marjadega\/#primaryimage"},"thumbnailUrl":"https:\/\/bio4you.eu\/retseptid\/wp-content\/uploads\/2025\/04\/Screenshot-2025-04-14-at-19.24.02.png","datePublished":"2025-05-22T16:13:35+00:00","dateModified":"2025-04-14T16:32:17+00:00","description":"Taimne magustoit valge vegan \u0161okolaadi ja v\u00e4rskete marjadega. Kreemjas, pehme ja t\u00e4iuslik suvine tort, mis sobib nii pidulauale kui igap\u00e4evaseks maiustamiseks.","breadcrumb":{"@id":"https:\/\/bio4you.eu\/retseptid\/toode\/vegan-tort-valge-sokolaadi-ja-marjadega\/#breadcrumb"},"inLanguage":"et","potentialAction":[{"@type":"ReadAction","target":["https:\/\/bio4you.eu\/retseptid\/toode\/vegan-tort-valge-sokolaadi-ja-marjadega\/"]}]},{"@type":"ImageObject","inLanguage":"et","@id":"https:\/\/bio4you.eu\/retseptid\/toode\/vegan-tort-valge-sokolaadi-ja-marjadega\/#primaryimage","url":"https:\/\/bio4you.eu\/retseptid\/wp-content\/uploads\/2025\/04\/Screenshot-2025-04-14-at-19.24.02.png","contentUrl":"https:\/\/bio4you.eu\/retseptid\/wp-content\/uploads\/2025\/04\/Screenshot-2025-04-14-at-19.24.02.png","width":1090,"height":514,"caption":"Kreemjas ja siidine vegan tort valge \u0161okolaadi ning suviste marjadega"},{"@type":"BreadcrumbList","@id":"https:\/\/bio4you.eu\/retseptid\/toode\/vegan-tort-valge-sokolaadi-ja-marjadega\/#breadcrumb","itemListElement":[{"@type":"ListItem","position":1,"name":"Home","item":"https:\/\/bio4you.eu\/retseptid\/"},{"@type":"ListItem","position":2,"name":"Vegan tort valge \u0161okolaadi ja marjadega"}]},{"@type":"WebSite","@id":"https:\/\/bio4you.eu\/retseptid\/#website","url":"https:\/\/bio4you.eu\/retseptid\/","name":"bio4you.eu\/retseptid","description":"\u00d6ko retseptid ise tegemiseks, looduslikest koostisainetest. Maitsev toit, iluhooldus, kodupuhastus ja aiandus.","potentialAction":[{"@type":"SearchAction","target":{"@type":"EntryPoint","urlTemplate":"https:\/\/bio4you.eu\/retseptid\/?s={search_term_string}"},"query-input":"required name=search_term_string"}],"inLanguage":"et"}]}},"_links":{"self":[{"href":"https:\/\/bio4you.eu\/retseptid\/wp-json\/wp\/v2\/product\/4361"}],"collection":[{"href":"https:\/\/bio4you.eu\/retseptid\/wp-json\/wp\/v2\/product"}],"about":[{"href":"https:\/\/bio4you.eu\/retseptid\/wp-json\/wp\/v2\/types\/product"}],"replies":[{"embeddable":true,"href":"https:\/\/bio4you.eu\/retseptid\/wp-json\/wp\/v2\/comments?post=4361"}],"wp:featuredmedia":[{"embeddable":true,"href":"https:\/\/bio4you.eu\/retseptid\/wp-json\/wp\/v2\/media\/4362"}],"wp:attachment":[{"href":"https:\/\/bio4you.eu\/retseptid\/wp-json\/wp\/v2\/media?parent=4361"}],"wp:term":[{"taxonomy":"product_cat","embeddable":true,"href":"https:\/\/bio4you.eu\/retseptid\/wp-json\/wp\/v2\/product_cat?post=4361"},{"taxonomy":"product_tag","embeddable":true,"href":"https:\/\/bio4you.eu\/retseptid\/wp-json\/wp\/v2\/product_tag?post=4361"}],"curies":[{"name":"wp","href":"https:\/\/api.w.org\/{rel}","templated":true}]}}