{"id":4363,"date":"2025-05-29T19:33:24","date_gmt":"2025-05-29T16:33:24","guid":{"rendered":"https:\/\/bio4you.eu\/retseptid\/?post_type=product&#038;p=4363"},"modified":"2025-04-14T19:43:58","modified_gmt":"2025-04-14T16:43:58","slug":"vegan-pumpkin-spice-chia-latte-kohvivahuga","status":"publish","type":"product","link":"https:\/\/bio4you.eu\/retseptid\/toode\/vegan-pumpkin-spice-chia-latte-kohvivahuga\/","title":{"rendered":"Vegan Pumpkin spice chia latte kohvivahuga"},"content":{"rendered":"<p>Valmistamine:<\/p>\n<ol>\n<li>Chia latte: Sega kausis kokku k\u00f5rvitsap\u00fcree, chia seemned, magustaja ja v\u00fcrtsisegu. Lisa kaerajook ja sega \u00fchtlaseks. Lase seista v\u00e4hemalt 10\u201315 minutit, kuni segu pakseneb.<\/li>\n<li>Kohvivahuks: Kuumuta kaerajook ja vahusta kas piimavahustajaga v\u00f5i k\u00e4sitsi.<\/li>\n<li>Vala klaasi p\u00f5hja chia latte segu, seej\u00e4rel kohv ja k\u00f5ige peale vahustatud kaerajook.<\/li>\n<li>Soovi korral kaunista kaneelipulbri v\u00f5i muskaatp\u00e4hkliga.<\/li>\n<\/ol>\n<div class=\"mceTemp\"><\/div>\n<p>Soovitused:<br \/>\nSobib ideaalselt ka k\u00fclmana &#8211; j\u00e4ta piima kuumutamise samm vahele ja lisa joogile j\u00e4\u00e4d. Kui soovid magusamat jooki, lisa datlisiirupit v\u00f5i tilk vaniljeekstrakti.<\/p>\n","protected":false},"excerpt":{"rendered":"<p>Vaja l\u00e4heb:<\/p>\n<p>Chia latte jaoks:<\/p>\n<ul>\n<li>150ml <a href=\"https:\/\/bio4you.eu\/et\/bio-toit\/joogid-ja-joogipulbrid\/taimsed-joogid-ja-kreemid\/barista-kaerajook-1l\">The Bridge Bio Barista kaerajooki<\/a><\/li>\n<li>2sl k\u00f5rvitsap\u00fcreed<\/li>\n<li>1sl chia seemneid (nt, <a href=\"https:\/\/bio4you.eu\/et\/bio-toit\/looduslikud-supertoidud\/chia-seemned-250g\">Nature&#8217;s Finest Chia Seemned, 250g<\/a>)<\/li>\n<li>1tl datlisiirupit (v\u00f5i muud looduslikku magustajat)<\/li>\n<li>\u00bdtl k\u00f5rvitsav\u00fcrtsi segu (nt, <a href=\"https:\/\/bio4you.eu\/et\/bio-toit\/biotoit-maitseained-ja-magustajad\/maitsetaimed-ja-segud\/maitseainete-segu-pumpkin-pie-60g\">Artemis Bio Maitseainete segu &#8220;Pumpkin Pie&#8221;, 60g<\/a>)<\/li>\n<\/ul>\n<p>Kohvivahu jaoks:<\/p>\n<ul>\n<li>1 espresso v\u00f5i kange kohv<\/li>\n<li>100 ml <a href=\"https:\/\/bio4you.eu\/et\/bio-toit\/joogid-ja-joogipulbrid\/taimsed-joogid-ja-kreemid\/barista-kaerajook-1l\">The Bridge Bio Barista kaerajooki<\/a><\/li>\n<\/ul>\n","protected":false},"featured_media":4364,"comment_status":"open","ping_status":"closed","template":"","meta":{"_exactmetrics_skip_tracking":false,"_exactmetrics_sitenote_active":false,"_exactmetrics_sitenote_note":"","_exactmetrics_sitenote_category":0},"product_cat":[59,60,382,383],"product_tag":[547,548,549,546,550],"class_list":{"0":"post-4363","1":"product","2":"type-product","3":"status-publish","4":"has-post-thumbnail","6":"product_cat-featured","7":"product_cat-toiduretseptid","8":"product_cat-vegan-toiduretseptid","9":"product_cat-taimetoit","10":"product_tag-jaakohv","11":"product_tag-korvitsa-jaakohv","12":"product_tag-pumpkin-pie-kohv","13":"product_tag-pumpkin-pie-latte","14":"product_tag-vegan-kohv","16":"first","17":"instock","18":"shipping-taxable","19":"product-type-simple"},"yoast_head":"<!-- This site is optimized with the Yoast SEO plugin v23.3 - https:\/\/yoast.com\/wordpress\/plugins\/seo\/ -->\n<title>Vegan Pumpkin spice chia latte kohvivahuga - bio4you.eu\/retseptid<\/title>\n<meta name=\"description\" content=\"V\u00fcrtsikas ja toitainerikas chia latte k\u00f5rvitsap\u00fcree ja kaerajoogiga, millele lisab m\u00f5nusat kofeiinilaksu vahustatud kohv. Taimne ja tervislik start hommikuks v\u00f5i vahepalaks.\" \/>\n<meta name=\"robots\" content=\"index, follow, max-snippet:-1, max-image-preview:large, max-video-preview:-1\" \/>\n<link rel=\"canonical\" href=\"https:\/\/bio4you.eu\/retseptid\/toode\/vegan-pumpkin-spice-chia-latte-kohvivahuga\/\" \/>\n<meta property=\"og:locale\" content=\"et_EE\" \/>\n<meta property=\"og:type\" content=\"article\" \/>\n<meta property=\"og:title\" content=\"Pumpkin spice chia latte kohvivahuga \u2013 soe ja v\u00fcrtsikas tervislik start p\u00e4evale!\" \/>\n<meta property=\"og:description\" content=\"See k\u00f5rvitsav\u00fcrtsine chia latte koos vahustatud kohviga on ideaalne valik, kui tahad midagi toitvat ja turgutavat. T\u00e4is kiudaineid ja k\u00f5ike head paremat \u2013 vaata retsepti ja proovi ise!\" \/>\n<meta property=\"og:url\" content=\"https:\/\/bio4you.eu\/retseptid\/toode\/vegan-pumpkin-spice-chia-latte-kohvivahuga\/\" \/>\n<meta property=\"og:site_name\" content=\"bio4you.eu\/retseptid\" \/>\n<meta property=\"article:modified_time\" content=\"2025-04-14T16:43:58+00:00\" \/>\n<meta property=\"og:image\" content=\"https:\/\/bio4you.eu\/retseptid\/wp-content\/uploads\/2025\/04\/Screenshot-2025-04-14-at-13.20.47.png\" \/>\n\t<meta property=\"og:image:width\" content=\"844\" \/>\n\t<meta property=\"og:image:height\" content=\"562\" \/>\n\t<meta property=\"og:image:type\" content=\"image\/png\" \/>\n<meta name=\"twitter:label1\" content=\"Est. reading time\" \/>\n\t<meta name=\"twitter:data1\" content=\"1 minut\" \/>\n<script type=\"application\/ld+json\" class=\"yoast-schema-graph\">{\"@context\":\"https:\/\/schema.org\",\"@graph\":[{\"@type\":\"WebPage\",\"@id\":\"https:\/\/bio4you.eu\/retseptid\/toode\/vegan-pumpkin-spice-chia-latte-kohvivahuga\/\",\"url\":\"https:\/\/bio4you.eu\/retseptid\/toode\/vegan-pumpkin-spice-chia-latte-kohvivahuga\/\",\"name\":\"Vegan Pumpkin spice chia latte kohvivahuga - bio4you.eu\/retseptid\",\"isPartOf\":{\"@id\":\"https:\/\/bio4you.eu\/retseptid\/#website\"},\"primaryImageOfPage\":{\"@id\":\"https:\/\/bio4you.eu\/retseptid\/toode\/vegan-pumpkin-spice-chia-latte-kohvivahuga\/#primaryimage\"},\"image\":{\"@id\":\"https:\/\/bio4you.eu\/retseptid\/toode\/vegan-pumpkin-spice-chia-latte-kohvivahuga\/#primaryimage\"},\"thumbnailUrl\":\"https:\/\/bio4you.eu\/retseptid\/wp-content\/uploads\/2025\/04\/Screenshot-2025-04-14-at-13.20.47.png\",\"datePublished\":\"2025-05-29T16:33:24+00:00\",\"dateModified\":\"2025-04-14T16:43:58+00:00\",\"description\":\"V\u00fcrtsikas ja toitainerikas chia latte k\u00f5rvitsap\u00fcree ja kaerajoogiga, millele lisab m\u00f5nusat kofeiinilaksu vahustatud kohv. Taimne ja tervislik start hommikuks v\u00f5i vahepalaks.\",\"breadcrumb\":{\"@id\":\"https:\/\/bio4you.eu\/retseptid\/toode\/vegan-pumpkin-spice-chia-latte-kohvivahuga\/#breadcrumb\"},\"inLanguage\":\"et\",\"potentialAction\":[{\"@type\":\"ReadAction\",\"target\":[\"https:\/\/bio4you.eu\/retseptid\/toode\/vegan-pumpkin-spice-chia-latte-kohvivahuga\/\"]}]},{\"@type\":\"ImageObject\",\"inLanguage\":\"et\",\"@id\":\"https:\/\/bio4you.eu\/retseptid\/toode\/vegan-pumpkin-spice-chia-latte-kohvivahuga\/#primaryimage\",\"url\":\"https:\/\/bio4you.eu\/retseptid\/wp-content\/uploads\/2025\/04\/Screenshot-2025-04-14-at-13.20.47.png\",\"contentUrl\":\"https:\/\/bio4you.eu\/retseptid\/wp-content\/uploads\/2025\/04\/Screenshot-2025-04-14-at-13.20.47.png\",\"width\":844,\"height\":562,\"caption\":\"Taimne latte chia seemnete, k\u00f5rvitsap\u00fcree ja kohvivahuga\"},{\"@type\":\"BreadcrumbList\",\"@id\":\"https:\/\/bio4you.eu\/retseptid\/toode\/vegan-pumpkin-spice-chia-latte-kohvivahuga\/#breadcrumb\",\"itemListElement\":[{\"@type\":\"ListItem\",\"position\":1,\"name\":\"Home\",\"item\":\"https:\/\/bio4you.eu\/retseptid\/\"},{\"@type\":\"ListItem\",\"position\":2,\"name\":\"Vegan Pumpkin spice chia latte kohvivahuga\"}]},{\"@type\":\"WebSite\",\"@id\":\"https:\/\/bio4you.eu\/retseptid\/#website\",\"url\":\"https:\/\/bio4you.eu\/retseptid\/\",\"name\":\"bio4you.eu\/retseptid\",\"description\":\"\u00d6ko retseptid ise tegemiseks, looduslikest koostisainetest. Maitsev toit, iluhooldus, kodupuhastus ja aiandus.\",\"potentialAction\":[{\"@type\":\"SearchAction\",\"target\":{\"@type\":\"EntryPoint\",\"urlTemplate\":\"https:\/\/bio4you.eu\/retseptid\/?s={search_term_string}\"},\"query-input\":\"required name=search_term_string\"}],\"inLanguage\":\"et\"}]}<\/script>\n<!-- \/ Yoast SEO plugin. -->","yoast_head_json":{"title":"Vegan Pumpkin spice chia latte kohvivahuga - bio4you.eu\/retseptid","description":"V\u00fcrtsikas ja toitainerikas chia latte k\u00f5rvitsap\u00fcree ja kaerajoogiga, millele lisab m\u00f5nusat kofeiinilaksu vahustatud kohv. Taimne ja tervislik start hommikuks v\u00f5i vahepalaks.","robots":{"index":"index","follow":"follow","max-snippet":"max-snippet:-1","max-image-preview":"max-image-preview:large","max-video-preview":"max-video-preview:-1"},"canonical":"https:\/\/bio4you.eu\/retseptid\/toode\/vegan-pumpkin-spice-chia-latte-kohvivahuga\/","og_locale":"et_EE","og_type":"article","og_title":"Pumpkin spice chia latte kohvivahuga \u2013 soe ja v\u00fcrtsikas tervislik start p\u00e4evale!","og_description":"See k\u00f5rvitsav\u00fcrtsine chia latte koos vahustatud kohviga on ideaalne valik, kui tahad midagi toitvat ja turgutavat. T\u00e4is kiudaineid ja k\u00f5ike head paremat \u2013 vaata retsepti ja proovi ise!","og_url":"https:\/\/bio4you.eu\/retseptid\/toode\/vegan-pumpkin-spice-chia-latte-kohvivahuga\/","og_site_name":"bio4you.eu\/retseptid","article_modified_time":"2025-04-14T16:43:58+00:00","og_image":[{"width":844,"height":562,"url":"https:\/\/bio4you.eu\/retseptid\/wp-content\/uploads\/2025\/04\/Screenshot-2025-04-14-at-13.20.47.png","type":"image\/png"}],"twitter_misc":{"Est. reading time":"1 minut"},"schema":{"@context":"https:\/\/schema.org","@graph":[{"@type":"WebPage","@id":"https:\/\/bio4you.eu\/retseptid\/toode\/vegan-pumpkin-spice-chia-latte-kohvivahuga\/","url":"https:\/\/bio4you.eu\/retseptid\/toode\/vegan-pumpkin-spice-chia-latte-kohvivahuga\/","name":"Vegan Pumpkin spice chia latte kohvivahuga - bio4you.eu\/retseptid","isPartOf":{"@id":"https:\/\/bio4you.eu\/retseptid\/#website"},"primaryImageOfPage":{"@id":"https:\/\/bio4you.eu\/retseptid\/toode\/vegan-pumpkin-spice-chia-latte-kohvivahuga\/#primaryimage"},"image":{"@id":"https:\/\/bio4you.eu\/retseptid\/toode\/vegan-pumpkin-spice-chia-latte-kohvivahuga\/#primaryimage"},"thumbnailUrl":"https:\/\/bio4you.eu\/retseptid\/wp-content\/uploads\/2025\/04\/Screenshot-2025-04-14-at-13.20.47.png","datePublished":"2025-05-29T16:33:24+00:00","dateModified":"2025-04-14T16:43:58+00:00","description":"V\u00fcrtsikas ja toitainerikas chia latte k\u00f5rvitsap\u00fcree ja kaerajoogiga, millele lisab m\u00f5nusat kofeiinilaksu vahustatud kohv. Taimne ja tervislik start hommikuks v\u00f5i vahepalaks.","breadcrumb":{"@id":"https:\/\/bio4you.eu\/retseptid\/toode\/vegan-pumpkin-spice-chia-latte-kohvivahuga\/#breadcrumb"},"inLanguage":"et","potentialAction":[{"@type":"ReadAction","target":["https:\/\/bio4you.eu\/retseptid\/toode\/vegan-pumpkin-spice-chia-latte-kohvivahuga\/"]}]},{"@type":"ImageObject","inLanguage":"et","@id":"https:\/\/bio4you.eu\/retseptid\/toode\/vegan-pumpkin-spice-chia-latte-kohvivahuga\/#primaryimage","url":"https:\/\/bio4you.eu\/retseptid\/wp-content\/uploads\/2025\/04\/Screenshot-2025-04-14-at-13.20.47.png","contentUrl":"https:\/\/bio4you.eu\/retseptid\/wp-content\/uploads\/2025\/04\/Screenshot-2025-04-14-at-13.20.47.png","width":844,"height":562,"caption":"Taimne latte chia seemnete, k\u00f5rvitsap\u00fcree ja kohvivahuga"},{"@type":"BreadcrumbList","@id":"https:\/\/bio4you.eu\/retseptid\/toode\/vegan-pumpkin-spice-chia-latte-kohvivahuga\/#breadcrumb","itemListElement":[{"@type":"ListItem","position":1,"name":"Home","item":"https:\/\/bio4you.eu\/retseptid\/"},{"@type":"ListItem","position":2,"name":"Vegan Pumpkin spice chia latte kohvivahuga"}]},{"@type":"WebSite","@id":"https:\/\/bio4you.eu\/retseptid\/#website","url":"https:\/\/bio4you.eu\/retseptid\/","name":"bio4you.eu\/retseptid","description":"\u00d6ko retseptid ise tegemiseks, looduslikest koostisainetest. Maitsev toit, iluhooldus, kodupuhastus ja aiandus.","potentialAction":[{"@type":"SearchAction","target":{"@type":"EntryPoint","urlTemplate":"https:\/\/bio4you.eu\/retseptid\/?s={search_term_string}"},"query-input":"required name=search_term_string"}],"inLanguage":"et"}]}},"_links":{"self":[{"href":"https:\/\/bio4you.eu\/retseptid\/wp-json\/wp\/v2\/product\/4363"}],"collection":[{"href":"https:\/\/bio4you.eu\/retseptid\/wp-json\/wp\/v2\/product"}],"about":[{"href":"https:\/\/bio4you.eu\/retseptid\/wp-json\/wp\/v2\/types\/product"}],"replies":[{"embeddable":true,"href":"https:\/\/bio4you.eu\/retseptid\/wp-json\/wp\/v2\/comments?post=4363"}],"wp:featuredmedia":[{"embeddable":true,"href":"https:\/\/bio4you.eu\/retseptid\/wp-json\/wp\/v2\/media\/4364"}],"wp:attachment":[{"href":"https:\/\/bio4you.eu\/retseptid\/wp-json\/wp\/v2\/media?parent=4363"}],"wp:term":[{"taxonomy":"product_cat","embeddable":true,"href":"https:\/\/bio4you.eu\/retseptid\/wp-json\/wp\/v2\/product_cat?post=4363"},{"taxonomy":"product_tag","embeddable":true,"href":"https:\/\/bio4you.eu\/retseptid\/wp-json\/wp\/v2\/product_tag?post=4363"}],"curies":[{"name":"wp","href":"https:\/\/api.w.org\/{rel}","templated":true}]}}