{"id":4375,"date":"2025-06-04T07:46:16","date_gmt":"2025-06-04T04:46:16","guid":{"rendered":"https:\/\/bio4you.eu\/retseptid\/?post_type=product&#038;p=4375"},"modified":"2025-05-13T21:09:39","modified_gmt":"2025-05-13T18:09:39","slug":"suvine-tiramisu-maasikatega-taimne","status":"publish","type":"product","link":"https:\/\/bio4you.eu\/retseptid\/toode\/suvine-tiramisu-maasikatega-taimne\/","title":{"rendered":"Suvine tiramis\u00f9 maasikatega (taimne)"},"content":{"rendered":"<p>Valmistamine:<\/p>\n<ol>\n<li>Valmista kreem: Vahusta suures kausis VEG EGG koos vegan mascarpone\u2019iga. Lisa roosuhkur ja sega \u00fchtlaseks. T\u00f5sta k\u00fclmkappi v\u00e4hemalt tunniks \u2013 ideaalis \u00fcle\u00f6\u00f6, et kreem muutuks eriti kohevaks.<\/li>\n<li>Viiluta maasikad ja sega need soovi korral v\u00e4hese vahtrasiirupi v\u00f5i vaniljepulbriga.<\/li>\n<li>Kasta k\u00fcpsised korraks taimse piima v\u00f5i kohvi sisse \u2013 \u00e4ra hoia neid liiga kaua, et need ei muutuks liiga pudruseks.<\/li>\n<li>Aseta kihiti: Alustuseks k\u00fcpsisekiht, siis kreem ning seej\u00e4rel maasikad.<\/li>\n<li>Korda kihte kuni k\u00f5ik toormaterjalid on kasutatud, viimaseks kihiks j\u00e4ta kreem ja m\u00f5ned ilusad maasikad peale.<\/li>\n<li>Lase koogil k\u00fclmkapis v\u00e4hemalt 2 tundi seista. Serveerimisel lisa soovi korral vegan \u0161okolaadilaaste v\u00f5i purustatud p\u00e4hkleid.<\/li>\n<\/ol>\n","protected":false},"excerpt":{"rendered":"<p>Vaja l\u00e4heb (4 portsjonit):<\/p>\n<ul>\n<li>150 g <a href=\"https:\/\/bio4you.eu\/et\/bio-toit\/biotoit-maitseained-ja-magustajad\/kergitus-ja-abiained-sooda\/munaasendaja-veg-egg-500g\">VEG EGG munaasendajat<\/a><\/li>\n<li>500 g vegan mascarpone v\u00f5i taimset m\u00e4\u00e4rdejuustu<\/li>\n<li>200 g roosuhkrut (nt, <a href=\"https:\/\/bio4you.eu\/et\/bio-toit\/toiduvalmistamine\/maitseained-ja-magustajad\/suhkur\/orgaaniline-roosuhkur-1kg\">Fior di Loto Roosuhkur, 1kg<\/a>)<\/li>\n<li>1 pakk gluteenivabu k\u00fcpsiseid<\/li>\n<li>200 ml taimset piima v\u00f5i jahutatud kohvi (nt, <a href=\"https:\/\/bio4you.eu\/et\/bio-toit\/joogid-ja-joogipulbrid\/taimsed-joogid-ja-kreemid\/gluteenivaba-kaerajook-omega-3-1l\">The Bridge Gluteenivaba kaerajook Omega 3, 1l<\/a> v\u00f5i<a href=\"https:\/\/bio4you.eu\/et\/bio-toit\/mahe-kohv-kakao-ja-tee\/kohv\/kofeiinivaba-kohv-250g\"> Caffe Haiti Roma Kofeiinivaba kohv, 250g<\/a>)<\/li>\n<li>250 g v\u00e4rskeid maasikaid<\/li>\n<li>soovi korral veidi vahtrasiirupit v\u00f5i vaniljepulbrit maitsestamiseks<\/li>\n<\/ul>\n<p>&nbsp;<\/p>\n","protected":false},"featured_media":4376,"comment_status":"open","ping_status":"closed","template":"","meta":{"_exactmetrics_skip_tracking":false,"_exactmetrics_sitenote_active":false,"_exactmetrics_sitenote_note":"","_exactmetrics_sitenote_category":0},"product_cat":[59,60,382,63,383,280],"product_tag":[150,561,423,431,559,558,560,497,412,483],"class_list":{"0":"post-4375","1":"product","2":"type-product","3":"status-publish","4":"has-post-thumbnail","6":"product_cat-featured","7":"product_cat-toiduretseptid","8":"product_cat-vegan-toiduretseptid","9":"product_cat-gluteenivabad-retseptid","10":"product_cat-taimetoit","11":"product_cat-koogid-ja-kupsised","12":"product_tag-gluteenivaba-2","13":"product_tag-gluteenivaba-magustoit","14":"product_tag-magustoit","15":"product_tag-munavaba","16":"product_tag-suvine-kook","17":"product_tag-tiramisu","18":"product_tag-tiramisuretsept","19":"product_tag-veg-egg","20":"product_tag-vegan","21":"product_tag-vegan-magustoit","23":"first","24":"instock","25":"shipping-taxable","26":"product-type-simple"},"yoast_head":"<!-- This site is optimized with the Yoast SEO plugin v23.3 - https:\/\/yoast.com\/wordpress\/plugins\/seo\/ -->\n<title>Suvine tiramis\u00f9 maasikatega (taimne) - bio4you.eu\/retseptid<\/title>\n<meta name=\"description\" content=\"Proovi suvist vegan tiramis\u00f9d maasikatega \u2013 kerge, gluteenivaba ja 100% taimne magustoit. Valmistatud VEG EGG&#039;iga ja sobib suurep\u00e4raselt suve\u00f5htusse!\" \/>\n<meta name=\"robots\" content=\"index, follow, max-snippet:-1, max-image-preview:large, max-video-preview:-1\" \/>\n<link rel=\"canonical\" href=\"https:\/\/bio4you.eu\/retseptid\/toode\/suvine-tiramisu-maasikatega-taimne\/\" \/>\n<meta property=\"og:locale\" content=\"et_EE\" \/>\n<meta property=\"og:type\" content=\"article\" \/>\n<meta property=\"og:title\" content=\"Vegan tiramis\u00f9 maasikatega \u2013 gluteenivaba ja suvine magustoit | Bio4You\" \/>\n<meta property=\"og:description\" content=\"Proovi suvist klassiku uusversiooni! See taimne tiramis\u00f9 maasikatega on valmistatud VEG EGG\u2019ist, vegan mascarpone\u2019ist ja gluteenivabadest k\u00fcpsistest. Ideaalne jahe maius kuumadeks p\u00e4evadeks.\" \/>\n<meta property=\"og:url\" content=\"https:\/\/bio4you.eu\/retseptid\/toode\/suvine-tiramisu-maasikatega-taimne\/\" \/>\n<meta property=\"og:site_name\" content=\"bio4you.eu\/retseptid\" \/>\n<meta property=\"article:modified_time\" content=\"2025-05-13T18:09:39+00:00\" \/>\n<meta property=\"og:image\" content=\"https:\/\/bio4you.eu\/retseptid\/wp-content\/uploads\/2025\/05\/Screenshot-2025-05-13-at-21.01.12.png\" \/>\n\t<meta property=\"og:image:width\" content=\"960\" \/>\n\t<meta property=\"og:image:height\" content=\"762\" \/>\n\t<meta property=\"og:image:type\" content=\"image\/png\" \/>\n<meta name=\"twitter:label1\" content=\"Est. reading time\" \/>\n\t<meta name=\"twitter:data1\" content=\"1 minut\" \/>\n<script type=\"application\/ld+json\" class=\"yoast-schema-graph\">{\"@context\":\"https:\/\/schema.org\",\"@graph\":[{\"@type\":\"WebPage\",\"@id\":\"https:\/\/bio4you.eu\/retseptid\/toode\/suvine-tiramisu-maasikatega-taimne\/\",\"url\":\"https:\/\/bio4you.eu\/retseptid\/toode\/suvine-tiramisu-maasikatega-taimne\/\",\"name\":\"Suvine tiramis\u00f9 maasikatega (taimne) - bio4you.eu\/retseptid\",\"isPartOf\":{\"@id\":\"https:\/\/bio4you.eu\/retseptid\/#website\"},\"primaryImageOfPage\":{\"@id\":\"https:\/\/bio4you.eu\/retseptid\/toode\/suvine-tiramisu-maasikatega-taimne\/#primaryimage\"},\"image\":{\"@id\":\"https:\/\/bio4you.eu\/retseptid\/toode\/suvine-tiramisu-maasikatega-taimne\/#primaryimage\"},\"thumbnailUrl\":\"https:\/\/bio4you.eu\/retseptid\/wp-content\/uploads\/2025\/05\/Screenshot-2025-05-13-at-21.01.12.png\",\"datePublished\":\"2025-06-04T04:46:16+00:00\",\"dateModified\":\"2025-05-13T18:09:39+00:00\",\"description\":\"Proovi suvist vegan tiramis\u00f9d maasikatega \u2013 kerge, gluteenivaba ja 100% taimne magustoit. Valmistatud VEG EGG'iga ja sobib suurep\u00e4raselt suve\u00f5htusse!\",\"breadcrumb\":{\"@id\":\"https:\/\/bio4you.eu\/retseptid\/toode\/suvine-tiramisu-maasikatega-taimne\/#breadcrumb\"},\"inLanguage\":\"et\",\"potentialAction\":[{\"@type\":\"ReadAction\",\"target\":[\"https:\/\/bio4you.eu\/retseptid\/toode\/suvine-tiramisu-maasikatega-taimne\/\"]}]},{\"@type\":\"ImageObject\",\"inLanguage\":\"et\",\"@id\":\"https:\/\/bio4you.eu\/retseptid\/toode\/suvine-tiramisu-maasikatega-taimne\/#primaryimage\",\"url\":\"https:\/\/bio4you.eu\/retseptid\/wp-content\/uploads\/2025\/05\/Screenshot-2025-05-13-at-21.01.12.png\",\"contentUrl\":\"https:\/\/bio4you.eu\/retseptid\/wp-content\/uploads\/2025\/05\/Screenshot-2025-05-13-at-21.01.12.png\",\"width\":960,\"height\":762,\"caption\":\"Vegan tiramis\u00f9 suvemarjadega \u2013 maasikane ja gluteenivaba maius\"},{\"@type\":\"BreadcrumbList\",\"@id\":\"https:\/\/bio4you.eu\/retseptid\/toode\/suvine-tiramisu-maasikatega-taimne\/#breadcrumb\",\"itemListElement\":[{\"@type\":\"ListItem\",\"position\":1,\"name\":\"Home\",\"item\":\"https:\/\/bio4you.eu\/retseptid\/\"},{\"@type\":\"ListItem\",\"position\":2,\"name\":\"Suvine tiramis\u00f9 maasikatega (taimne)\"}]},{\"@type\":\"WebSite\",\"@id\":\"https:\/\/bio4you.eu\/retseptid\/#website\",\"url\":\"https:\/\/bio4you.eu\/retseptid\/\",\"name\":\"bio4you.eu\/retseptid\",\"description\":\"\u00d6ko retseptid ise tegemiseks, looduslikest koostisainetest. Maitsev toit, iluhooldus, kodupuhastus ja aiandus.\",\"potentialAction\":[{\"@type\":\"SearchAction\",\"target\":{\"@type\":\"EntryPoint\",\"urlTemplate\":\"https:\/\/bio4you.eu\/retseptid\/?s={search_term_string}\"},\"query-input\":\"required name=search_term_string\"}],\"inLanguage\":\"et\"}]}<\/script>\n<!-- \/ Yoast SEO plugin. -->","yoast_head_json":{"title":"Suvine tiramis\u00f9 maasikatega (taimne) - bio4you.eu\/retseptid","description":"Proovi suvist vegan tiramis\u00f9d maasikatega \u2013 kerge, gluteenivaba ja 100% taimne magustoit. Valmistatud VEG EGG'iga ja sobib suurep\u00e4raselt suve\u00f5htusse!","robots":{"index":"index","follow":"follow","max-snippet":"max-snippet:-1","max-image-preview":"max-image-preview:large","max-video-preview":"max-video-preview:-1"},"canonical":"https:\/\/bio4you.eu\/retseptid\/toode\/suvine-tiramisu-maasikatega-taimne\/","og_locale":"et_EE","og_type":"article","og_title":"Vegan tiramis\u00f9 maasikatega \u2013 gluteenivaba ja suvine magustoit | Bio4You","og_description":"Proovi suvist klassiku uusversiooni! See taimne tiramis\u00f9 maasikatega on valmistatud VEG EGG\u2019ist, vegan mascarpone\u2019ist ja gluteenivabadest k\u00fcpsistest. Ideaalne jahe maius kuumadeks p\u00e4evadeks.","og_url":"https:\/\/bio4you.eu\/retseptid\/toode\/suvine-tiramisu-maasikatega-taimne\/","og_site_name":"bio4you.eu\/retseptid","article_modified_time":"2025-05-13T18:09:39+00:00","og_image":[{"width":960,"height":762,"url":"https:\/\/bio4you.eu\/retseptid\/wp-content\/uploads\/2025\/05\/Screenshot-2025-05-13-at-21.01.12.png","type":"image\/png"}],"twitter_misc":{"Est. reading time":"1 minut"},"schema":{"@context":"https:\/\/schema.org","@graph":[{"@type":"WebPage","@id":"https:\/\/bio4you.eu\/retseptid\/toode\/suvine-tiramisu-maasikatega-taimne\/","url":"https:\/\/bio4you.eu\/retseptid\/toode\/suvine-tiramisu-maasikatega-taimne\/","name":"Suvine tiramis\u00f9 maasikatega (taimne) - bio4you.eu\/retseptid","isPartOf":{"@id":"https:\/\/bio4you.eu\/retseptid\/#website"},"primaryImageOfPage":{"@id":"https:\/\/bio4you.eu\/retseptid\/toode\/suvine-tiramisu-maasikatega-taimne\/#primaryimage"},"image":{"@id":"https:\/\/bio4you.eu\/retseptid\/toode\/suvine-tiramisu-maasikatega-taimne\/#primaryimage"},"thumbnailUrl":"https:\/\/bio4you.eu\/retseptid\/wp-content\/uploads\/2025\/05\/Screenshot-2025-05-13-at-21.01.12.png","datePublished":"2025-06-04T04:46:16+00:00","dateModified":"2025-05-13T18:09:39+00:00","description":"Proovi suvist vegan tiramis\u00f9d maasikatega \u2013 kerge, gluteenivaba ja 100% taimne magustoit. Valmistatud VEG EGG'iga ja sobib suurep\u00e4raselt suve\u00f5htusse!","breadcrumb":{"@id":"https:\/\/bio4you.eu\/retseptid\/toode\/suvine-tiramisu-maasikatega-taimne\/#breadcrumb"},"inLanguage":"et","potentialAction":[{"@type":"ReadAction","target":["https:\/\/bio4you.eu\/retseptid\/toode\/suvine-tiramisu-maasikatega-taimne\/"]}]},{"@type":"ImageObject","inLanguage":"et","@id":"https:\/\/bio4you.eu\/retseptid\/toode\/suvine-tiramisu-maasikatega-taimne\/#primaryimage","url":"https:\/\/bio4you.eu\/retseptid\/wp-content\/uploads\/2025\/05\/Screenshot-2025-05-13-at-21.01.12.png","contentUrl":"https:\/\/bio4you.eu\/retseptid\/wp-content\/uploads\/2025\/05\/Screenshot-2025-05-13-at-21.01.12.png","width":960,"height":762,"caption":"Vegan tiramis\u00f9 suvemarjadega \u2013 maasikane ja gluteenivaba maius"},{"@type":"BreadcrumbList","@id":"https:\/\/bio4you.eu\/retseptid\/toode\/suvine-tiramisu-maasikatega-taimne\/#breadcrumb","itemListElement":[{"@type":"ListItem","position":1,"name":"Home","item":"https:\/\/bio4you.eu\/retseptid\/"},{"@type":"ListItem","position":2,"name":"Suvine tiramis\u00f9 maasikatega (taimne)"}]},{"@type":"WebSite","@id":"https:\/\/bio4you.eu\/retseptid\/#website","url":"https:\/\/bio4you.eu\/retseptid\/","name":"bio4you.eu\/retseptid","description":"\u00d6ko retseptid ise tegemiseks, looduslikest koostisainetest. Maitsev toit, iluhooldus, kodupuhastus ja aiandus.","potentialAction":[{"@type":"SearchAction","target":{"@type":"EntryPoint","urlTemplate":"https:\/\/bio4you.eu\/retseptid\/?s={search_term_string}"},"query-input":"required name=search_term_string"}],"inLanguage":"et"}]}},"_links":{"self":[{"href":"https:\/\/bio4you.eu\/retseptid\/wp-json\/wp\/v2\/product\/4375"}],"collection":[{"href":"https:\/\/bio4you.eu\/retseptid\/wp-json\/wp\/v2\/product"}],"about":[{"href":"https:\/\/bio4you.eu\/retseptid\/wp-json\/wp\/v2\/types\/product"}],"replies":[{"embeddable":true,"href":"https:\/\/bio4you.eu\/retseptid\/wp-json\/wp\/v2\/comments?post=4375"}],"wp:featuredmedia":[{"embeddable":true,"href":"https:\/\/bio4you.eu\/retseptid\/wp-json\/wp\/v2\/media\/4376"}],"wp:attachment":[{"href":"https:\/\/bio4you.eu\/retseptid\/wp-json\/wp\/v2\/media?parent=4375"}],"wp:term":[{"taxonomy":"product_cat","embeddable":true,"href":"https:\/\/bio4you.eu\/retseptid\/wp-json\/wp\/v2\/product_cat?post=4375"},{"taxonomy":"product_tag","embeddable":true,"href":"https:\/\/bio4you.eu\/retseptid\/wp-json\/wp\/v2\/product_tag?post=4375"}],"curies":[{"name":"wp","href":"https:\/\/api.w.org\/{rel}","templated":true}]}}