{"id":4387,"date":"2025-06-16T07:08:38","date_gmt":"2025-06-16T04:08:38","guid":{"rendered":"https:\/\/bio4you.eu\/retseptid\/?post_type=product&#038;p=4387"},"modified":"2025-05-15T20:24:20","modified_gmt":"2025-05-15T17:24:20","slug":"kreemjas-vegan-toorjuustukook","status":"publish","type":"product","link":"https:\/\/bio4you.eu\/retseptid\/toode\/kreemjas-vegan-toorjuustukook\/","title":{"rendered":"Kreemjas vegan toorjuustukook"},"content":{"rendered":"<p>Valmistamine:<\/p>\n<ol>\n<li>Valmista p\u00f5hi: Sega kaerahelbed, datlid, kookossuhkur, sulatatud rasvaine, jahvatatud linaseemned ja v\u00fcrtsid.<\/li>\n<li>Kata vorm k\u00fcpsetuspaberiga v\u00f5i m\u00e4\u00e4ri \u00f5liga.<\/li>\n<li>Suru segu \u00fchtlaselt vormi p\u00f5hja.<\/li>\n<li>K\u00fcpseta: Eelsoojenda ahi 180\u00b0C-ni. K\u00fcpseta p\u00f5hja 12\u201314 minutit. T\u00f5sta jahtuma.<\/li>\n<li>T\u00e4idis: Blenderda k\u00f5ik t\u00e4idise koostisosad (v\u00e4lja arvatud Spaceships) kuni mass on \u00fchtlane ja kreemjas.<\/li>\n<li>Vala t\u00e4idis p\u00f5hjale ja silu pind.<\/li>\n<li>T\u00f5sta kook k\u00fclmkappi v\u00e4hemalt 3\u20134 tunniks tahenema.<\/li>\n<li>Kaunista: Lisa peale Bett\u2019r Choco Spaceships \u0161okolaadin\u00f6\u00f6pe, v\u00e4rsket m\u00fcnti ja soovi korral kergelt ahjus karamellistatud sidruniviilud.<\/li>\n<\/ol>\n","protected":false},"excerpt":{"rendered":"<p>Vaja l\u00e4heb (8 viilu):<br \/>\nP\u00f5hi:<\/p>\n<ul>\n<li>2 \u00bd tassi t\u00e4isterakaerahelbeid (nt, <a href=\"https:\/\/bio4you.eu\/et\/bio-pere\/oekotooted-kogu-perele\/gluteenivabad-kaerahelbed-1kg\">Bauck M\u00fchle Gluteenivabad kaerahelbed, 1kg<\/a>)<\/li>\n<li>4 datlit (peeneks hakituna)<\/li>\n<li>\u00bd tassi kookossuhkrut (nt, <a href=\"https:\/\/bio4you.eu\/et\/bio-toit\/toiduvalmistamine\/kookosoie-suhkur-350g\">Maya Gold Kookos\u00f5ie suhkur, 350g<\/a>)<\/li>\n<li>100 g taimset margariini v\u00f5i kookosrasva, toasoojana (nt, <a href=\"https:\/\/bio4you.eu\/et\/bio-toit\/toiduolid-kastmed-ja-kreemid\/extra-virgin-kookosoli-500ml\">Maya Gold Extra virgin kookos\u00f5li, 500ml<\/a>)<\/li>\n<li>2 spl jahvatatud linaseemneid (nt, <a href=\"https:\/\/bio4you.eu\/et\/bio-toit\/looduslikud-supertoidud\/linaseemned-500g\">Raismikuoja Linaseemned, 500g<\/a>)<\/li>\n<li>1 tl kaneeli<\/li>\n<li>1 tl muskaatp\u00e4hklit<\/li>\n<\/ul>\n<p>T\u00e4idis:<\/p>\n<ul>\n<li>450 g taimset toorjuustu<\/li>\n<li>3 spl sarapuup\u00e4hkli-kakaokreemi (nt, <a href=\"https:\/\/bio4you.eu\/et\/bio-toit\/toiduolid-kastmed-ja-kreemid\/paehklikreemid-ja-voided\/vegan-kakao-paehklikreem-200g\">Fior di Loto Kakao-p\u00e4hklikreem, 200g<\/a>)<\/li>\n<li>\u00bd tassi tuhksuhkrut v\u00f5i muud looduslikku magustajat<\/li>\n<li>2 spl sidrunimahla<\/li>\n<li>5 tilka vaniljeekstrakti (nt, <a href=\"https:\/\/bio4you.eu\/et\/bio-toit\/biotoit-maitseained-ja-magustajad\/bourbon-vanilje-ekstrakt-20ml\">Biovegan Bourbon vanilje ekstrakt, 20ml)<\/a><\/li>\n<li>1 oks v\u00e4rsket m\u00fcnti (t\u00e4idisesse)<\/li>\n<li>kaunistuseks: m\u00fcndioks ja m\u00f5ned <a href=\"https:\/\/bio4you.eu\/et\/bio-toit\/sokolaadid-ja-maiustused\/sokolaadinoeoebid-70g\">Bett\u2019r Choco Spaceships \u0161okolaadin\u00f6\u00f6bid<\/a><\/li>\n<li>soovi korral: sidruniviilud serveerimiseks<\/li>\n<\/ul>\n","protected":false},"featured_media":4388,"comment_status":"open","ping_status":"closed","template":"","meta":{"_exactmetrics_skip_tracking":false,"_exactmetrics_sitenote_active":false,"_exactmetrics_sitenote_note":"","_exactmetrics_sitenote_category":0},"product_cat":[59,60,382,383],"product_tag":[423,411,577,528,582,578,526,483,583],"class_list":{"0":"post-4387","1":"product","2":"type-product","3":"status-publish","4":"has-post-thumbnail","6":"product_cat-featured","7":"product_cat-toiduretseptid","8":"product_cat-vegan-toiduretseptid","9":"product_cat-taimetoit","10":"product_tag-magustoit","11":"product_tag-taimetoit","12":"product_tag-taimne-juustukook","13":"product_tag-taimne-kook","14":"product_tag-toorjuustukook","15":"product_tag-vegan-juustukook","16":"product_tag-vegan-kook","17":"product_tag-vegan-magustoit","18":"product_tag-vegan-toorjuustukook","20":"first","21":"instock","22":"shipping-taxable","23":"product-type-simple"},"yoast_head":"<!-- This site is optimized with the Yoast SEO plugin v23.3 - https:\/\/yoast.com\/wordpress\/plugins\/seo\/ -->\n<title>Kreemjas vegan toorjuustukook - bio4you.eu\/retseptid<\/title>\n<meta name=\"description\" content=\"Proovi mahedat ja munavaba toorjuustukooki sidruni, m\u00fcndi ja Bett\u2019r \u0161okolaadikommidega. Taimne, kreemjas ja lapses\u00f5bralik maius \u2013 valmis 6 sammuga!\" \/>\n<meta name=\"robots\" content=\"index, follow, max-snippet:-1, max-image-preview:large, max-video-preview:-1\" \/>\n<link rel=\"canonical\" href=\"https:\/\/bio4you.eu\/retseptid\/toode\/kreemjas-vegan-toorjuustukook\/\" \/>\n<meta property=\"og:locale\" content=\"et_EE\" \/>\n<meta property=\"og:type\" content=\"article\" \/>\n<meta property=\"og:title\" content=\"Taimne toorjuustukook Bett\u2019r \u0161okolaadikommidega \u2013 lihtsalt vastupandamatu!\" \/>\n<meta property=\"og:description\" content=\"Siidiselt kreemjas, v\u00e4rskelt sidrunine ja l\u00f5busalt \u0161okolaadine \u2013 see munavaba toorjuustukook valmib 6 lihtsa sammuga ja on t\u00e4iuslik igaks hetkeks!\" \/>\n<meta property=\"og:url\" content=\"https:\/\/bio4you.eu\/retseptid\/toode\/kreemjas-vegan-toorjuustukook\/\" \/>\n<meta property=\"og:site_name\" content=\"bio4you.eu\/retseptid\" \/>\n<meta property=\"article:modified_time\" content=\"2025-05-15T17:24:20+00:00\" \/>\n<meta property=\"og:image\" content=\"https:\/\/bio4you.eu\/retseptid\/wp-content\/uploads\/2025\/05\/Screenshot-2025-05-15-at-20.22.56.png\" \/>\n\t<meta property=\"og:image:width\" content=\"988\" \/>\n\t<meta property=\"og:image:height\" content=\"640\" \/>\n\t<meta property=\"og:image:type\" content=\"image\/png\" \/>\n<meta name=\"twitter:label1\" content=\"Est. reading time\" \/>\n\t<meta name=\"twitter:data1\" content=\"1 minut\" \/>\n<script type=\"application\/ld+json\" class=\"yoast-schema-graph\">{\"@context\":\"https:\/\/schema.org\",\"@graph\":[{\"@type\":\"WebPage\",\"@id\":\"https:\/\/bio4you.eu\/retseptid\/toode\/kreemjas-vegan-toorjuustukook\/\",\"url\":\"https:\/\/bio4you.eu\/retseptid\/toode\/kreemjas-vegan-toorjuustukook\/\",\"name\":\"Kreemjas vegan toorjuustukook - bio4you.eu\/retseptid\",\"isPartOf\":{\"@id\":\"https:\/\/bio4you.eu\/retseptid\/#website\"},\"primaryImageOfPage\":{\"@id\":\"https:\/\/bio4you.eu\/retseptid\/toode\/kreemjas-vegan-toorjuustukook\/#primaryimage\"},\"image\":{\"@id\":\"https:\/\/bio4you.eu\/retseptid\/toode\/kreemjas-vegan-toorjuustukook\/#primaryimage\"},\"thumbnailUrl\":\"https:\/\/bio4you.eu\/retseptid\/wp-content\/uploads\/2025\/05\/Screenshot-2025-05-15-at-20.22.56.png\",\"datePublished\":\"2025-06-16T04:08:38+00:00\",\"dateModified\":\"2025-05-15T17:24:20+00:00\",\"description\":\"Proovi mahedat ja munavaba toorjuustukooki sidruni, m\u00fcndi ja Bett\u2019r \u0161okolaadikommidega. Taimne, kreemjas ja lapses\u00f5bralik maius \u2013 valmis 6 sammuga!\",\"breadcrumb\":{\"@id\":\"https:\/\/bio4you.eu\/retseptid\/toode\/kreemjas-vegan-toorjuustukook\/#breadcrumb\"},\"inLanguage\":\"et\",\"potentialAction\":[{\"@type\":\"ReadAction\",\"target\":[\"https:\/\/bio4you.eu\/retseptid\/toode\/kreemjas-vegan-toorjuustukook\/\"]}]},{\"@type\":\"ImageObject\",\"inLanguage\":\"et\",\"@id\":\"https:\/\/bio4you.eu\/retseptid\/toode\/kreemjas-vegan-toorjuustukook\/#primaryimage\",\"url\":\"https:\/\/bio4you.eu\/retseptid\/wp-content\/uploads\/2025\/05\/Screenshot-2025-05-15-at-20.22.56.png\",\"contentUrl\":\"https:\/\/bio4you.eu\/retseptid\/wp-content\/uploads\/2025\/05\/Screenshot-2025-05-15-at-20.22.56.png\",\"width\":988,\"height\":640,\"caption\":\"Proovi mahedat ja munavaba toorjuustukooki sidruni, m\u00fcndi ja Bett\u2019r \u0161okolaadikommidega. Taimne, kreemjas ja lapses\u00f5bralik maius.\"},{\"@type\":\"BreadcrumbList\",\"@id\":\"https:\/\/bio4you.eu\/retseptid\/toode\/kreemjas-vegan-toorjuustukook\/#breadcrumb\",\"itemListElement\":[{\"@type\":\"ListItem\",\"position\":1,\"name\":\"Home\",\"item\":\"https:\/\/bio4you.eu\/retseptid\/\"},{\"@type\":\"ListItem\",\"position\":2,\"name\":\"Kreemjas vegan toorjuustukook\"}]},{\"@type\":\"WebSite\",\"@id\":\"https:\/\/bio4you.eu\/retseptid\/#website\",\"url\":\"https:\/\/bio4you.eu\/retseptid\/\",\"name\":\"bio4you.eu\/retseptid\",\"description\":\"\u00d6ko retseptid ise tegemiseks, looduslikest koostisainetest. Maitsev toit, iluhooldus, kodupuhastus ja aiandus.\",\"potentialAction\":[{\"@type\":\"SearchAction\",\"target\":{\"@type\":\"EntryPoint\",\"urlTemplate\":\"https:\/\/bio4you.eu\/retseptid\/?s={search_term_string}\"},\"query-input\":\"required name=search_term_string\"}],\"inLanguage\":\"et\"}]}<\/script>\n<!-- \/ Yoast SEO plugin. -->","yoast_head_json":{"title":"Kreemjas vegan toorjuustukook - bio4you.eu\/retseptid","description":"Proovi mahedat ja munavaba toorjuustukooki sidruni, m\u00fcndi ja Bett\u2019r \u0161okolaadikommidega. Taimne, kreemjas ja lapses\u00f5bralik maius \u2013 valmis 6 sammuga!","robots":{"index":"index","follow":"follow","max-snippet":"max-snippet:-1","max-image-preview":"max-image-preview:large","max-video-preview":"max-video-preview:-1"},"canonical":"https:\/\/bio4you.eu\/retseptid\/toode\/kreemjas-vegan-toorjuustukook\/","og_locale":"et_EE","og_type":"article","og_title":"Taimne toorjuustukook Bett\u2019r \u0161okolaadikommidega \u2013 lihtsalt vastupandamatu!","og_description":"Siidiselt kreemjas, v\u00e4rskelt sidrunine ja l\u00f5busalt \u0161okolaadine \u2013 see munavaba toorjuustukook valmib 6 lihtsa sammuga ja on t\u00e4iuslik igaks hetkeks!","og_url":"https:\/\/bio4you.eu\/retseptid\/toode\/kreemjas-vegan-toorjuustukook\/","og_site_name":"bio4you.eu\/retseptid","article_modified_time":"2025-05-15T17:24:20+00:00","og_image":[{"width":988,"height":640,"url":"https:\/\/bio4you.eu\/retseptid\/wp-content\/uploads\/2025\/05\/Screenshot-2025-05-15-at-20.22.56.png","type":"image\/png"}],"twitter_misc":{"Est. reading time":"1 minut"},"schema":{"@context":"https:\/\/schema.org","@graph":[{"@type":"WebPage","@id":"https:\/\/bio4you.eu\/retseptid\/toode\/kreemjas-vegan-toorjuustukook\/","url":"https:\/\/bio4you.eu\/retseptid\/toode\/kreemjas-vegan-toorjuustukook\/","name":"Kreemjas vegan toorjuustukook - bio4you.eu\/retseptid","isPartOf":{"@id":"https:\/\/bio4you.eu\/retseptid\/#website"},"primaryImageOfPage":{"@id":"https:\/\/bio4you.eu\/retseptid\/toode\/kreemjas-vegan-toorjuustukook\/#primaryimage"},"image":{"@id":"https:\/\/bio4you.eu\/retseptid\/toode\/kreemjas-vegan-toorjuustukook\/#primaryimage"},"thumbnailUrl":"https:\/\/bio4you.eu\/retseptid\/wp-content\/uploads\/2025\/05\/Screenshot-2025-05-15-at-20.22.56.png","datePublished":"2025-06-16T04:08:38+00:00","dateModified":"2025-05-15T17:24:20+00:00","description":"Proovi mahedat ja munavaba toorjuustukooki sidruni, m\u00fcndi ja Bett\u2019r \u0161okolaadikommidega. Taimne, kreemjas ja lapses\u00f5bralik maius \u2013 valmis 6 sammuga!","breadcrumb":{"@id":"https:\/\/bio4you.eu\/retseptid\/toode\/kreemjas-vegan-toorjuustukook\/#breadcrumb"},"inLanguage":"et","potentialAction":[{"@type":"ReadAction","target":["https:\/\/bio4you.eu\/retseptid\/toode\/kreemjas-vegan-toorjuustukook\/"]}]},{"@type":"ImageObject","inLanguage":"et","@id":"https:\/\/bio4you.eu\/retseptid\/toode\/kreemjas-vegan-toorjuustukook\/#primaryimage","url":"https:\/\/bio4you.eu\/retseptid\/wp-content\/uploads\/2025\/05\/Screenshot-2025-05-15-at-20.22.56.png","contentUrl":"https:\/\/bio4you.eu\/retseptid\/wp-content\/uploads\/2025\/05\/Screenshot-2025-05-15-at-20.22.56.png","width":988,"height":640,"caption":"Proovi mahedat ja munavaba toorjuustukooki sidruni, m\u00fcndi ja Bett\u2019r \u0161okolaadikommidega. Taimne, kreemjas ja lapses\u00f5bralik maius."},{"@type":"BreadcrumbList","@id":"https:\/\/bio4you.eu\/retseptid\/toode\/kreemjas-vegan-toorjuustukook\/#breadcrumb","itemListElement":[{"@type":"ListItem","position":1,"name":"Home","item":"https:\/\/bio4you.eu\/retseptid\/"},{"@type":"ListItem","position":2,"name":"Kreemjas vegan toorjuustukook"}]},{"@type":"WebSite","@id":"https:\/\/bio4you.eu\/retseptid\/#website","url":"https:\/\/bio4you.eu\/retseptid\/","name":"bio4you.eu\/retseptid","description":"\u00d6ko retseptid ise tegemiseks, looduslikest koostisainetest. Maitsev toit, iluhooldus, kodupuhastus ja aiandus.","potentialAction":[{"@type":"SearchAction","target":{"@type":"EntryPoint","urlTemplate":"https:\/\/bio4you.eu\/retseptid\/?s={search_term_string}"},"query-input":"required name=search_term_string"}],"inLanguage":"et"}]}},"_links":{"self":[{"href":"https:\/\/bio4you.eu\/retseptid\/wp-json\/wp\/v2\/product\/4387"}],"collection":[{"href":"https:\/\/bio4you.eu\/retseptid\/wp-json\/wp\/v2\/product"}],"about":[{"href":"https:\/\/bio4you.eu\/retseptid\/wp-json\/wp\/v2\/types\/product"}],"replies":[{"embeddable":true,"href":"https:\/\/bio4you.eu\/retseptid\/wp-json\/wp\/v2\/comments?post=4387"}],"wp:featuredmedia":[{"embeddable":true,"href":"https:\/\/bio4you.eu\/retseptid\/wp-json\/wp\/v2\/media\/4388"}],"wp:attachment":[{"href":"https:\/\/bio4you.eu\/retseptid\/wp-json\/wp\/v2\/media?parent=4387"}],"wp:term":[{"taxonomy":"product_cat","embeddable":true,"href":"https:\/\/bio4you.eu\/retseptid\/wp-json\/wp\/v2\/product_cat?post=4387"},{"taxonomy":"product_tag","embeddable":true,"href":"https:\/\/bio4you.eu\/retseptid\/wp-json\/wp\/v2\/product_tag?post=4387"}],"curies":[{"name":"wp","href":"https:\/\/api.w.org\/{rel}","templated":true}]}}