{"id":4389,"date":"2025-06-25T07:37:47","date_gmt":"2025-06-25T04:37:47","guid":{"rendered":"https:\/\/bio4you.eu\/retseptid\/?post_type=product&#038;p=4389"},"modified":"2025-05-15T20:41:34","modified_gmt":"2025-05-15T17:41:34","slug":"vaarika-maapahklivoiga-proteiinibatoonid","status":"publish","type":"product","link":"https:\/\/bio4you.eu\/retseptid\/toode\/vaarika-maapahklivoiga-proteiinibatoonid\/","title":{"rendered":"Vaarika-maap\u00e4hkliv\u00f5iga proteiinibatoonid"},"content":{"rendered":"<p>Kui arvad, et proteiinimaiused pole sinu teema, pead vist peale nende batoonide proovimist oma s\u00f5nu s\u00f6\u00f6ma! Need batoonid on samal ajal kreemjad, marjased, \u0161okolaadised ja t\u00e4isv\u00e4\u00e4rtuslikud. T\u00f5eline hitt p\u00e4rast trenni, kiireks vahepalaks v\u00f5i energiaks t\u00f6\u00f6p\u00e4eva keskel.<\/p>\n<p>Valmistamine:<\/p>\n<ol>\n<li>Valmista brownie-p\u00f5hi vastavalt Bett\u2019r segupakendil toodud juhistele. K\u00fcpseta ja lase t\u00e4ielikult jahtuda.<\/li>\n<li>Sega kausis taimne proteiinipulber ja maap\u00e4hkliv\u00f5i \u00fchtlaseks massiks. M\u00e4\u00e4ri segu jahtunud brownie-kihile.<\/li>\n<li>Kuumuta kastrulis vaarikasiirup. Lisa k\u00fclmutatud vaarikad ja agar-agar. Keeda 1 minut, jahuta veidi ja vala proteiinikihile. T\u00f5sta k\u00fclmkappi v\u00e4hemalt 2 tunniks tarduma.<\/li>\n<li>Sulata \u0161okolaadit\u00fckid vesivannil v\u00f5i mikrolaineahjus. L\u00f5ika valmis koogikiht batoonideks ja nirista peale sulanud \u0161okolaad. T\u00f5sta s\u00fcgavk\u00fclma kuni \u0161okolaad on hangunud.<\/li>\n<\/ol>\n","protected":false},"excerpt":{"rendered":"<p><span style=\"font-weight: 400;\">Vaja l\u00e4heb (ca 10 batooni):<\/span><\/p>\n<ul>\n<li style=\"font-weight: 400;\" aria-level=\"1\"><span style=\"font-weight: 400;\">1 pakk<\/span><a href=\"about:blank\"> <span style=\"font-weight: 400;\">Bett\u2019r gluteenivaba piparkoogimaitselist brownie jahusegu<\/span><\/a><\/li>\n<li style=\"font-weight: 400;\" aria-level=\"1\"><span style=\"font-weight: 400;\">\u00bd tassi kookos\u00f5li v\u00f5i muud rasvainet (nt,<\/span><a href=\"https:\/\/bio4you.eu\/et\/bio-toit\/toiduolid-kastmed-ja-kreemid\/extra-virgin-kookosoli-500ml\"> <span style=\"font-weight: 400;\">Maya Gold Extra virgin kookos\u00f5li, 500ml<\/span><\/a><span style=\"font-weight: 400;\">)<\/span><\/li>\n<li style=\"font-weight: 400;\" aria-level=\"1\"><span style=\"font-weight: 400;\">Taimset piima (vastavalt segupakendile)<\/span><\/li>\n<li style=\"font-weight: 400;\" aria-level=\"1\"><span style=\"font-weight: 400;\">\u00bd tassi taimset proteiinipulbrit (nt,<\/span><a href=\"https:\/\/bio4you.eu\/et\/bio-tervis\/fueuesiliseks-heaoluks\/valgupulber-sokolaadi-ja-steeviaga-63-450g-nutrisslim\"> <span style=\"font-weight: 400;\">Nature&#8217;s Finest Valgupulber \u0161okolaadi ja steeviaga, 450g \/ toidulisand<\/span><\/a><span style=\"font-weight: 400;\">)<\/span><\/li>\n<li style=\"font-weight: 400;\" aria-level=\"1\"><span style=\"font-weight: 400;\">1 tass<\/span><a href=\"https:\/\/bio4you.eu\/et\/bio-toit\/toiduolid-kastmed-ja-kreemid\/paehklikreemid-ja-voided\/maapaehklivoie-250g\"> <span style=\"font-weight: 400;\">Bett\u2019r maap\u00e4hkliv\u00f5id<\/span><\/a><span style=\"font-weight: 400;\">\u00a0<\/span><\/li>\n<li style=\"font-weight: 400;\" aria-level=\"1\"><span style=\"font-weight: 400;\">\u00bdtl agar-agarit (nt,<\/span><a href=\"https:\/\/bio4you.eu\/et\/bio-toit\/biotoit-maitseained-ja-magustajad\/kergitus-ja-abiained-sooda\/agar-agar-6x2g\"> <span style=\"font-weight: 400;\">Lima Agar-agar, 6x2g<\/span><\/a><span style=\"font-weight: 400;\">)<\/span><\/li>\n<li style=\"font-weight: 400;\" aria-level=\"1\"><span style=\"font-weight: 400;\">\u00bd tassi k\u00fclmutatud vaarikaid<\/span><\/li>\n<li style=\"font-weight: 400;\" aria-level=\"1\"><span style=\"font-weight: 400;\">\u00bd tassi vaarikasiirupit<\/span><\/li>\n<li style=\"font-weight: 400;\" aria-level=\"1\"><span style=\"font-weight: 400;\">1 pakk \u0161okolaadit\u00fckke (ilma lisatud suhkruta)<\/span><\/li>\n<\/ul>\n","protected":false},"featured_media":4390,"comment_status":"open","ping_status":"closed","template":"","meta":{"_exactmetrics_skip_tracking":false,"_exactmetrics_sitenote_active":false,"_exactmetrics_sitenote_note":"","_exactmetrics_sitenote_category":0},"product_cat":[59,60,382,63,383],"product_tag":[589,588,591,424,584,587,586,590,585],"class_list":{"0":"post-4389","1":"product","2":"type-product","3":"status-publish","4":"has-post-thumbnail","6":"product_cat-featured","7":"product_cat-toiduretseptid","8":"product_cat-vegan-toiduretseptid","9":"product_cat-gluteenivabad-retseptid","10":"product_cat-taimetoit","11":"product_tag-taimne-valgubatoon","12":"product_tag-taimne-valk","13":"product_tag-vaarika-maapahkli-valgubatoon","14":"product_tag-vahepala","15":"product_tag-valgubatoon","16":"product_tag-valgurikas-snakk","17":"product_tag-vegan-snakk","18":"product_tag-vegan-vahepala","19":"product_tag-vegan-valgubatoon","21":"first","22":"instock","23":"shipping-taxable","24":"product-type-simple"},"yoast_head":"<!-- This site is optimized with the Yoast SEO plugin v23.3 - https:\/\/yoast.com\/wordpress\/plugins\/seo\/ -->\n<title>Vaarika-maap\u00e4hkliv\u00f5iga proteiinibatoonid - bio4you.eu\/retseptid<\/title>\n<meta name=\"description\" content=\"Valmista kodused vegan proteiinibatoonid vaarikasiirupi, Bett\u2019r maap\u00e4hkliv\u00f5i ja \u0161okolaadit\u00fckkidega. Tervislik, gluteenivaba ja ideaalne trennij\u00e4rgne maius!\" \/>\n<meta name=\"robots\" content=\"index, follow, max-snippet:-1, max-image-preview:large, max-video-preview:-1\" \/>\n<link rel=\"canonical\" href=\"https:\/\/bio4you.eu\/retseptid\/toode\/vaarika-maapahklivoiga-proteiinibatoonid\/\" \/>\n<meta property=\"og:locale\" content=\"et_EE\" \/>\n<meta property=\"og:type\" content=\"article\" \/>\n<meta property=\"og:title\" content=\"Vaarika-maap\u00e4hkliv\u00f5iga proteiinibatoonid \u2013 kodune ja tervislik sn\u00e4kk\" \/>\n<meta property=\"og:description\" content=\"Need kreemjad, marjased ja \u0161okolaadised batoonid on t\u00e4iuslikud trenni, t\u00f6\u00f6p\u00e4eva v\u00f5i kiire vahepala jaoks. Taimne, valgurikas ja gluteenivaba\" \/>\n<meta property=\"og:url\" content=\"https:\/\/bio4you.eu\/retseptid\/toode\/vaarika-maapahklivoiga-proteiinibatoonid\/\" \/>\n<meta property=\"og:site_name\" content=\"bio4you.eu\/retseptid\" \/>\n<meta property=\"article:modified_time\" content=\"2025-05-15T17:41:34+00:00\" \/>\n<meta property=\"og:image\" content=\"https:\/\/bio4you.eu\/retseptid\/wp-content\/uploads\/2025\/05\/Screenshot-2025-05-15-at-20.28.43.png\" \/>\n\t<meta property=\"og:image:width\" content=\"1546\" \/>\n\t<meta property=\"og:image:height\" content=\"942\" \/>\n\t<meta property=\"og:image:type\" content=\"image\/png\" \/>\n<meta name=\"twitter:label1\" content=\"Est. reading time\" \/>\n\t<meta name=\"twitter:data1\" content=\"1 minut\" \/>\n<script type=\"application\/ld+json\" class=\"yoast-schema-graph\">{\"@context\":\"https:\/\/schema.org\",\"@graph\":[{\"@type\":\"WebPage\",\"@id\":\"https:\/\/bio4you.eu\/retseptid\/toode\/vaarika-maapahklivoiga-proteiinibatoonid\/\",\"url\":\"https:\/\/bio4you.eu\/retseptid\/toode\/vaarika-maapahklivoiga-proteiinibatoonid\/\",\"name\":\"Vaarika-maap\u00e4hkliv\u00f5iga proteiinibatoonid - bio4you.eu\/retseptid\",\"isPartOf\":{\"@id\":\"https:\/\/bio4you.eu\/retseptid\/#website\"},\"primaryImageOfPage\":{\"@id\":\"https:\/\/bio4you.eu\/retseptid\/toode\/vaarika-maapahklivoiga-proteiinibatoonid\/#primaryimage\"},\"image\":{\"@id\":\"https:\/\/bio4you.eu\/retseptid\/toode\/vaarika-maapahklivoiga-proteiinibatoonid\/#primaryimage\"},\"thumbnailUrl\":\"https:\/\/bio4you.eu\/retseptid\/wp-content\/uploads\/2025\/05\/Screenshot-2025-05-15-at-20.28.43.png\",\"datePublished\":\"2025-06-25T04:37:47+00:00\",\"dateModified\":\"2025-05-15T17:41:34+00:00\",\"description\":\"Valmista kodused vegan proteiinibatoonid vaarikasiirupi, Bett\u2019r maap\u00e4hkliv\u00f5i ja \u0161okolaadit\u00fckkidega. Tervislik, gluteenivaba ja ideaalne trennij\u00e4rgne maius!\",\"breadcrumb\":{\"@id\":\"https:\/\/bio4you.eu\/retseptid\/toode\/vaarika-maapahklivoiga-proteiinibatoonid\/#breadcrumb\"},\"inLanguage\":\"et\",\"potentialAction\":[{\"@type\":\"ReadAction\",\"target\":[\"https:\/\/bio4you.eu\/retseptid\/toode\/vaarika-maapahklivoiga-proteiinibatoonid\/\"]}]},{\"@type\":\"ImageObject\",\"inLanguage\":\"et\",\"@id\":\"https:\/\/bio4you.eu\/retseptid\/toode\/vaarika-maapahklivoiga-proteiinibatoonid\/#primaryimage\",\"url\":\"https:\/\/bio4you.eu\/retseptid\/wp-content\/uploads\/2025\/05\/Screenshot-2025-05-15-at-20.28.43.png\",\"contentUrl\":\"https:\/\/bio4you.eu\/retseptid\/wp-content\/uploads\/2025\/05\/Screenshot-2025-05-15-at-20.28.43.png\",\"width\":1546,\"height\":942,\"caption\":\"Valmista kodused vegan proteiinibatoonid vaarikasiirupi, Bett\u2019r maap\u00e4hkliv\u00f5i ja \u0161okolaadit\u00fckkidega. Tervislik, gluteenivaba ja ideaalne trennij\u00e4rgne maius!\"},{\"@type\":\"BreadcrumbList\",\"@id\":\"https:\/\/bio4you.eu\/retseptid\/toode\/vaarika-maapahklivoiga-proteiinibatoonid\/#breadcrumb\",\"itemListElement\":[{\"@type\":\"ListItem\",\"position\":1,\"name\":\"Home\",\"item\":\"https:\/\/bio4you.eu\/retseptid\/\"},{\"@type\":\"ListItem\",\"position\":2,\"name\":\"Vaarika-maap\u00e4hkliv\u00f5iga proteiinibatoonid\"}]},{\"@type\":\"WebSite\",\"@id\":\"https:\/\/bio4you.eu\/retseptid\/#website\",\"url\":\"https:\/\/bio4you.eu\/retseptid\/\",\"name\":\"bio4you.eu\/retseptid\",\"description\":\"\u00d6ko retseptid ise tegemiseks, looduslikest koostisainetest. Maitsev toit, iluhooldus, kodupuhastus ja aiandus.\",\"potentialAction\":[{\"@type\":\"SearchAction\",\"target\":{\"@type\":\"EntryPoint\",\"urlTemplate\":\"https:\/\/bio4you.eu\/retseptid\/?s={search_term_string}\"},\"query-input\":\"required name=search_term_string\"}],\"inLanguage\":\"et\"}]}<\/script>\n<!-- \/ Yoast SEO plugin. -->","yoast_head_json":{"title":"Vaarika-maap\u00e4hkliv\u00f5iga proteiinibatoonid - bio4you.eu\/retseptid","description":"Valmista kodused vegan proteiinibatoonid vaarikasiirupi, Bett\u2019r maap\u00e4hkliv\u00f5i ja \u0161okolaadit\u00fckkidega. Tervislik, gluteenivaba ja ideaalne trennij\u00e4rgne maius!","robots":{"index":"index","follow":"follow","max-snippet":"max-snippet:-1","max-image-preview":"max-image-preview:large","max-video-preview":"max-video-preview:-1"},"canonical":"https:\/\/bio4you.eu\/retseptid\/toode\/vaarika-maapahklivoiga-proteiinibatoonid\/","og_locale":"et_EE","og_type":"article","og_title":"Vaarika-maap\u00e4hkliv\u00f5iga proteiinibatoonid \u2013 kodune ja tervislik sn\u00e4kk","og_description":"Need kreemjad, marjased ja \u0161okolaadised batoonid on t\u00e4iuslikud trenni, t\u00f6\u00f6p\u00e4eva v\u00f5i kiire vahepala jaoks. Taimne, valgurikas ja gluteenivaba","og_url":"https:\/\/bio4you.eu\/retseptid\/toode\/vaarika-maapahklivoiga-proteiinibatoonid\/","og_site_name":"bio4you.eu\/retseptid","article_modified_time":"2025-05-15T17:41:34+00:00","og_image":[{"width":1546,"height":942,"url":"https:\/\/bio4you.eu\/retseptid\/wp-content\/uploads\/2025\/05\/Screenshot-2025-05-15-at-20.28.43.png","type":"image\/png"}],"twitter_misc":{"Est. reading time":"1 minut"},"schema":{"@context":"https:\/\/schema.org","@graph":[{"@type":"WebPage","@id":"https:\/\/bio4you.eu\/retseptid\/toode\/vaarika-maapahklivoiga-proteiinibatoonid\/","url":"https:\/\/bio4you.eu\/retseptid\/toode\/vaarika-maapahklivoiga-proteiinibatoonid\/","name":"Vaarika-maap\u00e4hkliv\u00f5iga proteiinibatoonid - bio4you.eu\/retseptid","isPartOf":{"@id":"https:\/\/bio4you.eu\/retseptid\/#website"},"primaryImageOfPage":{"@id":"https:\/\/bio4you.eu\/retseptid\/toode\/vaarika-maapahklivoiga-proteiinibatoonid\/#primaryimage"},"image":{"@id":"https:\/\/bio4you.eu\/retseptid\/toode\/vaarika-maapahklivoiga-proteiinibatoonid\/#primaryimage"},"thumbnailUrl":"https:\/\/bio4you.eu\/retseptid\/wp-content\/uploads\/2025\/05\/Screenshot-2025-05-15-at-20.28.43.png","datePublished":"2025-06-25T04:37:47+00:00","dateModified":"2025-05-15T17:41:34+00:00","description":"Valmista kodused vegan proteiinibatoonid vaarikasiirupi, Bett\u2019r maap\u00e4hkliv\u00f5i ja \u0161okolaadit\u00fckkidega. Tervislik, gluteenivaba ja ideaalne trennij\u00e4rgne maius!","breadcrumb":{"@id":"https:\/\/bio4you.eu\/retseptid\/toode\/vaarika-maapahklivoiga-proteiinibatoonid\/#breadcrumb"},"inLanguage":"et","potentialAction":[{"@type":"ReadAction","target":["https:\/\/bio4you.eu\/retseptid\/toode\/vaarika-maapahklivoiga-proteiinibatoonid\/"]}]},{"@type":"ImageObject","inLanguage":"et","@id":"https:\/\/bio4you.eu\/retseptid\/toode\/vaarika-maapahklivoiga-proteiinibatoonid\/#primaryimage","url":"https:\/\/bio4you.eu\/retseptid\/wp-content\/uploads\/2025\/05\/Screenshot-2025-05-15-at-20.28.43.png","contentUrl":"https:\/\/bio4you.eu\/retseptid\/wp-content\/uploads\/2025\/05\/Screenshot-2025-05-15-at-20.28.43.png","width":1546,"height":942,"caption":"Valmista kodused vegan proteiinibatoonid vaarikasiirupi, Bett\u2019r maap\u00e4hkliv\u00f5i ja \u0161okolaadit\u00fckkidega. Tervislik, gluteenivaba ja ideaalne trennij\u00e4rgne maius!"},{"@type":"BreadcrumbList","@id":"https:\/\/bio4you.eu\/retseptid\/toode\/vaarika-maapahklivoiga-proteiinibatoonid\/#breadcrumb","itemListElement":[{"@type":"ListItem","position":1,"name":"Home","item":"https:\/\/bio4you.eu\/retseptid\/"},{"@type":"ListItem","position":2,"name":"Vaarika-maap\u00e4hkliv\u00f5iga proteiinibatoonid"}]},{"@type":"WebSite","@id":"https:\/\/bio4you.eu\/retseptid\/#website","url":"https:\/\/bio4you.eu\/retseptid\/","name":"bio4you.eu\/retseptid","description":"\u00d6ko retseptid ise tegemiseks, looduslikest koostisainetest. Maitsev toit, iluhooldus, kodupuhastus ja aiandus.","potentialAction":[{"@type":"SearchAction","target":{"@type":"EntryPoint","urlTemplate":"https:\/\/bio4you.eu\/retseptid\/?s={search_term_string}"},"query-input":"required name=search_term_string"}],"inLanguage":"et"}]}},"_links":{"self":[{"href":"https:\/\/bio4you.eu\/retseptid\/wp-json\/wp\/v2\/product\/4389"}],"collection":[{"href":"https:\/\/bio4you.eu\/retseptid\/wp-json\/wp\/v2\/product"}],"about":[{"href":"https:\/\/bio4you.eu\/retseptid\/wp-json\/wp\/v2\/types\/product"}],"replies":[{"embeddable":true,"href":"https:\/\/bio4you.eu\/retseptid\/wp-json\/wp\/v2\/comments?post=4389"}],"wp:featuredmedia":[{"embeddable":true,"href":"https:\/\/bio4you.eu\/retseptid\/wp-json\/wp\/v2\/media\/4390"}],"wp:attachment":[{"href":"https:\/\/bio4you.eu\/retseptid\/wp-json\/wp\/v2\/media?parent=4389"}],"wp:term":[{"taxonomy":"product_cat","embeddable":true,"href":"https:\/\/bio4you.eu\/retseptid\/wp-json\/wp\/v2\/product_cat?post=4389"},{"taxonomy":"product_tag","embeddable":true,"href":"https:\/\/bio4you.eu\/retseptid\/wp-json\/wp\/v2\/product_tag?post=4389"}],"curies":[{"name":"wp","href":"https:\/\/api.w.org\/{rel}","templated":true}]}}