{"id":4392,"date":"2025-07-03T08:56:43","date_gmt":"2025-07-03T05:56:43","guid":{"rendered":"https:\/\/bio4you.eu\/retseptid\/?post_type=product&#038;p=4392"},"modified":"2025-05-30T18:07:18","modified_gmt":"2025-05-30T15:07:18","slug":"vegan-banaani-jaatis-maapahklivoi-ja-vaniljega","status":"publish","type":"product","link":"https:\/\/bio4you.eu\/retseptid\/toode\/vegan-banaani-jaatis-maapahklivoi-ja-vaniljega\/","title":{"rendered":"Vegan banaani j\u00e4\u00e4tis maap\u00e4hkliv\u00f5i ja vaniljega"},"content":{"rendered":"<p>Valmistamine:<\/p>\n<ol>\n<li>Koori banaanid ja \u00f5un ning l\u00f5ika need viiludeks. Pane viilud s\u00fcgavk\u00fclma v\u00e4hemalt 5 tunniks v\u00f5i \u00fcle\u00f6\u00f6.<\/li>\n<li>V\u00f5ta k\u00fclmunud puuviljad v\u00e4lja ja lase paar minutit pehmeneda.<\/li>\n<li>T\u00f5sta need k\u00f6\u00f6gikombaini, lisa maap\u00e4hkliv\u00f5i ja vaniljapulber. T\u00f6\u00f6tle, kuni saad kreemja j\u00e4\u00e4tiselaadse massi. Vajadusel lisa paar sl vett, et tekstuur oleks \u00fchtlane.<\/li>\n<li>Serveeri kohe \u2013 kaunista purustatud k\u00fcpsiste ja v\u00e4rskete puuviljadega. Soovi korral v\u00f5id lisada ka p\u00e4hkleid v\u00f5i tumedat \u0161okolaadi.\n<p>Nipp: Mida k\u00fcpsemad on banaanid, seda magusam ja maitsekam on j\u00e4\u00e4tis \u2013 ilma vajaduseta lisatud suhkruks.<\/li>\n<\/ol>\n","protected":false},"excerpt":{"rendered":"<p><span style=\"font-weight: 400;\">Vaja l\u00e4heb:<\/span><\/p>\n<ul>\n<li><span style=\"font-weight: 400;\">4 v\u00e4ga k\u00fcpset banaani<\/span><\/li>\n<li><span style=\"font-weight: 400;\">1 mahe\u00f5un<\/span><\/li>\n<li><span style=\"font-weight: 400;\">4sl <a href=\"https:\/\/bio4you.eu\/et\/bio-toit\/toiduolid-kastmed-ja-kreemid\/paehklikreemid-ja-voided\/mandlivoie-valge-200g\">Fior di Loto Mandliv\u00f5iet, valget<\/a><\/span><\/li>\n<li><span style=\"font-weight: 400;\">\u00bd tl Bourbon vaniljepulbrit (nt, <a href=\"https:\/\/bio4you.eu\/et\/bio-toit\/biotoit-maitseained-ja-magustajad\/bourbon-vanilje-jahvatatud-5g\">Biovegan Bourbon vanilje, jahvatatud, 5g<\/a>)<\/span><\/li>\n<li><span style=\"font-weight: 400;\">4 keskmise v\u00f5i 2 suurt gluteenivaba k\u00fcpsist \u0161okolaadit\u00fckkidega (nt, <a href=\"https:\/\/bio4you.eu\/et\/bio-toit\/mueslid-snaekid-ja-desserdid\/galetid-kuepsised-ja-vahvlid\/gluteenivaba-kuepsis-sokolaadinoeoepidega-50g\">Kookie Cat Gluteenivaba k\u00fcpsis \u0161okolaadin\u00f6\u00f6pidega, 50g<\/a>)<\/span><\/li>\n<\/ul>\n","protected":false},"featured_media":4393,"comment_status":"open","ping_status":"closed","template":"","meta":{"_exactmetrics_skip_tracking":false,"_exactmetrics_sitenote_active":false,"_exactmetrics_sitenote_note":"","_exactmetrics_sitenote_category":0},"product_cat":[59,60,382,383,365],"product_tag":[378,593,443,571,592,483],"class_list":{"0":"post-4392","1":"product","2":"type-product","3":"status-publish","4":"has-post-thumbnail","6":"product_cat-featured","7":"product_cat-toiduretseptid","8":"product_cat-vegan-toiduretseptid","9":"product_cat-taimetoit","10":"product_cat-laste-lemmikud","11":"product_tag-banaan-2","12":"product_tag-banaanijaatis","13":"product_tag-laktoosivaba","14":"product_tag-suvine-magustoit","15":"product_tag-vegan-jaatis","16":"product_tag-vegan-magustoit","18":"first","19":"instock","20":"shipping-taxable","21":"product-type-simple"},"yoast_head":"<!-- This site is optimized with the Yoast SEO plugin v23.3 - https:\/\/yoast.com\/wordpress\/plugins\/seo\/ -->\n<title>Vegan banaani j\u00e4\u00e4tis maap\u00e4hkliv\u00f5i ja vaniljega - bio4you.eu\/retseptid<\/title>\n<meta name=\"description\" content=\"Kreemjas vegan banaani j\u00e4\u00e4tis maap\u00e4hkliv\u00f5i ja vaniljega \u2013 lihtne suveretsept ilma lisatud suhkruta. Gluteenivaba, taimne ja valmis vaid m\u00f5ne koostisosaga!\" \/>\n<meta name=\"robots\" content=\"index, follow, max-snippet:-1, max-image-preview:large, max-video-preview:-1\" \/>\n<link rel=\"canonical\" href=\"https:\/\/bio4you.eu\/retseptid\/toode\/vegan-banaani-jaatis-maapahklivoi-ja-vaniljega\/\" \/>\n<meta property=\"og:locale\" content=\"et_EE\" \/>\n<meta property=\"og:type\" content=\"article\" \/>\n<meta property=\"og:title\" content=\"Vegan banaani j\u00e4\u00e4tis maap\u00e4hkliv\u00f5i ja vaniljega \u2013 suve lihtsaim magustoit\" \/>\n<meta property=\"og:description\" content=\"Valmistatud vaid k\u00fcpsetest banaanidest, maap\u00e4hkliv\u00f5ist ja vaniljapulbrist \u2013 see taimne j\u00e4\u00e4tis on kreemjas, v\u00e4rske ja ilma lisatud suhkruta. Tervislik maius kogu perele!\" \/>\n<meta property=\"og:url\" content=\"https:\/\/bio4you.eu\/retseptid\/toode\/vegan-banaani-jaatis-maapahklivoi-ja-vaniljega\/\" \/>\n<meta property=\"og:site_name\" content=\"bio4you.eu\/retseptid\" \/>\n<meta property=\"article:modified_time\" content=\"2025-05-30T15:07:18+00:00\" \/>\n<meta property=\"og:image\" content=\"https:\/\/bio4you.eu\/retseptid\/wp-content\/uploads\/2025\/05\/Screenshot-2025-05-30-at-17.51.25.png\" \/>\n\t<meta property=\"og:image:width\" content=\"820\" \/>\n\t<meta property=\"og:image:height\" content=\"556\" \/>\n\t<meta property=\"og:image:type\" content=\"image\/png\" \/>\n<meta name=\"twitter:label1\" content=\"Est. reading time\" \/>\n\t<meta name=\"twitter:data1\" content=\"1 minut\" \/>\n<script type=\"application\/ld+json\" class=\"yoast-schema-graph\">{\"@context\":\"https:\/\/schema.org\",\"@graph\":[{\"@type\":\"WebPage\",\"@id\":\"https:\/\/bio4you.eu\/retseptid\/toode\/vegan-banaani-jaatis-maapahklivoi-ja-vaniljega\/\",\"url\":\"https:\/\/bio4you.eu\/retseptid\/toode\/vegan-banaani-jaatis-maapahklivoi-ja-vaniljega\/\",\"name\":\"Vegan banaani j\u00e4\u00e4tis maap\u00e4hkliv\u00f5i ja vaniljega - bio4you.eu\/retseptid\",\"isPartOf\":{\"@id\":\"https:\/\/bio4you.eu\/retseptid\/#website\"},\"primaryImageOfPage\":{\"@id\":\"https:\/\/bio4you.eu\/retseptid\/toode\/vegan-banaani-jaatis-maapahklivoi-ja-vaniljega\/#primaryimage\"},\"image\":{\"@id\":\"https:\/\/bio4you.eu\/retseptid\/toode\/vegan-banaani-jaatis-maapahklivoi-ja-vaniljega\/#primaryimage\"},\"thumbnailUrl\":\"https:\/\/bio4you.eu\/retseptid\/wp-content\/uploads\/2025\/05\/Screenshot-2025-05-30-at-17.51.25.png\",\"datePublished\":\"2025-07-03T05:56:43+00:00\",\"dateModified\":\"2025-05-30T15:07:18+00:00\",\"description\":\"Kreemjas vegan banaani j\u00e4\u00e4tis maap\u00e4hkliv\u00f5i ja vaniljega \u2013 lihtne suveretsept ilma lisatud suhkruta. Gluteenivaba, taimne ja valmis vaid m\u00f5ne koostisosaga!\",\"breadcrumb\":{\"@id\":\"https:\/\/bio4you.eu\/retseptid\/toode\/vegan-banaani-jaatis-maapahklivoi-ja-vaniljega\/#breadcrumb\"},\"inLanguage\":\"et\",\"potentialAction\":[{\"@type\":\"ReadAction\",\"target\":[\"https:\/\/bio4you.eu\/retseptid\/toode\/vegan-banaani-jaatis-maapahklivoi-ja-vaniljega\/\"]}]},{\"@type\":\"ImageObject\",\"inLanguage\":\"et\",\"@id\":\"https:\/\/bio4you.eu\/retseptid\/toode\/vegan-banaani-jaatis-maapahklivoi-ja-vaniljega\/#primaryimage\",\"url\":\"https:\/\/bio4you.eu\/retseptid\/wp-content\/uploads\/2025\/05\/Screenshot-2025-05-30-at-17.51.25.png\",\"contentUrl\":\"https:\/\/bio4you.eu\/retseptid\/wp-content\/uploads\/2025\/05\/Screenshot-2025-05-30-at-17.51.25.png\",\"width\":820,\"height\":556,\"caption\":\"Taimne ja gluteenivaba j\u00e4\u00e4tis, mis sobib ideaalselt suveks \u2013 ilma lisatud suhkruta\"},{\"@type\":\"BreadcrumbList\",\"@id\":\"https:\/\/bio4you.eu\/retseptid\/toode\/vegan-banaani-jaatis-maapahklivoi-ja-vaniljega\/#breadcrumb\",\"itemListElement\":[{\"@type\":\"ListItem\",\"position\":1,\"name\":\"Home\",\"item\":\"https:\/\/bio4you.eu\/retseptid\/\"},{\"@type\":\"ListItem\",\"position\":2,\"name\":\"Vegan banaani j\u00e4\u00e4tis maap\u00e4hkliv\u00f5i ja vaniljega\"}]},{\"@type\":\"WebSite\",\"@id\":\"https:\/\/bio4you.eu\/retseptid\/#website\",\"url\":\"https:\/\/bio4you.eu\/retseptid\/\",\"name\":\"bio4you.eu\/retseptid\",\"description\":\"\u00d6ko retseptid ise tegemiseks, looduslikest koostisainetest. Maitsev toit, iluhooldus, kodupuhastus ja aiandus.\",\"potentialAction\":[{\"@type\":\"SearchAction\",\"target\":{\"@type\":\"EntryPoint\",\"urlTemplate\":\"https:\/\/bio4you.eu\/retseptid\/?s={search_term_string}\"},\"query-input\":\"required name=search_term_string\"}],\"inLanguage\":\"et\"}]}<\/script>\n<!-- \/ Yoast SEO plugin. -->","yoast_head_json":{"title":"Vegan banaani j\u00e4\u00e4tis maap\u00e4hkliv\u00f5i ja vaniljega - bio4you.eu\/retseptid","description":"Kreemjas vegan banaani j\u00e4\u00e4tis maap\u00e4hkliv\u00f5i ja vaniljega \u2013 lihtne suveretsept ilma lisatud suhkruta. Gluteenivaba, taimne ja valmis vaid m\u00f5ne koostisosaga!","robots":{"index":"index","follow":"follow","max-snippet":"max-snippet:-1","max-image-preview":"max-image-preview:large","max-video-preview":"max-video-preview:-1"},"canonical":"https:\/\/bio4you.eu\/retseptid\/toode\/vegan-banaani-jaatis-maapahklivoi-ja-vaniljega\/","og_locale":"et_EE","og_type":"article","og_title":"Vegan banaani j\u00e4\u00e4tis maap\u00e4hkliv\u00f5i ja vaniljega \u2013 suve lihtsaim magustoit","og_description":"Valmistatud vaid k\u00fcpsetest banaanidest, maap\u00e4hkliv\u00f5ist ja vaniljapulbrist \u2013 see taimne j\u00e4\u00e4tis on kreemjas, v\u00e4rske ja ilma lisatud suhkruta. Tervislik maius kogu perele!","og_url":"https:\/\/bio4you.eu\/retseptid\/toode\/vegan-banaani-jaatis-maapahklivoi-ja-vaniljega\/","og_site_name":"bio4you.eu\/retseptid","article_modified_time":"2025-05-30T15:07:18+00:00","og_image":[{"width":820,"height":556,"url":"https:\/\/bio4you.eu\/retseptid\/wp-content\/uploads\/2025\/05\/Screenshot-2025-05-30-at-17.51.25.png","type":"image\/png"}],"twitter_misc":{"Est. reading time":"1 minut"},"schema":{"@context":"https:\/\/schema.org","@graph":[{"@type":"WebPage","@id":"https:\/\/bio4you.eu\/retseptid\/toode\/vegan-banaani-jaatis-maapahklivoi-ja-vaniljega\/","url":"https:\/\/bio4you.eu\/retseptid\/toode\/vegan-banaani-jaatis-maapahklivoi-ja-vaniljega\/","name":"Vegan banaani j\u00e4\u00e4tis maap\u00e4hkliv\u00f5i ja vaniljega - bio4you.eu\/retseptid","isPartOf":{"@id":"https:\/\/bio4you.eu\/retseptid\/#website"},"primaryImageOfPage":{"@id":"https:\/\/bio4you.eu\/retseptid\/toode\/vegan-banaani-jaatis-maapahklivoi-ja-vaniljega\/#primaryimage"},"image":{"@id":"https:\/\/bio4you.eu\/retseptid\/toode\/vegan-banaani-jaatis-maapahklivoi-ja-vaniljega\/#primaryimage"},"thumbnailUrl":"https:\/\/bio4you.eu\/retseptid\/wp-content\/uploads\/2025\/05\/Screenshot-2025-05-30-at-17.51.25.png","datePublished":"2025-07-03T05:56:43+00:00","dateModified":"2025-05-30T15:07:18+00:00","description":"Kreemjas vegan banaani j\u00e4\u00e4tis maap\u00e4hkliv\u00f5i ja vaniljega \u2013 lihtne suveretsept ilma lisatud suhkruta. Gluteenivaba, taimne ja valmis vaid m\u00f5ne koostisosaga!","breadcrumb":{"@id":"https:\/\/bio4you.eu\/retseptid\/toode\/vegan-banaani-jaatis-maapahklivoi-ja-vaniljega\/#breadcrumb"},"inLanguage":"et","potentialAction":[{"@type":"ReadAction","target":["https:\/\/bio4you.eu\/retseptid\/toode\/vegan-banaani-jaatis-maapahklivoi-ja-vaniljega\/"]}]},{"@type":"ImageObject","inLanguage":"et","@id":"https:\/\/bio4you.eu\/retseptid\/toode\/vegan-banaani-jaatis-maapahklivoi-ja-vaniljega\/#primaryimage","url":"https:\/\/bio4you.eu\/retseptid\/wp-content\/uploads\/2025\/05\/Screenshot-2025-05-30-at-17.51.25.png","contentUrl":"https:\/\/bio4you.eu\/retseptid\/wp-content\/uploads\/2025\/05\/Screenshot-2025-05-30-at-17.51.25.png","width":820,"height":556,"caption":"Taimne ja gluteenivaba j\u00e4\u00e4tis, mis sobib ideaalselt suveks \u2013 ilma lisatud suhkruta"},{"@type":"BreadcrumbList","@id":"https:\/\/bio4you.eu\/retseptid\/toode\/vegan-banaani-jaatis-maapahklivoi-ja-vaniljega\/#breadcrumb","itemListElement":[{"@type":"ListItem","position":1,"name":"Home","item":"https:\/\/bio4you.eu\/retseptid\/"},{"@type":"ListItem","position":2,"name":"Vegan banaani j\u00e4\u00e4tis maap\u00e4hkliv\u00f5i ja vaniljega"}]},{"@type":"WebSite","@id":"https:\/\/bio4you.eu\/retseptid\/#website","url":"https:\/\/bio4you.eu\/retseptid\/","name":"bio4you.eu\/retseptid","description":"\u00d6ko retseptid ise tegemiseks, looduslikest koostisainetest. Maitsev toit, iluhooldus, kodupuhastus ja aiandus.","potentialAction":[{"@type":"SearchAction","target":{"@type":"EntryPoint","urlTemplate":"https:\/\/bio4you.eu\/retseptid\/?s={search_term_string}"},"query-input":"required name=search_term_string"}],"inLanguage":"et"}]}},"_links":{"self":[{"href":"https:\/\/bio4you.eu\/retseptid\/wp-json\/wp\/v2\/product\/4392"}],"collection":[{"href":"https:\/\/bio4you.eu\/retseptid\/wp-json\/wp\/v2\/product"}],"about":[{"href":"https:\/\/bio4you.eu\/retseptid\/wp-json\/wp\/v2\/types\/product"}],"replies":[{"embeddable":true,"href":"https:\/\/bio4you.eu\/retseptid\/wp-json\/wp\/v2\/comments?post=4392"}],"wp:featuredmedia":[{"embeddable":true,"href":"https:\/\/bio4you.eu\/retseptid\/wp-json\/wp\/v2\/media\/4393"}],"wp:attachment":[{"href":"https:\/\/bio4you.eu\/retseptid\/wp-json\/wp\/v2\/media?parent=4392"}],"wp:term":[{"taxonomy":"product_cat","embeddable":true,"href":"https:\/\/bio4you.eu\/retseptid\/wp-json\/wp\/v2\/product_cat?post=4392"},{"taxonomy":"product_tag","embeddable":true,"href":"https:\/\/bio4you.eu\/retseptid\/wp-json\/wp\/v2\/product_tag?post=4392"}],"curies":[{"name":"wp","href":"https:\/\/api.w.org\/{rel}","templated":true}]}}