{"id":4396,"date":"2025-07-10T08:23:36","date_gmt":"2025-07-10T05:23:36","guid":{"rendered":"https:\/\/bio4you.eu\/retseptid\/?post_type=product&#038;p=4396"},"modified":"2025-05-30T18:30:12","modified_gmt":"2025-05-30T15:30:12","slug":"arbuusi-kookosesmuuti-laimi-ja-ingveriga","status":"publish","type":"product","link":"https:\/\/bio4you.eu\/retseptid\/toode\/arbuusi-kookosesmuuti-laimi-ja-ingveriga\/","title":{"rendered":"Arbuusi-kookosesmuuti laimi ja ingveriga"},"content":{"rendered":"<p>Valmistamine:<\/p>\n<ol>\n<li>Pane k\u00f5ik koostisosad blenderisse: kookospiim, arbuusit\u00fckid, laimimahl, ingver ja agaavisiirup.<\/li>\n<li>Blenderda, kuni smuuti on siidine ja \u00fchtlane.<\/li>\n<li>Serveeri jahutatult \u2013 ideaalis koos j\u00e4\u00e4kuubikutega eriti v\u00e4rskendava efekti saamiseks.<\/li>\n<\/ol>\n","protected":false},"excerpt":{"rendered":"<p>Vaja l\u00e4heb:<\/p>\n<ul>\n<li>200ml kookospiima (nt, <a href=\"http:\/\/Kookosjook, 400ml\">Maya Gold Kookosjook, 400ml<\/a>)<\/li>\n<li>200g arbuusi (kooritud ja t\u00fckeldatud)<\/li>\n<li>\u00bd laimi mahl<\/li>\n<li>\u00bd tl jahvatatud ingverit<\/li>\n<li>1sl agaavisiirupit (nt, <a href=\"https:\/\/bio4you.eu\/et\/bio-toit\/biotoit-maitseained-ja-magustajad\/agaavisiirup-light-350g\">Maya Gold Agaavisiirup &#8220;Light&#8221;, 350g<\/a>)<\/li>\n<li>Soovi korral j\u00e4\u00e4kuubikuid<\/li>\n<\/ul>\n","protected":false},"featured_media":4397,"comment_status":"open","ping_status":"closed","template":"","meta":{"_exactmetrics_skip_tracking":false,"_exactmetrics_sitenote_active":false,"_exactmetrics_sitenote_note":"","_exactmetrics_sitenote_category":0},"product_cat":[59,60,382,63,383,365,376],"product_tag":[608,603,604,607,606,380,602,605,590],"class_list":{"0":"post-4396","1":"product","2":"type-product","3":"status-publish","4":"has-post-thumbnail","6":"product_cat-featured","7":"product_cat-toiduretseptid","8":"product_cat-vegan-toiduretseptid","9":"product_cat-gluteenivabad-retseptid","10":"product_cat-taimetoit","11":"product_cat-laste-lemmikud","12":"product_cat-smuutid","13":"product_tag-arbuusi-smuuti","14":"product_tag-arbuusijook","15":"product_tag-arbuusismuuti","16":"product_tag-kookose-smuuti","17":"product_tag-kookospiimaga-smuuti","18":"product_tag-smuuti","19":"product_tag-suvine-smuuti","20":"product_tag-vegan-smuuti","21":"product_tag-vegan-vahepala","23":"first","24":"instock","25":"shipping-taxable","26":"product-type-simple"},"yoast_head":"<!-- This site is optimized with the Yoast SEO plugin v23.3 - https:\/\/yoast.com\/wordpress\/plugins\/seo\/ -->\n<title>Arbuusi-kookosesmuuti laimi ja ingveriga - bio4you.eu\/retseptid<\/title>\n<meta name=\"description\" content=\"Smuuti arbuusist, kookospiimast, laimist ja ingverist \u2013 loomulikult magustatud agaavisiirupiga. Vegan, gluteenivaba ja ideaalne v\u00e4rskenduseks kuumal suvep\u00e4eval!\" \/>\n<meta name=\"robots\" content=\"index, follow, max-snippet:-1, max-image-preview:large, max-video-preview:-1\" \/>\n<link rel=\"canonical\" href=\"https:\/\/bio4you.eu\/retseptid\/toode\/arbuusi-kookosesmuuti-laimi-ja-ingveriga\/\" \/>\n<meta property=\"og:locale\" content=\"et_EE\" \/>\n<meta property=\"og:type\" content=\"article\" \/>\n<meta property=\"og:title\" content=\"Vegan arbuusi-kookosesmuuti agavesiirupi ja ingveriga \u2013 jahutav suvejook\" \/>\n<meta property=\"og:description\" content=\"See smuuti \u00fchendab arbuusi mahlakuse, kookose kreemisuse ja ingveri s\u00e4rtsu. Loomulik magusus tuleb agavesiirupist \u2013 sobib suurep\u00e4raselt kuumaks p\u00e4evaks!\" \/>\n<meta property=\"og:url\" content=\"https:\/\/bio4you.eu\/retseptid\/toode\/arbuusi-kookosesmuuti-laimi-ja-ingveriga\/\" \/>\n<meta property=\"og:site_name\" content=\"bio4you.eu\/retseptid\" \/>\n<meta property=\"article:modified_time\" content=\"2025-05-30T15:30:12+00:00\" \/>\n<meta property=\"og:image\" content=\"https:\/\/bio4you.eu\/retseptid\/wp-content\/uploads\/2025\/05\/Screenshot-2025-05-30-at-18.23.23.png\" \/>\n\t<meta property=\"og:image:width\" content=\"768\" \/>\n\t<meta property=\"og:image:height\" content=\"554\" \/>\n\t<meta property=\"og:image:type\" content=\"image\/png\" \/>\n<meta name=\"twitter:label1\" content=\"Est. reading time\" \/>\n\t<meta name=\"twitter:data1\" content=\"1 minut\" \/>\n<script type=\"application\/ld+json\" class=\"yoast-schema-graph\">{\"@context\":\"https:\/\/schema.org\",\"@graph\":[{\"@type\":\"WebPage\",\"@id\":\"https:\/\/bio4you.eu\/retseptid\/toode\/arbuusi-kookosesmuuti-laimi-ja-ingveriga\/\",\"url\":\"https:\/\/bio4you.eu\/retseptid\/toode\/arbuusi-kookosesmuuti-laimi-ja-ingveriga\/\",\"name\":\"Arbuusi-kookosesmuuti laimi ja ingveriga - bio4you.eu\/retseptid\",\"isPartOf\":{\"@id\":\"https:\/\/bio4you.eu\/retseptid\/#website\"},\"primaryImageOfPage\":{\"@id\":\"https:\/\/bio4you.eu\/retseptid\/toode\/arbuusi-kookosesmuuti-laimi-ja-ingveriga\/#primaryimage\"},\"image\":{\"@id\":\"https:\/\/bio4you.eu\/retseptid\/toode\/arbuusi-kookosesmuuti-laimi-ja-ingveriga\/#primaryimage\"},\"thumbnailUrl\":\"https:\/\/bio4you.eu\/retseptid\/wp-content\/uploads\/2025\/05\/Screenshot-2025-05-30-at-18.23.23.png\",\"datePublished\":\"2025-07-10T05:23:36+00:00\",\"dateModified\":\"2025-05-30T15:30:12+00:00\",\"description\":\"Smuuti arbuusist, kookospiimast, laimist ja ingverist \u2013 loomulikult magustatud agaavisiirupiga. Vegan, gluteenivaba ja ideaalne v\u00e4rskenduseks kuumal suvep\u00e4eval!\",\"breadcrumb\":{\"@id\":\"https:\/\/bio4you.eu\/retseptid\/toode\/arbuusi-kookosesmuuti-laimi-ja-ingveriga\/#breadcrumb\"},\"inLanguage\":\"et\",\"potentialAction\":[{\"@type\":\"ReadAction\",\"target\":[\"https:\/\/bio4you.eu\/retseptid\/toode\/arbuusi-kookosesmuuti-laimi-ja-ingveriga\/\"]}]},{\"@type\":\"ImageObject\",\"inLanguage\":\"et\",\"@id\":\"https:\/\/bio4you.eu\/retseptid\/toode\/arbuusi-kookosesmuuti-laimi-ja-ingveriga\/#primaryimage\",\"url\":\"https:\/\/bio4you.eu\/retseptid\/wp-content\/uploads\/2025\/05\/Screenshot-2025-05-30-at-18.23.23.png\",\"contentUrl\":\"https:\/\/bio4you.eu\/retseptid\/wp-content\/uploads\/2025\/05\/Screenshot-2025-05-30-at-18.23.23.png\",\"width\":768,\"height\":554,\"caption\":\"Vegan smuuti kookospiima, arbuusi, laimi ja agavesiirupiga \u2013 ideaalne jahutuseks\"},{\"@type\":\"BreadcrumbList\",\"@id\":\"https:\/\/bio4you.eu\/retseptid\/toode\/arbuusi-kookosesmuuti-laimi-ja-ingveriga\/#breadcrumb\",\"itemListElement\":[{\"@type\":\"ListItem\",\"position\":1,\"name\":\"Home\",\"item\":\"https:\/\/bio4you.eu\/retseptid\/\"},{\"@type\":\"ListItem\",\"position\":2,\"name\":\"Arbuusi-kookosesmuuti laimi ja ingveriga\"}]},{\"@type\":\"WebSite\",\"@id\":\"https:\/\/bio4you.eu\/retseptid\/#website\",\"url\":\"https:\/\/bio4you.eu\/retseptid\/\",\"name\":\"bio4you.eu\/retseptid\",\"description\":\"\u00d6ko retseptid ise tegemiseks, looduslikest koostisainetest. Maitsev toit, iluhooldus, kodupuhastus ja aiandus.\",\"potentialAction\":[{\"@type\":\"SearchAction\",\"target\":{\"@type\":\"EntryPoint\",\"urlTemplate\":\"https:\/\/bio4you.eu\/retseptid\/?s={search_term_string}\"},\"query-input\":\"required name=search_term_string\"}],\"inLanguage\":\"et\"}]}<\/script>\n<!-- \/ Yoast SEO plugin. -->","yoast_head_json":{"title":"Arbuusi-kookosesmuuti laimi ja ingveriga - bio4you.eu\/retseptid","description":"Smuuti arbuusist, kookospiimast, laimist ja ingverist \u2013 loomulikult magustatud agaavisiirupiga. Vegan, gluteenivaba ja ideaalne v\u00e4rskenduseks kuumal suvep\u00e4eval!","robots":{"index":"index","follow":"follow","max-snippet":"max-snippet:-1","max-image-preview":"max-image-preview:large","max-video-preview":"max-video-preview:-1"},"canonical":"https:\/\/bio4you.eu\/retseptid\/toode\/arbuusi-kookosesmuuti-laimi-ja-ingveriga\/","og_locale":"et_EE","og_type":"article","og_title":"Vegan arbuusi-kookosesmuuti agavesiirupi ja ingveriga \u2013 jahutav suvejook","og_description":"See smuuti \u00fchendab arbuusi mahlakuse, kookose kreemisuse ja ingveri s\u00e4rtsu. Loomulik magusus tuleb agavesiirupist \u2013 sobib suurep\u00e4raselt kuumaks p\u00e4evaks!","og_url":"https:\/\/bio4you.eu\/retseptid\/toode\/arbuusi-kookosesmuuti-laimi-ja-ingveriga\/","og_site_name":"bio4you.eu\/retseptid","article_modified_time":"2025-05-30T15:30:12+00:00","og_image":[{"width":768,"height":554,"url":"https:\/\/bio4you.eu\/retseptid\/wp-content\/uploads\/2025\/05\/Screenshot-2025-05-30-at-18.23.23.png","type":"image\/png"}],"twitter_misc":{"Est. reading time":"1 minut"},"schema":{"@context":"https:\/\/schema.org","@graph":[{"@type":"WebPage","@id":"https:\/\/bio4you.eu\/retseptid\/toode\/arbuusi-kookosesmuuti-laimi-ja-ingveriga\/","url":"https:\/\/bio4you.eu\/retseptid\/toode\/arbuusi-kookosesmuuti-laimi-ja-ingveriga\/","name":"Arbuusi-kookosesmuuti laimi ja ingveriga - bio4you.eu\/retseptid","isPartOf":{"@id":"https:\/\/bio4you.eu\/retseptid\/#website"},"primaryImageOfPage":{"@id":"https:\/\/bio4you.eu\/retseptid\/toode\/arbuusi-kookosesmuuti-laimi-ja-ingveriga\/#primaryimage"},"image":{"@id":"https:\/\/bio4you.eu\/retseptid\/toode\/arbuusi-kookosesmuuti-laimi-ja-ingveriga\/#primaryimage"},"thumbnailUrl":"https:\/\/bio4you.eu\/retseptid\/wp-content\/uploads\/2025\/05\/Screenshot-2025-05-30-at-18.23.23.png","datePublished":"2025-07-10T05:23:36+00:00","dateModified":"2025-05-30T15:30:12+00:00","description":"Smuuti arbuusist, kookospiimast, laimist ja ingverist \u2013 loomulikult magustatud agaavisiirupiga. Vegan, gluteenivaba ja ideaalne v\u00e4rskenduseks kuumal suvep\u00e4eval!","breadcrumb":{"@id":"https:\/\/bio4you.eu\/retseptid\/toode\/arbuusi-kookosesmuuti-laimi-ja-ingveriga\/#breadcrumb"},"inLanguage":"et","potentialAction":[{"@type":"ReadAction","target":["https:\/\/bio4you.eu\/retseptid\/toode\/arbuusi-kookosesmuuti-laimi-ja-ingveriga\/"]}]},{"@type":"ImageObject","inLanguage":"et","@id":"https:\/\/bio4you.eu\/retseptid\/toode\/arbuusi-kookosesmuuti-laimi-ja-ingveriga\/#primaryimage","url":"https:\/\/bio4you.eu\/retseptid\/wp-content\/uploads\/2025\/05\/Screenshot-2025-05-30-at-18.23.23.png","contentUrl":"https:\/\/bio4you.eu\/retseptid\/wp-content\/uploads\/2025\/05\/Screenshot-2025-05-30-at-18.23.23.png","width":768,"height":554,"caption":"Vegan smuuti kookospiima, arbuusi, laimi ja agavesiirupiga \u2013 ideaalne jahutuseks"},{"@type":"BreadcrumbList","@id":"https:\/\/bio4you.eu\/retseptid\/toode\/arbuusi-kookosesmuuti-laimi-ja-ingveriga\/#breadcrumb","itemListElement":[{"@type":"ListItem","position":1,"name":"Home","item":"https:\/\/bio4you.eu\/retseptid\/"},{"@type":"ListItem","position":2,"name":"Arbuusi-kookosesmuuti laimi ja ingveriga"}]},{"@type":"WebSite","@id":"https:\/\/bio4you.eu\/retseptid\/#website","url":"https:\/\/bio4you.eu\/retseptid\/","name":"bio4you.eu\/retseptid","description":"\u00d6ko retseptid ise tegemiseks, looduslikest koostisainetest. Maitsev toit, iluhooldus, kodupuhastus ja aiandus.","potentialAction":[{"@type":"SearchAction","target":{"@type":"EntryPoint","urlTemplate":"https:\/\/bio4you.eu\/retseptid\/?s={search_term_string}"},"query-input":"required name=search_term_string"}],"inLanguage":"et"}]}},"_links":{"self":[{"href":"https:\/\/bio4you.eu\/retseptid\/wp-json\/wp\/v2\/product\/4396"}],"collection":[{"href":"https:\/\/bio4you.eu\/retseptid\/wp-json\/wp\/v2\/product"}],"about":[{"href":"https:\/\/bio4you.eu\/retseptid\/wp-json\/wp\/v2\/types\/product"}],"replies":[{"embeddable":true,"href":"https:\/\/bio4you.eu\/retseptid\/wp-json\/wp\/v2\/comments?post=4396"}],"wp:featuredmedia":[{"embeddable":true,"href":"https:\/\/bio4you.eu\/retseptid\/wp-json\/wp\/v2\/media\/4397"}],"wp:attachment":[{"href":"https:\/\/bio4you.eu\/retseptid\/wp-json\/wp\/v2\/media?parent=4396"}],"wp:term":[{"taxonomy":"product_cat","embeddable":true,"href":"https:\/\/bio4you.eu\/retseptid\/wp-json\/wp\/v2\/product_cat?post=4396"},{"taxonomy":"product_tag","embeddable":true,"href":"https:\/\/bio4you.eu\/retseptid\/wp-json\/wp\/v2\/product_tag?post=4396"}],"curies":[{"name":"wp","href":"https:\/\/api.w.org\/{rel}","templated":true}]}}