{"id":4398,"date":"2025-07-13T08:47:03","date_gmt":"2025-07-13T05:47:03","guid":{"rendered":"https:\/\/bio4you.eu\/retseptid\/?post_type=product&#038;p=4398"},"modified":"2025-05-30T18:55:15","modified_gmt":"2025-05-30T15:55:15","slug":"kohevad-vegan-pannkoogid-mandlipiimaga","status":"publish","type":"product","link":"https:\/\/bio4you.eu\/retseptid\/toode\/kohevad-vegan-pannkoogid-mandlipiimaga\/","title":{"rendered":"Kohevad vegan pannkoogid mandlipiimaga"},"content":{"rendered":"<p>Valmistamine:<\/p>\n<ol>\n<li>Sega kausis Veg Egg, mandlipiim ja suhkur \u00fchtlaseks.<\/li>\n<li>Lisa jahu ja k\u00fcpsetuspulber ning sega kuni tainas on sile.<\/li>\n<li>Kuumuta pann (28 cm) ja lisa veidi taime\u00f5li.<\/li>\n<li>T\u00f5sta igaks pannkoogiks 1 supilusikat\u00e4is tainast pannile. Kui pinnale ilmuvad mullid, keera pannkoogid \u00fcmber ja k\u00fcpseta ka teiselt poolt kuldpruuniks.<\/li>\n<li>Nipp: Serveeri kohevalt soojalt koos vahtrasiirupi ja v\u00e4rskete marjade v\u00f5i puuviljadega.<\/li>\n<\/ol>\n","protected":false},"excerpt":{"rendered":"<p>Vaja l\u00e4heb:<\/p>\n<ul>\n<li>250g <a href=\"https:\/\/bio4you.eu\/et\/bio-toit\/biotoit-maitseained-ja-magustajad\/kergitus-ja-abiained-sooda\/munaasendaja-veg-egg-500g\">Veg Egg munaasendajat<\/a><\/li>\n<li>150ml <a href=\"https:\/\/bio4you.eu\/et\/bio-toit\/joogid-ja-joogipulbrid\/taimsed-joogid-ja-kreemid\/suhkruvaba-mandlijook-6-1l\">The Bridge 6% Suhkruvaba Mandlijooki<\/a><\/li>\n<li>250g t\u00e4istera nisujahu v\u00f5i gluteenivaba pannkoogijahu (nt, <a href=\"https:\/\/bio4you.eu\/et\/bio-toit\/kuivained-ja-idandamine\/gluteenivaba-vahvli-ja-pannkoogijahu-200g\">Bauck Hof Gluteenivaba vahvli- ja pannkoogijahu, 200g<\/a>)<\/li>\n<li>2tl k\u00fcpsetuspulbrit<\/li>\n<li>60g roosuhkrut (nt, <a href=\"https:\/\/bio4you.eu\/et\/bio-toit\/toiduvalmistamine\/maitseained-ja-magustajad\/suhkur\/orgaaniline-roosuhkur-1kg\">Fior di Loto Roosuhkur, 1kg<\/a>)<\/li>\n<li>Taimne \u00f5li (nt kookos\u00f5li v\u00f5i p\u00e4evalille\u00f5li) praadimiseks<\/li>\n<li>Vahtrasiirup serveerimiseks (nt, <a href=\"https:\/\/bio4you.eu\/et\/bio-toit\/biotoit-maitseained-ja-magustajad\/mesi-ja-siirupid\/vahtrasiirup-250ml\">Smart Organic Vahtrasiirup, 250ml<\/a>)<\/li>\n<\/ul>\n","protected":false},"featured_media":4399,"comment_status":"open","ping_status":"closed","template":"","meta":{"_exactmetrics_skip_tracking":false,"_exactmetrics_sitenote_active":false,"_exactmetrics_sitenote_note":"","_exactmetrics_sitenote_category":0},"product_cat":[59,60,382,383,280,365],"product_tag":[612,611,613,614,540,609,610],"class_list":{"0":"post-4398","1":"product","2":"type-product","3":"status-publish","4":"has-post-thumbnail","6":"product_cat-featured","7":"product_cat-toiduretseptid","8":"product_cat-vegan-toiduretseptid","9":"product_cat-taimetoit","10":"product_cat-koogid-ja-kupsised","11":"product_cat-laste-lemmikud","12":"product_tag-kohevad-pannkoogid","13":"product_tag-kohevad-vegan-pannkoogid","14":"product_tag-taimne-hommikusook","15":"product_tag-taimsed-pannkoogid","16":"product_tag-vegan-hommikusook","17":"product_tag-vegan-pannkoogid","18":"product_tag-vegg-egg-pannkoogid","20":"first","21":"instock","22":"shipping-taxable","23":"product-type-simple"},"yoast_head":"<!-- This site is optimized with the Yoast SEO plugin v23.3 - https:\/\/yoast.com\/wordpress\/plugins\/seo\/ -->\n<title>Kohevad vegan pannkoogid mandlipiimaga - bio4you.eu\/retseptid<\/title>\n<meta name=\"description\" content=\"Lihtne ja m\u00f5nus retsept kohevate vegan pannkookide valmistamiseks Veg Egg munaasendaja ja mandlipiimaga. T\u00e4iuslik hommikuks v\u00f5i n\u00e4dalavahetuse maiustamiseks \u2013 serveeri vahtrasiirupi ja marjadega!\" \/>\n<meta name=\"robots\" content=\"index, follow, max-snippet:-1, max-image-preview:large, max-video-preview:-1\" \/>\n<link rel=\"canonical\" href=\"https:\/\/bio4you.eu\/retseptid\/toode\/kohevad-vegan-pannkoogid-mandlipiimaga\/\" \/>\n<meta property=\"og:locale\" content=\"et_EE\" \/>\n<meta property=\"og:type\" content=\"article\" \/>\n<meta property=\"og:title\" content=\"Kohevad vegan pannkoogid Veg Eggist ja mandlipiimast\" \/>\n<meta property=\"og:description\" content=\"Pehmed ja kuldpruunid pannkoogid, mis valmivad ilma munata! Valmistatud Veg Egg munaasendajast ja mandlipiimast \u2013 serveeri vahtrasiirupi ja marjadega ning naudi n\u00e4dalavahetust t\u00e4iega.\" \/>\n<meta property=\"og:url\" content=\"https:\/\/bio4you.eu\/retseptid\/toode\/kohevad-vegan-pannkoogid-mandlipiimaga\/\" \/>\n<meta property=\"og:site_name\" content=\"bio4you.eu\/retseptid\" \/>\n<meta property=\"article:modified_time\" content=\"2025-05-30T15:55:15+00:00\" \/>\n<meta property=\"og:image\" content=\"https:\/\/bio4you.eu\/retseptid\/wp-content\/uploads\/2025\/07\/Screenshot-2025-05-30-at-18.45.48.png\" \/>\n\t<meta property=\"og:image:width\" content=\"1694\" \/>\n\t<meta property=\"og:image:height\" content=\"1234\" \/>\n\t<meta property=\"og:image:type\" content=\"image\/png\" \/>\n<meta name=\"twitter:label1\" content=\"Est. reading time\" \/>\n\t<meta name=\"twitter:data1\" content=\"1 minut\" \/>\n<script type=\"application\/ld+json\" class=\"yoast-schema-graph\">{\"@context\":\"https:\/\/schema.org\",\"@graph\":[{\"@type\":\"WebPage\",\"@id\":\"https:\/\/bio4you.eu\/retseptid\/toode\/kohevad-vegan-pannkoogid-mandlipiimaga\/\",\"url\":\"https:\/\/bio4you.eu\/retseptid\/toode\/kohevad-vegan-pannkoogid-mandlipiimaga\/\",\"name\":\"Kohevad vegan pannkoogid mandlipiimaga - bio4you.eu\/retseptid\",\"isPartOf\":{\"@id\":\"https:\/\/bio4you.eu\/retseptid\/#website\"},\"primaryImageOfPage\":{\"@id\":\"https:\/\/bio4you.eu\/retseptid\/toode\/kohevad-vegan-pannkoogid-mandlipiimaga\/#primaryimage\"},\"image\":{\"@id\":\"https:\/\/bio4you.eu\/retseptid\/toode\/kohevad-vegan-pannkoogid-mandlipiimaga\/#primaryimage\"},\"thumbnailUrl\":\"https:\/\/bio4you.eu\/retseptid\/wp-content\/uploads\/2025\/07\/Screenshot-2025-05-30-at-18.45.48.png\",\"datePublished\":\"2025-07-13T05:47:03+00:00\",\"dateModified\":\"2025-05-30T15:55:15+00:00\",\"description\":\"Lihtne ja m\u00f5nus retsept kohevate vegan pannkookide valmistamiseks Veg Egg munaasendaja ja mandlipiimaga. T\u00e4iuslik hommikuks v\u00f5i n\u00e4dalavahetuse maiustamiseks \u2013 serveeri vahtrasiirupi ja marjadega!\",\"breadcrumb\":{\"@id\":\"https:\/\/bio4you.eu\/retseptid\/toode\/kohevad-vegan-pannkoogid-mandlipiimaga\/#breadcrumb\"},\"inLanguage\":\"et\",\"potentialAction\":[{\"@type\":\"ReadAction\",\"target\":[\"https:\/\/bio4you.eu\/retseptid\/toode\/kohevad-vegan-pannkoogid-mandlipiimaga\/\"]}]},{\"@type\":\"ImageObject\",\"inLanguage\":\"et\",\"@id\":\"https:\/\/bio4you.eu\/retseptid\/toode\/kohevad-vegan-pannkoogid-mandlipiimaga\/#primaryimage\",\"url\":\"https:\/\/bio4you.eu\/retseptid\/wp-content\/uploads\/2025\/07\/Screenshot-2025-05-30-at-18.45.48.png\",\"contentUrl\":\"https:\/\/bio4you.eu\/retseptid\/wp-content\/uploads\/2025\/07\/Screenshot-2025-05-30-at-18.45.48.png\",\"width\":1694,\"height\":1234,\"caption\":\"T\u00e4iuslikult kohevad ja kuldsed pannkoogid ilma munata \u2013 serveeri magusa siirupi ja marjadega\"},{\"@type\":\"BreadcrumbList\",\"@id\":\"https:\/\/bio4you.eu\/retseptid\/toode\/kohevad-vegan-pannkoogid-mandlipiimaga\/#breadcrumb\",\"itemListElement\":[{\"@type\":\"ListItem\",\"position\":1,\"name\":\"Home\",\"item\":\"https:\/\/bio4you.eu\/retseptid\/\"},{\"@type\":\"ListItem\",\"position\":2,\"name\":\"Kohevad vegan pannkoogid mandlipiimaga\"}]},{\"@type\":\"WebSite\",\"@id\":\"https:\/\/bio4you.eu\/retseptid\/#website\",\"url\":\"https:\/\/bio4you.eu\/retseptid\/\",\"name\":\"bio4you.eu\/retseptid\",\"description\":\"\u00d6ko retseptid ise tegemiseks, looduslikest koostisainetest. Maitsev toit, iluhooldus, kodupuhastus ja aiandus.\",\"potentialAction\":[{\"@type\":\"SearchAction\",\"target\":{\"@type\":\"EntryPoint\",\"urlTemplate\":\"https:\/\/bio4you.eu\/retseptid\/?s={search_term_string}\"},\"query-input\":\"required name=search_term_string\"}],\"inLanguage\":\"et\"}]}<\/script>\n<!-- \/ Yoast SEO plugin. -->","yoast_head_json":{"title":"Kohevad vegan pannkoogid mandlipiimaga - bio4you.eu\/retseptid","description":"Lihtne ja m\u00f5nus retsept kohevate vegan pannkookide valmistamiseks Veg Egg munaasendaja ja mandlipiimaga. T\u00e4iuslik hommikuks v\u00f5i n\u00e4dalavahetuse maiustamiseks \u2013 serveeri vahtrasiirupi ja marjadega!","robots":{"index":"index","follow":"follow","max-snippet":"max-snippet:-1","max-image-preview":"max-image-preview:large","max-video-preview":"max-video-preview:-1"},"canonical":"https:\/\/bio4you.eu\/retseptid\/toode\/kohevad-vegan-pannkoogid-mandlipiimaga\/","og_locale":"et_EE","og_type":"article","og_title":"Kohevad vegan pannkoogid Veg Eggist ja mandlipiimast","og_description":"Pehmed ja kuldpruunid pannkoogid, mis valmivad ilma munata! Valmistatud Veg Egg munaasendajast ja mandlipiimast \u2013 serveeri vahtrasiirupi ja marjadega ning naudi n\u00e4dalavahetust t\u00e4iega.","og_url":"https:\/\/bio4you.eu\/retseptid\/toode\/kohevad-vegan-pannkoogid-mandlipiimaga\/","og_site_name":"bio4you.eu\/retseptid","article_modified_time":"2025-05-30T15:55:15+00:00","og_image":[{"width":1694,"height":1234,"url":"https:\/\/bio4you.eu\/retseptid\/wp-content\/uploads\/2025\/07\/Screenshot-2025-05-30-at-18.45.48.png","type":"image\/png"}],"twitter_misc":{"Est. reading time":"1 minut"},"schema":{"@context":"https:\/\/schema.org","@graph":[{"@type":"WebPage","@id":"https:\/\/bio4you.eu\/retseptid\/toode\/kohevad-vegan-pannkoogid-mandlipiimaga\/","url":"https:\/\/bio4you.eu\/retseptid\/toode\/kohevad-vegan-pannkoogid-mandlipiimaga\/","name":"Kohevad vegan pannkoogid mandlipiimaga - bio4you.eu\/retseptid","isPartOf":{"@id":"https:\/\/bio4you.eu\/retseptid\/#website"},"primaryImageOfPage":{"@id":"https:\/\/bio4you.eu\/retseptid\/toode\/kohevad-vegan-pannkoogid-mandlipiimaga\/#primaryimage"},"image":{"@id":"https:\/\/bio4you.eu\/retseptid\/toode\/kohevad-vegan-pannkoogid-mandlipiimaga\/#primaryimage"},"thumbnailUrl":"https:\/\/bio4you.eu\/retseptid\/wp-content\/uploads\/2025\/07\/Screenshot-2025-05-30-at-18.45.48.png","datePublished":"2025-07-13T05:47:03+00:00","dateModified":"2025-05-30T15:55:15+00:00","description":"Lihtne ja m\u00f5nus retsept kohevate vegan pannkookide valmistamiseks Veg Egg munaasendaja ja mandlipiimaga. T\u00e4iuslik hommikuks v\u00f5i n\u00e4dalavahetuse maiustamiseks \u2013 serveeri vahtrasiirupi ja marjadega!","breadcrumb":{"@id":"https:\/\/bio4you.eu\/retseptid\/toode\/kohevad-vegan-pannkoogid-mandlipiimaga\/#breadcrumb"},"inLanguage":"et","potentialAction":[{"@type":"ReadAction","target":["https:\/\/bio4you.eu\/retseptid\/toode\/kohevad-vegan-pannkoogid-mandlipiimaga\/"]}]},{"@type":"ImageObject","inLanguage":"et","@id":"https:\/\/bio4you.eu\/retseptid\/toode\/kohevad-vegan-pannkoogid-mandlipiimaga\/#primaryimage","url":"https:\/\/bio4you.eu\/retseptid\/wp-content\/uploads\/2025\/07\/Screenshot-2025-05-30-at-18.45.48.png","contentUrl":"https:\/\/bio4you.eu\/retseptid\/wp-content\/uploads\/2025\/07\/Screenshot-2025-05-30-at-18.45.48.png","width":1694,"height":1234,"caption":"T\u00e4iuslikult kohevad ja kuldsed pannkoogid ilma munata \u2013 serveeri magusa siirupi ja marjadega"},{"@type":"BreadcrumbList","@id":"https:\/\/bio4you.eu\/retseptid\/toode\/kohevad-vegan-pannkoogid-mandlipiimaga\/#breadcrumb","itemListElement":[{"@type":"ListItem","position":1,"name":"Home","item":"https:\/\/bio4you.eu\/retseptid\/"},{"@type":"ListItem","position":2,"name":"Kohevad vegan pannkoogid mandlipiimaga"}]},{"@type":"WebSite","@id":"https:\/\/bio4you.eu\/retseptid\/#website","url":"https:\/\/bio4you.eu\/retseptid\/","name":"bio4you.eu\/retseptid","description":"\u00d6ko retseptid ise tegemiseks, looduslikest koostisainetest. Maitsev toit, iluhooldus, kodupuhastus ja aiandus.","potentialAction":[{"@type":"SearchAction","target":{"@type":"EntryPoint","urlTemplate":"https:\/\/bio4you.eu\/retseptid\/?s={search_term_string}"},"query-input":"required name=search_term_string"}],"inLanguage":"et"}]}},"_links":{"self":[{"href":"https:\/\/bio4you.eu\/retseptid\/wp-json\/wp\/v2\/product\/4398"}],"collection":[{"href":"https:\/\/bio4you.eu\/retseptid\/wp-json\/wp\/v2\/product"}],"about":[{"href":"https:\/\/bio4you.eu\/retseptid\/wp-json\/wp\/v2\/types\/product"}],"replies":[{"embeddable":true,"href":"https:\/\/bio4you.eu\/retseptid\/wp-json\/wp\/v2\/comments?post=4398"}],"wp:featuredmedia":[{"embeddable":true,"href":"https:\/\/bio4you.eu\/retseptid\/wp-json\/wp\/v2\/media\/4399"}],"wp:attachment":[{"href":"https:\/\/bio4you.eu\/retseptid\/wp-json\/wp\/v2\/media?parent=4398"}],"wp:term":[{"taxonomy":"product_cat","embeddable":true,"href":"https:\/\/bio4you.eu\/retseptid\/wp-json\/wp\/v2\/product_cat?post=4398"},{"taxonomy":"product_tag","embeddable":true,"href":"https:\/\/bio4you.eu\/retseptid\/wp-json\/wp\/v2\/product_tag?post=4398"}],"curies":[{"name":"wp","href":"https:\/\/api.w.org\/{rel}","templated":true}]}}