{"id":4402,"date":"2025-07-20T08:10:37","date_gmt":"2025-07-20T05:10:37","guid":{"rendered":"https:\/\/bio4you.eu\/retseptid\/?post_type=product&#038;p=4402"},"modified":"2025-11-26T19:21:10","modified_gmt":"2025-11-26T17:21:10","slug":"pinsa-porgandi-ja-rohelise-spargliga","status":"publish","type":"product","link":"https:\/\/bio4you.eu\/retseptid\/toode\/pinsa-porgandi-ja-rohelise-spargliga\/","title":{"rendered":"Pinsa porgandi ja rohelise spargliga"},"content":{"rendered":"<p>Valmistamine:<\/p>\n<p>PINSATAIGNA VALMISTAMINE<\/p>\n<ol>\n<li>Sega pinsasegu, p\u00e4rm, vesi ja \u00f5li \u00fchtlaseks taignaks.<\/li>\n<li>Lase taignal soojas kohas kaetult kerkida 30 minutit.<\/li>\n<li>Jaga taigen 3 osaks ja vormi 1\u20131,5 cm paksused p\u00f5hjad ja t\u00f5sta need ahjuplaadile k\u00fcpsetuspaberile.<\/li>\n<\/ol>\n<p>PINSAP\u00d5HJADE ETTEVALMISTUS JA K\u00dcPSETAMINE<\/p>\n<ol>\n<li>Maitsesta hapukoor soola ja pipraga ning m\u00e4\u00e4ri tainap\u00f5hjale.<\/li>\n<li>Puista peale riivjuustu ja lase veel 30 min kerkida.<\/li>\n<li>K\u00fcpseta pinsasid 230 \u00b0C juures (\u00fcla- ja alakuumus) umbes 15 minutit.<\/li>\n<\/ol>\n<p>KATTE VALMISTAMINE<\/p>\n<ol>\n<li>Koori ja t\u00fckelda porgandid, murra spargli alumised otsad \u00e4ra. Prae k\u00f6\u00f6givilju grillpannil v\u00f5is v\u00f5i \u00f5lis kuni need on kr\u00f5mpspehmed. Maitsesta mee, soola ja pipraga.<\/li>\n<li>T\u00f5sta ahjust tulnud pinsadele praetud k\u00f6\u00f6giviljad ja raputa peale hakitud metsp\u00e4hkleid.<\/li>\n<li>Naudi kohe soojalt !<\/li>\n<\/ol>\n","protected":false},"excerpt":{"rendered":"<p>Vaja l\u00e4heb<\/p>\n<p>PINSATAIGNA JAOKS<\/p>\n<ul>\n<li>1 pakk <a href=\"https:\/\/bio4you.eu\/et\/gluteenivaba\/gluteenivabad-jahud-ja-jahusegud\/gluteenivaba-pinsataigna-jahusegu-350g\">Bauck M\u00fchle gluteenivaba pinsataigna segu<\/a><\/li>\n<li>1 pakk kuivp\u00e4rmi<\/li>\n<li>300ml leiget vett<\/li>\n<li>1spl\u00a0<a href=\"https:\/\/bio4you.eu\/et\/otsi?controller=search&amp;s=ekstra+v%C3%A4%C3%A4ris+oliivi%C3%B5li\">EVO \u00f5li<\/a><\/li>\n<\/ul>\n<p>KATTE JAOKS<\/p>\n<ul>\n<li>200g hapukoort v\u00f5i taimset alternatiivi<\/li>\n<li>N\u00e4puotsat\u00e4is soola ja pipart<\/li>\n<li>60g riivjuustu v\u00f5i vegan juustu<\/li>\n<li>2\u20133 porgandit<\/li>\n<li>1 punt rohelist sparglit<\/li>\n<li>1spl v\u00f5id v\u00f5i <a href=\"https:\/\/bio4you.eu\/et\/otsi?controller=search&amp;s=ekstra+v%C3%A4%C3%A4ris+oliivi%C3%B5li\">EVO \u00f5li<\/a><\/li>\n<li>1spl mett v\u00f5i <a href=\"https:\/\/bio4you.eu\/et\/otsi?controller=search&amp;s=agaavisiirup\">agaavisiirupit<\/a><\/li>\n<li>2spl r\u00f6stitud metsp\u00e4hkleid<\/li>\n<\/ul>\n","protected":false},"featured_media":4410,"comment_status":"open","ping_status":"closed","template":"","meta":{"_exactmetrics_skip_tracking":false,"_exactmetrics_sitenote_active":false,"_exactmetrics_sitenote_note":"","_exactmetrics_sitenote_category":0},"product_cat":[762,59,60,63,383],"product_tag":[557,767,621,421,766,764,624,625],"class_list":{"0":"post-4402","1":"product","2":"type-product","3":"status-publish","4":"has-post-thumbnail","6":"product_cat-soolased-kupsetised","7":"product_cat-featured","8":"product_cat-toiduretseptid","9":"product_cat-gluteenivabad-retseptid","10":"product_cat-taimetoit","11":"product_tag-gluteenivaba-ohtusook","12":"product_tag-gluteenivaba-pinsa","13":"product_tag-gluteenivaba-pita","14":"product_tag-gluteenivaba-pitsa","15":"product_tag-pinsapohi","16":"product_tag-pinsataigen","17":"product_tag-taimetoidu-ohtusook","18":"product_tag-taimne-ohtusook","20":"first","21":"instock","22":"shipping-taxable","23":"product-type-simple"},"yoast_head":"<!-- This site is optimized with the Yoast SEO plugin v23.3 - https:\/\/yoast.com\/wordpress\/plugins\/seo\/ -->\n<title>Pinsa spargli ja porgandiga | Gluteenivaba k\u00f6\u00f6giviljapinsa<\/title>\n<meta name=\"description\" content=\"Valmista h\u00f5rk k\u00f6\u00f6giviljapinsa: \u00f5huline pinsataigen, sulav juust ja grillitud spargel ning porgand. Valmib kiirelt, k\u00fcpseb 15 minutiga ja sobib ideaalselt maitsvaks gluteenivabaks l\u00f5una- v\u00f5i \u00f5htus\u00f6\u00f6giks.\" \/>\n<meta name=\"robots\" content=\"index, follow, max-snippet:-1, max-image-preview:large, max-video-preview:-1\" \/>\n<link rel=\"canonical\" href=\"https:\/\/bio4you.eu\/retseptid\/toode\/pinsa-porgandi-ja-rohelise-spargliga\/\" \/>\n<meta property=\"og:locale\" content=\"et_EE\" \/>\n<meta property=\"og:type\" content=\"article\" \/>\n<meta property=\"og:title\" content=\"Kreemine k\u00f6\u00f6givilja-pinsa spargli ja porgandiga | BioRetsept\" \/>\n<meta property=\"og:description\" content=\"Soojalt serveeritud taimne pinsa, millel kohtuvad porgand, roheline spargel, cr\u00e8me fra\u00eeche ja r\u00f6stitud p\u00e4hklid. Lihtne, gluteenivaba ja v\u00e4rske eine!\" \/>\n<meta property=\"og:url\" content=\"https:\/\/bio4you.eu\/retseptid\/toode\/pinsa-porgandi-ja-rohelise-spargliga\/\" \/>\n<meta property=\"og:site_name\" content=\"bio4you.eu\/retseptid\" \/>\n<meta property=\"article:modified_time\" content=\"2025-11-26T17:21:10+00:00\" \/>\n<meta property=\"og:image\" content=\"https:\/\/bio4you.eu\/retseptid\/wp-content\/uploads\/2025\/07\/spargel.png\" \/>\n\t<meta property=\"og:image:width\" content=\"1140\" \/>\n\t<meta property=\"og:image:height\" content=\"790\" \/>\n\t<meta property=\"og:image:type\" content=\"image\/png\" \/>\n<meta name=\"twitter:label1\" content=\"Est. reading time\" \/>\n\t<meta name=\"twitter:data1\" content=\"1 minut\" \/>\n<script type=\"application\/ld+json\" class=\"yoast-schema-graph\">{\"@context\":\"https:\/\/schema.org\",\"@graph\":[{\"@type\":\"WebPage\",\"@id\":\"https:\/\/bio4you.eu\/retseptid\/toode\/pinsa-porgandi-ja-rohelise-spargliga\/\",\"url\":\"https:\/\/bio4you.eu\/retseptid\/toode\/pinsa-porgandi-ja-rohelise-spargliga\/\",\"name\":\"Pinsa spargli ja porgandiga | Gluteenivaba k\u00f6\u00f6giviljapinsa\",\"isPartOf\":{\"@id\":\"https:\/\/bio4you.eu\/retseptid\/#website\"},\"primaryImageOfPage\":{\"@id\":\"https:\/\/bio4you.eu\/retseptid\/toode\/pinsa-porgandi-ja-rohelise-spargliga\/#primaryimage\"},\"image\":{\"@id\":\"https:\/\/bio4you.eu\/retseptid\/toode\/pinsa-porgandi-ja-rohelise-spargliga\/#primaryimage\"},\"thumbnailUrl\":\"https:\/\/bio4you.eu\/retseptid\/wp-content\/uploads\/2025\/07\/spargel.png\",\"datePublished\":\"2025-07-20T05:10:37+00:00\",\"dateModified\":\"2025-11-26T17:21:10+00:00\",\"description\":\"Valmista h\u00f5rk k\u00f6\u00f6giviljapinsa: \u00f5huline pinsataigen, sulav juust ja grillitud spargel ning porgand. Valmib kiirelt, k\u00fcpseb 15 minutiga ja sobib ideaalselt maitsvaks gluteenivabaks l\u00f5una- v\u00f5i \u00f5htus\u00f6\u00f6giks.\",\"breadcrumb\":{\"@id\":\"https:\/\/bio4you.eu\/retseptid\/toode\/pinsa-porgandi-ja-rohelise-spargliga\/#breadcrumb\"},\"inLanguage\":\"et\",\"potentialAction\":[{\"@type\":\"ReadAction\",\"target\":[\"https:\/\/bio4you.eu\/retseptid\/toode\/pinsa-porgandi-ja-rohelise-spargliga\/\"]}]},{\"@type\":\"ImageObject\",\"inLanguage\":\"et\",\"@id\":\"https:\/\/bio4you.eu\/retseptid\/toode\/pinsa-porgandi-ja-rohelise-spargliga\/#primaryimage\",\"url\":\"https:\/\/bio4you.eu\/retseptid\/wp-content\/uploads\/2025\/07\/spargel.png\",\"contentUrl\":\"https:\/\/bio4you.eu\/retseptid\/wp-content\/uploads\/2025\/07\/spargel.png\",\"width\":1140,\"height\":790,\"caption\":\"Kevadine pita r\u00f6stitud k\u00f6\u00f6giviljade ja p\u00e4hklitega \u2013 lihtne taimne eine\"},{\"@type\":\"BreadcrumbList\",\"@id\":\"https:\/\/bio4you.eu\/retseptid\/toode\/pinsa-porgandi-ja-rohelise-spargliga\/#breadcrumb\",\"itemListElement\":[{\"@type\":\"ListItem\",\"position\":1,\"name\":\"Home\",\"item\":\"https:\/\/bio4you.eu\/retseptid\/\"},{\"@type\":\"ListItem\",\"position\":2,\"name\":\"Pinsa porgandi ja rohelise spargliga\"}]},{\"@type\":\"WebSite\",\"@id\":\"https:\/\/bio4you.eu\/retseptid\/#website\",\"url\":\"https:\/\/bio4you.eu\/retseptid\/\",\"name\":\"bio4you.eu\/retseptid\",\"description\":\"\u00d6ko retseptid ise tegemiseks, looduslikest koostisainetest. Maitsev toit, iluhooldus, kodupuhastus ja aiandus.\",\"potentialAction\":[{\"@type\":\"SearchAction\",\"target\":{\"@type\":\"EntryPoint\",\"urlTemplate\":\"https:\/\/bio4you.eu\/retseptid\/?s={search_term_string}\"},\"query-input\":\"required name=search_term_string\"}],\"inLanguage\":\"et\"}]}<\/script>\n<!-- \/ Yoast SEO plugin. -->","yoast_head_json":{"title":"Pinsa spargli ja porgandiga | Gluteenivaba k\u00f6\u00f6giviljapinsa","description":"Valmista h\u00f5rk k\u00f6\u00f6giviljapinsa: \u00f5huline pinsataigen, sulav juust ja grillitud spargel ning porgand. Valmib kiirelt, k\u00fcpseb 15 minutiga ja sobib ideaalselt maitsvaks gluteenivabaks l\u00f5una- v\u00f5i \u00f5htus\u00f6\u00f6giks.","robots":{"index":"index","follow":"follow","max-snippet":"max-snippet:-1","max-image-preview":"max-image-preview:large","max-video-preview":"max-video-preview:-1"},"canonical":"https:\/\/bio4you.eu\/retseptid\/toode\/pinsa-porgandi-ja-rohelise-spargliga\/","og_locale":"et_EE","og_type":"article","og_title":"Kreemine k\u00f6\u00f6givilja-pinsa spargli ja porgandiga | BioRetsept","og_description":"Soojalt serveeritud taimne pinsa, millel kohtuvad porgand, roheline spargel, cr\u00e8me fra\u00eeche ja r\u00f6stitud p\u00e4hklid. Lihtne, gluteenivaba ja v\u00e4rske eine!","og_url":"https:\/\/bio4you.eu\/retseptid\/toode\/pinsa-porgandi-ja-rohelise-spargliga\/","og_site_name":"bio4you.eu\/retseptid","article_modified_time":"2025-11-26T17:21:10+00:00","og_image":[{"width":1140,"height":790,"url":"https:\/\/bio4you.eu\/retseptid\/wp-content\/uploads\/2025\/07\/spargel.png","type":"image\/png"}],"twitter_misc":{"Est. reading time":"1 minut"},"schema":{"@context":"https:\/\/schema.org","@graph":[{"@type":"WebPage","@id":"https:\/\/bio4you.eu\/retseptid\/toode\/pinsa-porgandi-ja-rohelise-spargliga\/","url":"https:\/\/bio4you.eu\/retseptid\/toode\/pinsa-porgandi-ja-rohelise-spargliga\/","name":"Pinsa spargli ja porgandiga | Gluteenivaba k\u00f6\u00f6giviljapinsa","isPartOf":{"@id":"https:\/\/bio4you.eu\/retseptid\/#website"},"primaryImageOfPage":{"@id":"https:\/\/bio4you.eu\/retseptid\/toode\/pinsa-porgandi-ja-rohelise-spargliga\/#primaryimage"},"image":{"@id":"https:\/\/bio4you.eu\/retseptid\/toode\/pinsa-porgandi-ja-rohelise-spargliga\/#primaryimage"},"thumbnailUrl":"https:\/\/bio4you.eu\/retseptid\/wp-content\/uploads\/2025\/07\/spargel.png","datePublished":"2025-07-20T05:10:37+00:00","dateModified":"2025-11-26T17:21:10+00:00","description":"Valmista h\u00f5rk k\u00f6\u00f6giviljapinsa: \u00f5huline pinsataigen, sulav juust ja grillitud spargel ning porgand. Valmib kiirelt, k\u00fcpseb 15 minutiga ja sobib ideaalselt maitsvaks gluteenivabaks l\u00f5una- v\u00f5i \u00f5htus\u00f6\u00f6giks.","breadcrumb":{"@id":"https:\/\/bio4you.eu\/retseptid\/toode\/pinsa-porgandi-ja-rohelise-spargliga\/#breadcrumb"},"inLanguage":"et","potentialAction":[{"@type":"ReadAction","target":["https:\/\/bio4you.eu\/retseptid\/toode\/pinsa-porgandi-ja-rohelise-spargliga\/"]}]},{"@type":"ImageObject","inLanguage":"et","@id":"https:\/\/bio4you.eu\/retseptid\/toode\/pinsa-porgandi-ja-rohelise-spargliga\/#primaryimage","url":"https:\/\/bio4you.eu\/retseptid\/wp-content\/uploads\/2025\/07\/spargel.png","contentUrl":"https:\/\/bio4you.eu\/retseptid\/wp-content\/uploads\/2025\/07\/spargel.png","width":1140,"height":790,"caption":"Kevadine pita r\u00f6stitud k\u00f6\u00f6giviljade ja p\u00e4hklitega \u2013 lihtne taimne eine"},{"@type":"BreadcrumbList","@id":"https:\/\/bio4you.eu\/retseptid\/toode\/pinsa-porgandi-ja-rohelise-spargliga\/#breadcrumb","itemListElement":[{"@type":"ListItem","position":1,"name":"Home","item":"https:\/\/bio4you.eu\/retseptid\/"},{"@type":"ListItem","position":2,"name":"Pinsa porgandi ja rohelise spargliga"}]},{"@type":"WebSite","@id":"https:\/\/bio4you.eu\/retseptid\/#website","url":"https:\/\/bio4you.eu\/retseptid\/","name":"bio4you.eu\/retseptid","description":"\u00d6ko retseptid ise tegemiseks, looduslikest koostisainetest. Maitsev toit, iluhooldus, kodupuhastus ja aiandus.","potentialAction":[{"@type":"SearchAction","target":{"@type":"EntryPoint","urlTemplate":"https:\/\/bio4you.eu\/retseptid\/?s={search_term_string}"},"query-input":"required name=search_term_string"}],"inLanguage":"et"}]}},"_links":{"self":[{"href":"https:\/\/bio4you.eu\/retseptid\/wp-json\/wp\/v2\/product\/4402"}],"collection":[{"href":"https:\/\/bio4you.eu\/retseptid\/wp-json\/wp\/v2\/product"}],"about":[{"href":"https:\/\/bio4you.eu\/retseptid\/wp-json\/wp\/v2\/types\/product"}],"replies":[{"embeddable":true,"href":"https:\/\/bio4you.eu\/retseptid\/wp-json\/wp\/v2\/comments?post=4402"}],"wp:featuredmedia":[{"embeddable":true,"href":"https:\/\/bio4you.eu\/retseptid\/wp-json\/wp\/v2\/media\/4410"}],"wp:attachment":[{"href":"https:\/\/bio4you.eu\/retseptid\/wp-json\/wp\/v2\/media?parent=4402"}],"wp:term":[{"taxonomy":"product_cat","embeddable":true,"href":"https:\/\/bio4you.eu\/retseptid\/wp-json\/wp\/v2\/product_cat?post=4402"},{"taxonomy":"product_tag","embeddable":true,"href":"https:\/\/bio4you.eu\/retseptid\/wp-json\/wp\/v2\/product_tag?post=4402"}],"curies":[{"name":"wp","href":"https:\/\/api.w.org\/{rel}","templated":true}]}}