{"id":4404,"date":"2025-07-24T08:26:29","date_gmt":"2025-07-24T05:26:29","guid":{"rendered":"https:\/\/bio4you.eu\/retseptid\/?post_type=product&#038;p=4404"},"modified":"2025-05-30T20:21:36","modified_gmt":"2025-05-30T17:21:36","slug":"gluteenivabad-kaneelibatoonid-pahklivoiga","status":"publish","type":"product","link":"https:\/\/bio4you.eu\/retseptid\/toode\/gluteenivabad-kaneelibatoonid-pahklivoiga\/","title":{"rendered":"Gluteenivabad kaneelibatoonid p\u00e4hkliv\u00f5iga"},"content":{"rendered":"<p>Valmistamine:<\/p>\n<ol>\n<li>Vala gluteenivabad teraviljapallid kaneeliga suurde kaussi.<\/li>\n<li>Lisa p\u00e4hkliv\u00f5i, mesi, kaneel ja sool. Sega k\u00f5ik koostisosad korralikult l\u00e4bi, kuni mass on \u00fchtlane.<\/li>\n<li>T\u00f5sta segu k\u00fcpsetuspaberiga vooderdatud neljakandilisse vormi ja suru tihedalt kokku.<\/li>\n<li>Aseta vorm v\u00e4hemalt 2 tunniks s\u00fcgavk\u00fclma.<\/li>\n<li>L\u00f5ika tahenenud massist terava noaga umbes 12 batooni.<\/li>\n<li>Nipid: Hoia batoone s\u00fcgavk\u00fclmas \u00f5hukindlalt suletuna &#8211; nii p\u00fcsivad need v\u00e4rsked n\u00e4dalaid. Sobivad ideaalselt kiireks vahepalaks v\u00f5i magusaisu rahuldamiseks tervislikumal moel.<\/li>\n<\/ol>\n","protected":false},"excerpt":{"rendered":"<p>Vaja l\u00e4heb (9 portsjoni jaoks):<\/p>\n<ul>\n<li>250g <a href=\"https:\/\/bio4you.eu\/et\/bio-toit\/mueslid-snaekid-ja-desserdid\/helbed-ja-muslid\/gluteenivabad-teraviljapallid-kaneeliga-275g\">Bauck M\u00fchle Gluteenivabad teraviljapallid kaneeliga<\/a><\/li>\n<li>170g naturaalset p\u00e4hkliv\u00f5id (nt, <a href=\"https:\/\/bio4you.eu\/et\/bio-toit\/toiduolid-kastmed-ja-kreemid\/paehklikreemid-ja-voided\/maapaehklivoie-crunchy-250g\">Nature&#8217;s Finest Maap\u00e4hkliv\u00f5ie &#8220;Crunchy&#8221;, 250g<\/a>)<\/li>\n<li>130g mett v\u00f5i agaavisiirupit (nt, <a href=\"https:\/\/bio4you.eu\/et\/bio-toit\/biotoit-maitseained-ja-magustajad\/agaavisiirup-light-350g\">Maya Gold Agaavisiirup &#8220;Light&#8221;, 350g<\/a>)<\/li>\n<li>\u00bd tl kaneeli<\/li>\n<li>N\u00e4puotsat\u00e4is soola<\/li>\n<\/ul>\n","protected":false},"featured_media":4408,"comment_status":"open","ping_status":"closed","template":"","meta":{"_exactmetrics_skip_tracking":false,"_exactmetrics_sitenote_active":false,"_exactmetrics_sitenote_note":"","_exactmetrics_sitenote_category":0},"product_cat":[59,60,382,63,383,280,365,68],"product_tag":[628,629,627,631,630,483,590],"class_list":{"0":"post-4404","1":"product","2":"type-product","3":"status-publish","4":"has-post-thumbnail","6":"product_cat-featured","7":"product_cat-toiduretseptid","8":"product_cat-vegan-toiduretseptid","9":"product_cat-gluteenivabad-retseptid","10":"product_cat-taimetoit","11":"product_cat-koogid-ja-kupsised","12":"product_cat-laste-lemmikud","13":"product_cat-suupisted","14":"product_tag-gluteenivaba-vahepala","15":"product_tag-gluteenivabad-batoonid","16":"product_tag-gluteenivabad-kaneelibatoonid","17":"product_tag-vegan-batoonid","18":"product_tag-vegan-kaneelibatoonid","19":"product_tag-vegan-magustoit","20":"product_tag-vegan-vahepala","22":"first","23":"instock","24":"shipping-taxable","25":"product-type-simple"},"yoast_head":"<!-- This site is optimized with the Yoast SEO plugin v23.3 - https:\/\/yoast.com\/wordpress\/plugins\/seo\/ -->\n<title>Gluteenivabad kaneelibatoonid p\u00e4hkliv\u00f5iga - bio4you.eu\/retseptid<\/title>\n<meta name=\"description\" content=\"Gluteenivabad kaneelibatoonid p\u00e4hkliv\u00f5i ja meega \u2013 valmivad 5 minutiga ja sobivad ideaalselt kiireks vahepalaks v\u00f5i magusaisu korral. Lihtne, ilma k\u00fcpsetamiseta ja t\u00e4is maitset!\" \/>\n<meta name=\"robots\" content=\"index, follow, max-snippet:-1, max-image-preview:large, max-video-preview:-1\" \/>\n<link rel=\"canonical\" href=\"https:\/\/bio4you.eu\/retseptid\/toode\/gluteenivabad-kaneelibatoonid-pahklivoiga\/\" \/>\n<meta property=\"og:locale\" content=\"et_EE\" \/>\n<meta property=\"og:type\" content=\"article\" \/>\n<meta property=\"og:title\" content=\"Kaneelibatoonid p\u00e4hkliv\u00f5iga \u2013 kiire gluteenivaba vahepala\" \/>\n<meta property=\"og:description\" content=\"Gluteenivabad teraviljapallid kaneeliga + p\u00e4hkliv\u00f5i + mesi = kiire ja maitsev amps. Valmistamiseks kulub vaid 5 minutit, \u00fclej\u00e4\u00e4nu teeb \u00e4ra s\u00fcgavk\u00fclm. Proovi kindlasti!\" \/>\n<meta property=\"og:url\" content=\"https:\/\/bio4you.eu\/retseptid\/toode\/gluteenivabad-kaneelibatoonid-pahklivoiga\/\" \/>\n<meta property=\"og:site_name\" content=\"bio4you.eu\/retseptid\" \/>\n<meta property=\"article:modified_time\" content=\"2025-05-30T17:21:36+00:00\" \/>\n<meta property=\"og:image\" content=\"https:\/\/bio4you.eu\/retseptid\/wp-content\/uploads\/2025\/07\/Screenshot-2025-05-30-at-20.19.10.png\" \/>\n\t<meta property=\"og:image:width\" content=\"1106\" \/>\n\t<meta property=\"og:image:height\" content=\"844\" \/>\n\t<meta property=\"og:image:type\" content=\"image\/png\" \/>\n<meta name=\"twitter:label1\" content=\"Est. reading time\" \/>\n\t<meta name=\"twitter:data1\" content=\"1 minut\" \/>\n<script type=\"application\/ld+json\" class=\"yoast-schema-graph\">{\"@context\":\"https:\/\/schema.org\",\"@graph\":[{\"@type\":\"WebPage\",\"@id\":\"https:\/\/bio4you.eu\/retseptid\/toode\/gluteenivabad-kaneelibatoonid-pahklivoiga\/\",\"url\":\"https:\/\/bio4you.eu\/retseptid\/toode\/gluteenivabad-kaneelibatoonid-pahklivoiga\/\",\"name\":\"Gluteenivabad kaneelibatoonid p\u00e4hkliv\u00f5iga - bio4you.eu\/retseptid\",\"isPartOf\":{\"@id\":\"https:\/\/bio4you.eu\/retseptid\/#website\"},\"primaryImageOfPage\":{\"@id\":\"https:\/\/bio4you.eu\/retseptid\/toode\/gluteenivabad-kaneelibatoonid-pahklivoiga\/#primaryimage\"},\"image\":{\"@id\":\"https:\/\/bio4you.eu\/retseptid\/toode\/gluteenivabad-kaneelibatoonid-pahklivoiga\/#primaryimage\"},\"thumbnailUrl\":\"https:\/\/bio4you.eu\/retseptid\/wp-content\/uploads\/2025\/07\/Screenshot-2025-05-30-at-20.19.10.png\",\"datePublished\":\"2025-07-24T05:26:29+00:00\",\"dateModified\":\"2025-05-30T17:21:36+00:00\",\"description\":\"Gluteenivabad kaneelibatoonid p\u00e4hkliv\u00f5i ja meega \u2013 valmivad 5 minutiga ja sobivad ideaalselt kiireks vahepalaks v\u00f5i magusaisu korral. Lihtne, ilma k\u00fcpsetamiseta ja t\u00e4is maitset!\",\"breadcrumb\":{\"@id\":\"https:\/\/bio4you.eu\/retseptid\/toode\/gluteenivabad-kaneelibatoonid-pahklivoiga\/#breadcrumb\"},\"inLanguage\":\"et\",\"potentialAction\":[{\"@type\":\"ReadAction\",\"target\":[\"https:\/\/bio4you.eu\/retseptid\/toode\/gluteenivabad-kaneelibatoonid-pahklivoiga\/\"]}]},{\"@type\":\"ImageObject\",\"inLanguage\":\"et\",\"@id\":\"https:\/\/bio4you.eu\/retseptid\/toode\/gluteenivabad-kaneelibatoonid-pahklivoiga\/#primaryimage\",\"url\":\"https:\/\/bio4you.eu\/retseptid\/wp-content\/uploads\/2025\/07\/Screenshot-2025-05-30-at-20.19.10.png\",\"contentUrl\":\"https:\/\/bio4you.eu\/retseptid\/wp-content\/uploads\/2025\/07\/Screenshot-2025-05-30-at-20.19.10.png\",\"width\":1106,\"height\":844,\"caption\":\"Kiired ja maitsvad kaneelibatoonid \u2013 gluteenivabad teraviljapallid, p\u00e4hkliv\u00f5i ja mesi\"},{\"@type\":\"BreadcrumbList\",\"@id\":\"https:\/\/bio4you.eu\/retseptid\/toode\/gluteenivabad-kaneelibatoonid-pahklivoiga\/#breadcrumb\",\"itemListElement\":[{\"@type\":\"ListItem\",\"position\":1,\"name\":\"Home\",\"item\":\"https:\/\/bio4you.eu\/retseptid\/\"},{\"@type\":\"ListItem\",\"position\":2,\"name\":\"Gluteenivabad kaneelibatoonid p\u00e4hkliv\u00f5iga\"}]},{\"@type\":\"WebSite\",\"@id\":\"https:\/\/bio4you.eu\/retseptid\/#website\",\"url\":\"https:\/\/bio4you.eu\/retseptid\/\",\"name\":\"bio4you.eu\/retseptid\",\"description\":\"\u00d6ko retseptid ise tegemiseks, looduslikest koostisainetest. Maitsev toit, iluhooldus, kodupuhastus ja aiandus.\",\"potentialAction\":[{\"@type\":\"SearchAction\",\"target\":{\"@type\":\"EntryPoint\",\"urlTemplate\":\"https:\/\/bio4you.eu\/retseptid\/?s={search_term_string}\"},\"query-input\":\"required name=search_term_string\"}],\"inLanguage\":\"et\"}]}<\/script>\n<!-- \/ Yoast SEO plugin. -->","yoast_head_json":{"title":"Gluteenivabad kaneelibatoonid p\u00e4hkliv\u00f5iga - bio4you.eu\/retseptid","description":"Gluteenivabad kaneelibatoonid p\u00e4hkliv\u00f5i ja meega \u2013 valmivad 5 minutiga ja sobivad ideaalselt kiireks vahepalaks v\u00f5i magusaisu korral. Lihtne, ilma k\u00fcpsetamiseta ja t\u00e4is maitset!","robots":{"index":"index","follow":"follow","max-snippet":"max-snippet:-1","max-image-preview":"max-image-preview:large","max-video-preview":"max-video-preview:-1"},"canonical":"https:\/\/bio4you.eu\/retseptid\/toode\/gluteenivabad-kaneelibatoonid-pahklivoiga\/","og_locale":"et_EE","og_type":"article","og_title":"Kaneelibatoonid p\u00e4hkliv\u00f5iga \u2013 kiire gluteenivaba vahepala","og_description":"Gluteenivabad teraviljapallid kaneeliga + p\u00e4hkliv\u00f5i + mesi = kiire ja maitsev amps. Valmistamiseks kulub vaid 5 minutit, \u00fclej\u00e4\u00e4nu teeb \u00e4ra s\u00fcgavk\u00fclm. Proovi kindlasti!","og_url":"https:\/\/bio4you.eu\/retseptid\/toode\/gluteenivabad-kaneelibatoonid-pahklivoiga\/","og_site_name":"bio4you.eu\/retseptid","article_modified_time":"2025-05-30T17:21:36+00:00","og_image":[{"width":1106,"height":844,"url":"https:\/\/bio4you.eu\/retseptid\/wp-content\/uploads\/2025\/07\/Screenshot-2025-05-30-at-20.19.10.png","type":"image\/png"}],"twitter_misc":{"Est. reading time":"1 minut"},"schema":{"@context":"https:\/\/schema.org","@graph":[{"@type":"WebPage","@id":"https:\/\/bio4you.eu\/retseptid\/toode\/gluteenivabad-kaneelibatoonid-pahklivoiga\/","url":"https:\/\/bio4you.eu\/retseptid\/toode\/gluteenivabad-kaneelibatoonid-pahklivoiga\/","name":"Gluteenivabad kaneelibatoonid p\u00e4hkliv\u00f5iga - bio4you.eu\/retseptid","isPartOf":{"@id":"https:\/\/bio4you.eu\/retseptid\/#website"},"primaryImageOfPage":{"@id":"https:\/\/bio4you.eu\/retseptid\/toode\/gluteenivabad-kaneelibatoonid-pahklivoiga\/#primaryimage"},"image":{"@id":"https:\/\/bio4you.eu\/retseptid\/toode\/gluteenivabad-kaneelibatoonid-pahklivoiga\/#primaryimage"},"thumbnailUrl":"https:\/\/bio4you.eu\/retseptid\/wp-content\/uploads\/2025\/07\/Screenshot-2025-05-30-at-20.19.10.png","datePublished":"2025-07-24T05:26:29+00:00","dateModified":"2025-05-30T17:21:36+00:00","description":"Gluteenivabad kaneelibatoonid p\u00e4hkliv\u00f5i ja meega \u2013 valmivad 5 minutiga ja sobivad ideaalselt kiireks vahepalaks v\u00f5i magusaisu korral. Lihtne, ilma k\u00fcpsetamiseta ja t\u00e4is maitset!","breadcrumb":{"@id":"https:\/\/bio4you.eu\/retseptid\/toode\/gluteenivabad-kaneelibatoonid-pahklivoiga\/#breadcrumb"},"inLanguage":"et","potentialAction":[{"@type":"ReadAction","target":["https:\/\/bio4you.eu\/retseptid\/toode\/gluteenivabad-kaneelibatoonid-pahklivoiga\/"]}]},{"@type":"ImageObject","inLanguage":"et","@id":"https:\/\/bio4you.eu\/retseptid\/toode\/gluteenivabad-kaneelibatoonid-pahklivoiga\/#primaryimage","url":"https:\/\/bio4you.eu\/retseptid\/wp-content\/uploads\/2025\/07\/Screenshot-2025-05-30-at-20.19.10.png","contentUrl":"https:\/\/bio4you.eu\/retseptid\/wp-content\/uploads\/2025\/07\/Screenshot-2025-05-30-at-20.19.10.png","width":1106,"height":844,"caption":"Kiired ja maitsvad kaneelibatoonid \u2013 gluteenivabad teraviljapallid, p\u00e4hkliv\u00f5i ja mesi"},{"@type":"BreadcrumbList","@id":"https:\/\/bio4you.eu\/retseptid\/toode\/gluteenivabad-kaneelibatoonid-pahklivoiga\/#breadcrumb","itemListElement":[{"@type":"ListItem","position":1,"name":"Home","item":"https:\/\/bio4you.eu\/retseptid\/"},{"@type":"ListItem","position":2,"name":"Gluteenivabad kaneelibatoonid p\u00e4hkliv\u00f5iga"}]},{"@type":"WebSite","@id":"https:\/\/bio4you.eu\/retseptid\/#website","url":"https:\/\/bio4you.eu\/retseptid\/","name":"bio4you.eu\/retseptid","description":"\u00d6ko retseptid ise tegemiseks, looduslikest koostisainetest. Maitsev toit, iluhooldus, kodupuhastus ja aiandus.","potentialAction":[{"@type":"SearchAction","target":{"@type":"EntryPoint","urlTemplate":"https:\/\/bio4you.eu\/retseptid\/?s={search_term_string}"},"query-input":"required name=search_term_string"}],"inLanguage":"et"}]}},"_links":{"self":[{"href":"https:\/\/bio4you.eu\/retseptid\/wp-json\/wp\/v2\/product\/4404"}],"collection":[{"href":"https:\/\/bio4you.eu\/retseptid\/wp-json\/wp\/v2\/product"}],"about":[{"href":"https:\/\/bio4you.eu\/retseptid\/wp-json\/wp\/v2\/types\/product"}],"replies":[{"embeddable":true,"href":"https:\/\/bio4you.eu\/retseptid\/wp-json\/wp\/v2\/comments?post=4404"}],"wp:featuredmedia":[{"embeddable":true,"href":"https:\/\/bio4you.eu\/retseptid\/wp-json\/wp\/v2\/media\/4408"}],"wp:attachment":[{"href":"https:\/\/bio4you.eu\/retseptid\/wp-json\/wp\/v2\/media?parent=4404"}],"wp:term":[{"taxonomy":"product_cat","embeddable":true,"href":"https:\/\/bio4you.eu\/retseptid\/wp-json\/wp\/v2\/product_cat?post=4404"},{"taxonomy":"product_tag","embeddable":true,"href":"https:\/\/bio4you.eu\/retseptid\/wp-json\/wp\/v2\/product_tag?post=4404"}],"curies":[{"name":"wp","href":"https:\/\/api.w.org\/{rel}","templated":true}]}}