{"id":4406,"date":"2025-07-27T08:06:00","date_gmt":"2025-07-27T05:06:00","guid":{"rendered":"https:\/\/bio4you.eu\/retseptid\/?post_type=product&#038;p=4406"},"modified":"2025-06-22T18:03:32","modified_gmt":"2025-06-22T15:03:32","slug":"rabarberikrobedik-gluteenivabade-kaerahelvestega","status":"publish","type":"product","link":"https:\/\/bio4you.eu\/retseptid\/toode\/rabarberikrobedik-gluteenivabade-kaerahelvestega\/","title":{"rendered":"Rabarberikr\u00f5bedik gluteenivabade kaerahelvestega"},"content":{"rendered":"<p>Valmistamine:<\/p>\n<ol>\n<li>Valmista t\u00e4idis: Sega t\u00fckeldatud rabarber sobiliku magusainega. Lisa vanilje ja t\u00e4rklis. T\u00f5sta segu ahjuvormi p\u00f5hja.<\/li>\n<li>Valmista kate: Sega kaerahelbed, mandlijahu, magustaja, sool ja maitseained. Lisa sulatatud kookos\u00f5li ja sega kuni saad purutaolise tekstuuri.<\/li>\n<li>K\u00fcpsetamine: Laota kate rabarberitele. K\u00fcpseta 180 kraadi juures 30\u201335 minutit, kuni kate on kuldpruun ja rabarber mullitab alt.<\/li>\n<li>Serveeri: Parim caffe latte v\u00f5i taimse vanillij\u00e4\u00e4tisega &#8211; sobib nii hommikuks kui magustoiduks.<\/li>\n<\/ol>\n","protected":false},"excerpt":{"rendered":"<p>Vaja l\u00e4heb (4\u20136 portsjonit):<\/p>\n<p>T\u00e4idis:<\/p>\n<ul>\n<li>500 g rabarberit (t\u00fckeldatud)<\/li>\n<li>2\u20133 spl agaavisiirupit v\u00f5i kookossuhkrut (maitse j\u00e4rgi)<\/li>\n<li>1 tl vanillisuhkrut v\u00f5i vanilliekstrakti<\/li>\n<li>1 spl maisit\u00e4rklist v\u00f5i tapiokijahu<\/li>\n<\/ul>\n<p>Kate:<\/p>\n<ul>\n<li>100g <a href=\"https:\/\/bio4you.eu\/et\/bio-pere\/oekotooted-kogu-perele\/gluteenivabad-kaerahelbed-1kg\">Bauck Hof Gluteenivabad kaerahelbed<\/a><\/li>\n<li>50g mandlijahu v\u00f5i peeneks jahvatatud mandleid (nt, <a href=\"https:\/\/bio4you.eu\/et\/bio-toit\/kuivained-ja-idandamine\/jahud\/mandlijahu-500g\">Kommi Asemel Mandlijahu, 500g<\/a>)<\/li>\n<li>50g kookos\u00f5li (sulatatud) v\u00f5i taimset margariini (nt, <a href=\"https:\/\/bio4you.eu\/et\/bio-toit\/toiduolid-kastmed-ja-kreemid\/kookosoli-ja-rasv\/extra-virgin-kookosoli-280ml\">Maya Gold Extra virgin kookos\u00f5li, 280ml<\/a>)<\/li>\n<li>2\u20133 spl kookossuhkrut v\u00f5i agaavisiirupit (nt, <a href=\"https:\/\/bio4you.eu\/et\/bio-toit\/biotoit-maitseained-ja-magustajad\/agaavisiirup-light-350g\">Maya Gold Agaavisiirup &#8220;Light&#8221;, 350g<\/a>)<\/li>\n<li>N\u00e4puotsat\u00e4is soola<\/li>\n<li>Soovi korral kaneeli v\u00f5i kardemoni<\/li>\n<\/ul>\n<p>&nbsp;<\/p>\n","protected":false},"featured_media":4407,"comment_status":"open","ping_status":"closed","template":"","meta":{"_exactmetrics_skip_tracking":false,"_exactmetrics_sitenote_active":false,"_exactmetrics_sitenote_note":"","_exactmetrics_sitenote_category":0},"product_cat":[59,60,382,63,383,280],"product_tag":[426,635,634,632,633,411,636],"class_list":{"0":"post-4406","1":"product","2":"type-product","3":"status-publish","4":"has-post-thumbnail","6":"product_cat-featured","7":"product_cat-toiduretseptid","8":"product_cat-vegan-toiduretseptid","9":"product_cat-gluteenivabad-retseptid","10":"product_cat-taimetoit","11":"product_cat-koogid-ja-kupsised","12":"product_tag-gluteenivaba-kook","13":"product_tag-gluteenivaba-krobedik","14":"product_tag-gluteenivaba-rabarberikook","15":"product_tag-rabarberikook","16":"product_tag-rabarberikrobedik","17":"product_tag-taimetoit","18":"product_tag-vegan-rabarberikook","20":"first","21":"instock","22":"shipping-taxable","23":"product-type-simple"},"yoast_head":"<!-- This site is optimized with the Yoast SEO plugin v23.3 - https:\/\/yoast.com\/wordpress\/plugins\/seo\/ -->\n<title>Rabarberikr\u00f5bedik gluteenivabade kaerahelvestega - bio4you.eu\/retseptid<\/title>\n<meta name=\"description\" content=\"Lihtne ja naturaalne rabarberikr\u00f5bedik gluteenivabade kaerahelvestega. T\u00e4iuslik magustoit kevadeks ja suveks \u2013 sobib ka hommikus\u00f6\u00f6giks! Valmib kookos\u00f5li, mandlijahu ja naturaalse magustajaga.\" \/>\n<meta name=\"robots\" content=\"index, follow, max-snippet:-1, max-image-preview:large, max-video-preview:-1\" \/>\n<link rel=\"canonical\" href=\"https:\/\/bio4you.eu\/retseptid\/toode\/rabarberikrobedik-gluteenivabade-kaerahelvestega\/\" \/>\n<meta property=\"og:locale\" content=\"et_EE\" \/>\n<meta property=\"og:type\" content=\"article\" \/>\n<meta property=\"og:title\" content=\"Rabarberi-kaerahelbekr\u00f5bedik \u2013 kevadine klassika\" \/>\n<meta property=\"og:description\" content=\"Magus-hapu rabarberikooslus, kr\u00f5bedaks k\u00fcpsenud kaerahelbekatte all \u2013 gluteenivaba ja 100% taimne. Proovi kindlasti kevade lemmikut uues v\u00f5tmes!\" \/>\n<meta property=\"og:url\" content=\"https:\/\/bio4you.eu\/retseptid\/toode\/rabarberikrobedik-gluteenivabade-kaerahelvestega\/\" \/>\n<meta property=\"og:site_name\" content=\"bio4you.eu\/retseptid\" \/>\n<meta property=\"article:modified_time\" content=\"2025-06-22T15:03:32+00:00\" \/>\n<meta property=\"og:image\" content=\"https:\/\/bio4you.eu\/retseptid\/wp-content\/uploads\/2025\/05\/Screenshot-2025-05-30-at-20.15.07.png\" \/>\n\t<meta property=\"og:image:width\" content=\"1004\" \/>\n\t<meta property=\"og:image:height\" content=\"668\" \/>\n\t<meta property=\"og:image:type\" content=\"image\/png\" \/>\n<meta name=\"twitter:label1\" content=\"Est. reading time\" \/>\n\t<meta name=\"twitter:data1\" content=\"1 minut\" \/>\n<script type=\"application\/ld+json\" class=\"yoast-schema-graph\">{\"@context\":\"https:\/\/schema.org\",\"@graph\":[{\"@type\":\"WebPage\",\"@id\":\"https:\/\/bio4you.eu\/retseptid\/toode\/rabarberikrobedik-gluteenivabade-kaerahelvestega\/\",\"url\":\"https:\/\/bio4you.eu\/retseptid\/toode\/rabarberikrobedik-gluteenivabade-kaerahelvestega\/\",\"name\":\"Rabarberikr\u00f5bedik gluteenivabade kaerahelvestega - bio4you.eu\/retseptid\",\"isPartOf\":{\"@id\":\"https:\/\/bio4you.eu\/retseptid\/#website\"},\"primaryImageOfPage\":{\"@id\":\"https:\/\/bio4you.eu\/retseptid\/toode\/rabarberikrobedik-gluteenivabade-kaerahelvestega\/#primaryimage\"},\"image\":{\"@id\":\"https:\/\/bio4you.eu\/retseptid\/toode\/rabarberikrobedik-gluteenivabade-kaerahelvestega\/#primaryimage\"},\"thumbnailUrl\":\"https:\/\/bio4you.eu\/retseptid\/wp-content\/uploads\/2025\/05\/Screenshot-2025-05-30-at-20.15.07.png\",\"datePublished\":\"2025-07-27T05:06:00+00:00\",\"dateModified\":\"2025-06-22T15:03:32+00:00\",\"description\":\"Lihtne ja naturaalne rabarberikr\u00f5bedik gluteenivabade kaerahelvestega. T\u00e4iuslik magustoit kevadeks ja suveks \u2013 sobib ka hommikus\u00f6\u00f6giks! Valmib kookos\u00f5li, mandlijahu ja naturaalse magustajaga.\",\"breadcrumb\":{\"@id\":\"https:\/\/bio4you.eu\/retseptid\/toode\/rabarberikrobedik-gluteenivabade-kaerahelvestega\/#breadcrumb\"},\"inLanguage\":\"et\",\"potentialAction\":[{\"@type\":\"ReadAction\",\"target\":[\"https:\/\/bio4you.eu\/retseptid\/toode\/rabarberikrobedik-gluteenivabade-kaerahelvestega\/\"]}]},{\"@type\":\"ImageObject\",\"inLanguage\":\"et\",\"@id\":\"https:\/\/bio4you.eu\/retseptid\/toode\/rabarberikrobedik-gluteenivabade-kaerahelvestega\/#primaryimage\",\"url\":\"https:\/\/bio4you.eu\/retseptid\/wp-content\/uploads\/2025\/05\/Screenshot-2025-05-30-at-20.15.07.png\",\"contentUrl\":\"https:\/\/bio4you.eu\/retseptid\/wp-content\/uploads\/2025\/05\/Screenshot-2025-05-30-at-20.15.07.png\",\"width\":1004,\"height\":668,\"caption\":\"Magus-hapu rabarber t\u00e4iuslikult k\u00fcpsenud gluteenivaba kaerakattega \u2013 lihtne ja naturaalne retsept\"},{\"@type\":\"BreadcrumbList\",\"@id\":\"https:\/\/bio4you.eu\/retseptid\/toode\/rabarberikrobedik-gluteenivabade-kaerahelvestega\/#breadcrumb\",\"itemListElement\":[{\"@type\":\"ListItem\",\"position\":1,\"name\":\"Home\",\"item\":\"https:\/\/bio4you.eu\/retseptid\/\"},{\"@type\":\"ListItem\",\"position\":2,\"name\":\"Rabarberikr\u00f5bedik gluteenivabade kaerahelvestega\"}]},{\"@type\":\"WebSite\",\"@id\":\"https:\/\/bio4you.eu\/retseptid\/#website\",\"url\":\"https:\/\/bio4you.eu\/retseptid\/\",\"name\":\"bio4you.eu\/retseptid\",\"description\":\"\u00d6ko retseptid ise tegemiseks, looduslikest koostisainetest. Maitsev toit, iluhooldus, kodupuhastus ja aiandus.\",\"potentialAction\":[{\"@type\":\"SearchAction\",\"target\":{\"@type\":\"EntryPoint\",\"urlTemplate\":\"https:\/\/bio4you.eu\/retseptid\/?s={search_term_string}\"},\"query-input\":\"required name=search_term_string\"}],\"inLanguage\":\"et\"}]}<\/script>\n<!-- \/ Yoast SEO plugin. -->","yoast_head_json":{"title":"Rabarberikr\u00f5bedik gluteenivabade kaerahelvestega - bio4you.eu\/retseptid","description":"Lihtne ja naturaalne rabarberikr\u00f5bedik gluteenivabade kaerahelvestega. T\u00e4iuslik magustoit kevadeks ja suveks \u2013 sobib ka hommikus\u00f6\u00f6giks! Valmib kookos\u00f5li, mandlijahu ja naturaalse magustajaga.","robots":{"index":"index","follow":"follow","max-snippet":"max-snippet:-1","max-image-preview":"max-image-preview:large","max-video-preview":"max-video-preview:-1"},"canonical":"https:\/\/bio4you.eu\/retseptid\/toode\/rabarberikrobedik-gluteenivabade-kaerahelvestega\/","og_locale":"et_EE","og_type":"article","og_title":"Rabarberi-kaerahelbekr\u00f5bedik \u2013 kevadine klassika","og_description":"Magus-hapu rabarberikooslus, kr\u00f5bedaks k\u00fcpsenud kaerahelbekatte all \u2013 gluteenivaba ja 100% taimne. Proovi kindlasti kevade lemmikut uues v\u00f5tmes!","og_url":"https:\/\/bio4you.eu\/retseptid\/toode\/rabarberikrobedik-gluteenivabade-kaerahelvestega\/","og_site_name":"bio4you.eu\/retseptid","article_modified_time":"2025-06-22T15:03:32+00:00","og_image":[{"width":1004,"height":668,"url":"https:\/\/bio4you.eu\/retseptid\/wp-content\/uploads\/2025\/05\/Screenshot-2025-05-30-at-20.15.07.png","type":"image\/png"}],"twitter_misc":{"Est. reading time":"1 minut"},"schema":{"@context":"https:\/\/schema.org","@graph":[{"@type":"WebPage","@id":"https:\/\/bio4you.eu\/retseptid\/toode\/rabarberikrobedik-gluteenivabade-kaerahelvestega\/","url":"https:\/\/bio4you.eu\/retseptid\/toode\/rabarberikrobedik-gluteenivabade-kaerahelvestega\/","name":"Rabarberikr\u00f5bedik gluteenivabade kaerahelvestega - bio4you.eu\/retseptid","isPartOf":{"@id":"https:\/\/bio4you.eu\/retseptid\/#website"},"primaryImageOfPage":{"@id":"https:\/\/bio4you.eu\/retseptid\/toode\/rabarberikrobedik-gluteenivabade-kaerahelvestega\/#primaryimage"},"image":{"@id":"https:\/\/bio4you.eu\/retseptid\/toode\/rabarberikrobedik-gluteenivabade-kaerahelvestega\/#primaryimage"},"thumbnailUrl":"https:\/\/bio4you.eu\/retseptid\/wp-content\/uploads\/2025\/05\/Screenshot-2025-05-30-at-20.15.07.png","datePublished":"2025-07-27T05:06:00+00:00","dateModified":"2025-06-22T15:03:32+00:00","description":"Lihtne ja naturaalne rabarberikr\u00f5bedik gluteenivabade kaerahelvestega. T\u00e4iuslik magustoit kevadeks ja suveks \u2013 sobib ka hommikus\u00f6\u00f6giks! Valmib kookos\u00f5li, mandlijahu ja naturaalse magustajaga.","breadcrumb":{"@id":"https:\/\/bio4you.eu\/retseptid\/toode\/rabarberikrobedik-gluteenivabade-kaerahelvestega\/#breadcrumb"},"inLanguage":"et","potentialAction":[{"@type":"ReadAction","target":["https:\/\/bio4you.eu\/retseptid\/toode\/rabarberikrobedik-gluteenivabade-kaerahelvestega\/"]}]},{"@type":"ImageObject","inLanguage":"et","@id":"https:\/\/bio4you.eu\/retseptid\/toode\/rabarberikrobedik-gluteenivabade-kaerahelvestega\/#primaryimage","url":"https:\/\/bio4you.eu\/retseptid\/wp-content\/uploads\/2025\/05\/Screenshot-2025-05-30-at-20.15.07.png","contentUrl":"https:\/\/bio4you.eu\/retseptid\/wp-content\/uploads\/2025\/05\/Screenshot-2025-05-30-at-20.15.07.png","width":1004,"height":668,"caption":"Magus-hapu rabarber t\u00e4iuslikult k\u00fcpsenud gluteenivaba kaerakattega \u2013 lihtne ja naturaalne retsept"},{"@type":"BreadcrumbList","@id":"https:\/\/bio4you.eu\/retseptid\/toode\/rabarberikrobedik-gluteenivabade-kaerahelvestega\/#breadcrumb","itemListElement":[{"@type":"ListItem","position":1,"name":"Home","item":"https:\/\/bio4you.eu\/retseptid\/"},{"@type":"ListItem","position":2,"name":"Rabarberikr\u00f5bedik gluteenivabade kaerahelvestega"}]},{"@type":"WebSite","@id":"https:\/\/bio4you.eu\/retseptid\/#website","url":"https:\/\/bio4you.eu\/retseptid\/","name":"bio4you.eu\/retseptid","description":"\u00d6ko retseptid ise tegemiseks, looduslikest koostisainetest. Maitsev toit, iluhooldus, kodupuhastus ja aiandus.","potentialAction":[{"@type":"SearchAction","target":{"@type":"EntryPoint","urlTemplate":"https:\/\/bio4you.eu\/retseptid\/?s={search_term_string}"},"query-input":"required name=search_term_string"}],"inLanguage":"et"}]}},"_links":{"self":[{"href":"https:\/\/bio4you.eu\/retseptid\/wp-json\/wp\/v2\/product\/4406"}],"collection":[{"href":"https:\/\/bio4you.eu\/retseptid\/wp-json\/wp\/v2\/product"}],"about":[{"href":"https:\/\/bio4you.eu\/retseptid\/wp-json\/wp\/v2\/types\/product"}],"replies":[{"embeddable":true,"href":"https:\/\/bio4you.eu\/retseptid\/wp-json\/wp\/v2\/comments?post=4406"}],"wp:featuredmedia":[{"embeddable":true,"href":"https:\/\/bio4you.eu\/retseptid\/wp-json\/wp\/v2\/media\/4407"}],"wp:attachment":[{"href":"https:\/\/bio4you.eu\/retseptid\/wp-json\/wp\/v2\/media?parent=4406"}],"wp:term":[{"taxonomy":"product_cat","embeddable":true,"href":"https:\/\/bio4you.eu\/retseptid\/wp-json\/wp\/v2\/product_cat?post=4406"},{"taxonomy":"product_tag","embeddable":true,"href":"https:\/\/bio4you.eu\/retseptid\/wp-json\/wp\/v2\/product_tag?post=4406"}],"curies":[{"name":"wp","href":"https:\/\/api.w.org\/{rel}","templated":true}]}}